{"id":3442,"date":"2023-05-04T08:31:44","date_gmt":"2023-05-04T08:31:44","guid":{"rendered":"https:\/\/www.gunmeplug.com\/?post_type=product&#038;p=3442"},"modified":"2023-05-04T09:41:49","modified_gmt":"2023-05-04T09:41:49","slug":"mft-standard-capacity-polymer-30-rd-magazine-scpm556","status":"publish","type":"product","link":"https:\/\/www.gunmeplug.com\/vi\/san-pham-2\/mft-standard-capacity-polymer-30-rd-magazine-scpm556\/","title":{"rendered":"MFT Standard Capacity Polymer 30 RD Magazine SCPM556"},"content":{"rendered":"<h3 class=\"tab_content_head\">CHI TI\u1ebeT<\/h3>\n<div class=\"product attribute description\">\n<div class=\"value\">\n<p>T\u1ea1p ch\u00ed MFT Dung l\u01b0\u1ee3ng ti\u00eau chu\u1ea9n Polymer 30 RD SCPM556 l\u00e0 t\u1ea1p ch\u00ed 5,56 NATO \u0111\u01b0\u1ee3c thi\u1ebft k\u1ebf nh\u01b0 m\u1ed9t c\u1ea3i ti\u1ebfn c\u1ee7a thi\u1ebft k\u1ebf STANAG ti\u00eau chu\u1ea9n. Th\u00e1o g\u1ee1 kh\u00f4ng c\u1ea7n d\u1ee5ng c\u1ee5. B\u1ea3o h\u00e0nh tr\u1ecdn \u0111\u1eddi v\u00e0 s\u1ea3n xu\u1ea5t t\u1ea1i M\u1ef9!<\/p>\n<p><strong>T\u00ednh n\u0103ng s\u1ea3n ph\u1ea9m:<\/strong><\/p>\n<ul>\n<li>K\u1ebft c\u1ea5u ch\u1ea5m bi MFT<\/li>\n<li>C\u1ea5u h\u00ecnh th\u1ea5p x\u01b0\u01a1ng s\u01b0\u1eddn k\u1ebft c\u1ea5u ph\u00eda tr\u01b0\u1edbc<\/li>\n<li>T\u1ea5m s\u00e0n loe<\/li>\n<li>B\u00fat s\u01a1n ma tr\u1eadn \u0111i\u1ec3m tr\u00ean t\u1ea5m s\u00e0n<\/li>\n<li>L\u1ed7 tho\u00e1t n\u01b0\u1edbc<\/li>\n<li>Th\u00e1o g\u1ee1 kh\u00f4ng c\u1ea7n d\u1ee5ng c\u1ee5 v\u1edbi c\u00e1c m\u1ea5u nh\u1ea3 an to\u00e0n cho t\u1ea5m s\u00e0n \u0111\u00f4i<\/li>\n<li>\u0111\u1ed5 \u0111\u1ea1n nhanh<\/li>\n<li>L\u00f2 xo inox tu\u1ed5i th\u1ecd cao<\/li>\n<li>Thanh ch\u1ed1ng nghi\u00eang b\u1ed1n chi\u1ec1u<\/li>\n<li>qu\u00e1 kh\u1ed5 mag b\u1eaft<\/li>\n<\/ul>\n<\/div>\n<\/div>","protected":false},"excerpt":{"rendered":"<p>DETAILS The MFT Standard Capacity Polymer 30 RD Magazine SCPM556 is a 5.56 NATO magazine engineered as an enhancement of the standard STANAG design. Disassembly requires no tools. Lifetime warranty and made in the USA! Product Features: MFT stipple texture Low profile ribs front texture Flared floor plate Paint Pen dot matrix on floor plate [&hellip;]<\/p>","protected":false},"featured_media":3447,"template":"","meta":{"_acf_changed":false,"_joinchat":[]},"product_brand":[],"product_cat":[332,331],"product_tag":[],"class_list":{"0":"post-3442","1":"product","2":"type-product","3":"status-publish","4":"has-post-thumbnail","6":"product_cat-accessories","7":"product_cat-magazines","9":"first","10":"instock","11":"shipping-taxable","12":"purchasable","13":"product-type-simple"},"acf":[],"yoast_head":"<!-- This site is optimized with the Yoast SEO plugin v26.3 - https:\/\/yoast.com\/wordpress\/plugins\/seo\/ -->\n<title>MFT Standard Capacity Polymer 30 RD Magazine SCPM556 - Buy gun online USA<\/title>\n<meta name=\"robots\" content=\"index, follow, max-snippet:-1, max-image-preview:large, max-video-preview:-1\" \/>\n<link rel=\"canonical\" href=\"https:\/\/www.gunmeplug.com\/vi\/san-pham-2\/mft-standard-capacity-polymer-30-rd-magazine-scpm556\/\" \/>\n<meta property=\"og:locale\" content=\"vi_VN\" \/>\n<meta property=\"og:type\" content=\"article\" \/>\n<meta property=\"og:title\" content=\"MFT Standard Capacity Polymer 30 RD Magazine SCPM556 - Buy gun online USA\" \/>\n<meta property=\"og:description\" content=\"DETAILS The MFT Standard Capacity Polymer 30 RD Magazine SCPM556 is a 5.56 NATO magazine engineered as an enhancement of the standard STANAG design. Disassembly requires no tools. Lifetime warranty and made in the USA! Product Features: MFT stipple texture Low profile ribs front texture Flared floor plate Paint Pen dot matrix on floor plate [&hellip;]\" \/>\n<meta property=\"og:url\" content=\"https:\/\/www.gunmeplug.com\/vi\/san-pham-2\/mft-standard-capacity-polymer-30-rd-magazine-scpm556\/\" \/>\n<meta property=\"og:site_name\" content=\"Buy gun online USA\" \/>\n<meta property=\"article:modified_time\" content=\"2023-05-04T09:41:49+00:00\" \/>\n<meta property=\"og:image\" content=\"https:\/\/www.gunmeplug.com\/wp-content\/uploads\/2023\/05\/MFT-Standard-Capacity-Polymer.jpg\" \/>\n\t<meta property=\"og:image:width\" content=\"600\" \/>\n\t<meta property=\"og:image:height\" content=\"600\" \/>\n\t<meta property=\"og:image:type\" content=\"image\/jpeg\" \/>\n<meta name=\"twitter:card\" content=\"summary_large_image\" \/>\n<script type=\"application\/ld+json\" class=\"yoast-schema-graph\">{\"@context\":\"https:\/\/schema.org\",\"@graph\":[{\"@type\":\"WebPage\",\"@id\":\"https:\/\/www.gunmeplug.com\/da\/produkt\/mft-standard-kapacitet-polymer-30-rd-magasin-scpm556\/\",\"url\":\"https:\/\/www.gunmeplug.com\/da\/produkt\/mft-standard-kapacitet-polymer-30-rd-magasin-scpm556\/\",\"name\":\"MFT Standard Capacity Polymer 30 RD Magazine SCPM556 - Buy gun online USA\",\"isPartOf\":{\"@id\":\"https:\/\/www.gunmeplug.com\/#website\"},\"primaryImageOfPage\":{\"@id\":\"https:\/\/www.gunmeplug.com\/da\/produkt\/mft-standard-kapacitet-polymer-30-rd-magasin-scpm556\/#primaryimage\"},\"image\":{\"@id\":\"https:\/\/www.gunmeplug.com\/da\/produkt\/mft-standard-kapacitet-polymer-30-rd-magasin-scpm556\/#primaryimage\"},\"thumbnailUrl\":\"https:\/\/www.gunmeplug.com\/wp-content\/uploads\/2023\/05\/MFT-Standard-Capacity-Polymer.jpg\",\"datePublished\":\"2023-05-04T08:31:44+00:00\",\"dateModified\":\"2023-05-04T09:41:49+00:00\",\"breadcrumb\":{\"@id\":\"https:\/\/www.gunmeplug.com\/da\/produkt\/mft-standard-kapacitet-polymer-30-rd-magasin-scpm556\/#breadcrumb\"},\"inLanguage\":\"vi\",\"potentialAction\":[{\"@type\":\"ReadAction\",\"target\":[\"https:\/\/www.gunmeplug.com\/da\/produkt\/mft-standard-kapacitet-polymer-30-rd-magasin-scpm556\/\"]}]},{\"@type\":\"ImageObject\",\"inLanguage\":\"vi\",\"@id\":\"https:\/\/www.gunmeplug.com\/da\/produkt\/mft-standard-kapacitet-polymer-30-rd-magasin-scpm556\/#primaryimage\",\"url\":\"https:\/\/www.gunmeplug.com\/wp-content\/uploads\/2023\/05\/MFT-Standard-Capacity-Polymer.jpg\",\"contentUrl\":\"https:\/\/www.gunmeplug.com\/wp-content\/uploads\/2023\/05\/MFT-Standard-Capacity-Polymer.jpg\",\"width\":600,\"height\":600,\"caption\":\"MFT-Standard-Capacity-Polymer\"},{\"@type\":\"BreadcrumbList\",\"@id\":\"https:\/\/www.gunmeplug.com\/da\/produkt\/mft-standard-kapacitet-polymer-30-rd-magasin-scpm556\/#breadcrumb\",\"itemListElement\":[{\"@type\":\"ListItem\",\"position\":1,\"name\":\"Home\",\"item\":\"https:\/\/www.gunmeplug.com\/es\/\"},{\"@type\":\"ListItem\",\"position\":2,\"name\":\"Shop\",\"item\":\"https:\/\/www.gunmeplug.com\/es\/shop\/\"},{\"@type\":\"ListItem\",\"position\":3,\"name\":\"MFT Standard Capacity Polymer 30 RD Magazine SCPM556\"}]},{\"@type\":\"WebSite\",\"@id\":\"https:\/\/www.gunmeplug.com\/#website\",\"url\":\"https:\/\/www.gunmeplug.com\/\",\"name\":\"Buy gun online USA\",\"description\":\"FireArms for sale online \",\"potentialAction\":[{\"@type\":\"SearchAction\",\"target\":{\"@type\":\"EntryPoint\",\"urlTemplate\":\"https:\/\/www.gunmeplug.com\/?s={search_term_string}\"},\"query-input\":{\"@type\":\"PropertyValueSpecification\",\"valueRequired\":true,\"valueName\":\"search_term_string\"}}],\"inLanguage\":\"vi\"}]}<\/script>\n<!-- \/ Yoast SEO plugin. -->","yoast_head_json":{"title":"MFT Standard Capacity Polymer 30 RD Magazine SCPM556 - Buy gun online USA","robots":{"index":"index","follow":"follow","max-snippet":"max-snippet:-1","max-image-preview":"max-image-preview:large","max-video-preview":"max-video-preview:-1"},"canonical":"https:\/\/www.gunmeplug.com\/vi\/san-pham-2\/mft-standard-capacity-polymer-30-rd-magazine-scpm556\/","og_locale":"vi_VN","og_type":"article","og_title":"MFT Standard Capacity Polymer 30 RD Magazine SCPM556 - Buy gun online USA","og_description":"DETAILS The MFT Standard Capacity Polymer 30 RD Magazine SCPM556 is a 5.56 NATO magazine engineered as an enhancement of the standard STANAG design. Disassembly requires no tools. Lifetime warranty and made in the USA! Product Features: MFT stipple texture Low profile ribs front texture Flared floor plate Paint Pen dot matrix on floor plate [&hellip;]","og_url":"https:\/\/www.gunmeplug.com\/vi\/san-pham-2\/mft-standard-capacity-polymer-30-rd-magazine-scpm556\/","og_site_name":"Buy gun online USA","article_modified_time":"2023-05-04T09:41:49+00:00","og_image":[{"width":600,"height":600,"url":"https:\/\/www.gunmeplug.com\/wp-content\/uploads\/2023\/05\/MFT-Standard-Capacity-Polymer.jpg","type":"image\/jpeg"}],"twitter_card":"summary_large_image","schema":{"@context":"https:\/\/schema.org","@graph":[{"@type":"WebPage","@id":"https:\/\/www.gunmeplug.com\/da\/produkt\/mft-standard-kapacitet-polymer-30-rd-magasin-scpm556\/","url":"https:\/\/www.gunmeplug.com\/da\/produkt\/mft-standard-kapacitet-polymer-30-rd-magasin-scpm556\/","name":"MFT Standard Capacity Polymer 30 RD Magazine SCPM556 - Buy gun online USA","isPartOf":{"@id":"https:\/\/www.gunmeplug.com\/#website"},"primaryImageOfPage":{"@id":"https:\/\/www.gunmeplug.com\/da\/produkt\/mft-standard-kapacitet-polymer-30-rd-magasin-scpm556\/#primaryimage"},"image":{"@id":"https:\/\/www.gunmeplug.com\/da\/produkt\/mft-standard-kapacitet-polymer-30-rd-magasin-scpm556\/#primaryimage"},"thumbnailUrl":"https:\/\/www.gunmeplug.com\/wp-content\/uploads\/2023\/05\/MFT-Standard-Capacity-Polymer.jpg","datePublished":"2023-05-04T08:31:44+00:00","dateModified":"2023-05-04T09:41:49+00:00","breadcrumb":{"@id":"https:\/\/www.gunmeplug.com\/da\/produkt\/mft-standard-kapacitet-polymer-30-rd-magasin-scpm556\/#breadcrumb"},"inLanguage":"vi","potentialAction":[{"@type":"ReadAction","target":["https:\/\/www.gunmeplug.com\/da\/produkt\/mft-standard-kapacitet-polymer-30-rd-magasin-scpm556\/"]}]},{"@type":"ImageObject","inLanguage":"vi","@id":"https:\/\/www.gunmeplug.com\/da\/produkt\/mft-standard-kapacitet-polymer-30-rd-magasin-scpm556\/#primaryimage","url":"https:\/\/www.gunmeplug.com\/wp-content\/uploads\/2023\/05\/MFT-Standard-Capacity-Polymer.jpg","contentUrl":"https:\/\/www.gunmeplug.com\/wp-content\/uploads\/2023\/05\/MFT-Standard-Capacity-Polymer.jpg","width":600,"height":600,"caption":"MFT-Standard-Capacity-Polymer"},{"@type":"BreadcrumbList","@id":"https:\/\/www.gunmeplug.com\/da\/produkt\/mft-standard-kapacitet-polymer-30-rd-magasin-scpm556\/#breadcrumb","itemListElement":[{"@type":"ListItem","position":1,"name":"Home","item":"https:\/\/www.gunmeplug.com\/es\/"},{"@type":"ListItem","position":2,"name":"Shop","item":"https:\/\/www.gunmeplug.com\/es\/shop\/"},{"@type":"ListItem","position":3,"name":"MFT Standard Capacity Polymer 30 RD Magazine SCPM556"}]},{"@type":"WebSite","@id":"https:\/\/www.gunmeplug.com\/#website","url":"https:\/\/www.gunmeplug.com\/","name":"Mua s\u00fang tr\u1ef1c tuy\u1ebfn Hoa K\u1ef3","description":"FireArms for sale online","potentialAction":[{"@type":"SearchAction","target":{"@type":"EntryPoint","urlTemplate":"https:\/\/www.gunmeplug.com\/?s={search_term_string}"},"query-input":{"@type":"PropertyValueSpecification","valueRequired":true,"valueName":"search_term_string"}}],"inLanguage":"vi"}]}},"_links":{"self":[{"href":"https:\/\/www.gunmeplug.com\/vi\/wp-json\/wp\/v2\/product\/3442","targetHints":{"allow":["GET"]}}],"collection":[{"href":"https:\/\/www.gunmeplug.com\/vi\/wp-json\/wp\/v2\/product"}],"about":[{"href":"https:\/\/www.gunmeplug.com\/vi\/wp-json\/wp\/v2\/types\/product"}],"wp:featuredmedia":[{"embeddable":true,"href":"https:\/\/www.gunmeplug.com\/vi\/wp-json\/wp\/v2\/media\/3447"}],"wp:attachment":[{"href":"https:\/\/www.gunmeplug.com\/vi\/wp-json\/wp\/v2\/media?parent=3442"}],"wp:term":[{"taxonomy":"product_brand","embeddable":true,"href":"https:\/\/www.gunmeplug.com\/vi\/wp-json\/wp\/v2\/product_brand?post=3442"},{"taxonomy":"product_cat","embeddable":true,"href":"https:\/\/www.gunmeplug.com\/vi\/wp-json\/wp\/v2\/product_cat?post=3442"},{"taxonomy":"product_tag","embeddable":true,"href":"https:\/\/www.gunmeplug.com\/vi\/wp-json\/wp\/v2\/product_tag?post=3442"}],"curies":[{"name":"wp","href":"https:\/\/api.w.org\/{rel}","templated":true}]}}