{"id":3441,"date":"2023-05-04T08:31:48","date_gmt":"2023-05-04T08:31:48","guid":{"rendered":"https:\/\/www.gunmeplug.com\/?post_type=product&#038;p=3441"},"modified":"2023-05-04T09:40:57","modified_gmt":"2023-05-04T09:40:57","slug":"magpul-pmag-m2-moe-223-5-56-30-round-magazine-mag571-blk","status":"publish","type":"product","link":"https:\/\/www.gunmeplug.com\/vi\/san-pham-2\/magpul-pmag-m2-moe-223-5-56-30-round-magazine-mag571-blk\/","title":{"rendered":"Magpul PMAG M2 MOE .223\/5.56 30 Round Magazine MAG571-BLK"},"content":{"rendered":"<h3 class=\"tab_content_head\">CHI TI\u1ebeT<\/h3>\n<div class=\"product attribute description\">\n<div class=\"value\">\n<p>The PMAG 30 AR\/M4 GEN M2 MOE is a 30-round 5.56&#215;45 NATO (.223 Remington) AR15\/M4 compatible magazine that offers a cost competitive upgrade from the aluminum USGI.<\/p>\n<p>N\u00f3 c\u00f3 c\u1ea5u tr\u00fac polyme ch\u1ed1ng va \u0111\u1eadp, thi\u1ebft k\u1ebf d\u1ec5 th\u00e1o r\u1eddi v\u1edbi t\u1ea5m s\u00e0n loe \u0111\u1ec3 tr\u00edch xu\u1ea5t t\u1ea1p ch\u00ed t\u00edch c\u1ef1c, l\u00f2 xo b\u1eb1ng th\u00e9p kh\u00f4ng g\u1ec9 \u0111\u00e0n h\u1ed3i \u0111\u1ec3 ch\u1ed1ng \u0103n m\u00f2n v\u00e0 b\u1ed9 ph\u1eadn theo d\u00f5i ch\u1ed1ng nghi\u00eang, t\u1ef1 b\u00f4i tr\u01a1n \u0111\u1ec3 t\u0103ng \u0111\u1ed9 tin c\u1eady.<\/p>\n<h3>\u0110\u1eb7c tr\u01b0ng:<\/h3>\n<ul class=\"disc\">\n<li>\u0110\u01b0\u1ee3c t\u1ed1i \u01b0u h\u00f3a \u0111\u1ec3 s\u1eed d\u1ee5ng v\u1edbi s\u00fang Colt-spec AR15\/M4<\/li>\n<li>X\u00e2y d\u1ef1ng polymer ch\u1ed1ng va \u0111\u1eadp v\u00e0 nghi\u1ec1n n\u00e1t<\/li>\n<li>H\u00ecnh h\u1ecdc b\u00ean trong \u0111\u01b0\u1eddng cong kh\u00f4ng \u0111\u1ed5i \u0111\u1ec3 cho \u0103n tr\u01a1n tru<\/li>\n<li>Ch\u1ed1ng nghi\u00eang, t\u1ef1 b\u00f4i tr\u01a1n \u0111\u1ec3 t\u0103ng \u0111\u1ed9 tin c\u1eady<\/li>\n<li>L\u00f2 xo th\u00e9p kh\u00f4ng g\u1ec9 USGI-spec ch\u1ed1ng \u0103n m\u00f2n v\u00e0 kh\u1ea3 n\u0103ng t\u01b0\u01a1ng th\u00edch t\u1ea1i hi\u1ec7n tr\u01b0\u1eddng<\/li>\n<li>B\u1ec1 m\u1eb7t k\u1eb9p c\u00f3 k\u1ebft c\u1ea5u v\u00e0 t\u1ea5m s\u00e0n loe \u0111\u1ec3 x\u1eed l\u00fd t\u1ea1p ch\u00ed t\u00edch c\u1ef1c v\u00e0 th\u00e1o g\u1ee1 d\u1ec5 d\u00e0ng<\/li>\n<\/ul>\n<\/div>\n<\/div>","protected":false},"excerpt":{"rendered":"<p>DETAILS The PMAG 30 AR\/M4 GEN M2 MOE is a 30-round 5.56&#215;45 NATO (.223 Remington) AR15\/M4 compatible magazine that offers a cost competitive upgrade from the aluminum USGI. It features an impact resistant polymer construction, easy to disassemble design with a flared floorplate for positive magazine extraction, resilient stainless steel spring for corrosion resistance, and [&hellip;]<\/p>","protected":false},"featured_media":3446,"template":"","meta":{"_acf_changed":false,"_joinchat":[]},"product_brand":[],"product_cat":[332,331],"product_tag":[],"class_list":{"0":"post-3441","1":"product","2":"type-product","3":"status-publish","4":"has-post-thumbnail","6":"product_cat-accessories","7":"product_cat-magazines","9":"first","10":"instock","11":"shipping-taxable","12":"purchasable","13":"product-type-simple"},"acf":[],"yoast_head":"<!-- This site is optimized with the Yoast SEO plugin v26.3 - https:\/\/yoast.com\/wordpress\/plugins\/seo\/ -->\n<title>Magpul PMAG M2 MOE .223\/5.56 30 Round Magazine MAG571-BLK - Buy gun online USA<\/title>\n<meta name=\"robots\" content=\"index, follow, max-snippet:-1, max-image-preview:large, max-video-preview:-1\" \/>\n<link rel=\"canonical\" href=\"https:\/\/www.gunmeplug.com\/vi\/san-pham-2\/magpul-pmag-m2-moe-223-5-56-30-round-magazine-mag571-blk\/\" \/>\n<meta property=\"og:locale\" content=\"vi_VN\" \/>\n<meta property=\"og:type\" content=\"article\" \/>\n<meta property=\"og:title\" content=\"Magpul PMAG M2 MOE .223\/5.56 30 Round Magazine MAG571-BLK - Buy gun online USA\" \/>\n<meta property=\"og:description\" content=\"DETAILS The PMAG 30 AR\/M4 GEN M2 MOE is a 30-round 5.56&#215;45 NATO (.223 Remington) AR15\/M4 compatible magazine that offers a cost competitive upgrade from the aluminum USGI. It features an impact resistant polymer construction, easy to disassemble design with a flared floorplate for positive magazine extraction, resilient stainless steel spring for corrosion resistance, and [&hellip;]\" \/>\n<meta property=\"og:url\" content=\"https:\/\/www.gunmeplug.com\/vi\/san-pham-2\/magpul-pmag-m2-moe-223-5-56-30-round-magazine-mag571-blk\/\" \/>\n<meta property=\"og:site_name\" content=\"Buy gun online USA\" \/>\n<meta property=\"article:modified_time\" content=\"2023-05-04T09:40:57+00:00\" \/>\n<meta property=\"og:image\" content=\"https:\/\/www.gunmeplug.com\/wp-content\/uploads\/2023\/05\/Magpul-PMAG-M2-MOE.jpg\" \/>\n\t<meta property=\"og:image:width\" content=\"600\" \/>\n\t<meta property=\"og:image:height\" content=\"600\" \/>\n\t<meta property=\"og:image:type\" content=\"image\/jpeg\" \/>\n<meta name=\"twitter:card\" content=\"summary_large_image\" \/>\n<meta name=\"twitter:label1\" content=\"\u01af\u1edbc t\u00ednh th\u1eddi gian \u0111\u1ecdc\" \/>\n\t<meta name=\"twitter:data1\" content=\"1 ph\u00fat\" \/>\n<script type=\"application\/ld+json\" class=\"yoast-schema-graph\">{\"@context\":\"https:\/\/schema.org\",\"@graph\":[{\"@type\":\"WebPage\",\"@id\":\"https:\/\/www.gunmeplug.com\/es\/producto\/magpul-pmag-m2-moe-223-5-56-30-round-magazine-mag571-blk\/\",\"url\":\"https:\/\/www.gunmeplug.com\/es\/producto\/magpul-pmag-m2-moe-223-5-56-30-round-magazine-mag571-blk\/\",\"name\":\"Magpul PMAG M2 MOE .223\/5.56 30 Round Magazine MAG571-BLK - Buy gun online USA\",\"isPartOf\":{\"@id\":\"https:\/\/www.gunmeplug.com\/#website\"},\"primaryImageOfPage\":{\"@id\":\"https:\/\/www.gunmeplug.com\/es\/producto\/magpul-pmag-m2-moe-223-5-56-30-round-magazine-mag571-blk\/#primaryimage\"},\"image\":{\"@id\":\"https:\/\/www.gunmeplug.com\/es\/producto\/magpul-pmag-m2-moe-223-5-56-30-round-magazine-mag571-blk\/#primaryimage\"},\"thumbnailUrl\":\"https:\/\/www.gunmeplug.com\/wp-content\/uploads\/2023\/05\/Magpul-PMAG-M2-MOE.jpg\",\"datePublished\":\"2023-05-04T08:31:48+00:00\",\"dateModified\":\"2023-05-04T09:40:57+00:00\",\"breadcrumb\":{\"@id\":\"https:\/\/www.gunmeplug.com\/es\/producto\/magpul-pmag-m2-moe-223-5-56-30-round-magazine-mag571-blk\/#breadcrumb\"},\"inLanguage\":\"vi\",\"potentialAction\":[{\"@type\":\"ReadAction\",\"target\":[\"https:\/\/www.gunmeplug.com\/es\/producto\/magpul-pmag-m2-moe-223-5-56-30-round-magazine-mag571-blk\/\"]}]},{\"@type\":\"ImageObject\",\"inLanguage\":\"vi\",\"@id\":\"https:\/\/www.gunmeplug.com\/es\/producto\/magpul-pmag-m2-moe-223-5-56-30-round-magazine-mag571-blk\/#primaryimage\",\"url\":\"https:\/\/www.gunmeplug.com\/wp-content\/uploads\/2023\/05\/Magpul-PMAG-M2-MOE.jpg\",\"contentUrl\":\"https:\/\/www.gunmeplug.com\/wp-content\/uploads\/2023\/05\/Magpul-PMAG-M2-MOE.jpg\",\"width\":600,\"height\":600,\"caption\":\"Magpul-PMAG-M2-MOE\"},{\"@type\":\"BreadcrumbList\",\"@id\":\"https:\/\/www.gunmeplug.com\/es\/producto\/magpul-pmag-m2-moe-223-5-56-30-round-magazine-mag571-blk\/#breadcrumb\",\"itemListElement\":[{\"@type\":\"ListItem\",\"position\":1,\"name\":\"Home\",\"item\":\"https:\/\/www.gunmeplug.com\/es\/\"},{\"@type\":\"ListItem\",\"position\":2,\"name\":\"Shop\",\"item\":\"https:\/\/www.gunmeplug.com\/es\/shop\/\"},{\"@type\":\"ListItem\",\"position\":3,\"name\":\"Magpul PMAG M2 MOE .223\/5.56 30 Round Magazine MAG571-BLK\"}]},{\"@type\":\"WebSite\",\"@id\":\"https:\/\/www.gunmeplug.com\/#website\",\"url\":\"https:\/\/www.gunmeplug.com\/\",\"name\":\"Buy gun online USA\",\"description\":\"FireArms for sale online \",\"potentialAction\":[{\"@type\":\"SearchAction\",\"target\":{\"@type\":\"EntryPoint\",\"urlTemplate\":\"https:\/\/www.gunmeplug.com\/?s={search_term_string}\"},\"query-input\":{\"@type\":\"PropertyValueSpecification\",\"valueRequired\":true,\"valueName\":\"search_term_string\"}}],\"inLanguage\":\"vi\"}]}<\/script>\n<!-- \/ Yoast SEO plugin. -->","yoast_head_json":{"title":"Magpul PMAG M2 MOE .223\/5.56 30 Round Magazine MAG571-BLK - Buy gun online USA","robots":{"index":"index","follow":"follow","max-snippet":"max-snippet:-1","max-image-preview":"max-image-preview:large","max-video-preview":"max-video-preview:-1"},"canonical":"https:\/\/www.gunmeplug.com\/vi\/san-pham-2\/magpul-pmag-m2-moe-223-5-56-30-round-magazine-mag571-blk\/","og_locale":"vi_VN","og_type":"article","og_title":"Magpul PMAG M2 MOE .223\/5.56 30 Round Magazine MAG571-BLK - Buy gun online USA","og_description":"DETAILS The PMAG 30 AR\/M4 GEN M2 MOE is a 30-round 5.56&#215;45 NATO (.223 Remington) AR15\/M4 compatible magazine that offers a cost competitive upgrade from the aluminum USGI. It features an impact resistant polymer construction, easy to disassemble design with a flared floorplate for positive magazine extraction, resilient stainless steel spring for corrosion resistance, and [&hellip;]","og_url":"https:\/\/www.gunmeplug.com\/vi\/san-pham-2\/magpul-pmag-m2-moe-223-5-56-30-round-magazine-mag571-blk\/","og_site_name":"Buy gun online USA","article_modified_time":"2023-05-04T09:40:57+00:00","og_image":[{"width":600,"height":600,"url":"https:\/\/www.gunmeplug.com\/wp-content\/uploads\/2023\/05\/Magpul-PMAG-M2-MOE.jpg","type":"image\/jpeg"}],"twitter_card":"summary_large_image","twitter_misc":{"\u01af\u1edbc t\u00ednh th\u1eddi gian \u0111\u1ecdc":"1 ph\u00fat"},"schema":{"@context":"https:\/\/schema.org","@graph":[{"@type":"WebPage","@id":"https:\/\/www.gunmeplug.com\/es\/producto\/magpul-pmag-m2-moe-223-5-56-30-round-magazine-mag571-blk\/","url":"https:\/\/www.gunmeplug.com\/es\/producto\/magpul-pmag-m2-moe-223-5-56-30-round-magazine-mag571-blk\/","name":"Magpul PMAG M2 MOE .223\/5.56 30 Round Magazine MAG571-BLK - Buy gun online USA","isPartOf":{"@id":"https:\/\/www.gunmeplug.com\/#website"},"primaryImageOfPage":{"@id":"https:\/\/www.gunmeplug.com\/es\/producto\/magpul-pmag-m2-moe-223-5-56-30-round-magazine-mag571-blk\/#primaryimage"},"image":{"@id":"https:\/\/www.gunmeplug.com\/es\/producto\/magpul-pmag-m2-moe-223-5-56-30-round-magazine-mag571-blk\/#primaryimage"},"thumbnailUrl":"https:\/\/www.gunmeplug.com\/wp-content\/uploads\/2023\/05\/Magpul-PMAG-M2-MOE.jpg","datePublished":"2023-05-04T08:31:48+00:00","dateModified":"2023-05-04T09:40:57+00:00","breadcrumb":{"@id":"https:\/\/www.gunmeplug.com\/es\/producto\/magpul-pmag-m2-moe-223-5-56-30-round-magazine-mag571-blk\/#breadcrumb"},"inLanguage":"vi","potentialAction":[{"@type":"ReadAction","target":["https:\/\/www.gunmeplug.com\/es\/producto\/magpul-pmag-m2-moe-223-5-56-30-round-magazine-mag571-blk\/"]}]},{"@type":"ImageObject","inLanguage":"vi","@id":"https:\/\/www.gunmeplug.com\/es\/producto\/magpul-pmag-m2-moe-223-5-56-30-round-magazine-mag571-blk\/#primaryimage","url":"https:\/\/www.gunmeplug.com\/wp-content\/uploads\/2023\/05\/Magpul-PMAG-M2-MOE.jpg","contentUrl":"https:\/\/www.gunmeplug.com\/wp-content\/uploads\/2023\/05\/Magpul-PMAG-M2-MOE.jpg","width":600,"height":600,"caption":"Magpul-PMAG-M2-MOE"},{"@type":"BreadcrumbList","@id":"https:\/\/www.gunmeplug.com\/es\/producto\/magpul-pmag-m2-moe-223-5-56-30-round-magazine-mag571-blk\/#breadcrumb","itemListElement":[{"@type":"ListItem","position":1,"name":"Home","item":"https:\/\/www.gunmeplug.com\/es\/"},{"@type":"ListItem","position":2,"name":"Shop","item":"https:\/\/www.gunmeplug.com\/es\/shop\/"},{"@type":"ListItem","position":3,"name":"Magpul PMAG M2 MOE .223\/5.56 30 Round Magazine MAG571-BLK"}]},{"@type":"WebSite","@id":"https:\/\/www.gunmeplug.com\/#website","url":"https:\/\/www.gunmeplug.com\/","name":"Mua s\u00fang tr\u1ef1c tuy\u1ebfn Hoa K\u1ef3","description":"FireArms for sale online","potentialAction":[{"@type":"SearchAction","target":{"@type":"EntryPoint","urlTemplate":"https:\/\/www.gunmeplug.com\/?s={search_term_string}"},"query-input":{"@type":"PropertyValueSpecification","valueRequired":true,"valueName":"search_term_string"}}],"inLanguage":"vi"}]}},"_links":{"self":[{"href":"https:\/\/www.gunmeplug.com\/vi\/wp-json\/wp\/v2\/product\/3441","targetHints":{"allow":["GET"]}}],"collection":[{"href":"https:\/\/www.gunmeplug.com\/vi\/wp-json\/wp\/v2\/product"}],"about":[{"href":"https:\/\/www.gunmeplug.com\/vi\/wp-json\/wp\/v2\/types\/product"}],"wp:featuredmedia":[{"embeddable":true,"href":"https:\/\/www.gunmeplug.com\/vi\/wp-json\/wp\/v2\/media\/3446"}],"wp:attachment":[{"href":"https:\/\/www.gunmeplug.com\/vi\/wp-json\/wp\/v2\/media?parent=3441"}],"wp:term":[{"taxonomy":"product_brand","embeddable":true,"href":"https:\/\/www.gunmeplug.com\/vi\/wp-json\/wp\/v2\/product_brand?post=3441"},{"taxonomy":"product_cat","embeddable":true,"href":"https:\/\/www.gunmeplug.com\/vi\/wp-json\/wp\/v2\/product_cat?post=3441"},{"taxonomy":"product_tag","embeddable":true,"href":"https:\/\/www.gunmeplug.com\/vi\/wp-json\/wp\/v2\/product_tag?post=3441"}],"curies":[{"name":"wp","href":"https:\/\/api.w.org\/{rel}","templated":true}]}}