{"id":3431,"date":"2023-05-04T08:16:28","date_gmt":"2023-05-04T08:16:28","guid":{"rendered":"https:\/\/www.gunmeplug.com\/?post_type=product&#038;p=3431"},"modified":"2023-05-04T09:43:12","modified_gmt":"2023-05-04T09:43:12","slug":"tulammo-223-rem-55-grain-fmj-steel-case-20-rounds-ta223550","status":"publish","type":"product","link":"https:\/\/www.gunmeplug.com\/vi\/san-pham-2\/tulammo-223-rem-55-grain-fmj-steel-case-20-rounds-ta223550\/","title":{"rendered":"TulAmmo .223 Rem, 55 Grain FMJ Steel Case, 20 Rounds TA223550"},"content":{"rendered":"<h3 class=\"tab_content_head\">CHI TI\u1ebeT<\/h3>\n<div class=\"product attribute description\">\n<div class=\"value\">\n<p>Tr\u00ean th\u1ef1c \u0111\u1ecba, \u1edf t\u1ea7m b\u1eafn ho\u1eb7c khi \u0111i s\u0103n, b\u1ea1n c\u00f3 th\u1ec3 tin t\u01b0\u1edfng TulAmmo s\u1ebd mang \u0111\u1ebfn c\u1ea5p \u0111\u1ed9 \u0111\u1ea1n \u0111\u1ea1o b\u00ean trong, b\u00ean ngo\u00e0i v\u00e0 \u0111\u1ea7u cu\u1ed1i v\u01b0\u1ee3t tr\u1ed9i, v\u1eadn t\u1ed1c \u1ed5n \u0111\u1ecbnh h\u01a1n v\u00e0 n\u0103ng l\u01b0\u1ee3ng \u0111\u01b0\u1ee3c gi\u1eef l\u1ea1i \u1ea5n t\u01b0\u1ee3ng \u1edf t\u1ea7m b\u1eafn xa so v\u1edbi kh\u1ea9u s\u00fang tr\u01b0\u1eddng y\u00eau th\u00edch c\u1ee7a b\u1ea1n, v\u1edbi gi\u00e1 tr\u1ecb-to-kh\u00f4ng th\u1ec3 so s\u00e1nh \u0111\u01b0\u1ee3c t\u1ef7 su\u1ea5t n\u0103ng su\u1ea5t. T\u1ea5t c\u1ea3 c\u00e1c h\u1ed9p \u0111\u1ea1n s\u00fang tr\u01b0\u1eddng TulAmmo \u0111\u1ec1u c\u00f3 v\u1ecf th\u00e9p, b\u1ecdc k\u1ebdm, s\u01a1n l\u00f3t Berdan kh\u00f4ng \u0103n m\u00f2n, v\u1edbi l\u1edbp ph\u1ee7 polymer ph\u1ed1t ph\u00e1t v\u00e0 l\u00f5i ch\u00ec.<\/p>\n<ul class=\"disc\">\n<li><strong>T\u1ea7m c\u1ee1:<\/strong>.223 Remington<\/li>\n<li><strong>Tr\u1ecdng l\u01b0\u1ee3ng\/Lo\u1ea1i \u0111\u1ea1n:<\/strong>55 Grain Full Metal Jacket<\/li>\n<li><strong>V\u1eadn t\u1ed1c g\u1ed1c c\u1ee7a \u0111\u1ea1n:<\/strong>3241 fps<\/li>\n<li><strong>S\u1ed1 l\u01b0\u1ee3ng:<\/strong>20 rds\/box<\/li>\n<li><strong>v\u1ecf b\u1ecdc:<\/strong>Berdan Primed Steel, non-reloadable<\/li>\n<\/ul>\n<\/div>\n<\/div>","protected":false},"excerpt":{"rendered":"<p>DETAILS In the field, at the range or on the hunt, you can trust TulAmmo to deliver a superior level of internal, external and terminal ballistics, more consistent velocities, and impressive retained energies downrange from your favorite rifle, with an unmatched value-to-performance ratio. All TulAmmo rifle cartridges are steel cased, zinc jacketed, non-corrosive Berdan primed, [&hellip;]<\/p>","protected":false},"featured_media":3437,"template":"","meta":{"_acf_changed":false,"_joinchat":[]},"product_brand":[],"product_cat":[332,330],"product_tag":[],"class_list":{"0":"post-3431","1":"product","2":"type-product","3":"status-publish","4":"has-post-thumbnail","6":"product_cat-accessories","7":"product_cat-bullets","9":"first","10":"instock","11":"shipping-taxable","12":"purchasable","13":"product-type-simple"},"acf":[],"yoast_head":"<!-- This site is optimized with the Yoast SEO plugin v26.3 - https:\/\/yoast.com\/wordpress\/plugins\/seo\/ -->\n<title>TulAmmo .223 Rem, 55 Grain FMJ Steel Case, 20 Rounds TA223550 - Buy gun online USA<\/title>\n<meta name=\"robots\" content=\"index, follow, max-snippet:-1, max-image-preview:large, max-video-preview:-1\" \/>\n<link rel=\"canonical\" href=\"https:\/\/www.gunmeplug.com\/vi\/san-pham-2\/tulammo-223-rem-55-grain-fmj-steel-case-20-rounds-ta223550\/\" \/>\n<meta property=\"og:locale\" content=\"vi_VN\" \/>\n<meta property=\"og:type\" content=\"article\" \/>\n<meta property=\"og:title\" content=\"TulAmmo .223 Rem, 55 Grain FMJ Steel Case, 20 Rounds TA223550 - Buy gun online USA\" \/>\n<meta property=\"og:description\" content=\"DETAILS In the field, at the range or on the hunt, you can trust TulAmmo to deliver a superior level of internal, external and terminal ballistics, more consistent velocities, and impressive retained energies downrange from your favorite rifle, with an unmatched value-to-performance ratio. All TulAmmo rifle cartridges are steel cased, zinc jacketed, non-corrosive Berdan primed, [&hellip;]\" \/>\n<meta property=\"og:url\" content=\"https:\/\/www.gunmeplug.com\/vi\/san-pham-2\/tulammo-223-rem-55-grain-fmj-steel-case-20-rounds-ta223550\/\" \/>\n<meta property=\"og:site_name\" content=\"Buy gun online USA\" \/>\n<meta property=\"article:modified_time\" content=\"2023-05-04T09:43:12+00:00\" \/>\n<meta property=\"og:image\" content=\"https:\/\/www.gunmeplug.com\/wp-content\/uploads\/2023\/05\/TulAmmo-.223-Rem-55-Grain.jpg\" \/>\n\t<meta property=\"og:image:width\" content=\"600\" \/>\n\t<meta property=\"og:image:height\" content=\"600\" \/>\n\t<meta property=\"og:image:type\" content=\"image\/jpeg\" \/>\n<meta name=\"twitter:card\" content=\"summary_large_image\" \/>\n<script type=\"application\/ld+json\" class=\"yoast-schema-graph\">{\"@context\":\"https:\/\/schema.org\",\"@graph\":[{\"@type\":\"WebPage\",\"@id\":\"https:\/\/www.gunmeplug.com\/es\/producto\/tulammo-223-rem-55-grain-fmj-steel-case-20-rounds-ta223550\/\",\"url\":\"https:\/\/www.gunmeplug.com\/es\/producto\/tulammo-223-rem-55-grain-fmj-steel-case-20-rounds-ta223550\/\",\"name\":\"TulAmmo .223 Rem, 55 Grain FMJ Steel Case, 20 Rounds TA223550 - Buy gun online USA\",\"isPartOf\":{\"@id\":\"https:\/\/www.gunmeplug.com\/#website\"},\"primaryImageOfPage\":{\"@id\":\"https:\/\/www.gunmeplug.com\/es\/producto\/tulammo-223-rem-55-grain-fmj-steel-case-20-rounds-ta223550\/#primaryimage\"},\"image\":{\"@id\":\"https:\/\/www.gunmeplug.com\/es\/producto\/tulammo-223-rem-55-grain-fmj-steel-case-20-rounds-ta223550\/#primaryimage\"},\"thumbnailUrl\":\"https:\/\/www.gunmeplug.com\/wp-content\/uploads\/2023\/05\/TulAmmo-.223-Rem-55-Grain.jpg\",\"datePublished\":\"2023-05-04T08:16:28+00:00\",\"dateModified\":\"2023-05-04T09:43:12+00:00\",\"breadcrumb\":{\"@id\":\"https:\/\/www.gunmeplug.com\/es\/producto\/tulammo-223-rem-55-grain-fmj-steel-case-20-rounds-ta223550\/#breadcrumb\"},\"inLanguage\":\"vi\",\"potentialAction\":[{\"@type\":\"ReadAction\",\"target\":[\"https:\/\/www.gunmeplug.com\/es\/producto\/tulammo-223-rem-55-grain-fmj-steel-case-20-rounds-ta223550\/\"]}]},{\"@type\":\"ImageObject\",\"inLanguage\":\"vi\",\"@id\":\"https:\/\/www.gunmeplug.com\/es\/producto\/tulammo-223-rem-55-grain-fmj-steel-case-20-rounds-ta223550\/#primaryimage\",\"url\":\"https:\/\/www.gunmeplug.com\/wp-content\/uploads\/2023\/05\/TulAmmo-.223-Rem-55-Grain.jpg\",\"contentUrl\":\"https:\/\/www.gunmeplug.com\/wp-content\/uploads\/2023\/05\/TulAmmo-.223-Rem-55-Grain.jpg\",\"width\":600,\"height\":600,\"caption\":\"TulAmmo-.223-Rem,-55-Grain\"},{\"@type\":\"BreadcrumbList\",\"@id\":\"https:\/\/www.gunmeplug.com\/es\/producto\/tulammo-223-rem-55-grain-fmj-steel-case-20-rounds-ta223550\/#breadcrumb\",\"itemListElement\":[{\"@type\":\"ListItem\",\"position\":1,\"name\":\"Home\",\"item\":\"https:\/\/www.gunmeplug.com\/es\/\"},{\"@type\":\"ListItem\",\"position\":2,\"name\":\"Shop\",\"item\":\"https:\/\/www.gunmeplug.com\/es\/shop\/\"},{\"@type\":\"ListItem\",\"position\":3,\"name\":\"TulAmmo .223 Rem, 55 Grain FMJ Steel Case, 20 Rounds TA223550\"}]},{\"@type\":\"WebSite\",\"@id\":\"https:\/\/www.gunmeplug.com\/#website\",\"url\":\"https:\/\/www.gunmeplug.com\/\",\"name\":\"Buy gun online USA\",\"description\":\"FireArms for sale online \",\"potentialAction\":[{\"@type\":\"SearchAction\",\"target\":{\"@type\":\"EntryPoint\",\"urlTemplate\":\"https:\/\/www.gunmeplug.com\/?s={search_term_string}\"},\"query-input\":{\"@type\":\"PropertyValueSpecification\",\"valueRequired\":true,\"valueName\":\"search_term_string\"}}],\"inLanguage\":\"vi\"}]}<\/script>\n<!-- \/ Yoast SEO plugin. -->","yoast_head_json":{"title":"TulAmmo .223 Rem, 55 Grain FMJ Steel Case, 20 Rounds TA223550 - Buy gun online USA","robots":{"index":"index","follow":"follow","max-snippet":"max-snippet:-1","max-image-preview":"max-image-preview:large","max-video-preview":"max-video-preview:-1"},"canonical":"https:\/\/www.gunmeplug.com\/vi\/san-pham-2\/tulammo-223-rem-55-grain-fmj-steel-case-20-rounds-ta223550\/","og_locale":"vi_VN","og_type":"article","og_title":"TulAmmo .223 Rem, 55 Grain FMJ Steel Case, 20 Rounds TA223550 - Buy gun online USA","og_description":"DETAILS In the field, at the range or on the hunt, you can trust TulAmmo to deliver a superior level of internal, external and terminal ballistics, more consistent velocities, and impressive retained energies downrange from your favorite rifle, with an unmatched value-to-performance ratio. All TulAmmo rifle cartridges are steel cased, zinc jacketed, non-corrosive Berdan primed, [&hellip;]","og_url":"https:\/\/www.gunmeplug.com\/vi\/san-pham-2\/tulammo-223-rem-55-grain-fmj-steel-case-20-rounds-ta223550\/","og_site_name":"Buy gun online USA","article_modified_time":"2023-05-04T09:43:12+00:00","og_image":[{"width":600,"height":600,"url":"https:\/\/www.gunmeplug.com\/wp-content\/uploads\/2023\/05\/TulAmmo-.223-Rem-55-Grain.jpg","type":"image\/jpeg"}],"twitter_card":"summary_large_image","schema":{"@context":"https:\/\/schema.org","@graph":[{"@type":"WebPage","@id":"https:\/\/www.gunmeplug.com\/es\/producto\/tulammo-223-rem-55-grain-fmj-steel-case-20-rounds-ta223550\/","url":"https:\/\/www.gunmeplug.com\/es\/producto\/tulammo-223-rem-55-grain-fmj-steel-case-20-rounds-ta223550\/","name":"TulAmmo .223 Rem, 55 Grain FMJ Steel Case, 20 Rounds TA223550 - Buy gun online USA","isPartOf":{"@id":"https:\/\/www.gunmeplug.com\/#website"},"primaryImageOfPage":{"@id":"https:\/\/www.gunmeplug.com\/es\/producto\/tulammo-223-rem-55-grain-fmj-steel-case-20-rounds-ta223550\/#primaryimage"},"image":{"@id":"https:\/\/www.gunmeplug.com\/es\/producto\/tulammo-223-rem-55-grain-fmj-steel-case-20-rounds-ta223550\/#primaryimage"},"thumbnailUrl":"https:\/\/www.gunmeplug.com\/wp-content\/uploads\/2023\/05\/TulAmmo-.223-Rem-55-Grain.jpg","datePublished":"2023-05-04T08:16:28+00:00","dateModified":"2023-05-04T09:43:12+00:00","breadcrumb":{"@id":"https:\/\/www.gunmeplug.com\/es\/producto\/tulammo-223-rem-55-grain-fmj-steel-case-20-rounds-ta223550\/#breadcrumb"},"inLanguage":"vi","potentialAction":[{"@type":"ReadAction","target":["https:\/\/www.gunmeplug.com\/es\/producto\/tulammo-223-rem-55-grain-fmj-steel-case-20-rounds-ta223550\/"]}]},{"@type":"ImageObject","inLanguage":"vi","@id":"https:\/\/www.gunmeplug.com\/es\/producto\/tulammo-223-rem-55-grain-fmj-steel-case-20-rounds-ta223550\/#primaryimage","url":"https:\/\/www.gunmeplug.com\/wp-content\/uploads\/2023\/05\/TulAmmo-.223-Rem-55-Grain.jpg","contentUrl":"https:\/\/www.gunmeplug.com\/wp-content\/uploads\/2023\/05\/TulAmmo-.223-Rem-55-Grain.jpg","width":600,"height":600,"caption":"TulAmmo-.223-Rem,-55-Grain"},{"@type":"BreadcrumbList","@id":"https:\/\/www.gunmeplug.com\/es\/producto\/tulammo-223-rem-55-grain-fmj-steel-case-20-rounds-ta223550\/#breadcrumb","itemListElement":[{"@type":"ListItem","position":1,"name":"Home","item":"https:\/\/www.gunmeplug.com\/es\/"},{"@type":"ListItem","position":2,"name":"Shop","item":"https:\/\/www.gunmeplug.com\/es\/shop\/"},{"@type":"ListItem","position":3,"name":"TulAmmo .223 Rem, 55 Grain FMJ Steel Case, 20 Rounds TA223550"}]},{"@type":"WebSite","@id":"https:\/\/www.gunmeplug.com\/#website","url":"https:\/\/www.gunmeplug.com\/","name":"Mua s\u00fang tr\u1ef1c tuy\u1ebfn Hoa K\u1ef3","description":"FireArms for sale online","potentialAction":[{"@type":"SearchAction","target":{"@type":"EntryPoint","urlTemplate":"https:\/\/www.gunmeplug.com\/?s={search_term_string}"},"query-input":{"@type":"PropertyValueSpecification","valueRequired":true,"valueName":"search_term_string"}}],"inLanguage":"vi"}]}},"_links":{"self":[{"href":"https:\/\/www.gunmeplug.com\/vi\/wp-json\/wp\/v2\/product\/3431","targetHints":{"allow":["GET"]}}],"collection":[{"href":"https:\/\/www.gunmeplug.com\/vi\/wp-json\/wp\/v2\/product"}],"about":[{"href":"https:\/\/www.gunmeplug.com\/vi\/wp-json\/wp\/v2\/types\/product"}],"wp:featuredmedia":[{"embeddable":true,"href":"https:\/\/www.gunmeplug.com\/vi\/wp-json\/wp\/v2\/media\/3437"}],"wp:attachment":[{"href":"https:\/\/www.gunmeplug.com\/vi\/wp-json\/wp\/v2\/media?parent=3431"}],"wp:term":[{"taxonomy":"product_brand","embeddable":true,"href":"https:\/\/www.gunmeplug.com\/vi\/wp-json\/wp\/v2\/product_brand?post=3431"},{"taxonomy":"product_cat","embeddable":true,"href":"https:\/\/www.gunmeplug.com\/vi\/wp-json\/wp\/v2\/product_cat?post=3431"},{"taxonomy":"product_tag","embeddable":true,"href":"https:\/\/www.gunmeplug.com\/vi\/wp-json\/wp\/v2\/product_tag?post=3431"}],"curies":[{"name":"wp","href":"https:\/\/api.w.org\/{rel}","templated":true}]}}