{"id":3405,"date":"2023-05-03T09:39:37","date_gmt":"2023-05-03T09:39:37","guid":{"rendered":"https:\/\/www.gunmeplug.com\/?post_type=product&#038;p=3405"},"modified":"2023-05-03T10:20:19","modified_gmt":"2023-05-03T10:20:19","slug":"glock-17-gen3-9mm-semi-automatic-pistol-4-5-171rd-pi1750203","status":"publish","type":"product","link":"https:\/\/www.gunmeplug.com\/vi\/san-pham-2\/glock-17-gen3-9mm-semi-automatic-pistol-4-5-171rd-pi1750203\/","title":{"rendered":"Glock 17 Gen3 9mm Semi-Automatic Pistol 4.5&#8243; 17+1RD PI1750203"},"content":{"rendered":"<h3 class=\"tab_content_head\">CHI TI\u1ebeT<\/h3>\n<div class=\"product attribute description\">\n<div class=\"value\">\n<p>Designed for professionals, the GLOCK 17, in 9&#215;19, is the most widely used law enforcement pistol worldwide. Because of its unsurpassed reliability, above-average magazine capacity of 17 rounds in the standard magazine, and its low weight, it is trusted by law enforcement officers around the globe. With our revolutionary &#8220;Safe Action&#8221; trigger system, the G17 9&#215;19 pistol is safe, easy, and quick-just what you need in high-pressure situations.<\/p>\n<p><strong>T\u00ednh n\u0103ng s\u1ea3n ph\u1ea9m:<\/strong><\/p>\n<ul>\n<li>Tr\u01b0\u1ee3t th\u00e9p r\u0103ng c\u01b0a<\/li>\n<li>C\u1ed5 phi\u1ebfu polymer<\/li>\n<li>Tay n\u1eafm polymer c\u00f3 r\u00e3nh b\u1eb1ng ng\u00f3n tay c\u00f3 k\u1ebft c\u1ea5u m\u00e0u \u0111en<\/li>\n<li>\u0110\u01b0\u1eddng s\u1eaft Picatinny<\/li>\n<li>B\u1ea3o v\u1ec7 k\u00edch ho\u1ea1t c\u00f3 r\u0103ng c\u01b0a<\/li>\n<li>Th\u00f9ng s\u00fang tr\u01b0\u1eddng \u0111a gi\u00e1c \u0111\u01b0\u1ee3c r\u00e8n b\u1eb1ng b\u00faa l\u1ea1nh<\/li>\n<li>Bao g\u1ed3m (2) T\u1ea1p ch\u00ed th\u1ee9 17<\/li>\n<li>Peso de tracci\u00f3n del gatillo: 5.5 lbs<\/li>\n<\/ul>\n<\/div>\n<\/div>","protected":false},"excerpt":{"rendered":"<p>DETAILS Designed for professionals, the GLOCK 17, in 9&#215;19, is the most widely used law enforcement pistol worldwide. Because of its unsurpassed reliability, above-average magazine capacity of 17 rounds in the standard magazine, and its low weight, it is trusted by law enforcement officers around the globe. With our revolutionary &#8220;Safe Action&#8221; trigger system, the [&hellip;]<\/p>","protected":false},"featured_media":3410,"template":"","meta":{"_acf_changed":false,"_joinchat":[]},"product_brand":[],"product_cat":[136],"product_tag":[],"class_list":{"0":"post-3405","1":"product","2":"type-product","3":"status-publish","4":"has-post-thumbnail","6":"product_cat-glocks-for-sale","8":"first","9":"instock","10":"shipping-taxable","11":"purchasable","12":"product-type-simple"},"acf":[],"yoast_head":"<!-- This site is optimized with the Yoast SEO plugin v26.3 - https:\/\/yoast.com\/wordpress\/plugins\/seo\/ -->\n<title>Glock 17 Gen3 9mm Semi-Automatic Pistol 4.5&quot; 17+1RD PI1750203 - Buy gun online USA<\/title>\n<meta name=\"robots\" content=\"index, follow, max-snippet:-1, max-image-preview:large, max-video-preview:-1\" \/>\n<link rel=\"canonical\" href=\"https:\/\/www.gunmeplug.com\/vi\/san-pham-2\/glock-17-gen3-9mm-semi-automatic-pistol-4-5-171rd-pi1750203\/\" \/>\n<meta property=\"og:locale\" content=\"vi_VN\" \/>\n<meta property=\"og:type\" content=\"article\" \/>\n<meta property=\"og:title\" content=\"Glock 17 Gen3 9mm Semi-Automatic Pistol 4.5&quot; 17+1RD PI1750203 - Buy gun online USA\" \/>\n<meta property=\"og:description\" content=\"DETAILS Designed for professionals, the GLOCK 17, in 9&#215;19, is the most widely used law enforcement pistol worldwide. Because of its unsurpassed reliability, above-average magazine capacity of 17 rounds in the standard magazine, and its low weight, it is trusted by law enforcement officers around the globe. With our revolutionary &#8220;Safe Action&#8221; trigger system, the [&hellip;]\" \/>\n<meta property=\"og:url\" content=\"https:\/\/www.gunmeplug.com\/vi\/san-pham-2\/glock-17-gen3-9mm-semi-automatic-pistol-4-5-171rd-pi1750203\/\" \/>\n<meta property=\"og:site_name\" content=\"Buy gun online USA\" \/>\n<meta property=\"article:modified_time\" content=\"2023-05-03T10:20:19+00:00\" \/>\n<meta property=\"og:image\" content=\"https:\/\/www.gunmeplug.com\/wp-content\/uploads\/2023\/05\/Glock-17-Gen3-9mm-Semi-Automatic-Pistol.jpg\" \/>\n\t<meta property=\"og:image:width\" content=\"600\" \/>\n\t<meta property=\"og:image:height\" content=\"600\" \/>\n\t<meta property=\"og:image:type\" content=\"image\/jpeg\" \/>\n<meta name=\"twitter:card\" content=\"summary_large_image\" \/>\n<script type=\"application\/ld+json\" class=\"yoast-schema-graph\">{\"@context\":\"https:\/\/schema.org\",\"@graph\":[{\"@type\":\"WebPage\",\"@id\":\"https:\/\/www.gunmeplug.com\/es\/producto\/glock-17-gen3-9mm-semi-automatic-pistol-4-5-171rd-pi1750203\/\",\"url\":\"https:\/\/www.gunmeplug.com\/es\/producto\/glock-17-gen3-9mm-semi-automatic-pistol-4-5-171rd-pi1750203\/\",\"name\":\"Glock 17 Gen3 9mm Semi-Automatic Pistol 4.5\\\" 17+1RD PI1750203 - Buy gun online USA\",\"isPartOf\":{\"@id\":\"https:\/\/www.gunmeplug.com\/#website\"},\"primaryImageOfPage\":{\"@id\":\"https:\/\/www.gunmeplug.com\/es\/producto\/glock-17-gen3-9mm-semi-automatic-pistol-4-5-171rd-pi1750203\/#primaryimage\"},\"image\":{\"@id\":\"https:\/\/www.gunmeplug.com\/es\/producto\/glock-17-gen3-9mm-semi-automatic-pistol-4-5-171rd-pi1750203\/#primaryimage\"},\"thumbnailUrl\":\"https:\/\/www.gunmeplug.com\/wp-content\/uploads\/2023\/05\/Glock-17-Gen3-9mm-Semi-Automatic-Pistol.jpg\",\"datePublished\":\"2023-05-03T09:39:37+00:00\",\"dateModified\":\"2023-05-03T10:20:19+00:00\",\"breadcrumb\":{\"@id\":\"https:\/\/www.gunmeplug.com\/es\/producto\/glock-17-gen3-9mm-semi-automatic-pistol-4-5-171rd-pi1750203\/#breadcrumb\"},\"inLanguage\":\"vi\",\"potentialAction\":[{\"@type\":\"ReadAction\",\"target\":[\"https:\/\/www.gunmeplug.com\/es\/producto\/glock-17-gen3-9mm-semi-automatic-pistol-4-5-171rd-pi1750203\/\"]}]},{\"@type\":\"ImageObject\",\"inLanguage\":\"vi\",\"@id\":\"https:\/\/www.gunmeplug.com\/es\/producto\/glock-17-gen3-9mm-semi-automatic-pistol-4-5-171rd-pi1750203\/#primaryimage\",\"url\":\"https:\/\/www.gunmeplug.com\/wp-content\/uploads\/2023\/05\/Glock-17-Gen3-9mm-Semi-Automatic-Pistol.jpg\",\"contentUrl\":\"https:\/\/www.gunmeplug.com\/wp-content\/uploads\/2023\/05\/Glock-17-Gen3-9mm-Semi-Automatic-Pistol.jpg\",\"width\":600,\"height\":600,\"caption\":\"Glock-17-Gen3-9mm-Semi-Automatic-Pistol\"},{\"@type\":\"BreadcrumbList\",\"@id\":\"https:\/\/www.gunmeplug.com\/es\/producto\/glock-17-gen3-9mm-semi-automatic-pistol-4-5-171rd-pi1750203\/#breadcrumb\",\"itemListElement\":[{\"@type\":\"ListItem\",\"position\":1,\"name\":\"Home\",\"item\":\"https:\/\/www.gunmeplug.com\/es\/\"},{\"@type\":\"ListItem\",\"position\":2,\"name\":\"Shop\",\"item\":\"https:\/\/www.gunmeplug.com\/es\/shop\/\"},{\"@type\":\"ListItem\",\"position\":3,\"name\":\"Glock 17 Gen3 9mm Semi-Automatic Pistol 4.5&#8243; 17+1RD PI1750203\"}]},{\"@type\":\"WebSite\",\"@id\":\"https:\/\/www.gunmeplug.com\/#website\",\"url\":\"https:\/\/www.gunmeplug.com\/\",\"name\":\"Buy gun online USA\",\"description\":\"FireArms for sale online \",\"potentialAction\":[{\"@type\":\"SearchAction\",\"target\":{\"@type\":\"EntryPoint\",\"urlTemplate\":\"https:\/\/www.gunmeplug.com\/?s={search_term_string}\"},\"query-input\":{\"@type\":\"PropertyValueSpecification\",\"valueRequired\":true,\"valueName\":\"search_term_string\"}}],\"inLanguage\":\"vi\"}]}<\/script>\n<!-- \/ Yoast SEO plugin. -->","yoast_head_json":{"title":"Glock 17 Gen3 9mm Semi-Automatic Pistol 4.5\" 17+1RD PI1750203 - Buy gun online USA","robots":{"index":"index","follow":"follow","max-snippet":"max-snippet:-1","max-image-preview":"max-image-preview:large","max-video-preview":"max-video-preview:-1"},"canonical":"https:\/\/www.gunmeplug.com\/vi\/san-pham-2\/glock-17-gen3-9mm-semi-automatic-pistol-4-5-171rd-pi1750203\/","og_locale":"vi_VN","og_type":"article","og_title":"Glock 17 Gen3 9mm Semi-Automatic Pistol 4.5\" 17+1RD PI1750203 - Buy gun online USA","og_description":"DETAILS Designed for professionals, the GLOCK 17, in 9&#215;19, is the most widely used law enforcement pistol worldwide. Because of its unsurpassed reliability, above-average magazine capacity of 17 rounds in the standard magazine, and its low weight, it is trusted by law enforcement officers around the globe. With our revolutionary &#8220;Safe Action&#8221; trigger system, the [&hellip;]","og_url":"https:\/\/www.gunmeplug.com\/vi\/san-pham-2\/glock-17-gen3-9mm-semi-automatic-pistol-4-5-171rd-pi1750203\/","og_site_name":"Buy gun online USA","article_modified_time":"2023-05-03T10:20:19+00:00","og_image":[{"width":600,"height":600,"url":"https:\/\/www.gunmeplug.com\/wp-content\/uploads\/2023\/05\/Glock-17-Gen3-9mm-Semi-Automatic-Pistol.jpg","type":"image\/jpeg"}],"twitter_card":"summary_large_image","schema":{"@context":"https:\/\/schema.org","@graph":[{"@type":"WebPage","@id":"https:\/\/www.gunmeplug.com\/es\/producto\/glock-17-gen3-9mm-semi-automatic-pistol-4-5-171rd-pi1750203\/","url":"https:\/\/www.gunmeplug.com\/es\/producto\/glock-17-gen3-9mm-semi-automatic-pistol-4-5-171rd-pi1750203\/","name":"Glock 17 Gen3 9mm Semi-Automatic Pistol 4.5\" 17+1RD PI1750203 - Buy gun online USA","isPartOf":{"@id":"https:\/\/www.gunmeplug.com\/#website"},"primaryImageOfPage":{"@id":"https:\/\/www.gunmeplug.com\/es\/producto\/glock-17-gen3-9mm-semi-automatic-pistol-4-5-171rd-pi1750203\/#primaryimage"},"image":{"@id":"https:\/\/www.gunmeplug.com\/es\/producto\/glock-17-gen3-9mm-semi-automatic-pistol-4-5-171rd-pi1750203\/#primaryimage"},"thumbnailUrl":"https:\/\/www.gunmeplug.com\/wp-content\/uploads\/2023\/05\/Glock-17-Gen3-9mm-Semi-Automatic-Pistol.jpg","datePublished":"2023-05-03T09:39:37+00:00","dateModified":"2023-05-03T10:20:19+00:00","breadcrumb":{"@id":"https:\/\/www.gunmeplug.com\/es\/producto\/glock-17-gen3-9mm-semi-automatic-pistol-4-5-171rd-pi1750203\/#breadcrumb"},"inLanguage":"vi","potentialAction":[{"@type":"ReadAction","target":["https:\/\/www.gunmeplug.com\/es\/producto\/glock-17-gen3-9mm-semi-automatic-pistol-4-5-171rd-pi1750203\/"]}]},{"@type":"ImageObject","inLanguage":"vi","@id":"https:\/\/www.gunmeplug.com\/es\/producto\/glock-17-gen3-9mm-semi-automatic-pistol-4-5-171rd-pi1750203\/#primaryimage","url":"https:\/\/www.gunmeplug.com\/wp-content\/uploads\/2023\/05\/Glock-17-Gen3-9mm-Semi-Automatic-Pistol.jpg","contentUrl":"https:\/\/www.gunmeplug.com\/wp-content\/uploads\/2023\/05\/Glock-17-Gen3-9mm-Semi-Automatic-Pistol.jpg","width":600,"height":600,"caption":"Glock-17-Gen3-9mm-Semi-Automatic-Pistol"},{"@type":"BreadcrumbList","@id":"https:\/\/www.gunmeplug.com\/es\/producto\/glock-17-gen3-9mm-semi-automatic-pistol-4-5-171rd-pi1750203\/#breadcrumb","itemListElement":[{"@type":"ListItem","position":1,"name":"Home","item":"https:\/\/www.gunmeplug.com\/es\/"},{"@type":"ListItem","position":2,"name":"Shop","item":"https:\/\/www.gunmeplug.com\/es\/shop\/"},{"@type":"ListItem","position":3,"name":"Glock 17 Gen3 9mm Semi-Automatic Pistol 4.5&#8243; 17+1RD PI1750203"}]},{"@type":"WebSite","@id":"https:\/\/www.gunmeplug.com\/#website","url":"https:\/\/www.gunmeplug.com\/","name":"Mua s\u00fang tr\u1ef1c tuy\u1ebfn Hoa K\u1ef3","description":"FireArms for sale online","potentialAction":[{"@type":"SearchAction","target":{"@type":"EntryPoint","urlTemplate":"https:\/\/www.gunmeplug.com\/?s={search_term_string}"},"query-input":{"@type":"PropertyValueSpecification","valueRequired":true,"valueName":"search_term_string"}}],"inLanguage":"vi"}]}},"_links":{"self":[{"href":"https:\/\/www.gunmeplug.com\/vi\/wp-json\/wp\/v2\/product\/3405","targetHints":{"allow":["GET"]}}],"collection":[{"href":"https:\/\/www.gunmeplug.com\/vi\/wp-json\/wp\/v2\/product"}],"about":[{"href":"https:\/\/www.gunmeplug.com\/vi\/wp-json\/wp\/v2\/types\/product"}],"wp:featuredmedia":[{"embeddable":true,"href":"https:\/\/www.gunmeplug.com\/vi\/wp-json\/wp\/v2\/media\/3410"}],"wp:attachment":[{"href":"https:\/\/www.gunmeplug.com\/vi\/wp-json\/wp\/v2\/media?parent=3405"}],"wp:term":[{"taxonomy":"product_brand","embeddable":true,"href":"https:\/\/www.gunmeplug.com\/vi\/wp-json\/wp\/v2\/product_brand?post=3405"},{"taxonomy":"product_cat","embeddable":true,"href":"https:\/\/www.gunmeplug.com\/vi\/wp-json\/wp\/v2\/product_cat?post=3405"},{"taxonomy":"product_tag","embeddable":true,"href":"https:\/\/www.gunmeplug.com\/vi\/wp-json\/wp\/v2\/product_tag?post=3405"}],"curies":[{"name":"wp","href":"https:\/\/api.w.org\/{rel}","templated":true}]}}