{"id":3402,"date":"2023-05-03T09:39:24","date_gmt":"2023-05-03T09:39:24","guid":{"rendered":"https:\/\/www.gunmeplug.com\/?post_type=product&#038;p=3402"},"modified":"2023-05-03T10:20:09","modified_gmt":"2023-05-03T10:20:09","slug":"glock-g44-22lr-safe-action-black-pistol-4-101rd-ua4450101","status":"publish","type":"product","link":"https:\/\/www.gunmeplug.com\/vi\/san-pham-2\/glock-g44-22lr-safe-action-black-pistol-4-101rd-ua4450101\/","title":{"rendered":"Glock G44 .22LR Safe Action Black Pistol 4&#8243; 10+1RD UA4450101"},"content":{"rendered":"<h3 class=\"tab_content_head\">CHI TI\u1ebeT<\/h3>\n<div class=\"product attribute description\">\n<div class=\"value\">\n<p>Once you start with perfection \u2013 you stay with perfection. The G44 is the ideal pistol to start or enhance your shooting experience. The innovative design of the hybrid steel-polymer slide chambered in our first .22 caliber round provides a lightweight and low recoil functionality for optimal control.<\/p>\n<p>G44 \u0111\u00e3 \u0111\u01b0\u1ee3c th\u1eed nghi\u1ec7m k\u1ef9 l\u01b0\u1ee1ng v\u1edbi nhi\u1ec1u lo\u1ea1i \u0111\u1ea1n kh\u00e1c nhau \u0111\u1ec3 \u0111\u1ea3m b\u1ea3o hi\u1ec7u su\u1ea5t t\u1ed1i \u0111a v\u00e0 x\u00e1c \u0111\u1ecbnh l\u1ea1i nh\u1eefng g\u00ec lo\u1ea1i nh\u1ecf c\u00f3 th\u1ec3 l\u00e0m.<\/p>\n<p>G44 l\u00e0 m\u1ed9t kh\u1ea9u s\u00fang l\u1ee5c c\u00f3 k\u00edch th\u01b0\u1edbc nh\u1ecf g\u1ecdn v\u1edbi kh\u1ea3 n\u0103ng th\u00edch \u1ee9ng v\u1edbi h\u1ea7u h\u1ebft m\u1ecdi k\u00edch c\u1ee1 b\u00e0n tay b\u1eb1ng c\u00e1ch s\u1eed d\u1ee5ng c\u00e1c d\u00e2y \u0111eo l\u01b0ng kh\u00e1c nhau \u0111\u01b0\u1ee3c cung c\u1ea5p c\u00f9ng v\u1edbi kh\u1ea9u s\u00fang l\u1ee5c. G44 \u0111\u1ea1t ti\u00eau chu\u1ea9n v\u1edbi GLOCK Marksman Barrel (GMB) \u0111\u1ec3 t\u0103ng \u0111\u1ed9 ch\u00ednh x\u00e1c v\u00e0 \u0111\u1ed9 ch\u00ednh x\u00e1c.<\/p>\n<p>C\u00e1c thi\u1ebft b\u1ecb ph\u00f9 h\u1ee3p l\u00e0 \u0111i\u1ec1u c\u1ea7n thi\u1ebft. G44 \u0111i k\u00e8m v\u1edbi t\u1ea7m nh\u00ecn ph\u00eda sau c\u00f3 th\u1ec3 \u0111i\u1ec1u ch\u1ec9nh v\u00e0 hai t\u1ea1p ch\u00ed h\u1ed7 tr\u1ee3 t\u1ea3i. T\u1ea5t c\u1ea3 m\u1ecdi th\u1ee9 m\u00e0 m\u1ed9t game b\u1eafn s\u00fang chu\u1ea9n b\u1ecb t\u1ed1t c\u1ea7n.<\/p>\n<p><strong>T\u00ednh n\u0103ng s\u1ea3n ph\u1ea9m:<\/strong><\/p>\n<ul>\n<li>Bao g\u1ed3m (2) T\u1ea1p ch\u00ed th\u1ee9 17<\/li>\n<li>Glock Marksman th\u00f9ng<\/li>\n<li>Cinghie posteriori intercambiabili<\/li>\n<li>K\u00e9o k\u00edch ho\u1ea1t: 6lbs<\/li>\n<\/ul>\n<\/div>\n<\/div>","protected":false},"excerpt":{"rendered":"<p>DETAILS Once you start with perfection \u2013 you stay with perfection. The G44 is the ideal pistol to start or enhance your shooting experience. The innovative design of the hybrid steel-polymer slide chambered in our first .22 caliber round provides a lightweight and low recoil functionality for optimal control. The G44 was thoroughly tested with [&hellip;]<\/p>","protected":false},"featured_media":3407,"template":"","meta":{"_acf_changed":false,"_joinchat":[]},"product_brand":[],"product_cat":[136],"product_tag":[],"class_list":{"0":"post-3402","1":"product","2":"type-product","3":"status-publish","4":"has-post-thumbnail","6":"product_cat-glocks-for-sale","8":"first","9":"instock","10":"sale","11":"shipping-taxable","12":"purchasable","13":"product-type-simple"},"acf":[],"yoast_head":"<!-- This site is optimized with the Yoast SEO plugin v26.3 - https:\/\/yoast.com\/wordpress\/plugins\/seo\/ -->\n<title>Glock G44 .22LR Safe Action Black Pistol 4&quot; 10+1RD UA4450101 - Buy gun online USA<\/title>\n<meta name=\"robots\" content=\"index, follow, max-snippet:-1, max-image-preview:large, max-video-preview:-1\" \/>\n<link rel=\"canonical\" href=\"https:\/\/www.gunmeplug.com\/vi\/san-pham-2\/glock-g44-22lr-safe-action-black-pistol-4-101rd-ua4450101\/\" \/>\n<meta property=\"og:locale\" content=\"vi_VN\" \/>\n<meta property=\"og:type\" content=\"article\" \/>\n<meta property=\"og:title\" content=\"Glock G44 .22LR Safe Action Black Pistol 4&quot; 10+1RD UA4450101 - Buy gun online USA\" \/>\n<meta property=\"og:description\" content=\"DETAILS Once you start with perfection \u2013 you stay with perfection. The G44 is the ideal pistol to start or enhance your shooting experience. The innovative design of the hybrid steel-polymer slide chambered in our first .22 caliber round provides a lightweight and low recoil functionality for optimal control. The G44 was thoroughly tested with [&hellip;]\" \/>\n<meta property=\"og:url\" content=\"https:\/\/www.gunmeplug.com\/vi\/san-pham-2\/glock-g44-22lr-safe-action-black-pistol-4-101rd-ua4450101\/\" \/>\n<meta property=\"og:site_name\" content=\"Buy gun online USA\" \/>\n<meta property=\"article:modified_time\" content=\"2023-05-03T10:20:09+00:00\" \/>\n<meta property=\"og:image\" content=\"https:\/\/www.gunmeplug.com\/wp-content\/uploads\/2023\/05\/Glock-G44-.22LR-Safe-Action-Black-Pistol.jpg\" \/>\n\t<meta property=\"og:image:width\" content=\"600\" \/>\n\t<meta property=\"og:image:height\" content=\"600\" \/>\n\t<meta property=\"og:image:type\" content=\"image\/jpeg\" \/>\n<meta name=\"twitter:card\" content=\"summary_large_image\" \/>\n<meta name=\"twitter:label1\" content=\"\u01af\u1edbc t\u00ednh th\u1eddi gian \u0111\u1ecdc\" \/>\n\t<meta name=\"twitter:data1\" content=\"1 ph\u00fat\" \/>\n<script type=\"application\/ld+json\" class=\"yoast-schema-graph\">{\"@context\":\"https:\/\/schema.org\",\"@graph\":[{\"@type\":\"WebPage\",\"@id\":\"https:\/\/www.gunmeplug.com\/it\/prodotto\/glock-g44-22lr-safe-action-black-pistol-4-101rd-ua4450101\/\",\"url\":\"https:\/\/www.gunmeplug.com\/it\/prodotto\/glock-g44-22lr-safe-action-black-pistol-4-101rd-ua4450101\/\",\"name\":\"Glock G44 .22LR Safe Action Black Pistol 4\\\" 10+1RD UA4450101 - Buy gun online USA\",\"isPartOf\":{\"@id\":\"https:\/\/www.gunmeplug.com\/#website\"},\"primaryImageOfPage\":{\"@id\":\"https:\/\/www.gunmeplug.com\/it\/prodotto\/glock-g44-22lr-safe-action-black-pistol-4-101rd-ua4450101\/#primaryimage\"},\"image\":{\"@id\":\"https:\/\/www.gunmeplug.com\/it\/prodotto\/glock-g44-22lr-safe-action-black-pistol-4-101rd-ua4450101\/#primaryimage\"},\"thumbnailUrl\":\"https:\/\/www.gunmeplug.com\/wp-content\/uploads\/2023\/05\/Glock-G44-.22LR-Safe-Action-Black-Pistol.jpg\",\"datePublished\":\"2023-05-03T09:39:24+00:00\",\"dateModified\":\"2023-05-03T10:20:09+00:00\",\"breadcrumb\":{\"@id\":\"https:\/\/www.gunmeplug.com\/it\/prodotto\/glock-g44-22lr-safe-action-black-pistol-4-101rd-ua4450101\/#breadcrumb\"},\"inLanguage\":\"vi\",\"potentialAction\":[{\"@type\":\"ReadAction\",\"target\":[\"https:\/\/www.gunmeplug.com\/it\/prodotto\/glock-g44-22lr-safe-action-black-pistol-4-101rd-ua4450101\/\"]}]},{\"@type\":\"ImageObject\",\"inLanguage\":\"vi\",\"@id\":\"https:\/\/www.gunmeplug.com\/it\/prodotto\/glock-g44-22lr-safe-action-black-pistol-4-101rd-ua4450101\/#primaryimage\",\"url\":\"https:\/\/www.gunmeplug.com\/wp-content\/uploads\/2023\/05\/Glock-G44-.22LR-Safe-Action-Black-Pistol.jpg\",\"contentUrl\":\"https:\/\/www.gunmeplug.com\/wp-content\/uploads\/2023\/05\/Glock-G44-.22LR-Safe-Action-Black-Pistol.jpg\",\"width\":600,\"height\":600,\"caption\":\"Glock-G44-.22LR-Safe-Action-Black-Pistol\"},{\"@type\":\"BreadcrumbList\",\"@id\":\"https:\/\/www.gunmeplug.com\/it\/prodotto\/glock-g44-22lr-safe-action-black-pistol-4-101rd-ua4450101\/#breadcrumb\",\"itemListElement\":[{\"@type\":\"ListItem\",\"position\":1,\"name\":\"Home\",\"item\":\"https:\/\/www.gunmeplug.com\/es\/\"},{\"@type\":\"ListItem\",\"position\":2,\"name\":\"Shop\",\"item\":\"https:\/\/www.gunmeplug.com\/es\/shop\/\"},{\"@type\":\"ListItem\",\"position\":3,\"name\":\"Glock G44 .22LR Safe Action Black Pistol 4&#8243; 10+1RD UA4450101\"}]},{\"@type\":\"WebSite\",\"@id\":\"https:\/\/www.gunmeplug.com\/#website\",\"url\":\"https:\/\/www.gunmeplug.com\/\",\"name\":\"Buy gun online USA\",\"description\":\"FireArms for sale online \",\"potentialAction\":[{\"@type\":\"SearchAction\",\"target\":{\"@type\":\"EntryPoint\",\"urlTemplate\":\"https:\/\/www.gunmeplug.com\/?s={search_term_string}\"},\"query-input\":{\"@type\":\"PropertyValueSpecification\",\"valueRequired\":true,\"valueName\":\"search_term_string\"}}],\"inLanguage\":\"vi\"}]}<\/script>\n<!-- \/ Yoast SEO plugin. -->","yoast_head_json":{"title":"Glock G44 .22LR Safe Action Black Pistol 4\" 10+1RD UA4450101 - Buy gun online USA","robots":{"index":"index","follow":"follow","max-snippet":"max-snippet:-1","max-image-preview":"max-image-preview:large","max-video-preview":"max-video-preview:-1"},"canonical":"https:\/\/www.gunmeplug.com\/vi\/san-pham-2\/glock-g44-22lr-safe-action-black-pistol-4-101rd-ua4450101\/","og_locale":"vi_VN","og_type":"article","og_title":"Glock G44 .22LR Safe Action Black Pistol 4\" 10+1RD UA4450101 - Buy gun online USA","og_description":"DETAILS Once you start with perfection \u2013 you stay with perfection. The G44 is the ideal pistol to start or enhance your shooting experience. The innovative design of the hybrid steel-polymer slide chambered in our first .22 caliber round provides a lightweight and low recoil functionality for optimal control. The G44 was thoroughly tested with [&hellip;]","og_url":"https:\/\/www.gunmeplug.com\/vi\/san-pham-2\/glock-g44-22lr-safe-action-black-pistol-4-101rd-ua4450101\/","og_site_name":"Buy gun online USA","article_modified_time":"2023-05-03T10:20:09+00:00","og_image":[{"width":600,"height":600,"url":"https:\/\/www.gunmeplug.com\/wp-content\/uploads\/2023\/05\/Glock-G44-.22LR-Safe-Action-Black-Pistol.jpg","type":"image\/jpeg"}],"twitter_card":"summary_large_image","twitter_misc":{"\u01af\u1edbc t\u00ednh th\u1eddi gian \u0111\u1ecdc":"1 ph\u00fat"},"schema":{"@context":"https:\/\/schema.org","@graph":[{"@type":"WebPage","@id":"https:\/\/www.gunmeplug.com\/it\/prodotto\/glock-g44-22lr-safe-action-black-pistol-4-101rd-ua4450101\/","url":"https:\/\/www.gunmeplug.com\/it\/prodotto\/glock-g44-22lr-safe-action-black-pistol-4-101rd-ua4450101\/","name":"Glock G44 .22LR Safe Action Black Pistol 4\" 10+1RD UA4450101 - Buy gun online USA","isPartOf":{"@id":"https:\/\/www.gunmeplug.com\/#website"},"primaryImageOfPage":{"@id":"https:\/\/www.gunmeplug.com\/it\/prodotto\/glock-g44-22lr-safe-action-black-pistol-4-101rd-ua4450101\/#primaryimage"},"image":{"@id":"https:\/\/www.gunmeplug.com\/it\/prodotto\/glock-g44-22lr-safe-action-black-pistol-4-101rd-ua4450101\/#primaryimage"},"thumbnailUrl":"https:\/\/www.gunmeplug.com\/wp-content\/uploads\/2023\/05\/Glock-G44-.22LR-Safe-Action-Black-Pistol.jpg","datePublished":"2023-05-03T09:39:24+00:00","dateModified":"2023-05-03T10:20:09+00:00","breadcrumb":{"@id":"https:\/\/www.gunmeplug.com\/it\/prodotto\/glock-g44-22lr-safe-action-black-pistol-4-101rd-ua4450101\/#breadcrumb"},"inLanguage":"vi","potentialAction":[{"@type":"ReadAction","target":["https:\/\/www.gunmeplug.com\/it\/prodotto\/glock-g44-22lr-safe-action-black-pistol-4-101rd-ua4450101\/"]}]},{"@type":"ImageObject","inLanguage":"vi","@id":"https:\/\/www.gunmeplug.com\/it\/prodotto\/glock-g44-22lr-safe-action-black-pistol-4-101rd-ua4450101\/#primaryimage","url":"https:\/\/www.gunmeplug.com\/wp-content\/uploads\/2023\/05\/Glock-G44-.22LR-Safe-Action-Black-Pistol.jpg","contentUrl":"https:\/\/www.gunmeplug.com\/wp-content\/uploads\/2023\/05\/Glock-G44-.22LR-Safe-Action-Black-Pistol.jpg","width":600,"height":600,"caption":"Glock-G44-.22LR-Safe-Action-Black-Pistol"},{"@type":"BreadcrumbList","@id":"https:\/\/www.gunmeplug.com\/it\/prodotto\/glock-g44-22lr-safe-action-black-pistol-4-101rd-ua4450101\/#breadcrumb","itemListElement":[{"@type":"ListItem","position":1,"name":"Home","item":"https:\/\/www.gunmeplug.com\/es\/"},{"@type":"ListItem","position":2,"name":"Shop","item":"https:\/\/www.gunmeplug.com\/es\/shop\/"},{"@type":"ListItem","position":3,"name":"Glock G44 .22LR Safe Action Black Pistol 4&#8243; 10+1RD UA4450101"}]},{"@type":"WebSite","@id":"https:\/\/www.gunmeplug.com\/#website","url":"https:\/\/www.gunmeplug.com\/","name":"Mua s\u00fang tr\u1ef1c tuy\u1ebfn Hoa K\u1ef3","description":"FireArms for sale online","potentialAction":[{"@type":"SearchAction","target":{"@type":"EntryPoint","urlTemplate":"https:\/\/www.gunmeplug.com\/?s={search_term_string}"},"query-input":{"@type":"PropertyValueSpecification","valueRequired":true,"valueName":"search_term_string"}}],"inLanguage":"vi"}]}},"_links":{"self":[{"href":"https:\/\/www.gunmeplug.com\/vi\/wp-json\/wp\/v2\/product\/3402","targetHints":{"allow":["GET"]}}],"collection":[{"href":"https:\/\/www.gunmeplug.com\/vi\/wp-json\/wp\/v2\/product"}],"about":[{"href":"https:\/\/www.gunmeplug.com\/vi\/wp-json\/wp\/v2\/types\/product"}],"wp:featuredmedia":[{"embeddable":true,"href":"https:\/\/www.gunmeplug.com\/vi\/wp-json\/wp\/v2\/media\/3407"}],"wp:attachment":[{"href":"https:\/\/www.gunmeplug.com\/vi\/wp-json\/wp\/v2\/media?parent=3402"}],"wp:term":[{"taxonomy":"product_brand","embeddable":true,"href":"https:\/\/www.gunmeplug.com\/vi\/wp-json\/wp\/v2\/product_brand?post=3402"},{"taxonomy":"product_cat","embeddable":true,"href":"https:\/\/www.gunmeplug.com\/vi\/wp-json\/wp\/v2\/product_cat?post=3402"},{"taxonomy":"product_tag","embeddable":true,"href":"https:\/\/www.gunmeplug.com\/vi\/wp-json\/wp\/v2\/product_tag?post=3402"}],"curies":[{"name":"wp","href":"https:\/\/api.w.org\/{rel}","templated":true}]}}