{"id":3382,"date":"2023-05-03T09:18:58","date_gmt":"2023-05-03T09:18:58","guid":{"rendered":"https:\/\/www.gunmeplug.com\/?post_type=product&#038;p=3382"},"modified":"2023-05-03T10:14:02","modified_gmt":"2023-05-03T10:14:02","slug":"heritage-rough-rider-small-bore-22-lr-single-action-revolver-rr22b4","status":"publish","type":"product","link":"https:\/\/www.gunmeplug.com\/vi\/san-pham-2\/heritage-rough-rider-small-bore-22-lr-single-action-revolver-rr22b4\/","title":{"rendered":"Heritage Rough Rider Small Bore .22 LR Single Action Revolver RR22B4"},"content":{"rendered":"<h3 class=\"tab_content_head\">CHI TI\u1ebeT<\/h3>\n<div class=\"product attribute description\">\n<div class=\"value\">\n<p>KH\u00d4NG B\u00c1N \u1ede IL, HI ho\u1eb7c MN.<\/p>\n<p>Born of the traditions of the Old West, the Rough Rider maintains much of the look and feel of the legendary Single Action Army revolver, only in a scaled down version. Chambered for the .22LR\u00a0cartridge, the Rough Rider is manufactured using state-of-the-art precision machinery that assures its accuracy and reliability. The cylinder lock-up is tight and the perfect timing of the action makes for a handgun that will put its shots where you want &#8217;em.<\/p>\n<p>N\u00f2ng s\u00fang gia c\u00f4ng c\u00f3 ren si\u00eau nh\u1ecf v\u00e0 \u0111\u01b0\u1ee3c l\u1eafp v\u00e0o khung \u0111\u1ec3 c\u00f3 kho\u1ea3ng c\u00e1ch gi\u1eefa n\u00f2ng s\u00fang\/tr\u1ee5 s\u00fang t\u1ed1i \u01b0u nh\u1eb1m mang l\u1ea1i cho b\u1ea1n hi\u1ec7u su\u1ea5t \u0111\u1ea1n t\u1ed1i \u0111a. M\u1ed9t kh\u1ed1i b\u00faa \u0111\u01b0\u1ee3c g\u1eafn trong t\u1ea5m ch\u1eafn gi\u1eadt cung c\u1ea5p kh\u1ea3 n\u0103ng b\u1ea3o v\u1ec7 b\u1ed5 sung v\u00e0 c\u00f3 ch\u1ec9 b\u00e1o ch\u1ea5m \u0111\u1ecf cho b\u1ea1n bi\u1ebft khi n\u00e0o s\u00fang s\u1eb5n s\u00e0ng ho\u1ea1t \u0111\u1ed9ng. M\u1ed9t chi\u1ebfc b\u00faa m\u1eb7t ph\u1eb3ng m\u1edbi, tr\u00f4ng ch\u00e2n th\u1ef1c h\u01a1n k\u1ebft h\u1ee3p v\u1edbi tay c\u1ea7m cocobolo k\u1ef3 l\u1ea1 m\u1edbi, l\u00e0m cho Rough Rider v\u1eeba ho\u1ea1t \u0111\u1ed9ng hi\u1ec7u qu\u1ea3 v\u1eeba \u0111\u1eb9p m\u1eaft. Ngo\u00e0i ra c\u00f2n c\u00f3 c\u00e1c v\u1eadt li\u1ec7u tay c\u1ea7m kh\u00e1c, c\u00f9ng v\u1edbi c\u00e1c t\u00f9y ch\u1ecdn ho\u00e0n thi\u1ec7n bao g\u1ed3m Satin B\u1ea1c M\u1ecbn h\u1ea5p d\u1eabn v\u00e0 b\u1ec1n b\u1ec9. Khi n\u00f3i \u0111\u1ebfn Rough Rider, kh\u00f4ng c\u00f3 l\u1ed1i t\u1eaft n\u00e0o \u0111\u01b0\u1ee3c th\u1ef1c hi\u1ec7n!<\/p>\n<p>L\u00fd t\u01b0\u1edfng cho vi\u1ec7c s\u0103n b\u1eafn, s\u0103n b\u1eafn ho\u1eb7c b\u1eafn s\u00fang h\u00e0nh \u0111\u1ed9ng ph\u01b0\u01a1ng T\u00e2y, h\u00e3y \u0111\u1ec3 Rough Rider l\u00e0 l\u1ef1a ch\u1ecdn c\u1ee7a b\u1ea1n trong m\u1ed9t kh\u1ea9u s\u00fang l\u1ee5c \u1ed5 quay m\u1edbi.<\/p>\n<h3>\u0110\u1eb7c tr\u01b0ng:<\/h3>\n<ul class=\"disc\">\n<li>Chi\u1ec1u d\u00e0i c\u1ee7a Rifling Twist: 1 Xoay trong 14 inch RH<\/li>\n<li>Ch\u1ea5t li\u1ec7u th\u00f9ng: Th\u00e9p 1215<\/li>\n<li>Ch\u1ea5t li\u1ec7u khung: H\u1ee3p kim nh\u00f4m<\/li>\n<li>V\u1eadt li\u1ec7u xi lanh: Th\u00e9p 12L14<\/li>\n<li>tay c\u1ea7m cocobolo<\/li>\n<\/ul>\n<\/div>\n<\/div>","protected":false},"excerpt":{"rendered":"<p>DETAILS NOT FOR SALE IN IL, HI or MN. Born of the traditions of the Old West, the Rough Rider maintains much of the look and feel of the legendary Single Action Army revolver, only in a scaled down version. Chambered for the .22LR\u00a0cartridge, the Rough Rider is manufactured using state-of-the-art precision machinery that assures [&hellip;]<\/p>","protected":false},"featured_media":3389,"template":"","meta":{"_acf_changed":false,"_joinchat":[]},"product_brand":[],"product_cat":[130],"product_tag":[],"class_list":{"0":"post-3382","1":"product","2":"type-product","3":"status-publish","4":"has-post-thumbnail","6":"product_cat-handguns","8":"first","9":"instock","10":"sale","11":"shipping-taxable","12":"purchasable","13":"product-type-simple"},"acf":[],"yoast_head":"<!-- This site is optimized with the Yoast SEO plugin v26.3 - https:\/\/yoast.com\/wordpress\/plugins\/seo\/ -->\n<title>Heritage Rough Rider Small Bore .22 LR Single Action Revolver RR22B4 - Buy gun online USA<\/title>\n<meta name=\"robots\" content=\"index, follow, max-snippet:-1, max-image-preview:large, max-video-preview:-1\" \/>\n<link rel=\"canonical\" href=\"https:\/\/www.gunmeplug.com\/vi\/san-pham-2\/heritage-rough-rider-small-bore-22-lr-single-action-revolver-rr22b4\/\" \/>\n<meta property=\"og:locale\" content=\"vi_VN\" \/>\n<meta property=\"og:type\" content=\"article\" \/>\n<meta property=\"og:title\" content=\"Heritage Rough Rider Small Bore .22 LR Single Action Revolver RR22B4 - Buy gun online USA\" \/>\n<meta property=\"og:description\" content=\"DETAILS NOT FOR SALE IN IL, HI or MN. Born of the traditions of the Old West, the Rough Rider maintains much of the look and feel of the legendary Single Action Army revolver, only in a scaled down version. Chambered for the .22LR\u00a0cartridge, the Rough Rider is manufactured using state-of-the-art precision machinery that assures [&hellip;]\" \/>\n<meta property=\"og:url\" content=\"https:\/\/www.gunmeplug.com\/vi\/san-pham-2\/heritage-rough-rider-small-bore-22-lr-single-action-revolver-rr22b4\/\" \/>\n<meta property=\"og:site_name\" content=\"Buy gun online USA\" \/>\n<meta property=\"article:modified_time\" content=\"2023-05-03T10:14:02+00:00\" \/>\n<meta property=\"og:image\" content=\"https:\/\/www.gunmeplug.com\/wp-content\/uploads\/2023\/05\/Heritage-Rough-Rider-Small-Bore-.22-1.jpg\" \/>\n\t<meta property=\"og:image:width\" content=\"600\" \/>\n\t<meta property=\"og:image:height\" content=\"600\" \/>\n\t<meta property=\"og:image:type\" content=\"image\/jpeg\" \/>\n<meta name=\"twitter:card\" content=\"summary_large_image\" \/>\n<meta name=\"twitter:label1\" content=\"\u01af\u1edbc t\u00ednh th\u1eddi gian \u0111\u1ecdc\" \/>\n\t<meta name=\"twitter:data1\" content=\"1 ph\u00fat\" \/>\n<script type=\"application\/ld+json\" class=\"yoast-schema-graph\">{\"@context\":\"https:\/\/schema.org\",\"@graph\":[{\"@type\":\"WebPage\",\"@id\":\"https:\/\/www.gunmeplug.com\/pt\/produto\/heritage-rough-rider-small-bore-22-lr-single-action-revolver-rr22b4\/\",\"url\":\"https:\/\/www.gunmeplug.com\/pt\/produto\/heritage-rough-rider-small-bore-22-lr-single-action-revolver-rr22b4\/\",\"name\":\"Heritage Rough Rider Small Bore .22 LR Single Action Revolver RR22B4 - Buy gun online USA\",\"isPartOf\":{\"@id\":\"https:\/\/www.gunmeplug.com\/#website\"},\"primaryImageOfPage\":{\"@id\":\"https:\/\/www.gunmeplug.com\/pt\/produto\/heritage-rough-rider-small-bore-22-lr-single-action-revolver-rr22b4\/#primaryimage\"},\"image\":{\"@id\":\"https:\/\/www.gunmeplug.com\/pt\/produto\/heritage-rough-rider-small-bore-22-lr-single-action-revolver-rr22b4\/#primaryimage\"},\"thumbnailUrl\":\"https:\/\/www.gunmeplug.com\/wp-content\/uploads\/2023\/05\/Heritage-Rough-Rider-Small-Bore-.22-1.jpg\",\"datePublished\":\"2023-05-03T09:18:58+00:00\",\"dateModified\":\"2023-05-03T10:14:02+00:00\",\"breadcrumb\":{\"@id\":\"https:\/\/www.gunmeplug.com\/pt\/produto\/heritage-rough-rider-small-bore-22-lr-single-action-revolver-rr22b4\/#breadcrumb\"},\"inLanguage\":\"vi\",\"potentialAction\":[{\"@type\":\"ReadAction\",\"target\":[\"https:\/\/www.gunmeplug.com\/pt\/produto\/heritage-rough-rider-small-bore-22-lr-single-action-revolver-rr22b4\/\"]}]},{\"@type\":\"ImageObject\",\"inLanguage\":\"vi\",\"@id\":\"https:\/\/www.gunmeplug.com\/pt\/produto\/heritage-rough-rider-small-bore-22-lr-single-action-revolver-rr22b4\/#primaryimage\",\"url\":\"https:\/\/www.gunmeplug.com\/wp-content\/uploads\/2023\/05\/Heritage-Rough-Rider-Small-Bore-.22-1.jpg\",\"contentUrl\":\"https:\/\/www.gunmeplug.com\/wp-content\/uploads\/2023\/05\/Heritage-Rough-Rider-Small-Bore-.22-1.jpg\",\"width\":600,\"height\":600,\"caption\":\"Heritage-Rough-Rider-Small-Bore-.22\"},{\"@type\":\"BreadcrumbList\",\"@id\":\"https:\/\/www.gunmeplug.com\/pt\/produto\/heritage-rough-rider-small-bore-22-lr-single-action-revolver-rr22b4\/#breadcrumb\",\"itemListElement\":[{\"@type\":\"ListItem\",\"position\":1,\"name\":\"Home\",\"item\":\"https:\/\/www.gunmeplug.com\/es\/\"},{\"@type\":\"ListItem\",\"position\":2,\"name\":\"Shop\",\"item\":\"https:\/\/www.gunmeplug.com\/es\/shop\/\"},{\"@type\":\"ListItem\",\"position\":3,\"name\":\"Heritage Rough Rider Small Bore .22 LR Single Action Revolver RR22B4\"}]},{\"@type\":\"WebSite\",\"@id\":\"https:\/\/www.gunmeplug.com\/#website\",\"url\":\"https:\/\/www.gunmeplug.com\/\",\"name\":\"Buy gun online USA\",\"description\":\"FireArms for sale online \",\"potentialAction\":[{\"@type\":\"SearchAction\",\"target\":{\"@type\":\"EntryPoint\",\"urlTemplate\":\"https:\/\/www.gunmeplug.com\/?s={search_term_string}\"},\"query-input\":{\"@type\":\"PropertyValueSpecification\",\"valueRequired\":true,\"valueName\":\"search_term_string\"}}],\"inLanguage\":\"vi\"}]}<\/script>\n<!-- \/ Yoast SEO plugin. -->","yoast_head_json":{"title":"Heritage Rough Rider Small Bore .22 LR Single Action Revolver RR22B4 - Buy gun online USA","robots":{"index":"index","follow":"follow","max-snippet":"max-snippet:-1","max-image-preview":"max-image-preview:large","max-video-preview":"max-video-preview:-1"},"canonical":"https:\/\/www.gunmeplug.com\/vi\/san-pham-2\/heritage-rough-rider-small-bore-22-lr-single-action-revolver-rr22b4\/","og_locale":"vi_VN","og_type":"article","og_title":"Heritage Rough Rider Small Bore .22 LR Single Action Revolver RR22B4 - Buy gun online USA","og_description":"DETAILS NOT FOR SALE IN IL, HI or MN. Born of the traditions of the Old West, the Rough Rider maintains much of the look and feel of the legendary Single Action Army revolver, only in a scaled down version. Chambered for the .22LR\u00a0cartridge, the Rough Rider is manufactured using state-of-the-art precision machinery that assures [&hellip;]","og_url":"https:\/\/www.gunmeplug.com\/vi\/san-pham-2\/heritage-rough-rider-small-bore-22-lr-single-action-revolver-rr22b4\/","og_site_name":"Buy gun online USA","article_modified_time":"2023-05-03T10:14:02+00:00","og_image":[{"width":600,"height":600,"url":"https:\/\/www.gunmeplug.com\/wp-content\/uploads\/2023\/05\/Heritage-Rough-Rider-Small-Bore-.22-1.jpg","type":"image\/jpeg"}],"twitter_card":"summary_large_image","twitter_misc":{"\u01af\u1edbc t\u00ednh th\u1eddi gian \u0111\u1ecdc":"1 ph\u00fat"},"schema":{"@context":"https:\/\/schema.org","@graph":[{"@type":"WebPage","@id":"https:\/\/www.gunmeplug.com\/pt\/produto\/heritage-rough-rider-small-bore-22-lr-single-action-revolver-rr22b4\/","url":"https:\/\/www.gunmeplug.com\/pt\/produto\/heritage-rough-rider-small-bore-22-lr-single-action-revolver-rr22b4\/","name":"Heritage Rough Rider Small Bore .22 LR Single Action Revolver RR22B4 - Buy gun online USA","isPartOf":{"@id":"https:\/\/www.gunmeplug.com\/#website"},"primaryImageOfPage":{"@id":"https:\/\/www.gunmeplug.com\/pt\/produto\/heritage-rough-rider-small-bore-22-lr-single-action-revolver-rr22b4\/#primaryimage"},"image":{"@id":"https:\/\/www.gunmeplug.com\/pt\/produto\/heritage-rough-rider-small-bore-22-lr-single-action-revolver-rr22b4\/#primaryimage"},"thumbnailUrl":"https:\/\/www.gunmeplug.com\/wp-content\/uploads\/2023\/05\/Heritage-Rough-Rider-Small-Bore-.22-1.jpg","datePublished":"2023-05-03T09:18:58+00:00","dateModified":"2023-05-03T10:14:02+00:00","breadcrumb":{"@id":"https:\/\/www.gunmeplug.com\/pt\/produto\/heritage-rough-rider-small-bore-22-lr-single-action-revolver-rr22b4\/#breadcrumb"},"inLanguage":"vi","potentialAction":[{"@type":"ReadAction","target":["https:\/\/www.gunmeplug.com\/pt\/produto\/heritage-rough-rider-small-bore-22-lr-single-action-revolver-rr22b4\/"]}]},{"@type":"ImageObject","inLanguage":"vi","@id":"https:\/\/www.gunmeplug.com\/pt\/produto\/heritage-rough-rider-small-bore-22-lr-single-action-revolver-rr22b4\/#primaryimage","url":"https:\/\/www.gunmeplug.com\/wp-content\/uploads\/2023\/05\/Heritage-Rough-Rider-Small-Bore-.22-1.jpg","contentUrl":"https:\/\/www.gunmeplug.com\/wp-content\/uploads\/2023\/05\/Heritage-Rough-Rider-Small-Bore-.22-1.jpg","width":600,"height":600,"caption":"Heritage-Rough-Rider-Small-Bore-.22"},{"@type":"BreadcrumbList","@id":"https:\/\/www.gunmeplug.com\/pt\/produto\/heritage-rough-rider-small-bore-22-lr-single-action-revolver-rr22b4\/#breadcrumb","itemListElement":[{"@type":"ListItem","position":1,"name":"Home","item":"https:\/\/www.gunmeplug.com\/es\/"},{"@type":"ListItem","position":2,"name":"Shop","item":"https:\/\/www.gunmeplug.com\/es\/shop\/"},{"@type":"ListItem","position":3,"name":"Heritage Rough Rider Small Bore .22 LR Single Action Revolver RR22B4"}]},{"@type":"WebSite","@id":"https:\/\/www.gunmeplug.com\/#website","url":"https:\/\/www.gunmeplug.com\/","name":"Mua s\u00fang tr\u1ef1c tuy\u1ebfn Hoa K\u1ef3","description":"FireArms for sale online","potentialAction":[{"@type":"SearchAction","target":{"@type":"EntryPoint","urlTemplate":"https:\/\/www.gunmeplug.com\/?s={search_term_string}"},"query-input":{"@type":"PropertyValueSpecification","valueRequired":true,"valueName":"search_term_string"}}],"inLanguage":"vi"}]}},"_links":{"self":[{"href":"https:\/\/www.gunmeplug.com\/vi\/wp-json\/wp\/v2\/product\/3382","targetHints":{"allow":["GET"]}}],"collection":[{"href":"https:\/\/www.gunmeplug.com\/vi\/wp-json\/wp\/v2\/product"}],"about":[{"href":"https:\/\/www.gunmeplug.com\/vi\/wp-json\/wp\/v2\/types\/product"}],"wp:featuredmedia":[{"embeddable":true,"href":"https:\/\/www.gunmeplug.com\/vi\/wp-json\/wp\/v2\/media\/3389"}],"wp:attachment":[{"href":"https:\/\/www.gunmeplug.com\/vi\/wp-json\/wp\/v2\/media?parent=3382"}],"wp:term":[{"taxonomy":"product_brand","embeddable":true,"href":"https:\/\/www.gunmeplug.com\/vi\/wp-json\/wp\/v2\/product_brand?post=3382"},{"taxonomy":"product_cat","embeddable":true,"href":"https:\/\/www.gunmeplug.com\/vi\/wp-json\/wp\/v2\/product_cat?post=3382"},{"taxonomy":"product_tag","embeddable":true,"href":"https:\/\/www.gunmeplug.com\/vi\/wp-json\/wp\/v2\/product_tag?post=3382"}],"curies":[{"name":"wp","href":"https:\/\/api.w.org\/{rel}","templated":true}]}}