{"id":3158,"date":"2021-04-08T06:40:57","date_gmt":"2021-04-08T06:40:57","guid":{"rendered":"https:\/\/www.gunmeplug.com\/?post_type=product&#038;p=3158"},"modified":"2025-07-24T02:24:43","modified_gmt":"2025-07-24T02:24:43","slug":"glock-43x-9mm-px4350201","status":"publish","type":"product","link":"https:\/\/www.gunmeplug.com\/vi\/san-pham-2\/glock-43x-9mm-px4350201\/","title":{"rendered":"Glock 43X 9mm PX4350201"},"content":{"rendered":"<h1>Glock 43X 9mm PX4350201<\/h1>\n<p>N\u1eb1m trong Luger 9mm, G43X Rail c\u00f3 khung Slimline nh\u1ecf g\u1ecdn v\u1edbi thanh tr\u01b0\u1ee3t m\u00e0u \u0111en c\u00f3 l\u1edbp ho\u00e0n thi\u1ec7n nDLC. Dung l\u01b0\u1ee3ng b\u0103ng \u0111\u1ea1n 10 vi\u00ean khi\u1ebfn n\u00f3 tr\u1edf n\u00ean l\u00fd t\u01b0\u1edfng cho vi\u1ec7c mang theo gi\u1ea5u k\u00edn.<\/p>\n<p>\u0110\u01b0\u1ee3c thi\u1ebft k\u1ebf cho s\u1ef1 tho\u1ea3i m\u00e1i, <a href=\"https:\/\/en.wikipedia.org\/wiki\/Gun#Military\">the<\/a> G43X combines a compact-size grip length, a built-in beaver tail and a subcompact-slim slide for a comfortably balanced, versatile grip that\u00b4s ideal for a variety of users.<\/p>\n<p>Khung k\u1ebft h\u1ee3p c\u00e1c th\u00e0nh ph\u1ea7n c\u1ee7a d\u00f2ng Gen5 v\u00e0 Slimline ch\u1eb3ng h\u1ea1n nh\u01b0 <a href=\"https:\/\/www.gunmeplug.com\/vi\/san-pham-2\/glock-g43-9mm-subcompact-pistol-usa-ui4350201\/\">short<\/a> kho\u1ea3ng c\u00e1ch k\u00edch ho\u1ea1t, m\u1ed9t khung c\u00f3 \u0111u\u00f4i h\u1ea3i ly t\u00edch h\u1ee3p, m\u1ed9t \u1ed5 \u0111\u1ea1n c\u00f3 th\u1ec3 \u0111\u1ea3o ng\u01b0\u1ee3c v\u00e0 GLOCK Marksman Barrel (GMB) c\u1ef1c k\u1ef3 ch\u00ednh x\u00e1c, ph\u00f9 h\u1ee3p v\u1edbi c\u1ea5p \u0111\u1ed9 v\u00e0 c\u00e1c r\u0103ng c\u01b0a ph\u00eda tr\u01b0\u1edbc \u0111\u01b0\u1ee3c phay ch\u00ednh x\u00e1c.<\/p>\n<table>\n<tbody>\n<tr data-exp=\"H;;;;;;\" data-exp-noani=\"1\">\n<td><strong>Glock<\/strong>\u00a0<strong>For Sale<\/strong>\u00a0&#8211; In Stock\u00a0<strong>Glock<\/strong>\u00a0Guns Price Cheap<\/td>\n<\/tr>\n<\/tbody>\n<\/table>\n<h3 class=\"tab_content_head\">MORE INFORMATION<\/h3>\n<div class=\"additional-attributes-wrapper table-wrapper\">\n<table id=\"product-attribute-specs-table\" class=\"data table additional-attributes\">\n<caption class=\"table-caption\">More Information<\/caption>\n<tbody>\n<tr>\n<th class=\"col label\" scope=\"row\">SKU<\/th>\n<td class=\"col data\" data-th=\"SKU\">31300158<\/td>\n<\/tr>\n<tr>\n<th class=\"col label\" scope=\"row\">UPC<\/th>\n<td class=\"col data\" data-th=\"UPC\">764503037894<\/td>\n<\/tr>\n<tr>\n<th class=\"col label\" scope=\"row\">Brand<\/th>\n<td class=\"col data\" data-th=\"Brand\">Glock<\/td>\n<\/tr>\n<tr>\n<th class=\"col label\" scope=\"row\">Model Name<\/th>\n<td class=\"col data\" data-th=\"Model Name\">43X<\/td>\n<\/tr>\n<tr>\n<th class=\"col label\" scope=\"row\">MPN<\/th>\n<td class=\"col data\" data-th=\"MPN\">PX4350201<\/td>\n<\/tr>\n<tr>\n<th class=\"col label\" scope=\"row\">Caliber<\/th>\n<td class=\"col data\" data-th=\"Caliber\">9mm<\/td>\n<\/tr>\n<tr>\n<th class=\"col label\" scope=\"row\">Class<\/th>\n<td class=\"col data\" data-th=\"Class\">Subcompact<\/td>\n<\/tr>\n<tr>\n<th class=\"col label\" scope=\"row\">Capacity<\/th>\n<td class=\"col data\" data-th=\"Capacity\">10+1<\/td>\n<\/tr>\n<tr>\n<th class=\"col label\" scope=\"row\">Barrel Length<\/th>\n<td class=\"col data\" data-th=\"Barrel Length\">3.41&#8243;<\/td>\n<\/tr>\n<tr>\n<th class=\"col label\" scope=\"row\">Length<\/th>\n<td class=\"col data\" data-th=\"Length\">6.5&#8243;<\/td>\n<\/tr>\n<tr>\n<th class=\"col label\" scope=\"row\">Weight<\/th>\n<td class=\"col data\" data-th=\"Weight\">23.07oz<\/td>\n<\/tr>\n<tr>\n<th class=\"col label\" scope=\"row\">Sights<\/th>\n<td class=\"col data\" data-th=\"Sights\">Fixed<\/td>\n<\/tr>\n<tr>\n<th class=\"col label\" scope=\"row\">Grip<\/th>\n<td class=\"col data\" data-th=\"Grip\">Standard<\/td>\n<\/tr>\n<tr>\n<th class=\"col label\" scope=\"row\">Trigger<\/th>\n<td class=\"col data\" data-th=\"Trigger\">Standard<\/td>\n<\/tr>\n<tr>\n<th class=\"col label\" scope=\"row\">Safety<\/th>\n<td class=\"col data\" data-th=\"Safety\">No Manual Safety<\/td>\n<\/tr>\n<tr>\n<th class=\"col label\" scope=\"row\">Finish<\/th>\n<td class=\"col data\" data-th=\"Finish\">Black nDLC Finish<\/td>\n<\/tr>\n<tr>\n<th class=\"col label\" scope=\"row\">Condition<\/th>\n<td class=\"col data\" data-th=\"Condition\">New in Box<\/td>\n<\/tr>\n<tr>\n<th class=\"col label\" scope=\"row\">MSRP (Static)<\/th>\n<td class=\"col data\" data-th=\"MSRP (Static)\">538.00<\/td>\n<\/tr>\n<\/tbody>\n<\/table>\n<\/div>","protected":false},"excerpt":{"rendered":"<p>Glock 43X 9mm PX4350201 Chambered in 9mm Luger the G43X Rail feature a compact Slimline frame with a black slide with an nDLC finish. The 10-round magazine capacity makes it ideal for concealed carry. Designed for comfort, the G43X combines a compact-size grip length, a built-in beaver tail and a subcompact-slim slide for a comfortably [&hellip;]<\/p>","protected":false},"featured_media":3159,"template":"","meta":{"_acf_changed":false,"_joinchat":[]},"product_brand":[],"product_cat":[136,130],"product_tag":[194,189,191,202,192,193,188,190,198,201,195,200,197,199,196],"class_list":{"0":"post-3158","1":"product","2":"type-product","3":"status-publish","4":"has-post-thumbnail","6":"product_cat-glocks-for-sale","7":"product_cat-handguns","8":"product_tag-best-glock-accessories","9":"product_tag-buy-a-glock-17-gen","10":"product_tag-g17-gen5-mos","11":"product_tag-glock-113558","12":"product_tag-glock-17-9mm-pistol","13":"product_tag-glock-17-gen-5","14":"product_tag-glock-17-gen-5-for-sale","15":"product_tag-glock-17-gen5-mos","16":"product_tag-glock-43x-9mm-for-sale","17":"product_tag-glock-43x-buds","18":"product_tag-glock-43x-buds-gun-shop","19":"product_tag-glock-43x-for-sale-nj","20":"product_tag-glock-43x-for-sale-vendor","21":"product_tag-glock-43x-gun-deals","22":"product_tag-glock-43x-rural-king","24":"first","25":"instock","26":"sale","27":"shipping-taxable","28":"purchasable","29":"product-type-simple"},"acf":[],"yoast_head":"<!-- This site is optimized with the Yoast SEO plugin v26.3 - https:\/\/yoast.com\/wordpress\/plugins\/seo\/ -->\n<title>Glock 43X 9mm PX4350201, Glock 43 - 9mm, Glock Handguns for Sale<\/title>\n<meta name=\"description\" content=\"Glock 43X 9mm PX4350201, Glock 43x for sale. The GLOCK G43X Sub-Compact Slimline 9mm Pistol combines a sub-compact frame and GLOCK\u2019s\" \/>\n<meta name=\"robots\" content=\"index, follow, max-snippet:-1, max-image-preview:large, max-video-preview:-1\" \/>\n<link rel=\"canonical\" href=\"https:\/\/www.gunmeplug.com\/vi\/san-pham-2\/glock-43x-9mm-px4350201\/\" \/>\n<meta property=\"og:locale\" content=\"vi_VN\" \/>\n<meta property=\"og:type\" content=\"article\" \/>\n<meta property=\"og:title\" content=\"Glock 43X 9mm PX4350201, Glock 43 - 9mm, Glock Handguns for Sale\" \/>\n<meta property=\"og:description\" content=\"Glock 43X 9mm PX4350201, Glock 43x for sale. The GLOCK G43X Sub-Compact Slimline 9mm Pistol combines a sub-compact frame and GLOCK\u2019s\" \/>\n<meta property=\"og:url\" content=\"https:\/\/www.gunmeplug.com\/vi\/san-pham-2\/glock-43x-9mm-px4350201\/\" \/>\n<meta property=\"og:site_name\" content=\"Buy gun online USA\" \/>\n<meta property=\"article:modified_time\" content=\"2025-07-24T02:24:43+00:00\" \/>\n<meta property=\"og:image\" content=\"https:\/\/www.gunmeplug.com\/wp-content\/uploads\/2021\/04\/glock-43x-9mm-px4350201.jpg\" \/>\n\t<meta property=\"og:image:width\" content=\"600\" \/>\n\t<meta property=\"og:image:height\" content=\"600\" \/>\n\t<meta property=\"og:image:type\" content=\"image\/jpeg\" \/>\n<meta name=\"twitter:card\" content=\"summary_large_image\" \/>\n<meta name=\"twitter:label1\" content=\"\u01af\u1edbc t\u00ednh th\u1eddi gian \u0111\u1ecdc\" \/>\n\t<meta name=\"twitter:data1\" content=\"1 ph\u00fat\" \/>\n<script type=\"application\/ld+json\" class=\"yoast-schema-graph\">{\"@context\":\"https:\/\/schema.org\",\"@graph\":[{\"@type\":\"WebPage\",\"@id\":\"https:\/\/www.gunmeplug.com\/nl\/product\/glock-43x-9mm-px4350201\/\",\"url\":\"https:\/\/www.gunmeplug.com\/nl\/product\/glock-43x-9mm-px4350201\/\",\"name\":\"Glock 43X 9mm PX4350201, Glock 43 - 9mm, Glock Handguns for Sale\",\"isPartOf\":{\"@id\":\"https:\/\/www.gunmeplug.com\/#website\"},\"primaryImageOfPage\":{\"@id\":\"https:\/\/www.gunmeplug.com\/nl\/product\/glock-43x-9mm-px4350201\/#primaryimage\"},\"image\":{\"@id\":\"https:\/\/www.gunmeplug.com\/nl\/product\/glock-43x-9mm-px4350201\/#primaryimage\"},\"thumbnailUrl\":\"https:\/\/www.gunmeplug.com\/wp-content\/uploads\/2021\/04\/glock-43x-9mm-px4350201.jpg\",\"datePublished\":\"2021-04-08T06:40:57+00:00\",\"dateModified\":\"2025-07-24T02:24:43+00:00\",\"description\":\"Glock 43X 9mm PX4350201, Glock 43x for sale. The GLOCK G43X Sub-Compact Slimline 9mm Pistol combines a sub-compact frame and GLOCK\u2019s\",\"breadcrumb\":{\"@id\":\"https:\/\/www.gunmeplug.com\/nl\/product\/glock-43x-9mm-px4350201\/#breadcrumb\"},\"inLanguage\":\"vi\",\"potentialAction\":[{\"@type\":\"ReadAction\",\"target\":[\"https:\/\/www.gunmeplug.com\/nl\/product\/glock-43x-9mm-px4350201\/\"]}]},{\"@type\":\"ImageObject\",\"inLanguage\":\"vi\",\"@id\":\"https:\/\/www.gunmeplug.com\/nl\/product\/glock-43x-9mm-px4350201\/#primaryimage\",\"url\":\"https:\/\/www.gunmeplug.com\/wp-content\/uploads\/2021\/04\/glock-43x-9mm-px4350201.jpg\",\"contentUrl\":\"https:\/\/www.gunmeplug.com\/wp-content\/uploads\/2021\/04\/glock-43x-9mm-px4350201.jpg\",\"width\":600,\"height\":600,\"caption\":\"Glock 43X 9mm PX4350201\"},{\"@type\":\"BreadcrumbList\",\"@id\":\"https:\/\/www.gunmeplug.com\/nl\/product\/glock-43x-9mm-px4350201\/#breadcrumb\",\"itemListElement\":[{\"@type\":\"ListItem\",\"position\":1,\"name\":\"Home\",\"item\":\"https:\/\/www.gunmeplug.com\/es\/\"},{\"@type\":\"ListItem\",\"position\":2,\"name\":\"Shop\",\"item\":\"https:\/\/www.gunmeplug.com\/es\/shop\/\"},{\"@type\":\"ListItem\",\"position\":3,\"name\":\"Glock 43X 9mm PX4350201\"}]},{\"@type\":\"WebSite\",\"@id\":\"https:\/\/www.gunmeplug.com\/#website\",\"url\":\"https:\/\/www.gunmeplug.com\/\",\"name\":\"Buy gun online USA\",\"description\":\"FireArms for sale online \",\"potentialAction\":[{\"@type\":\"SearchAction\",\"target\":{\"@type\":\"EntryPoint\",\"urlTemplate\":\"https:\/\/www.gunmeplug.com\/?s={search_term_string}\"},\"query-input\":{\"@type\":\"PropertyValueSpecification\",\"valueRequired\":true,\"valueName\":\"search_term_string\"}}],\"inLanguage\":\"vi\"}]}<\/script>\n<!-- \/ Yoast SEO plugin. -->","yoast_head_json":{"title":"Glock 43X 9mm PX4350201, Glock 43 - 9mm, Glock Handguns for Sale","description":"Glock 43X 9mm PX4350201, Glock 43x for sale. The GLOCK G43X Sub-Compact Slimline 9mm Pistol combines a sub-compact frame and GLOCK\u2019s","robots":{"index":"index","follow":"follow","max-snippet":"max-snippet:-1","max-image-preview":"max-image-preview:large","max-video-preview":"max-video-preview:-1"},"canonical":"https:\/\/www.gunmeplug.com\/vi\/san-pham-2\/glock-43x-9mm-px4350201\/","og_locale":"vi_VN","og_type":"article","og_title":"Glock 43X 9mm PX4350201, Glock 43 - 9mm, Glock Handguns for Sale","og_description":"Glock 43X 9mm PX4350201, Glock 43x for sale. The GLOCK G43X Sub-Compact Slimline 9mm Pistol combines a sub-compact frame and GLOCK\u2019s","og_url":"https:\/\/www.gunmeplug.com\/vi\/san-pham-2\/glock-43x-9mm-px4350201\/","og_site_name":"Buy gun online USA","article_modified_time":"2025-07-24T02:24:43+00:00","og_image":[{"width":600,"height":600,"url":"https:\/\/www.gunmeplug.com\/wp-content\/uploads\/2021\/04\/glock-43x-9mm-px4350201.jpg","type":"image\/jpeg"}],"twitter_card":"summary_large_image","twitter_misc":{"\u01af\u1edbc t\u00ednh th\u1eddi gian \u0111\u1ecdc":"1 ph\u00fat"},"schema":{"@context":"https:\/\/schema.org","@graph":[{"@type":"WebPage","@id":"https:\/\/www.gunmeplug.com\/nl\/product\/glock-43x-9mm-px4350201\/","url":"https:\/\/www.gunmeplug.com\/nl\/product\/glock-43x-9mm-px4350201\/","name":"Glock 43X 9mm PX4350201, Glock 43 - 9mm, Glock Handguns for Sale","isPartOf":{"@id":"https:\/\/www.gunmeplug.com\/#website"},"primaryImageOfPage":{"@id":"https:\/\/www.gunmeplug.com\/nl\/product\/glock-43x-9mm-px4350201\/#primaryimage"},"image":{"@id":"https:\/\/www.gunmeplug.com\/nl\/product\/glock-43x-9mm-px4350201\/#primaryimage"},"thumbnailUrl":"https:\/\/www.gunmeplug.com\/wp-content\/uploads\/2021\/04\/glock-43x-9mm-px4350201.jpg","datePublished":"2021-04-08T06:40:57+00:00","dateModified":"2025-07-24T02:24:43+00:00","description":"Glock 43X 9mm PX4350201, Glock 43x for sale. The GLOCK G43X Sub-Compact Slimline 9mm Pistol combines a sub-compact frame and GLOCK\u2019s","breadcrumb":{"@id":"https:\/\/www.gunmeplug.com\/nl\/product\/glock-43x-9mm-px4350201\/#breadcrumb"},"inLanguage":"vi","potentialAction":[{"@type":"ReadAction","target":["https:\/\/www.gunmeplug.com\/nl\/product\/glock-43x-9mm-px4350201\/"]}]},{"@type":"ImageObject","inLanguage":"vi","@id":"https:\/\/www.gunmeplug.com\/nl\/product\/glock-43x-9mm-px4350201\/#primaryimage","url":"https:\/\/www.gunmeplug.com\/wp-content\/uploads\/2021\/04\/glock-43x-9mm-px4350201.jpg","contentUrl":"https:\/\/www.gunmeplug.com\/wp-content\/uploads\/2021\/04\/glock-43x-9mm-px4350201.jpg","width":600,"height":600,"caption":"Glock 43X 9mm PX4350201"},{"@type":"BreadcrumbList","@id":"https:\/\/www.gunmeplug.com\/nl\/product\/glock-43x-9mm-px4350201\/#breadcrumb","itemListElement":[{"@type":"ListItem","position":1,"name":"Home","item":"https:\/\/www.gunmeplug.com\/es\/"},{"@type":"ListItem","position":2,"name":"Shop","item":"https:\/\/www.gunmeplug.com\/es\/shop\/"},{"@type":"ListItem","position":3,"name":"Glock 43X 9mm PX4350201"}]},{"@type":"WebSite","@id":"https:\/\/www.gunmeplug.com\/#website","url":"https:\/\/www.gunmeplug.com\/","name":"Mua s\u00fang tr\u1ef1c tuy\u1ebfn Hoa K\u1ef3","description":"FireArms for sale online","potentialAction":[{"@type":"SearchAction","target":{"@type":"EntryPoint","urlTemplate":"https:\/\/www.gunmeplug.com\/?s={search_term_string}"},"query-input":{"@type":"PropertyValueSpecification","valueRequired":true,"valueName":"search_term_string"}}],"inLanguage":"vi"}]}},"_links":{"self":[{"href":"https:\/\/www.gunmeplug.com\/vi\/wp-json\/wp\/v2\/product\/3158","targetHints":{"allow":["GET"]}}],"collection":[{"href":"https:\/\/www.gunmeplug.com\/vi\/wp-json\/wp\/v2\/product"}],"about":[{"href":"https:\/\/www.gunmeplug.com\/vi\/wp-json\/wp\/v2\/types\/product"}],"wp:featuredmedia":[{"embeddable":true,"href":"https:\/\/www.gunmeplug.com\/vi\/wp-json\/wp\/v2\/media\/3159"}],"wp:attachment":[{"href":"https:\/\/www.gunmeplug.com\/vi\/wp-json\/wp\/v2\/media?parent=3158"}],"wp:term":[{"taxonomy":"product_brand","embeddable":true,"href":"https:\/\/www.gunmeplug.com\/vi\/wp-json\/wp\/v2\/product_brand?post=3158"},{"taxonomy":"product_cat","embeddable":true,"href":"https:\/\/www.gunmeplug.com\/vi\/wp-json\/wp\/v2\/product_cat?post=3158"},{"taxonomy":"product_tag","embeddable":true,"href":"https:\/\/www.gunmeplug.com\/vi\/wp-json\/wp\/v2\/product_tag?post=3158"}],"curies":[{"name":"wp","href":"https:\/\/api.w.org\/{rel}","templated":true}]}}