{"id":3155,"date":"2021-04-08T06:38:35","date_gmt":"2021-04-08T06:38:35","guid":{"rendered":"https:\/\/www.gunmeplug.com\/?post_type=product&#038;p=3155"},"modified":"2025-06-19T03:43:43","modified_gmt":"2025-06-19T03:43:43","slug":"glock-19-gen3-9mm-15rd-4-01-pistol-pi-19502-03","status":"publish","type":"product","link":"https:\/\/www.gunmeplug.com\/vi\/san-pham-2\/glock-19-gen3-9mm-15rd-4-01-pistol-pi-19502-03\/","title":{"rendered":"Glock 19 Gen3 9mm 15rd 4.01&#8243; Pistol PI-19502-03"},"content":{"rendered":"<p>Glock 19 Gen3 9mm is ideal for a more versatile role because of its reduced dimensions when compared to the standard sized option. Chambered in 9&#215;19, the G19 has found worldwide acclaim with both <a href=\"https:\/\/www.gunmeplug.com\/vi\/san-pham-2\/glock-19-gen3-9mm-15rd-4-01-pistol-pi-19502-03\/\">private<\/a> v\u00e0 c\u00e1c c\u01a1 quan c\u00f4ng an. Ngo\u00e0i vi\u1ec7c \u0111\u01b0\u1ee3c s\u1eed d\u1ee5ng nh\u01b0 m\u1ed9t kh\u1ea9u s\u00fang l\u1ee5c d\u1ecbch v\u1ee5 th\u00f4ng th\u01b0\u1eddng, n\u00f3 c\u00f2n l\u00fd t\u01b0\u1edfng \u0111\u1ec3 mang theo gi\u1ea5u k\u00edn ho\u1eb7c l\u00e0m v\u0169 kh\u00ed d\u1ef1 ph\u00f2ng Glock 19 Gen3 9mm.<\/p>\n<p>Model: Gen 3 19<br \/>\nType: Pistol: Semi-Auto<br \/>\nCaliber: 9MM<br \/>\nFinish: Black Matte<br \/>\nAction: Safe Action<br \/>\nSight: <a href=\"https:\/\/en.wikipedia.org\/wiki\/Gun#Military\">Fixed<\/a><br \/>\nBarrel Length: 4.02<br \/>\nOverall Length: 6.85<br \/>\nWeight: 20.99 oz<br \/>\nCapacity: 15+1<br \/>\n# of Mags: 2<br \/>\nSafety: Safe Action-3 Separate Automatic Safeties<br \/>\nReceiver: Polymer with Finger Grooves<br \/>\nPackaging: Plastic Case<br \/>\nFeatures: Magazine Loader, Cleaning Rod and Brush<\/p>","protected":false},"excerpt":{"rendered":"<p>Glock 19 Gen3 9mm is ideal for a more versatile role because of its reduced dimensions when compared to the standard sized option. Chambered in 9&#215;19, the G19 has found worldwide acclaim with both private and public security agencies. In addition to being used as a conventional service pistol, it is ideal for concealed carry [&hellip;]<\/p>","protected":false},"featured_media":3156,"template":"","meta":{"_acf_changed":false,"_joinchat":[]},"product_brand":[],"product_cat":[136,130],"product_tag":[204,203,209,208,206,205,207],"class_list":{"0":"post-3155","1":"product","2":"type-product","3":"status-publish","4":"has-post-thumbnail","6":"product_cat-glocks-for-sale","7":"product_cat-handguns","8":"product_tag-g19-gen-3-for-sale","9":"product_tag-gen-3-glock-for-sale","10":"product_tag-gen-4-vs-gen-5-glock","11":"product_tag-glock-17-gen-3-accessories","12":"product_tag-glock-19c-gen-3","13":"product_tag-glock-g19-gen3","14":"product_tag-glock-gen-3-vs-gen-5","16":"first","17":"instock","18":"shipping-taxable","19":"purchasable","20":"product-type-simple"},"acf":[],"yoast_head":"<!-- This site is optimized with the Yoast SEO plugin v26.3 - https:\/\/yoast.com\/wordpress\/plugins\/seo\/ -->\n<title>Glock 19 Gen3 9mm, GEN3\/4 - 9MM FOR SALE - Glock 19 Pistols<\/title>\n<meta name=\"description\" content=\"The Glock 19 Gen 3 for sale online is considered a very balanced and comfortably sized Glock which makes it the most popular handgun carried in the United States\" \/>\n<meta name=\"robots\" content=\"index, follow, max-snippet:-1, max-image-preview:large, max-video-preview:-1\" \/>\n<link rel=\"canonical\" href=\"https:\/\/www.gunmeplug.com\/vi\/san-pham-2\/glock-19-gen3-9mm-15rd-4-01-pistol-pi-19502-03\/\" \/>\n<meta property=\"og:locale\" content=\"vi_VN\" \/>\n<meta property=\"og:type\" content=\"article\" \/>\n<meta property=\"og:title\" content=\"Glock 19 Gen3 9mm, GEN3\/4 - 9MM FOR SALE - Glock 19 Pistols\" \/>\n<meta property=\"og:description\" content=\"The Glock 19 Gen 3 for sale online is considered a very balanced and comfortably sized Glock which makes it the most popular handgun carried in the United States\" \/>\n<meta property=\"og:url\" content=\"https:\/\/www.gunmeplug.com\/vi\/san-pham-2\/glock-19-gen3-9mm-15rd-4-01-pistol-pi-19502-03\/\" \/>\n<meta property=\"og:site_name\" content=\"Buy gun online USA\" \/>\n<meta property=\"article:modified_time\" content=\"2025-06-19T03:43:43+00:00\" \/>\n<meta property=\"og:image\" content=\"https:\/\/www.gunmeplug.com\/wp-content\/uploads\/2021\/04\/glock-19-gen3-9mm-15rd-4-01-pistol-pi-19502-03.jpg\" \/>\n\t<meta property=\"og:image:width\" content=\"600\" \/>\n\t<meta property=\"og:image:height\" content=\"600\" \/>\n\t<meta property=\"og:image:type\" content=\"image\/jpeg\" \/>\n<meta name=\"twitter:card\" content=\"summary_large_image\" \/>\n<meta name=\"twitter:label1\" content=\"\u01af\u1edbc t\u00ednh th\u1eddi gian \u0111\u1ecdc\" \/>\n\t<meta name=\"twitter:data1\" content=\"1 ph\u00fat\" \/>\n<script type=\"application\/ld+json\" class=\"yoast-schema-graph\">{\"@context\":\"https:\/\/schema.org\",\"@graph\":[{\"@type\":\"WebPage\",\"@id\":\"https:\/\/www.gunmeplug.com\/vi\/san-pham-2\/glock-19-gen3-9mm-15rd-4-01-pistol-pi-19502-03\/\",\"url\":\"https:\/\/www.gunmeplug.com\/vi\/san-pham-2\/glock-19-gen3-9mm-15rd-4-01-pistol-pi-19502-03\/\",\"name\":\"Glock 19 Gen3 9mm, GEN3\/4 - 9MM FOR SALE - Glock 19 Pistols\",\"isPartOf\":{\"@id\":\"https:\/\/www.gunmeplug.com\/#website\"},\"primaryImageOfPage\":{\"@id\":\"https:\/\/www.gunmeplug.com\/vi\/san-pham-2\/glock-19-gen3-9mm-15rd-4-01-pistol-pi-19502-03\/#primaryimage\"},\"image\":{\"@id\":\"https:\/\/www.gunmeplug.com\/vi\/san-pham-2\/glock-19-gen3-9mm-15rd-4-01-pistol-pi-19502-03\/#primaryimage\"},\"thumbnailUrl\":\"https:\/\/www.gunmeplug.com\/wp-content\/uploads\/2021\/04\/glock-19-gen3-9mm-15rd-4-01-pistol-pi-19502-03.jpg\",\"datePublished\":\"2021-04-08T06:38:35+00:00\",\"dateModified\":\"2025-06-19T03:43:43+00:00\",\"description\":\"The Glock 19 Gen 3 for sale online is considered a very balanced and comfortably sized Glock which makes it the most popular handgun carried in the United States\",\"breadcrumb\":{\"@id\":\"https:\/\/www.gunmeplug.com\/vi\/san-pham-2\/glock-19-gen3-9mm-15rd-4-01-pistol-pi-19502-03\/#breadcrumb\"},\"inLanguage\":\"vi\",\"potentialAction\":[{\"@type\":\"ReadAction\",\"target\":[\"https:\/\/www.gunmeplug.com\/vi\/san-pham-2\/glock-19-gen3-9mm-15rd-4-01-pistol-pi-19502-03\/\"]}]},{\"@type\":\"ImageObject\",\"inLanguage\":\"vi\",\"@id\":\"https:\/\/www.gunmeplug.com\/vi\/san-pham-2\/glock-19-gen3-9mm-15rd-4-01-pistol-pi-19502-03\/#primaryimage\",\"url\":\"https:\/\/www.gunmeplug.com\/wp-content\/uploads\/2021\/04\/glock-19-gen3-9mm-15rd-4-01-pistol-pi-19502-03.jpg\",\"contentUrl\":\"https:\/\/www.gunmeplug.com\/wp-content\/uploads\/2021\/04\/glock-19-gen3-9mm-15rd-4-01-pistol-pi-19502-03.jpg\",\"width\":600,\"height\":600,\"caption\":\"Glock 19 Gen3 9mm\"},{\"@type\":\"BreadcrumbList\",\"@id\":\"https:\/\/www.gunmeplug.com\/vi\/san-pham-2\/glock-19-gen3-9mm-15rd-4-01-pistol-pi-19502-03\/#breadcrumb\",\"itemListElement\":[{\"@type\":\"ListItem\",\"position\":1,\"name\":\"Home\",\"item\":\"https:\/\/www.gunmeplug.com\/es\/\"},{\"@type\":\"ListItem\",\"position\":2,\"name\":\"Shop\",\"item\":\"https:\/\/www.gunmeplug.com\/es\/shop\/\"},{\"@type\":\"ListItem\",\"position\":3,\"name\":\"Glock 19 Gen3 9mm 15rd 4.01&#8243; Pistol PI-19502-03\"}]},{\"@type\":\"WebSite\",\"@id\":\"https:\/\/www.gunmeplug.com\/#website\",\"url\":\"https:\/\/www.gunmeplug.com\/\",\"name\":\"Buy gun online USA\",\"description\":\"FireArms for sale online \",\"potentialAction\":[{\"@type\":\"SearchAction\",\"target\":{\"@type\":\"EntryPoint\",\"urlTemplate\":\"https:\/\/www.gunmeplug.com\/?s={search_term_string}\"},\"query-input\":{\"@type\":\"PropertyValueSpecification\",\"valueRequired\":true,\"valueName\":\"search_term_string\"}}],\"inLanguage\":\"vi\"}]}<\/script>\n<!-- \/ Yoast SEO plugin. -->","yoast_head_json":{"title":"Glock 19 Gen3 9mm, GEN3\/4 - 9MM FOR SALE - Glock 19 Pistols","description":"The Glock 19 Gen 3 for sale online is considered a very balanced and comfortably sized Glock which makes it the most popular handgun carried in the United States","robots":{"index":"index","follow":"follow","max-snippet":"max-snippet:-1","max-image-preview":"max-image-preview:large","max-video-preview":"max-video-preview:-1"},"canonical":"https:\/\/www.gunmeplug.com\/vi\/san-pham-2\/glock-19-gen3-9mm-15rd-4-01-pistol-pi-19502-03\/","og_locale":"vi_VN","og_type":"article","og_title":"Glock 19 Gen3 9mm, GEN3\/4 - 9MM FOR SALE - Glock 19 Pistols","og_description":"The Glock 19 Gen 3 for sale online is considered a very balanced and comfortably sized Glock which makes it the most popular handgun carried in the United States","og_url":"https:\/\/www.gunmeplug.com\/vi\/san-pham-2\/glock-19-gen3-9mm-15rd-4-01-pistol-pi-19502-03\/","og_site_name":"Buy gun online USA","article_modified_time":"2025-06-19T03:43:43+00:00","og_image":[{"width":600,"height":600,"url":"https:\/\/www.gunmeplug.com\/wp-content\/uploads\/2021\/04\/glock-19-gen3-9mm-15rd-4-01-pistol-pi-19502-03.jpg","type":"image\/jpeg"}],"twitter_card":"summary_large_image","twitter_misc":{"\u01af\u1edbc t\u00ednh th\u1eddi gian \u0111\u1ecdc":"1 ph\u00fat"},"schema":{"@context":"https:\/\/schema.org","@graph":[{"@type":"WebPage","@id":"https:\/\/www.gunmeplug.com\/vi\/san-pham-2\/glock-19-gen3-9mm-15rd-4-01-pistol-pi-19502-03\/","url":"https:\/\/www.gunmeplug.com\/vi\/san-pham-2\/glock-19-gen3-9mm-15rd-4-01-pistol-pi-19502-03\/","name":"Glock 19 Gen3 9mm, GEN3\/4 - 9MM FOR SALE - Glock 19 Pistols","isPartOf":{"@id":"https:\/\/www.gunmeplug.com\/#website"},"primaryImageOfPage":{"@id":"https:\/\/www.gunmeplug.com\/vi\/san-pham-2\/glock-19-gen3-9mm-15rd-4-01-pistol-pi-19502-03\/#primaryimage"},"image":{"@id":"https:\/\/www.gunmeplug.com\/vi\/san-pham-2\/glock-19-gen3-9mm-15rd-4-01-pistol-pi-19502-03\/#primaryimage"},"thumbnailUrl":"https:\/\/www.gunmeplug.com\/wp-content\/uploads\/2021\/04\/glock-19-gen3-9mm-15rd-4-01-pistol-pi-19502-03.jpg","datePublished":"2021-04-08T06:38:35+00:00","dateModified":"2025-06-19T03:43:43+00:00","description":"The Glock 19 Gen 3 for sale online is considered a very balanced and comfortably sized Glock which makes it the most popular handgun carried in the United States","breadcrumb":{"@id":"https:\/\/www.gunmeplug.com\/vi\/san-pham-2\/glock-19-gen3-9mm-15rd-4-01-pistol-pi-19502-03\/#breadcrumb"},"inLanguage":"vi","potentialAction":[{"@type":"ReadAction","target":["https:\/\/www.gunmeplug.com\/vi\/san-pham-2\/glock-19-gen3-9mm-15rd-4-01-pistol-pi-19502-03\/"]}]},{"@type":"ImageObject","inLanguage":"vi","@id":"https:\/\/www.gunmeplug.com\/vi\/san-pham-2\/glock-19-gen3-9mm-15rd-4-01-pistol-pi-19502-03\/#primaryimage","url":"https:\/\/www.gunmeplug.com\/wp-content\/uploads\/2021\/04\/glock-19-gen3-9mm-15rd-4-01-pistol-pi-19502-03.jpg","contentUrl":"https:\/\/www.gunmeplug.com\/wp-content\/uploads\/2021\/04\/glock-19-gen3-9mm-15rd-4-01-pistol-pi-19502-03.jpg","width":600,"height":600,"caption":"Glock 19 Gen3 9mm"},{"@type":"BreadcrumbList","@id":"https:\/\/www.gunmeplug.com\/vi\/san-pham-2\/glock-19-gen3-9mm-15rd-4-01-pistol-pi-19502-03\/#breadcrumb","itemListElement":[{"@type":"ListItem","position":1,"name":"Home","item":"https:\/\/www.gunmeplug.com\/es\/"},{"@type":"ListItem","position":2,"name":"Shop","item":"https:\/\/www.gunmeplug.com\/es\/shop\/"},{"@type":"ListItem","position":3,"name":"Glock 19 Gen3 9mm 15rd 4.01&#8243; Pistol PI-19502-03"}]},{"@type":"WebSite","@id":"https:\/\/www.gunmeplug.com\/#website","url":"https:\/\/www.gunmeplug.com\/","name":"Mua s\u00fang tr\u1ef1c tuy\u1ebfn Hoa K\u1ef3","description":"FireArms for sale online","potentialAction":[{"@type":"SearchAction","target":{"@type":"EntryPoint","urlTemplate":"https:\/\/www.gunmeplug.com\/?s={search_term_string}"},"query-input":{"@type":"PropertyValueSpecification","valueRequired":true,"valueName":"search_term_string"}}],"inLanguage":"vi"}]}},"_links":{"self":[{"href":"https:\/\/www.gunmeplug.com\/vi\/wp-json\/wp\/v2\/product\/3155","targetHints":{"allow":["GET"]}}],"collection":[{"href":"https:\/\/www.gunmeplug.com\/vi\/wp-json\/wp\/v2\/product"}],"about":[{"href":"https:\/\/www.gunmeplug.com\/vi\/wp-json\/wp\/v2\/types\/product"}],"wp:featuredmedia":[{"embeddable":true,"href":"https:\/\/www.gunmeplug.com\/vi\/wp-json\/wp\/v2\/media\/3156"}],"wp:attachment":[{"href":"https:\/\/www.gunmeplug.com\/vi\/wp-json\/wp\/v2\/media?parent=3155"}],"wp:term":[{"taxonomy":"product_brand","embeddable":true,"href":"https:\/\/www.gunmeplug.com\/vi\/wp-json\/wp\/v2\/product_brand?post=3155"},{"taxonomy":"product_cat","embeddable":true,"href":"https:\/\/www.gunmeplug.com\/vi\/wp-json\/wp\/v2\/product_cat?post=3155"},{"taxonomy":"product_tag","embeddable":true,"href":"https:\/\/www.gunmeplug.com\/vi\/wp-json\/wp\/v2\/product_tag?post=3155"}],"curies":[{"name":"wp","href":"https:\/\/api.w.org\/{rel}","templated":true}]}}