{"id":3152,"date":"2021-04-08T06:30:30","date_gmt":"2021-04-08T06:30:30","guid":{"rendered":"https:\/\/www.gunmeplug.com\/?post_type=product&#038;p=3152"},"modified":"2025-06-08T03:02:25","modified_gmt":"2025-06-08T03:02:25","slug":"henry-big-boy-x-model-44-mag-44-special-lever-action-4rd-17-4-rifle-h012x","status":"publish","type":"product","link":"https:\/\/www.gunmeplug.com\/vi\/san-pham-2\/henry-big-boy-x-model-44-mag-44-special-lever-action-4rd-17-4-rifle-h012x\/","title":{"rendered":"Henry Big Boy X Model .44 Mag\/.44 Special Lever Action 7rd 17.4&#8243; Rifle H012X"},"content":{"rendered":"<h1><strong>K\u1ebft h\u1ee3p hi\u1ec7u su\u1ea5t hi\u1ec7n \u0111\u1ea1i v\u1edbi d\u00f2ng h\u00e0nh \u0111\u1ed9ng \u0111\u00f2n b\u1ea9y c\u1ed5 \u0111i\u1ec3n<\/strong><\/h1>\n<p>Henry model x 44 mag \u0111\u1ec3 b\u00e1n, The Big Boy X-Model \u0111i k\u00e8m v\u1edbi m\u1ed9t danh s\u00e1ch d\u00e0i hi\u1ec7u su\u1ea5t cao <a href=\"https:\/\/www.gunmeplug.com\/vi\/san-pham-2\/ar-15-rifles-for-sale\/\">features<\/a> v\u00e0 r\u1ea5t nhi\u1ec1u ch\u1ed7 cho nhi\u1ec1u h\u01a1n n\u1eefa. N\u1ed9i th\u1ea5t t\u1ed5ng h\u1ee3p l\u00e2u d\u00e0i c\u00f3 c\u00e1c \u0111i\u1ec3m g\u1eafn m\u00f3c treo t\u00edch h\u1ee3p, \u0111\u1ec7m ch\u1ed1ng gi\u1eadt b\u1eb1ng cao su ch\u1eafc ch\u1eafn v\u00e0 khe c\u1eafm ph\u1ee5 ki\u1ec7n Picatinny v\u00e0 M-Lok \u0111\u1ec3 l\u1eafp \u0111\u1eb7t thi\u1ebft b\u1ecb b\u1ea1n c\u1ea7n cho c\u00f4ng vi\u1ec7c. C\u00e1c \u0111i\u1ec3m tham quan s\u1ee3i quang ph\u00eda tr\u01b0\u1edbc v\u00e0 ph\u00eda sau tr\u00ean n\u00f2ng s\u00fang d\u00e0i carbine r\u1ea5t d\u1ec5 nh\u00ecn th\u1ea5y v\u00e0 \u0111\u1ea7u m\u00f5m \u0111\u01b0\u1ee3c lu\u1ed3n (b\u01b0\u1edbc ren 5\/824) \u0111\u1ec3 l\u1ea5y b\u1ed9 tri\u1ec7t ho\u1eb7c thi\u1ebft b\u1ecb m\u00f5m kh\u00e1c. C\u00e1c ren m\u00f5m c\u1ee7a b\u1ea1n s\u1ebd \u0111\u01b0\u1ee3c b\u1ea3o v\u1ec7 b\u1eb1ng b\u1ed9 b\u1ea3o v\u1ec7 ren v\u1eb7n.<\/p>\n<p>For easy unloading, the Big Boy X Model has a 7-round removable tube magazine, and the inclusion of a side loading gate allows the magazine to be filled off without removing the tube or suppressor. The Big Boy X Model is one rifle capable of many different jobs, whether it&#8217;s geared up to be your bedside protector, truck gun, deer rifle, or Saturday range day show-off piece.<\/p>\n<h2>Henry Repeating Arms X Model tr\u1ef1c tuy\u1ebfn t\u1ea1i Gunmeplug.com<\/h2>\n<p>Lever X Model.45-70 c\u1ee7a Henry Repeating Arms Company k\u1ebft h\u1ee3p t\u00ednh th\u1ef1c t\u1ebf c\u1ee7a c\u00f4ng ngh\u1ec7 v\u0169 kh\u00ed l\u1eb7p l\u1ea1i h\u00e0nh \u0111\u1ed9ng \u0111\u00f2n b\u1ea9y g\u1ea7n 160 n\u0103m tu\u1ed5i v\u1edbi n\u1ed9i th\u1ea5t polyme hi\u1ec7n \u0111\u1ea1i, \u1ed1ng ng\u1eafm s\u1ee3i quang, khe c\u1eafm M-LOK v\u00e0 ch\u1ee9ng ch\u1ec9 qu\u00e2n s\u1ef1 MIL-STD- 1913 \u0110\u01b0\u1eddng s\u1eaft Picatinny. N\u00f3 l\u00e0m \u0111i\u1ec1u \u0111\u00f3 b\u1eb1ng c\u00e1ch thay th\u1ebf qu\u1ea3 \u00f3c ch\u00f3 M\u1ef9 s\u00e1ng b\u00f3ng v\u00e0 \u0111\u1ed3ng thau l\u1ea5p l\u00e1nh b\u1eb1ng m\u1eabu Henry m\u00e0u \u0111en m\u1edd x 44 mag \u0111\u1ec3 b\u00e1n.<\/p>\n<p>The.45-70 X Model can hold four rounds. It has a thick blued steel barrel that is 19.8 inches long with a 1:20 twist rate and a 5\/8\u201dx24 TPI thread on the front. It has a 14&#8243; draw length, a 38.6&#8243; overall length, and weighs 7.4 pounds.<\/p>\n<p>Kh\u1ea9u s\u00fang l\u1ee5c n\u00e0y quay tr\u1edf l\u1ea1i N\u1ed9i chi\u1ebfn Hoa K\u1ef3 v\u00e0 Mi\u1ec1n T\u00e2y hoang d\u00e3, nh\u01b0ng n\u00f3 c\u00f3 kh\u1ea3 n\u0103ng ho\u1ea1t \u0111\u1ed9ng tr\u01a1n tru, \u0111\u00e1ng tin c\u1eady v\u00e0 ho\u1ea1t \u0111\u1ed9ng tr\u01a1n tru c\u1ee7a c\u00f4ng ngh\u1ec7 hi\u1ec7n \u0111\u1ea1i. M\u1ed9t \u1ed1ng ng\u1eafm ph\u00eda tr\u01b0\u1edbc b\u1eb1ng s\u1ee3i quang ph\u00f9 h\u1ee3p n\u1eb1m tr\u00ean \u0111\u1ec9nh m\u1ed9t \u0111o\u1ea1n \u0111\u01b0\u1eddng n\u1ed1i tr\u00ean kh\u1ea9u ph\u00e1o. \u0110\u1ed1i t\u00e1c s\u1ee3i quang c\u1ee7a n\u00f3 \u1edf ph\u00eda sau ho\u00e0n to\u00e0n c\u00f3 th\u1ec3 \u0111i\u1ec1u ch\u1ec9nh \u0111\u01b0\u1ee3c v\u1ec1 h\u01b0\u1edbng gi\u00f3 v\u00e0 \u0111\u1ed9 cao, c\u0169ng nh\u01b0 ng\u1ed3i tr\u00ean m\u1ed9t \u0111o\u1ea1n \u0111\u01b0\u1eddng n\u1ed1i \u0111\u1ec3 n\u00e2ng cao h\u01a1n n\u1eefa. S\u00fang \u0111\u01b0\u1ee3c khoan v\u00e0 khai th\u00e1c cho s<a href=\"https:\/\/en.wikipedia.org\/wiki\/Gun#Military\">copes<\/a> v\u00e0 \u0111i k\u00e8m v\u1edbi ng\u00e0m \u1ed1ng ng\u1eafm Weaver 63B.<\/p>\n<p>\u0110\u1ea7u thu l\u00e0m b\u1eb1ng th\u00e9p xanh, ph\u1ea7n tr\u01b0\u1edbc v\u00e0 b\u00e1ng l\u00e0 polymer t\u1ed5ng h\u1ee3p m\u00e0u \u0111en m\u1edd, v\u00e0 ph\u1ea7n \u0111\u1ec7m l\u00e0 m\u1ed9t mi\u1ebfng \u0111\u1ec7m ch\u1ed1ng gi\u1eadt cao su \u0111\u1eb7c m\u00e0u \u0111en. \u0110\u1ec3 c\u00f3 \u0111\u1ed9 b\u00e1m tuy\u1ec7t v\u1eddi, ph\u1ea7n tr\u01b0\u1edbc \u0111\u00e3 \u0111\u01b0\u1ee3c ch\u1ebf t\u1ea1o th\u00f4ng minh v\u1edbi \u0111\u1ed9 ph\u1ed3ng d\u1ec5 ch\u1ecbu. N\u00f3 c\u00f3 m\u1ed9t khe M-LOK \u1edf hai b\u00ean v\u00e0 m\u1ed9t thanh ray Picatinny 4 khe b\u00ean d\u01b0\u1edbi ph\u1ea7n ph\u00eda tr\u01b0\u1edbc.<\/p>","protected":false},"excerpt":{"rendered":"<p>Combining Modern Performance with Classic Lever Action Lineage Henry model x 44 mag for sale , The Big Boy X-Model comes with a long list of high-performance features and lots of room for more. The long-lasting synthetic furniture features integrated sling mounting points, a strong rubber recoil pad, and Picatinny and M-Lok accessory slots for [&hellip;]<\/p>","protected":false},"featured_media":3154,"template":"","meta":{"_acf_changed":false,"_joinchat":[]},"product_brand":[],"product_cat":[166],"product_tag":[216,225,222,221,219,224,218,215,210,220,213,217,214,223,211,212],"class_list":{"0":"post-3152","1":"product","2":"type-product","3":"status-publish","4":"has-post-thumbnail","6":"product_cat-rifles","7":"product_tag-henry-357-rifles-for-sale","8":"product_tag-henry-big-boy-x-accessories","9":"product_tag-henry-big-boy-x-in-stock","10":"product_tag-henry-big-boy-x-model-for-sale","11":"product_tag-henry-big-boy-x-model-357","12":"product_tag-henry-big-boy-x-model-357-review","13":"product_tag-henry-big-boy-x-model-45-colt-for-sale","14":"product_tag-henry-model-x-357-in-stock","15":"product_tag-henry-model-x-44-mag-for-sale","16":"product_tag-henry-model-x-for-sale-near-me","17":"product_tag-henry-x-44-magnum-rifle","18":"product_tag-henry-x-model-357-for-sale","19":"product_tag-henry-x-model-44-mag","20":"product_tag-henry-x-model-44-mag-review","21":"product_tag-henry-x-rifle-in-stock","22":"product_tag-henry-x-series-rifles-for-sale","24":"first","25":"instock","26":"sale","27":"shipping-taxable","28":"purchasable","29":"product-type-simple"},"acf":[],"yoast_head":"<!-- This site is optimized with the Yoast SEO plugin v26.3 - https:\/\/yoast.com\/wordpress\/plugins\/seo\/ -->\n<title>Henry model x 44 mag for sale | Big Boy X Model | Henry Repeating Arms<\/title>\n<meta name=\"description\" content=\"Henry model x 44 mag for sale, Henry Big Boy X Model .44 Mag Lever-Action Rifle, 17.4\u2033 Threaded Barrel, Black Synthetic Stock \u2013 Henry H012X\" \/>\n<meta name=\"robots\" content=\"index, follow, max-snippet:-1, max-image-preview:large, max-video-preview:-1\" \/>\n<link rel=\"canonical\" href=\"https:\/\/www.gunmeplug.com\/vi\/san-pham-2\/henry-big-boy-x-model-44-mag-44-special-lever-action-4rd-17-4-rifle-h012x\/\" \/>\n<meta property=\"og:locale\" content=\"vi_VN\" \/>\n<meta property=\"og:type\" content=\"article\" \/>\n<meta property=\"og:title\" content=\"Henry model x 44 mag for sale | Big Boy X Model | Henry Repeating Arms\" \/>\n<meta property=\"og:description\" content=\"Henry model x 44 mag for sale, Henry Big Boy X Model .44 Mag Lever-Action Rifle, 17.4\u2033 Threaded Barrel, Black Synthetic Stock \u2013 Henry H012X\" \/>\n<meta property=\"og:url\" content=\"https:\/\/www.gunmeplug.com\/vi\/san-pham-2\/henry-big-boy-x-model-44-mag-44-special-lever-action-4rd-17-4-rifle-h012x\/\" \/>\n<meta property=\"og:site_name\" content=\"Buy gun online USA\" \/>\n<meta property=\"article:modified_time\" content=\"2025-06-08T03:02:25+00:00\" \/>\n<meta property=\"og:image\" content=\"https:\/\/www.gunmeplug.com\/wp-content\/uploads\/2021\/04\/henry-big-boy-x-model-44-mag-44-special-lever-action-4rd-17-4-rifle-h012x.jpg\" \/>\n\t<meta property=\"og:image:width\" content=\"600\" \/>\n\t<meta property=\"og:image:height\" content=\"600\" \/>\n\t<meta property=\"og:image:type\" content=\"image\/jpeg\" \/>\n<meta name=\"twitter:card\" content=\"summary_large_image\" \/>\n<meta name=\"twitter:label1\" content=\"\u01af\u1edbc t\u00ednh th\u1eddi gian \u0111\u1ecdc\" \/>\n\t<meta name=\"twitter:data1\" content=\"2 ph\u00fat\" \/>\n<script type=\"application\/ld+json\" class=\"yoast-schema-graph\">{\"@context\":\"https:\/\/schema.org\",\"@graph\":[{\"@type\":\"WebPage\",\"@id\":\"https:\/\/www.gunmeplug.com\/hu\/termek\/henry-big-boy-x-model-44-mag-44-special-lever-action-4rd-17-4-rifle-h012x\/\",\"url\":\"https:\/\/www.gunmeplug.com\/hu\/termek\/henry-big-boy-x-model-44-mag-44-special-lever-action-4rd-17-4-rifle-h012x\/\",\"name\":\"Henry model x 44 mag for sale | Big Boy X Model | Henry Repeating Arms\",\"isPartOf\":{\"@id\":\"https:\/\/www.gunmeplug.com\/#website\"},\"primaryImageOfPage\":{\"@id\":\"https:\/\/www.gunmeplug.com\/hu\/termek\/henry-big-boy-x-model-44-mag-44-special-lever-action-4rd-17-4-rifle-h012x\/#primaryimage\"},\"image\":{\"@id\":\"https:\/\/www.gunmeplug.com\/hu\/termek\/henry-big-boy-x-model-44-mag-44-special-lever-action-4rd-17-4-rifle-h012x\/#primaryimage\"},\"thumbnailUrl\":\"https:\/\/www.gunmeplug.com\/wp-content\/uploads\/2021\/04\/henry-big-boy-x-model-44-mag-44-special-lever-action-4rd-17-4-rifle-h012x.jpg\",\"datePublished\":\"2021-04-08T06:30:30+00:00\",\"dateModified\":\"2025-06-08T03:02:25+00:00\",\"description\":\"Henry model x 44 mag for sale, Henry Big Boy X Model .44 Mag Lever-Action Rifle, 17.4\u2033 Threaded Barrel, Black Synthetic Stock \u2013 Henry H012X\",\"breadcrumb\":{\"@id\":\"https:\/\/www.gunmeplug.com\/hu\/termek\/henry-big-boy-x-model-44-mag-44-special-lever-action-4rd-17-4-rifle-h012x\/#breadcrumb\"},\"inLanguage\":\"vi\",\"potentialAction\":[{\"@type\":\"ReadAction\",\"target\":[\"https:\/\/www.gunmeplug.com\/hu\/termek\/henry-big-boy-x-model-44-mag-44-special-lever-action-4rd-17-4-rifle-h012x\/\"]}]},{\"@type\":\"ImageObject\",\"inLanguage\":\"vi\",\"@id\":\"https:\/\/www.gunmeplug.com\/hu\/termek\/henry-big-boy-x-model-44-mag-44-special-lever-action-4rd-17-4-rifle-h012x\/#primaryimage\",\"url\":\"https:\/\/www.gunmeplug.com\/wp-content\/uploads\/2021\/04\/henry-big-boy-x-model-44-mag-44-special-lever-action-4rd-17-4-rifle-h012x.jpg\",\"contentUrl\":\"https:\/\/www.gunmeplug.com\/wp-content\/uploads\/2021\/04\/henry-big-boy-x-model-44-mag-44-special-lever-action-4rd-17-4-rifle-h012x.jpg\",\"width\":600,\"height\":600,\"caption\":\"Henry model x 44 mag for sale\"},{\"@type\":\"BreadcrumbList\",\"@id\":\"https:\/\/www.gunmeplug.com\/hu\/termek\/henry-big-boy-x-model-44-mag-44-special-lever-action-4rd-17-4-rifle-h012x\/#breadcrumb\",\"itemListElement\":[{\"@type\":\"ListItem\",\"position\":1,\"name\":\"Home\",\"item\":\"https:\/\/www.gunmeplug.com\/es\/\"},{\"@type\":\"ListItem\",\"position\":2,\"name\":\"Shop\",\"item\":\"https:\/\/www.gunmeplug.com\/es\/shop\/\"},{\"@type\":\"ListItem\",\"position\":3,\"name\":\"Henry Big Boy X Model .44 Mag\/.44 Special Lever Action 7rd 17.4&#8243; Rifle H012X\"}]},{\"@type\":\"WebSite\",\"@id\":\"https:\/\/www.gunmeplug.com\/#website\",\"url\":\"https:\/\/www.gunmeplug.com\/\",\"name\":\"Buy gun online USA\",\"description\":\"FireArms for sale online \",\"potentialAction\":[{\"@type\":\"SearchAction\",\"target\":{\"@type\":\"EntryPoint\",\"urlTemplate\":\"https:\/\/www.gunmeplug.com\/?s={search_term_string}\"},\"query-input\":{\"@type\":\"PropertyValueSpecification\",\"valueRequired\":true,\"valueName\":\"search_term_string\"}}],\"inLanguage\":\"vi\"}]}<\/script>\n<!-- \/ Yoast SEO plugin. -->","yoast_head_json":{"title":"Henry model x 44 mag for sale | Big Boy X Model | Henry Repeating Arms","description":"Henry model x 44 mag for sale, Henry Big Boy X Model .44 Mag Lever-Action Rifle, 17.4\u2033 Threaded Barrel, Black Synthetic Stock \u2013 Henry H012X","robots":{"index":"index","follow":"follow","max-snippet":"max-snippet:-1","max-image-preview":"max-image-preview:large","max-video-preview":"max-video-preview:-1"},"canonical":"https:\/\/www.gunmeplug.com\/vi\/san-pham-2\/henry-big-boy-x-model-44-mag-44-special-lever-action-4rd-17-4-rifle-h012x\/","og_locale":"vi_VN","og_type":"article","og_title":"Henry model x 44 mag for sale | Big Boy X Model | Henry Repeating Arms","og_description":"Henry model x 44 mag for sale, Henry Big Boy X Model .44 Mag Lever-Action Rifle, 17.4\u2033 Threaded Barrel, Black Synthetic Stock \u2013 Henry H012X","og_url":"https:\/\/www.gunmeplug.com\/vi\/san-pham-2\/henry-big-boy-x-model-44-mag-44-special-lever-action-4rd-17-4-rifle-h012x\/","og_site_name":"Buy gun online USA","article_modified_time":"2025-06-08T03:02:25+00:00","og_image":[{"width":600,"height":600,"url":"https:\/\/www.gunmeplug.com\/wp-content\/uploads\/2021\/04\/henry-big-boy-x-model-44-mag-44-special-lever-action-4rd-17-4-rifle-h012x.jpg","type":"image\/jpeg"}],"twitter_card":"summary_large_image","twitter_misc":{"\u01af\u1edbc t\u00ednh th\u1eddi gian \u0111\u1ecdc":"2 ph\u00fat"},"schema":{"@context":"https:\/\/schema.org","@graph":[{"@type":"WebPage","@id":"https:\/\/www.gunmeplug.com\/hu\/termek\/henry-big-boy-x-model-44-mag-44-special-lever-action-4rd-17-4-rifle-h012x\/","url":"https:\/\/www.gunmeplug.com\/hu\/termek\/henry-big-boy-x-model-44-mag-44-special-lever-action-4rd-17-4-rifle-h012x\/","name":"Henry model x 44 mag for sale | Big Boy X Model | Henry Repeating Arms","isPartOf":{"@id":"https:\/\/www.gunmeplug.com\/#website"},"primaryImageOfPage":{"@id":"https:\/\/www.gunmeplug.com\/hu\/termek\/henry-big-boy-x-model-44-mag-44-special-lever-action-4rd-17-4-rifle-h012x\/#primaryimage"},"image":{"@id":"https:\/\/www.gunmeplug.com\/hu\/termek\/henry-big-boy-x-model-44-mag-44-special-lever-action-4rd-17-4-rifle-h012x\/#primaryimage"},"thumbnailUrl":"https:\/\/www.gunmeplug.com\/wp-content\/uploads\/2021\/04\/henry-big-boy-x-model-44-mag-44-special-lever-action-4rd-17-4-rifle-h012x.jpg","datePublished":"2021-04-08T06:30:30+00:00","dateModified":"2025-06-08T03:02:25+00:00","description":"Henry model x 44 mag for sale, Henry Big Boy X Model .44 Mag Lever-Action Rifle, 17.4\u2033 Threaded Barrel, Black Synthetic Stock \u2013 Henry H012X","breadcrumb":{"@id":"https:\/\/www.gunmeplug.com\/hu\/termek\/henry-big-boy-x-model-44-mag-44-special-lever-action-4rd-17-4-rifle-h012x\/#breadcrumb"},"inLanguage":"vi","potentialAction":[{"@type":"ReadAction","target":["https:\/\/www.gunmeplug.com\/hu\/termek\/henry-big-boy-x-model-44-mag-44-special-lever-action-4rd-17-4-rifle-h012x\/"]}]},{"@type":"ImageObject","inLanguage":"vi","@id":"https:\/\/www.gunmeplug.com\/hu\/termek\/henry-big-boy-x-model-44-mag-44-special-lever-action-4rd-17-4-rifle-h012x\/#primaryimage","url":"https:\/\/www.gunmeplug.com\/wp-content\/uploads\/2021\/04\/henry-big-boy-x-model-44-mag-44-special-lever-action-4rd-17-4-rifle-h012x.jpg","contentUrl":"https:\/\/www.gunmeplug.com\/wp-content\/uploads\/2021\/04\/henry-big-boy-x-model-44-mag-44-special-lever-action-4rd-17-4-rifle-h012x.jpg","width":600,"height":600,"caption":"Henry model x 44 mag for sale"},{"@type":"BreadcrumbList","@id":"https:\/\/www.gunmeplug.com\/hu\/termek\/henry-big-boy-x-model-44-mag-44-special-lever-action-4rd-17-4-rifle-h012x\/#breadcrumb","itemListElement":[{"@type":"ListItem","position":1,"name":"Home","item":"https:\/\/www.gunmeplug.com\/es\/"},{"@type":"ListItem","position":2,"name":"Shop","item":"https:\/\/www.gunmeplug.com\/es\/shop\/"},{"@type":"ListItem","position":3,"name":"Henry Big Boy X Model .44 Mag\/.44 Special Lever Action 7rd 17.4&#8243; Rifle H012X"}]},{"@type":"WebSite","@id":"https:\/\/www.gunmeplug.com\/#website","url":"https:\/\/www.gunmeplug.com\/","name":"Mua s\u00fang tr\u1ef1c tuy\u1ebfn Hoa K\u1ef3","description":"FireArms for sale online","potentialAction":[{"@type":"SearchAction","target":{"@type":"EntryPoint","urlTemplate":"https:\/\/www.gunmeplug.com\/?s={search_term_string}"},"query-input":{"@type":"PropertyValueSpecification","valueRequired":true,"valueName":"search_term_string"}}],"inLanguage":"vi"}]}},"_links":{"self":[{"href":"https:\/\/www.gunmeplug.com\/vi\/wp-json\/wp\/v2\/product\/3152","targetHints":{"allow":["GET"]}}],"collection":[{"href":"https:\/\/www.gunmeplug.com\/vi\/wp-json\/wp\/v2\/product"}],"about":[{"href":"https:\/\/www.gunmeplug.com\/vi\/wp-json\/wp\/v2\/types\/product"}],"wp:featuredmedia":[{"embeddable":true,"href":"https:\/\/www.gunmeplug.com\/vi\/wp-json\/wp\/v2\/media\/3154"}],"wp:attachment":[{"href":"https:\/\/www.gunmeplug.com\/vi\/wp-json\/wp\/v2\/media?parent=3152"}],"wp:term":[{"taxonomy":"product_brand","embeddable":true,"href":"https:\/\/www.gunmeplug.com\/vi\/wp-json\/wp\/v2\/product_brand?post=3152"},{"taxonomy":"product_cat","embeddable":true,"href":"https:\/\/www.gunmeplug.com\/vi\/wp-json\/wp\/v2\/product_cat?post=3152"},{"taxonomy":"product_tag","embeddable":true,"href":"https:\/\/www.gunmeplug.com\/vi\/wp-json\/wp\/v2\/product_tag?post=3152"}],"curies":[{"name":"wp","href":"https:\/\/api.w.org\/{rel}","templated":true}]}}