{"id":3107,"date":"2021-04-06T08:21:33","date_gmt":"2021-04-06T08:21:33","guid":{"rendered":"https:\/\/www.gunmeplug.com\/?post_type=product&#038;p=3107"},"modified":"2025-04-12T16:47:18","modified_gmt":"2025-04-12T16:47:18","slug":"colt-1911-sam-colt-22lr-inv-232994","status":"publish","type":"product","link":"https:\/\/www.gunmeplug.com\/vi\/san-pham-2\/colt-1911-sam-colt-22lr-inv-232994\/","title":{"rendered":"COLT 1911 SAM COLT 22LR INV 232994"},"content":{"rendered":"<h1>COLT 1911 SAM COLT 22LR INV 232994<\/h1>\n<p>Mua Colt 1911 tr\u1ef1c tuy\u1ebfn D\u00f2ng ch\u1eef k\u00fd Colt 1911 Sam Colt ch\u1ee9a trong 22 LR v\u1edbi n\u00f2ng 5 inch c\u00f3 l\u1ed7 s\u00e1ng v\u00e0 b\u00f3ng v\u1edbi h\u1ed9p \u0111\u1ef1ng. Kh\u1ea9u s\u00fang n\u00e0y \u1edf trong t\u00ecnh tr\u1ea1ng tuy\u1ec7t v\u1eddi. Mua Colt 1911 tr\u1ef1c tuy\u1ebfn<\/p>\n<h3>\u0110ANG CHUY\u1ec2N H\u00c0NG<\/h3>\n<p>\u1ede \u0111\u00e2y\u00a0<a href=\"https:\/\/www.gunmeplug.com\/vi\/\">C\u1eeda h\u00e0ng v\u0169 kh\u00ed k\u00edn \u0111\u00e1o h\u1ee3p ph\u00e1p\u00a0<\/a>we make the shipping process fast and simple for you! Whether you are purchasing a firearm and having it sent to your local Federal\u00a0Firearms\u00a0dealer or you\u2019re picking up some\u00a0ammo\u00a0and having it sent to your home, we\u2019ve got you covered!<\/p>\n<h3>TR\u1ea2 L\u1ea0I<\/h3>\n<p>S\u1ef1 h\u00e0i l\u00f2ng c\u1ee7a kh\u00e1ch h\u00e0ng l\u00e0 \u01b0u ti\u00ean h\u00e0ng \u0111\u1ea7u c\u1ee7a ch\u00fang t\u00f4i t\u1ea1i \u00a0<a href=\"https:\/\/en.wikipedia.org\/wiki\/Gun#Military\">C\u1eeda h\u00e0ng v\u0169 kh\u00ed k\u00edn \u0111\u00e1o h\u1ee3p ph\u00e1p<\/a>\u00a0N\u1ebfu b\u1ea1n kh\u00f4ng h\u00e0i l\u00f2ng v\u1edbi giao d\u1ecbch mua c\u1ee7a m\u00ecnh ho\u1eb7c n\u1ed9i dung g\u00f3i h\u00e0ng c\u1ee7a b\u1ea1n b\u1ecb h\u1ecfng, vui l\u00f2ng xem l\u1ea1i trang Tr\u1ea3 l\u1ea1i c\u1ee7a ch\u00fang t\u00f4i \u0111\u1ec3 bi\u1ebft chi ti\u1ebft v\u00e0 h\u01b0\u1edbng d\u1eabn v\u1ec1 ch\u00ednh s\u00e1ch.<\/p>","protected":false},"excerpt":{"rendered":"<p>COLT 1911 SAM COLT 22LR INV 232994 Buy Colt 1911 online A Colt 1911 Sam Colt Signature Series chambered in 22 LR with a 5 inch barrel with a bright and shiny bore with a presentation case. This firearm is in excellent condition. Buy Colt 1911 online SHIPPING Here at\u00a0Legit Discreet Arms Store\u00a0we make the [&hellip;]<\/p>","protected":false},"featured_media":3108,"template":"","meta":{"_acf_changed":false,"_joinchat":[]},"product_brand":[],"product_cat":[130],"product_tag":[],"class_list":{"0":"post-3107","1":"product","2":"type-product","3":"status-publish","4":"has-post-thumbnail","6":"product_cat-handguns","8":"first","9":"instock","10":"sale","11":"shipping-taxable","12":"purchasable","13":"product-type-simple"},"acf":[],"yoast_head":"<!-- This site is optimized with the Yoast SEO plugin v26.3 - https:\/\/yoast.com\/wordpress\/plugins\/seo\/ -->\n<title>Buy Colt 1911 online - Buy gun online USA<\/title>\n<meta name=\"description\" content=\"Buy Colt 1911 online, Colt 1911 pistol starter kit. ... the Model 1903 does have a hammer. colt 1911 sam colt 22lr used gun inv 232994.\" \/>\n<meta name=\"robots\" content=\"index, follow, max-snippet:-1, max-image-preview:large, max-video-preview:-1\" \/>\n<link rel=\"canonical\" href=\"https:\/\/www.gunmeplug.com\/vi\/san-pham-2\/colt-1911-sam-colt-22lr-inv-232994\/\" \/>\n<meta property=\"og:locale\" content=\"vi_VN\" \/>\n<meta property=\"og:type\" content=\"article\" \/>\n<meta property=\"og:title\" content=\"Buy Colt 1911 online - Buy gun online USA\" \/>\n<meta property=\"og:description\" content=\"Buy Colt 1911 online, Colt 1911 pistol starter kit. ... the Model 1903 does have a hammer. colt 1911 sam colt 22lr used gun inv 232994.\" \/>\n<meta property=\"og:url\" content=\"https:\/\/www.gunmeplug.com\/vi\/san-pham-2\/colt-1911-sam-colt-22lr-inv-232994\/\" \/>\n<meta property=\"og:site_name\" content=\"Buy gun online USA\" \/>\n<meta property=\"article:modified_time\" content=\"2025-04-12T16:47:18+00:00\" \/>\n<meta property=\"og:image\" content=\"https:\/\/www.gunmeplug.com\/wp-content\/uploads\/2021\/04\/colt-1911-sam-colt-22lr-inv-232994.jpg\" \/>\n\t<meta property=\"og:image:width\" content=\"600\" \/>\n\t<meta property=\"og:image:height\" content=\"600\" \/>\n\t<meta property=\"og:image:type\" content=\"image\/jpeg\" \/>\n<meta name=\"twitter:card\" content=\"summary_large_image\" \/>\n<meta name=\"twitter:label1\" content=\"\u01af\u1edbc t\u00ednh th\u1eddi gian \u0111\u1ecdc\" \/>\n\t<meta name=\"twitter:data1\" content=\"1 ph\u00fat\" \/>\n<script type=\"application\/ld+json\" class=\"yoast-schema-graph\">{\"@context\":\"https:\/\/schema.org\",\"@graph\":[{\"@type\":\"WebPage\",\"@id\":\"https:\/\/www.gunmeplug.com\/es\/producto\/colt-1911-sam-colt-22lr-inv-232994\/\",\"url\":\"https:\/\/www.gunmeplug.com\/es\/producto\/colt-1911-sam-colt-22lr-inv-232994\/\",\"name\":\"Buy Colt 1911 online - Buy gun online USA\",\"isPartOf\":{\"@id\":\"https:\/\/www.gunmeplug.com\/#website\"},\"primaryImageOfPage\":{\"@id\":\"https:\/\/www.gunmeplug.com\/es\/producto\/colt-1911-sam-colt-22lr-inv-232994\/#primaryimage\"},\"image\":{\"@id\":\"https:\/\/www.gunmeplug.com\/es\/producto\/colt-1911-sam-colt-22lr-inv-232994\/#primaryimage\"},\"thumbnailUrl\":\"https:\/\/www.gunmeplug.com\/wp-content\/uploads\/2021\/04\/colt-1911-sam-colt-22lr-inv-232994.jpg\",\"datePublished\":\"2021-04-06T08:21:33+00:00\",\"dateModified\":\"2025-04-12T16:47:18+00:00\",\"description\":\"Buy Colt 1911 online, Colt 1911 pistol starter kit. ... the Model 1903 does have a hammer. colt 1911 sam colt 22lr used gun inv 232994.\",\"breadcrumb\":{\"@id\":\"https:\/\/www.gunmeplug.com\/es\/producto\/colt-1911-sam-colt-22lr-inv-232994\/#breadcrumb\"},\"inLanguage\":\"vi\",\"potentialAction\":[{\"@type\":\"ReadAction\",\"target\":[\"https:\/\/www.gunmeplug.com\/es\/producto\/colt-1911-sam-colt-22lr-inv-232994\/\"]}]},{\"@type\":\"ImageObject\",\"inLanguage\":\"vi\",\"@id\":\"https:\/\/www.gunmeplug.com\/es\/producto\/colt-1911-sam-colt-22lr-inv-232994\/#primaryimage\",\"url\":\"https:\/\/www.gunmeplug.com\/wp-content\/uploads\/2021\/04\/colt-1911-sam-colt-22lr-inv-232994.jpg\",\"contentUrl\":\"https:\/\/www.gunmeplug.com\/wp-content\/uploads\/2021\/04\/colt-1911-sam-colt-22lr-inv-232994.jpg\",\"width\":600,\"height\":600,\"caption\":\"Buy Colt 1911 online\"},{\"@type\":\"BreadcrumbList\",\"@id\":\"https:\/\/www.gunmeplug.com\/es\/producto\/colt-1911-sam-colt-22lr-inv-232994\/#breadcrumb\",\"itemListElement\":[{\"@type\":\"ListItem\",\"position\":1,\"name\":\"Home\",\"item\":\"https:\/\/www.gunmeplug.com\/es\/\"},{\"@type\":\"ListItem\",\"position\":2,\"name\":\"Shop\",\"item\":\"https:\/\/www.gunmeplug.com\/es\/shop\/\"},{\"@type\":\"ListItem\",\"position\":3,\"name\":\"COLT 1911 SAM COLT 22LR INV 232994\"}]},{\"@type\":\"WebSite\",\"@id\":\"https:\/\/www.gunmeplug.com\/#website\",\"url\":\"https:\/\/www.gunmeplug.com\/\",\"name\":\"Buy gun online USA\",\"description\":\"FireArms for sale online \",\"potentialAction\":[{\"@type\":\"SearchAction\",\"target\":{\"@type\":\"EntryPoint\",\"urlTemplate\":\"https:\/\/www.gunmeplug.com\/?s={search_term_string}\"},\"query-input\":{\"@type\":\"PropertyValueSpecification\",\"valueRequired\":true,\"valueName\":\"search_term_string\"}}],\"inLanguage\":\"vi\"}]}<\/script>\n<!-- \/ Yoast SEO plugin. -->","yoast_head_json":{"title":"Buy Colt 1911 online - Buy gun online USA","description":"Buy Colt 1911 online, Colt 1911 pistol starter kit. ... the Model 1903 does have a hammer. colt 1911 sam colt 22lr used gun inv 232994.","robots":{"index":"index","follow":"follow","max-snippet":"max-snippet:-1","max-image-preview":"max-image-preview:large","max-video-preview":"max-video-preview:-1"},"canonical":"https:\/\/www.gunmeplug.com\/vi\/san-pham-2\/colt-1911-sam-colt-22lr-inv-232994\/","og_locale":"vi_VN","og_type":"article","og_title":"Buy Colt 1911 online - Buy gun online USA","og_description":"Buy Colt 1911 online, Colt 1911 pistol starter kit. ... the Model 1903 does have a hammer. colt 1911 sam colt 22lr used gun inv 232994.","og_url":"https:\/\/www.gunmeplug.com\/vi\/san-pham-2\/colt-1911-sam-colt-22lr-inv-232994\/","og_site_name":"Buy gun online USA","article_modified_time":"2025-04-12T16:47:18+00:00","og_image":[{"width":600,"height":600,"url":"https:\/\/www.gunmeplug.com\/wp-content\/uploads\/2021\/04\/colt-1911-sam-colt-22lr-inv-232994.jpg","type":"image\/jpeg"}],"twitter_card":"summary_large_image","twitter_misc":{"\u01af\u1edbc t\u00ednh th\u1eddi gian \u0111\u1ecdc":"1 ph\u00fat"},"schema":{"@context":"https:\/\/schema.org","@graph":[{"@type":"WebPage","@id":"https:\/\/www.gunmeplug.com\/es\/producto\/colt-1911-sam-colt-22lr-inv-232994\/","url":"https:\/\/www.gunmeplug.com\/es\/producto\/colt-1911-sam-colt-22lr-inv-232994\/","name":"Buy Colt 1911 online - Buy gun online USA","isPartOf":{"@id":"https:\/\/www.gunmeplug.com\/#website"},"primaryImageOfPage":{"@id":"https:\/\/www.gunmeplug.com\/es\/producto\/colt-1911-sam-colt-22lr-inv-232994\/#primaryimage"},"image":{"@id":"https:\/\/www.gunmeplug.com\/es\/producto\/colt-1911-sam-colt-22lr-inv-232994\/#primaryimage"},"thumbnailUrl":"https:\/\/www.gunmeplug.com\/wp-content\/uploads\/2021\/04\/colt-1911-sam-colt-22lr-inv-232994.jpg","datePublished":"2021-04-06T08:21:33+00:00","dateModified":"2025-04-12T16:47:18+00:00","description":"Buy Colt 1911 online, Colt 1911 pistol starter kit. ... the Model 1903 does have a hammer. colt 1911 sam colt 22lr used gun inv 232994.","breadcrumb":{"@id":"https:\/\/www.gunmeplug.com\/es\/producto\/colt-1911-sam-colt-22lr-inv-232994\/#breadcrumb"},"inLanguage":"vi","potentialAction":[{"@type":"ReadAction","target":["https:\/\/www.gunmeplug.com\/es\/producto\/colt-1911-sam-colt-22lr-inv-232994\/"]}]},{"@type":"ImageObject","inLanguage":"vi","@id":"https:\/\/www.gunmeplug.com\/es\/producto\/colt-1911-sam-colt-22lr-inv-232994\/#primaryimage","url":"https:\/\/www.gunmeplug.com\/wp-content\/uploads\/2021\/04\/colt-1911-sam-colt-22lr-inv-232994.jpg","contentUrl":"https:\/\/www.gunmeplug.com\/wp-content\/uploads\/2021\/04\/colt-1911-sam-colt-22lr-inv-232994.jpg","width":600,"height":600,"caption":"Buy Colt 1911 online"},{"@type":"BreadcrumbList","@id":"https:\/\/www.gunmeplug.com\/es\/producto\/colt-1911-sam-colt-22lr-inv-232994\/#breadcrumb","itemListElement":[{"@type":"ListItem","position":1,"name":"Home","item":"https:\/\/www.gunmeplug.com\/es\/"},{"@type":"ListItem","position":2,"name":"Shop","item":"https:\/\/www.gunmeplug.com\/es\/shop\/"},{"@type":"ListItem","position":3,"name":"COLT 1911 SAM COLT 22LR INV 232994"}]},{"@type":"WebSite","@id":"https:\/\/www.gunmeplug.com\/#website","url":"https:\/\/www.gunmeplug.com\/","name":"Mua s\u00fang tr\u1ef1c tuy\u1ebfn Hoa K\u1ef3","description":"FireArms for sale online","potentialAction":[{"@type":"SearchAction","target":{"@type":"EntryPoint","urlTemplate":"https:\/\/www.gunmeplug.com\/?s={search_term_string}"},"query-input":{"@type":"PropertyValueSpecification","valueRequired":true,"valueName":"search_term_string"}}],"inLanguage":"vi"}]}},"_links":{"self":[{"href":"https:\/\/www.gunmeplug.com\/vi\/wp-json\/wp\/v2\/product\/3107","targetHints":{"allow":["GET"]}}],"collection":[{"href":"https:\/\/www.gunmeplug.com\/vi\/wp-json\/wp\/v2\/product"}],"about":[{"href":"https:\/\/www.gunmeplug.com\/vi\/wp-json\/wp\/v2\/types\/product"}],"wp:featuredmedia":[{"embeddable":true,"href":"https:\/\/www.gunmeplug.com\/vi\/wp-json\/wp\/v2\/media\/3108"}],"wp:attachment":[{"href":"https:\/\/www.gunmeplug.com\/vi\/wp-json\/wp\/v2\/media?parent=3107"}],"wp:term":[{"taxonomy":"product_brand","embeddable":true,"href":"https:\/\/www.gunmeplug.com\/vi\/wp-json\/wp\/v2\/product_brand?post=3107"},{"taxonomy":"product_cat","embeddable":true,"href":"https:\/\/www.gunmeplug.com\/vi\/wp-json\/wp\/v2\/product_cat?post=3107"},{"taxonomy":"product_tag","embeddable":true,"href":"https:\/\/www.gunmeplug.com\/vi\/wp-json\/wp\/v2\/product_tag?post=3107"}],"curies":[{"name":"wp","href":"https:\/\/api.w.org\/{rel}","templated":true}]}}