{"id":3415,"date":"2023-05-03T10:04:44","date_gmt":"2023-05-03T10:04:44","guid":{"rendered":"https:\/\/www.gunmeplug.com\/?page_id=3415"},"modified":"2023-05-03T10:04:44","modified_gmt":"2023-05-03T10:04:44","slug":"shipping-delivery","status":"publish","type":"page","link":"https:\/\/www.gunmeplug.com\/vi\/shipping-delivery\/","title":{"rendered":"Shipping &#038; Delivery"},"content":{"rendered":"<div class=\"vc_row wpb_row vc_row-fluid\"><div class=\"wpb_column vc_column_container vc_col-sm-12\"><div class=\"vc_column-inner\"><div class=\"wpb_wrapper\">\n\t<div class=\"wpb_text_column wpb_content_element\" >\n\t\t<div class=\"wpb_wrapper\">\n\t\t\t<p style=\"text-align: justify;\">T\u1ea1i Gunmeplug.com, v\u1eadn chuy\u1ec3n v\u00e0 giao h\u00e0ng nhanh ch\u00f3ng v\u00e0 \u0111\u00e1ng tin c\u1eady l\u00e0 y\u1ebfu t\u1ed1 quy\u1ebft \u0111\u1ecbnh \u0111\u1ed1i v\u1edbi s\u1ef1 h\u00e0i l\u00f2ng c\u1ee7a kh\u00e1ch h\u00e0ng. Ch\u00fang t\u00f4i cam k\u1ebft cung c\u1ea5p cho t\u1ea5t c\u1ea3 kh\u00e1ch h\u00e0ng c\u1ee7a m\u00ecnh tr\u1ea3i nghi\u1ec7m v\u1eadn chuy\u1ec3n li\u1ec1n m\u1ea1ch v\u00e0 kh\u00f4ng r\u1eafc r\u1ed1i. T\u1ea1i Gunmeplug.com, ch\u00fang t\u00f4i r\u1ea5t t\u1ef1 h\u00e0o trong vi\u1ec7c \u0111\u1ea3m b\u1ea3o r\u1eb1ng kh\u00e1ch h\u00e0ng c\u1ee7a ch\u00fang t\u00f4i nh\u1eadn \u0111\u01b0\u1ee3c \u0111\u01a1n \u0111\u1eb7t h\u00e0ng \u0111\u00fang h\u1ea1n v\u00e0 trong t\u00ecnh tr\u1ea1ng t\u1ed1t. Quy tr\u00ecnh v\u1eadn chuy\u1ec3n v\u00e0 giao h\u00e0ng c\u1ee7a ch\u00fang t\u00f4i \u0111\u01b0\u1ee3c thi\u1ebft k\u1ebf \u0111\u01a1n gi\u1ea3n, \u0111\u00e1ng tin c\u1eady v\u00e0 thu\u1eadn ti\u1ec7n cho kh\u00e1ch h\u00e0ng.<\/p>\n<p style=\"text-align: justify;\"><strong>T\u00f9y ch\u1ecdn v\u1eadn chuy\u1ec3n:<\/strong>\u00a0Both standard and express shipping are available to our clients. Each option&#8217;s shipping cost and estimated delivery time will be displayed at checkout.<\/p>\n<p style=\"text-align: justify;\"><strong>Th\u1eddi gian x\u1eed l\u00fd:<\/strong>\u00a0Ch\u00fang t\u00f4i c\u1ed1 g\u1eafng x\u1eed l\u00fd t\u1ea5t c\u1ea3 c\u00e1c \u0111\u01a1n \u0111\u1eb7t h\u00e0ng c\u00e0ng nhanh c\u00e0ng t\u1ed1t. Th\u1eddi gian x\u1eed l\u00fd c\u1ee7a ch\u00fang t\u00f4i th\u01b0\u1eddng l\u00e0 1-2 ng\u00e0y l\u00e0m vi\u1ec7c v\u00e0 c\u00e1c \u0111\u01a1n \u0111\u1eb7t h\u00e0ng v\u00e0o cu\u1ed1i tu\u1ea7n ho\u1eb7c ng\u00e0y l\u1ec5 s\u1ebd \u0111\u01b0\u1ee3c x\u1eed l\u00fd v\u00e0o ng\u00e0y l\u00e0m vi\u1ec7c ti\u1ebfp theo.<\/p>\n<p style=\"text-align: justify;\"><strong>Th\u1eddi gian v\u1eadn chuy\u1ec3n:<\/strong>\u00a0Shipping time varies depending on the customer&#8217;s shipping option. Standard shipping usually takes 3-5 business days, while expedited shipping takes 1-3 business days. Please note that these timeframes are estimates and may be affected by factors beyond our control, such as weather conditions or delivery carrier delays.<\/p>\n<p style=\"text-align: justify;\"><strong>V\u1eadn chuy\u1ec3n:<\/strong>\u00a0Vi\u1ec7c giao h\u00e0ng s\u1ebd \u0111\u01b0\u1ee3c th\u1ef1c hi\u1ec7n \u0111\u1ebfn \u0111\u1ecba ch\u1ec9 do kh\u00e1ch h\u00e0ng ch\u1ec9 \u0111\u1ecbnh khi thanh to\u00e1n. Kh\u00e1ch h\u00e0ng ch\u1ecbu tr\u00e1ch nhi\u1ec7m \u0111\u1ea3m b\u1ea3o r\u1eb1ng \u0111\u1ecba ch\u1ec9 giao h\u00e0ng l\u00e0 ch\u00ednh x\u00e1c v\u00e0 \u0111\u1ea7y \u0111\u1ee7. N\u1ebfu m\u1ed9t g\u00f3i h\u00e0ng \u0111\u01b0\u1ee3c tr\u1ea3 l\u1ea1i cho ch\u00fang t\u00f4i do \u0111\u1ecba ch\u1ec9 kh\u00f4ng ch\u00ednh x\u00e1c ho\u1eb7c kh\u00f4ng \u0111\u1ea7y \u0111\u1ee7, kh\u00e1ch h\u00e0ng s\u1ebd ch\u1ecbu tr\u00e1ch nhi\u1ec7m cho b\u1ea5t k\u1ef3 kho\u1ea3n ph\u00ed v\u1eadn chuy\u1ec3n b\u1ed5 sung n\u00e0o.<\/p>\n<p style=\"text-align: justify;\"><strong>Theo d\u00f5i th\u00f4ng tin:<\/strong>\u00a0Ch\u00fang t\u00f4i s\u1ebd cung c\u1ea5p cho kh\u00e1ch h\u00e0ng s\u1ed1 theo d\u00f5i ngay khi \u0111\u01a1n h\u00e0ng c\u1ee7a h\u1ecd \u0111\u01b0\u1ee3c chuy\u1ec3n \u0111i. Kh\u00e1ch h\u00e0ng c\u00f3 th\u1ec3 s\u1eed d\u1ee5ng s\u1ed1 theo d\u00f5i n\u00e0y \u0111\u1ec3 theo d\u00f5i tr\u1ea1ng th\u00e1i giao h\u00e0ng c\u1ee7a g\u00f3i h\u00e0ng c\u1ee7a h\u1ecd.<\/p>\n<p style=\"text-align: justify;\"><strong>G\u00f3i b\u1ecb h\u01b0 h\u1ecfng ho\u1eb7c b\u1ecb m\u1ea5t:<\/strong>\u00a0N\u1ebfu g\u00f3i h\u00e0ng b\u1ecb m\u1ea5t ho\u1eb7c h\u01b0 h\u1ecfng trong qu\u00e1 tr\u00ecnh v\u1eadn chuy\u1ec3n, h\u00e3y nh\u1edb li\u00ean h\u1ec7 v\u1edbi ch\u00fang t\u00f4i ngay l\u1eadp t\u1ee9c. Ch\u00fang t\u00f4i s\u1ebd l\u00e0m vi\u1ec7c v\u1edbi h\u00e3ng v\u1eadn chuy\u1ec3n \u0111\u1ec3 gi\u1ea3i quy\u1ebft v\u1ea5n \u0111\u1ec1 v\u00e0 \u0111\u1ea3m b\u1ea3o kh\u00e1ch h\u00e0ng nh\u1eadn \u0111\u01b0\u1ee3c \u0111\u01a1n \u0111\u1eb7t h\u00e0ng ngay l\u1eadp t\u1ee9c.<\/p>\n<p style=\"text-align: justify;\"><strong>V\u1eadn chuy\u1ec3n qu\u1ed1c t\u1ebf:<\/strong>\u00a0T\u1ea1i th\u1eddi \u0111i\u1ec3m n\u00e0y, ch\u00fang t\u00f4i kh\u00f4ng cung c\u1ea5p v\u1eadn chuy\u1ec3n qu\u1ed1c t\u1ebf. Ch\u00fang t\u00f4i ch\u1ec9 g\u1eedi \u0111\u1ebfn c\u00e1c \u0111\u1ecba ch\u1ec9 trong Hoa K\u1ef3.<\/p>\n<p style=\"text-align: justify;\"><strong>Bao b\u00ec:<\/strong>\u00a0Ch\u00fang t\u00f4i hi\u1ec3u t\u1ea7m quan tr\u1ecdng c\u1ee7a vi\u1ec7c b\u1ea3o v\u1ec7 s\u1ea3n ph\u1ea9m c\u1ee7a m\u00ecnh trong qu\u00e1 tr\u00ecnh v\u1eadn chuy\u1ec3n. Do \u0111\u00f3, ch\u00fang t\u00f4i s\u1eed d\u1ee5ng c\u00e1c v\u1eadt li\u1ec7u \u0111\u00f3ng g\u00f3i ch\u1eafc ch\u1eafn v\u00e0 b\u1ec1n \u0111\u1ec3 \u0111\u1ea3m b\u1ea3o r\u1eb1ng c\u00e1c s\u1ea3n ph\u1ea9m c\u1ee7a ch\u00fang t\u00f4i \u0111\u01b0\u1ee3c giao cho kh\u00e1ch h\u00e0ng trong t\u00ecnh tr\u1ea1ng t\u1ed1t.<\/p>\n<p style=\"text-align: justify;\"><strong>X\u00e1c nh\u1eadn chuy\u1ec3n h\u00e0ng:<\/strong>\u00a0Once an order has been shipped, we will send a shipping confirmation email to the customer&#8217;s registered email address. The email will contain a tracking number and a link to the carrier&#8217;s website, allowing customers to track their package&#8217;s progress.<\/p>\n<p style=\"text-align: justify;\"><strong>Y\u00eau c\u1ea7u ch\u1eef k\u00fd:<\/strong>\u00a0M\u1ed9t s\u1ed1 \u0111\u01a1n \u0111\u1eb7t h\u00e0ng c\u00f3 th\u1ec3 y\u00eau c\u1ea7u ch\u1eef k\u00fd khi giao h\u00e0ng. \u0110i\u1ec1u n\u00e0y th\u01b0\u1eddng d\u00e0nh cho c\u00e1c m\u1eb7t h\u00e0ng c\u00f3 gi\u00e1 tr\u1ecb cao ho\u1eb7c kh\u00e1ch h\u00e0ng y\u00eau c\u1ea7u d\u1ecbch v\u1ee5 n\u00e0y. N\u1ebfu c\u1ea7n c\u00f3 ch\u1eef k\u00fd, h\u00e3ng v\u1eadn chuy\u1ec3n s\u1ebd c\u1ed1 g\u1eafng giao g\u00f3i h\u00e0ng ba l\u1ea7n tr\u01b0\u1edbc khi tr\u1ea3 l\u1ea1i cho ch\u00fang t\u00f4i.<\/p>\n<p style=\"text-align: justify;\">Gunmeplug.com is committed to providing our customers with prompt and reliable shipping and delivery. We strive to process all orders quickly and efficiently and offer multiple shipping options to meet our customers&#8217; needs. If you have any questions or concerns regarding shipping and delivery, please do not hesitate to contact our customer service team.<\/p>\n\n\t\t<\/div>\n\t<\/div>\n<\/div><\/div><\/div><\/div>","protected":false},"excerpt":{"rendered":"At Gunmeplug.com, prompt and reliable shipping and delivery are crucial to customer satisfaction. We are committed to providing all our customers with a seamless and hassle-free shipping experience. At Gunmeplug.com, we take great pride in ensuring that our customers receive their orders on time and in good condition. Our shipping and delivery process is designed [...]","protected":false},"author":1,"featured_media":0,"parent":0,"menu_order":0,"comment_status":"closed","ping_status":"closed","template":"","meta":{"_acf_changed":false,"_joinchat":[],"footnotes":""},"class_list":["post-3415","page","type-page","status-publish","hentry"],"acf":[],"yoast_head":"<!-- This site is optimized with the Yoast SEO plugin v26.3 - https:\/\/yoast.com\/wordpress\/plugins\/seo\/ -->\n<title>Shipping &amp; Delivery - Buy gun online USA<\/title>\n<meta name=\"robots\" content=\"index, follow, max-snippet:-1, max-image-preview:large, max-video-preview:-1\" \/>\n<link rel=\"canonical\" href=\"https:\/\/www.gunmeplug.com\/vi\/shipping-delivery\/\" \/>\n<meta property=\"og:locale\" content=\"vi_VN\" \/>\n<meta property=\"og:type\" content=\"article\" \/>\n<meta property=\"og:title\" content=\"Shipping &amp; Delivery - Buy gun online USA\" \/>\n<meta property=\"og:url\" content=\"https:\/\/www.gunmeplug.com\/vi\/shipping-delivery\/\" \/>\n<meta property=\"og:site_name\" content=\"Buy gun online USA\" \/>\n<meta name=\"twitter:card\" content=\"summary_large_image\" \/>\n<meta name=\"twitter:label1\" content=\"\u01af\u1edbc t\u00ednh th\u1eddi gian \u0111\u1ecdc\" \/>\n\t<meta name=\"twitter:data1\" content=\"3 ph\u00fat\" \/>\n<script type=\"application\/ld+json\" class=\"yoast-schema-graph\">{\"@context\":\"https:\/\/schema.org\",\"@graph\":[{\"@type\":\"WebPage\",\"@id\":\"https:\/\/www.gunmeplug.com\/es\/envio-entrega\/\",\"url\":\"https:\/\/www.gunmeplug.com\/es\/envio-entrega\/\",\"name\":\"Shipping & Delivery - Buy gun online USA\",\"isPartOf\":{\"@id\":\"https:\/\/www.gunmeplug.com\/#website\"},\"datePublished\":\"2023-05-03T10:04:44+00:00\",\"breadcrumb\":{\"@id\":\"https:\/\/www.gunmeplug.com\/es\/envio-entrega\/#breadcrumb\"},\"inLanguage\":\"vi\",\"potentialAction\":[{\"@type\":\"ReadAction\",\"target\":[\"https:\/\/www.gunmeplug.com\/es\/envio-entrega\/\"]}]},{\"@type\":\"BreadcrumbList\",\"@id\":\"https:\/\/www.gunmeplug.com\/es\/envio-entrega\/#breadcrumb\",\"itemListElement\":[{\"@type\":\"ListItem\",\"position\":1,\"name\":\"Home\",\"item\":\"https:\/\/www.gunmeplug.com\/es\/\"},{\"@type\":\"ListItem\",\"position\":2,\"name\":\"Shipping &#038; Delivery\"}]},{\"@type\":\"WebSite\",\"@id\":\"https:\/\/www.gunmeplug.com\/#website\",\"url\":\"https:\/\/www.gunmeplug.com\/\",\"name\":\"Buy gun online USA\",\"description\":\"FireArms for sale online \",\"potentialAction\":[{\"@type\":\"SearchAction\",\"target\":{\"@type\":\"EntryPoint\",\"urlTemplate\":\"https:\/\/www.gunmeplug.com\/?s={search_term_string}\"},\"query-input\":{\"@type\":\"PropertyValueSpecification\",\"valueRequired\":true,\"valueName\":\"search_term_string\"}}],\"inLanguage\":\"vi\"}]}<\/script>\n<!-- \/ Yoast SEO plugin. -->","yoast_head_json":{"title":"Shipping & Delivery - Buy gun online USA","robots":{"index":"index","follow":"follow","max-snippet":"max-snippet:-1","max-image-preview":"max-image-preview:large","max-video-preview":"max-video-preview:-1"},"canonical":"https:\/\/www.gunmeplug.com\/vi\/shipping-delivery\/","og_locale":"vi_VN","og_type":"article","og_title":"Shipping & Delivery - Buy gun online USA","og_url":"https:\/\/www.gunmeplug.com\/vi\/shipping-delivery\/","og_site_name":"Buy gun online USA","twitter_card":"summary_large_image","twitter_misc":{"\u01af\u1edbc t\u00ednh th\u1eddi gian \u0111\u1ecdc":"3 ph\u00fat"},"schema":{"@context":"https:\/\/schema.org","@graph":[{"@type":"WebPage","@id":"https:\/\/www.gunmeplug.com\/es\/envio-entrega\/","url":"https:\/\/www.gunmeplug.com\/es\/envio-entrega\/","name":"Shipping & Delivery - Buy gun online USA","isPartOf":{"@id":"https:\/\/www.gunmeplug.com\/#website"},"datePublished":"2023-05-03T10:04:44+00:00","breadcrumb":{"@id":"https:\/\/www.gunmeplug.com\/es\/envio-entrega\/#breadcrumb"},"inLanguage":"vi","potentialAction":[{"@type":"ReadAction","target":["https:\/\/www.gunmeplug.com\/es\/envio-entrega\/"]}]},{"@type":"BreadcrumbList","@id":"https:\/\/www.gunmeplug.com\/es\/envio-entrega\/#breadcrumb","itemListElement":[{"@type":"ListItem","position":1,"name":"Home","item":"https:\/\/www.gunmeplug.com\/es\/"},{"@type":"ListItem","position":2,"name":"Shipping &#038; Delivery"}]},{"@type":"WebSite","@id":"https:\/\/www.gunmeplug.com\/#website","url":"https:\/\/www.gunmeplug.com\/","name":"Mua s\u00fang tr\u1ef1c tuy\u1ebfn Hoa K\u1ef3","description":"FireArms for sale online","potentialAction":[{"@type":"SearchAction","target":{"@type":"EntryPoint","urlTemplate":"https:\/\/www.gunmeplug.com\/?s={search_term_string}"},"query-input":{"@type":"PropertyValueSpecification","valueRequired":true,"valueName":"search_term_string"}}],"inLanguage":"vi"}]}},"_links":{"self":[{"href":"https:\/\/www.gunmeplug.com\/vi\/wp-json\/wp\/v2\/pages\/3415","targetHints":{"allow":["GET"]}}],"collection":[{"href":"https:\/\/www.gunmeplug.com\/vi\/wp-json\/wp\/v2\/pages"}],"about":[{"href":"https:\/\/www.gunmeplug.com\/vi\/wp-json\/wp\/v2\/types\/page"}],"author":[{"embeddable":true,"href":"https:\/\/www.gunmeplug.com\/vi\/wp-json\/wp\/v2\/users\/1"}],"replies":[{"embeddable":true,"href":"https:\/\/www.gunmeplug.com\/vi\/wp-json\/wp\/v2\/comments?post=3415"}],"version-history":[{"count":1,"href":"https:\/\/www.gunmeplug.com\/vi\/wp-json\/wp\/v2\/pages\/3415\/revisions"}],"predecessor-version":[{"id":3416,"href":"https:\/\/www.gunmeplug.com\/vi\/wp-json\/wp\/v2\/pages\/3415\/revisions\/3416"}],"wp:attachment":[{"href":"https:\/\/www.gunmeplug.com\/vi\/wp-json\/wp\/v2\/media?parent=3415"}],"curies":[{"name":"wp","href":"https:\/\/api.w.org\/{rel}","templated":true}]}}