{"id":3229,"date":"2021-11-05T17:23:33","date_gmt":"2021-11-05T17:23:33","guid":{"rendered":"https:\/\/www.gunmeplug.com\/?page_id=3229"},"modified":"2023-05-03T10:02:34","modified_gmt":"2023-05-03T10:02:34","slug":"refund_returns","status":"publish","type":"page","link":"https:\/\/www.gunmeplug.com\/vi\/refund_returns\/","title":{"rendered":"Ch\u00ednh s\u00e1ch ho\u00e0n ti\u1ec1n v\u00e0 ho\u00e0n tr\u1ea3"},"content":{"rendered":"<div class=\"vc_row wpb_row vc_row-fluid\"><div class=\"wpb_column vc_column_container vc_col-sm-12\"><div class=\"vc_column-inner\"><div class=\"wpb_wrapper\">\n\t<div class=\"wpb_text_column wpb_content_element\" >\n\t\t<div class=\"wpb_wrapper\">\n\t\t\t<p style=\"text-align: justify;\">C\u1ea3m \u01a1n b\u1ea1n \u0111\u00e3 ch\u1ecdn Gunmeplug.com cho nhu c\u1ea7u v\u1ec1 s\u00fang c\u1ee7a m\u00ecnh. Ch\u00fang t\u00f4i hi\u1ec3u r\u1eb1ng \u0111\u00f4i khi vi\u1ec7c tr\u1ea3 l\u1ea1i\/trao \u0111\u1ed5i ho\u1eb7c h\u1ee7y b\u1ecf c\u00f3 th\u1ec3 c\u1ea7n thi\u1ebft v\u00e0 ch\u00fang t\u00f4i mu\u1ed1n \u0111\u1ea3m b\u1ea3o qu\u00e1 tr\u00ecnh n\u00e0y di\u1ec5n ra d\u1ec5 d\u00e0ng nh\u1ea5t c\u00f3 th\u1ec3.<\/p>\n<p style=\"text-align: justify;\"><strong>trao \u0111\u1ed5i<\/strong>:<\/p>\n<p style=\"text-align: justify;\">N\u1ebfu b\u1ea1n nh\u1eadn \u0111\u01b0\u1ee3c m\u1ed9t m\u1eb7t h\u00e0ng b\u1ecb h\u01b0 h\u1ecfng ho\u1eb7c b\u1ecb l\u1ed7i, ch\u00fang t\u00f4i s\u1eb5n s\u00e0ng \u0111\u1ed5i n\u00f3 l\u1ea5y m\u1ed9t m\u1eb7t h\u00e0ng m\u1edbi. \u0110\u1ec3 b\u1eaft \u0111\u1ea7u trao \u0111\u1ed5i, vui l\u00f2ng li\u00ean h\u1ec7 v\u1edbi nh\u00f3m d\u1ecbch v\u1ee5 kh\u00e1ch h\u00e0ng c\u1ee7a ch\u00fang t\u00f4i t\u1ea1i [\u0111i\u1ec1n s\u1ed1 \u0111i\u1ec7n tho\u1ea1i ho\u1eb7c email] v\u00e0 cung c\u1ea5p s\u1ed1 \u0111\u01a1n \u0111\u1eb7t h\u00e0ng c\u1ee7a b\u1ea1n c\u0169ng nh\u01b0 l\u00fd do trao \u0111\u1ed5i.<\/p>\n<p style=\"text-align: justify;\">Il nostro team ti fornir\u00e0 un numero di autorizzazione al reso (RAN) e le istruzioni per restituire l'articolo. Una volta ricevuto l'articolo restituito e verificate le sue condizioni, ti spediremo un articolo sostitutivo senza costi aggiuntivi.<\/p>\n<p style=\"text-align: justify;\">N\u1ebfu b\u1ea1n mu\u1ed1n \u0111\u1ed5i m\u1ed9t m\u1eb7t h\u00e0ng l\u1ea5y m\u1ed9t s\u1ea3n ph\u1ea9m kh\u00e1c, vui l\u00f2ng li\u00ean h\u1ec7 v\u1edbi nh\u00f3m d\u1ecbch v\u1ee5 kh\u00e1ch h\u00e0ng c\u1ee7a ch\u00fang t\u00f4i \u0111\u1ec3 b\u1eaft \u0111\u1ea7u quy tr\u00ecnh ho\u00e0n tr\u1ea3 \u0111\u01b0\u1ee3c n\u00eau \u1edf tr\u00ean. Khi ch\u00fang t\u00f4i nh\u1eadn \u0111\u01b0\u1ee3c h\u00e0ng tr\u1ea3 l\u1ea1i c\u1ee7a b\u1ea1n, ch\u00fang t\u00f4i s\u1ebd ho\u00e0n l\u1ea1i ti\u1ec1n cho ph\u01b0\u01a1ng th\u1ee9c thanh to\u00e1n ban \u0111\u1ea7u c\u1ee7a b\u1ea1n v\u00e0 b\u1ea1n c\u00f3 th\u1ec3 \u0111\u1eb7t h\u00e0ng m\u1edbi cho s\u1ea3n ph\u1ea9m b\u1ea1n mu\u1ed1n nh\u1eadn thay th\u1ebf.<\/p>\n<p style=\"text-align: justify;\"><strong>\u0110ang chuy\u1ec3n h\u00e0ng<\/strong>:<\/p>\n<p style=\"text-align: justify;\">T\u1ea5t c\u1ea3 c\u00e1c kho\u1ea3n ho\u00e0n tr\u1ea3 v\u00e0 trao \u0111\u1ed5i \u0111\u1ec1u ph\u1ea3i ch\u1ecbu ph\u00ed v\u1eadn chuy\u1ec3n, kho\u1ea3n ph\u00ed n\u00e0y s\u1ebd \u0111\u01b0\u1ee3c kh\u1ea5u tr\u1eeb v\u00e0o kho\u1ea3n ti\u1ec1n ho\u00e0n l\u1ea1i c\u1ee7a b\u1ea1n. N\u1ebfu b\u1ea1n nh\u1eadn \u0111\u01b0\u1ee3c m\u1ed9t m\u1eb7t h\u00e0ng b\u1ecb h\u01b0 h\u1ecfng ho\u1eb7c b\u1ecb l\u1ed7i, vui l\u00f2ng li\u00ean h\u1ec7 v\u1edbi nh\u00f3m d\u1ecbch v\u1ee5 kh\u00e1ch h\u00e0ng c\u1ee7a ch\u00fang t\u00f4i v\u00e0 ch\u00fang t\u00f4i s\u1ebd chi tr\u1ea3 chi ph\u00ed v\u1eadn chuy\u1ec3n tr\u1edf l\u1ea1i.<\/p>\n<p style=\"text-align: justify;\">Ch\u00fang t\u00f4i kh\u00f4ng th\u1ec3 g\u1eedi v\u0169 kh\u00ed \u0111\u1ebfn P.O. h\u1ed9p ho\u1eb7c \u0111\u1ecba ch\u1ec9 APO\/FPO. T\u1ea5t c\u1ea3 c\u00e1c lo\u1ea1i s\u00fang ph\u1ea3i \u0111\u01b0\u1ee3c v\u1eadn chuy\u1ec3n \u0111\u1ebfn \u0111\u1ea1i l\u00fd \u0111\u01b0\u1ee3c c\u1ea5p ph\u00e9p v\u00e0 kh\u00e1ch h\u00e0ng ph\u1ea3i \u0111\u1ea3m b\u1ea3o r\u1eb1ng \u0111\u1ea1i l\u00fd s\u1eb5n s\u00e0ng nh\u1eadn v\u00e0 chuy\u1ec3n s\u00fang. Ch\u00fang t\u00f4i cam k\u1ebft cung c\u1ea5p cho kh\u00e1ch h\u00e0ng nh\u1eefng lo\u1ea1i v\u0169 kh\u00ed ch\u1ea5t l\u01b0\u1ee3ng cao v\u00e0 d\u1ecbch v\u1ee5 kh\u00e1ch h\u00e0ng tuy\u1ec7t v\u1eddi. N\u1ebfu b\u1ea1n c\u00f3 b\u1ea5t k\u1ef3 c\u00e2u h\u1ecfi ho\u1eb7c th\u1eafc m\u1eafc n\u00e0o v\u1ec1 ch\u00ednh s\u00e1ch \u0111\u1ed5i tr\u1ea3 v\u00e0 \u0111\u1ed5i tr\u1ea3 c\u1ee7a ch\u00fang t\u00f4i, vui l\u00f2ng li\u00ean h\u1ec7 v\u1edbi nh\u00f3m d\u1ecbch v\u1ee5 kh\u00e1ch h\u00e0ng c\u1ee7a ch\u00fang t\u00f4i \u0111\u1ec3 \u0111\u01b0\u1ee3c h\u1ed7 tr\u1ee3.<\/p>\n<p style=\"text-align: justify;\"><strong>Ch\u00ednh s\u00e1ch h\u1ee7y:<\/strong><\/p>\n<p style=\"text-align: justify;\">T\u1ea1i Gunmeplug.com, ch\u00fang t\u00f4i hi\u1ec3u r\u1eb1ng \u0111\u00f4i khi ho\u00e0n c\u1ea3nh thay \u0111\u1ed5i v\u00e0 b\u1ea1n c\u00f3 th\u1ec3 ph\u1ea3i h\u1ee7y \u0111\u01a1n \u0111\u1eb7t h\u00e0ng c\u1ee7a m\u00ecnh. Ch\u00fang t\u00f4i mu\u1ed1n l\u00e0m cho qu\u00e1 tr\u00ecnh h\u1ee7y d\u1ec5 d\u00e0ng v\u00e0 thu\u1eadn ti\u1ec7n nh\u1ea5t c\u00f3 th\u1ec3.<\/p>\n<p style=\"text-align: justify;\">N\u1ebfu b\u1ea1n mu\u1ed1n h\u1ee7y \u0111\u01a1n \u0111\u1eb7t h\u00e0ng c\u1ee7a m\u00ecnh, vui l\u00f2ng li\u00ean h\u1ec7 v\u1edbi nh\u00f3m d\u1ecbch v\u1ee5 kh\u00e1ch h\u00e0ng c\u1ee7a ch\u00fang t\u00f4i c\u00e0ng s\u1edbm c\u00e0ng t\u1ed1t t\u1ea1i [ch\u00e8n s\u1ed1 \u0111i\u1ec7n tho\u1ea1i ho\u1eb7c email] v\u1edbi s\u1ed1 \u0111\u01a1n \u0111\u1eb7t h\u00e0ng c\u1ee7a b\u1ea1n v\u00e0 l\u00fd do h\u1ee7y. Nh\u00f3m c\u1ee7a ch\u00fang t\u00f4i s\u1ebd l\u00e0m vi\u1ec7c v\u1edbi b\u1ea1n \u0111\u1ec3 h\u1ee7y \u0111\u01a1n \u0111\u1eb7t h\u00e0ng c\u1ee7a b\u1ea1n v\u00e0 ho\u00e0n l\u1ea1i ti\u1ec1n n\u1ebfu c\u00f3. Xin l\u01b0u \u00fd r\u1eb1ng m\u1ed9t s\u1ed1 \u0111\u01a1n \u0111\u1eb7t h\u00e0ng c\u00f3 th\u1ec3 \u0111\u00e3 \u0111\u01b0\u1ee3c v\u1eadn chuy\u1ec3n ho\u1eb7c \u0111ang trong qu\u00e1 tr\u00ecnh v\u1eadn chuy\u1ec3n. Trong nh\u1eefng tr\u01b0\u1eddng h\u1ee3p nh\u01b0 v\u1eady, ch\u00fang t\u00f4i kh\u00f4ng th\u1ec3 h\u1ee7y \u0111\u01a1n \u0111\u1eb7t h\u00e0ng v\u00e0 b\u1ea1n c\u00f3 th\u1ec3 ph\u1ea3i tr\u1ea3 l\u1ea1i h\u00e0ng sau khi h\u00e0ng \u0111\u01b0\u1ee3c giao.<\/p>\n<p style=\"text-align: justify;\"><strong>ho\u00e0n l\u1ea1i ti\u1ec1n<\/strong>:<\/p>\n<p style=\"text-align: justify;\">N\u1ebfu b\u1ea1n h\u1ee7y \u0111\u01a1n \u0111\u1eb7t h\u00e0ng c\u1ee7a m\u00ecnh tr\u01b0\u1edbc khi \u0111\u01a1n h\u00e0ng \u0111\u01b0\u1ee3c giao, ch\u00fang t\u00f4i s\u1ebd ho\u00e0n l\u1ea1i to\u00e0n b\u1ed9 ti\u1ec1n cho ph\u01b0\u01a1ng th\u1ee9c thanh to\u00e1n ban \u0111\u1ea7u c\u1ee7a b\u1ea1n. N\u1ebfu \u0111\u01a1n \u0111\u1eb7t h\u00e0ng c\u1ee7a b\u1ea1n \u0111\u00e3 \u0111\u01b0\u1ee3c giao, ch\u00fang t\u00f4i s\u1ebd ho\u00e0n l\u1ea1i ti\u1ec1n cho chi ph\u00ed c\u1ee7a (c\u00e1c) m\u1eb7t h\u00e0ng ch\u1ec9 sau khi ch\u00fang t\u00f4i nh\u1eadn \u0111\u01b0\u1ee3c (c\u00e1c) m\u1eb7t h\u00e0ng \u0111\u01b0\u1ee3c tr\u1ea3 l\u1ea1i trong t\u00ecnh tr\u1ea1ng ban \u0111\u1ea7u.<\/p>\n<p style=\"text-align: justify;\">Xin l\u01b0u \u00fd r\u1eb1ng ph\u00ed v\u1eadn chuy\u1ec3n v\u00e0 x\u1eed l\u00fd kh\u00f4ng \u0111\u01b0\u1ee3c ho\u00e0n l\u1ea1i v\u00e0 b\u1ea1n s\u1ebd ch\u1ecbu tr\u00e1ch nhi\u1ec7m v\u1ec1 chi ph\u00ed v\u1eadn chuy\u1ec3n tr\u1edf l\u1ea1i. N\u1ebfu b\u1ea1n nh\u1eadn \u0111\u01b0\u1ee3c m\u1ed9t m\u1eb7t h\u00e0ng b\u1ecb h\u01b0 h\u1ecfng ho\u1eb7c b\u1ecb l\u1ed7i, vui l\u00f2ng xem ch\u00ednh s\u00e1ch tr\u1ea3 l\u1ea1i v\u00e0 trao \u0111\u1ed5i c\u1ee7a ch\u00fang t\u00f4i \u0111\u1ec3 bi\u1ebft th\u00f4ng tin v\u1ec1 c\u00e1ch tr\u1ea3 l\u1ea1i m\u1eb7t h\u00e0ng v\u00e0 nh\u1eadn ti\u1ec1n ho\u00e0n l\u1ea1i ho\u1eb7c trao \u0111\u1ed5i.<\/p>\n<p style=\"text-align: justify;\">Ch\u00fang t\u00f4i cam k\u1ebft cung c\u1ea5p cho kh\u00e1ch h\u00e0ng nh\u1eefng lo\u1ea1i v\u0169 kh\u00ed ch\u1ea5t l\u01b0\u1ee3ng cao v\u00e0 d\u1ecbch v\u1ee5 kh\u00e1ch h\u00e0ng tuy\u1ec7t v\u1eddi. N\u1ebfu b\u1ea1n c\u00f3 b\u1ea5t k\u1ef3 c\u00e2u h\u1ecfi ho\u1eb7c th\u1eafc m\u1eafc n\u00e0o v\u1ec1 ch\u00ednh s\u00e1ch h\u1ee7y c\u1ee7a ch\u00fang t\u00f4i, vui l\u00f2ng li\u00ean h\u1ec7 v\u1edbi nh\u00f3m d\u1ecbch v\u1ee5 kh\u00e1ch h\u00e0ng c\u1ee7a ch\u00fang t\u00f4i \u0111\u1ec3 \u0111\u01b0\u1ee3c h\u1ed7 tr\u1ee3.<\/p>\n\n\t\t<\/div>\n\t<\/div>\n<\/div><\/div><\/div><\/div>","protected":false},"excerpt":{"rendered":"Thank you for choosing Gunmeplug.com for your firearm needs. We understand that sometimes returns\/ exchanges or cancellation may be necessary, and we want to ensure the process is as easy as possible. Exchanges: If you received a damaged or defective item, we would gladly exchange it for a new one. To initiate an exchange, please [...]","protected":false},"author":1,"featured_media":0,"parent":0,"menu_order":0,"comment_status":"closed","ping_status":"closed","template":"","meta":{"_acf_changed":false,"_joinchat":[],"footnotes":""},"class_list":["post-3229","page","type-page","status-publish","hentry"],"acf":[],"yoast_head":"<!-- This site is optimized with the Yoast SEO plugin v26.3 - https:\/\/yoast.com\/wordpress\/plugins\/seo\/ -->\n<title>Refund and Returns Policy - Buy gun online USA<\/title>\n<meta name=\"robots\" content=\"index, follow, max-snippet:-1, max-image-preview:large, max-video-preview:-1\" \/>\n<link rel=\"canonical\" href=\"https:\/\/www.gunmeplug.com\/vi\/refund_returns\/\" \/>\n<meta property=\"og:locale\" content=\"vi_VN\" \/>\n<meta property=\"og:type\" content=\"article\" \/>\n<meta property=\"og:title\" content=\"Refund and Returns Policy - Buy gun online USA\" \/>\n<meta property=\"og:url\" content=\"https:\/\/www.gunmeplug.com\/vi\/refund_returns\/\" \/>\n<meta property=\"og:site_name\" content=\"Buy gun online USA\" \/>\n<meta property=\"article:modified_time\" content=\"2023-05-03T10:02:34+00:00\" \/>\n<meta name=\"twitter:card\" content=\"summary_large_image\" \/>\n<meta name=\"twitter:label1\" content=\"\u01af\u1edbc t\u00ednh th\u1eddi gian \u0111\u1ecdc\" \/>\n\t<meta name=\"twitter:data1\" content=\"3 ph\u00fat\" \/>\n<script type=\"application\/ld+json\" class=\"yoast-schema-graph\">{\"@context\":\"https:\/\/schema.org\",\"@graph\":[{\"@type\":\"WebPage\",\"@id\":\"https:\/\/www.gunmeplug.com\/refund_returns\/\",\"url\":\"https:\/\/www.gunmeplug.com\/refund_returns\/\",\"name\":\"Refund and Returns Policy - Buy gun online USA\",\"isPartOf\":{\"@id\":\"https:\/\/www.gunmeplug.com\/#website\"},\"datePublished\":\"2021-11-05T17:23:33+00:00\",\"dateModified\":\"2023-05-03T10:02:34+00:00\",\"breadcrumb\":{\"@id\":\"https:\/\/www.gunmeplug.com\/refund_returns\/#breadcrumb\"},\"inLanguage\":\"vi\",\"potentialAction\":[{\"@type\":\"ReadAction\",\"target\":[\"https:\/\/www.gunmeplug.com\/refund_returns\/\"]}]},{\"@type\":\"BreadcrumbList\",\"@id\":\"https:\/\/www.gunmeplug.com\/refund_returns\/#breadcrumb\",\"itemListElement\":[{\"@type\":\"ListItem\",\"position\":1,\"name\":\"Home\",\"item\":\"https:\/\/www.gunmeplug.com\/es\/\"},{\"@type\":\"ListItem\",\"position\":2,\"name\":\"Refund and Returns Policy\"}]},{\"@type\":\"WebSite\",\"@id\":\"https:\/\/www.gunmeplug.com\/#website\",\"url\":\"https:\/\/www.gunmeplug.com\/\",\"name\":\"Buy gun online USA\",\"description\":\"FireArms for sale online \",\"potentialAction\":[{\"@type\":\"SearchAction\",\"target\":{\"@type\":\"EntryPoint\",\"urlTemplate\":\"https:\/\/www.gunmeplug.com\/?s={search_term_string}\"},\"query-input\":{\"@type\":\"PropertyValueSpecification\",\"valueRequired\":true,\"valueName\":\"search_term_string\"}}],\"inLanguage\":\"vi\"}]}<\/script>\n<!-- \/ Yoast SEO plugin. -->","yoast_head_json":{"title":"Refund and Returns Policy - Buy gun online USA","robots":{"index":"index","follow":"follow","max-snippet":"max-snippet:-1","max-image-preview":"max-image-preview:large","max-video-preview":"max-video-preview:-1"},"canonical":"https:\/\/www.gunmeplug.com\/vi\/refund_returns\/","og_locale":"vi_VN","og_type":"article","og_title":"Refund and Returns Policy - Buy gun online USA","og_url":"https:\/\/www.gunmeplug.com\/vi\/refund_returns\/","og_site_name":"Buy gun online USA","article_modified_time":"2023-05-03T10:02:34+00:00","twitter_card":"summary_large_image","twitter_misc":{"\u01af\u1edbc t\u00ednh th\u1eddi gian \u0111\u1ecdc":"3 ph\u00fat"},"schema":{"@context":"https:\/\/schema.org","@graph":[{"@type":"WebPage","@id":"https:\/\/www.gunmeplug.com\/refund_returns\/","url":"https:\/\/www.gunmeplug.com\/refund_returns\/","name":"Refund and Returns Policy - Buy gun online USA","isPartOf":{"@id":"https:\/\/www.gunmeplug.com\/#website"},"datePublished":"2021-11-05T17:23:33+00:00","dateModified":"2023-05-03T10:02:34+00:00","breadcrumb":{"@id":"https:\/\/www.gunmeplug.com\/refund_returns\/#breadcrumb"},"inLanguage":"vi","potentialAction":[{"@type":"ReadAction","target":["https:\/\/www.gunmeplug.com\/refund_returns\/"]}]},{"@type":"BreadcrumbList","@id":"https:\/\/www.gunmeplug.com\/refund_returns\/#breadcrumb","itemListElement":[{"@type":"ListItem","position":1,"name":"Home","item":"https:\/\/www.gunmeplug.com\/es\/"},{"@type":"ListItem","position":2,"name":"Refund and Returns Policy"}]},{"@type":"WebSite","@id":"https:\/\/www.gunmeplug.com\/#website","url":"https:\/\/www.gunmeplug.com\/","name":"Mua s\u00fang tr\u1ef1c tuy\u1ebfn Hoa K\u1ef3","description":"FireArms for sale online","potentialAction":[{"@type":"SearchAction","target":{"@type":"EntryPoint","urlTemplate":"https:\/\/www.gunmeplug.com\/?s={search_term_string}"},"query-input":{"@type":"PropertyValueSpecification","valueRequired":true,"valueName":"search_term_string"}}],"inLanguage":"vi"}]}},"_links":{"self":[{"href":"https:\/\/www.gunmeplug.com\/vi\/wp-json\/wp\/v2\/pages\/3229","targetHints":{"allow":["GET"]}}],"collection":[{"href":"https:\/\/www.gunmeplug.com\/vi\/wp-json\/wp\/v2\/pages"}],"about":[{"href":"https:\/\/www.gunmeplug.com\/vi\/wp-json\/wp\/v2\/types\/page"}],"author":[{"embeddable":true,"href":"https:\/\/www.gunmeplug.com\/vi\/wp-json\/wp\/v2\/users\/1"}],"replies":[{"embeddable":true,"href":"https:\/\/www.gunmeplug.com\/vi\/wp-json\/wp\/v2\/comments?post=3229"}],"version-history":[{"count":1,"href":"https:\/\/www.gunmeplug.com\/vi\/wp-json\/wp\/v2\/pages\/3229\/revisions"}],"predecessor-version":[{"id":3412,"href":"https:\/\/www.gunmeplug.com\/vi\/wp-json\/wp\/v2\/pages\/3229\/revisions\/3412"}],"wp:attachment":[{"href":"https:\/\/www.gunmeplug.com\/vi\/wp-json\/wp\/v2\/media?parent=3229"}],"curies":[{"name":"wp","href":"https:\/\/api.w.org\/{rel}","templated":true}]}}