{"id":3934,"date":"2024-11-23T16:11:17","date_gmt":"2024-11-23T16:11:17","guid":{"rendered":"https:\/\/www.gunmeplug.com\/?post_type=product&#038;p=3934"},"modified":"2024-11-23T16:11:38","modified_gmt":"2024-11-23T16:11:38","slug":"permis-de-port-deschis","status":"publish","type":"product","link":"https:\/\/www.gunmeplug.com\/ro\/produs\/permis-de-port-deschis\/","title":{"rendered":"Permis de port deschis"},"content":{"rendered":"<h2><strong>Cump\u0103ra\u021bi sau aplica\u021bi online pentru o licen\u021b\u0103 Open Carry \u00een SUA<\/strong><\/h2>\n<p>Dori\u021bi s\u0103 <strong>cump\u0103ra\u021bi un permis de port deschis online<\/strong> sau ave\u021bi nevoie de ajutor \u00een navigarea pe <strong>procesul de solicitare a licen\u021bei de port deschis<\/strong>? La <strong>GunMePlug<\/strong>, ne specializ\u0103m \u00een asistarea proprietarilor de arme de foc \u00een \u00eendeplinirea <strong>cerin\u021be privind permisul de port deschis<\/strong> across the USA. Whether you\u2019re applying for your first license, renewing an <strong>permis de port deschis<\/strong>, sau care solicit\u0103 \u00eendrumare cu privire la <strong>reglement\u0103ri de stat privind armele de foc<\/strong>, simplific\u0103m procesul pentru dvs.<a href=\"https:\/\/www.gunmeplug.com\/ro\/gun-license-certifficate-2\/\">.<\/a><\/p>\n<p>Cu o prezen\u021b\u0103 puternic\u0103 \u00een <strong>state cu cerere ridicat\u0103<\/strong> cum ar fi <strong>Texas<\/strong>, <strong>Arizona<\/strong>, <strong>Florida<\/strong>, <strong>Georgia<\/strong>, \u0219i <strong>Alabama<\/strong>, GunMePlug este de \u00eencredere pentru furnizarea de <strong>aprobarea rapid\u0103 a licen\u021belor de port deschis<\/strong> \u0219i servicii sigure \u0219i fiabile. De asemenea, asigur\u0103m conformitatea cu <strong>legi privind armele de foc specifice fiec\u0103rui stat<\/strong>, f\u0103c\u00e2ndu-ne partenerul preferat pentru nevoile dvs. de port deschis<a href=\"https:\/\/factoryson.com\/product\/caluanie-muelear-oxidize-1l\/\">.<\/a><\/p>\n<h3><strong>Cum s\u0103 ob\u021bine\u021bi o licen\u021b\u0103 Open Carry<\/strong><\/h3>\n<p>Ob\u021binerea unui <strong>permis de port deschis<\/strong> implic\u0103 \u00een\u021belegerea \u0219i satisfacerea <strong>reglement\u0103ri de stat privind armele de foc<\/strong> unde locui\u021bi. La GunMePlug, v\u0103 oferim \u00eendrumare pas cu pas, inclusiv:<\/p>\n<ul>\n<li><strong>Cerin\u021be privind permisul de port deschis<\/strong>: Fiecare stat are reglement\u0103ri unice. Ne asigur\u0103m c\u0103 \u0219ti\u021bi exact ce este necesar, cum ar fi cerin\u021bele de v\u00e2rst\u0103, instruirea privind siguran\u021ba armelor de foc \u0219i verificarea antecedentelor.<\/li>\n<li><strong>Verificarea antecedentelor pentru permisul Open Carry<\/strong>: O etap\u0103 obligatorie pentru verificarea eligibilit\u0103\u021bii pentru portul unei arme de foc \u00een spa\u021bii publice.<\/li>\n<li><strong>Costul permisului Open Carry<\/strong>: Oferim pre\u021buri transparente pentru \u00eentregul proces de aplicare, asigur\u00e2nd lipsa surprizelor.<\/li>\n<li><strong>Cursuri de formare \u00een domeniul armelor de foc<\/strong>: Unele state necesit\u0103 instruire certificat\u0103 \u00eenainte de a putea purta deschis. GunMePlug v\u0103 conecteaz\u0103 cu cele mai bune op\u021biuni.<\/li>\n<\/ul>\n<h3><strong>Cump\u0103ra\u021bi online o licen\u021b\u0103 Open Carry<\/strong><\/h3>\n<p>La GunMePlug, pute\u021bi <strong>achizi\u021bionarea unui permis de port deschis<\/strong> \u00een siguran\u021b\u0103 prin intermediul platformei noastre. Noi oferim:<\/p>\n<ul>\n<li><strong>Licen\u021b\u0103 Open Carry de v\u00e2nzare<\/strong>: Access affordable licenses that comply with your state\u2019s legal requirements.<\/li>\n<li><strong>Achizi\u021bionarea online a permisului Open Carry<\/strong>: Completa\u021bi cererea f\u0103r\u0103 a fi nevoit s\u0103 v\u0103 deplasa\u021bi la un birou.<\/li>\n<li><strong>Aprobarea rapid\u0103 a permiselor de port deschis<\/strong>: Procesul nostru accelerat v\u0103 asigur\u0103 primirea rapid\u0103 a licen\u021bei.<\/li>\n<li><strong>Procesare sigur\u0103 a licen\u021belor<\/strong>: Informa\u021biile dvs. personale sunt tratate cu cea mai mare securitate pe parcursul procesului de aplicare.<\/li>\n<\/ul>\n<h3><strong>State cu cerere mare pentru permisele de port deschis<\/strong><\/h3>\n<p><strong>Texas<\/strong>: Cunoscut pentru sprijinul s\u0103u puternic pentru drepturile armelor de foc, Texas permite portul deschis cu un permis valabil. <strong>Arizona<\/strong>: Un stat favorabil armelor de foc, cu legi simplificate privind portul deschis, ceea ce face ca licen\u021bele s\u0103 fie foarte c\u0103utate. <strong>Florida<\/strong>: De\u0219i cunoscut \u00een primul r\u00e2nd pentru portul ascuns, permisele de port deschis sunt, de asemenea, populare \u00een anumite contexte. <strong>Georgia<\/strong>: A leading state for open carry due to its straightforward application process and recognition of other states\u2019 permits. <strong>Alabama<\/strong>: Ofer\u0103 port deschis cu restric\u021bii minime, ceea ce o face o pia\u021b\u0103 cheie pentru permisele de port deschis.<\/p>\n<h3><strong>De ce s\u0103 alege\u021bi GunMePlug pentru licen\u021ba dvs. de port deschis?<\/strong><\/h3>\n<p>GunMePlug v\u0103 conecteaz\u0103 cu <strong>furnizori de \u00eencredere de permise pentru arme de foc<\/strong> \u0219i ofer\u0103 servicii care sunt sigure, rapide \u0219i conforme cu legile statului. Noi simplific\u0103m <strong>procesul de \u00eenregistrare a permisului de port deschis<\/strong>, asigur\u00e2ndu-v\u0103 c\u0103 \u00eendeplini\u021bi toate cerin\u021bele, inclusiv instruirea privind siguran\u021ba armelor de foc \u0219i verificarea antecedentelor. Platforma noastr\u0103 ofer\u0103 acces la <strong>permise de port deschis la pre\u021buri accesibile<\/strong>, oferind pre\u021buri transparente, f\u0103r\u0103 taxe ascunse. \u00cen plus, serviciile noastre <strong>procesarea securizat\u0103 a permisului de port deschis<\/strong> asigur\u0103 c\u0103 datele dvs. sunt \u00eentotdeauna protejate.<\/p>\n<h3><strong>\u00centreb\u0103ri frecvente (FAQ)<\/strong><\/h3>\n<p><strong>Care este procedura de solicitare a unui permis de port deschis?<\/strong> The process typically involves meeting your state\u2019s legal requirements, completing firearm safety training, passing a background check, and submitting an application. GunMePlug guides you through each step.<\/p>\n<p><strong>Toate statele necesit\u0103 un permis de port deschis?<\/strong> Nu toate statele necesit\u0103 un permis pentru port deschis, dar multe, inclusiv Texas \u0219i Florida, au cerin\u021be specifice. GunMePlug ofer\u0103 asisten\u021b\u0103 adaptat\u0103 statului dumneavoastr\u0103.<\/p>\n<p><strong>C\u00e2t cost\u0103 o licen\u021b\u0103 Open Carry?<\/strong> Costurile variaz\u0103 \u00een func\u021bie de stat, de obicei \u00eentre $25 \u0219i $150. GunMePlug asigur\u0103 transparen\u021ba tuturor taxelor.<\/p>\n<p><strong>Pot solicita online un permis de port deschis?<\/strong> Da, la GunMePlug, v\u0103 pute\u021bi completa <strong>cerere de permis de port deschis<\/strong> online pentru un confort sporit.<\/p>\n<p><strong>Ce documente sunt necesare pentru o licen\u021b\u0103 Open Carry?<\/strong> Majoritatea statelor solicit\u0103 o dovad\u0103 a v\u00e2rstei, a re\u0219edin\u021bei \u0219i a absolvirii cu succes a cursurilor de formare \u00een domeniul armelor de foc. Documente suplimentare pot fi necesare \u00een func\u021bie de legisla\u021bia statului.<\/p>\n<h3><strong>\u00cencepe\u021bi ast\u0103zi cererea de permis de port deschis<\/strong><\/h3>\n<p>Don\u2019t let complicated paperwork and regulations delay your ability to carry firearms legally. At <strong>GunMePlug<\/strong>, we prioritize efficiency, compliance, and security for all open carry license applicants. Whether you\u2019re applying for a new license or renewing an existing one, we ensure a smooth experience tailored to your needs. Start your <strong>cerere de permis de port deschis<\/strong> ast\u0103zi \u0219i ave\u021bi \u00eencredere \u00een GunMePlug pentru servicii fiabile, rapide \u0219i accesibile.<\/p>","protected":false},"excerpt":{"rendered":"<p>Buy or Apply for an Open Carry License Online in the USA Are you looking to buy an Open Carry License online or need help navigating the open carry license application process? At GunMePlug, we specialize in assisting firearm owners in meeting the open carry license requirements across the USA. Whether you\u2019re applying for your [&hellip;]<\/p>","protected":false},"featured_media":3935,"template":"","meta":{"_acf_changed":false,"_joinchat":[]},"product_brand":[],"product_cat":[333],"product_tag":[],"class_list":{"0":"post-3934","1":"product","2":"type-product","3":"status-publish","4":"has-post-thumbnail","6":"product_cat-gun-license-certifficate","8":"first","9":"instock","10":"shipping-taxable","11":"product-type-simple"},"acf":[],"yoast_head":"<!-- This site is optimized with the Yoast SEO plugin v26.3 - https:\/\/yoast.com\/wordpress\/plugins\/seo\/ -->\n<title>Buy Open Carry License Online | Fast Permit Approvals<\/title>\n<meta name=\"description\" content=\"Buy Open Carry License online with GunMePlug. Fast approvals, secure license processing, and trusted providers for state-compliant open carry permits. Apply today!\" \/>\n<meta name=\"robots\" content=\"index, follow, max-snippet:-1, max-image-preview:large, max-video-preview:-1\" \/>\n<link rel=\"canonical\" href=\"https:\/\/www.gunmeplug.com\/ro\/produs\/permis-de-port-deschis\/\" \/>\n<meta property=\"og:locale\" content=\"ro_RO\" \/>\n<meta property=\"og:type\" content=\"article\" \/>\n<meta property=\"og:title\" content=\"Buy Open Carry License Online | Fast Permit Approvals\" \/>\n<meta property=\"og:description\" content=\"Buy Open Carry License online with GunMePlug. Fast approvals, secure license processing, and trusted providers for state-compliant open carry permits. Apply today!\" \/>\n<meta property=\"og:url\" content=\"https:\/\/www.gunmeplug.com\/ro\/produs\/permis-de-port-deschis\/\" \/>\n<meta property=\"og:site_name\" content=\"Buy gun online USA\" \/>\n<meta property=\"article:modified_time\" content=\"2024-11-23T16:11:38+00:00\" \/>\n<meta property=\"og:image\" content=\"https:\/\/www.gunmeplug.com\/wp-content\/uploads\/2024\/11\/Open-Carry-License.webp\" \/>\n\t<meta property=\"og:image:width\" content=\"300\" \/>\n\t<meta property=\"og:image:height\" content=\"198\" \/>\n\t<meta property=\"og:image:type\" content=\"image\/webp\" \/>\n<meta name=\"twitter:card\" content=\"summary_large_image\" \/>\n<meta name=\"twitter:label1\" content=\"Timp estimat pentru citire\" \/>\n\t<meta name=\"twitter:data1\" content=\"4 minute\" \/>\n<script type=\"application\/ld+json\" class=\"yoast-schema-graph\">{\"@context\":\"https:\/\/schema.org\",\"@graph\":[{\"@type\":\"WebPage\",\"@id\":\"https:\/\/www.gunmeplug.com\/product\/open-carry-license\/\",\"url\":\"https:\/\/www.gunmeplug.com\/product\/open-carry-license\/\",\"name\":\"Buy Open Carry License Online | Fast Permit Approvals\",\"isPartOf\":{\"@id\":\"https:\/\/www.gunmeplug.com\/#website\"},\"primaryImageOfPage\":{\"@id\":\"https:\/\/www.gunmeplug.com\/product\/open-carry-license\/#primaryimage\"},\"image\":{\"@id\":\"https:\/\/www.gunmeplug.com\/product\/open-carry-license\/#primaryimage\"},\"thumbnailUrl\":\"https:\/\/www.gunmeplug.com\/wp-content\/uploads\/2024\/11\/Open-Carry-License.webp\",\"datePublished\":\"2024-11-23T16:11:17+00:00\",\"dateModified\":\"2024-11-23T16:11:38+00:00\",\"description\":\"Buy Open Carry License online with GunMePlug. Fast approvals, secure license processing, and trusted providers for state-compliant open carry permits. Apply today!\",\"breadcrumb\":{\"@id\":\"https:\/\/www.gunmeplug.com\/product\/open-carry-license\/#breadcrumb\"},\"inLanguage\":\"ro-RO\",\"potentialAction\":[{\"@type\":\"ReadAction\",\"target\":[\"https:\/\/www.gunmeplug.com\/product\/open-carry-license\/\"]}]},{\"@type\":\"ImageObject\",\"inLanguage\":\"ro-RO\",\"@id\":\"https:\/\/www.gunmeplug.com\/product\/open-carry-license\/#primaryimage\",\"url\":\"https:\/\/www.gunmeplug.com\/wp-content\/uploads\/2024\/11\/Open-Carry-License.webp\",\"contentUrl\":\"https:\/\/www.gunmeplug.com\/wp-content\/uploads\/2024\/11\/Open-Carry-License.webp\",\"width\":300,\"height\":198,\"caption\":\"Buy Open Carry License\"},{\"@type\":\"BreadcrumbList\",\"@id\":\"https:\/\/www.gunmeplug.com\/product\/open-carry-license\/#breadcrumb\",\"itemListElement\":[{\"@type\":\"ListItem\",\"position\":1,\"name\":\"Home\",\"item\":\"https:\/\/www.gunmeplug.com\/es\/\"},{\"@type\":\"ListItem\",\"position\":2,\"name\":\"Shop\",\"item\":\"https:\/\/www.gunmeplug.com\/es\/shop\/\"},{\"@type\":\"ListItem\",\"position\":3,\"name\":\"Open Carry License\"}]},{\"@type\":\"WebSite\",\"@id\":\"https:\/\/www.gunmeplug.com\/#website\",\"url\":\"https:\/\/www.gunmeplug.com\/\",\"name\":\"Buy gun online USA\",\"description\":\"FireArms for sale online \",\"potentialAction\":[{\"@type\":\"SearchAction\",\"target\":{\"@type\":\"EntryPoint\",\"urlTemplate\":\"https:\/\/www.gunmeplug.com\/?s={search_term_string}\"},\"query-input\":{\"@type\":\"PropertyValueSpecification\",\"valueRequired\":true,\"valueName\":\"search_term_string\"}}],\"inLanguage\":\"ro-RO\"}]}<\/script>\n<!-- \/ Yoast SEO plugin. -->","yoast_head_json":{"title":"Cump\u0103ra\u021bi licen\u021ba Open Carry online | Aprob\u0103ri rapide ale permiselor","description":"Cump\u0103ra\u021bi permis de port deschis online cu GunMePlug. Aprob\u0103ri rapide, procesare sigur\u0103 a licen\u021bei \u0219i furnizori de \u00eencredere pentru permise de port deschis conforme cu statul. Aplica\u021bi ast\u0103zi!","robots":{"index":"index","follow":"follow","max-snippet":"max-snippet:-1","max-image-preview":"max-image-preview:large","max-video-preview":"max-video-preview:-1"},"canonical":"https:\/\/www.gunmeplug.com\/ro\/produs\/permis-de-port-deschis\/","og_locale":"ro_RO","og_type":"article","og_title":"Buy Open Carry License Online | Fast Permit Approvals","og_description":"Buy Open Carry License online with GunMePlug. Fast approvals, secure license processing, and trusted providers for state-compliant open carry permits. Apply today!","og_url":"https:\/\/www.gunmeplug.com\/ro\/produs\/permis-de-port-deschis\/","og_site_name":"Buy gun online USA","article_modified_time":"2024-11-23T16:11:38+00:00","og_image":[{"width":300,"height":198,"url":"https:\/\/www.gunmeplug.com\/wp-content\/uploads\/2024\/11\/Open-Carry-License.webp","type":"image\/webp"}],"twitter_card":"summary_large_image","twitter_misc":{"Timp estimat pentru citire":"4 minute"},"schema":{"@context":"https:\/\/schema.org","@graph":[{"@type":"WebPage","@id":"https:\/\/www.gunmeplug.com\/product\/open-carry-license\/","url":"https:\/\/www.gunmeplug.com\/product\/open-carry-license\/","name":"Cump\u0103ra\u021bi licen\u021ba Open Carry online | Aprob\u0103ri rapide ale permiselor","isPartOf":{"@id":"https:\/\/www.gunmeplug.com\/#website"},"primaryImageOfPage":{"@id":"https:\/\/www.gunmeplug.com\/product\/open-carry-license\/#primaryimage"},"image":{"@id":"https:\/\/www.gunmeplug.com\/product\/open-carry-license\/#primaryimage"},"thumbnailUrl":"https:\/\/www.gunmeplug.com\/wp-content\/uploads\/2024\/11\/Open-Carry-License.webp","datePublished":"2024-11-23T16:11:17+00:00","dateModified":"2024-11-23T16:11:38+00:00","description":"Cump\u0103ra\u021bi permis de port deschis online cu GunMePlug. Aprob\u0103ri rapide, procesare sigur\u0103 a licen\u021bei \u0219i furnizori de \u00eencredere pentru permise de port deschis conforme cu statul. Aplica\u021bi ast\u0103zi!","breadcrumb":{"@id":"https:\/\/www.gunmeplug.com\/product\/open-carry-license\/#breadcrumb"},"inLanguage":"ro-RO","potentialAction":[{"@type":"ReadAction","target":["https:\/\/www.gunmeplug.com\/product\/open-carry-license\/"]}]},{"@type":"ImageObject","inLanguage":"ro-RO","@id":"https:\/\/www.gunmeplug.com\/product\/open-carry-license\/#primaryimage","url":"https:\/\/www.gunmeplug.com\/wp-content\/uploads\/2024\/11\/Open-Carry-License.webp","contentUrl":"https:\/\/www.gunmeplug.com\/wp-content\/uploads\/2024\/11\/Open-Carry-License.webp","width":300,"height":198,"caption":"Buy Open Carry License"},{"@type":"BreadcrumbList","@id":"https:\/\/www.gunmeplug.com\/product\/open-carry-license\/#breadcrumb","itemListElement":[{"@type":"ListItem","position":1,"name":"Home","item":"https:\/\/www.gunmeplug.com\/es\/"},{"@type":"ListItem","position":2,"name":"Shop","item":"https:\/\/www.gunmeplug.com\/es\/shop\/"},{"@type":"ListItem","position":3,"name":"Open Carry License"}]},{"@type":"WebSite","@id":"https:\/\/www.gunmeplug.com\/#website","url":"https:\/\/www.gunmeplug.com\/","name":"Cump\u0103ra\u021bi arm\u0103 online SUA","description":"Arme de foc de v\u00e2nzare online","potentialAction":[{"@type":"SearchAction","target":{"@type":"EntryPoint","urlTemplate":"https:\/\/www.gunmeplug.com\/?s={search_term_string}"},"query-input":{"@type":"PropertyValueSpecification","valueRequired":true,"valueName":"search_term_string"}}],"inLanguage":"ro-RO"}]}},"_links":{"self":[{"href":"https:\/\/www.gunmeplug.com\/ro\/wp-json\/wp\/v2\/product\/3934","targetHints":{"allow":["GET"]}}],"collection":[{"href":"https:\/\/www.gunmeplug.com\/ro\/wp-json\/wp\/v2\/product"}],"about":[{"href":"https:\/\/www.gunmeplug.com\/ro\/wp-json\/wp\/v2\/types\/product"}],"wp:featuredmedia":[{"embeddable":true,"href":"https:\/\/www.gunmeplug.com\/ro\/wp-json\/wp\/v2\/media\/3935"}],"wp:attachment":[{"href":"https:\/\/www.gunmeplug.com\/ro\/wp-json\/wp\/v2\/media?parent=3934"}],"wp:term":[{"taxonomy":"product_brand","embeddable":true,"href":"https:\/\/www.gunmeplug.com\/ro\/wp-json\/wp\/v2\/product_brand?post=3934"},{"taxonomy":"product_cat","embeddable":true,"href":"https:\/\/www.gunmeplug.com\/ro\/wp-json\/wp\/v2\/product_cat?post=3934"},{"taxonomy":"product_tag","embeddable":true,"href":"https:\/\/www.gunmeplug.com\/ro\/wp-json\/wp\/v2\/product_tag?post=3934"}],"curies":[{"name":"wp","href":"https:\/\/api.w.org\/{rel}","templated":true}]}}