{"id":3930,"date":"2024-11-23T15:47:45","date_gmt":"2024-11-23T15:47:45","guid":{"rendered":"https:\/\/www.gunmeplug.com\/?post_type=product&#038;p=3930"},"modified":"2024-11-23T15:57:36","modified_gmt":"2024-11-23T15:57:36","slug":"permis-de-achizitie-de-arme-de-foc","status":"publish","type":"product","link":"https:\/\/www.gunmeplug.com\/ro\/produs\/permis-de-achizitie-de-arme-de-foc\/","title":{"rendered":"Permis de achizi\u021bionare a armei de foc"},"content":{"rendered":"<h2><strong>Cump\u0103ra\u021bi sau aplica\u021bi pentru un permis de achizi\u021bionare a unei arme de foc online \u00een SUA<\/strong><\/h2>\n<p>Privind la <strong>cump\u0103ra\u021bi online un permis de achizi\u021bionare a unei arme de foc<\/strong> sau ave\u021bi nevoie de \u00eendrumare cu privire la <strong>procesul de solicitare a permisului de achizi\u021bionare a unei arme de foc<\/strong>? La <strong>GunMePlug<\/strong>, facem s\u0103 fie u\u0219or pentru cump\u0103r\u0103torii de arme de foc din \u00eentreaga SUA s\u0103 navigheze <strong>reglement\u0103ri de stat privind armele de foc<\/strong> \u0219i \u00eent\u00e2lni\u021bi <strong>cerin\u021be privind achizi\u021bionarea de arme de foc<\/strong> in their area. Whether you\u2019re applying for the first time, renewing your <strong>permis de \u00eenregistrare a armei de foc<\/strong>, sau care caut\u0103 informa\u021bii despre <strong>legile privind de\u021binerea de arme<\/strong>asigur\u0103m o experien\u021b\u0103 rapid\u0103, fiabil\u0103 \u0219i sigur\u0103. Platforma noastr\u0103 se bucur\u0103 de \u00eencrederea proprietarilor de arme de foc din <strong>state cu cerere ridicat\u0103<\/strong> cum ar fi <strong>California<\/strong>, <strong>Texas<\/strong>, <strong>Florida<\/strong>, <strong>Illinois<\/strong>, \u0219i <strong>Georgia<\/strong>, \u00een cazul \u00een care conformitatea cu <strong>legisla\u021bia privind achizi\u021bionarea de arme de foc<\/strong> este esen\u021bial\u0103. Cu un accent pe <strong>aprobarea rapid\u0103 a permiselor de achizi\u021bionare a armelor de foc<\/strong>, v\u0103 oferim tot ce ave\u021bi nevoie pentru a de\u021bine \u0219i a achizi\u021biona legal arme de foc.<\/p>\n<h3><strong>Cum s\u0103 ob\u021bine\u021bi un permis de achizi\u021bionare a unei arme de foc<\/strong><\/h3>\n<p>Ob\u021binerea unui <strong>permis de achizi\u021bie de arme de foc<\/strong> involves several steps, depending on your state\u2019s requirements. GunMePlug simplifies this process, guiding you through key steps like the <strong>procesul de verificare a antecedentelor armei de foc<\/strong> \u0219i prezentarea unei <strong>cerere online de permis de port-arm\u0103<\/strong>. Fiecare stat are legi unice, astfel \u00eenc\u00e2t GunMePlug v\u0103 asigur\u0103 c\u0103 \u0219ti\u021bi exact ce documente sunt necesare, de la dovada actului de identitate la certificate de instruire. Pentru statele care solicit\u0103 \u00eenregistrarea armelor de foc, v\u0103 ajut\u0103m s\u0103 completa\u021bi <strong>permis de \u00eenregistrare a armei de foc<\/strong> rapid \u0219i precis. Verificarea antecedentelor este un pas obligatoriu pentru to\u021bi solicitan\u021bii, asigur\u00e2ndu-ne c\u0103 \u00eendeplini\u021bi criteriile de eligibilitate federale \u0219i de stat. De asemenea, oferim pre\u021buri transparente pentru a v\u0103 ajuta s\u0103 \u00een\u021belege\u021bi <strong>costul permisului de cump\u0103rare a armei de foc<\/strong>, f\u0103r\u0103 taxe ascunse.<\/p>\n<h3><strong>Cump\u0103ra\u021bi online un permis de achizi\u021bionare a unei arme de foc<\/strong><\/h3>\n<p>La GunMePlug, pute\u021bi <strong>cump\u0103ra\u021bi online un permis de achizi\u021bionare a unei arme de foc<\/strong> cu u\u0219urin\u021b\u0103. Serviciile noastre sunt adaptate pentru a v\u0103 oferi asisten\u021b\u0103 sigur\u0103, rapid\u0103 \u0219i de \u00eencredere. Noi oferim <strong>permise de cump\u0103rare a armelor de foc de v\u00e2nzare<\/strong> at affordable rates, tailored to your state\u2019s requirements. You can complete your <strong>achizi\u021bionarea online a permisului de arm\u0103 de foc<\/strong>, economisind timp \u0219i efort cu ajutorul cererilor digitale. Acceler\u0103m procesul pentru a asigura <strong>aprobarea rapid\u0103 a permiselor de achizi\u021bionare a armelor de foc<\/strong>, ajut\u00e2ndu-v\u0103 s\u0103 evita\u021bi \u00eent\u00e2rzierile inutile. Informa\u021biile dvs. personale sunt \u00eentotdeauna protejate cu <strong>procesarea securizat\u0103 a permisului de port-arm\u0103<\/strong>.<\/p>\n<h3><strong>Statele cu cerere mare de permise de achizi\u021bionare a armelor de foc<\/strong><\/h3>\n<p><strong>California<\/strong> este cunoscut\u0103 pentru legile sale stricte privind controlul armelor de foc, care necesit\u0103 un <strong>Certificat de siguran\u021b\u0103 pentru arme de foc (FSC)<\/strong> \u0219i verific\u0103ri stricte ale antecedentelor pentru toate achizi\u021biile de arme de foc. <strong>Texas<\/strong> ofer\u0103 un proces simplificat de achizi\u021bionare a armelor de foc cu restric\u021bii minime, ceea ce o face o alegere popular\u0103 pentru de\u021bin\u0103torii de arme de foc. <strong>Florida<\/strong>\u2019s firearm permits are in high demand due to its reciprocity agreements with other states. <strong>Illinois<\/strong> necesit\u0103 o <strong>Cardul de identificare a proprietarilor de arme de foc (FOID)<\/strong> pentru toate achizi\u021biile de arme de foc. <strong>Georgia<\/strong> este cunoscut\u0103 pentru procesul eficient de depunere a cererilor \u0219i pentru legisla\u021bia permisiv\u0103 privind de\u021binerea de arme.<\/p>\n<h3><strong>De ce s\u0103 alege\u021bi GunMePlug pentru permisul dumneavoastr\u0103 de achizi\u021bionare a armei de foc?<\/strong><\/h3>\n<p>GunMePlug v\u0103 conecteaz\u0103 cu <strong>furnizori de permise de arm\u0103 de foc de \u00eencredere<\/strong> \u0219i asigur\u0103 conformitatea cu toate <strong>reglement\u0103ri de stat privind armele de foc<\/strong>. V\u0103 pute\u021bi trimite detaliile \u00een siguran\u021b\u0103 din confortul casei dvs. prin intermediul <strong>cerere online de permis de port-arm\u0103<\/strong>. Pentru cei din statele cu perioade de a\u0219teptare, oferim \u00eendrum\u0103ri pentru a gestiona <strong>perioada de a\u0219teptare pentru cump\u0103rarea unei arme<\/strong> eficient. De asemenea, oferim asisten\u021b\u0103 cu <strong>re\u00eennoirea permisului de port-arm\u0103<\/strong>, men\u021bin\u00e2ndu-v\u0103 acredit\u0103rile la zi. De la <strong>verificarea antecedentelor armelor de foc<\/strong> pentru a verifica <strong>legile privind de\u021binerea de arme<\/strong>, oferim asisten\u021b\u0103 cuprinz\u0103toare \u00een materie de conformitate.<\/p>\n<h3><strong>\u00centreb\u0103ri frecvente (FAQ)<\/strong><\/h3>\n<p><strong>Care este procedura de solicitare a unui permis de achizi\u021bionare a unei arme de foc?<\/strong> Pentru a aplica, trebuie s\u0103 efectua\u021bi o verificare a antecedentelor, s\u0103 \u00eendeplini\u021bi cerin\u021bele de documentare specifice statului \u0219i s\u0103 depune\u021bi o cerere de \u00eenregistrare a armei de foc. GunMePlug simplific\u0103 acest proces pentru dvs.<\/p>\n<p><strong>Am nevoie de un permis pentru a achizi\u021biona o arm\u0103 de foc \u00een fiecare stat?<\/strong> Nu toate statele solicit\u0103 permise, dar multe, precum California, Illinois \u0219i New York, impun un <strong>permis de achizi\u021bie de arme de foc<\/strong> sau echivalent. GunMePlug ofer\u0103 \u00eendrumare \u00een func\u021bie de loca\u021bia dvs.<\/p>\n<p><strong>C\u00e2t cost\u0103 un permis de achizi\u021bionare a unei arme de foc?<\/strong> Costul variaz\u0103 \u00een func\u021bie de stat, taxele variind de obicei de la $25 la $100. Noi asigur\u0103m pre\u021buri transparente, f\u0103r\u0103 taxe ascunse.<\/p>\n<p><strong>Pot solicita online un permis de achizi\u021bionare a unei arme de foc?<\/strong> Da, cu GunMePlug, v\u0103 pute\u021bi completa <strong>cerere de permis de achizi\u021bionare a unei arme de foc<\/strong> online rapid \u0219i sigur.<\/p>\n<p><strong>Ce documente sunt necesare pentru un permis de achizi\u021bionare a unei arme de foc?<\/strong> Majoritatea statelor solicit\u0103 un act de identitate valabil, o dovad\u0103 a re\u0219edin\u021bei \u0219i absolvirea unui curs de siguran\u021b\u0103 a armelor de foc. Cerin\u021bele suplimentare pot varia.<\/p>\n<h3><strong>\u00cencepe\u021bi ast\u0103zi cererea pentru permisul de achizi\u021bionare a armei de foc<\/strong><\/h3>\n<p>Don\u2019t let complex regulations and paperwork delay your firearm purchase. At <strong>GunMePlug<\/strong>, we prioritize efficiency, security, and compliance, ensuring a smooth experience for all applicants. Whether you\u2019re applying for the first time, renewing your permit, or seeking assistance with <strong>reglement\u0103ri de stat privind armele de foc<\/strong>, suntem aici pentru a v\u0103 ajuta. \u00cencepe\u021bi <strong>cerere de permis de achizi\u021bionare a unei arme de foc<\/strong> ast\u0103zi \u0219i ave\u021bi \u00eencredere \u00een GunMePlug pentru servicii fiabile, accesibile \u0219i rapide.<\/p>","protected":false},"excerpt":{"rendered":"<p>Buy or Apply for a Firearm Purchase Permit Online in the USA Looking to buy a Firearm Purchase Permit online or need guidance on the firearm purchase permit application process? At GunMePlug, we make it easy for firearm buyers across the USA to navigate state firearm regulations and meet the firearm purchase requirements in their [&hellip;]<\/p>","protected":false},"featured_media":3931,"template":"","meta":{"_acf_changed":false,"_joinchat":[]},"product_brand":[],"product_cat":[333],"product_tag":[368,366,370,354,360,363,369,357,359,367,372,355,365,371,358,361,356,373,364,362],"class_list":{"0":"post-3930","1":"product","2":"type-product","3":"status-publish","4":"has-post-thumbnail","6":"product_cat-gun-license-certifficate","7":"product_tag-affordable-firearm-purchase-permit","8":"product_tag-apply-for-firearm-purchase-permit","9":"product_tag-buy-firearm-permit-online-usa","10":"product_tag-buy-firearm-purchase-permit","11":"product_tag-fast-firearm-purchase-permit-approvals","12":"product_tag-firearm-background-check-process","13":"product_tag-firearm-laws-by-state","14":"product_tag-firearm-permit-application","15":"product_tag-firearm-permit-cost","16":"product_tag-firearm-permit-renewal","17":"product_tag-firearm-purchase-permit-assistance","18":"product_tag-firearm-purchase-permit-for-sale","19":"product_tag-firearm-purchase-requirements","20":"product_tag-firearm-registration-permit","21":"product_tag-how-to-get-a-firearm-purchase-permit","22":"product_tag-online-firearm-permit-application","23":"product_tag-purchase-firearm-license-online","24":"product_tag-reliable-firearm-permit-providers","25":"product_tag-secure-firearm-permit-processing","26":"product_tag-trusted-firearm-permit-providers","28":"first","29":"outofstock","30":"shipping-taxable","31":"product-type-simple"},"acf":[],"yoast_head":"<!-- This site is optimized with the Yoast SEO plugin v26.3 - https:\/\/yoast.com\/wordpress\/plugins\/seo\/ -->\n<title>Buy a Firearm Purchase Permit Online | Fast Approvals<\/title>\n<meta name=\"description\" content=\"Buy a Firearm Purchase Permit online with GunMePlug. Fast approvals, trusted providers, and affordable firearm purchase permits tailored to your state. Apply now!\" \/>\n<meta name=\"robots\" content=\"index, follow, max-snippet:-1, max-image-preview:large, max-video-preview:-1\" \/>\n<link rel=\"canonical\" href=\"https:\/\/www.gunmeplug.com\/ro\/produs\/permis-de-achizitie-de-arme-de-foc\/\" \/>\n<meta property=\"og:locale\" content=\"ro_RO\" \/>\n<meta property=\"og:type\" content=\"article\" \/>\n<meta property=\"og:title\" content=\"Buy a Firearm Purchase Permit Online | Fast Approvals\" \/>\n<meta property=\"og:description\" content=\"Buy a Firearm Purchase Permit online with GunMePlug. Fast approvals, trusted providers, and affordable firearm purchase permits tailored to your state. Apply now!\" \/>\n<meta property=\"og:url\" content=\"https:\/\/www.gunmeplug.com\/ro\/produs\/permis-de-achizitie-de-arme-de-foc\/\" \/>\n<meta property=\"og:site_name\" content=\"Buy gun online USA\" \/>\n<meta property=\"article:modified_time\" content=\"2024-11-23T15:57:36+00:00\" \/>\n<meta property=\"og:image\" content=\"https:\/\/www.gunmeplug.com\/wp-content\/uploads\/2024\/11\/Firearm-Purchase.png\" \/>\n\t<meta property=\"og:image:width\" content=\"197\" \/>\n\t<meta property=\"og:image:height\" content=\"255\" \/>\n\t<meta property=\"og:image:type\" content=\"image\/png\" \/>\n<meta name=\"twitter:card\" content=\"summary_large_image\" \/>\n<meta name=\"twitter:label1\" content=\"Timp estimat pentru citire\" \/>\n\t<meta name=\"twitter:data1\" content=\"4 minute\" \/>\n<script type=\"application\/ld+json\" class=\"yoast-schema-graph\">{\"@context\":\"https:\/\/schema.org\",\"@graph\":[{\"@type\":\"WebPage\",\"@id\":\"https:\/\/www.gunmeplug.com\/vi\/san-pham-2\/firearm-purchase-permit\/\",\"url\":\"https:\/\/www.gunmeplug.com\/vi\/san-pham-2\/firearm-purchase-permit\/\",\"name\":\"Buy a Firearm Purchase Permit Online | Fast Approvals\",\"isPartOf\":{\"@id\":\"https:\/\/www.gunmeplug.com\/#website\"},\"primaryImageOfPage\":{\"@id\":\"https:\/\/www.gunmeplug.com\/vi\/san-pham-2\/firearm-purchase-permit\/#primaryimage\"},\"image\":{\"@id\":\"https:\/\/www.gunmeplug.com\/vi\/san-pham-2\/firearm-purchase-permit\/#primaryimage\"},\"thumbnailUrl\":\"https:\/\/www.gunmeplug.com\/wp-content\/uploads\/2024\/11\/Firearm-Purchase.png\",\"datePublished\":\"2024-11-23T15:47:45+00:00\",\"dateModified\":\"2024-11-23T15:57:36+00:00\",\"description\":\"Buy a Firearm Purchase Permit online with GunMePlug. Fast approvals, trusted providers, and affordable firearm purchase permits tailored to your state. Apply now!\",\"breadcrumb\":{\"@id\":\"https:\/\/www.gunmeplug.com\/vi\/san-pham-2\/firearm-purchase-permit\/#breadcrumb\"},\"inLanguage\":\"ro-RO\",\"potentialAction\":[{\"@type\":\"ReadAction\",\"target\":[\"https:\/\/www.gunmeplug.com\/vi\/san-pham-2\/firearm-purchase-permit\/\"]}]},{\"@type\":\"ImageObject\",\"inLanguage\":\"ro-RO\",\"@id\":\"https:\/\/www.gunmeplug.com\/vi\/san-pham-2\/firearm-purchase-permit\/#primaryimage\",\"url\":\"https:\/\/www.gunmeplug.com\/wp-content\/uploads\/2024\/11\/Firearm-Purchase.png\",\"contentUrl\":\"https:\/\/www.gunmeplug.com\/wp-content\/uploads\/2024\/11\/Firearm-Purchase.png\",\"width\":197,\"height\":255,\"caption\":\"Buy Firearm Purchase Permit\"},{\"@type\":\"BreadcrumbList\",\"@id\":\"https:\/\/www.gunmeplug.com\/vi\/san-pham-2\/firearm-purchase-permit\/#breadcrumb\",\"itemListElement\":[{\"@type\":\"ListItem\",\"position\":1,\"name\":\"Home\",\"item\":\"https:\/\/www.gunmeplug.com\/es\/\"},{\"@type\":\"ListItem\",\"position\":2,\"name\":\"Shop\",\"item\":\"https:\/\/www.gunmeplug.com\/es\/shop\/\"},{\"@type\":\"ListItem\",\"position\":3,\"name\":\"Firearm Purchase Permit\"}]},{\"@type\":\"WebSite\",\"@id\":\"https:\/\/www.gunmeplug.com\/#website\",\"url\":\"https:\/\/www.gunmeplug.com\/\",\"name\":\"Buy gun online USA\",\"description\":\"FireArms for sale online \",\"potentialAction\":[{\"@type\":\"SearchAction\",\"target\":{\"@type\":\"EntryPoint\",\"urlTemplate\":\"https:\/\/www.gunmeplug.com\/?s={search_term_string}\"},\"query-input\":{\"@type\":\"PropertyValueSpecification\",\"valueRequired\":true,\"valueName\":\"search_term_string\"}}],\"inLanguage\":\"ro-RO\"}]}<\/script>\n<!-- \/ Yoast SEO plugin. -->","yoast_head_json":{"title":"Cump\u0103ra\u021bi un permis de achizi\u021bionare de arme de foc online | Aprob\u0103ri rapide","description":"Cump\u0103ra\u021bi un permis de achizi\u021bie de arme de foc online cu GunMePlug. Aprob\u0103ri rapide, furnizori de \u00eencredere \u0219i permise de achizi\u021bionare a armelor de foc la pre\u021buri accesibile, adaptate la statul dvs. Aplica\u021bi acum!","robots":{"index":"index","follow":"follow","max-snippet":"max-snippet:-1","max-image-preview":"max-image-preview:large","max-video-preview":"max-video-preview:-1"},"canonical":"https:\/\/www.gunmeplug.com\/ro\/produs\/permis-de-achizitie-de-arme-de-foc\/","og_locale":"ro_RO","og_type":"article","og_title":"Buy a Firearm Purchase Permit Online | Fast Approvals","og_description":"Buy a Firearm Purchase Permit online with GunMePlug. Fast approvals, trusted providers, and affordable firearm purchase permits tailored to your state. Apply now!","og_url":"https:\/\/www.gunmeplug.com\/ro\/produs\/permis-de-achizitie-de-arme-de-foc\/","og_site_name":"Buy gun online USA","article_modified_time":"2024-11-23T15:57:36+00:00","og_image":[{"width":197,"height":255,"url":"https:\/\/www.gunmeplug.com\/wp-content\/uploads\/2024\/11\/Firearm-Purchase.png","type":"image\/png"}],"twitter_card":"summary_large_image","twitter_misc":{"Timp estimat pentru citire":"4 minute"},"schema":{"@context":"https:\/\/schema.org","@graph":[{"@type":"WebPage","@id":"https:\/\/www.gunmeplug.com\/vi\/san-pham-2\/firearm-purchase-permit\/","url":"https:\/\/www.gunmeplug.com\/vi\/san-pham-2\/firearm-purchase-permit\/","name":"Cump\u0103ra\u021bi un permis de achizi\u021bionare de arme de foc online | Aprob\u0103ri rapide","isPartOf":{"@id":"https:\/\/www.gunmeplug.com\/#website"},"primaryImageOfPage":{"@id":"https:\/\/www.gunmeplug.com\/vi\/san-pham-2\/firearm-purchase-permit\/#primaryimage"},"image":{"@id":"https:\/\/www.gunmeplug.com\/vi\/san-pham-2\/firearm-purchase-permit\/#primaryimage"},"thumbnailUrl":"https:\/\/www.gunmeplug.com\/wp-content\/uploads\/2024\/11\/Firearm-Purchase.png","datePublished":"2024-11-23T15:47:45+00:00","dateModified":"2024-11-23T15:57:36+00:00","description":"Cump\u0103ra\u021bi un permis de achizi\u021bie de arme de foc online cu GunMePlug. Aprob\u0103ri rapide, furnizori de \u00eencredere \u0219i permise de achizi\u021bionare a armelor de foc la pre\u021buri accesibile, adaptate la statul dvs. Aplica\u021bi acum!","breadcrumb":{"@id":"https:\/\/www.gunmeplug.com\/vi\/san-pham-2\/firearm-purchase-permit\/#breadcrumb"},"inLanguage":"ro-RO","potentialAction":[{"@type":"ReadAction","target":["https:\/\/www.gunmeplug.com\/vi\/san-pham-2\/firearm-purchase-permit\/"]}]},{"@type":"ImageObject","inLanguage":"ro-RO","@id":"https:\/\/www.gunmeplug.com\/vi\/san-pham-2\/firearm-purchase-permit\/#primaryimage","url":"https:\/\/www.gunmeplug.com\/wp-content\/uploads\/2024\/11\/Firearm-Purchase.png","contentUrl":"https:\/\/www.gunmeplug.com\/wp-content\/uploads\/2024\/11\/Firearm-Purchase.png","width":197,"height":255,"caption":"Buy Firearm Purchase Permit"},{"@type":"BreadcrumbList","@id":"https:\/\/www.gunmeplug.com\/vi\/san-pham-2\/firearm-purchase-permit\/#breadcrumb","itemListElement":[{"@type":"ListItem","position":1,"name":"Home","item":"https:\/\/www.gunmeplug.com\/es\/"},{"@type":"ListItem","position":2,"name":"Shop","item":"https:\/\/www.gunmeplug.com\/es\/shop\/"},{"@type":"ListItem","position":3,"name":"Firearm Purchase Permit"}]},{"@type":"WebSite","@id":"https:\/\/www.gunmeplug.com\/#website","url":"https:\/\/www.gunmeplug.com\/","name":"Cump\u0103ra\u021bi arm\u0103 online SUA","description":"Arme de foc de v\u00e2nzare online","potentialAction":[{"@type":"SearchAction","target":{"@type":"EntryPoint","urlTemplate":"https:\/\/www.gunmeplug.com\/?s={search_term_string}"},"query-input":{"@type":"PropertyValueSpecification","valueRequired":true,"valueName":"search_term_string"}}],"inLanguage":"ro-RO"}]}},"_links":{"self":[{"href":"https:\/\/www.gunmeplug.com\/ro\/wp-json\/wp\/v2\/product\/3930","targetHints":{"allow":["GET"]}}],"collection":[{"href":"https:\/\/www.gunmeplug.com\/ro\/wp-json\/wp\/v2\/product"}],"about":[{"href":"https:\/\/www.gunmeplug.com\/ro\/wp-json\/wp\/v2\/types\/product"}],"wp:featuredmedia":[{"embeddable":true,"href":"https:\/\/www.gunmeplug.com\/ro\/wp-json\/wp\/v2\/media\/3931"}],"wp:attachment":[{"href":"https:\/\/www.gunmeplug.com\/ro\/wp-json\/wp\/v2\/media?parent=3930"}],"wp:term":[{"taxonomy":"product_brand","embeddable":true,"href":"https:\/\/www.gunmeplug.com\/ro\/wp-json\/wp\/v2\/product_brand?post=3930"},{"taxonomy":"product_cat","embeddable":true,"href":"https:\/\/www.gunmeplug.com\/ro\/wp-json\/wp\/v2\/product_cat?post=3930"},{"taxonomy":"product_tag","embeddable":true,"href":"https:\/\/www.gunmeplug.com\/ro\/wp-json\/wp\/v2\/product_tag?post=3930"}],"curies":[{"name":"wp","href":"https:\/\/api.w.org\/{rel}","templated":true}]}}