{"id":3924,"date":"2024-11-23T13:52:21","date_gmt":"2024-11-23T13:52:21","guid":{"rendered":"https:\/\/www.gunmeplug.com\/?post_type=product&#038;p=3924"},"modified":"2024-11-23T15:21:47","modified_gmt":"2024-11-23T15:21:47","slug":"permis-de-port-ascuns-ccw","status":"publish","type":"product","link":"https:\/\/www.gunmeplug.com\/ro\/produs\/permis-de-port-ascuns-ccw\/","title":{"rendered":"Permis de port ascuns (CCW)"},"content":{"rendered":"<h2><strong>Aplica\u021bi sau cump\u0103ra\u021bi un permis de port ascuns (CCW) online \u00een SUA<\/strong><\/h2>\n<p>Dori\u021bi s\u0103 <strong>cump\u0103ra\u021bi un permis de port ascuns online<\/strong> sau \u00eentreb\u00e2ndu-m\u0103 <strong>cum s\u0103 ob\u021bine\u021bi un permis de port ascuns (Concealed Carry Permit)<\/strong>? La <strong>GunMePlug<\/strong>, ne specializ\u0103m \u00een a ajuta reziden\u021bii din SUA s\u0103 navigheze pe <strong>Procesul de solicitare a permisului CCW<\/strong> with ease. Whether you\u2019re applying for the first time, need a <strong>Re\u00eennoirea permisului CCW<\/strong>, sau sunte\u021bi \u00een c\u0103utare de <strong>Concealed Carry Clase \u00een apropierea dumneavoastr\u0103<\/strong>, we\u2019re here to make the process fast and hassle-free<a href=\"https:\/\/www.gunmeplug.com\/ro\/produs-categorie-2\/pistoale-de-mana\/\">.<\/a><\/p>\n<p>Platforma noastr\u0103 ofer\u0103 acces la <strong>furnizori de permise CCW de \u00eencredere<\/strong>, asigur\u00e2nd conformitatea cu reglement\u0103rile specifice statului \u00een state cu cerere ridicat\u0103, cum ar fi <strong>Texas<\/strong>, <strong>Florida<\/strong>, <strong>Utah<\/strong>, <strong>Arizona<\/strong>, \u0219i <strong>Virginia<\/strong>. Cu \u00eendrumare pas cu pas \u0219i <strong>aprobarea rapid\u0103 a permiselor de port ascuns<\/strong>, suntem alegerea dvs. de top pentru toate nevoile CCW<a href=\"https:\/\/factoryson.com\/product\/20l-caluanie-muelear-oxidize\/\">.<\/a><\/p>\n<h3><strong>Cum s\u0103 ob\u021bine\u021bi un permis de port ascuns<\/strong><\/h3>\n<p>Ob\u021binerea unui <strong>Permis de port ascuns<\/strong> poate fi simplu cu resursele potrivite. Fie c\u0103 ave\u021bi nevoie de asisten\u021b\u0103 cu o <strong>Procesul de verificare a antecedentelor CCW<\/strong>, g\u0103sirea <strong>cursuri online de formare CCW<\/strong>, sau \u00een\u021belegerea <strong>Legile privind portul ascuns \u00een func\u021bie de stat<\/strong>, <strong>GunMePlug<\/strong> v\u0103 asigur\u0103 c\u0103 \u00eendeplini\u021bi toate cerin\u021bele.<\/p>\n<ul>\n<li><strong>Cerin\u021be privind permisul CCW<\/strong>: Fiecare stat are reguli unice pentru portul armelor de foc ascunse. Noi v\u0103 oferim instruc\u021biuni detaliate adaptate statului dumneavoastr\u0103.<\/li>\n<li><strong>Harta Reciprocit\u0103\u021bii Portului Ascuns<\/strong>: Afla\u021bi care state v\u0103 recunosc permisul \u0219i asigura\u021bi-v\u0103 conformitatea atunci c\u00e2nd c\u0103l\u0103tori\u021bi.<\/li>\n<li><strong>Costul permisului de port ascuns<\/strong>: Ob\u021bine\u021bi op\u021biuni accesibile \u0219i pre\u021buri transparente pentru dvs. <strong>Cerere de permis CCW<\/strong>.<\/li>\n<\/ul>\n<h3><strong>Cump\u0103ra\u021bi un permis de port ascuns online<\/strong><\/h3>\n<p>La GunMePlug, pute\u021bi <strong>achizi\u021bionarea unui permis de port ascuns<\/strong> rapid \u0219i sigur. Serviciile noastre includ:<\/p>\n<ul>\n<li><strong>Permis de port ascuns de v\u00e2nzare<\/strong>: Acces la op\u021biuni CCW accesibile.<\/li>\n<li><strong>Achizi\u021biona\u021bi formare CCW online<\/strong>: Satisface\u021bi cerin\u021bele de formare cu cursuri online certificate.<\/li>\n<li><strong>Permis de port ilegal de arm\u0103 de tip Fast-Track<\/strong>: Accelera\u021bi procesul de aplicare cu asisten\u021b\u0103 profesional\u0103.<\/li>\n<\/ul>\n<h3><strong>State cu cerere mare pentru permisele CCW<\/strong><\/h3>\n<ul>\n<li><strong>Texas<\/strong>: Cunoscut pentru cultura sa puternic\u0103 privind de\u021binerea de arme, Texasul are o cerere mare de <strong>Licen\u021be CCW<\/strong>.<\/li>\n<li><strong>Florida<\/strong>: Cu acorduri de reciprocitate \u00een multe state, Florida este o alegere de top pentru ob\u021binerea unui <strong>Permis de port ascuns<\/strong>.<\/li>\n<li><strong>Utah<\/strong>: The Utah <strong>Permis de port ascuns<\/strong> este popular datorit\u0103 accept\u0103rii sale largi \u00een alte state.<\/li>\n<li><strong>Arizona<\/strong>: Ofer\u0103 cerin\u021be simple \u0219i o larg\u0103 recunoa\u0219tere a permiselor sale.<\/li>\n<li><strong>Virginia<\/strong>: Cunoscut pentru <strong>aprobarea rapid\u0103 a permiselor de port ascuns<\/strong> \u0219i reciprocitatea cu alte state.<\/li>\n<\/ul>\n<h3><strong>De ce s\u0103 alege\u021bi GunMePlug?<\/strong><\/h3>\n<p>GunMePlug v\u0103 conecteaz\u0103 cu <strong>furnizori de \u00eencredere pentru permisele CCW<\/strong>, oferind:<\/p>\n<ul>\n<li><strong>Cursuri de formare CCW online<\/strong>: Satisfy your state\u2019s training requirements from the comfort of your home.<\/li>\n<li><strong>Procesul securizat de eliberare a permisului de port ascuns<\/strong>: Noi acord\u0103m prioritate siguran\u021bei \u0219i conformit\u0103\u021bii pentru to\u021bi solicitan\u021bii.<\/li>\n<li><strong>Reciprocitate \u0219i \u00eendrumare CCW<\/strong>: Afla\u021bi unde este valabil permisul dumneavoastr\u0103 \u0219i cum s\u0103 \u00eendeplini\u021bi cerin\u021bele de re\u00eennoire.<\/li>\n<\/ul>\n<h3><strong>\u00cencepe\u021bi ast\u0103zi s\u0103 aplica\u021bi pentru CCW<\/strong><\/h3>\n<p>Don\u2019t wait to secure your <strong>Permis de port ascuns<\/strong>. Whether you\u2019re applying for the first time, renewing your license, or looking for <strong>Concealed Carry Clase \u00een apropierea dumneavoastr\u0103<\/strong>, <strong>GunMePlug<\/strong> este aici pentru a v\u0103 ajuta. Aplica\u021bi acum \u0219i bucura\u021bi-v\u0103 de <strong>aprob\u0103ri rapide<\/strong>, procesare sigur\u0103 \u0219i lini\u0219te sufleteasc\u0103. \u00cencredere <strong>GunMePlug<\/strong> pentru toate dvs. <strong>Permis CCW<\/strong> \u00een \u00eentreaga SUA.<\/p>","protected":false},"excerpt":{"rendered":"<p>Apply or Buy a Concealed Carry Permit (CCW) Online in the USA Are you looking to buy a Concealed Carry Permit online or wondering how to get a Concealed Carry Permit? At GunMePlug, we specialize in helping residents across the USA navigate the CCW permit application process with ease. Whether you\u2019re applying for the first [&hellip;]<\/p>","protected":false},"featured_media":3926,"template":"","meta":{"_acf_changed":false,"_joinchat":[]},"product_brand":[],"product_cat":[136,333],"product_tag":[349,346,353,334,352,343,350,338,341,337,348,342,345,335,339,347,340,336,351,344],"class_list":{"0":"post-3924","1":"product","2":"type-product","3":"status-publish","4":"has-post-thumbnail","6":"product_cat-glocks-for-sale","7":"product_cat-gun-license-certifficate","8":"product_tag-affordable-concealed-carry-permit","9":"product_tag-apply-for-concealed-carry-permit","10":"product_tag-buy-concealed-carry-license-in-usa","11":"product_tag-buy-concealed-carry-permit","12":"product_tag-ccw-application-assistance","13":"product_tag-ccw-background-check-process","14":"product_tag-ccw-license-requirements","15":"product_tag-ccw-permit-renewal","16":"product_tag-ccw-reciprocity-map","17":"product_tag-concealed-carry-classes-near-me","18":"product_tag-concealed-carry-laws-by-state","19":"product_tag-concealed-carry-license-process","20":"product_tag-concealed-carry-permit-cost","21":"product_tag-concealed-carry-permit-for-sale","22":"product_tag-fast-concealed-carry-permit-approvals","23":"product_tag-how-to-get-a-concealed-carry-permit","24":"product_tag-online-ccw-training-courses","25":"product_tag-purchase-ccw-license-online","26":"product_tag-secure-concealed-carry-permit-processing","27":"product_tag-trusted-ccw-permit-providers","29":"first","30":"instock","31":"shipping-taxable","32":"product-type-simple"},"acf":[],"yoast_head":"<!-- This site is optimized with the Yoast SEO plugin v26.3 - https:\/\/yoast.com\/wordpress\/plugins\/seo\/ -->\n<title>Buy a Concealed Carry Permit Online | Fast CCW Approvals<\/title>\n<meta name=\"description\" content=\"Buy a Concealed Carry Permit online with GunMePlug. Fast CCW approvals, trusted providers, and affordable concealed carry licenses for all USA states. Apply now!\" \/>\n<meta name=\"robots\" content=\"index, follow, max-snippet:-1, max-image-preview:large, max-video-preview:-1\" \/>\n<link rel=\"canonical\" href=\"https:\/\/www.gunmeplug.com\/ro\/produs\/permis-de-port-ascuns-ccw\/\" \/>\n<meta property=\"og:locale\" content=\"ro_RO\" \/>\n<meta property=\"og:type\" content=\"article\" \/>\n<meta property=\"og:title\" content=\"Buy a Concealed Carry Permit Online | Fast CCW Approvals\" \/>\n<meta property=\"og:description\" content=\"Buy a Concealed Carry Permit online with GunMePlug. Fast CCW approvals, trusted providers, and affordable concealed carry licenses for all USA states. Apply now!\" \/>\n<meta property=\"og:url\" content=\"https:\/\/www.gunmeplug.com\/ro\/produs\/permis-de-port-ascuns-ccw\/\" \/>\n<meta property=\"og:site_name\" content=\"Buy gun online USA\" \/>\n<meta property=\"article:modified_time\" content=\"2024-11-23T15:21:47+00:00\" \/>\n<meta property=\"og:image\" content=\"https:\/\/www.gunmeplug.com\/wp-content\/uploads\/2024\/11\/north-carolina-county-ccw-card-paper-300x158-1.webp\" \/>\n\t<meta property=\"og:image:width\" content=\"300\" \/>\n\t<meta property=\"og:image:height\" content=\"158\" \/>\n\t<meta property=\"og:image:type\" content=\"image\/webp\" \/>\n<meta name=\"twitter:card\" content=\"summary_large_image\" \/>\n<meta name=\"twitter:label1\" content=\"Timp estimat pentru citire\" \/>\n\t<meta name=\"twitter:data1\" content=\"3 minute\" \/>\n<script type=\"application\/ld+json\" class=\"yoast-schema-graph\">{\"@context\":\"https:\/\/schema.org\",\"@graph\":[{\"@type\":\"WebPage\",\"@id\":\"https:\/\/www.gunmeplug.com\/es\/producto\/permiso-de-tenencia-oculta-ccw\/\",\"url\":\"https:\/\/www.gunmeplug.com\/es\/producto\/permiso-de-tenencia-oculta-ccw\/\",\"name\":\"Buy a Concealed Carry Permit Online | Fast CCW Approvals\",\"isPartOf\":{\"@id\":\"https:\/\/www.gunmeplug.com\/#website\"},\"primaryImageOfPage\":{\"@id\":\"https:\/\/www.gunmeplug.com\/es\/producto\/permiso-de-tenencia-oculta-ccw\/#primaryimage\"},\"image\":{\"@id\":\"https:\/\/www.gunmeplug.com\/es\/producto\/permiso-de-tenencia-oculta-ccw\/#primaryimage\"},\"thumbnailUrl\":\"https:\/\/www.gunmeplug.com\/wp-content\/uploads\/2024\/11\/north-carolina-county-ccw-card-paper-300x158-1.webp\",\"datePublished\":\"2024-11-23T13:52:21+00:00\",\"dateModified\":\"2024-11-23T15:21:47+00:00\",\"description\":\"Buy a Concealed Carry Permit online with GunMePlug. Fast CCW approvals, trusted providers, and affordable concealed carry licenses for all USA states. Apply now!\",\"breadcrumb\":{\"@id\":\"https:\/\/www.gunmeplug.com\/es\/producto\/permiso-de-tenencia-oculta-ccw\/#breadcrumb\"},\"inLanguage\":\"ro-RO\",\"potentialAction\":[{\"@type\":\"ReadAction\",\"target\":[\"https:\/\/www.gunmeplug.com\/es\/producto\/permiso-de-tenencia-oculta-ccw\/\"]}]},{\"@type\":\"ImageObject\",\"inLanguage\":\"ro-RO\",\"@id\":\"https:\/\/www.gunmeplug.com\/es\/producto\/permiso-de-tenencia-oculta-ccw\/#primaryimage\",\"url\":\"https:\/\/www.gunmeplug.com\/wp-content\/uploads\/2024\/11\/north-carolina-county-ccw-card-paper-300x158-1.webp\",\"contentUrl\":\"https:\/\/www.gunmeplug.com\/wp-content\/uploads\/2024\/11\/north-carolina-county-ccw-card-paper-300x158-1.webp\",\"width\":300,\"height\":158,\"caption\":\"Buy Concealed Carry Permit\"},{\"@type\":\"BreadcrumbList\",\"@id\":\"https:\/\/www.gunmeplug.com\/es\/producto\/permiso-de-tenencia-oculta-ccw\/#breadcrumb\",\"itemListElement\":[{\"@type\":\"ListItem\",\"position\":1,\"name\":\"Home\",\"item\":\"https:\/\/www.gunmeplug.com\/es\/\"},{\"@type\":\"ListItem\",\"position\":2,\"name\":\"Shop\",\"item\":\"https:\/\/www.gunmeplug.com\/es\/shop\/\"},{\"@type\":\"ListItem\",\"position\":3,\"name\":\"Concealed Carry Permit (CCW)\"}]},{\"@type\":\"WebSite\",\"@id\":\"https:\/\/www.gunmeplug.com\/#website\",\"url\":\"https:\/\/www.gunmeplug.com\/\",\"name\":\"Buy gun online USA\",\"description\":\"FireArms for sale online \",\"potentialAction\":[{\"@type\":\"SearchAction\",\"target\":{\"@type\":\"EntryPoint\",\"urlTemplate\":\"https:\/\/www.gunmeplug.com\/?s={search_term_string}\"},\"query-input\":{\"@type\":\"PropertyValueSpecification\",\"valueRequired\":true,\"valueName\":\"search_term_string\"}}],\"inLanguage\":\"ro-RO\"}]}<\/script>\n<!-- \/ Yoast SEO plugin. -->","yoast_head_json":{"title":"Cump\u0103ra\u021bi un permis de port ascuns online | Aprob\u0103ri rapide CCW","description":"Cump\u0103ra\u021bi un permis de port ascuns online cu GunMePlug. Aprob\u0103ri CCW rapide, furnizori de \u00eencredere \u0219i permise de port ascuns la pre\u021buri accesibile pentru toate statele din SUA. Aplica\u021bi acum!","robots":{"index":"index","follow":"follow","max-snippet":"max-snippet:-1","max-image-preview":"max-image-preview:large","max-video-preview":"max-video-preview:-1"},"canonical":"https:\/\/www.gunmeplug.com\/ro\/produs\/permis-de-port-ascuns-ccw\/","og_locale":"ro_RO","og_type":"article","og_title":"Buy a Concealed Carry Permit Online | Fast CCW Approvals","og_description":"Buy a Concealed Carry Permit online with GunMePlug. Fast CCW approvals, trusted providers, and affordable concealed carry licenses for all USA states. Apply now!","og_url":"https:\/\/www.gunmeplug.com\/ro\/produs\/permis-de-port-ascuns-ccw\/","og_site_name":"Buy gun online USA","article_modified_time":"2024-11-23T15:21:47+00:00","og_image":[{"width":300,"height":158,"url":"https:\/\/www.gunmeplug.com\/wp-content\/uploads\/2024\/11\/north-carolina-county-ccw-card-paper-300x158-1.webp","type":"image\/webp"}],"twitter_card":"summary_large_image","twitter_misc":{"Timp estimat pentru citire":"3 minute"},"schema":{"@context":"https:\/\/schema.org","@graph":[{"@type":"WebPage","@id":"https:\/\/www.gunmeplug.com\/es\/producto\/permiso-de-tenencia-oculta-ccw\/","url":"https:\/\/www.gunmeplug.com\/es\/producto\/permiso-de-tenencia-oculta-ccw\/","name":"Cump\u0103ra\u021bi un permis de port ascuns online | Aprob\u0103ri rapide CCW","isPartOf":{"@id":"https:\/\/www.gunmeplug.com\/#website"},"primaryImageOfPage":{"@id":"https:\/\/www.gunmeplug.com\/es\/producto\/permiso-de-tenencia-oculta-ccw\/#primaryimage"},"image":{"@id":"https:\/\/www.gunmeplug.com\/es\/producto\/permiso-de-tenencia-oculta-ccw\/#primaryimage"},"thumbnailUrl":"https:\/\/www.gunmeplug.com\/wp-content\/uploads\/2024\/11\/north-carolina-county-ccw-card-paper-300x158-1.webp","datePublished":"2024-11-23T13:52:21+00:00","dateModified":"2024-11-23T15:21:47+00:00","description":"Cump\u0103ra\u021bi un permis de port ascuns online cu GunMePlug. Aprob\u0103ri CCW rapide, furnizori de \u00eencredere \u0219i permise de port ascuns la pre\u021buri accesibile pentru toate statele din SUA. Aplica\u021bi acum!","breadcrumb":{"@id":"https:\/\/www.gunmeplug.com\/es\/producto\/permiso-de-tenencia-oculta-ccw\/#breadcrumb"},"inLanguage":"ro-RO","potentialAction":[{"@type":"ReadAction","target":["https:\/\/www.gunmeplug.com\/es\/producto\/permiso-de-tenencia-oculta-ccw\/"]}]},{"@type":"ImageObject","inLanguage":"ro-RO","@id":"https:\/\/www.gunmeplug.com\/es\/producto\/permiso-de-tenencia-oculta-ccw\/#primaryimage","url":"https:\/\/www.gunmeplug.com\/wp-content\/uploads\/2024\/11\/north-carolina-county-ccw-card-paper-300x158-1.webp","contentUrl":"https:\/\/www.gunmeplug.com\/wp-content\/uploads\/2024\/11\/north-carolina-county-ccw-card-paper-300x158-1.webp","width":300,"height":158,"caption":"Buy Concealed Carry Permit"},{"@type":"BreadcrumbList","@id":"https:\/\/www.gunmeplug.com\/es\/producto\/permiso-de-tenencia-oculta-ccw\/#breadcrumb","itemListElement":[{"@type":"ListItem","position":1,"name":"Home","item":"https:\/\/www.gunmeplug.com\/es\/"},{"@type":"ListItem","position":2,"name":"Shop","item":"https:\/\/www.gunmeplug.com\/es\/shop\/"},{"@type":"ListItem","position":3,"name":"Concealed Carry Permit (CCW)"}]},{"@type":"WebSite","@id":"https:\/\/www.gunmeplug.com\/#website","url":"https:\/\/www.gunmeplug.com\/","name":"Cump\u0103ra\u021bi arm\u0103 online SUA","description":"Arme de foc de v\u00e2nzare online","potentialAction":[{"@type":"SearchAction","target":{"@type":"EntryPoint","urlTemplate":"https:\/\/www.gunmeplug.com\/?s={search_term_string}"},"query-input":{"@type":"PropertyValueSpecification","valueRequired":true,"valueName":"search_term_string"}}],"inLanguage":"ro-RO"}]}},"_links":{"self":[{"href":"https:\/\/www.gunmeplug.com\/ro\/wp-json\/wp\/v2\/product\/3924","targetHints":{"allow":["GET"]}}],"collection":[{"href":"https:\/\/www.gunmeplug.com\/ro\/wp-json\/wp\/v2\/product"}],"about":[{"href":"https:\/\/www.gunmeplug.com\/ro\/wp-json\/wp\/v2\/types\/product"}],"wp:featuredmedia":[{"embeddable":true,"href":"https:\/\/www.gunmeplug.com\/ro\/wp-json\/wp\/v2\/media\/3926"}],"wp:attachment":[{"href":"https:\/\/www.gunmeplug.com\/ro\/wp-json\/wp\/v2\/media?parent=3924"}],"wp:term":[{"taxonomy":"product_brand","embeddable":true,"href":"https:\/\/www.gunmeplug.com\/ro\/wp-json\/wp\/v2\/product_brand?post=3924"},{"taxonomy":"product_cat","embeddable":true,"href":"https:\/\/www.gunmeplug.com\/ro\/wp-json\/wp\/v2\/product_cat?post=3924"},{"taxonomy":"product_tag","embeddable":true,"href":"https:\/\/www.gunmeplug.com\/ro\/wp-json\/wp\/v2\/product_tag?post=3924"}],"curies":[{"name":"wp","href":"https:\/\/api.w.org\/{rel}","templated":true}]}}