{"id":3406,"date":"2023-05-03T09:39:42","date_gmt":"2023-05-03T09:39:42","guid":{"rendered":"https:\/\/www.gunmeplug.com\/?post_type=product&#038;p=3406"},"modified":"2023-05-03T10:20:20","modified_gmt":"2023-05-03T10:20:20","slug":"glock-45-gen5-9mm-pistol-4-0-171rd-pa455s203","status":"publish","type":"product","link":"https:\/\/www.gunmeplug.com\/ro\/produs\/glock-45-gen5-9mm-pistol-4-0-171rd-pa455s203\/","title":{"rendered":"Glock 45 Gen5 9mm Pistol 4.0&#8243; 17+1RD PA455S203"},"content":{"rendered":"<h3 class=\"tab_content_head\">DETALII<\/h3>\n<div class=\"product attribute description\">\n<div class=\"value\">\n<p>V\u0103 rug\u0103m s\u0103 re\u021bine\u021bi: Acest articol necesit\u0103 un timp de procesare prelungit de 10 zile.<\/p>\n<p>O nou\u0103 ad\u0103ugare la familia 9X19 de pistoale GLOCK, care prezint\u0103 cele mai noi \u00een materie de design \u0219i inginerie v\u0103zute \u00een a 5-a genera\u021bie de pistoale GLOCK. GLOCK 45 combin\u0103 manevrarea rapid\u0103 a glisierei de dimensiuni compacte GLOCK 19 cu cadrul de dimensiune complet\u0103 ca un Crossover compact.<\/p>\n<p>GLOCK 19X:n Crossover-muotoilu ja ylivertainen GLOCK-kovapintainen viimeistely heijastamattoman mustana, G45 on \u00e4\u00e4rimm\u00e4inen palvelupistooli.<\/p>\n<p>Engineered with the GLOCK perfection promise, the G45 features the Safe Action System\u00ae and is backed by torture-testing that has made GLOCK a name synonymous with innovation and reliability.<\/p>\n<p>G45 \u00eencorporeaz\u0103 elemente ale celei de-a cincea genera\u021bii de pistoale GLOCK, inclusiv o tragere mai lin\u0103 a tr\u0103gaciului, o textur\u0103 \u00eembun\u0103t\u0103\u021bit\u0103 a ramei pentru o manevrare sigur\u0103, un sistem reversibil de prindere a \u00eenc\u0103rc\u0103torului, o manet\u0103 ambidextr\u0103 de oprire a glisierei, sistemul modular de fixare a spatelui (MBS) pentru reglaj individual \u0219i \u021beava GLOCK Marksman Barrel (GMB), incredibil de precis\u0103 \u0219i de calitate pentru meciuri. G45 dispune, de asemenea, de zim\u021bi frontale care sunt frezate cu precizie \u00een fa\u021ba orificiului de ejec\u021bie pe ambele p\u0103r\u021bi.<\/p>\n<p><strong>Caracteristicile produsului:<\/strong><\/p>\n<ul class=\"disc\">\n<li>Glock Marksman Barrel<\/li>\n<li>Flared Mag-Well<\/li>\n<li>P\u00e2rghie ambidextr\u0103 de oprire a glisorului<\/li>\n<li>nDLC Finisaj pe \u021beav\u0103 \u0219i glisier\u0103<\/li>\n<li>\u00cendep\u0103rtarea canelurilor pentru degete pentru confortul tuturor m\u0103rimilor de m\u00e2ini<\/li>\n<li>Curele de spate interschimbabile pentru tr\u0103g\u0103tori de dimensiuni diferite<\/li>\n<li>Prinderea reversibil\u0103 a \u00eenc\u0103rc\u0103torului<\/li>\n<li>Picattiny Rail<\/li>\n<li>Ap\u0103r\u0103tor de declan\u0219are zim\u021bat<\/li>\n<li>Siguran\u021bele includ: Declan\u0219ator, percutor \u0219i pic\u0103tur\u0103<\/li>\n<li>Include (3) 17rd Magazines<\/li>\n<li>Greutatea tr\u0103gaciului: 6lbs<\/li>\n<\/ul>\n<\/div>\n<\/div>","protected":false},"excerpt":{"rendered":"<p>DETAILS PLEASE NOTE: This item requires an extended processing time of 10 days. A new addition to the 9X19 family of GLOCK pistols featuring the latest in design and engineering seen in the 5th Generation of GLOCK pistols. The GLOCK 45 combines the fast handling of the GLOCK 19 compact-sized slide with the full-size frame [&hellip;]<\/p>","protected":false},"featured_media":3411,"template":"","meta":{"_acf_changed":false,"_joinchat":[]},"product_brand":[],"product_cat":[136],"product_tag":[],"class_list":{"0":"post-3406","1":"product","2":"type-product","3":"status-publish","4":"has-post-thumbnail","6":"product_cat-glocks-for-sale","8":"first","9":"instock","10":"sale","11":"shipping-taxable","12":"purchasable","13":"product-type-simple"},"acf":[],"yoast_head":"<!-- This site is optimized with the Yoast SEO plugin v26.3 - https:\/\/yoast.com\/wordpress\/plugins\/seo\/ -->\n<title>Glock 45 Gen5 9mm Pistol 4.0&quot; 17+1RD PA455S203 - Buy gun online USA<\/title>\n<meta name=\"robots\" content=\"index, follow, max-snippet:-1, max-image-preview:large, max-video-preview:-1\" \/>\n<link rel=\"canonical\" href=\"https:\/\/www.gunmeplug.com\/ro\/produs\/glock-45-gen5-9mm-pistol-4-0-171rd-pa455s203\/\" \/>\n<meta property=\"og:locale\" content=\"ro_RO\" \/>\n<meta property=\"og:type\" content=\"article\" \/>\n<meta property=\"og:title\" content=\"Glock 45 Gen5 9mm Pistol 4.0&quot; 17+1RD PA455S203 - Buy gun online USA\" \/>\n<meta property=\"og:description\" content=\"DETAILS PLEASE NOTE: This item requires an extended processing time of 10 days. A new addition to the 9X19 family of GLOCK pistols featuring the latest in design and engineering seen in the 5th Generation of GLOCK pistols. The GLOCK 45 combines the fast handling of the GLOCK 19 compact-sized slide with the full-size frame [&hellip;]\" \/>\n<meta property=\"og:url\" content=\"https:\/\/www.gunmeplug.com\/ro\/produs\/glock-45-gen5-9mm-pistol-4-0-171rd-pa455s203\/\" \/>\n<meta property=\"og:site_name\" content=\"Buy gun online USA\" \/>\n<meta property=\"article:modified_time\" content=\"2023-05-03T10:20:20+00:00\" \/>\n<meta property=\"og:image\" content=\"https:\/\/www.gunmeplug.com\/wp-content\/uploads\/2023\/05\/Glock-45-Gen5-9mm-Pistol.jpg\" \/>\n\t<meta property=\"og:image:width\" content=\"600\" \/>\n\t<meta property=\"og:image:height\" content=\"600\" \/>\n\t<meta property=\"og:image:type\" content=\"image\/jpeg\" \/>\n<meta name=\"twitter:card\" content=\"summary_large_image\" \/>\n<meta name=\"twitter:label1\" content=\"Timp estimat pentru citire\" \/>\n\t<meta name=\"twitter:data1\" content=\"1 minut\" \/>\n<script type=\"application\/ld+json\" class=\"yoast-schema-graph\">{\"@context\":\"https:\/\/schema.org\",\"@graph\":[{\"@type\":\"WebPage\",\"@id\":\"https:\/\/www.gunmeplug.com\/vi\/san-pham-2\/glock-45-gen5-9mm-pistol-4-0-171rd-pa455s203\/\",\"url\":\"https:\/\/www.gunmeplug.com\/vi\/san-pham-2\/glock-45-gen5-9mm-pistol-4-0-171rd-pa455s203\/\",\"name\":\"Glock 45 Gen5 9mm Pistol 4.0\\\" 17+1RD PA455S203 - Buy gun online USA\",\"isPartOf\":{\"@id\":\"https:\/\/www.gunmeplug.com\/#website\"},\"primaryImageOfPage\":{\"@id\":\"https:\/\/www.gunmeplug.com\/vi\/san-pham-2\/glock-45-gen5-9mm-pistol-4-0-171rd-pa455s203\/#primaryimage\"},\"image\":{\"@id\":\"https:\/\/www.gunmeplug.com\/vi\/san-pham-2\/glock-45-gen5-9mm-pistol-4-0-171rd-pa455s203\/#primaryimage\"},\"thumbnailUrl\":\"https:\/\/www.gunmeplug.com\/wp-content\/uploads\/2023\/05\/Glock-45-Gen5-9mm-Pistol.jpg\",\"datePublished\":\"2023-05-03T09:39:42+00:00\",\"dateModified\":\"2023-05-03T10:20:20+00:00\",\"breadcrumb\":{\"@id\":\"https:\/\/www.gunmeplug.com\/vi\/san-pham-2\/glock-45-gen5-9mm-pistol-4-0-171rd-pa455s203\/#breadcrumb\"},\"inLanguage\":\"ro-RO\",\"potentialAction\":[{\"@type\":\"ReadAction\",\"target\":[\"https:\/\/www.gunmeplug.com\/vi\/san-pham-2\/glock-45-gen5-9mm-pistol-4-0-171rd-pa455s203\/\"]}]},{\"@type\":\"ImageObject\",\"inLanguage\":\"ro-RO\",\"@id\":\"https:\/\/www.gunmeplug.com\/vi\/san-pham-2\/glock-45-gen5-9mm-pistol-4-0-171rd-pa455s203\/#primaryimage\",\"url\":\"https:\/\/www.gunmeplug.com\/wp-content\/uploads\/2023\/05\/Glock-45-Gen5-9mm-Pistol.jpg\",\"contentUrl\":\"https:\/\/www.gunmeplug.com\/wp-content\/uploads\/2023\/05\/Glock-45-Gen5-9mm-Pistol.jpg\",\"width\":600,\"height\":600,\"caption\":\"Glock-45-Gen5-9mm-Pistol\"},{\"@type\":\"BreadcrumbList\",\"@id\":\"https:\/\/www.gunmeplug.com\/vi\/san-pham-2\/glock-45-gen5-9mm-pistol-4-0-171rd-pa455s203\/#breadcrumb\",\"itemListElement\":[{\"@type\":\"ListItem\",\"position\":1,\"name\":\"Home\",\"item\":\"https:\/\/www.gunmeplug.com\/es\/\"},{\"@type\":\"ListItem\",\"position\":2,\"name\":\"Shop\",\"item\":\"https:\/\/www.gunmeplug.com\/es\/shop\/\"},{\"@type\":\"ListItem\",\"position\":3,\"name\":\"Glock 45 Gen5 9mm Pistol 4.0&#8243; 17+1RD PA455S203\"}]},{\"@type\":\"WebSite\",\"@id\":\"https:\/\/www.gunmeplug.com\/#website\",\"url\":\"https:\/\/www.gunmeplug.com\/\",\"name\":\"Buy gun online USA\",\"description\":\"FireArms for sale online \",\"potentialAction\":[{\"@type\":\"SearchAction\",\"target\":{\"@type\":\"EntryPoint\",\"urlTemplate\":\"https:\/\/www.gunmeplug.com\/?s={search_term_string}\"},\"query-input\":{\"@type\":\"PropertyValueSpecification\",\"valueRequired\":true,\"valueName\":\"search_term_string\"}}],\"inLanguage\":\"ro-RO\"}]}<\/script>\n<!-- \/ Yoast SEO plugin. -->","yoast_head_json":{"title":"Glock 45 Gen5 9mm Pistol 9mm 4.0\" 17+1RD PA455S203 - Cump\u0103ra\u021bi arm\u0103 online Rom\u00e2nia","robots":{"index":"index","follow":"follow","max-snippet":"max-snippet:-1","max-image-preview":"max-image-preview:large","max-video-preview":"max-video-preview:-1"},"canonical":"https:\/\/www.gunmeplug.com\/ro\/produs\/glock-45-gen5-9mm-pistol-4-0-171rd-pa455s203\/","og_locale":"ro_RO","og_type":"article","og_title":"Glock 45 Gen5 9mm Pistol 4.0\" 17+1RD PA455S203 - Buy gun online USA","og_description":"DETAILS PLEASE NOTE: This item requires an extended processing time of 10 days. A new addition to the 9X19 family of GLOCK pistols featuring the latest in design and engineering seen in the 5th Generation of GLOCK pistols. The GLOCK 45 combines the fast handling of the GLOCK 19 compact-sized slide with the full-size frame [&hellip;]","og_url":"https:\/\/www.gunmeplug.com\/ro\/produs\/glock-45-gen5-9mm-pistol-4-0-171rd-pa455s203\/","og_site_name":"Buy gun online USA","article_modified_time":"2023-05-03T10:20:20+00:00","og_image":[{"width":600,"height":600,"url":"https:\/\/www.gunmeplug.com\/wp-content\/uploads\/2023\/05\/Glock-45-Gen5-9mm-Pistol.jpg","type":"image\/jpeg"}],"twitter_card":"summary_large_image","twitter_misc":{"Timp estimat pentru citire":"1 minut"},"schema":{"@context":"https:\/\/schema.org","@graph":[{"@type":"WebPage","@id":"https:\/\/www.gunmeplug.com\/vi\/san-pham-2\/glock-45-gen5-9mm-pistol-4-0-171rd-pa455s203\/","url":"https:\/\/www.gunmeplug.com\/vi\/san-pham-2\/glock-45-gen5-9mm-pistol-4-0-171rd-pa455s203\/","name":"Glock 45 Gen5 9mm Pistol 9mm 4.0\" 17+1RD PA455S203 - Cump\u0103ra\u021bi arm\u0103 online Rom\u00e2nia","isPartOf":{"@id":"https:\/\/www.gunmeplug.com\/#website"},"primaryImageOfPage":{"@id":"https:\/\/www.gunmeplug.com\/vi\/san-pham-2\/glock-45-gen5-9mm-pistol-4-0-171rd-pa455s203\/#primaryimage"},"image":{"@id":"https:\/\/www.gunmeplug.com\/vi\/san-pham-2\/glock-45-gen5-9mm-pistol-4-0-171rd-pa455s203\/#primaryimage"},"thumbnailUrl":"https:\/\/www.gunmeplug.com\/wp-content\/uploads\/2023\/05\/Glock-45-Gen5-9mm-Pistol.jpg","datePublished":"2023-05-03T09:39:42+00:00","dateModified":"2023-05-03T10:20:20+00:00","breadcrumb":{"@id":"https:\/\/www.gunmeplug.com\/vi\/san-pham-2\/glock-45-gen5-9mm-pistol-4-0-171rd-pa455s203\/#breadcrumb"},"inLanguage":"ro-RO","potentialAction":[{"@type":"ReadAction","target":["https:\/\/www.gunmeplug.com\/vi\/san-pham-2\/glock-45-gen5-9mm-pistol-4-0-171rd-pa455s203\/"]}]},{"@type":"ImageObject","inLanguage":"ro-RO","@id":"https:\/\/www.gunmeplug.com\/vi\/san-pham-2\/glock-45-gen5-9mm-pistol-4-0-171rd-pa455s203\/#primaryimage","url":"https:\/\/www.gunmeplug.com\/wp-content\/uploads\/2023\/05\/Glock-45-Gen5-9mm-Pistol.jpg","contentUrl":"https:\/\/www.gunmeplug.com\/wp-content\/uploads\/2023\/05\/Glock-45-Gen5-9mm-Pistol.jpg","width":600,"height":600,"caption":"Glock-45-Gen5-9mm-Pistol"},{"@type":"BreadcrumbList","@id":"https:\/\/www.gunmeplug.com\/vi\/san-pham-2\/glock-45-gen5-9mm-pistol-4-0-171rd-pa455s203\/#breadcrumb","itemListElement":[{"@type":"ListItem","position":1,"name":"Home","item":"https:\/\/www.gunmeplug.com\/es\/"},{"@type":"ListItem","position":2,"name":"Shop","item":"https:\/\/www.gunmeplug.com\/es\/shop\/"},{"@type":"ListItem","position":3,"name":"Glock 45 Gen5 9mm Pistol 4.0&#8243; 17+1RD PA455S203"}]},{"@type":"WebSite","@id":"https:\/\/www.gunmeplug.com\/#website","url":"https:\/\/www.gunmeplug.com\/","name":"Cump\u0103ra\u021bi arm\u0103 online SUA","description":"Arme de foc de v\u00e2nzare online","potentialAction":[{"@type":"SearchAction","target":{"@type":"EntryPoint","urlTemplate":"https:\/\/www.gunmeplug.com\/?s={search_term_string}"},"query-input":{"@type":"PropertyValueSpecification","valueRequired":true,"valueName":"search_term_string"}}],"inLanguage":"ro-RO"}]}},"_links":{"self":[{"href":"https:\/\/www.gunmeplug.com\/ro\/wp-json\/wp\/v2\/product\/3406","targetHints":{"allow":["GET"]}}],"collection":[{"href":"https:\/\/www.gunmeplug.com\/ro\/wp-json\/wp\/v2\/product"}],"about":[{"href":"https:\/\/www.gunmeplug.com\/ro\/wp-json\/wp\/v2\/types\/product"}],"wp:featuredmedia":[{"embeddable":true,"href":"https:\/\/www.gunmeplug.com\/ro\/wp-json\/wp\/v2\/media\/3411"}],"wp:attachment":[{"href":"https:\/\/www.gunmeplug.com\/ro\/wp-json\/wp\/v2\/media?parent=3406"}],"wp:term":[{"taxonomy":"product_brand","embeddable":true,"href":"https:\/\/www.gunmeplug.com\/ro\/wp-json\/wp\/v2\/product_brand?post=3406"},{"taxonomy":"product_cat","embeddable":true,"href":"https:\/\/www.gunmeplug.com\/ro\/wp-json\/wp\/v2\/product_cat?post=3406"},{"taxonomy":"product_tag","embeddable":true,"href":"https:\/\/www.gunmeplug.com\/ro\/wp-json\/wp\/v2\/product_tag?post=3406"}],"curies":[{"name":"wp","href":"https:\/\/api.w.org\/{rel}","templated":true}]}}