{"id":3381,"date":"2023-05-03T09:18:55","date_gmt":"2023-05-03T09:18:55","guid":{"rendered":"https:\/\/www.gunmeplug.com\/?post_type=product&#038;p=3381"},"modified":"2023-05-03T10:13:27","modified_gmt":"2023-05-03T10:13:27","slug":"rock-island-armory-gi-standard-fs-45acp-semi-automatic-pistol-5-81rd-51421","status":"publish","type":"product","link":"https:\/\/www.gunmeplug.com\/ro\/produs\/rock-island-armory-gi-standard-fs-45acp-semi-automatic-pistol-5-81rd-51421\/","title":{"rendered":"Rock Island Armory GI Standard FS .45ACP Semi-Automatic Pistol 5&#8243; 8+1RD 51421"},"content":{"rendered":"<h3 class=\"tab_content_head\">DETALII<\/h3>\n<div class=\"product attribute description\">\n<div class=\"value\">\n<p>The M 1911 GI standard is a great representation of the original US GI combat issue 1911 and is chambered in 45 ACP and built with our exacting engineering standards. Fixed, low profile sights and traditional smooth slim design are perfect for quick pull holster use. A durable parkerized finish gives it a tough, smooth, non-reflective surface. Smooth wood grips offer comfort in both feel and design. The 5\u201d barrel offers a balanced weight to assist with the accuracy and recoil that made the original 1911 design famous. True to all Rock Island 1911s, the GI Standard comes with a crisp factory 4- to 6-pound trigger for a great experience right out of the box.<\/p>\n<p><strong>Caracteristicile produsului:\u00a0<\/strong><\/p>\n<ul>\n<li>Vedere din fa\u021b\u0103: Tip GI montat pe fant\u0103<\/li>\n<li>Vedere din spate: Tip GI montat pe o t\u0103ietur\u0103 \u00een form\u0103 de coad\u0103 de pas\u0103re<\/li>\n<li>M\u00e2nere din lemn<\/li>\n<li>Negru Parkerized Finish<\/li>\n<li>Tragere de declan\u0219are: 4-6lbs<\/li>\n<li>Scop: protec\u021bie personal\u0103 \u0219i tir recreativ<\/li>\n<li>R\u0103sucirea: 1:16<\/li>\n<li>Caneluri: 6<\/li>\n<\/ul>\n<\/div>\n<\/div>","protected":false},"excerpt":{"rendered":"<p>DETALII Standardul M 1911 GI este o reprezentare excelent\u0103 a armei de lupt\u0103 GI 1911 original\u0103 a Statelor Unite, este calibrat \u00een 45 ACP \u0219i construit conform standardelor noastre de inginerie exigente. Vizorul fix, cu profil redus \u0219i designul tradi\u021bional sub\u021bire \u0219i neted sunt perfecte pentru utilizarea \u00een tocuri de tragere rapid\u0103. Un finisaj parkerizat durabil \u00eei confer\u0103 un aspect dur, [...]<\/p>","protected":false},"featured_media":3388,"template":"","meta":{"_acf_changed":false,"_joinchat":[]},"product_brand":[],"product_cat":[130],"product_tag":[],"class_list":{"0":"post-3381","1":"product","2":"type-product","3":"status-publish","4":"has-post-thumbnail","6":"product_cat-handguns","8":"first","9":"instock","10":"sale","11":"shipping-taxable","12":"purchasable","13":"product-type-simple"},"acf":[],"yoast_head":"<!-- This site is optimized with the Yoast SEO plugin v26.3 - https:\/\/yoast.com\/wordpress\/plugins\/seo\/ -->\n<title>Rock Island Armory GI Standard FS .45ACP Semi-Automatic Pistol 5&quot; 8+1RD 51421 - Buy gun online USA<\/title>\n<meta name=\"robots\" content=\"index, follow, max-snippet:-1, max-image-preview:large, max-video-preview:-1\" \/>\n<link rel=\"canonical\" href=\"https:\/\/www.gunmeplug.com\/ro\/produs\/rock-island-armory-gi-standard-fs-45acp-semi-automatic-pistol-5-81rd-51421\/\" \/>\n<meta property=\"og:locale\" content=\"ro_RO\" \/>\n<meta property=\"og:type\" content=\"article\" \/>\n<meta property=\"og:title\" content=\"Rock Island Armory GI Standard FS .45ACP Semi-Automatic Pistol 5&quot; 8+1RD 51421 - Buy gun online USA\" \/>\n<meta property=\"og:description\" content=\"DETAILS The M 1911 GI standard is a great representation of the original US GI combat issue 1911 and is chambered in 45 ACP and built with our exacting engineering standards. Fixed, low profile sights and traditional smooth slim design are perfect for quick pull holster use. A durable parkerized finish gives it a tough, [&hellip;]\" \/>\n<meta property=\"og:url\" content=\"https:\/\/www.gunmeplug.com\/ro\/produs\/rock-island-armory-gi-standard-fs-45acp-semi-automatic-pistol-5-81rd-51421\/\" \/>\n<meta property=\"og:site_name\" content=\"Buy gun online USA\" \/>\n<meta property=\"article:modified_time\" content=\"2023-05-03T10:13:27+00:00\" \/>\n<meta property=\"og:image\" content=\"https:\/\/www.gunmeplug.com\/wp-content\/uploads\/2023\/05\/Rock-Island-Armory-GI-Standard-FS.jpg\" \/>\n\t<meta property=\"og:image:width\" content=\"600\" \/>\n\t<meta property=\"og:image:height\" content=\"600\" \/>\n\t<meta property=\"og:image:type\" content=\"image\/jpeg\" \/>\n<meta name=\"twitter:card\" content=\"summary_large_image\" \/>\n<meta name=\"twitter:label1\" content=\"Timp estimat pentru citire\" \/>\n\t<meta name=\"twitter:data1\" content=\"1 minut\" \/>\n<script type=\"application\/ld+json\" class=\"yoast-schema-graph\">{\"@context\":\"https:\/\/schema.org\",\"@graph\":[{\"@type\":\"WebPage\",\"@id\":\"https:\/\/www.gunmeplug.com\/es\/producto\/rock-island-armory-gi-standard-fs-45acp-semi-automatic-pistol-5-81rd-51421-2\/\",\"url\":\"https:\/\/www.gunmeplug.com\/es\/producto\/rock-island-armory-gi-standard-fs-45acp-semi-automatic-pistol-5-81rd-51421-2\/\",\"name\":\"Rock Island Armory GI Standard FS .45ACP Semi-Automatic Pistol 5\\\" 8+1RD 51421 - Buy gun online USA\",\"isPartOf\":{\"@id\":\"https:\/\/www.gunmeplug.com\/#website\"},\"primaryImageOfPage\":{\"@id\":\"https:\/\/www.gunmeplug.com\/es\/producto\/rock-island-armory-gi-standard-fs-45acp-semi-automatic-pistol-5-81rd-51421-2\/#primaryimage\"},\"image\":{\"@id\":\"https:\/\/www.gunmeplug.com\/es\/producto\/rock-island-armory-gi-standard-fs-45acp-semi-automatic-pistol-5-81rd-51421-2\/#primaryimage\"},\"thumbnailUrl\":\"https:\/\/www.gunmeplug.com\/wp-content\/uploads\/2023\/05\/Rock-Island-Armory-GI-Standard-FS.jpg\",\"datePublished\":\"2023-05-03T09:18:55+00:00\",\"dateModified\":\"2023-05-03T10:13:27+00:00\",\"breadcrumb\":{\"@id\":\"https:\/\/www.gunmeplug.com\/es\/producto\/rock-island-armory-gi-standard-fs-45acp-semi-automatic-pistol-5-81rd-51421-2\/#breadcrumb\"},\"inLanguage\":\"ro-RO\",\"potentialAction\":[{\"@type\":\"ReadAction\",\"target\":[\"https:\/\/www.gunmeplug.com\/es\/producto\/rock-island-armory-gi-standard-fs-45acp-semi-automatic-pistol-5-81rd-51421-2\/\"]}]},{\"@type\":\"ImageObject\",\"inLanguage\":\"ro-RO\",\"@id\":\"https:\/\/www.gunmeplug.com\/es\/producto\/rock-island-armory-gi-standard-fs-45acp-semi-automatic-pistol-5-81rd-51421-2\/#primaryimage\",\"url\":\"https:\/\/www.gunmeplug.com\/wp-content\/uploads\/2023\/05\/Rock-Island-Armory-GI-Standard-FS.jpg\",\"contentUrl\":\"https:\/\/www.gunmeplug.com\/wp-content\/uploads\/2023\/05\/Rock-Island-Armory-GI-Standard-FS.jpg\",\"width\":600,\"height\":600,\"caption\":\"Rock-Island-Armory-GI-Standard-FS\"},{\"@type\":\"BreadcrumbList\",\"@id\":\"https:\/\/www.gunmeplug.com\/es\/producto\/rock-island-armory-gi-standard-fs-45acp-semi-automatic-pistol-5-81rd-51421-2\/#breadcrumb\",\"itemListElement\":[{\"@type\":\"ListItem\",\"position\":1,\"name\":\"Home\",\"item\":\"https:\/\/www.gunmeplug.com\/es\/\"},{\"@type\":\"ListItem\",\"position\":2,\"name\":\"Shop\",\"item\":\"https:\/\/www.gunmeplug.com\/es\/shop\/\"},{\"@type\":\"ListItem\",\"position\":3,\"name\":\"Rock Island Armory GI Standard FS .45ACP Semi-Automatic Pistol 5&#8243; 8+1RD 51421\"}]},{\"@type\":\"WebSite\",\"@id\":\"https:\/\/www.gunmeplug.com\/#website\",\"url\":\"https:\/\/www.gunmeplug.com\/\",\"name\":\"Buy gun online USA\",\"description\":\"FireArms for sale online \",\"potentialAction\":[{\"@type\":\"SearchAction\",\"target\":{\"@type\":\"EntryPoint\",\"urlTemplate\":\"https:\/\/www.gunmeplug.com\/?s={search_term_string}\"},\"query-input\":{\"@type\":\"PropertyValueSpecification\",\"valueRequired\":true,\"valueName\":\"search_term_string\"}}],\"inLanguage\":\"ro-RO\"}]}<\/script>\n<!-- \/ Yoast SEO plugin. -->","yoast_head_json":{"title":"Rock Island Armory GI Standard FS .45ACP Pistol semiautomat 5\" 8+1RD 51421 - Cump\u0103ra\u021bi o arm\u0103 online Statele Unite ale Americii","robots":{"index":"index","follow":"follow","max-snippet":"max-snippet:-1","max-image-preview":"max-image-preview:large","max-video-preview":"max-video-preview:-1"},"canonical":"https:\/\/www.gunmeplug.com\/ro\/produs\/rock-island-armory-gi-standard-fs-45acp-semi-automatic-pistol-5-81rd-51421\/","og_locale":"ro_RO","og_type":"article","og_title":"Rock Island Armory GI Standard FS .45ACP Semi-Automatic Pistol 5\" 8+1RD 51421 - Buy gun online USA","og_description":"DETAILS The M 1911 GI standard is a great representation of the original US GI combat issue 1911 and is chambered in 45 ACP and built with our exacting engineering standards. Fixed, low profile sights and traditional smooth slim design are perfect for quick pull holster use. A durable parkerized finish gives it a tough, [&hellip;]","og_url":"https:\/\/www.gunmeplug.com\/ro\/produs\/rock-island-armory-gi-standard-fs-45acp-semi-automatic-pistol-5-81rd-51421\/","og_site_name":"Buy gun online USA","article_modified_time":"2023-05-03T10:13:27+00:00","og_image":[{"width":600,"height":600,"url":"https:\/\/www.gunmeplug.com\/wp-content\/uploads\/2023\/05\/Rock-Island-Armory-GI-Standard-FS.jpg","type":"image\/jpeg"}],"twitter_card":"summary_large_image","twitter_misc":{"Timp estimat pentru citire":"1 minut"},"schema":{"@context":"https:\/\/schema.org","@graph":[{"@type":"WebPage","@id":"https:\/\/www.gunmeplug.com\/es\/producto\/rock-island-armory-gi-standard-fs-45acp-semi-automatic-pistol-5-81rd-51421-2\/","url":"https:\/\/www.gunmeplug.com\/es\/producto\/rock-island-armory-gi-standard-fs-45acp-semi-automatic-pistol-5-81rd-51421-2\/","name":"Rock Island Armory GI Standard FS .45ACP Pistol semiautomat 5\" 8+1RD 51421 - Cump\u0103ra\u021bi o arm\u0103 online Statele Unite ale Americii","isPartOf":{"@id":"https:\/\/www.gunmeplug.com\/#website"},"primaryImageOfPage":{"@id":"https:\/\/www.gunmeplug.com\/es\/producto\/rock-island-armory-gi-standard-fs-45acp-semi-automatic-pistol-5-81rd-51421-2\/#primaryimage"},"image":{"@id":"https:\/\/www.gunmeplug.com\/es\/producto\/rock-island-armory-gi-standard-fs-45acp-semi-automatic-pistol-5-81rd-51421-2\/#primaryimage"},"thumbnailUrl":"https:\/\/www.gunmeplug.com\/wp-content\/uploads\/2023\/05\/Rock-Island-Armory-GI-Standard-FS.jpg","datePublished":"2023-05-03T09:18:55+00:00","dateModified":"2023-05-03T10:13:27+00:00","breadcrumb":{"@id":"https:\/\/www.gunmeplug.com\/es\/producto\/rock-island-armory-gi-standard-fs-45acp-semi-automatic-pistol-5-81rd-51421-2\/#breadcrumb"},"inLanguage":"ro-RO","potentialAction":[{"@type":"ReadAction","target":["https:\/\/www.gunmeplug.com\/es\/producto\/rock-island-armory-gi-standard-fs-45acp-semi-automatic-pistol-5-81rd-51421-2\/"]}]},{"@type":"ImageObject","inLanguage":"ro-RO","@id":"https:\/\/www.gunmeplug.com\/es\/producto\/rock-island-armory-gi-standard-fs-45acp-semi-automatic-pistol-5-81rd-51421-2\/#primaryimage","url":"https:\/\/www.gunmeplug.com\/wp-content\/uploads\/2023\/05\/Rock-Island-Armory-GI-Standard-FS.jpg","contentUrl":"https:\/\/www.gunmeplug.com\/wp-content\/uploads\/2023\/05\/Rock-Island-Armory-GI-Standard-FS.jpg","width":600,"height":600,"caption":"Rock-Island-Armory-GI-Standard-FS"},{"@type":"BreadcrumbList","@id":"https:\/\/www.gunmeplug.com\/es\/producto\/rock-island-armory-gi-standard-fs-45acp-semi-automatic-pistol-5-81rd-51421-2\/#breadcrumb","itemListElement":[{"@type":"ListItem","position":1,"name":"Home","item":"https:\/\/www.gunmeplug.com\/es\/"},{"@type":"ListItem","position":2,"name":"Shop","item":"https:\/\/www.gunmeplug.com\/es\/shop\/"},{"@type":"ListItem","position":3,"name":"Rock Island Armory GI Standard FS .45ACP Semi-Automatic Pistol 5&#8243; 8+1RD 51421"}]},{"@type":"WebSite","@id":"https:\/\/www.gunmeplug.com\/#website","url":"https:\/\/www.gunmeplug.com\/","name":"Cump\u0103ra\u021bi arm\u0103 online SUA","description":"Arme de foc de v\u00e2nzare online","potentialAction":[{"@type":"SearchAction","target":{"@type":"EntryPoint","urlTemplate":"https:\/\/www.gunmeplug.com\/?s={search_term_string}"},"query-input":{"@type":"PropertyValueSpecification","valueRequired":true,"valueName":"search_term_string"}}],"inLanguage":"ro-RO"}]}},"_links":{"self":[{"href":"https:\/\/www.gunmeplug.com\/ro\/wp-json\/wp\/v2\/product\/3381","targetHints":{"allow":["GET"]}}],"collection":[{"href":"https:\/\/www.gunmeplug.com\/ro\/wp-json\/wp\/v2\/product"}],"about":[{"href":"https:\/\/www.gunmeplug.com\/ro\/wp-json\/wp\/v2\/types\/product"}],"wp:featuredmedia":[{"embeddable":true,"href":"https:\/\/www.gunmeplug.com\/ro\/wp-json\/wp\/v2\/media\/3388"}],"wp:attachment":[{"href":"https:\/\/www.gunmeplug.com\/ro\/wp-json\/wp\/v2\/media?parent=3381"}],"wp:term":[{"taxonomy":"product_brand","embeddable":true,"href":"https:\/\/www.gunmeplug.com\/ro\/wp-json\/wp\/v2\/product_brand?post=3381"},{"taxonomy":"product_cat","embeddable":true,"href":"https:\/\/www.gunmeplug.com\/ro\/wp-json\/wp\/v2\/product_cat?post=3381"},{"taxonomy":"product_tag","embeddable":true,"href":"https:\/\/www.gunmeplug.com\/ro\/wp-json\/wp\/v2\/product_tag?post=3381"}],"curies":[{"name":"wp","href":"https:\/\/api.w.org\/{rel}","templated":true}]}}