{"id":3379,"date":"2023-05-03T09:18:48","date_gmt":"2023-05-03T09:18:48","guid":{"rendered":"https:\/\/www.gunmeplug.com\/?post_type=product&#038;p=3379"},"modified":"2023-05-03T10:13:05","modified_gmt":"2023-05-03T10:13:05","slug":"taurus-g3c-9mm-pistol-3-2-121rd-1-g3c931","status":"publish","type":"product","link":"https:\/\/www.gunmeplug.com\/ro\/produs\/taurus-g3c-9mm-pistol-3-2-121rd-1-g3c931\/","title":{"rendered":"Taurus G3C 9mm Pistol 3.2&#8243; 12+1RD 1-G3C931"},"content":{"rendered":"<h3 class=\"tab_content_head\">DETALII<\/h3>\n<p>The new Taurus G3c builds on the proven foundation that has made the compact G-series among the most popular personal defense\/EDC handguns ever while advancing function, reliability, and durability to the next level. Furthermore, the G3c enters the market at a price point that continues the Taurus G-series handguns&#8217; industry leading cost-to-performance ratio. All the features of the original striker-fired full-size. Now available in an EDC-friendly compact frame. The all-new Taurus G3c delivers the ultimate balance of power and performance for any self defense situation. Includes (3) magazines.<\/p>\n<p><strong>Caracteristicile produsului:<\/strong><\/p>\n<ul>\n<li>Vedere frontal\u0103 fix\u0103<\/li>\n<li>Drift reglabil Rear Sight<\/li>\n<li>\u0218in\u0103 accesorie<\/li>\n<li>Capacitate de reluare a atacului<\/li>\n<li>R\u0103sucirea: 1:10RH<\/li>\n<li>Caneluri: 6<\/li>\n<li>Safeties: Indicatorul de camer\u0103 \u00eenc\u0103rcat\u0103, degetul mare manual, blocul Striker \u0219i declan\u0219atorul<\/li>\n<li>Tragere la tr\u0103gaci: aproximativ 5-1\/2 lbs<\/li>\n<\/ul>","protected":false},"excerpt":{"rendered":"<p>DETAILS The new Taurus G3c builds on the proven foundation that has made the compact G-series among the most popular personal defense\/EDC handguns ever while advancing function, reliability, and durability to the next level. Furthermore, the G3c enters the market at a price point that continues the Taurus G-series handguns&#8217; industry leading cost-to-performance ratio. All [&hellip;]<\/p>","protected":false},"featured_media":3384,"template":"","meta":{"_acf_changed":false,"_joinchat":[]},"product_brand":[],"product_cat":[130],"product_tag":[],"class_list":{"0":"post-3379","1":"product","2":"type-product","3":"status-publish","4":"has-post-thumbnail","6":"product_cat-handguns","8":"first","9":"instock","10":"shipping-taxable","11":"purchasable","12":"product-type-simple"},"acf":[],"yoast_head":"<!-- This site is optimized with the Yoast SEO plugin v26.3 - https:\/\/yoast.com\/wordpress\/plugins\/seo\/ -->\n<title>Taurus G3C 9mm Pistol 3.2&quot; 12+1RD 1-G3C931 - Buy gun online USA<\/title>\n<meta name=\"robots\" content=\"index, follow, max-snippet:-1, max-image-preview:large, max-video-preview:-1\" \/>\n<link rel=\"canonical\" href=\"https:\/\/www.gunmeplug.com\/ro\/produs\/taurus-g3c-9mm-pistol-3-2-121rd-1-g3c931\/\" \/>\n<meta property=\"og:locale\" content=\"ro_RO\" \/>\n<meta property=\"og:type\" content=\"article\" \/>\n<meta property=\"og:title\" content=\"Taurus G3C 9mm Pistol 3.2&quot; 12+1RD 1-G3C931 - Buy gun online USA\" \/>\n<meta property=\"og:description\" content=\"DETAILS The new Taurus G3c builds on the proven foundation that has made the compact G-series among the most popular personal defense\/EDC handguns ever while advancing function, reliability, and durability to the next level. Furthermore, the G3c enters the market at a price point that continues the Taurus G-series handguns&#8217; industry leading cost-to-performance ratio. All [&hellip;]\" \/>\n<meta property=\"og:url\" content=\"https:\/\/www.gunmeplug.com\/ro\/produs\/taurus-g3c-9mm-pistol-3-2-121rd-1-g3c931\/\" \/>\n<meta property=\"og:site_name\" content=\"Buy gun online USA\" \/>\n<meta property=\"article:modified_time\" content=\"2023-05-03T10:13:05+00:00\" \/>\n<meta property=\"og:image\" content=\"https:\/\/www.gunmeplug.com\/wp-content\/uploads\/2023\/05\/Taurus-G3C-9mm-Pistol.jpg\" \/>\n\t<meta property=\"og:image:width\" content=\"600\" \/>\n\t<meta property=\"og:image:height\" content=\"600\" \/>\n\t<meta property=\"og:image:type\" content=\"image\/jpeg\" \/>\n<meta name=\"twitter:card\" content=\"summary_large_image\" \/>\n<meta name=\"twitter:label1\" content=\"Timp estimat pentru citire\" \/>\n\t<meta name=\"twitter:data1\" content=\"1 minut\" \/>\n<script type=\"application\/ld+json\" class=\"yoast-schema-graph\">{\"@context\":\"https:\/\/schema.org\",\"@graph\":[{\"@type\":\"WebPage\",\"@id\":\"https:\/\/www.gunmeplug.com\/pt\/produto\/taurus-g3c-9mm-pistol-3-2-121rd-1-g3c931\/\",\"url\":\"https:\/\/www.gunmeplug.com\/pt\/produto\/taurus-g3c-9mm-pistol-3-2-121rd-1-g3c931\/\",\"name\":\"Taurus G3C 9mm Pistol 3.2\\\" 12+1RD 1-G3C931 - Buy gun online USA\",\"isPartOf\":{\"@id\":\"https:\/\/www.gunmeplug.com\/#website\"},\"primaryImageOfPage\":{\"@id\":\"https:\/\/www.gunmeplug.com\/pt\/produto\/taurus-g3c-9mm-pistol-3-2-121rd-1-g3c931\/#primaryimage\"},\"image\":{\"@id\":\"https:\/\/www.gunmeplug.com\/pt\/produto\/taurus-g3c-9mm-pistol-3-2-121rd-1-g3c931\/#primaryimage\"},\"thumbnailUrl\":\"https:\/\/www.gunmeplug.com\/wp-content\/uploads\/2023\/05\/Taurus-G3C-9mm-Pistol.jpg\",\"datePublished\":\"2023-05-03T09:18:48+00:00\",\"dateModified\":\"2023-05-03T10:13:05+00:00\",\"breadcrumb\":{\"@id\":\"https:\/\/www.gunmeplug.com\/pt\/produto\/taurus-g3c-9mm-pistol-3-2-121rd-1-g3c931\/#breadcrumb\"},\"inLanguage\":\"ro-RO\",\"potentialAction\":[{\"@type\":\"ReadAction\",\"target\":[\"https:\/\/www.gunmeplug.com\/pt\/produto\/taurus-g3c-9mm-pistol-3-2-121rd-1-g3c931\/\"]}]},{\"@type\":\"ImageObject\",\"inLanguage\":\"ro-RO\",\"@id\":\"https:\/\/www.gunmeplug.com\/pt\/produto\/taurus-g3c-9mm-pistol-3-2-121rd-1-g3c931\/#primaryimage\",\"url\":\"https:\/\/www.gunmeplug.com\/wp-content\/uploads\/2023\/05\/Taurus-G3C-9mm-Pistol.jpg\",\"contentUrl\":\"https:\/\/www.gunmeplug.com\/wp-content\/uploads\/2023\/05\/Taurus-G3C-9mm-Pistol.jpg\",\"width\":600,\"height\":600,\"caption\":\"Taurus-G3C-9mm-Pistol\"},{\"@type\":\"BreadcrumbList\",\"@id\":\"https:\/\/www.gunmeplug.com\/pt\/produto\/taurus-g3c-9mm-pistol-3-2-121rd-1-g3c931\/#breadcrumb\",\"itemListElement\":[{\"@type\":\"ListItem\",\"position\":1,\"name\":\"Home\",\"item\":\"https:\/\/www.gunmeplug.com\/es\/\"},{\"@type\":\"ListItem\",\"position\":2,\"name\":\"Shop\",\"item\":\"https:\/\/www.gunmeplug.com\/es\/shop\/\"},{\"@type\":\"ListItem\",\"position\":3,\"name\":\"Taurus G3C 9mm Pistol 3.2&#8243; 12+1RD 1-G3C931\"}]},{\"@type\":\"WebSite\",\"@id\":\"https:\/\/www.gunmeplug.com\/#website\",\"url\":\"https:\/\/www.gunmeplug.com\/\",\"name\":\"Buy gun online USA\",\"description\":\"FireArms for sale online \",\"potentialAction\":[{\"@type\":\"SearchAction\",\"target\":{\"@type\":\"EntryPoint\",\"urlTemplate\":\"https:\/\/www.gunmeplug.com\/?s={search_term_string}\"},\"query-input\":{\"@type\":\"PropertyValueSpecification\",\"valueRequired\":true,\"valueName\":\"search_term_string\"}}],\"inLanguage\":\"ro-RO\"}]}<\/script>\n<!-- \/ Yoast SEO plugin. -->","yoast_head_json":{"title":"Taurus G3C 9mm Pistol 9mm 3.2\" 12+1RD 1-G3C931 - Cump\u0103ra\u021bi o arm\u0103 online Statele Unite ale Americii","robots":{"index":"index","follow":"follow","max-snippet":"max-snippet:-1","max-image-preview":"max-image-preview:large","max-video-preview":"max-video-preview:-1"},"canonical":"https:\/\/www.gunmeplug.com\/ro\/produs\/taurus-g3c-9mm-pistol-3-2-121rd-1-g3c931\/","og_locale":"ro_RO","og_type":"article","og_title":"Taurus G3C 9mm Pistol 3.2\" 12+1RD 1-G3C931 - Buy gun online USA","og_description":"DETAILS The new Taurus G3c builds on the proven foundation that has made the compact G-series among the most popular personal defense\/EDC handguns ever while advancing function, reliability, and durability to the next level. Furthermore, the G3c enters the market at a price point that continues the Taurus G-series handguns&#8217; industry leading cost-to-performance ratio. All [&hellip;]","og_url":"https:\/\/www.gunmeplug.com\/ro\/produs\/taurus-g3c-9mm-pistol-3-2-121rd-1-g3c931\/","og_site_name":"Buy gun online USA","article_modified_time":"2023-05-03T10:13:05+00:00","og_image":[{"width":600,"height":600,"url":"https:\/\/www.gunmeplug.com\/wp-content\/uploads\/2023\/05\/Taurus-G3C-9mm-Pistol.jpg","type":"image\/jpeg"}],"twitter_card":"summary_large_image","twitter_misc":{"Timp estimat pentru citire":"1 minut"},"schema":{"@context":"https:\/\/schema.org","@graph":[{"@type":"WebPage","@id":"https:\/\/www.gunmeplug.com\/pt\/produto\/taurus-g3c-9mm-pistol-3-2-121rd-1-g3c931\/","url":"https:\/\/www.gunmeplug.com\/pt\/produto\/taurus-g3c-9mm-pistol-3-2-121rd-1-g3c931\/","name":"Taurus G3C 9mm Pistol 9mm 3.2\" 12+1RD 1-G3C931 - Cump\u0103ra\u021bi o arm\u0103 online Statele Unite ale Americii","isPartOf":{"@id":"https:\/\/www.gunmeplug.com\/#website"},"primaryImageOfPage":{"@id":"https:\/\/www.gunmeplug.com\/pt\/produto\/taurus-g3c-9mm-pistol-3-2-121rd-1-g3c931\/#primaryimage"},"image":{"@id":"https:\/\/www.gunmeplug.com\/pt\/produto\/taurus-g3c-9mm-pistol-3-2-121rd-1-g3c931\/#primaryimage"},"thumbnailUrl":"https:\/\/www.gunmeplug.com\/wp-content\/uploads\/2023\/05\/Taurus-G3C-9mm-Pistol.jpg","datePublished":"2023-05-03T09:18:48+00:00","dateModified":"2023-05-03T10:13:05+00:00","breadcrumb":{"@id":"https:\/\/www.gunmeplug.com\/pt\/produto\/taurus-g3c-9mm-pistol-3-2-121rd-1-g3c931\/#breadcrumb"},"inLanguage":"ro-RO","potentialAction":[{"@type":"ReadAction","target":["https:\/\/www.gunmeplug.com\/pt\/produto\/taurus-g3c-9mm-pistol-3-2-121rd-1-g3c931\/"]}]},{"@type":"ImageObject","inLanguage":"ro-RO","@id":"https:\/\/www.gunmeplug.com\/pt\/produto\/taurus-g3c-9mm-pistol-3-2-121rd-1-g3c931\/#primaryimage","url":"https:\/\/www.gunmeplug.com\/wp-content\/uploads\/2023\/05\/Taurus-G3C-9mm-Pistol.jpg","contentUrl":"https:\/\/www.gunmeplug.com\/wp-content\/uploads\/2023\/05\/Taurus-G3C-9mm-Pistol.jpg","width":600,"height":600,"caption":"Taurus-G3C-9mm-Pistol"},{"@type":"BreadcrumbList","@id":"https:\/\/www.gunmeplug.com\/pt\/produto\/taurus-g3c-9mm-pistol-3-2-121rd-1-g3c931\/#breadcrumb","itemListElement":[{"@type":"ListItem","position":1,"name":"Home","item":"https:\/\/www.gunmeplug.com\/es\/"},{"@type":"ListItem","position":2,"name":"Shop","item":"https:\/\/www.gunmeplug.com\/es\/shop\/"},{"@type":"ListItem","position":3,"name":"Taurus G3C 9mm Pistol 3.2&#8243; 12+1RD 1-G3C931"}]},{"@type":"WebSite","@id":"https:\/\/www.gunmeplug.com\/#website","url":"https:\/\/www.gunmeplug.com\/","name":"Cump\u0103ra\u021bi arm\u0103 online SUA","description":"Arme de foc de v\u00e2nzare online","potentialAction":[{"@type":"SearchAction","target":{"@type":"EntryPoint","urlTemplate":"https:\/\/www.gunmeplug.com\/?s={search_term_string}"},"query-input":{"@type":"PropertyValueSpecification","valueRequired":true,"valueName":"search_term_string"}}],"inLanguage":"ro-RO"}]}},"_links":{"self":[{"href":"https:\/\/www.gunmeplug.com\/ro\/wp-json\/wp\/v2\/product\/3379","targetHints":{"allow":["GET"]}}],"collection":[{"href":"https:\/\/www.gunmeplug.com\/ro\/wp-json\/wp\/v2\/product"}],"about":[{"href":"https:\/\/www.gunmeplug.com\/ro\/wp-json\/wp\/v2\/types\/product"}],"wp:featuredmedia":[{"embeddable":true,"href":"https:\/\/www.gunmeplug.com\/ro\/wp-json\/wp\/v2\/media\/3384"}],"wp:attachment":[{"href":"https:\/\/www.gunmeplug.com\/ro\/wp-json\/wp\/v2\/media?parent=3379"}],"wp:term":[{"taxonomy":"product_brand","embeddable":true,"href":"https:\/\/www.gunmeplug.com\/ro\/wp-json\/wp\/v2\/product_brand?post=3379"},{"taxonomy":"product_cat","embeddable":true,"href":"https:\/\/www.gunmeplug.com\/ro\/wp-json\/wp\/v2\/product_cat?post=3379"},{"taxonomy":"product_tag","embeddable":true,"href":"https:\/\/www.gunmeplug.com\/ro\/wp-json\/wp\/v2\/product_tag?post=3379"}],"curies":[{"name":"wp","href":"https:\/\/api.w.org\/{rel}","templated":true}]}}