{"id":3158,"date":"2021-04-08T06:40:57","date_gmt":"2021-04-08T06:40:57","guid":{"rendered":"https:\/\/www.gunmeplug.com\/?post_type=product&#038;p=3158"},"modified":"2025-07-24T02:24:43","modified_gmt":"2025-07-24T02:24:43","slug":"glock-43x-9mm-px4350201","status":"publish","type":"product","link":"https:\/\/www.gunmeplug.com\/ro\/produs\/glock-43x-9mm-px4350201\/","title":{"rendered":"Glock 43X 9mm PX4350201"},"content":{"rendered":"<h1>Glock 43X 9mm PX4350201<\/h1>\n<p>Cu calibrul de 9 mm Luger, G43X Rail are o ram\u0103 compact\u0103 Slimline cu o glisier\u0103 neagr\u0103 cu finisaj nDLC. Capacitatea \u00eenc\u0103rc\u0103torului de 10 cartu\u0219e \u00eel face ideal pentru purtarea ascuns\u0103.<\/p>\n<p>Conceput pentru confort, <a href=\"https:\/\/en.wikipedia.org\/wiki\/Gun#Military\">la<\/a> G43X combines a compact-size grip length, a built-in beaver tail and a subcompact-slim slide for a comfortably balanced, versatile grip that\u00b4s ideal for a variety of users.<\/p>\n<p>Cadrul \u00eencorporeaz\u0103 elemente din seriile Gen5 \u0219i Slimline, cum ar fi <a href=\"https:\/\/www.gunmeplug.com\/ro\/produs\/glock-g43-9mm-subcompact-pistol-usa-ui4350201\/\">scurt<\/a> distan\u021ba de declan\u0219are, o ram\u0103 cu coad\u0103 de castor \u00eencorporat\u0103, un dispozitiv de prindere a \u00eenc\u0103rc\u0103torului reversibil \u0219i o \u021beav\u0103 GLOCK Marksman Barrel (GMB) incredibil de precis\u0103, de tip match-grade, \u0219i zim\u021biri frontale frezate cu precizie.<\/p>\n<table>\n<tbody>\n<tr data-exp=\"H;;;;;;\" data-exp-noani=\"1\">\n<td><strong>Glock<\/strong>\u00a0<strong>De v\u00e2nzare<\/strong>\u00a0&#8211; In Stock\u00a0<strong>Glock<\/strong>\u00a0Arme pre\u021b ieftin<\/td>\n<\/tr>\n<\/tbody>\n<\/table>\n<h3 class=\"tab_content_head\">MAI MULTE INFORMA\u021aII<\/h3>\n<div class=\"additional-attributes-wrapper table-wrapper\">\n<table id=\"product-attribute-specs-table\" class=\"data table additional-attributes\">\n<caption class=\"table-caption\">Mai multe informa\u021bii<\/caption>\n<tbody>\n<tr>\n<th class=\"col label\" scope=\"row\">SKU<\/th>\n<td class=\"col data\" data-th=\"SKU\">31300158<\/td>\n<\/tr>\n<tr>\n<th class=\"col label\" scope=\"row\">UPC<\/th>\n<td class=\"col data\" data-th=\"UPC\">764503037894<\/td>\n<\/tr>\n<tr>\n<th class=\"col label\" scope=\"row\">Marca<\/th>\n<td class=\"col data\" data-th=\"Brand\">Glock<\/td>\n<\/tr>\n<tr>\n<th class=\"col label\" scope=\"row\">Numele modelului<\/th>\n<td class=\"col data\" data-th=\"Model Name\">43X<\/td>\n<\/tr>\n<tr>\n<th class=\"col label\" scope=\"row\">MPN<\/th>\n<td class=\"col data\" data-th=\"MPN\">PX4350201<\/td>\n<\/tr>\n<tr>\n<th class=\"col label\" scope=\"row\">Calibru<\/th>\n<td class=\"col data\" data-th=\"Caliber\">9mm<\/td>\n<\/tr>\n<tr>\n<th class=\"col label\" scope=\"row\">Clasa<\/th>\n<td class=\"col data\" data-th=\"Class\">Subcompact\u0103<\/td>\n<\/tr>\n<tr>\n<th class=\"col label\" scope=\"row\">Capacitate<\/th>\n<td class=\"col data\" data-th=\"Capacity\">10+1<\/td>\n<\/tr>\n<tr>\n<th class=\"col label\" scope=\"row\">Lungimea \u021bevii<\/th>\n<td class=\"col data\" data-th=\"Barrel Length\">3.41&#8243;<\/td>\n<\/tr>\n<tr>\n<th class=\"col label\" scope=\"row\">Lungime<\/th>\n<td class=\"col data\" data-th=\"Length\">6.5&#8243;<\/td>\n<\/tr>\n<tr>\n<th class=\"col label\" scope=\"row\">Greutate<\/th>\n<td class=\"col data\" data-th=\"Weight\">23.07oz<\/td>\n<\/tr>\n<tr>\n<th class=\"col label\" scope=\"row\">Obiective<\/th>\n<td class=\"col data\" data-th=\"Sights\">Fix<\/td>\n<\/tr>\n<tr>\n<th class=\"col label\" scope=\"row\">Grip<\/th>\n<td class=\"col data\" data-th=\"Grip\">Standard<\/td>\n<\/tr>\n<tr>\n<th class=\"col label\" scope=\"row\">Declan\u0219ator<\/th>\n<td class=\"col data\" data-th=\"Trigger\">Standard<\/td>\n<\/tr>\n<tr>\n<th class=\"col label\" scope=\"row\">Siguran\u021b\u0103<\/th>\n<td class=\"col data\" data-th=\"Safety\">F\u0103r\u0103 siguran\u021b\u0103 manual\u0103<\/td>\n<\/tr>\n<tr>\n<th class=\"col label\" scope=\"row\">Finisaj<\/th>\n<td class=\"col data\" data-th=\"Finish\">Finisaj negru nDLC<\/td>\n<\/tr>\n<tr>\n<th class=\"col label\" scope=\"row\">Stare<\/th>\n<td class=\"col data\" data-th=\"Condition\">Nou \u00een cutie<\/td>\n<\/tr>\n<tr>\n<th class=\"col label\" scope=\"row\">MSRP (static)<\/th>\n<td class=\"col data\" data-th=\"MSRP (Static)\">538.00<\/td>\n<\/tr>\n<\/tbody>\n<\/table>\n<\/div>","protected":false},"excerpt":{"rendered":"<p>Glock 43X 9mm PX4350201 Glock 43X 9mm Luger G43X Rail are o ram\u0103 compact\u0103 Slimline cu un glisant negru cu finisaj nDLC. Capacitatea \u00eenc\u0103rc\u0103torului de 10 cartu\u0219e o face ideal\u0103 pentru purtarea ascuns\u0103. Proiectat pentru confort, G43X combin\u0103 o lungime a m\u00e2nerului de dimensiuni compacte, o coad\u0103 de castor \u00eencorporat\u0103 \u0219i o glisier\u0103 subcompact\u0103-sub\u021bire pentru un pistol confortabil [...]<\/p>","protected":false},"featured_media":3159,"template":"","meta":{"_acf_changed":false,"_joinchat":[]},"product_brand":[],"product_cat":[136,130],"product_tag":[194,189,191,202,192,193,188,190,198,201,195,200,197,199,196],"class_list":{"0":"post-3158","1":"product","2":"type-product","3":"status-publish","4":"has-post-thumbnail","6":"product_cat-glocks-for-sale","7":"product_cat-handguns","8":"product_tag-best-glock-accessories","9":"product_tag-buy-a-glock-17-gen","10":"product_tag-g17-gen5-mos","11":"product_tag-glock-113558","12":"product_tag-glock-17-9mm-pistol","13":"product_tag-glock-17-gen-5","14":"product_tag-glock-17-gen-5-for-sale","15":"product_tag-glock-17-gen5-mos","16":"product_tag-glock-43x-9mm-for-sale","17":"product_tag-glock-43x-buds","18":"product_tag-glock-43x-buds-gun-shop","19":"product_tag-glock-43x-for-sale-nj","20":"product_tag-glock-43x-for-sale-vendor","21":"product_tag-glock-43x-gun-deals","22":"product_tag-glock-43x-rural-king","24":"first","25":"instock","26":"sale","27":"shipping-taxable","28":"purchasable","29":"product-type-simple"},"acf":[],"yoast_head":"<!-- This site is optimized with the Yoast SEO plugin v26.3 - https:\/\/yoast.com\/wordpress\/plugins\/seo\/ -->\n<title>Glock 43X 9mm PX4350201, Glock 43 - 9mm, Glock Handguns for Sale<\/title>\n<meta name=\"description\" content=\"Glock 43X 9mm PX4350201, Glock 43x for sale. The GLOCK G43X Sub-Compact Slimline 9mm Pistol combines a sub-compact frame and GLOCK\u2019s\" \/>\n<meta name=\"robots\" content=\"index, follow, max-snippet:-1, max-image-preview:large, max-video-preview:-1\" \/>\n<link rel=\"canonical\" href=\"https:\/\/www.gunmeplug.com\/ro\/produs\/glock-43x-9mm-px4350201\/\" \/>\n<meta property=\"og:locale\" content=\"ro_RO\" \/>\n<meta property=\"og:type\" content=\"article\" \/>\n<meta property=\"og:title\" content=\"Glock 43X 9mm PX4350201, Glock 43 - 9mm, Glock Handguns for Sale\" \/>\n<meta property=\"og:description\" content=\"Glock 43X 9mm PX4350201, Glock 43x for sale. The GLOCK G43X Sub-Compact Slimline 9mm Pistol combines a sub-compact frame and GLOCK\u2019s\" \/>\n<meta property=\"og:url\" content=\"https:\/\/www.gunmeplug.com\/ro\/produs\/glock-43x-9mm-px4350201\/\" \/>\n<meta property=\"og:site_name\" content=\"Buy gun online USA\" \/>\n<meta property=\"article:modified_time\" content=\"2025-07-24T02:24:43+00:00\" \/>\n<meta property=\"og:image\" content=\"https:\/\/www.gunmeplug.com\/wp-content\/uploads\/2021\/04\/glock-43x-9mm-px4350201.jpg\" \/>\n\t<meta property=\"og:image:width\" content=\"600\" \/>\n\t<meta property=\"og:image:height\" content=\"600\" \/>\n\t<meta property=\"og:image:type\" content=\"image\/jpeg\" \/>\n<meta name=\"twitter:card\" content=\"summary_large_image\" \/>\n<meta name=\"twitter:label1\" content=\"Timp estimat pentru citire\" \/>\n\t<meta name=\"twitter:data1\" content=\"1 minut\" \/>\n<script type=\"application\/ld+json\" class=\"yoast-schema-graph\">{\"@context\":\"https:\/\/schema.org\",\"@graph\":[{\"@type\":\"WebPage\",\"@id\":\"https:\/\/www.gunmeplug.com\/nl\/product\/glock-43x-9mm-px4350201\/\",\"url\":\"https:\/\/www.gunmeplug.com\/nl\/product\/glock-43x-9mm-px4350201\/\",\"name\":\"Glock 43X 9mm PX4350201, Glock 43 - 9mm, Glock Handguns for Sale\",\"isPartOf\":{\"@id\":\"https:\/\/www.gunmeplug.com\/#website\"},\"primaryImageOfPage\":{\"@id\":\"https:\/\/www.gunmeplug.com\/nl\/product\/glock-43x-9mm-px4350201\/#primaryimage\"},\"image\":{\"@id\":\"https:\/\/www.gunmeplug.com\/nl\/product\/glock-43x-9mm-px4350201\/#primaryimage\"},\"thumbnailUrl\":\"https:\/\/www.gunmeplug.com\/wp-content\/uploads\/2021\/04\/glock-43x-9mm-px4350201.jpg\",\"datePublished\":\"2021-04-08T06:40:57+00:00\",\"dateModified\":\"2025-07-24T02:24:43+00:00\",\"description\":\"Glock 43X 9mm PX4350201, Glock 43x for sale. The GLOCK G43X Sub-Compact Slimline 9mm Pistol combines a sub-compact frame and GLOCK\u2019s\",\"breadcrumb\":{\"@id\":\"https:\/\/www.gunmeplug.com\/nl\/product\/glock-43x-9mm-px4350201\/#breadcrumb\"},\"inLanguage\":\"ro-RO\",\"potentialAction\":[{\"@type\":\"ReadAction\",\"target\":[\"https:\/\/www.gunmeplug.com\/nl\/product\/glock-43x-9mm-px4350201\/\"]}]},{\"@type\":\"ImageObject\",\"inLanguage\":\"ro-RO\",\"@id\":\"https:\/\/www.gunmeplug.com\/nl\/product\/glock-43x-9mm-px4350201\/#primaryimage\",\"url\":\"https:\/\/www.gunmeplug.com\/wp-content\/uploads\/2021\/04\/glock-43x-9mm-px4350201.jpg\",\"contentUrl\":\"https:\/\/www.gunmeplug.com\/wp-content\/uploads\/2021\/04\/glock-43x-9mm-px4350201.jpg\",\"width\":600,\"height\":600,\"caption\":\"Glock 43X 9mm PX4350201\"},{\"@type\":\"BreadcrumbList\",\"@id\":\"https:\/\/www.gunmeplug.com\/nl\/product\/glock-43x-9mm-px4350201\/#breadcrumb\",\"itemListElement\":[{\"@type\":\"ListItem\",\"position\":1,\"name\":\"Home\",\"item\":\"https:\/\/www.gunmeplug.com\/es\/\"},{\"@type\":\"ListItem\",\"position\":2,\"name\":\"Shop\",\"item\":\"https:\/\/www.gunmeplug.com\/es\/shop\/\"},{\"@type\":\"ListItem\",\"position\":3,\"name\":\"Glock 43X 9mm PX4350201\"}]},{\"@type\":\"WebSite\",\"@id\":\"https:\/\/www.gunmeplug.com\/#website\",\"url\":\"https:\/\/www.gunmeplug.com\/\",\"name\":\"Buy gun online USA\",\"description\":\"FireArms for sale online \",\"potentialAction\":[{\"@type\":\"SearchAction\",\"target\":{\"@type\":\"EntryPoint\",\"urlTemplate\":\"https:\/\/www.gunmeplug.com\/?s={search_term_string}\"},\"query-input\":{\"@type\":\"PropertyValueSpecification\",\"valueRequired\":true,\"valueName\":\"search_term_string\"}}],\"inLanguage\":\"ro-RO\"}]}<\/script>\n<!-- \/ Yoast SEO plugin. -->","yoast_head_json":{"title":"Glock 43X 9mm PX4350201, Glock 43 - 9mm, Glock Handguns de v\u00e2nzare","description":"Glock 43X 9mm PX4350201, Glock 43x for sale. The GLOCK G43X Sub-Compact Slimline 9mm Pistol combines a sub-compact frame and GLOCK\u2019s","robots":{"index":"index","follow":"follow","max-snippet":"max-snippet:-1","max-image-preview":"max-image-preview:large","max-video-preview":"max-video-preview:-1"},"canonical":"https:\/\/www.gunmeplug.com\/ro\/produs\/glock-43x-9mm-px4350201\/","og_locale":"ro_RO","og_type":"article","og_title":"Glock 43X 9mm PX4350201, Glock 43 - 9mm, Glock Handguns for Sale","og_description":"Glock 43X 9mm PX4350201, Glock 43x for sale. The GLOCK G43X Sub-Compact Slimline 9mm Pistol combines a sub-compact frame and GLOCK\u2019s","og_url":"https:\/\/www.gunmeplug.com\/ro\/produs\/glock-43x-9mm-px4350201\/","og_site_name":"Buy gun online USA","article_modified_time":"2025-07-24T02:24:43+00:00","og_image":[{"width":600,"height":600,"url":"https:\/\/www.gunmeplug.com\/wp-content\/uploads\/2021\/04\/glock-43x-9mm-px4350201.jpg","type":"image\/jpeg"}],"twitter_card":"summary_large_image","twitter_misc":{"Timp estimat pentru citire":"1 minut"},"schema":{"@context":"https:\/\/schema.org","@graph":[{"@type":"WebPage","@id":"https:\/\/www.gunmeplug.com\/nl\/product\/glock-43x-9mm-px4350201\/","url":"https:\/\/www.gunmeplug.com\/nl\/product\/glock-43x-9mm-px4350201\/","name":"Glock 43X 9mm PX4350201, Glock 43 - 9mm, Glock Handguns de v\u00e2nzare","isPartOf":{"@id":"https:\/\/www.gunmeplug.com\/#website"},"primaryImageOfPage":{"@id":"https:\/\/www.gunmeplug.com\/nl\/product\/glock-43x-9mm-px4350201\/#primaryimage"},"image":{"@id":"https:\/\/www.gunmeplug.com\/nl\/product\/glock-43x-9mm-px4350201\/#primaryimage"},"thumbnailUrl":"https:\/\/www.gunmeplug.com\/wp-content\/uploads\/2021\/04\/glock-43x-9mm-px4350201.jpg","datePublished":"2021-04-08T06:40:57+00:00","dateModified":"2025-07-24T02:24:43+00:00","description":"Glock 43X 9mm PX4350201, Glock 43x for sale. The GLOCK G43X Sub-Compact Slimline 9mm Pistol combines a sub-compact frame and GLOCK\u2019s","breadcrumb":{"@id":"https:\/\/www.gunmeplug.com\/nl\/product\/glock-43x-9mm-px4350201\/#breadcrumb"},"inLanguage":"ro-RO","potentialAction":[{"@type":"ReadAction","target":["https:\/\/www.gunmeplug.com\/nl\/product\/glock-43x-9mm-px4350201\/"]}]},{"@type":"ImageObject","inLanguage":"ro-RO","@id":"https:\/\/www.gunmeplug.com\/nl\/product\/glock-43x-9mm-px4350201\/#primaryimage","url":"https:\/\/www.gunmeplug.com\/wp-content\/uploads\/2021\/04\/glock-43x-9mm-px4350201.jpg","contentUrl":"https:\/\/www.gunmeplug.com\/wp-content\/uploads\/2021\/04\/glock-43x-9mm-px4350201.jpg","width":600,"height":600,"caption":"Glock 43X 9mm PX4350201"},{"@type":"BreadcrumbList","@id":"https:\/\/www.gunmeplug.com\/nl\/product\/glock-43x-9mm-px4350201\/#breadcrumb","itemListElement":[{"@type":"ListItem","position":1,"name":"Home","item":"https:\/\/www.gunmeplug.com\/es\/"},{"@type":"ListItem","position":2,"name":"Shop","item":"https:\/\/www.gunmeplug.com\/es\/shop\/"},{"@type":"ListItem","position":3,"name":"Glock 43X 9mm PX4350201"}]},{"@type":"WebSite","@id":"https:\/\/www.gunmeplug.com\/#website","url":"https:\/\/www.gunmeplug.com\/","name":"Cump\u0103ra\u021bi arm\u0103 online SUA","description":"Arme de foc de v\u00e2nzare online","potentialAction":[{"@type":"SearchAction","target":{"@type":"EntryPoint","urlTemplate":"https:\/\/www.gunmeplug.com\/?s={search_term_string}"},"query-input":{"@type":"PropertyValueSpecification","valueRequired":true,"valueName":"search_term_string"}}],"inLanguage":"ro-RO"}]}},"_links":{"self":[{"href":"https:\/\/www.gunmeplug.com\/ro\/wp-json\/wp\/v2\/product\/3158","targetHints":{"allow":["GET"]}}],"collection":[{"href":"https:\/\/www.gunmeplug.com\/ro\/wp-json\/wp\/v2\/product"}],"about":[{"href":"https:\/\/www.gunmeplug.com\/ro\/wp-json\/wp\/v2\/types\/product"}],"wp:featuredmedia":[{"embeddable":true,"href":"https:\/\/www.gunmeplug.com\/ro\/wp-json\/wp\/v2\/media\/3159"}],"wp:attachment":[{"href":"https:\/\/www.gunmeplug.com\/ro\/wp-json\/wp\/v2\/media?parent=3158"}],"wp:term":[{"taxonomy":"product_brand","embeddable":true,"href":"https:\/\/www.gunmeplug.com\/ro\/wp-json\/wp\/v2\/product_brand?post=3158"},{"taxonomy":"product_cat","embeddable":true,"href":"https:\/\/www.gunmeplug.com\/ro\/wp-json\/wp\/v2\/product_cat?post=3158"},{"taxonomy":"product_tag","embeddable":true,"href":"https:\/\/www.gunmeplug.com\/ro\/wp-json\/wp\/v2\/product_tag?post=3158"}],"curies":[{"name":"wp","href":"https:\/\/api.w.org\/{rel}","templated":true}]}}