{"id":3144,"date":"2021-04-08T06:24:40","date_gmt":"2021-04-08T06:24:40","guid":{"rendered":"https:\/\/www.gunmeplug.com\/?post_type=product&#038;p=3144"},"modified":"2024-10-10T08:56:20","modified_gmt":"2024-10-10T08:56:20","slug":"smith-wesson-m-p15-sport-ii","status":"publish","type":"product","link":"https:\/\/www.gunmeplug.com\/ro\/produs\/smith-wesson-m-p15-sport-ii\/","title":{"rendered":"Smith &#038; Wesson M&#038;P15 Sport II .223\/5.56 AR-15 Rifle 10202"},"content":{"rendered":"<h2>Smith &amp; Wesson M&amp;P15 SPORT II<\/h2>\n<p>Smith Wesson mp15 sport ii, is The M&amp;P line of Modern Sporting Rifles are lightweight, long-distance semi-auto Rifles that are easy to accessorize &#8212;<a href=\"https:\/\/www.gunmeplug.com\/ro\/produs\/smith-wesson-m-p15-sport-ii\/\"> dar<\/a> greu de pus jos. Proiectate pentru a \u00eendeplini utiliz\u0103ri multiple \u00een orice condi\u021bii, pu\u0219tile M&amp;P sunt liderul versatil \u00een domeniu pentru tr\u0103g\u0103torii sportivi, v\u00e2n\u0103torii \u0219i cei care particip\u0103 la competi\u021bii. Noul M&amp;P15 Sport II este echipat cu capac de protec\u021bie \u00eempotriva prafului \u0219i asisten\u021b\u0103 \u00eenainte.<\/p>\n<p><strong>Caracteristici:<\/strong><br \/>\nAsisten\u021b\u0103 \u00eenainte<br \/>\nCopert\u0103 de praf<br \/>\nCros\u0103 pliabil\u0103 \u00een 6 pozi\u021bii<br \/>\nVizor spate Magpul Folding MBUS \u0219i vizor fa\u021b\u0103 ajustabil A2<br \/>\nProtec\u021bie intern\u0103 forjat\u0103 a tr\u0103gaciului<br \/>\nProtec\u021bie de m\u00e2n\u0103 din polimer de \u00eenalt\u0103 temperatur\u0103<br \/>\n30-rd. Magpul PMAG <a href=\"https:\/\/en.wikipedia.org\/wiki\/Gun#Military\">revist\u0103<\/a><br \/>\nCompensator de supresor flash<\/p>","protected":false},"excerpt":{"rendered":"<p>Smith &amp; Wesson M&amp;P15 SPORT II Smith Wesson mp15 sport ii, is The M&amp;P line of Modern Sporting Rifles are lightweight, long-distance semi-auto Rifles that are easy to accessorize &#8212; but tough to put down. Designed to perform multiple uses under all conditions, M&amp;P Rifles are the versatile field leader for sport shooters, hunters and [&hellip;]<\/p>","protected":false},"featured_media":3145,"template":"","meta":{"_acf_changed":false,"_joinchat":[]},"product_brand":[],"product_cat":[166],"product_tag":[],"class_list":{"0":"post-3144","1":"product","2":"type-product","3":"status-publish","4":"has-post-thumbnail","6":"product_cat-rifles","8":"first","9":"instock","10":"sale","11":"shipping-taxable","12":"purchasable","13":"product-type-simple"},"acf":[],"yoast_head":"<!-- This site is optimized with the Yoast SEO plugin v26.3 - https:\/\/yoast.com\/wordpress\/plugins\/seo\/ -->\n<title>smith wesson mp15 sport ii, smith and wesson m&amp;p 15 sport 2 for sale<\/title>\n<meta name=\"description\" content=\"smith wesson mp15 sport ii, The Smith &amp; Wesson M&amp;P15 Sport II is a low cost, entry-level AR15 built to the same high quality you can expect from Smith &amp; Wesson.\" \/>\n<meta name=\"robots\" content=\"index, follow, max-snippet:-1, max-image-preview:large, max-video-preview:-1\" \/>\n<link rel=\"canonical\" href=\"https:\/\/www.gunmeplug.com\/ro\/produs\/smith-wesson-m-p15-sport-ii\/\" \/>\n<meta property=\"og:locale\" content=\"ro_RO\" \/>\n<meta property=\"og:type\" content=\"article\" \/>\n<meta property=\"og:title\" content=\"smith wesson mp15 sport ii, smith and wesson m&amp;p 15 sport 2 for sale\" \/>\n<meta property=\"og:description\" content=\"smith wesson mp15 sport ii, The Smith &amp; Wesson M&amp;P15 Sport II is a low cost, entry-level AR15 built to the same high quality you can expect from Smith &amp; Wesson.\" \/>\n<meta property=\"og:url\" content=\"https:\/\/www.gunmeplug.com\/ro\/produs\/smith-wesson-m-p15-sport-ii\/\" \/>\n<meta property=\"og:site_name\" content=\"Buy gun online USA\" \/>\n<meta property=\"article:modified_time\" content=\"2024-10-10T08:56:20+00:00\" \/>\n<meta property=\"og:image\" content=\"https:\/\/www.gunmeplug.com\/wp-content\/uploads\/2021\/04\/smith-wesson-m-p15-sport-ii.jpg\" \/>\n\t<meta property=\"og:image:width\" content=\"600\" \/>\n\t<meta property=\"og:image:height\" content=\"600\" \/>\n\t<meta property=\"og:image:type\" content=\"image\/jpeg\" \/>\n<meta name=\"twitter:card\" content=\"summary_large_image\" \/>\n<meta name=\"twitter:label1\" content=\"Timp estimat pentru citire\" \/>\n\t<meta name=\"twitter:data1\" content=\"1 minut\" \/>\n<script type=\"application\/ld+json\" class=\"yoast-schema-graph\">{\"@context\":\"https:\/\/schema.org\",\"@graph\":[{\"@type\":\"WebPage\",\"@id\":\"https:\/\/www.gunmeplug.com\/hu\/termek\/smith-wesson-m-p15-sport-ii\/\",\"url\":\"https:\/\/www.gunmeplug.com\/hu\/termek\/smith-wesson-m-p15-sport-ii\/\",\"name\":\"smith wesson mp15 sport ii, smith and wesson m&p 15 sport 2 for sale\",\"isPartOf\":{\"@id\":\"https:\/\/www.gunmeplug.com\/#website\"},\"primaryImageOfPage\":{\"@id\":\"https:\/\/www.gunmeplug.com\/hu\/termek\/smith-wesson-m-p15-sport-ii\/#primaryimage\"},\"image\":{\"@id\":\"https:\/\/www.gunmeplug.com\/hu\/termek\/smith-wesson-m-p15-sport-ii\/#primaryimage\"},\"thumbnailUrl\":\"https:\/\/www.gunmeplug.com\/wp-content\/uploads\/2021\/04\/smith-wesson-m-p15-sport-ii.jpg\",\"datePublished\":\"2021-04-08T06:24:40+00:00\",\"dateModified\":\"2024-10-10T08:56:20+00:00\",\"description\":\"smith wesson mp15 sport ii, The Smith & Wesson M&P15 Sport II is a low cost, entry-level AR15 built to the same high quality you can expect from Smith & Wesson.\",\"breadcrumb\":{\"@id\":\"https:\/\/www.gunmeplug.com\/hu\/termek\/smith-wesson-m-p15-sport-ii\/#breadcrumb\"},\"inLanguage\":\"ro-RO\",\"potentialAction\":[{\"@type\":\"ReadAction\",\"target\":[\"https:\/\/www.gunmeplug.com\/hu\/termek\/smith-wesson-m-p15-sport-ii\/\"]}]},{\"@type\":\"ImageObject\",\"inLanguage\":\"ro-RO\",\"@id\":\"https:\/\/www.gunmeplug.com\/hu\/termek\/smith-wesson-m-p15-sport-ii\/#primaryimage\",\"url\":\"https:\/\/www.gunmeplug.com\/wp-content\/uploads\/2021\/04\/smith-wesson-m-p15-sport-ii.jpg\",\"contentUrl\":\"https:\/\/www.gunmeplug.com\/wp-content\/uploads\/2021\/04\/smith-wesson-m-p15-sport-ii.jpg\",\"width\":600,\"height\":600,\"caption\":\"smith wesson mp15 sport ii\"},{\"@type\":\"BreadcrumbList\",\"@id\":\"https:\/\/www.gunmeplug.com\/hu\/termek\/smith-wesson-m-p15-sport-ii\/#breadcrumb\",\"itemListElement\":[{\"@type\":\"ListItem\",\"position\":1,\"name\":\"Home\",\"item\":\"https:\/\/www.gunmeplug.com\/es\/\"},{\"@type\":\"ListItem\",\"position\":2,\"name\":\"Shop\",\"item\":\"https:\/\/www.gunmeplug.com\/es\/shop\/\"},{\"@type\":\"ListItem\",\"position\":3,\"name\":\"Smith &#038; Wesson M&#038;P15 Sport II .223\/5.56 AR-15 Rifle 10202\"}]},{\"@type\":\"WebSite\",\"@id\":\"https:\/\/www.gunmeplug.com\/#website\",\"url\":\"https:\/\/www.gunmeplug.com\/\",\"name\":\"Buy gun online USA\",\"description\":\"FireArms for sale online \",\"potentialAction\":[{\"@type\":\"SearchAction\",\"target\":{\"@type\":\"EntryPoint\",\"urlTemplate\":\"https:\/\/www.gunmeplug.com\/?s={search_term_string}\"},\"query-input\":{\"@type\":\"PropertyValueSpecification\",\"valueRequired\":true,\"valueName\":\"search_term_string\"}}],\"inLanguage\":\"ro-RO\"}]}<\/script>\n<!-- \/ Yoast SEO plugin. -->","yoast_head_json":{"title":"smith wesson mp15 sport ii, smith and wesson m&amp;p 15 sport 2 de v\u00e2nzare","description":"smith wesson mp15 sport ii, Smith &amp; Wesson M&amp;P15 Sport II este o arm\u0103 AR15 cu pre\u021b redus, de nivel de intrare, construit\u0103 la aceea\u0219i calitate \u00eenalt\u0103 la care v\u0103 pute\u021bi a\u0219tepta de la Smith &amp; Wesson.","robots":{"index":"index","follow":"follow","max-snippet":"max-snippet:-1","max-image-preview":"max-image-preview:large","max-video-preview":"max-video-preview:-1"},"canonical":"https:\/\/www.gunmeplug.com\/ro\/produs\/smith-wesson-m-p15-sport-ii\/","og_locale":"ro_RO","og_type":"article","og_title":"smith wesson mp15 sport ii, smith and wesson m&p 15 sport 2 for sale","og_description":"smith wesson mp15 sport ii, The Smith & Wesson M&P15 Sport II is a low cost, entry-level AR15 built to the same high quality you can expect from Smith & Wesson.","og_url":"https:\/\/www.gunmeplug.com\/ro\/produs\/smith-wesson-m-p15-sport-ii\/","og_site_name":"Buy gun online USA","article_modified_time":"2024-10-10T08:56:20+00:00","og_image":[{"width":600,"height":600,"url":"https:\/\/www.gunmeplug.com\/wp-content\/uploads\/2021\/04\/smith-wesson-m-p15-sport-ii.jpg","type":"image\/jpeg"}],"twitter_card":"summary_large_image","twitter_misc":{"Timp estimat pentru citire":"1 minut"},"schema":{"@context":"https:\/\/schema.org","@graph":[{"@type":"WebPage","@id":"https:\/\/www.gunmeplug.com\/hu\/termek\/smith-wesson-m-p15-sport-ii\/","url":"https:\/\/www.gunmeplug.com\/hu\/termek\/smith-wesson-m-p15-sport-ii\/","name":"smith wesson mp15 sport ii, smith and wesson m&amp;p 15 sport 2 de v\u00e2nzare","isPartOf":{"@id":"https:\/\/www.gunmeplug.com\/#website"},"primaryImageOfPage":{"@id":"https:\/\/www.gunmeplug.com\/hu\/termek\/smith-wesson-m-p15-sport-ii\/#primaryimage"},"image":{"@id":"https:\/\/www.gunmeplug.com\/hu\/termek\/smith-wesson-m-p15-sport-ii\/#primaryimage"},"thumbnailUrl":"https:\/\/www.gunmeplug.com\/wp-content\/uploads\/2021\/04\/smith-wesson-m-p15-sport-ii.jpg","datePublished":"2021-04-08T06:24:40+00:00","dateModified":"2024-10-10T08:56:20+00:00","description":"smith wesson mp15 sport ii, Smith &amp; Wesson M&amp;P15 Sport II este o arm\u0103 AR15 cu pre\u021b redus, de nivel de intrare, construit\u0103 la aceea\u0219i calitate \u00eenalt\u0103 la care v\u0103 pute\u021bi a\u0219tepta de la Smith &amp; Wesson.","breadcrumb":{"@id":"https:\/\/www.gunmeplug.com\/hu\/termek\/smith-wesson-m-p15-sport-ii\/#breadcrumb"},"inLanguage":"ro-RO","potentialAction":[{"@type":"ReadAction","target":["https:\/\/www.gunmeplug.com\/hu\/termek\/smith-wesson-m-p15-sport-ii\/"]}]},{"@type":"ImageObject","inLanguage":"ro-RO","@id":"https:\/\/www.gunmeplug.com\/hu\/termek\/smith-wesson-m-p15-sport-ii\/#primaryimage","url":"https:\/\/www.gunmeplug.com\/wp-content\/uploads\/2021\/04\/smith-wesson-m-p15-sport-ii.jpg","contentUrl":"https:\/\/www.gunmeplug.com\/wp-content\/uploads\/2021\/04\/smith-wesson-m-p15-sport-ii.jpg","width":600,"height":600,"caption":"smith wesson mp15 sport ii"},{"@type":"BreadcrumbList","@id":"https:\/\/www.gunmeplug.com\/hu\/termek\/smith-wesson-m-p15-sport-ii\/#breadcrumb","itemListElement":[{"@type":"ListItem","position":1,"name":"Home","item":"https:\/\/www.gunmeplug.com\/es\/"},{"@type":"ListItem","position":2,"name":"Shop","item":"https:\/\/www.gunmeplug.com\/es\/shop\/"},{"@type":"ListItem","position":3,"name":"Smith &#038; Wesson M&#038;P15 Sport II .223\/5.56 AR-15 Rifle 10202"}]},{"@type":"WebSite","@id":"https:\/\/www.gunmeplug.com\/#website","url":"https:\/\/www.gunmeplug.com\/","name":"Cump\u0103ra\u021bi arm\u0103 online SUA","description":"Arme de foc de v\u00e2nzare online","potentialAction":[{"@type":"SearchAction","target":{"@type":"EntryPoint","urlTemplate":"https:\/\/www.gunmeplug.com\/?s={search_term_string}"},"query-input":{"@type":"PropertyValueSpecification","valueRequired":true,"valueName":"search_term_string"}}],"inLanguage":"ro-RO"}]}},"_links":{"self":[{"href":"https:\/\/www.gunmeplug.com\/ro\/wp-json\/wp\/v2\/product\/3144","targetHints":{"allow":["GET"]}}],"collection":[{"href":"https:\/\/www.gunmeplug.com\/ro\/wp-json\/wp\/v2\/product"}],"about":[{"href":"https:\/\/www.gunmeplug.com\/ro\/wp-json\/wp\/v2\/types\/product"}],"wp:featuredmedia":[{"embeddable":true,"href":"https:\/\/www.gunmeplug.com\/ro\/wp-json\/wp\/v2\/media\/3145"}],"wp:attachment":[{"href":"https:\/\/www.gunmeplug.com\/ro\/wp-json\/wp\/v2\/media?parent=3144"}],"wp:term":[{"taxonomy":"product_brand","embeddable":true,"href":"https:\/\/www.gunmeplug.com\/ro\/wp-json\/wp\/v2\/product_brand?post=3144"},{"taxonomy":"product_cat","embeddable":true,"href":"https:\/\/www.gunmeplug.com\/ro\/wp-json\/wp\/v2\/product_cat?post=3144"},{"taxonomy":"product_tag","embeddable":true,"href":"https:\/\/www.gunmeplug.com\/ro\/wp-json\/wp\/v2\/product_tag?post=3144"}],"curies":[{"name":"wp","href":"https:\/\/api.w.org\/{rel}","templated":true}]}}