{"id":3117,"date":"2021-04-06T08:32:26","date_gmt":"2021-04-06T08:32:26","guid":{"rendered":"https:\/\/www.gunmeplug.com\/?post_type=product&#038;p=3117"},"modified":"2025-08-12T22:52:36","modified_gmt":"2025-08-12T22:52:36","slug":"century-arms-draco-nak9-9mm-semi-auto-ak-pistol-33rd-11-14-hg3736-n","status":"publish","type":"product","link":"https:\/\/www.gunmeplug.com\/ro\/produs\/century-arms-draco-nak9-9mm-semi-auto-ak-pistol-33rd-11-14-hg3736-n\/","title":{"rendered":"Century Arms Draco NAK9 9mm Semi-Auto AK Pistol 33rd 11.14&#8243; HG3736-N"},"content":{"rendered":"<p>Pistolul Draco NAK9 9mm AK Pistol are un receptor \u0219tampilat cu o \u0219in\u0103 pentru optic\u0103 Picatinny, filete LH de 14x1mm, montur\u0103 din lemn \u0219i suport pentru pra\u0219tie spate. Accept\u0103 \u00eenc\u0103rc\u0103toare Glock 17 \u0219i 19 \u0219i este <a href=\"https:\/\/www.gunmeplug.com\/ro\/produs\/ruger-57-5-7x28mm-pistol-16401-201-4-94\/\">compatibil<\/a> with an AKM handguard. This model has a black finish, 11.14&#8243; barrel, and comes with one 33-round magazine.<\/p>\n<p><strong>DETALII<\/strong><\/p>\n<div id=\"description\" class=\"data item content\">\n<div class=\"product attribute description\">\n<div class=\"value\">\n<p>V\u0103 rug\u0103m s\u0103 re\u021bine\u021bi: Acest articol necesit\u0103 un timp de procesare prelungit de 10 zile.<\/p>\n<p>Pistolul Draco NAK9 9mm AK Pistol are un receptor \u0219tan\u021bat cu o \u0219in\u0103 optic\u0103 Picatinny, cu filet LH de 14x1mm, <a href=\"https:\/\/en.wikipedia.org\/wiki\/Gun#Military\">lemn<\/a> forend, and rear sling mount. It accepts Glock 17 and 19 mags and is compatible with an AKM handguard. This model has a black finish, 11.14&#8243; barrel, and comes with one 33-round magazine.<\/p>\n<h3>Caracteristicile produsului:<\/h3>\n<ul class=\"disc\">\n<li>Fabricat \u00een Rom\u00e2nia<\/li>\n<li>1\/2X28 filet RH<\/li>\n<li>Receptor \u0219tampilat<\/li>\n<li>Accept\u0103 \u00eenc\u0103rc\u0103toare Glock 17 \u0219i 19.<\/li>\n<li>\u0218in\u0103 optic\u0103 Picatinny pe partea de sus a capacului de praf<\/li>\n<li>Suport pentru pra\u0219tie spate<\/li>\n<li>Compatibilitate cu garda de m\u00e2n\u0103 AKM<\/li>\n<li>Este livrat cu un \u00eenc\u0103rc\u0103tor de 33 de cartu\u0219e.<\/li>\n<\/ul>\n<\/div>\n<\/div>\n<\/div>\n<div id=\"additional\" class=\"data item content\">\n<h3 class=\"tab_content_head\">MAI MULTE INFORMA\u021aII<\/h3>\n<div class=\"additional-attributes-wrapper table-wrapper\">\n<table id=\"product-attribute-specs-table\" class=\"data table additional-attributes\">\n<caption class=\"table-caption\">Mai multe informa\u021bii<\/caption>\n<tbody>\n<tr>\n<th class=\"col label\" scope=\"row\">SKU<\/th>\n<td class=\"col data\" data-th=\"SKU\">502550764<\/td>\n<\/tr>\n<tr>\n<th class=\"col label\" scope=\"row\">UPC<\/th>\n<td class=\"col data\" data-th=\"UPC\">787450474901<\/td>\n<\/tr>\n<tr>\n<th class=\"col label\" scope=\"row\">Marca<\/th>\n<td class=\"col data\" data-th=\"Brand\">Century International Arms<\/td>\n<\/tr>\n<tr>\n<th class=\"col label\" scope=\"row\">Numele modelului<\/th>\n<td class=\"col data\" data-th=\"Model Name\">Draco NAK9<\/td>\n<\/tr>\n<tr>\n<th class=\"col label\" scope=\"row\">MPN<\/th>\n<td class=\"col data\" data-th=\"MPN\">HG3736N<\/td>\n<\/tr>\n<tr>\n<th class=\"col label\" scope=\"row\">Calibru<\/th>\n<td class=\"col data\" data-th=\"Caliber\">9mm<\/td>\n<\/tr>\n<tr>\n<th class=\"col label\" scope=\"row\">Clasa<\/th>\n<td class=\"col data\" data-th=\"Class\">Dimensiune complet\u0103<\/td>\n<\/tr>\n<tr>\n<th class=\"col label\" scope=\"row\">Capacitate<\/th>\n<td class=\"col data\" data-th=\"Capacity\">33+1<\/td>\n<\/tr>\n<tr>\n<th class=\"col label\" scope=\"row\">Lungimea \u021bevii<\/th>\n<td class=\"col data\" data-th=\"Barrel Length\">11.14&#8243;<\/td>\n<\/tr>\n<tr>\n<th class=\"col label\" scope=\"row\">Lungime<\/th>\n<td class=\"col data\" data-th=\"Length\">19.1&#8243;<\/td>\n<\/tr>\n<tr>\n<th class=\"col label\" scope=\"row\">Greutate<\/th>\n<td class=\"col data\" data-th=\"Weight\">6,38 lbs.<\/td>\n<\/tr>\n<tr>\n<th class=\"col label\" scope=\"row\">Obiective<\/th>\n<td class=\"col data\" data-th=\"Sights\">Fier<\/td>\n<\/tr>\n<tr>\n<th class=\"col label\" scope=\"row\">Grip<\/th>\n<td class=\"col data\" data-th=\"Grip\">Polimer negru<\/td>\n<\/tr>\n<tr>\n<th class=\"col label\" scope=\"row\">Declan\u0219ator<\/th>\n<td class=\"col data\" data-th=\"Trigger\">Standard<\/td>\n<\/tr>\n<tr>\n<th class=\"col label\" scope=\"row\">Siguran\u021b\u0103<\/th>\n<td class=\"col data\" data-th=\"Safety\">P\u00e2rghie<\/td>\n<\/tr>\n<tr>\n<th class=\"col label\" scope=\"row\">Finisaj<\/th>\n<td class=\"col data\" data-th=\"Finish\">Negru mat<\/td>\n<\/tr>\n<tr>\n<th class=\"col label\" scope=\"row\">Stare<\/th>\n<td class=\"col data\" data-th=\"Condition\">Nou \u00een cutie<\/td>\n<\/tr>\n<\/tbody>\n<\/table>\n<\/div>\n<\/div>","protected":false},"excerpt":{"rendered":"<p>The Draco NAK9 9mm AK Pistol features a stamped receiver with a Picatinny optics rail, 14x1mm LH threads, wood forend, and rear sling mount. It accepts Glock 17 and 19 mags and is compatible with an AKM handguard. This model has a black finish, 11.14&#8243; barrel, and comes with one 33-round magazine. DETAILS PLEASE NOTE: [&hellip;]<\/p>","protected":false},"featured_media":3119,"template":"","meta":{"_acf_changed":false,"_joinchat":[]},"product_brand":[],"product_cat":[130],"product_tag":[],"class_list":{"0":"post-3117","1":"product","2":"type-product","3":"status-publish","4":"has-post-thumbnail","6":"product_cat-handguns","8":"first","9":"instock","10":"sale","11":"featured","12":"shipping-taxable","13":"purchasable","14":"product-type-simple"},"acf":[],"yoast_head":"<!-- This site is optimized with the Yoast SEO plugin v26.3 - https:\/\/yoast.com\/wordpress\/plugins\/seo\/ -->\n<title>Draco NAK9 9mm AK Pistol - Proven Arms and Outfitters<\/title>\n<meta name=\"description\" content=\"Draco NAK9 9mm AK Pistol, Gunmeplug.com They supply Century Arms Draco NAK9 AK Pistol at affordable costs. with guarantee\" \/>\n<meta name=\"robots\" content=\"index, follow, max-snippet:-1, max-image-preview:large, max-video-preview:-1\" \/>\n<link rel=\"canonical\" href=\"https:\/\/www.gunmeplug.com\/ro\/produs\/century-arms-draco-nak9-9mm-semi-auto-ak-pistol-33rd-11-14-hg3736-n\/\" \/>\n<meta property=\"og:locale\" content=\"ro_RO\" \/>\n<meta property=\"og:type\" content=\"article\" \/>\n<meta property=\"og:title\" content=\"Draco NAK9 9mm AK Pistol - Proven Arms and Outfitters\" \/>\n<meta property=\"og:description\" content=\"Draco NAK9 9mm AK Pistol, Gunmeplug.com They supply Century Arms Draco NAK9 AK Pistol at affordable costs. with guarantee\" \/>\n<meta property=\"og:url\" content=\"https:\/\/www.gunmeplug.com\/ro\/produs\/century-arms-draco-nak9-9mm-semi-auto-ak-pistol-33rd-11-14-hg3736-n\/\" \/>\n<meta property=\"og:site_name\" content=\"Buy gun online USA\" \/>\n<meta property=\"article:modified_time\" content=\"2025-08-12T22:52:36+00:00\" \/>\n<meta property=\"og:image\" content=\"https:\/\/www.gunmeplug.com\/wp-content\/uploads\/2021\/04\/century-arms-draco-nak9-9mm-semi-auto-ak-pistol-33rd-11-14-hg3736-n.jpg\" \/>\n\t<meta property=\"og:image:width\" content=\"600\" \/>\n\t<meta property=\"og:image:height\" content=\"600\" \/>\n\t<meta property=\"og:image:type\" content=\"image\/jpeg\" \/>\n<meta name=\"twitter:card\" content=\"summary_large_image\" \/>\n<meta name=\"twitter:label1\" content=\"Timp estimat pentru citire\" \/>\n\t<meta name=\"twitter:data1\" content=\"1 minut\" \/>\n<script type=\"application\/ld+json\" class=\"yoast-schema-graph\">{\"@context\":\"https:\/\/schema.org\",\"@graph\":[{\"@type\":\"WebPage\",\"@id\":\"https:\/\/www.gunmeplug.com\/pl\/produkt\/century-arms-draco-nak9-9mm-semi-auto-ak-pistol-33rd-11-14-hg3736-n\/\",\"url\":\"https:\/\/www.gunmeplug.com\/pl\/produkt\/century-arms-draco-nak9-9mm-semi-auto-ak-pistol-33rd-11-14-hg3736-n\/\",\"name\":\"Draco NAK9 9mm AK Pistol - Proven Arms and Outfitters\",\"isPartOf\":{\"@id\":\"https:\/\/www.gunmeplug.com\/#website\"},\"primaryImageOfPage\":{\"@id\":\"https:\/\/www.gunmeplug.com\/pl\/produkt\/century-arms-draco-nak9-9mm-semi-auto-ak-pistol-33rd-11-14-hg3736-n\/#primaryimage\"},\"image\":{\"@id\":\"https:\/\/www.gunmeplug.com\/pl\/produkt\/century-arms-draco-nak9-9mm-semi-auto-ak-pistol-33rd-11-14-hg3736-n\/#primaryimage\"},\"thumbnailUrl\":\"https:\/\/www.gunmeplug.com\/wp-content\/uploads\/2021\/04\/century-arms-draco-nak9-9mm-semi-auto-ak-pistol-33rd-11-14-hg3736-n.jpg\",\"datePublished\":\"2021-04-06T08:32:26+00:00\",\"dateModified\":\"2025-08-12T22:52:36+00:00\",\"description\":\"Draco NAK9 9mm AK Pistol, Gunmeplug.com They supply Century Arms Draco NAK9 AK Pistol at affordable costs. with guarantee\",\"breadcrumb\":{\"@id\":\"https:\/\/www.gunmeplug.com\/pl\/produkt\/century-arms-draco-nak9-9mm-semi-auto-ak-pistol-33rd-11-14-hg3736-n\/#breadcrumb\"},\"inLanguage\":\"ro-RO\",\"potentialAction\":[{\"@type\":\"ReadAction\",\"target\":[\"https:\/\/www.gunmeplug.com\/pl\/produkt\/century-arms-draco-nak9-9mm-semi-auto-ak-pistol-33rd-11-14-hg3736-n\/\"]}]},{\"@type\":\"ImageObject\",\"inLanguage\":\"ro-RO\",\"@id\":\"https:\/\/www.gunmeplug.com\/pl\/produkt\/century-arms-draco-nak9-9mm-semi-auto-ak-pistol-33rd-11-14-hg3736-n\/#primaryimage\",\"url\":\"https:\/\/www.gunmeplug.com\/wp-content\/uploads\/2021\/04\/century-arms-draco-nak9-9mm-semi-auto-ak-pistol-33rd-11-14-hg3736-n.jpg\",\"contentUrl\":\"https:\/\/www.gunmeplug.com\/wp-content\/uploads\/2021\/04\/century-arms-draco-nak9-9mm-semi-auto-ak-pistol-33rd-11-14-hg3736-n.jpg\",\"width\":600,\"height\":600,\"caption\":\"Draco NAK9 9mm AK Pistol\"},{\"@type\":\"BreadcrumbList\",\"@id\":\"https:\/\/www.gunmeplug.com\/pl\/produkt\/century-arms-draco-nak9-9mm-semi-auto-ak-pistol-33rd-11-14-hg3736-n\/#breadcrumb\",\"itemListElement\":[{\"@type\":\"ListItem\",\"position\":1,\"name\":\"Home\",\"item\":\"https:\/\/www.gunmeplug.com\/es\/\"},{\"@type\":\"ListItem\",\"position\":2,\"name\":\"Shop\",\"item\":\"https:\/\/www.gunmeplug.com\/es\/shop\/\"},{\"@type\":\"ListItem\",\"position\":3,\"name\":\"Century Arms Draco NAK9 9mm Semi-Auto AK Pistol 33rd 11.14&#8243; HG3736-N\"}]},{\"@type\":\"WebSite\",\"@id\":\"https:\/\/www.gunmeplug.com\/#website\",\"url\":\"https:\/\/www.gunmeplug.com\/\",\"name\":\"Buy gun online USA\",\"description\":\"FireArms for sale online \",\"potentialAction\":[{\"@type\":\"SearchAction\",\"target\":{\"@type\":\"EntryPoint\",\"urlTemplate\":\"https:\/\/www.gunmeplug.com\/?s={search_term_string}\"},\"query-input\":{\"@type\":\"PropertyValueSpecification\",\"valueRequired\":true,\"valueName\":\"search_term_string\"}}],\"inLanguage\":\"ro-RO\"}]}<\/script>\n<!-- \/ Yoast SEO plugin. -->","yoast_head_json":{"title":"Draco NAK9 9mm AK Pistol - Proven Arms and Outfitters","description":"Draco NAK9 9mm AK Pistol, Gunmeplug.com Ei furnizeaz\u0103 Century Arms Draco NAK9 AK Pistol la costuri accesibile. cu garan\u021bie","robots":{"index":"index","follow":"follow","max-snippet":"max-snippet:-1","max-image-preview":"max-image-preview:large","max-video-preview":"max-video-preview:-1"},"canonical":"https:\/\/www.gunmeplug.com\/ro\/produs\/century-arms-draco-nak9-9mm-semi-auto-ak-pistol-33rd-11-14-hg3736-n\/","og_locale":"ro_RO","og_type":"article","og_title":"Draco NAK9 9mm AK Pistol - Proven Arms and Outfitters","og_description":"Draco NAK9 9mm AK Pistol, Gunmeplug.com They supply Century Arms Draco NAK9 AK Pistol at affordable costs. with guarantee","og_url":"https:\/\/www.gunmeplug.com\/ro\/produs\/century-arms-draco-nak9-9mm-semi-auto-ak-pistol-33rd-11-14-hg3736-n\/","og_site_name":"Buy gun online USA","article_modified_time":"2025-08-12T22:52:36+00:00","og_image":[{"width":600,"height":600,"url":"https:\/\/www.gunmeplug.com\/wp-content\/uploads\/2021\/04\/century-arms-draco-nak9-9mm-semi-auto-ak-pistol-33rd-11-14-hg3736-n.jpg","type":"image\/jpeg"}],"twitter_card":"summary_large_image","twitter_misc":{"Timp estimat pentru citire":"1 minut"},"schema":{"@context":"https:\/\/schema.org","@graph":[{"@type":"WebPage","@id":"https:\/\/www.gunmeplug.com\/pl\/produkt\/century-arms-draco-nak9-9mm-semi-auto-ak-pistol-33rd-11-14-hg3736-n\/","url":"https:\/\/www.gunmeplug.com\/pl\/produkt\/century-arms-draco-nak9-9mm-semi-auto-ak-pistol-33rd-11-14-hg3736-n\/","name":"Draco NAK9 9mm AK Pistol - Proven Arms and Outfitters","isPartOf":{"@id":"https:\/\/www.gunmeplug.com\/#website"},"primaryImageOfPage":{"@id":"https:\/\/www.gunmeplug.com\/pl\/produkt\/century-arms-draco-nak9-9mm-semi-auto-ak-pistol-33rd-11-14-hg3736-n\/#primaryimage"},"image":{"@id":"https:\/\/www.gunmeplug.com\/pl\/produkt\/century-arms-draco-nak9-9mm-semi-auto-ak-pistol-33rd-11-14-hg3736-n\/#primaryimage"},"thumbnailUrl":"https:\/\/www.gunmeplug.com\/wp-content\/uploads\/2021\/04\/century-arms-draco-nak9-9mm-semi-auto-ak-pistol-33rd-11-14-hg3736-n.jpg","datePublished":"2021-04-06T08:32:26+00:00","dateModified":"2025-08-12T22:52:36+00:00","description":"Draco NAK9 9mm AK Pistol, Gunmeplug.com Ei furnizeaz\u0103 Century Arms Draco NAK9 AK Pistol la costuri accesibile. cu garan\u021bie","breadcrumb":{"@id":"https:\/\/www.gunmeplug.com\/pl\/produkt\/century-arms-draco-nak9-9mm-semi-auto-ak-pistol-33rd-11-14-hg3736-n\/#breadcrumb"},"inLanguage":"ro-RO","potentialAction":[{"@type":"ReadAction","target":["https:\/\/www.gunmeplug.com\/pl\/produkt\/century-arms-draco-nak9-9mm-semi-auto-ak-pistol-33rd-11-14-hg3736-n\/"]}]},{"@type":"ImageObject","inLanguage":"ro-RO","@id":"https:\/\/www.gunmeplug.com\/pl\/produkt\/century-arms-draco-nak9-9mm-semi-auto-ak-pistol-33rd-11-14-hg3736-n\/#primaryimage","url":"https:\/\/www.gunmeplug.com\/wp-content\/uploads\/2021\/04\/century-arms-draco-nak9-9mm-semi-auto-ak-pistol-33rd-11-14-hg3736-n.jpg","contentUrl":"https:\/\/www.gunmeplug.com\/wp-content\/uploads\/2021\/04\/century-arms-draco-nak9-9mm-semi-auto-ak-pistol-33rd-11-14-hg3736-n.jpg","width":600,"height":600,"caption":"Draco NAK9 9mm AK Pistol"},{"@type":"BreadcrumbList","@id":"https:\/\/www.gunmeplug.com\/pl\/produkt\/century-arms-draco-nak9-9mm-semi-auto-ak-pistol-33rd-11-14-hg3736-n\/#breadcrumb","itemListElement":[{"@type":"ListItem","position":1,"name":"Home","item":"https:\/\/www.gunmeplug.com\/es\/"},{"@type":"ListItem","position":2,"name":"Shop","item":"https:\/\/www.gunmeplug.com\/es\/shop\/"},{"@type":"ListItem","position":3,"name":"Century Arms Draco NAK9 9mm Semi-Auto AK Pistol 33rd 11.14&#8243; HG3736-N"}]},{"@type":"WebSite","@id":"https:\/\/www.gunmeplug.com\/#website","url":"https:\/\/www.gunmeplug.com\/","name":"Cump\u0103ra\u021bi arm\u0103 online SUA","description":"Arme de foc de v\u00e2nzare online","potentialAction":[{"@type":"SearchAction","target":{"@type":"EntryPoint","urlTemplate":"https:\/\/www.gunmeplug.com\/?s={search_term_string}"},"query-input":{"@type":"PropertyValueSpecification","valueRequired":true,"valueName":"search_term_string"}}],"inLanguage":"ro-RO"}]}},"_links":{"self":[{"href":"https:\/\/www.gunmeplug.com\/ro\/wp-json\/wp\/v2\/product\/3117","targetHints":{"allow":["GET"]}}],"collection":[{"href":"https:\/\/www.gunmeplug.com\/ro\/wp-json\/wp\/v2\/product"}],"about":[{"href":"https:\/\/www.gunmeplug.com\/ro\/wp-json\/wp\/v2\/types\/product"}],"wp:featuredmedia":[{"embeddable":true,"href":"https:\/\/www.gunmeplug.com\/ro\/wp-json\/wp\/v2\/media\/3119"}],"wp:attachment":[{"href":"https:\/\/www.gunmeplug.com\/ro\/wp-json\/wp\/v2\/media?parent=3117"}],"wp:term":[{"taxonomy":"product_brand","embeddable":true,"href":"https:\/\/www.gunmeplug.com\/ro\/wp-json\/wp\/v2\/product_brand?post=3117"},{"taxonomy":"product_cat","embeddable":true,"href":"https:\/\/www.gunmeplug.com\/ro\/wp-json\/wp\/v2\/product_cat?post=3117"},{"taxonomy":"product_tag","embeddable":true,"href":"https:\/\/www.gunmeplug.com\/ro\/wp-json\/wp\/v2\/product_tag?post=3117"}],"curies":[{"name":"wp","href":"https:\/\/api.w.org\/{rel}","templated":true}]}}