{"id":3114,"date":"2021-04-06T08:29:42","date_gmt":"2021-04-06T08:29:42","guid":{"rendered":"https:\/\/www.gunmeplug.com\/?post_type=product&#038;p=3114"},"modified":"2025-03-07T13:19:02","modified_gmt":"2025-03-07T13:19:02","slug":"ruger-lcr-38-special-subcompact-revolver-5401","status":"publish","type":"product","link":"https:\/\/www.gunmeplug.com\/ro\/produs\/ruger-lcr-38-special-subcompact-revolver-5401\/","title":{"rendered":"Revolver Ruger LCR .38 Special Subcompact 5401"},"content":{"rendered":"<h1>Revolver Ruger LCR .38 Special Subcompact 5401<\/h1>\n<p>Buy Ruger LCR For Sale Online, Packed with the latest technological advances and features required by today&#8217;s most demanding shooters, the Ruger LCR is the evolution of the revolver. The Ruger\u00ae LCR\u00ae is a lightweight, small-frame <a href=\"https:\/\/www.gunmeplug.com\/ro\/produs\/ruger-lcr-38-special-subcompact-revolver-5401\/\">revolver<\/a> cu un tr\u0103gaci deosebit de lin \u0219i un recul extrem de u\u0219or de controlat.<\/p>\n<h2>Descriere<\/h2>\n<p>What\u2019s in the Box<\/p>\n<p>Revolver Ruger LCR<br \/>\n\u00cencuietoare pentru arme<br \/>\n(2) Chei de blocare<br \/>\nCarcasa uzat\u0103<br \/>\nInstrument de \u00eendep\u0103rtare \u0219i reglare cu laser<br \/>\nOwners Manual, Packed with the latest technological advances and features required by today\u2019s most demanding shooters, the Ruger LCR is the evolution of the revolver. The Ruger LCR is a lightweight, small-frame revolver with a uniquely <a href=\"https:\/\/en.wikipedia.org\/wiki\/Gun#Military\">neted\u0103<\/a> tr\u0103gaci \u0219i recul foarte u\u0219or de gestionat.<\/p>\n<p>Cilindrul din o\u021bel inoxidabil de \u00eenalt\u0103 rezisten\u021b\u0103 este canelat \u00een mod extensiv (reduc\u00e2nd greutatea) \u0219i are un finisaj negru diamant cu leg\u0103tur\u0103 ionic\u0103 pentru o durabilitate excelent\u0103. Cadrul monolitic, care sus\u021bine cilindrul \u0219i \u021beava, este fabricat din aluminiu de calitate aerospa\u021bial\u0103, seria 7000.<\/p>\n<p>Specifica\u021bii laser LaserMax Laser Specifica\u021bii<\/p>\n<p>Greutate: 0.5 oz.<br \/>\nLungime de und\u0103: 650 nm (ro\u0219u)<br \/>\nPutere de ie\u0219ire: 5mW<br \/>\nBaterie: 1\/3 N Litiu (1) inclus\u0103<br \/>\nDurata de via\u021b\u0103 a bateriei: Peste 5 ore<br \/>\nAjustare: Aliniat din fabric\u0103 la 10 yarzi, reglabil de c\u0103tre utilizator pentru direc\u021bia v\u00e2ntului \u0219i eleva\u021bie<br \/>\nGaran\u021bie: 5 ani, Cump\u0103ra\u021bi Ruger LCR de v\u00e2nzare online<\/p>\n<p>&nbsp;<\/p>\n<p>Specifica\u021bii pentru arme de foc, Produc\u0103tor: Ruger<br \/>\nNum\u0103r de catalog: LCR-22<br \/>\nNum\u0103r de model: 5416<br \/>\nCalibru: 22 LR<br \/>\nFinisaj: Negru mat, strat dur sinergetic negru mat<br \/>\nM\u00e2ner: Hogue Tamer Monogrip<br \/>\nVedere din fa\u021b\u0103: \u00cenlocuibil\u0103 Pinned Ramp<br \/>\nVedere din spate: U-Notch Integral<br \/>\nFinisaj cilindru: Ionbond Diamondblack<br \/>\nLungimea \u021bevii: 1.875 in<br \/>\nLungime total\u0103: 6.50 in<br \/>\n\u00cen\u0103l\u021bime: 4.50 in<br \/>\nL\u0103\u021bime: 1.28 in<br \/>\nGreutate: 14.90 oz.<br \/>\nCapacitate: 8<br \/>\nR\u0103sucirea: 1:16 RH<br \/>\nCaneluri: 6<br \/>\nCaracteristici: LaserMax Centerfire Laser<\/p>","protected":false},"excerpt":{"rendered":"<p>Specifica\u021bii pentru arme de foc, Produc\u0103tor: Ruger<br \/>\nNum\u0103r de catalog: LCR-22<br \/>\nNum\u0103r de model: 5416<br \/>\nCalibru: 22 LR<br \/>\nFinisaj: Negru mat, strat dur sinergetic negru mat<br \/>\nM\u00e2ner: Hogue Tamer Monogrip<br \/>\nVedere din fa\u021b\u0103: \u00cenlocuibil\u0103 Pinned Ramp<br \/>\nVedere din spate: U-Notch Integral<br \/>\nFinisaj cilindru: Ionbond Diamondblack<br \/>\nLungimea \u021bevii: 1.875 in<br \/>\nLungime total\u0103: 6.50 in<br \/>\n\u00cen\u0103l\u021bime: 4.50 in<br \/>\nL\u0103\u021bime: 1.28 in<br \/>\nGreutate: 14.90 oz.<br \/>\nCapacitate: 8<br \/>\nR\u0103sucirea: 1:16 RH<br \/>\nCaneluri: 6<br \/>\nCaracteristici: LaserMax Centerfire Laser<\/p>","protected":false},"featured_media":3116,"template":"","meta":{"_acf_changed":false,"_joinchat":[]},"product_brand":[],"product_cat":[130],"product_tag":[249,259,254,256,250,253,255,258,251,257,252],"class_list":{"0":"post-3114","1":"product","2":"type-product","3":"status-publish","4":"has-post-thumbnail","6":"product_cat-handguns","7":"product_tag-buy-guns-online-and-ammo","8":"product_tag-buy-guns-online-prudent","9":"product_tag-buy-ruger-22-pistols-revolvers","10":"product_tag-buy-ruger-22-semi-automatic-pistols","11":"product_tag-buy-ruger-9mm-pistols","12":"product_tag-buy-ruger-l-c-r-pistols","13":"product_tag-buy-ruger-lcr-pistols","14":"product_tag-purchase-ruger-pistols-online","15":"product_tag-ruger-22-pistols","16":"product_tag-ruger-sr-22-pistols-for-sale","17":"product_tag-ruger-22-target-pistols","19":"first","20":"instock","21":"sale","22":"featured","23":"shipping-taxable","24":"purchasable","25":"product-type-simple"},"acf":[],"yoast_head":"<!-- This site is optimized with the Yoast SEO plugin v26.3 - https:\/\/yoast.com\/wordpress\/plugins\/seo\/ -->\n<title>Buy Ruger LCR For Sale Online, Ruger lcr for sale @Gunmeplug.com<\/title>\n<meta name=\"description\" content=\"Buy Ruger LCR For Sale Online, Ruger LCR (Lightweight Carry Revolver) $459.99 \u2013 $522.99. Check out the BLACK FRIDAY PRICE\" \/>\n<meta name=\"robots\" content=\"index, follow, max-snippet:-1, max-image-preview:large, max-video-preview:-1\" \/>\n<link rel=\"canonical\" href=\"https:\/\/www.gunmeplug.com\/ro\/produs\/ruger-lcr-38-special-subcompact-revolver-5401\/\" \/>\n<meta property=\"og:locale\" content=\"ro_RO\" \/>\n<meta property=\"og:type\" content=\"article\" \/>\n<meta property=\"og:title\" content=\"Buy Ruger LCR For Sale Online, Ruger lcr for sale @Gunmeplug.com\" \/>\n<meta property=\"og:description\" content=\"Buy Ruger LCR For Sale Online, Ruger LCR (Lightweight Carry Revolver) $459.99 \u2013 $522.99. Check out the BLACK FRIDAY PRICE\" \/>\n<meta property=\"og:url\" content=\"https:\/\/www.gunmeplug.com\/ro\/produs\/ruger-lcr-38-special-subcompact-revolver-5401\/\" \/>\n<meta property=\"og:site_name\" content=\"Buy gun online USA\" \/>\n<meta property=\"article:modified_time\" content=\"2025-03-07T13:19:02+00:00\" \/>\n<meta property=\"og:image\" content=\"https:\/\/www.gunmeplug.com\/wp-content\/uploads\/2021\/04\/ruger-lcr-38-special-subcompact-revolver-5401.jpg\" \/>\n\t<meta property=\"og:image:width\" content=\"600\" \/>\n\t<meta property=\"og:image:height\" content=\"600\" \/>\n\t<meta property=\"og:image:type\" content=\"image\/jpeg\" \/>\n<meta name=\"twitter:card\" content=\"summary_large_image\" \/>\n<meta name=\"twitter:label1\" content=\"Timp estimat pentru citire\" \/>\n\t<meta name=\"twitter:data1\" content=\"2 minute\" \/>\n<script type=\"application\/ld+json\" class=\"yoast-schema-graph\">{\"@context\":\"https:\/\/schema.org\",\"@graph\":[{\"@type\":\"WebPage\",\"@id\":\"https:\/\/www.gunmeplug.com\/vi\/san-pham-2\/ruger-lcr-38-special-subcompact-revolver-5401\/\",\"url\":\"https:\/\/www.gunmeplug.com\/vi\/san-pham-2\/ruger-lcr-38-special-subcompact-revolver-5401\/\",\"name\":\"Buy Ruger LCR For Sale Online, Ruger lcr for sale @Gunmeplug.com\",\"isPartOf\":{\"@id\":\"https:\/\/www.gunmeplug.com\/#website\"},\"primaryImageOfPage\":{\"@id\":\"https:\/\/www.gunmeplug.com\/vi\/san-pham-2\/ruger-lcr-38-special-subcompact-revolver-5401\/#primaryimage\"},\"image\":{\"@id\":\"https:\/\/www.gunmeplug.com\/vi\/san-pham-2\/ruger-lcr-38-special-subcompact-revolver-5401\/#primaryimage\"},\"thumbnailUrl\":\"https:\/\/www.gunmeplug.com\/wp-content\/uploads\/2021\/04\/ruger-lcr-38-special-subcompact-revolver-5401.jpg\",\"datePublished\":\"2021-04-06T08:29:42+00:00\",\"dateModified\":\"2025-03-07T13:19:02+00:00\",\"description\":\"Buy Ruger LCR For Sale Online, Ruger LCR (Lightweight Carry Revolver) $459.99 \u2013 $522.99. Check out the BLACK FRIDAY PRICE\",\"breadcrumb\":{\"@id\":\"https:\/\/www.gunmeplug.com\/vi\/san-pham-2\/ruger-lcr-38-special-subcompact-revolver-5401\/#breadcrumb\"},\"inLanguage\":\"ro-RO\",\"potentialAction\":[{\"@type\":\"ReadAction\",\"target\":[\"https:\/\/www.gunmeplug.com\/vi\/san-pham-2\/ruger-lcr-38-special-subcompact-revolver-5401\/\"]}]},{\"@type\":\"ImageObject\",\"inLanguage\":\"ro-RO\",\"@id\":\"https:\/\/www.gunmeplug.com\/vi\/san-pham-2\/ruger-lcr-38-special-subcompact-revolver-5401\/#primaryimage\",\"url\":\"https:\/\/www.gunmeplug.com\/wp-content\/uploads\/2021\/04\/ruger-lcr-38-special-subcompact-revolver-5401.jpg\",\"contentUrl\":\"https:\/\/www.gunmeplug.com\/wp-content\/uploads\/2021\/04\/ruger-lcr-38-special-subcompact-revolver-5401.jpg\",\"width\":600,\"height\":600,\"caption\":\"Buy Ruger LCR For Sale Online\"},{\"@type\":\"BreadcrumbList\",\"@id\":\"https:\/\/www.gunmeplug.com\/vi\/san-pham-2\/ruger-lcr-38-special-subcompact-revolver-5401\/#breadcrumb\",\"itemListElement\":[{\"@type\":\"ListItem\",\"position\":1,\"name\":\"Home\",\"item\":\"https:\/\/www.gunmeplug.com\/es\/\"},{\"@type\":\"ListItem\",\"position\":2,\"name\":\"Shop\",\"item\":\"https:\/\/www.gunmeplug.com\/es\/shop\/\"},{\"@type\":\"ListItem\",\"position\":3,\"name\":\"Ruger LCR .38 Special Subcompact Revolver 5401\"}]},{\"@type\":\"WebSite\",\"@id\":\"https:\/\/www.gunmeplug.com\/#website\",\"url\":\"https:\/\/www.gunmeplug.com\/\",\"name\":\"Buy gun online USA\",\"description\":\"FireArms for sale online \",\"potentialAction\":[{\"@type\":\"SearchAction\",\"target\":{\"@type\":\"EntryPoint\",\"urlTemplate\":\"https:\/\/www.gunmeplug.com\/?s={search_term_string}\"},\"query-input\":{\"@type\":\"PropertyValueSpecification\",\"valueRequired\":true,\"valueName\":\"search_term_string\"}}],\"inLanguage\":\"ro-RO\"}]}<\/script>\n<!-- \/ Yoast SEO plugin. -->","yoast_head_json":{"title":"Cump\u0103ra\u021bi Ruger LCR de v\u00e2nzare online, Ruger lcr de v\u00e2nzare @Gunmeplug.com","description":"Buy Ruger LCR For Sale Online, Ruger LCR (Lightweight Carry Revolver) $459.99 \u2013 $522.99. Check out the BLACK FRIDAY PRICE","robots":{"index":"index","follow":"follow","max-snippet":"max-snippet:-1","max-image-preview":"max-image-preview:large","max-video-preview":"max-video-preview:-1"},"canonical":"https:\/\/www.gunmeplug.com\/ro\/produs\/ruger-lcr-38-special-subcompact-revolver-5401\/","og_locale":"ro_RO","og_type":"article","og_title":"Buy Ruger LCR For Sale Online, Ruger lcr for sale @Gunmeplug.com","og_description":"Buy Ruger LCR For Sale Online, Ruger LCR (Lightweight Carry Revolver) $459.99 \u2013 $522.99. Check out the BLACK FRIDAY PRICE","og_url":"https:\/\/www.gunmeplug.com\/ro\/produs\/ruger-lcr-38-special-subcompact-revolver-5401\/","og_site_name":"Buy gun online USA","article_modified_time":"2025-03-07T13:19:02+00:00","og_image":[{"width":600,"height":600,"url":"https:\/\/www.gunmeplug.com\/wp-content\/uploads\/2021\/04\/ruger-lcr-38-special-subcompact-revolver-5401.jpg","type":"image\/jpeg"}],"twitter_card":"summary_large_image","twitter_misc":{"Timp estimat pentru citire":"2 minute"},"schema":{"@context":"https:\/\/schema.org","@graph":[{"@type":"WebPage","@id":"https:\/\/www.gunmeplug.com\/vi\/san-pham-2\/ruger-lcr-38-special-subcompact-revolver-5401\/","url":"https:\/\/www.gunmeplug.com\/vi\/san-pham-2\/ruger-lcr-38-special-subcompact-revolver-5401\/","name":"Cump\u0103ra\u021bi Ruger LCR de v\u00e2nzare online, Ruger lcr de v\u00e2nzare @Gunmeplug.com","isPartOf":{"@id":"https:\/\/www.gunmeplug.com\/#website"},"primaryImageOfPage":{"@id":"https:\/\/www.gunmeplug.com\/vi\/san-pham-2\/ruger-lcr-38-special-subcompact-revolver-5401\/#primaryimage"},"image":{"@id":"https:\/\/www.gunmeplug.com\/vi\/san-pham-2\/ruger-lcr-38-special-subcompact-revolver-5401\/#primaryimage"},"thumbnailUrl":"https:\/\/www.gunmeplug.com\/wp-content\/uploads\/2021\/04\/ruger-lcr-38-special-subcompact-revolver-5401.jpg","datePublished":"2021-04-06T08:29:42+00:00","dateModified":"2025-03-07T13:19:02+00:00","description":"Buy Ruger LCR For Sale Online, Ruger LCR (Lightweight Carry Revolver) $459.99 \u2013 $522.99. Check out the BLACK FRIDAY PRICE","breadcrumb":{"@id":"https:\/\/www.gunmeplug.com\/vi\/san-pham-2\/ruger-lcr-38-special-subcompact-revolver-5401\/#breadcrumb"},"inLanguage":"ro-RO","potentialAction":[{"@type":"ReadAction","target":["https:\/\/www.gunmeplug.com\/vi\/san-pham-2\/ruger-lcr-38-special-subcompact-revolver-5401\/"]}]},{"@type":"ImageObject","inLanguage":"ro-RO","@id":"https:\/\/www.gunmeplug.com\/vi\/san-pham-2\/ruger-lcr-38-special-subcompact-revolver-5401\/#primaryimage","url":"https:\/\/www.gunmeplug.com\/wp-content\/uploads\/2021\/04\/ruger-lcr-38-special-subcompact-revolver-5401.jpg","contentUrl":"https:\/\/www.gunmeplug.com\/wp-content\/uploads\/2021\/04\/ruger-lcr-38-special-subcompact-revolver-5401.jpg","width":600,"height":600,"caption":"Buy Ruger LCR For Sale Online"},{"@type":"BreadcrumbList","@id":"https:\/\/www.gunmeplug.com\/vi\/san-pham-2\/ruger-lcr-38-special-subcompact-revolver-5401\/#breadcrumb","itemListElement":[{"@type":"ListItem","position":1,"name":"Home","item":"https:\/\/www.gunmeplug.com\/es\/"},{"@type":"ListItem","position":2,"name":"Shop","item":"https:\/\/www.gunmeplug.com\/es\/shop\/"},{"@type":"ListItem","position":3,"name":"Ruger LCR .38 Special Subcompact Revolver 5401"}]},{"@type":"WebSite","@id":"https:\/\/www.gunmeplug.com\/#website","url":"https:\/\/www.gunmeplug.com\/","name":"Cump\u0103ra\u021bi arm\u0103 online SUA","description":"Arme de foc de v\u00e2nzare online","potentialAction":[{"@type":"SearchAction","target":{"@type":"EntryPoint","urlTemplate":"https:\/\/www.gunmeplug.com\/?s={search_term_string}"},"query-input":{"@type":"PropertyValueSpecification","valueRequired":true,"valueName":"search_term_string"}}],"inLanguage":"ro-RO"}]}},"_links":{"self":[{"href":"https:\/\/www.gunmeplug.com\/ro\/wp-json\/wp\/v2\/product\/3114","targetHints":{"allow":["GET"]}}],"collection":[{"href":"https:\/\/www.gunmeplug.com\/ro\/wp-json\/wp\/v2\/product"}],"about":[{"href":"https:\/\/www.gunmeplug.com\/ro\/wp-json\/wp\/v2\/types\/product"}],"wp:featuredmedia":[{"embeddable":true,"href":"https:\/\/www.gunmeplug.com\/ro\/wp-json\/wp\/v2\/media\/3116"}],"wp:attachment":[{"href":"https:\/\/www.gunmeplug.com\/ro\/wp-json\/wp\/v2\/media?parent=3114"}],"wp:term":[{"taxonomy":"product_brand","embeddable":true,"href":"https:\/\/www.gunmeplug.com\/ro\/wp-json\/wp\/v2\/product_brand?post=3114"},{"taxonomy":"product_cat","embeddable":true,"href":"https:\/\/www.gunmeplug.com\/ro\/wp-json\/wp\/v2\/product_cat?post=3114"},{"taxonomy":"product_tag","embeddable":true,"href":"https:\/\/www.gunmeplug.com\/ro\/wp-json\/wp\/v2\/product_tag?post=3114"}],"curies":[{"name":"wp","href":"https:\/\/api.w.org\/{rel}","templated":true}]}}