{"id":3104,"date":"2021-04-06T08:11:01","date_gmt":"2021-04-06T08:11:01","guid":{"rendered":"https:\/\/www.gunmeplug.com\/?post_type=product&#038;p=3104"},"modified":"2024-10-27T15:12:51","modified_gmt":"2024-10-27T15:12:51","slug":"beretta-m9-a3","status":"publish","type":"product","link":"https:\/\/www.gunmeplug.com\/ro\/produs\/beretta-m9-a3\/","title":{"rendered":"BERETTA M9 A3"},"content":{"rendered":"<div class=\"woocommerce-tabs wc-tabs-wrapper\">\n<h1 role=\"tabpanel\" aria-labelledby=\"tab-title-description\">Pistol Beretta M9-A3 (9mm)<\/h1>\n<div id=\"tab-description\" class=\"woocommerce-Tabs-panel woocommerce-Tabs-panel--description panel entry-content wc-tab\" role=\"tabpanel\" aria-labelledby=\"tab-title-description\">\n<div>Beretta m9 a3 for sale used, Are you looking for a beretta m9a3 for sale, or a m9a3 beretta for sale, or a gunbroker where you can buy a beretta m9a3 for sale? Our Beretta\u00ae M9A3 Semi-Auto Pistol evolved from the M9 administration pistol to become a highly flexible strategic weapon that is now manufactured in Beretta&#8217;s Italian factory. The M9A3&#8217;s vertical hold is Vertec-style, with a vertical layout that allows the gun to point intuitively for fast goal commitment. The grip is also more thin than the previous M9, but it still uses a two-stack, high-capacity magazine. With front and tie checkering and tiny straight grip boards in FDE, the new hold configuration is back. The M9A3 employs a large slide that effectively switches from FS to G mode (security decocker or decocker-as it were). The M9A3&#8217;s front sight is dovetailed to the slide for easy replacement. The barrel is strung with a silencer and a string defender is introduced beretta m9 a3 for sale used. Reloading is sped up using a sloping magazine well. A MIL-STD-1913 rail is located on the edge of the Beretta M9A3 Semi-Auto Pistol, just in front of the trigger watchman, for the connection of secondary aftermarket strategic sights and lights. Tritium <a href=\"https:\/\/www.gunmeplug.com\/ro\/\">noapte<\/a> ofer\u0103 o achizi\u021bie rapid\u0103 a vederii \u00een orice mediu luminos. FDE este utilizat pentru carcas\u0103 <a href=\"https:\/\/en.wikipedia.org\/wiki\/Gun#Military\">diapozitiv<\/a>, \u021beava \u0219i apuc\u0103turile. M9A3 are un cadru similar cu recul scurt \u0219i recul \u00eent\u00e2rziat ca \u0219i Beretta M9 care a fost folosit \u00een conflict. Aceste pistoale cu auto\u00eenc\u0103rcare dispun de o glisier\u0103 cu partea superioar\u0103 deschis\u0103 care aproape c\u0103 elimin\u0103 lipirea \u0219i p\u00e2lnia de cuptor. Ele sunt realizate din carcase compozite din aluminiu foarte robuste \u0219i u\u0219oare, construite conform standardelor de calitate ale avioanelor.<\/div>\n<div class=\"first-sentence-half\"><\/div>\n<\/div>\n<\/div>","protected":false},"excerpt":{"rendered":"<p>Beretta M9-A3 Pistol (9mm) Beretta m9 a3 for sale used, Are you looking for a beretta m9a3 for sale, or a m9a3 beretta for sale, or a gunbroker where you can buy a beretta m9a3 for sale? Our Beretta\u00ae M9A3 Semi-Auto Pistol evolved from the M9 administration pistol to become a highly flexible strategic weapon [&hellip;]<\/p>","protected":false},"featured_media":3105,"template":"","meta":{"_acf_changed":false,"_joinchat":[]},"product_brand":[],"product_cat":[130],"product_tag":[284,285,286,287,288,289,290,291,280,292,293,294,295,296,279,297,298,277,299,300,301,302,303,304,305,306,282,307,308,309,310,311,312,313,314,315,316,317,318,319,320,321,322,323,324,325,326,327,328,278,281,283],"class_list":{"0":"post-3104","1":"product","2":"type-product","3":"status-publish","4":"has-post-thumbnail","6":"product_cat-handguns","7":"product_tag-beretta-92-m9a3","8":"product_tag-beretta-92x-vs-m9a3","9":"product_tag-beretta-m9a1-vs-m9a3","10":"product_tag-beretta-m9a3","11":"product_tag-beretta-m9a3-9mm","12":"product_tag-beretta-m9a3-accessories","13":"product_tag-beretta-m9a3-barrel","14":"product_tag-beretta-m9a3-black","15":"product_tag-beretta-m9a3-black-for-sale","16":"product_tag-beretta-m9a3-buds","17":"product_tag-beretta-m9a3-cabelas","18":"product_tag-beretta-m9a3-california","19":"product_tag-beretta-m9a3-civilian-release-date","20":"product_tag-beretta-m9a3-compensator","21":"product_tag-beretta-m9a3-cost","22":"product_tag-beretta-m9a3-custom","23":"product_tag-beretta-m9a3-discontinued","24":"product_tag-beretta-m9a3-for-sale","25":"product_tag-beretta-m9a3-for-sale-gunbroker","26":"product_tag-beretta-m9a3-for-sale-price","27":"product_tag-beretta-m9a3-for-sale-to-public","28":"product_tag-beretta-m9a3-g","29":"product_tag-beretta-m9a3-green","30":"product_tag-beretta-m9a3-grips","31":"product_tag-beretta-m9a3-holster","32":"product_tag-beretta-m9a3-holster-with-light","33":"product_tag-beretta-m9a3-in-stock","34":"product_tag-beretta-m9a3-magazine","35":"product_tag-beretta-m9a3-msrp","36":"product_tag-beretta-m9a3-non-threaded-barrel","37":"product_tag-beretta-m9a3-pistol","38":"product_tag-beretta-m9a3-price","39":"product_tag-beretta-m9a3-problems","40":"product_tag-beretta-m9a3-release-date","41":"product_tag-beretta-m9a3-review","42":"product_tag-beretta-m9a3-sale","43":"product_tag-beretta-m9a3-silencer","44":"product_tag-beretta-m9a3-slide","45":"product_tag-beretta-m9a3-specs","46":"product_tag-beretta-m9a3-suppressor","47":"product_tag-beretta-m9a3-suppressor-sights","48":"product_tag-beretta-m9a3-vs-92fs","49":"product_tag-beretta-m9a3-vs-m9a1","50":"product_tag-beretta-m9a3-vs-sig-p226","51":"product_tag-buy-beretta-m9a3","52":"product_tag-m9a3-beretta","53":"product_tag-m9a3-beretta-for-sale","54":"product_tag-m9a3-beretta-price","55":"product_tag-new-beretta-m9a3","56":"product_tag-new-beretta-m9a3-for-sale","57":"product_tag-used-beretta-m9a3-for-sale","58":"product_tag-where-to-buy-m9a3","60":"first","61":"instock","62":"shipping-taxable","63":"purchasable","64":"product-type-simple"},"acf":[],"yoast_head":"<!-- This site is optimized with the Yoast SEO plugin v26.3 - https:\/\/yoast.com\/wordpress\/plugins\/seo\/ -->\n<title>Beretta m9 a3 for sale used - Buy gun online USA<\/title>\n<meta name=\"description\" content=\"beretta m9 a3 for sale used, Beretta M9A3 For Sale - Beretta M9A3 - Guns for sale 8.10.2019 \u00b7 From $999.00. The Beretta M9A3 Semi-Auto Pistol .\" \/>\n<meta name=\"robots\" content=\"index, follow, max-snippet:-1, max-image-preview:large, max-video-preview:-1\" \/>\n<link rel=\"canonical\" href=\"https:\/\/www.gunmeplug.com\/ro\/produs\/beretta-m9-a3\/\" \/>\n<meta property=\"og:locale\" content=\"ro_RO\" \/>\n<meta property=\"og:type\" content=\"article\" \/>\n<meta property=\"og:title\" content=\"Beretta m9 a3 for sale used - Buy gun online USA\" \/>\n<meta property=\"og:description\" content=\"beretta m9 a3 for sale used, Beretta M9A3 For Sale - Beretta M9A3 - Guns for sale 8.10.2019 \u00b7 From $999.00. The Beretta M9A3 Semi-Auto Pistol .\" \/>\n<meta property=\"og:url\" content=\"https:\/\/www.gunmeplug.com\/ro\/produs\/beretta-m9-a3\/\" \/>\n<meta property=\"og:site_name\" content=\"Buy gun online USA\" \/>\n<meta property=\"article:modified_time\" content=\"2024-10-27T15:12:51+00:00\" \/>\n<meta property=\"og:image\" content=\"https:\/\/www.gunmeplug.com\/wp-content\/uploads\/2021\/04\/beretta-m9-a3.jpg\" \/>\n\t<meta property=\"og:image:width\" content=\"600\" \/>\n\t<meta property=\"og:image:height\" content=\"600\" \/>\n\t<meta property=\"og:image:type\" content=\"image\/jpeg\" \/>\n<meta name=\"twitter:card\" content=\"summary_large_image\" \/>\n<meta name=\"twitter:label1\" content=\"Timp estimat pentru citire\" \/>\n\t<meta name=\"twitter:data1\" content=\"2 minute\" \/>\n<script type=\"application\/ld+json\" class=\"yoast-schema-graph\">{\"@context\":\"https:\/\/schema.org\",\"@graph\":[{\"@type\":\"WebPage\",\"@id\":\"https:\/\/www.gunmeplug.com\/es\/producto\/beretta-m9-a3\/\",\"url\":\"https:\/\/www.gunmeplug.com\/es\/producto\/beretta-m9-a3\/\",\"name\":\"Beretta m9 a3 for sale used - Buy gun online USA\",\"isPartOf\":{\"@id\":\"https:\/\/www.gunmeplug.com\/#website\"},\"primaryImageOfPage\":{\"@id\":\"https:\/\/www.gunmeplug.com\/es\/producto\/beretta-m9-a3\/#primaryimage\"},\"image\":{\"@id\":\"https:\/\/www.gunmeplug.com\/es\/producto\/beretta-m9-a3\/#primaryimage\"},\"thumbnailUrl\":\"https:\/\/www.gunmeplug.com\/wp-content\/uploads\/2021\/04\/beretta-m9-a3.jpg\",\"datePublished\":\"2021-04-06T08:11:01+00:00\",\"dateModified\":\"2024-10-27T15:12:51+00:00\",\"description\":\"beretta m9 a3 for sale used, Beretta M9A3 For Sale - Beretta M9A3 - Guns for sale 8.10.2019 \u00b7 From $999.00. The Beretta M9A3 Semi-Auto Pistol .\",\"breadcrumb\":{\"@id\":\"https:\/\/www.gunmeplug.com\/es\/producto\/beretta-m9-a3\/#breadcrumb\"},\"inLanguage\":\"ro-RO\",\"potentialAction\":[{\"@type\":\"ReadAction\",\"target\":[\"https:\/\/www.gunmeplug.com\/es\/producto\/beretta-m9-a3\/\"]}]},{\"@type\":\"ImageObject\",\"inLanguage\":\"ro-RO\",\"@id\":\"https:\/\/www.gunmeplug.com\/es\/producto\/beretta-m9-a3\/#primaryimage\",\"url\":\"https:\/\/www.gunmeplug.com\/wp-content\/uploads\/2021\/04\/beretta-m9-a3.jpg\",\"contentUrl\":\"https:\/\/www.gunmeplug.com\/wp-content\/uploads\/2021\/04\/beretta-m9-a3.jpg\",\"width\":600,\"height\":600,\"caption\":\"beretta m9 a3 for sale used\"},{\"@type\":\"BreadcrumbList\",\"@id\":\"https:\/\/www.gunmeplug.com\/es\/producto\/beretta-m9-a3\/#breadcrumb\",\"itemListElement\":[{\"@type\":\"ListItem\",\"position\":1,\"name\":\"Home\",\"item\":\"https:\/\/www.gunmeplug.com\/es\/\"},{\"@type\":\"ListItem\",\"position\":2,\"name\":\"Shop\",\"item\":\"https:\/\/www.gunmeplug.com\/es\/shop\/\"},{\"@type\":\"ListItem\",\"position\":3,\"name\":\"BERETTA M9 A3\"}]},{\"@type\":\"WebSite\",\"@id\":\"https:\/\/www.gunmeplug.com\/#website\",\"url\":\"https:\/\/www.gunmeplug.com\/\",\"name\":\"Buy gun online USA\",\"description\":\"FireArms for sale online \",\"potentialAction\":[{\"@type\":\"SearchAction\",\"target\":{\"@type\":\"EntryPoint\",\"urlTemplate\":\"https:\/\/www.gunmeplug.com\/?s={search_term_string}\"},\"query-input\":{\"@type\":\"PropertyValueSpecification\",\"valueRequired\":true,\"valueName\":\"search_term_string\"}}],\"inLanguage\":\"ro-RO\"}]}<\/script>\n<!-- \/ Yoast SEO plugin. -->","yoast_head_json":{"title":"Beretta m9 a3 de v\u00e2nzare - Cump\u0103ra\u021bi o arm\u0103 online \u00een SUA","description":"beretta m9 a3 de v\u00e2nzare second hand, Beretta M9A3 de v\u00e2nzare - Beretta M9A3 - Arme de v\u00e2nzare 8.10.2019 - De la $999.00. Pistol semi-automat Beretta M9A3 .","robots":{"index":"index","follow":"follow","max-snippet":"max-snippet:-1","max-image-preview":"max-image-preview:large","max-video-preview":"max-video-preview:-1"},"canonical":"https:\/\/www.gunmeplug.com\/ro\/produs\/beretta-m9-a3\/","og_locale":"ro_RO","og_type":"article","og_title":"Beretta m9 a3 for sale used - Buy gun online USA","og_description":"beretta m9 a3 for sale used, Beretta M9A3 For Sale - Beretta M9A3 - Guns for sale 8.10.2019 \u00b7 From $999.00. The Beretta M9A3 Semi-Auto Pistol .","og_url":"https:\/\/www.gunmeplug.com\/ro\/produs\/beretta-m9-a3\/","og_site_name":"Buy gun online USA","article_modified_time":"2024-10-27T15:12:51+00:00","og_image":[{"width":600,"height":600,"url":"https:\/\/www.gunmeplug.com\/wp-content\/uploads\/2021\/04\/beretta-m9-a3.jpg","type":"image\/jpeg"}],"twitter_card":"summary_large_image","twitter_misc":{"Timp estimat pentru citire":"2 minute"},"schema":{"@context":"https:\/\/schema.org","@graph":[{"@type":"WebPage","@id":"https:\/\/www.gunmeplug.com\/es\/producto\/beretta-m9-a3\/","url":"https:\/\/www.gunmeplug.com\/es\/producto\/beretta-m9-a3\/","name":"Beretta m9 a3 de v\u00e2nzare - Cump\u0103ra\u021bi o arm\u0103 online \u00een SUA","isPartOf":{"@id":"https:\/\/www.gunmeplug.com\/#website"},"primaryImageOfPage":{"@id":"https:\/\/www.gunmeplug.com\/es\/producto\/beretta-m9-a3\/#primaryimage"},"image":{"@id":"https:\/\/www.gunmeplug.com\/es\/producto\/beretta-m9-a3\/#primaryimage"},"thumbnailUrl":"https:\/\/www.gunmeplug.com\/wp-content\/uploads\/2021\/04\/beretta-m9-a3.jpg","datePublished":"2021-04-06T08:11:01+00:00","dateModified":"2024-10-27T15:12:51+00:00","description":"beretta m9 a3 de v\u00e2nzare second hand, Beretta M9A3 de v\u00e2nzare - Beretta M9A3 - Arme de v\u00e2nzare 8.10.2019 - De la $999.00. Pistol semi-automat Beretta M9A3 .","breadcrumb":{"@id":"https:\/\/www.gunmeplug.com\/es\/producto\/beretta-m9-a3\/#breadcrumb"},"inLanguage":"ro-RO","potentialAction":[{"@type":"ReadAction","target":["https:\/\/www.gunmeplug.com\/es\/producto\/beretta-m9-a3\/"]}]},{"@type":"ImageObject","inLanguage":"ro-RO","@id":"https:\/\/www.gunmeplug.com\/es\/producto\/beretta-m9-a3\/#primaryimage","url":"https:\/\/www.gunmeplug.com\/wp-content\/uploads\/2021\/04\/beretta-m9-a3.jpg","contentUrl":"https:\/\/www.gunmeplug.com\/wp-content\/uploads\/2021\/04\/beretta-m9-a3.jpg","width":600,"height":600,"caption":"beretta m9 a3 for sale used"},{"@type":"BreadcrumbList","@id":"https:\/\/www.gunmeplug.com\/es\/producto\/beretta-m9-a3\/#breadcrumb","itemListElement":[{"@type":"ListItem","position":1,"name":"Home","item":"https:\/\/www.gunmeplug.com\/es\/"},{"@type":"ListItem","position":2,"name":"Shop","item":"https:\/\/www.gunmeplug.com\/es\/shop\/"},{"@type":"ListItem","position":3,"name":"BERETTA M9 A3"}]},{"@type":"WebSite","@id":"https:\/\/www.gunmeplug.com\/#website","url":"https:\/\/www.gunmeplug.com\/","name":"Cump\u0103ra\u021bi arm\u0103 online SUA","description":"Arme de foc de v\u00e2nzare online","potentialAction":[{"@type":"SearchAction","target":{"@type":"EntryPoint","urlTemplate":"https:\/\/www.gunmeplug.com\/?s={search_term_string}"},"query-input":{"@type":"PropertyValueSpecification","valueRequired":true,"valueName":"search_term_string"}}],"inLanguage":"ro-RO"}]}},"_links":{"self":[{"href":"https:\/\/www.gunmeplug.com\/ro\/wp-json\/wp\/v2\/product\/3104","targetHints":{"allow":["GET"]}}],"collection":[{"href":"https:\/\/www.gunmeplug.com\/ro\/wp-json\/wp\/v2\/product"}],"about":[{"href":"https:\/\/www.gunmeplug.com\/ro\/wp-json\/wp\/v2\/types\/product"}],"wp:featuredmedia":[{"embeddable":true,"href":"https:\/\/www.gunmeplug.com\/ro\/wp-json\/wp\/v2\/media\/3105"}],"wp:attachment":[{"href":"https:\/\/www.gunmeplug.com\/ro\/wp-json\/wp\/v2\/media?parent=3104"}],"wp:term":[{"taxonomy":"product_brand","embeddable":true,"href":"https:\/\/www.gunmeplug.com\/ro\/wp-json\/wp\/v2\/product_brand?post=3104"},{"taxonomy":"product_cat","embeddable":true,"href":"https:\/\/www.gunmeplug.com\/ro\/wp-json\/wp\/v2\/product_cat?post=3104"},{"taxonomy":"product_tag","embeddable":true,"href":"https:\/\/www.gunmeplug.com\/ro\/wp-json\/wp\/v2\/product_tag?post=3104"}],"curies":[{"name":"wp","href":"https:\/\/api.w.org\/{rel}","templated":true}]}}