{"id":3917,"date":"2024-11-23T13:30:52","date_gmt":"2024-11-23T13:30:52","guid":{"rendered":"https:\/\/www.gunmeplug.com\/?page_id=3917"},"modified":"2024-11-23T13:39:15","modified_gmt":"2024-11-23T13:39:15","slug":"gun-license-certifficate-2","status":"publish","type":"page","link":"https:\/\/www.gunmeplug.com\/ro\/gun-license-certifficate-2\/","title":{"rendered":"Permis\/certificat de arm\u0103"},"content":{"rendered":"<div class=\"entry-content\">\n<h2><strong>Aplica\u021bi pentru permisul de arm\u0103 sau certificatul de arm\u0103 de foc online cu GunMePlug<\/strong><\/h2>\n<p>Privind la <strong>solicita\u021bi un permis de port-arm\u0103<\/strong> sau \u00eentreb\u00e2ndu-m\u0103 <strong>cum s\u0103 ob\u021bine\u021bi un permis de port-arm\u0103<\/strong>? La <strong>GunMePlug<\/strong>, ne specializ\u0103m \u00een <strong>cereri de permis de port-arm\u0103<\/strong>, facilit\u00e2nd accesul clien\u021bilor din \u00eentreaga <strong>\u021a\u0103rile vorbitoare de limb\u0103 spaniol\u0103<\/strong> ca <strong>Spania<\/strong>, <strong>Ecuador<\/strong>, <strong>Mexic<\/strong>, \u0219i <strong>Argentina<\/strong>, precum \u0219i la nivel global, inclusiv <strong>Statele Unite ale Americii<\/strong>, <strong>Canada<\/strong>, <strong>\u021a\u0103rile de Jos<\/strong>, <strong>Italia<\/strong>, <strong>Finlanda<\/strong>, \u0219i <strong>Elve\u021bia<\/strong>. Fie c\u0103 ave\u021bi nevoie de un <strong>re\u00eennoirea permisului de port-arm\u0103<\/strong>, ajutor cu <strong>certificate pentru arme de foc de v\u00e2nzare<\/strong>, sau orient\u0103ri cu privire la <strong>procesul de \u00eenregistrare a permisului de port-arm\u0103<\/strong>, we\u2019re here to ensure <strong>aprobarea rapid\u0103 a permiselor de port-arm\u0103<\/strong> \u0219i respectarea deplin\u0103 a <strong>criterii de eligibilitate pentru permisul de port-arm\u0103<\/strong> \u00een regiunea dumneavoastr\u0103<a href=\"https:\/\/www.gunmeplug.com\/ro\/produs-categorie-2\/pistoale-de-mana\/?customize_changeset_uuid=201d7490-f44e-4543-a95d-bb79b147a755&amp;customize_autosaved=on&amp;customize_messenger_channel=preview-4\">.<\/a><\/p>\n<h3><strong>Servicii de permise de port-arm\u0103 pentru \u021b\u0103rile vorbitoare de limb\u0103 spaniol\u0103<\/strong><\/h3>\n<h4><strong>Spania<\/strong><\/h4>\n<p>Pentru cump\u0103r\u0103torii din Spania, permisele de arm\u0103 de foc sunt necesare pentru <strong>v\u00e2n\u0103toare<\/strong>, <strong>tragere la \u021bint\u0103<\/strong>, \u0219i <strong>autoap\u0103rare<\/strong>. GunMePlug ofer\u0103 suport pentru <strong>procesul de \u00eenregistrare a permisului de port-arm\u0103<\/strong>, asigur\u00e2ndu-v\u0103 c\u0103 \u00eendeplini\u021bi toate <strong>criterii de eligibilitate pentru permisul de port-arm\u0103<\/strong> \u0219i ghid\u00e2ndu-v\u0103 prin <strong>cum se re\u00eennoiesc certificatele de arm\u0103 de foc<\/strong> atunci c\u00e2nd este necesar<a class=\"customize-unpreviewable\" href=\"https:\/\/factoryson.com\/product-category\/caluanie\/\">.<\/a><\/p>\n<h4><strong>Ecuador<\/strong><\/h4>\n<p>\u00cen Ecuador, solicitan\u021bii au nevoie de un <strong>permis de port-arm\u0103 pentru autoap\u0103rare<\/strong> sau de protec\u021bie personal\u0103, care necesit\u0103 evalu\u0103ri psihologice \u0219i verific\u0103ri ale antecedentelor. GunMePlug asigur\u0103 o <strong>proces securizat de autorizare a armelor de foc<\/strong> \u0219i v\u0103 ajut\u0103 s\u0103 ob\u021bine\u021bi <strong>aprobarea rapid\u0103 a permiselor de port-arm\u0103<\/strong> at\u00e2t pentru cererile noi, c\u00e2t \u0219i pentru re\u00eennoiri.<\/p>\n<h4><strong>Mexic<\/strong><\/h4>\n<p>Mexicul aplic\u0103 reglement\u0103ri stricte pentru <strong>certificate de arm\u0103 de foc pentru v\u00e2n\u0103toare<\/strong> \u0219i <strong>permise de protec\u021bie personal\u0103<\/strong>. GunMePlug simplific\u0103 <strong>cerere de permis de port-arm\u0103<\/strong> furniz\u00e2nd sprijin pentru <strong>re\u00eennoirea permisului de port-arm\u0103<\/strong> \u0219i verificarea documentelor.<\/p>\n<h4><strong>Argentina<\/strong><\/h4>\n<p>Argentina impune \u00eenregistrarea la RENAR (Registro Nacional de Armas) pentru <strong>permise de arm\u0103 pentru v\u00e2n\u0103toare<\/strong> \u0219i <strong>fotografiere sportiv\u0103<\/strong>. GunMePlug faciliteaz\u0103 <strong>procesul de verificare a permisului de port-arm\u0103<\/strong>, ajut\u00e2ndu-v\u0103 s\u0103 respecta\u021bi legile locale \u0219i s\u0103 v\u0103 finaliza\u021bi <strong>cerere de certificat de arm\u0103 de foc<\/strong> cu u\u0219urin\u021b\u0103.<\/p>\n<h3><strong>De ce s\u0103 alege\u021bi GunMePlug pentru permisul dumneavoastr\u0103 de arm\u0103 de foc?<\/strong><\/h3>\n<p>La GunMePlug, lucr\u0103m cu <strong>furnizori de \u00eencredere pentru certificate de arm\u0103 de foc<\/strong> \u0219i ofer\u0103 o <strong>proces securizat de autorizare a armelor de foc<\/strong> pentru clien\u021bi din \u00eentreaga lume. Serviciile noastre includ asisten\u021b\u0103 pentru <strong>cereri online de certificate de arm\u0103 de foc<\/strong> pentru o procesare rapid\u0103 \u0219i fiabil\u0103, suport pentru <strong>cum se re\u00eennoiesc certificatele de arm\u0103 de foc<\/strong>, asigur\u00e2nd conformitatea \u0219i re\u00eennoirile rapide, transparente <strong>taxe de solicitare a permisului de port-arm\u0103<\/strong>, astfel \u00eenc\u00e2t s\u0103 \u0219ti\u021bi \u00eentotdeauna la ce s\u0103 v\u0103 a\u0219tepta\u021bi, \u0219i orientare prin <strong>procesul de verificare a permisului de port-arm\u0103<\/strong> at\u00e2t pentru licen\u021bele noi, c\u00e2t \u0219i pentru cele existente.<\/p>\n<h3><strong>Cum s\u0103 v\u0103 \u00eencepe\u021bi cererea<\/strong><\/h3>\n<p>Pentru a v\u0103 \u00eencepe <strong>cerere de permis de port-arm\u0103<\/strong>, completa\u021bi formularul nostru <strong>cerere online de certificat de arm\u0103 de foc<\/strong> form and provide the required details. We\u2019ll assist you in meeting the specific <strong>criterii de eligibilitate pentru permisul de port-arm\u0103<\/strong> for your country. Whether you\u2019re applying for a <strong>permis de port-arm\u0103 \u00een Spania<\/strong>, a <strong>permis de autoap\u0103rare \u00een Ecuador<\/strong>, sau o <strong>permis de v\u00e2n\u0103toare \u00een Argentina<\/strong>, GunMePlug este aici pentru a asigura succesul.<\/p>\n<h3><strong>\u00cencepe\u021bi ast\u0103zi cererea de permis de port-arm\u0103<\/strong><\/h3>\n<p>Don\u2019t let complex regulations and paperwork slow you down. At GunMePlug, we prioritize efficiency, reliability, and compliance for firearm licensing in <strong>\u021a\u0103rile vorbitoare de limb\u0103 spaniol\u0103<\/strong> ca <strong>Spania<\/strong>, <strong>Ecuador<\/strong>, <strong>Mexic<\/strong>, \u0219i <strong>Argentina<\/strong>, precum \u0219i la nivel mondial. \u00cencepe\u021bi <strong>procesul de \u00eenregistrare a permisului de port-arm\u0103<\/strong> ast\u0103zi \u0219i experimenta\u021bi <strong>aprobarea rapid\u0103 a permiselor de port-arm\u0103<\/strong> cu GunMePlug. Face\u021bi primul pas acum \u0219i ave\u021bi \u00eencredere \u00een noi pentru toate nevoile dvs. de certificate pentru arme de foc!<\/p>\n<\/div>","protected":false},"excerpt":{"rendered":"<p>Apply for Your Gun License or Firearm Certificate Online with GunMePlug Looking to apply for a gun license or wondering how to get a gun license? At GunMePlug, we specialize in firearm license applications, making it simple for clients across Spanish-speaking countries like Spain, Ecuador, Mexico, and Argentina, as well as globally, including the United [&hellip;]<\/p>","protected":false},"author":1,"featured_media":3915,"parent":0,"menu_order":0,"comment_status":"closed","ping_status":"closed","template":"","meta":{"_acf_changed":false,"_joinchat":[],"footnotes":""},"class_list":["post-3917","page","type-page","status-publish","has-post-thumbnail","hentry"],"acf":[],"yoast_head":"<!-- This site is optimized with the Yoast SEO plugin v26.3 - https:\/\/yoast.com\/wordpress\/plugins\/seo\/ -->\n<title>Apply for Your Gun License or Firearm Certificate | GunMePlug<\/title>\n<meta name=\"description\" content=\"Simplify your gun license application with GunMePlug. Get fast approvals, renewals, and firearm certificates for self-defense, hunting, or sports shooting. Apply today!\" \/>\n<meta name=\"robots\" content=\"index, follow, max-snippet:-1, max-image-preview:large, max-video-preview:-1\" \/>\n<link rel=\"canonical\" href=\"https:\/\/www.gunmeplug.com\/ro\/gun-license-certifficate-2\/\" \/>\n<meta property=\"og:locale\" content=\"ro_RO\" \/>\n<meta property=\"og:type\" content=\"article\" \/>\n<meta property=\"og:title\" content=\"Apply for Your Gun License or Firearm Certificate | GunMePlug\" \/>\n<meta property=\"og:description\" content=\"Simplify your gun license application with GunMePlug. Get fast approvals, renewals, and firearm certificates for self-defense, hunting, or sports shooting. Apply today!\" \/>\n<meta property=\"og:url\" content=\"https:\/\/www.gunmeplug.com\/ro\/gun-license-certifficate-2\/\" \/>\n<meta property=\"og:site_name\" content=\"Buy gun online USA\" \/>\n<meta property=\"article:modified_time\" content=\"2024-11-23T13:39:15+00:00\" \/>\n<meta property=\"og:image\" content=\"https:\/\/www.gunmeplug.com\/wp-content\/uploads\/2024\/11\/large.png\" \/>\n\t<meta property=\"og:image:width\" content=\"770\" \/>\n\t<meta property=\"og:image:height\" content=\"1024\" \/>\n\t<meta property=\"og:image:type\" content=\"image\/png\" \/>\n<meta name=\"twitter:card\" content=\"summary_large_image\" \/>\n<meta name=\"twitter:label1\" content=\"Timp estimat pentru citire\" \/>\n\t<meta name=\"twitter:data1\" content=\"3 minute\" \/>\n<script type=\"application\/ld+json\" class=\"yoast-schema-graph\">{\"@context\":\"https:\/\/schema.org\",\"@graph\":[{\"@type\":\"WebPage\",\"@id\":\"https:\/\/www.gunmeplug.com\/es\/certificado-de-licencia-de-armas-2\/\",\"url\":\"https:\/\/www.gunmeplug.com\/es\/certificado-de-licencia-de-armas-2\/\",\"name\":\"Apply for Your Gun License or Firearm Certificate | GunMePlug\",\"isPartOf\":{\"@id\":\"https:\/\/www.gunmeplug.com\/#website\"},\"primaryImageOfPage\":{\"@id\":\"https:\/\/www.gunmeplug.com\/es\/certificado-de-licencia-de-armas-2\/#primaryimage\"},\"image\":{\"@id\":\"https:\/\/www.gunmeplug.com\/es\/certificado-de-licencia-de-armas-2\/#primaryimage\"},\"thumbnailUrl\":\"https:\/\/www.gunmeplug.com\/wp-content\/uploads\/2024\/11\/large.png\",\"datePublished\":\"2024-11-23T13:30:52+00:00\",\"dateModified\":\"2024-11-23T13:39:15+00:00\",\"description\":\"Simplify your gun license application with GunMePlug. Get fast approvals, renewals, and firearm certificates for self-defense, hunting, or sports shooting. Apply today!\",\"breadcrumb\":{\"@id\":\"https:\/\/www.gunmeplug.com\/es\/certificado-de-licencia-de-armas-2\/#breadcrumb\"},\"inLanguage\":\"ro-RO\",\"potentialAction\":[{\"@type\":\"ReadAction\",\"target\":[\"https:\/\/www.gunmeplug.com\/es\/certificado-de-licencia-de-armas-2\/\"]}]},{\"@type\":\"ImageObject\",\"inLanguage\":\"ro-RO\",\"@id\":\"https:\/\/www.gunmeplug.com\/es\/certificado-de-licencia-de-armas-2\/#primaryimage\",\"url\":\"https:\/\/www.gunmeplug.com\/wp-content\/uploads\/2024\/11\/large.png\",\"contentUrl\":\"https:\/\/www.gunmeplug.com\/wp-content\/uploads\/2024\/11\/large.png\",\"width\":770,\"height\":1024,\"caption\":\"Gun license application\"},{\"@type\":\"BreadcrumbList\",\"@id\":\"https:\/\/www.gunmeplug.com\/es\/certificado-de-licencia-de-armas-2\/#breadcrumb\",\"itemListElement\":[{\"@type\":\"ListItem\",\"position\":1,\"name\":\"Home\",\"item\":\"https:\/\/www.gunmeplug.com\/es\/\"},{\"@type\":\"ListItem\",\"position\":2,\"name\":\"Gun License\/ Certifficate\"}]},{\"@type\":\"WebSite\",\"@id\":\"https:\/\/www.gunmeplug.com\/#website\",\"url\":\"https:\/\/www.gunmeplug.com\/\",\"name\":\"Buy gun online USA\",\"description\":\"FireArms for sale online \",\"potentialAction\":[{\"@type\":\"SearchAction\",\"target\":{\"@type\":\"EntryPoint\",\"urlTemplate\":\"https:\/\/www.gunmeplug.com\/?s={search_term_string}\"},\"query-input\":{\"@type\":\"PropertyValueSpecification\",\"valueRequired\":true,\"valueName\":\"search_term_string\"}}],\"inLanguage\":\"ro-RO\"}]}<\/script>\n<!-- \/ Yoast SEO plugin. -->","yoast_head_json":{"title":"Aplica\u021bi pentru permisul de arm\u0103 sau certificatul de arm\u0103 de foc | GunMePlug","description":"Simplifica\u021bi-v\u0103 cererea de permis de port-arm\u0103 cu GunMePlug. Ob\u021bine\u021bi rapid aprob\u0103ri, re\u00eennoiri \u0219i certificate pentru arme de foc pentru autoap\u0103rare, v\u00e2n\u0103toare sau tir sportiv. Aplica\u021bi ast\u0103zi!","robots":{"index":"index","follow":"follow","max-snippet":"max-snippet:-1","max-image-preview":"max-image-preview:large","max-video-preview":"max-video-preview:-1"},"canonical":"https:\/\/www.gunmeplug.com\/ro\/gun-license-certifficate-2\/","og_locale":"ro_RO","og_type":"article","og_title":"Apply for Your Gun License or Firearm Certificate | GunMePlug","og_description":"Simplify your gun license application with GunMePlug. Get fast approvals, renewals, and firearm certificates for self-defense, hunting, or sports shooting. Apply today!","og_url":"https:\/\/www.gunmeplug.com\/ro\/gun-license-certifficate-2\/","og_site_name":"Buy gun online USA","article_modified_time":"2024-11-23T13:39:15+00:00","og_image":[{"width":770,"height":1024,"url":"https:\/\/www.gunmeplug.com\/wp-content\/uploads\/2024\/11\/large.png","type":"image\/png"}],"twitter_card":"summary_large_image","twitter_misc":{"Timp estimat pentru citire":"3 minute"},"schema":{"@context":"https:\/\/schema.org","@graph":[{"@type":"WebPage","@id":"https:\/\/www.gunmeplug.com\/es\/certificado-de-licencia-de-armas-2\/","url":"https:\/\/www.gunmeplug.com\/es\/certificado-de-licencia-de-armas-2\/","name":"Aplica\u021bi pentru permisul de arm\u0103 sau certificatul de arm\u0103 de foc | GunMePlug","isPartOf":{"@id":"https:\/\/www.gunmeplug.com\/#website"},"primaryImageOfPage":{"@id":"https:\/\/www.gunmeplug.com\/es\/certificado-de-licencia-de-armas-2\/#primaryimage"},"image":{"@id":"https:\/\/www.gunmeplug.com\/es\/certificado-de-licencia-de-armas-2\/#primaryimage"},"thumbnailUrl":"https:\/\/www.gunmeplug.com\/wp-content\/uploads\/2024\/11\/large.png","datePublished":"2024-11-23T13:30:52+00:00","dateModified":"2024-11-23T13:39:15+00:00","description":"Simplifica\u021bi-v\u0103 cererea de permis de port-arm\u0103 cu GunMePlug. Ob\u021bine\u021bi rapid aprob\u0103ri, re\u00eennoiri \u0219i certificate pentru arme de foc pentru autoap\u0103rare, v\u00e2n\u0103toare sau tir sportiv. Aplica\u021bi ast\u0103zi!","breadcrumb":{"@id":"https:\/\/www.gunmeplug.com\/es\/certificado-de-licencia-de-armas-2\/#breadcrumb"},"inLanguage":"ro-RO","potentialAction":[{"@type":"ReadAction","target":["https:\/\/www.gunmeplug.com\/es\/certificado-de-licencia-de-armas-2\/"]}]},{"@type":"ImageObject","inLanguage":"ro-RO","@id":"https:\/\/www.gunmeplug.com\/es\/certificado-de-licencia-de-armas-2\/#primaryimage","url":"https:\/\/www.gunmeplug.com\/wp-content\/uploads\/2024\/11\/large.png","contentUrl":"https:\/\/www.gunmeplug.com\/wp-content\/uploads\/2024\/11\/large.png","width":770,"height":1024,"caption":"Gun license application"},{"@type":"BreadcrumbList","@id":"https:\/\/www.gunmeplug.com\/es\/certificado-de-licencia-de-armas-2\/#breadcrumb","itemListElement":[{"@type":"ListItem","position":1,"name":"Home","item":"https:\/\/www.gunmeplug.com\/es\/"},{"@type":"ListItem","position":2,"name":"Gun License\/ Certifficate"}]},{"@type":"WebSite","@id":"https:\/\/www.gunmeplug.com\/#website","url":"https:\/\/www.gunmeplug.com\/","name":"Cump\u0103ra\u021bi arm\u0103 online SUA","description":"Arme de foc de v\u00e2nzare online","potentialAction":[{"@type":"SearchAction","target":{"@type":"EntryPoint","urlTemplate":"https:\/\/www.gunmeplug.com\/?s={search_term_string}"},"query-input":{"@type":"PropertyValueSpecification","valueRequired":true,"valueName":"search_term_string"}}],"inLanguage":"ro-RO"}]}},"_links":{"self":[{"href":"https:\/\/www.gunmeplug.com\/ro\/wp-json\/wp\/v2\/pages\/3917","targetHints":{"allow":["GET"]}}],"collection":[{"href":"https:\/\/www.gunmeplug.com\/ro\/wp-json\/wp\/v2\/pages"}],"about":[{"href":"https:\/\/www.gunmeplug.com\/ro\/wp-json\/wp\/v2\/types\/page"}],"author":[{"embeddable":true,"href":"https:\/\/www.gunmeplug.com\/ro\/wp-json\/wp\/v2\/users\/1"}],"replies":[{"embeddable":true,"href":"https:\/\/www.gunmeplug.com\/ro\/wp-json\/wp\/v2\/comments?post=3917"}],"version-history":[{"count":3,"href":"https:\/\/www.gunmeplug.com\/ro\/wp-json\/wp\/v2\/pages\/3917\/revisions"}],"predecessor-version":[{"id":3923,"href":"https:\/\/www.gunmeplug.com\/ro\/wp-json\/wp\/v2\/pages\/3917\/revisions\/3923"}],"wp:featuredmedia":[{"embeddable":true,"href":"https:\/\/www.gunmeplug.com\/ro\/wp-json\/wp\/v2\/media\/3915"}],"wp:attachment":[{"href":"https:\/\/www.gunmeplug.com\/ro\/wp-json\/wp\/v2\/media?parent=3917"}],"curies":[{"name":"wp","href":"https:\/\/api.w.org\/{rel}","templated":true}]}}