{"id":3229,"date":"2021-11-05T17:23:33","date_gmt":"2021-11-05T17:23:33","guid":{"rendered":"https:\/\/www.gunmeplug.com\/?page_id=3229"},"modified":"2023-05-03T10:02:34","modified_gmt":"2023-05-03T10:02:34","slug":"restituiri_retururi","status":"publish","type":"page","link":"https:\/\/www.gunmeplug.com\/ro\/restituiri_retururi\/","title":{"rendered":"Politica de rambursare \u0219i returnare"},"content":{"rendered":"<div class=\"vc_row wpb_row vc_row-fluid\"><div class=\"wpb_column vc_column_container vc_col-sm-12\"><div class=\"vc_column-inner\"><div class=\"wpb_wrapper\">\n\t<div class=\"wpb_text_column wpb_content_element\" >\n\t\t<div class=\"wpb_wrapper\">\n\t\t\t<p style=\"text-align: justify;\">V\u0103 mul\u021bumim c\u0103 a\u021bi ales Gunmeplug.com pentru nevoile dvs. de arme de foc. \u00cen\u021belegem c\u0103 uneori pot fi necesare retururi\/schimburi sau anul\u0103ri \u0219i dorim s\u0103 ne asigur\u0103m c\u0103 procesul este c\u00e2t mai u\u0219or posibil.<\/p>\n<p style=\"text-align: justify;\"><strong>Schimburile<\/strong>:<\/p>\n<p style=\"text-align: justify;\">Dac\u0103 a\u021bi primit un articol deteriorat sau defect, \u00eel vom schimba cu pl\u0103cere cu unul nou. Pentru a ini\u021bia un schimb, v\u0103 rug\u0103m s\u0103 contacta\u021bi echipa noastr\u0103 de servicii pentru clien\u021bi la [insera\u021bi num\u0103rul de telefon sau e-mail] \u0219i furniza\u021bi num\u0103rul comenzii \u0219i motivul schimbului.<\/p>\n<p style=\"text-align: justify;\">Echipa noastr\u0103 v\u0103 va furniza un num\u0103r de autorizare a return\u0103rii (RAN) \u0219i instruc\u021biuni pentru returnarea articolului. Odat\u0103 ce primim articolul returnat \u0219i verific\u0103m starea acestuia, v\u0103 vom expedia un articol de \u00eenlocuire f\u0103r\u0103 costuri suplimentare.<\/p>\n<p style=\"text-align: justify;\">Dac\u0103 dori\u021bi s\u0103 schimba\u021bi un articol cu un alt produs, v\u0103 rug\u0103m s\u0103 contacta\u021bi echipa noastr\u0103 de servicii pentru clien\u021bi pentru a ini\u021bia procesul de returnare descris mai sus. Odat\u0103 ce primim articolul returnat, vom emite o rambursare la metoda de plat\u0103 ini\u021bial\u0103 \u0219i pute\u021bi plasa o nou\u0103 comand\u0103 pentru produsul pe care dori\u021bi s\u0103 \u00eel primi\u021bi.<\/p>\n<p style=\"text-align: justify;\"><strong>Transport<\/strong>:<\/p>\n<p style=\"text-align: justify;\">Toate return\u0103rile \u0219i schimburile sunt supuse unor taxe de transport, care vor fi deduse din rambursare. Dac\u0103 a\u021bi primit un articol deteriorat sau defect, v\u0103 rug\u0103m s\u0103 lua\u021bi leg\u0103tura cu echipa noastr\u0103 de servicii pentru clien\u021bi, iar noi vom acoperi costul transportului de retur.<\/p>\n<p style=\"text-align: justify;\">Nu putem trimite arme de foc c\u0103tre P.O. casete sau adrese APO\/FPO. Toate armele de foc trebuie s\u0103 fie expediate unui dealer autorizat, iar clientul trebuie s\u0103 se asigure c\u0103 dealer-ul este dispus s\u0103 primeasc\u0103 \u0219i s\u0103 transfere arma de foc. Ne angaj\u0103m s\u0103 oferim clien\u021bilor no\u0219tri arme de foc de \u00eenalt\u0103 calitate \u0219i servicii excelente pentru clien\u021bi. Dac\u0103 ave\u021bi \u00eentreb\u0103ri sau nel\u0103muriri cu privire la politica noastr\u0103 de return\u0103ri \u0219i schimburi, v\u0103 rug\u0103m s\u0103 nu ezita\u021bi s\u0103 contacta\u021bi echipa noastr\u0103 de servicii pentru clien\u021bi pentru asisten\u021b\u0103.<\/p>\n<p style=\"text-align: justify;\"><strong>Politica de anulare:<\/strong><\/p>\n<p style=\"text-align: justify;\">La Gunmeplug.com, \u00een\u021belegem c\u0103 uneori circumstan\u021bele se schimb\u0103 \u0219i poate fi necesar s\u0103 anula\u021bi comanda. Dorim s\u0103 facem procesul de anulare c\u00e2t mai u\u0219or \u0219i convenabil posibil.<\/p>\n<p style=\"text-align: justify;\">Dac\u0103 dori\u021bi s\u0103 anula\u021bi comanda, v\u0103 rug\u0103m s\u0103 lua\u021bi leg\u0103tura cu echipa noastr\u0103 de asisten\u021b\u0103 pentru clien\u021bi c\u00e2t mai cur\u00e2nd posibil la [insera\u021bi num\u0103rul de telefon sau e-mail], cu num\u0103rul comenzii \u0219i motivul anul\u0103rii. Echipa noastr\u0103 va lucra cu dvs. pentru a v\u0103 anula comanda \u0219i a emite o rambursare, dac\u0103 este cazul. V\u0103 rug\u0103m s\u0103 re\u021bine\u021bi c\u0103 este posibil ca unele comenzi s\u0103 fi fost deja expediate sau sunt \u00een proces de expediere. \u00cen astfel de cazuri, este posibil s\u0103 nu putem anula comanda \u0219i poate fi necesar s\u0103 returna\u021bi articolul odat\u0103 ce este livrat.<\/p>\n<p style=\"text-align: justify;\"><strong>Ramburs\u0103ri<\/strong>:<\/p>\n<p style=\"text-align: justify;\">Dac\u0103 anula\u021bi comanda \u00eenainte ca aceasta s\u0103 fie expediat\u0103, vom emite o rambursare complet\u0103 la metoda de plat\u0103 ini\u021bial\u0103. Dac\u0103 comanda dumneavoastr\u0103 a fost deja expediat\u0103, vom emite o rambursare a costului articolului (articolelor) numai dup\u0103 ce primim articolul (articolul) returnat(e) \u00een starea ini\u021bial\u0103.<\/p>\n<p style=\"text-align: justify;\">V\u0103 rug\u0103m s\u0103 re\u021bine\u021bi c\u0103 taxele de transport \u0219i manipulare nu sunt rambursabile \u0219i ve\u021bi fi responsabil pentru costul transportului de retur. Dac\u0103 a\u021bi primit un articol deteriorat sau defect, v\u0103 rug\u0103m s\u0103 consulta\u021bi politica noastr\u0103 de returnare \u0219i schimburi pentru informa\u021bii despre cum s\u0103 returna\u021bi articolul \u0219i s\u0103 primi\u021bi o rambursare sau un schimb.<\/p>\n<p style=\"text-align: justify;\">Ne angaj\u0103m s\u0103 oferim clien\u021bilor no\u0219tri arme de foc de \u00eenalt\u0103 calitate \u0219i servicii excelente pentru clien\u021bi. Dac\u0103 ave\u021bi \u00eentreb\u0103ri sau nel\u0103muriri cu privire la politica noastr\u0103 de anulare, v\u0103 rug\u0103m s\u0103 nu ezita\u021bi s\u0103 contacta\u021bi echipa noastr\u0103 de servicii pentru clien\u021bi pentru asisten\u021b\u0103.<\/p>\n\n\t\t<\/div>\n\t<\/div>\n<\/div><\/div><\/div><\/div>","protected":false},"excerpt":{"rendered":"Thank you for choosing Gunmeplug.com for your firearm needs. We understand that sometimes returns\/ exchanges or cancellation may be necessary, and we want to ensure the process is as easy as possible. Exchanges: If you received a damaged or defective item, we would gladly exchange it for a new one. To initiate an exchange, please [...]","protected":false},"author":1,"featured_media":0,"parent":0,"menu_order":0,"comment_status":"closed","ping_status":"closed","template":"","meta":{"_acf_changed":false,"_joinchat":[],"footnotes":""},"class_list":["post-3229","page","type-page","status-publish","hentry"],"acf":[],"yoast_head":"<!-- This site is optimized with the Yoast SEO plugin v26.3 - https:\/\/yoast.com\/wordpress\/plugins\/seo\/ -->\n<title>Refund and Returns Policy - Buy gun online USA<\/title>\n<meta name=\"robots\" content=\"index, follow, max-snippet:-1, max-image-preview:large, max-video-preview:-1\" \/>\n<link rel=\"canonical\" href=\"https:\/\/www.gunmeplug.com\/ro\/restituiri_retururi\/\" \/>\n<meta property=\"og:locale\" content=\"ro_RO\" \/>\n<meta property=\"og:type\" content=\"article\" \/>\n<meta property=\"og:title\" content=\"Refund and Returns Policy - Buy gun online USA\" \/>\n<meta property=\"og:url\" content=\"https:\/\/www.gunmeplug.com\/ro\/restituiri_retururi\/\" \/>\n<meta property=\"og:site_name\" content=\"Buy gun online USA\" \/>\n<meta property=\"article:modified_time\" content=\"2023-05-03T10:02:34+00:00\" \/>\n<meta name=\"twitter:card\" content=\"summary_large_image\" \/>\n<meta name=\"twitter:label1\" content=\"Timp estimat pentru citire\" \/>\n\t<meta name=\"twitter:data1\" content=\"3 minute\" \/>\n<script type=\"application\/ld+json\" class=\"yoast-schema-graph\">{\"@context\":\"https:\/\/schema.org\",\"@graph\":[{\"@type\":\"WebPage\",\"@id\":\"https:\/\/www.gunmeplug.com\/refund_returns\/\",\"url\":\"https:\/\/www.gunmeplug.com\/refund_returns\/\",\"name\":\"Refund and Returns Policy - Buy gun online USA\",\"isPartOf\":{\"@id\":\"https:\/\/www.gunmeplug.com\/#website\"},\"datePublished\":\"2021-11-05T17:23:33+00:00\",\"dateModified\":\"2023-05-03T10:02:34+00:00\",\"breadcrumb\":{\"@id\":\"https:\/\/www.gunmeplug.com\/refund_returns\/#breadcrumb\"},\"inLanguage\":\"ro-RO\",\"potentialAction\":[{\"@type\":\"ReadAction\",\"target\":[\"https:\/\/www.gunmeplug.com\/refund_returns\/\"]}]},{\"@type\":\"BreadcrumbList\",\"@id\":\"https:\/\/www.gunmeplug.com\/refund_returns\/#breadcrumb\",\"itemListElement\":[{\"@type\":\"ListItem\",\"position\":1,\"name\":\"Home\",\"item\":\"https:\/\/www.gunmeplug.com\/es\/\"},{\"@type\":\"ListItem\",\"position\":2,\"name\":\"Refund and Returns Policy\"}]},{\"@type\":\"WebSite\",\"@id\":\"https:\/\/www.gunmeplug.com\/#website\",\"url\":\"https:\/\/www.gunmeplug.com\/\",\"name\":\"Buy gun online USA\",\"description\":\"FireArms for sale online \",\"potentialAction\":[{\"@type\":\"SearchAction\",\"target\":{\"@type\":\"EntryPoint\",\"urlTemplate\":\"https:\/\/www.gunmeplug.com\/?s={search_term_string}\"},\"query-input\":{\"@type\":\"PropertyValueSpecification\",\"valueRequired\":true,\"valueName\":\"search_term_string\"}}],\"inLanguage\":\"ro-RO\"}]}<\/script>\n<!-- \/ Yoast SEO plugin. -->","yoast_head_json":{"title":"Politica de rambursare \u0219i retur - Cump\u0103ra\u021bi arm\u0103 online SUA","robots":{"index":"index","follow":"follow","max-snippet":"max-snippet:-1","max-image-preview":"max-image-preview:large","max-video-preview":"max-video-preview:-1"},"canonical":"https:\/\/www.gunmeplug.com\/ro\/restituiri_retururi\/","og_locale":"ro_RO","og_type":"article","og_title":"Refund and Returns Policy - Buy gun online USA","og_url":"https:\/\/www.gunmeplug.com\/ro\/restituiri_retururi\/","og_site_name":"Buy gun online USA","article_modified_time":"2023-05-03T10:02:34+00:00","twitter_card":"summary_large_image","twitter_misc":{"Timp estimat pentru citire":"3 minute"},"schema":{"@context":"https:\/\/schema.org","@graph":[{"@type":"WebPage","@id":"https:\/\/www.gunmeplug.com\/refund_returns\/","url":"https:\/\/www.gunmeplug.com\/refund_returns\/","name":"Politica de rambursare \u0219i retur - Cump\u0103ra\u021bi arm\u0103 online SUA","isPartOf":{"@id":"https:\/\/www.gunmeplug.com\/#website"},"datePublished":"2021-11-05T17:23:33+00:00","dateModified":"2023-05-03T10:02:34+00:00","breadcrumb":{"@id":"https:\/\/www.gunmeplug.com\/refund_returns\/#breadcrumb"},"inLanguage":"ro-RO","potentialAction":[{"@type":"ReadAction","target":["https:\/\/www.gunmeplug.com\/refund_returns\/"]}]},{"@type":"BreadcrumbList","@id":"https:\/\/www.gunmeplug.com\/refund_returns\/#breadcrumb","itemListElement":[{"@type":"ListItem","position":1,"name":"Home","item":"https:\/\/www.gunmeplug.com\/es\/"},{"@type":"ListItem","position":2,"name":"Refund and Returns Policy"}]},{"@type":"WebSite","@id":"https:\/\/www.gunmeplug.com\/#website","url":"https:\/\/www.gunmeplug.com\/","name":"Cump\u0103ra\u021bi arm\u0103 online SUA","description":"Arme de foc de v\u00e2nzare online","potentialAction":[{"@type":"SearchAction","target":{"@type":"EntryPoint","urlTemplate":"https:\/\/www.gunmeplug.com\/?s={search_term_string}"},"query-input":{"@type":"PropertyValueSpecification","valueRequired":true,"valueName":"search_term_string"}}],"inLanguage":"ro-RO"}]}},"_links":{"self":[{"href":"https:\/\/www.gunmeplug.com\/ro\/wp-json\/wp\/v2\/pages\/3229","targetHints":{"allow":["GET"]}}],"collection":[{"href":"https:\/\/www.gunmeplug.com\/ro\/wp-json\/wp\/v2\/pages"}],"about":[{"href":"https:\/\/www.gunmeplug.com\/ro\/wp-json\/wp\/v2\/types\/page"}],"author":[{"embeddable":true,"href":"https:\/\/www.gunmeplug.com\/ro\/wp-json\/wp\/v2\/users\/1"}],"replies":[{"embeddable":true,"href":"https:\/\/www.gunmeplug.com\/ro\/wp-json\/wp\/v2\/comments?post=3229"}],"version-history":[{"count":1,"href":"https:\/\/www.gunmeplug.com\/ro\/wp-json\/wp\/v2\/pages\/3229\/revisions"}],"predecessor-version":[{"id":3412,"href":"https:\/\/www.gunmeplug.com\/ro\/wp-json\/wp\/v2\/pages\/3229\/revisions\/3412"}],"wp:attachment":[{"href":"https:\/\/www.gunmeplug.com\/ro\/wp-json\/wp\/v2\/media?parent=3229"}],"curies":[{"name":"wp","href":"https:\/\/api.w.org\/{rel}","templated":true}]}}