{"id":3396,"date":"2023-05-03T09:34:07","date_gmt":"2023-05-03T09:34:07","guid":{"rendered":"https:\/\/www.gunmeplug.com\/?post_type=product&#038;p=3396"},"modified":"2023-05-03T10:16:54","modified_gmt":"2023-05-03T10:16:54","slug":"smith-wesson-mp-15-22-sport-22-lr-semi-automatic-rifle-10208","status":"publish","type":"product","link":"https:\/\/www.gunmeplug.com\/pt\/produto\/smith-wesson-mp-15-22-sport-22-lr-semi-automatic-rifle-10208\/","title":{"rendered":"Smith &#038; Wesson M&#038;P 15-22 Sport .22 LR Semi-Automatic Rifle 10208"},"content":{"rendered":"<h3 class=\"tab_content_head\">DETALHES<\/h3>\n<div class=\"product attribute description\">\n<div class=\"value\">\n<p>O M&amp;P15-22 SPORT apresenta um guarda-m\u00e3o fino M&amp;P de 10 polegadas que incorpora o popular sistema Magpul M-LOK. O sistema M-LOK permite que os propriet\u00e1rios de rifles personalizem facilmente seu M&amp;P15-22 SPORT adicionando acess\u00f3rios sem remover o protetor de m\u00e3o. Os propriet\u00e1rios de M&amp;P15-22 SPORT t\u00eam a op\u00e7\u00e3o de montar facilmente v\u00e1rios acess\u00f3rios compat\u00edveis com M-LOK ou qualquer n\u00famero de se\u00e7\u00f5es de trilho no estilo Picatinny projetadas para acomodar outros acess\u00f3rios. A Smith &amp; Wesson inclui um painel de trilho M-LOK de 2 polegadas com cada rifle. O M&amp;P15-22 SPORT vem de f\u00e1brica com um dos sistemas de miras dobr\u00e1veis mais populares dispon\u00edveis para MSRs. As miras dobr\u00e1veis dianteiras e traseiras remov\u00edveis Magpul MBUS s\u00e3o leves e dur\u00e1veis, melhorando ainda mais o desempenho e o valor do novo M&amp;P15-22 SPORT.<\/p>\n<h3>Caracter\u00edsticas:<\/h3>\n<ul class=\"disc\">\n<li>10\u201d M&amp;P Slim Handguard with MAGPUL M-LOK<\/li>\n<li>Miras dobr\u00e1veis MAGPUL MBUS<\/li>\n<li>Acess\u00f3rios M-LOK f\u00e1ceis de montar<\/li>\n<li>2\u201d M-LOK Rail Panel Included<\/li>\n<li>Estoque CAR de 6 posi\u00e7\u00f5es<\/li>\n<li>Al\u00e7a de carregamento em funcionamento<\/li>\n<li>Defletor de concha<\/li>\n<li>Alavanca de seguran\u00e7a de 2 posi\u00e7\u00f5es, montada no receptor<\/li>\n<li>Acabamento do cano Armornite<\/li>\n<li>Compat\u00edvel com a maioria dos componentes e acess\u00f3rios padr\u00e3o do AR15<\/li>\n<\/ul>\n<\/div>\n<\/div>","protected":false},"excerpt":{"rendered":"<p>DETAILS The M&amp;P15-22 SPORT features a 10-inch M&amp;P slim handguard that incorporates the popular Magpul M-LOK system. The M-LOK system allows rifle owners to easily customize their M&amp;P15-22 SPORT by adding accessories without removing the handguard. M&amp;P15-22 SPORT owners have the option of easily mounting numerous M-LOK-compatible accessories or any number of Picatinny-style rail sections [&hellip;]<\/p>","protected":false},"featured_media":3401,"template":"","meta":{"_acf_changed":false,"_joinchat":[]},"product_brand":[],"product_cat":[166],"product_tag":[],"class_list":{"0":"post-3396","1":"product","2":"type-product","3":"status-publish","4":"has-post-thumbnail","6":"product_cat-rifles","8":"first","9":"instock","10":"shipping-taxable","11":"purchasable","12":"product-type-simple"},"acf":[],"yoast_head":"<!-- This site is optimized with the Yoast SEO plugin v26.3 - https:\/\/yoast.com\/wordpress\/plugins\/seo\/ -->\n<title>Smith &amp; Wesson M&amp;P 15-22 Sport .22 LR Semi-Automatic Rifle 10208 - Buy gun online USA<\/title>\n<meta name=\"robots\" content=\"index, follow, max-snippet:-1, max-image-preview:large, max-video-preview:-1\" \/>\n<link rel=\"canonical\" href=\"https:\/\/www.gunmeplug.com\/pt\/produto\/smith-wesson-mp-15-22-sport-22-lr-semi-automatic-rifle-10208\/\" \/>\n<meta property=\"og:locale\" content=\"pt_BR\" \/>\n<meta property=\"og:type\" content=\"article\" \/>\n<meta property=\"og:title\" content=\"Smith &amp; Wesson M&amp;P 15-22 Sport .22 LR Semi-Automatic Rifle 10208 - Buy gun online USA\" \/>\n<meta property=\"og:description\" content=\"DETAILS The M&amp;P15-22 SPORT features a 10-inch M&amp;P slim handguard that incorporates the popular Magpul M-LOK system. The M-LOK system allows rifle owners to easily customize their M&amp;P15-22 SPORT by adding accessories without removing the handguard. M&amp;P15-22 SPORT owners have the option of easily mounting numerous M-LOK-compatible accessories or any number of Picatinny-style rail sections [&hellip;]\" \/>\n<meta property=\"og:url\" content=\"https:\/\/www.gunmeplug.com\/pt\/produto\/smith-wesson-mp-15-22-sport-22-lr-semi-automatic-rifle-10208\/\" \/>\n<meta property=\"og:site_name\" content=\"Buy gun online USA\" \/>\n<meta property=\"article:modified_time\" content=\"2023-05-03T10:16:54+00:00\" \/>\n<meta property=\"og:image\" content=\"https:\/\/www.gunmeplug.com\/wp-content\/uploads\/2023\/05\/Smith-Wesson-MP-15-22-Sport-1.jpg\" \/>\n\t<meta property=\"og:image:width\" content=\"600\" \/>\n\t<meta property=\"og:image:height\" content=\"600\" \/>\n\t<meta property=\"og:image:type\" content=\"image\/jpeg\" \/>\n<meta name=\"twitter:card\" content=\"summary_large_image\" \/>\n<meta name=\"twitter:label1\" content=\"Est. tempo de leitura\" \/>\n\t<meta name=\"twitter:data1\" content=\"1 minuto\" \/>\n<script type=\"application\/ld+json\" class=\"yoast-schema-graph\">{\"@context\":\"https:\/\/schema.org\",\"@graph\":[{\"@type\":\"WebPage\",\"@id\":\"https:\/\/www.gunmeplug.com\/vi\/san-pham-2\/smith-wesson-mp-15-22-sport-22-lr-semi-automatic-rifle-10208\/\",\"url\":\"https:\/\/www.gunmeplug.com\/vi\/san-pham-2\/smith-wesson-mp-15-22-sport-22-lr-semi-automatic-rifle-10208\/\",\"name\":\"Smith & Wesson M&P 15-22 Sport .22 LR Semi-Automatic Rifle 10208 - Buy gun online USA\",\"isPartOf\":{\"@id\":\"https:\/\/www.gunmeplug.com\/#website\"},\"primaryImageOfPage\":{\"@id\":\"https:\/\/www.gunmeplug.com\/vi\/san-pham-2\/smith-wesson-mp-15-22-sport-22-lr-semi-automatic-rifle-10208\/#primaryimage\"},\"image\":{\"@id\":\"https:\/\/www.gunmeplug.com\/vi\/san-pham-2\/smith-wesson-mp-15-22-sport-22-lr-semi-automatic-rifle-10208\/#primaryimage\"},\"thumbnailUrl\":\"https:\/\/www.gunmeplug.com\/wp-content\/uploads\/2023\/05\/Smith-Wesson-MP-15-22-Sport-1.jpg\",\"datePublished\":\"2023-05-03T09:34:07+00:00\",\"dateModified\":\"2023-05-03T10:16:54+00:00\",\"breadcrumb\":{\"@id\":\"https:\/\/www.gunmeplug.com\/vi\/san-pham-2\/smith-wesson-mp-15-22-sport-22-lr-semi-automatic-rifle-10208\/#breadcrumb\"},\"inLanguage\":\"pt-BR\",\"potentialAction\":[{\"@type\":\"ReadAction\",\"target\":[\"https:\/\/www.gunmeplug.com\/vi\/san-pham-2\/smith-wesson-mp-15-22-sport-22-lr-semi-automatic-rifle-10208\/\"]}]},{\"@type\":\"ImageObject\",\"inLanguage\":\"pt-BR\",\"@id\":\"https:\/\/www.gunmeplug.com\/vi\/san-pham-2\/smith-wesson-mp-15-22-sport-22-lr-semi-automatic-rifle-10208\/#primaryimage\",\"url\":\"https:\/\/www.gunmeplug.com\/wp-content\/uploads\/2023\/05\/Smith-Wesson-MP-15-22-Sport-1.jpg\",\"contentUrl\":\"https:\/\/www.gunmeplug.com\/wp-content\/uploads\/2023\/05\/Smith-Wesson-MP-15-22-Sport-1.jpg\",\"width\":600,\"height\":600,\"caption\":\"Smith-&-Wesson-M&P-15-22-Sport\"},{\"@type\":\"BreadcrumbList\",\"@id\":\"https:\/\/www.gunmeplug.com\/vi\/san-pham-2\/smith-wesson-mp-15-22-sport-22-lr-semi-automatic-rifle-10208\/#breadcrumb\",\"itemListElement\":[{\"@type\":\"ListItem\",\"position\":1,\"name\":\"Home\",\"item\":\"https:\/\/www.gunmeplug.com\/es\/\"},{\"@type\":\"ListItem\",\"position\":2,\"name\":\"Shop\",\"item\":\"https:\/\/www.gunmeplug.com\/es\/shop\/\"},{\"@type\":\"ListItem\",\"position\":3,\"name\":\"Smith &#038; Wesson M&#038;P 15-22 Sport .22 LR Semi-Automatic Rifle 10208\"}]},{\"@type\":\"WebSite\",\"@id\":\"https:\/\/www.gunmeplug.com\/#website\",\"url\":\"https:\/\/www.gunmeplug.com\/\",\"name\":\"Buy gun online USA\",\"description\":\"FireArms for sale online \",\"potentialAction\":[{\"@type\":\"SearchAction\",\"target\":{\"@type\":\"EntryPoint\",\"urlTemplate\":\"https:\/\/www.gunmeplug.com\/?s={search_term_string}\"},\"query-input\":{\"@type\":\"PropertyValueSpecification\",\"valueRequired\":true,\"valueName\":\"search_term_string\"}}],\"inLanguage\":\"pt-BR\"}]}<\/script>\n<!-- \/ Yoast SEO plugin. -->","yoast_head_json":{"title":"Rifle semi-autom\u00e1tico Smith &amp; Wesson M&amp;P 15-22 Sport .22 LR 10208 - Comprar armas on-line EUA","robots":{"index":"index","follow":"follow","max-snippet":"max-snippet:-1","max-image-preview":"max-image-preview:large","max-video-preview":"max-video-preview:-1"},"canonical":"https:\/\/www.gunmeplug.com\/pt\/produto\/smith-wesson-mp-15-22-sport-22-lr-semi-automatic-rifle-10208\/","og_locale":"pt_BR","og_type":"article","og_title":"Smith & Wesson M&P 15-22 Sport .22 LR Semi-Automatic Rifle 10208 - Buy gun online USA","og_description":"DETAILS The M&amp;P15-22 SPORT features a 10-inch M&amp;P slim handguard that incorporates the popular Magpul M-LOK system. The M-LOK system allows rifle owners to easily customize their M&amp;P15-22 SPORT by adding accessories without removing the handguard. M&amp;P15-22 SPORT owners have the option of easily mounting numerous M-LOK-compatible accessories or any number of Picatinny-style rail sections [&hellip;]","og_url":"https:\/\/www.gunmeplug.com\/pt\/produto\/smith-wesson-mp-15-22-sport-22-lr-semi-automatic-rifle-10208\/","og_site_name":"Buy gun online USA","article_modified_time":"2023-05-03T10:16:54+00:00","og_image":[{"width":600,"height":600,"url":"https:\/\/www.gunmeplug.com\/wp-content\/uploads\/2023\/05\/Smith-Wesson-MP-15-22-Sport-1.jpg","type":"image\/jpeg"}],"twitter_card":"summary_large_image","twitter_misc":{"Est. tempo de leitura":"1 minuto"},"schema":{"@context":"https:\/\/schema.org","@graph":[{"@type":"WebPage","@id":"https:\/\/www.gunmeplug.com\/vi\/san-pham-2\/smith-wesson-mp-15-22-sport-22-lr-semi-automatic-rifle-10208\/","url":"https:\/\/www.gunmeplug.com\/vi\/san-pham-2\/smith-wesson-mp-15-22-sport-22-lr-semi-automatic-rifle-10208\/","name":"Rifle semi-autom\u00e1tico Smith &amp; Wesson M&amp;P 15-22 Sport .22 LR 10208 - Comprar armas on-line EUA","isPartOf":{"@id":"https:\/\/www.gunmeplug.com\/#website"},"primaryImageOfPage":{"@id":"https:\/\/www.gunmeplug.com\/vi\/san-pham-2\/smith-wesson-mp-15-22-sport-22-lr-semi-automatic-rifle-10208\/#primaryimage"},"image":{"@id":"https:\/\/www.gunmeplug.com\/vi\/san-pham-2\/smith-wesson-mp-15-22-sport-22-lr-semi-automatic-rifle-10208\/#primaryimage"},"thumbnailUrl":"https:\/\/www.gunmeplug.com\/wp-content\/uploads\/2023\/05\/Smith-Wesson-MP-15-22-Sport-1.jpg","datePublished":"2023-05-03T09:34:07+00:00","dateModified":"2023-05-03T10:16:54+00:00","breadcrumb":{"@id":"https:\/\/www.gunmeplug.com\/vi\/san-pham-2\/smith-wesson-mp-15-22-sport-22-lr-semi-automatic-rifle-10208\/#breadcrumb"},"inLanguage":"pt-BR","potentialAction":[{"@type":"ReadAction","target":["https:\/\/www.gunmeplug.com\/vi\/san-pham-2\/smith-wesson-mp-15-22-sport-22-lr-semi-automatic-rifle-10208\/"]}]},{"@type":"ImageObject","inLanguage":"pt-BR","@id":"https:\/\/www.gunmeplug.com\/vi\/san-pham-2\/smith-wesson-mp-15-22-sport-22-lr-semi-automatic-rifle-10208\/#primaryimage","url":"https:\/\/www.gunmeplug.com\/wp-content\/uploads\/2023\/05\/Smith-Wesson-MP-15-22-Sport-1.jpg","contentUrl":"https:\/\/www.gunmeplug.com\/wp-content\/uploads\/2023\/05\/Smith-Wesson-MP-15-22-Sport-1.jpg","width":600,"height":600,"caption":"Smith-&-Wesson-M&P-15-22-Sport"},{"@type":"BreadcrumbList","@id":"https:\/\/www.gunmeplug.com\/vi\/san-pham-2\/smith-wesson-mp-15-22-sport-22-lr-semi-automatic-rifle-10208\/#breadcrumb","itemListElement":[{"@type":"ListItem","position":1,"name":"Home","item":"https:\/\/www.gunmeplug.com\/es\/"},{"@type":"ListItem","position":2,"name":"Shop","item":"https:\/\/www.gunmeplug.com\/es\/shop\/"},{"@type":"ListItem","position":3,"name":"Smith &#038; Wesson M&#038;P 15-22 Sport .22 LR Semi-Automatic Rifle 10208"}]},{"@type":"WebSite","@id":"https:\/\/www.gunmeplug.com\/#website","url":"https:\/\/www.gunmeplug.com\/","name":"Comprar arma on-line EUA","description":"FireArms para venda online","potentialAction":[{"@type":"SearchAction","target":{"@type":"EntryPoint","urlTemplate":"https:\/\/www.gunmeplug.com\/?s={search_term_string}"},"query-input":{"@type":"PropertyValueSpecification","valueRequired":true,"valueName":"search_term_string"}}],"inLanguage":"pt-BR"}]}},"_links":{"self":[{"href":"https:\/\/www.gunmeplug.com\/pt\/wp-json\/wp\/v2\/product\/3396","targetHints":{"allow":["GET"]}}],"collection":[{"href":"https:\/\/www.gunmeplug.com\/pt\/wp-json\/wp\/v2\/product"}],"about":[{"href":"https:\/\/www.gunmeplug.com\/pt\/wp-json\/wp\/v2\/types\/product"}],"wp:featuredmedia":[{"embeddable":true,"href":"https:\/\/www.gunmeplug.com\/pt\/wp-json\/wp\/v2\/media\/3401"}],"wp:attachment":[{"href":"https:\/\/www.gunmeplug.com\/pt\/wp-json\/wp\/v2\/media?parent=3396"}],"wp:term":[{"taxonomy":"product_brand","embeddable":true,"href":"https:\/\/www.gunmeplug.com\/pt\/wp-json\/wp\/v2\/product_brand?post=3396"},{"taxonomy":"product_cat","embeddable":true,"href":"https:\/\/www.gunmeplug.com\/pt\/wp-json\/wp\/v2\/product_cat?post=3396"},{"taxonomy":"product_tag","embeddable":true,"href":"https:\/\/www.gunmeplug.com\/pt\/wp-json\/wp\/v2\/product_tag?post=3396"}],"curies":[{"name":"wp","href":"https:\/\/api.w.org\/{rel}","templated":true}]}}