{"id":3164,"date":"2021-04-08T06:48:58","date_gmt":"2021-04-08T06:48:58","guid":{"rendered":"https:\/\/www.gunmeplug.com\/?post_type=product&#038;p=3164"},"modified":"2023-05-02T08:44:53","modified_gmt":"2023-05-02T08:44:53","slug":"glock-g43-9mm-subcompact-pistol-usa-ui4350201","status":"publish","type":"product","link":"https:\/\/www.gunmeplug.com\/pt\/produto\/glock-g43-9mm-subcompact-pistol-usa-ui4350201\/","title":{"rendered":"Glock G43 9mm Subcompacto Pistola USA UI4350201"},"content":{"rendered":"<p>GLOCK Pistols For Sale, The G43 is Glock&#8217;s new single stack, 9mm pistol. The G43 is the most highly desired and anticipated release in GLOCKs history. The G43 is the answer to your everyday concealed carry needs. It&#8217;s ultra-concealable, accurate and fantastic for all shooters regardless of hand size. The aggressive texture of the grip lets the shooter more easily operate the pistol. Engineered to the<a href=\"https:\/\/en.wikipedia.org\/wiki\/Gun#Military\"> mesmo<\/a> padr\u00f5es, o G43 pode suportar as mesmas torturas que outras pistolas GLOCK.<\/p>\n<p><strong>Caracter\u00edsticas:<\/strong><br \/>\nFabricado nos EUA<br \/>\nPilha \u00fanica<br \/>\nA trava grande do magazine permite a f\u00e1cil remo\u00e7\u00e3o do magazine de seis rodadas<br \/>\nGrip tem um design de cauda de castor embutido que permite que o <a href=\"https:\/\/www.gunmeplug.com\/pt\/produto\/glock-19m-9mm\/\">atirador<\/a> adquirir uma pegada alta e firme<br \/>\nReviravolta: 1:9.84<br \/>\nDois pentes de 6 rodadas<\/p>\n<p>Pistolas GLOCK para venda<\/p>\n<h3>GLOCK 43 \u00e9 uma arma de fogo fabricada pela GLOCK.<\/h3>\n<p>The G43 is a single-stack GLOCK pistol that fires 9 mm Luger rounds. It&#8217;s ultra-compact, precise, and a great tool for all shooters, regardless of hand size. The grip includes a built-in beaver tail design that assists the shooter to have a good hold on the gun. The pistol can be operated comfortably and reliably because to the aggressive texture of the grip surface. The big magazine catch makes removing the six-round magazine a breeze. The G43 is built to the same high standards that GLOCK is known for, and it can resist the same torture testing that its larger brothers in the GLOCK pistol family can.<\/p>","protected":false},"excerpt":{"rendered":"<p>GLOCK Pistols For Sale, The G43 is Glock&#8217;s new single stack, 9mm pistol. The G43 is the most highly desired and anticipated release in GLOCKs history. The G43 is the answer to your everyday concealed carry needs. It&#8217;s ultra-concealable, accurate and fantastic for all shooters regardless of hand size. The aggressive texture of the grip [&hellip;]<\/p>","protected":false},"featured_media":3166,"template":"","meta":{"_acf_changed":false,"_joinchat":[]},"product_brand":[],"product_cat":[136,130],"product_tag":[187],"class_list":{"0":"post-3164","1":"product","2":"type-product","3":"status-publish","4":"has-post-thumbnail","6":"product_cat-glocks-for-sale","7":"product_cat-handguns","8":"product_tag-g43-is-glock","10":"first","11":"instock","12":"sale","13":"shipping-taxable","14":"purchasable","15":"product-type-simple"},"acf":[],"yoast_head":"<!-- This site is optimized with the Yoast SEO plugin v26.3 - https:\/\/yoast.com\/wordpress\/plugins\/seo\/ -->\n<title>GLOCK Pistols For Sale, Glock G43 USA 9MM, Buy Guns Online<\/title>\n<meta name=\"description\" content=\"GLOCK Pistols For Sale, The Glock 43 is our new single stack 9mm pistol. The G43 is the most highly desired and anticipated release in Glock&#039;s history.\" \/>\n<meta name=\"robots\" content=\"index, follow, max-snippet:-1, max-image-preview:large, max-video-preview:-1\" \/>\n<link rel=\"canonical\" href=\"https:\/\/www.gunmeplug.com\/pt\/produto\/glock-g43-9mm-subcompact-pistol-usa-ui4350201\/\" \/>\n<meta property=\"og:locale\" content=\"pt_BR\" \/>\n<meta property=\"og:type\" content=\"article\" \/>\n<meta property=\"og:title\" content=\"GLOCK Pistols For Sale, Glock G43 USA 9MM, Buy Guns Online\" \/>\n<meta property=\"og:description\" content=\"GLOCK Pistols For Sale, The Glock 43 is our new single stack 9mm pistol. The G43 is the most highly desired and anticipated release in Glock&#039;s history.\" \/>\n<meta property=\"og:url\" content=\"https:\/\/www.gunmeplug.com\/pt\/produto\/glock-g43-9mm-subcompact-pistol-usa-ui4350201\/\" \/>\n<meta property=\"og:site_name\" content=\"Buy gun online USA\" \/>\n<meta property=\"article:modified_time\" content=\"2023-05-02T08:44:53+00:00\" \/>\n<meta property=\"og:image\" content=\"https:\/\/www.gunmeplug.com\/wp-content\/uploads\/2021\/04\/glock-g43-9mm-subcompact-pistol-ui4350201.jpg\" \/>\n\t<meta property=\"og:image:width\" content=\"600\" \/>\n\t<meta property=\"og:image:height\" content=\"600\" \/>\n\t<meta property=\"og:image:type\" content=\"image\/jpeg\" \/>\n<meta name=\"twitter:card\" content=\"summary_large_image\" \/>\n<meta name=\"twitter:label1\" content=\"Est. tempo de leitura\" \/>\n\t<meta name=\"twitter:data1\" content=\"2 minutos\" \/>\n<script type=\"application\/ld+json\" class=\"yoast-schema-graph\">{\"@context\":\"https:\/\/schema.org\",\"@graph\":[{\"@type\":\"WebPage\",\"@id\":\"https:\/\/www.gunmeplug.com\/es\/producto\/glock-g43-9mm-subcompact-pistol-usa-ui4350201\/\",\"url\":\"https:\/\/www.gunmeplug.com\/es\/producto\/glock-g43-9mm-subcompact-pistol-usa-ui4350201\/\",\"name\":\"GLOCK Pistols For Sale, Glock G43 USA 9MM, Buy Guns Online\",\"isPartOf\":{\"@id\":\"https:\/\/www.gunmeplug.com\/#website\"},\"primaryImageOfPage\":{\"@id\":\"https:\/\/www.gunmeplug.com\/es\/producto\/glock-g43-9mm-subcompact-pistol-usa-ui4350201\/#primaryimage\"},\"image\":{\"@id\":\"https:\/\/www.gunmeplug.com\/es\/producto\/glock-g43-9mm-subcompact-pistol-usa-ui4350201\/#primaryimage\"},\"thumbnailUrl\":\"https:\/\/www.gunmeplug.com\/wp-content\/uploads\/2021\/04\/glock-g43-9mm-subcompact-pistol-ui4350201.jpg\",\"datePublished\":\"2021-04-08T06:48:58+00:00\",\"dateModified\":\"2023-05-02T08:44:53+00:00\",\"description\":\"GLOCK Pistols For Sale, The Glock 43 is our new single stack 9mm pistol. The G43 is the most highly desired and anticipated release in Glock's history.\",\"breadcrumb\":{\"@id\":\"https:\/\/www.gunmeplug.com\/es\/producto\/glock-g43-9mm-subcompact-pistol-usa-ui4350201\/#breadcrumb\"},\"inLanguage\":\"pt-BR\",\"potentialAction\":[{\"@type\":\"ReadAction\",\"target\":[\"https:\/\/www.gunmeplug.com\/es\/producto\/glock-g43-9mm-subcompact-pistol-usa-ui4350201\/\"]}]},{\"@type\":\"ImageObject\",\"inLanguage\":\"pt-BR\",\"@id\":\"https:\/\/www.gunmeplug.com\/es\/producto\/glock-g43-9mm-subcompact-pistol-usa-ui4350201\/#primaryimage\",\"url\":\"https:\/\/www.gunmeplug.com\/wp-content\/uploads\/2021\/04\/glock-g43-9mm-subcompact-pistol-ui4350201.jpg\",\"contentUrl\":\"https:\/\/www.gunmeplug.com\/wp-content\/uploads\/2021\/04\/glock-g43-9mm-subcompact-pistol-ui4350201.jpg\",\"width\":600,\"height\":600,\"caption\":\"GLOCK Pistols For Sale\"},{\"@type\":\"BreadcrumbList\",\"@id\":\"https:\/\/www.gunmeplug.com\/es\/producto\/glock-g43-9mm-subcompact-pistol-usa-ui4350201\/#breadcrumb\",\"itemListElement\":[{\"@type\":\"ListItem\",\"position\":1,\"name\":\"Home\",\"item\":\"https:\/\/www.gunmeplug.com\/es\/\"},{\"@type\":\"ListItem\",\"position\":2,\"name\":\"Shop\",\"item\":\"https:\/\/www.gunmeplug.com\/es\/shop\/\"},{\"@type\":\"ListItem\",\"position\":3,\"name\":\"Glock G43 9mm Subcompact Pistol USA UI4350201\"}]},{\"@type\":\"WebSite\",\"@id\":\"https:\/\/www.gunmeplug.com\/#website\",\"url\":\"https:\/\/www.gunmeplug.com\/\",\"name\":\"Buy gun online USA\",\"description\":\"FireArms for sale online \",\"potentialAction\":[{\"@type\":\"SearchAction\",\"target\":{\"@type\":\"EntryPoint\",\"urlTemplate\":\"https:\/\/www.gunmeplug.com\/?s={search_term_string}\"},\"query-input\":{\"@type\":\"PropertyValueSpecification\",\"valueRequired\":true,\"valueName\":\"search_term_string\"}}],\"inLanguage\":\"pt-BR\"}]}<\/script>\n<!-- \/ Yoast SEO plugin. -->","yoast_head_json":{"title":"Pistolas GLOCK \u00e0 venda, Glock G43 USA 9MM, Comprar armas on-line","description":"Pistolas GLOCK \u00e0 venda, A Glock 43 \u00e9 nossa nova pistola de 9 mm de pilha \u00fanica. A G43 \u00e9 o lan\u00e7amento mais desejado e aguardado da hist\u00f3ria da Glock.","robots":{"index":"index","follow":"follow","max-snippet":"max-snippet:-1","max-image-preview":"max-image-preview:large","max-video-preview":"max-video-preview:-1"},"canonical":"https:\/\/www.gunmeplug.com\/pt\/produto\/glock-g43-9mm-subcompact-pistol-usa-ui4350201\/","og_locale":"pt_BR","og_type":"article","og_title":"GLOCK Pistols For Sale, Glock G43 USA 9MM, Buy Guns Online","og_description":"GLOCK Pistols For Sale, The Glock 43 is our new single stack 9mm pistol. The G43 is the most highly desired and anticipated release in Glock's history.","og_url":"https:\/\/www.gunmeplug.com\/pt\/produto\/glock-g43-9mm-subcompact-pistol-usa-ui4350201\/","og_site_name":"Buy gun online USA","article_modified_time":"2023-05-02T08:44:53+00:00","og_image":[{"width":600,"height":600,"url":"https:\/\/www.gunmeplug.com\/wp-content\/uploads\/2021\/04\/glock-g43-9mm-subcompact-pistol-ui4350201.jpg","type":"image\/jpeg"}],"twitter_card":"summary_large_image","twitter_misc":{"Est. tempo de leitura":"2 minutos"},"schema":{"@context":"https:\/\/schema.org","@graph":[{"@type":"WebPage","@id":"https:\/\/www.gunmeplug.com\/es\/producto\/glock-g43-9mm-subcompact-pistol-usa-ui4350201\/","url":"https:\/\/www.gunmeplug.com\/es\/producto\/glock-g43-9mm-subcompact-pistol-usa-ui4350201\/","name":"Pistolas GLOCK \u00e0 venda, Glock G43 USA 9MM, Comprar armas on-line","isPartOf":{"@id":"https:\/\/www.gunmeplug.com\/#website"},"primaryImageOfPage":{"@id":"https:\/\/www.gunmeplug.com\/es\/producto\/glock-g43-9mm-subcompact-pistol-usa-ui4350201\/#primaryimage"},"image":{"@id":"https:\/\/www.gunmeplug.com\/es\/producto\/glock-g43-9mm-subcompact-pistol-usa-ui4350201\/#primaryimage"},"thumbnailUrl":"https:\/\/www.gunmeplug.com\/wp-content\/uploads\/2021\/04\/glock-g43-9mm-subcompact-pistol-ui4350201.jpg","datePublished":"2021-04-08T06:48:58+00:00","dateModified":"2023-05-02T08:44:53+00:00","description":"Pistolas GLOCK \u00e0 venda, A Glock 43 \u00e9 nossa nova pistola de 9 mm de pilha \u00fanica. A G43 \u00e9 o lan\u00e7amento mais desejado e aguardado da hist\u00f3ria da Glock.","breadcrumb":{"@id":"https:\/\/www.gunmeplug.com\/es\/producto\/glock-g43-9mm-subcompact-pistol-usa-ui4350201\/#breadcrumb"},"inLanguage":"pt-BR","potentialAction":[{"@type":"ReadAction","target":["https:\/\/www.gunmeplug.com\/es\/producto\/glock-g43-9mm-subcompact-pistol-usa-ui4350201\/"]}]},{"@type":"ImageObject","inLanguage":"pt-BR","@id":"https:\/\/www.gunmeplug.com\/es\/producto\/glock-g43-9mm-subcompact-pistol-usa-ui4350201\/#primaryimage","url":"https:\/\/www.gunmeplug.com\/wp-content\/uploads\/2021\/04\/glock-g43-9mm-subcompact-pistol-ui4350201.jpg","contentUrl":"https:\/\/www.gunmeplug.com\/wp-content\/uploads\/2021\/04\/glock-g43-9mm-subcompact-pistol-ui4350201.jpg","width":600,"height":600,"caption":"GLOCK Pistols For Sale"},{"@type":"BreadcrumbList","@id":"https:\/\/www.gunmeplug.com\/es\/producto\/glock-g43-9mm-subcompact-pistol-usa-ui4350201\/#breadcrumb","itemListElement":[{"@type":"ListItem","position":1,"name":"Home","item":"https:\/\/www.gunmeplug.com\/es\/"},{"@type":"ListItem","position":2,"name":"Shop","item":"https:\/\/www.gunmeplug.com\/es\/shop\/"},{"@type":"ListItem","position":3,"name":"Glock G43 9mm Subcompact Pistol USA UI4350201"}]},{"@type":"WebSite","@id":"https:\/\/www.gunmeplug.com\/#website","url":"https:\/\/www.gunmeplug.com\/","name":"Comprar arma on-line EUA","description":"FireArms para venda online","potentialAction":[{"@type":"SearchAction","target":{"@type":"EntryPoint","urlTemplate":"https:\/\/www.gunmeplug.com\/?s={search_term_string}"},"query-input":{"@type":"PropertyValueSpecification","valueRequired":true,"valueName":"search_term_string"}}],"inLanguage":"pt-BR"}]}},"_links":{"self":[{"href":"https:\/\/www.gunmeplug.com\/pt\/wp-json\/wp\/v2\/product\/3164","targetHints":{"allow":["GET"]}}],"collection":[{"href":"https:\/\/www.gunmeplug.com\/pt\/wp-json\/wp\/v2\/product"}],"about":[{"href":"https:\/\/www.gunmeplug.com\/pt\/wp-json\/wp\/v2\/types\/product"}],"wp:featuredmedia":[{"embeddable":true,"href":"https:\/\/www.gunmeplug.com\/pt\/wp-json\/wp\/v2\/media\/3166"}],"wp:attachment":[{"href":"https:\/\/www.gunmeplug.com\/pt\/wp-json\/wp\/v2\/media?parent=3164"}],"wp:term":[{"taxonomy":"product_brand","embeddable":true,"href":"https:\/\/www.gunmeplug.com\/pt\/wp-json\/wp\/v2\/product_brand?post=3164"},{"taxonomy":"product_cat","embeddable":true,"href":"https:\/\/www.gunmeplug.com\/pt\/wp-json\/wp\/v2\/product_cat?post=3164"},{"taxonomy":"product_tag","embeddable":true,"href":"https:\/\/www.gunmeplug.com\/pt\/wp-json\/wp\/v2\/product_tag?post=3164"}],"curies":[{"name":"wp","href":"https:\/\/api.w.org\/{rel}","templated":true}]}}