{"id":3152,"date":"2021-04-08T06:30:30","date_gmt":"2021-04-08T06:30:30","guid":{"rendered":"https:\/\/www.gunmeplug.com\/?post_type=product&#038;p=3152"},"modified":"2025-06-08T03:02:25","modified_gmt":"2025-06-08T03:02:25","slug":"henry-big-boy-x-model-44-mag-44-special-lever-action-4rd-17-4-rifle-h012x","status":"publish","type":"product","link":"https:\/\/www.gunmeplug.com\/pt\/produto\/henry-big-boy-x-model-44-mag-44-special-lever-action-4rd-17-4-rifle-h012x\/","title":{"rendered":"Henry Big Boy X Model .44 Mag\/.44 Special Lever Action 7rd 17.4&#8243; Rifle H012X"},"content":{"rendered":"<h1><strong>Combinando Performance Moderna com Linhagem de Alavanca de A\u00e7\u00e3o Cl\u00e1ssica<\/strong><\/h1>\n<p>Modelo Henry x 44 mag para venda , O modelo Big Boy X-Model vem com uma longa lista de alto desempenho <a href=\"https:\/\/www.gunmeplug.com\/pt\/produto\/ar-15-rifles-for-sale\/\">caracter\u00edsticas<\/a> e muito espa\u00e7o para mais. Os m\u00f3veis sint\u00e9ticos de longa dura\u00e7\u00e3o apresentam pontos de montagem de lingas integrados, uma almofada de borracha forte para recuo e ranhuras de acess\u00f3rios Picatinny e M-Lok para instalar o equipamento que voc\u00ea precisa para o trabalho. As vistas da fibra \u00f3ptica para a frente e para tr\u00e1s do cano de carabina s\u00e3o muito vis\u00edveis, e a extremidade do focinho \u00e9 rosqueada (passo de rosca 5\/824) para levar um supressor ou outro dispositivo de focinho. Suas roscas do chanfro ser\u00e3o protegidas com um protetor de rosca aparafusado.<\/p>\n<p>For easy unloading, the Big Boy X Model has a 7-round removable tube magazine, and the inclusion of a side loading gate allows the magazine to be filled off without removing the tube or suppressor. The Big Boy X Model is one rifle capable of many different jobs, whether it&#8217;s geared up to be your bedside protector, truck gun, deer rifle, or Saturday range day show-off piece.<\/p>\n<h2>Henry Repeating Arms X Modelo on-line no Gunmeplug.com<\/h2>\n<p>O Lever X Modelo.45-70 da Henry Repeating Arms Company mistura a praticidade de sua tecnologia de bra\u00e7os de repeti\u00e7\u00e3o de a\u00e7\u00e3o com quase 160 anos de idade com modernos m\u00f3veis de pol\u00edmero, miras de fibra \u00f3ptica, ranhuras M-LOK e um trilho MIL-STD-1913 Picatinny. Ela o faz substituindo a nogueira americana brilhante e o lat\u00e3o brilhante por Henry modelo x 44 mag fosco preto para venda.<\/p>\n<p>The.45-70 X Model can hold four rounds. It has a thick blued steel barrel that is 19.8 inches long with a 1:20 twist rate and a 5\/8\u201dx24 TPI thread on the front. It has a 14&#8243; draw length, a 38.6&#8243; overall length, and weighs 7.4 pounds.<\/p>\n<p>Esta pistola remete \u00e0 Guerra Civil Americana e ao Oeste Selvagem, mas tem a mancha, a operabilidade confi\u00e1vel e a a\u00e7\u00e3o suave da tecnologia moderna. Uma vis\u00e3o frontal de fibra \u00f3tica de rabo de pomba se assenta no topo de uma rampa do canh\u00e3o. Sua contraparte de fibra \u00f3tica na parte de tr\u00e1s \u00e9 totalmente ajust\u00e1vel para a eleva\u00e7\u00e3o e o vento, bem como sentada em uma rampa para maior eleva\u00e7\u00e3o. O canh\u00e3o \u00e9 furado e batido para s<a href=\"https:\/\/en.wikipedia.org\/wiki\/Gun#Military\">copes<\/a> e vem com uma montagem de escopo Weaver 63B.<\/p>\n<p>O receptor \u00e9 de a\u00e7o azulado, a parte dianteira e o traseiro s\u00e3o de pol\u00edmero sint\u00e9tico preto fosco, e a almofada \u00e9 de borracha s\u00f3lida preta para recuo. Para uma excelente ader\u00eancia, a forrageira foi trabalhada de forma inteligente com uma agrad\u00e1vel protuber\u00e2ncia. Tem uma ranhura M-LOK em ambos os lados e uma calha Picatinny de 4 ranhuras abaixo da parte da frente.<\/p>","protected":false},"excerpt":{"rendered":"<p>Combining Modern Performance with Classic Lever Action Lineage Henry model x 44 mag for sale , The Big Boy X-Model comes with a long list of high-performance features and lots of room for more. The long-lasting synthetic furniture features integrated sling mounting points, a strong rubber recoil pad, and Picatinny and M-Lok accessory slots for [&hellip;]<\/p>","protected":false},"featured_media":3154,"template":"","meta":{"_acf_changed":false,"_joinchat":[]},"product_brand":[],"product_cat":[166],"product_tag":[216,225,222,221,219,224,218,215,210,220,213,217,214,223,211,212],"class_list":{"0":"post-3152","1":"product","2":"type-product","3":"status-publish","4":"has-post-thumbnail","6":"product_cat-rifles","7":"product_tag-henry-357-rifles-for-sale","8":"product_tag-henry-big-boy-x-accessories","9":"product_tag-henry-big-boy-x-in-stock","10":"product_tag-henry-big-boy-x-model-for-sale","11":"product_tag-henry-big-boy-x-model-357","12":"product_tag-henry-big-boy-x-model-357-review","13":"product_tag-henry-big-boy-x-model-45-colt-for-sale","14":"product_tag-henry-model-x-357-in-stock","15":"product_tag-henry-model-x-44-mag-for-sale","16":"product_tag-henry-model-x-for-sale-near-me","17":"product_tag-henry-x-44-magnum-rifle","18":"product_tag-henry-x-model-357-for-sale","19":"product_tag-henry-x-model-44-mag","20":"product_tag-henry-x-model-44-mag-review","21":"product_tag-henry-x-rifle-in-stock","22":"product_tag-henry-x-series-rifles-for-sale","24":"first","25":"instock","26":"sale","27":"shipping-taxable","28":"purchasable","29":"product-type-simple"},"acf":[],"yoast_head":"<!-- This site is optimized with the Yoast SEO plugin v26.3 - https:\/\/yoast.com\/wordpress\/plugins\/seo\/ -->\n<title>Henry model x 44 mag for sale | Big Boy X Model | Henry Repeating Arms<\/title>\n<meta name=\"description\" content=\"Henry model x 44 mag for sale, Henry Big Boy X Model .44 Mag Lever-Action Rifle, 17.4\u2033 Threaded Barrel, Black Synthetic Stock \u2013 Henry H012X\" \/>\n<meta name=\"robots\" content=\"index, follow, max-snippet:-1, max-image-preview:large, max-video-preview:-1\" \/>\n<link rel=\"canonical\" href=\"https:\/\/www.gunmeplug.com\/pt\/produto\/henry-big-boy-x-model-44-mag-44-special-lever-action-4rd-17-4-rifle-h012x\/\" \/>\n<meta property=\"og:locale\" content=\"pt_BR\" \/>\n<meta property=\"og:type\" content=\"article\" \/>\n<meta property=\"og:title\" content=\"Henry model x 44 mag for sale | Big Boy X Model | Henry Repeating Arms\" \/>\n<meta property=\"og:description\" content=\"Henry model x 44 mag for sale, Henry Big Boy X Model .44 Mag Lever-Action Rifle, 17.4\u2033 Threaded Barrel, Black Synthetic Stock \u2013 Henry H012X\" \/>\n<meta property=\"og:url\" content=\"https:\/\/www.gunmeplug.com\/pt\/produto\/henry-big-boy-x-model-44-mag-44-special-lever-action-4rd-17-4-rifle-h012x\/\" \/>\n<meta property=\"og:site_name\" content=\"Buy gun online USA\" \/>\n<meta property=\"article:modified_time\" content=\"2025-06-08T03:02:25+00:00\" \/>\n<meta property=\"og:image\" content=\"https:\/\/www.gunmeplug.com\/wp-content\/uploads\/2021\/04\/henry-big-boy-x-model-44-mag-44-special-lever-action-4rd-17-4-rifle-h012x.jpg\" \/>\n\t<meta property=\"og:image:width\" content=\"600\" \/>\n\t<meta property=\"og:image:height\" content=\"600\" \/>\n\t<meta property=\"og:image:type\" content=\"image\/jpeg\" \/>\n<meta name=\"twitter:card\" content=\"summary_large_image\" \/>\n<meta name=\"twitter:label1\" content=\"Est. tempo de leitura\" \/>\n\t<meta name=\"twitter:data1\" content=\"2 minutos\" \/>\n<script type=\"application\/ld+json\" class=\"yoast-schema-graph\">{\"@context\":\"https:\/\/schema.org\",\"@graph\":[{\"@type\":\"WebPage\",\"@id\":\"https:\/\/www.gunmeplug.com\/hu\/termek\/henry-big-boy-x-model-44-mag-44-special-lever-action-4rd-17-4-rifle-h012x\/\",\"url\":\"https:\/\/www.gunmeplug.com\/hu\/termek\/henry-big-boy-x-model-44-mag-44-special-lever-action-4rd-17-4-rifle-h012x\/\",\"name\":\"Henry model x 44 mag for sale | Big Boy X Model | Henry Repeating Arms\",\"isPartOf\":{\"@id\":\"https:\/\/www.gunmeplug.com\/#website\"},\"primaryImageOfPage\":{\"@id\":\"https:\/\/www.gunmeplug.com\/hu\/termek\/henry-big-boy-x-model-44-mag-44-special-lever-action-4rd-17-4-rifle-h012x\/#primaryimage\"},\"image\":{\"@id\":\"https:\/\/www.gunmeplug.com\/hu\/termek\/henry-big-boy-x-model-44-mag-44-special-lever-action-4rd-17-4-rifle-h012x\/#primaryimage\"},\"thumbnailUrl\":\"https:\/\/www.gunmeplug.com\/wp-content\/uploads\/2021\/04\/henry-big-boy-x-model-44-mag-44-special-lever-action-4rd-17-4-rifle-h012x.jpg\",\"datePublished\":\"2021-04-08T06:30:30+00:00\",\"dateModified\":\"2025-06-08T03:02:25+00:00\",\"description\":\"Henry model x 44 mag for sale, Henry Big Boy X Model .44 Mag Lever-Action Rifle, 17.4\u2033 Threaded Barrel, Black Synthetic Stock \u2013 Henry H012X\",\"breadcrumb\":{\"@id\":\"https:\/\/www.gunmeplug.com\/hu\/termek\/henry-big-boy-x-model-44-mag-44-special-lever-action-4rd-17-4-rifle-h012x\/#breadcrumb\"},\"inLanguage\":\"pt-BR\",\"potentialAction\":[{\"@type\":\"ReadAction\",\"target\":[\"https:\/\/www.gunmeplug.com\/hu\/termek\/henry-big-boy-x-model-44-mag-44-special-lever-action-4rd-17-4-rifle-h012x\/\"]}]},{\"@type\":\"ImageObject\",\"inLanguage\":\"pt-BR\",\"@id\":\"https:\/\/www.gunmeplug.com\/hu\/termek\/henry-big-boy-x-model-44-mag-44-special-lever-action-4rd-17-4-rifle-h012x\/#primaryimage\",\"url\":\"https:\/\/www.gunmeplug.com\/wp-content\/uploads\/2021\/04\/henry-big-boy-x-model-44-mag-44-special-lever-action-4rd-17-4-rifle-h012x.jpg\",\"contentUrl\":\"https:\/\/www.gunmeplug.com\/wp-content\/uploads\/2021\/04\/henry-big-boy-x-model-44-mag-44-special-lever-action-4rd-17-4-rifle-h012x.jpg\",\"width\":600,\"height\":600,\"caption\":\"Henry model x 44 mag for sale\"},{\"@type\":\"BreadcrumbList\",\"@id\":\"https:\/\/www.gunmeplug.com\/hu\/termek\/henry-big-boy-x-model-44-mag-44-special-lever-action-4rd-17-4-rifle-h012x\/#breadcrumb\",\"itemListElement\":[{\"@type\":\"ListItem\",\"position\":1,\"name\":\"Home\",\"item\":\"https:\/\/www.gunmeplug.com\/es\/\"},{\"@type\":\"ListItem\",\"position\":2,\"name\":\"Shop\",\"item\":\"https:\/\/www.gunmeplug.com\/es\/shop\/\"},{\"@type\":\"ListItem\",\"position\":3,\"name\":\"Henry Big Boy X Model .44 Mag\/.44 Special Lever Action 7rd 17.4&#8243; Rifle H012X\"}]},{\"@type\":\"WebSite\",\"@id\":\"https:\/\/www.gunmeplug.com\/#website\",\"url\":\"https:\/\/www.gunmeplug.com\/\",\"name\":\"Buy gun online USA\",\"description\":\"FireArms for sale online \",\"potentialAction\":[{\"@type\":\"SearchAction\",\"target\":{\"@type\":\"EntryPoint\",\"urlTemplate\":\"https:\/\/www.gunmeplug.com\/?s={search_term_string}\"},\"query-input\":{\"@type\":\"PropertyValueSpecification\",\"valueRequired\":true,\"valueName\":\"search_term_string\"}}],\"inLanguage\":\"pt-BR\"}]}<\/script>\n<!-- \/ Yoast SEO plugin. -->","yoast_head_json":{"title":"Henry modelo x 44 mag para venda | Big Boy X Modelo | Henry Repeating Arms","description":"Henry model x 44 mag for sale, Henry Big Boy X Model .44 Mag Lever-Action Rifle, 17.4\u2033 Threaded Barrel, Black Synthetic Stock \u2013 Henry H012X","robots":{"index":"index","follow":"follow","max-snippet":"max-snippet:-1","max-image-preview":"max-image-preview:large","max-video-preview":"max-video-preview:-1"},"canonical":"https:\/\/www.gunmeplug.com\/pt\/produto\/henry-big-boy-x-model-44-mag-44-special-lever-action-4rd-17-4-rifle-h012x\/","og_locale":"pt_BR","og_type":"article","og_title":"Henry model x 44 mag for sale | Big Boy X Model | Henry Repeating Arms","og_description":"Henry model x 44 mag for sale, Henry Big Boy X Model .44 Mag Lever-Action Rifle, 17.4\u2033 Threaded Barrel, Black Synthetic Stock \u2013 Henry H012X","og_url":"https:\/\/www.gunmeplug.com\/pt\/produto\/henry-big-boy-x-model-44-mag-44-special-lever-action-4rd-17-4-rifle-h012x\/","og_site_name":"Buy gun online USA","article_modified_time":"2025-06-08T03:02:25+00:00","og_image":[{"width":600,"height":600,"url":"https:\/\/www.gunmeplug.com\/wp-content\/uploads\/2021\/04\/henry-big-boy-x-model-44-mag-44-special-lever-action-4rd-17-4-rifle-h012x.jpg","type":"image\/jpeg"}],"twitter_card":"summary_large_image","twitter_misc":{"Est. tempo de leitura":"2 minutos"},"schema":{"@context":"https:\/\/schema.org","@graph":[{"@type":"WebPage","@id":"https:\/\/www.gunmeplug.com\/hu\/termek\/henry-big-boy-x-model-44-mag-44-special-lever-action-4rd-17-4-rifle-h012x\/","url":"https:\/\/www.gunmeplug.com\/hu\/termek\/henry-big-boy-x-model-44-mag-44-special-lever-action-4rd-17-4-rifle-h012x\/","name":"Henry modelo x 44 mag para venda | Big Boy X Modelo | Henry Repeating Arms","isPartOf":{"@id":"https:\/\/www.gunmeplug.com\/#website"},"primaryImageOfPage":{"@id":"https:\/\/www.gunmeplug.com\/hu\/termek\/henry-big-boy-x-model-44-mag-44-special-lever-action-4rd-17-4-rifle-h012x\/#primaryimage"},"image":{"@id":"https:\/\/www.gunmeplug.com\/hu\/termek\/henry-big-boy-x-model-44-mag-44-special-lever-action-4rd-17-4-rifle-h012x\/#primaryimage"},"thumbnailUrl":"https:\/\/www.gunmeplug.com\/wp-content\/uploads\/2021\/04\/henry-big-boy-x-model-44-mag-44-special-lever-action-4rd-17-4-rifle-h012x.jpg","datePublished":"2021-04-08T06:30:30+00:00","dateModified":"2025-06-08T03:02:25+00:00","description":"Henry model x 44 mag for sale, Henry Big Boy X Model .44 Mag Lever-Action Rifle, 17.4\u2033 Threaded Barrel, Black Synthetic Stock \u2013 Henry H012X","breadcrumb":{"@id":"https:\/\/www.gunmeplug.com\/hu\/termek\/henry-big-boy-x-model-44-mag-44-special-lever-action-4rd-17-4-rifle-h012x\/#breadcrumb"},"inLanguage":"pt-BR","potentialAction":[{"@type":"ReadAction","target":["https:\/\/www.gunmeplug.com\/hu\/termek\/henry-big-boy-x-model-44-mag-44-special-lever-action-4rd-17-4-rifle-h012x\/"]}]},{"@type":"ImageObject","inLanguage":"pt-BR","@id":"https:\/\/www.gunmeplug.com\/hu\/termek\/henry-big-boy-x-model-44-mag-44-special-lever-action-4rd-17-4-rifle-h012x\/#primaryimage","url":"https:\/\/www.gunmeplug.com\/wp-content\/uploads\/2021\/04\/henry-big-boy-x-model-44-mag-44-special-lever-action-4rd-17-4-rifle-h012x.jpg","contentUrl":"https:\/\/www.gunmeplug.com\/wp-content\/uploads\/2021\/04\/henry-big-boy-x-model-44-mag-44-special-lever-action-4rd-17-4-rifle-h012x.jpg","width":600,"height":600,"caption":"Henry model x 44 mag for sale"},{"@type":"BreadcrumbList","@id":"https:\/\/www.gunmeplug.com\/hu\/termek\/henry-big-boy-x-model-44-mag-44-special-lever-action-4rd-17-4-rifle-h012x\/#breadcrumb","itemListElement":[{"@type":"ListItem","position":1,"name":"Home","item":"https:\/\/www.gunmeplug.com\/es\/"},{"@type":"ListItem","position":2,"name":"Shop","item":"https:\/\/www.gunmeplug.com\/es\/shop\/"},{"@type":"ListItem","position":3,"name":"Henry Big Boy X Model .44 Mag\/.44 Special Lever Action 7rd 17.4&#8243; Rifle H012X"}]},{"@type":"WebSite","@id":"https:\/\/www.gunmeplug.com\/#website","url":"https:\/\/www.gunmeplug.com\/","name":"Comprar arma on-line EUA","description":"FireArms para venda online","potentialAction":[{"@type":"SearchAction","target":{"@type":"EntryPoint","urlTemplate":"https:\/\/www.gunmeplug.com\/?s={search_term_string}"},"query-input":{"@type":"PropertyValueSpecification","valueRequired":true,"valueName":"search_term_string"}}],"inLanguage":"pt-BR"}]}},"_links":{"self":[{"href":"https:\/\/www.gunmeplug.com\/pt\/wp-json\/wp\/v2\/product\/3152","targetHints":{"allow":["GET"]}}],"collection":[{"href":"https:\/\/www.gunmeplug.com\/pt\/wp-json\/wp\/v2\/product"}],"about":[{"href":"https:\/\/www.gunmeplug.com\/pt\/wp-json\/wp\/v2\/types\/product"}],"wp:featuredmedia":[{"embeddable":true,"href":"https:\/\/www.gunmeplug.com\/pt\/wp-json\/wp\/v2\/media\/3154"}],"wp:attachment":[{"href":"https:\/\/www.gunmeplug.com\/pt\/wp-json\/wp\/v2\/media?parent=3152"}],"wp:term":[{"taxonomy":"product_brand","embeddable":true,"href":"https:\/\/www.gunmeplug.com\/pt\/wp-json\/wp\/v2\/product_brand?post=3152"},{"taxonomy":"product_cat","embeddable":true,"href":"https:\/\/www.gunmeplug.com\/pt\/wp-json\/wp\/v2\/product_cat?post=3152"},{"taxonomy":"product_tag","embeddable":true,"href":"https:\/\/www.gunmeplug.com\/pt\/wp-json\/wp\/v2\/product_tag?post=3152"}],"curies":[{"name":"wp","href":"https:\/\/api.w.org\/{rel}","templated":true}]}}