{"id":3130,"date":"2021-04-06T09:22:51","date_gmt":"2021-04-06T09:22:51","guid":{"rendered":"https:\/\/www.gunmeplug.com\/?post_type=product&#038;p=3130"},"modified":"2025-08-23T03:24:27","modified_gmt":"2025-08-23T03:24:27","slug":"ar-15-rifles-for-sale","status":"publish","type":"product","link":"https:\/\/www.gunmeplug.com\/pt\/produto\/ar-15-rifles-for-sale\/","title":{"rendered":"Smith &#038; Wesson M&#038;P15 Sport II M-LOK .223\/5.56 AR-15 Rifle 10305 30+1 16&#8243;"},"content":{"rendered":"<p><strong>AR15 RIFLES<\/strong><br \/>\nAR-15-Rifles-for-Sale, O rifle AR-15 \u00e9 um rifle semi-autom\u00e1tico leve baseado no modelo militar Colt AR-15 ou M16. Em 1956, a ArmaLite projetou uma espingarda de assalto leve para uso militar e a designou como ArmaLite Rifle-15, ou AR-15. Surgiu um mercado com muitos fabricantes produzindo sua pr\u00f3pria vers\u00e3o do <a href=\"https:\/\/www.gunmeplug.com\/pt\/\">AR-15<\/a> design for commercial sale. They are referred to as modern sporting rifle by the National Shooting Sports Foundation. AR-15 style rifles and AR-15 Pistols have become one of the most beloved and most vilified firearms in the United States. The rifle has been promoted as &#8220;America&#8217;s rifle&#8221; by the National Rifle Association. Atlantic Firearms offers a wide variety of AR15 Rifles for sale. You may also want to check out the AR15 Pistols with Arm Brace.<\/p>\n<p>A Smith &amp; Wesson M&amp;P15 Sport II agora vem com m\u00f3veis Magpul MOE M-LOK, o que proporciona redu\u00e7\u00e3o de peso e melhora sua experi\u00eancia de tiro. As espingardas M&amp;P15 s\u00e3o a espingarda esportiva moderna ideal. Constru\u00eddas para realizar m\u00faltiplos usos sob v\u00e1rias condi\u00e7\u00f5es, as espingardas M&amp;P15 s\u00e3o t\u00e3o vers\u00e1teis quanto confi\u00e1veis. Projetadas para uma grande variedade de aplica\u00e7\u00f5es recreativas, AR-15-Rifles-for-Sale, tiro esportivo e profissionais, as espingardas M&amp;P15 s\u00e3o f\u00e1ceis de acessar, mas dif\u00edceis de colocar no ch\u00e3o. As espingardas M&amp;P15 s\u00e3o leves e robustas, incorporando a melhor combina\u00e7\u00e3o de fun\u00e7\u00e3o e forma.<\/p>\n<p>AR-15-Rifles-for-Sale<\/p>\n<p>AR-15 80% RECEPTOR FORJADO INFERIOR<\/p>\n<p>AR15 FABRICA\u00c7\u00c3O DE ESPINGARDAS E PESSOAS -B2-K850-AA00 -712038922260<\/p>\n<p>ESPINGARDA AR15 COMPLETA MAIS BAIXA COM 6 POSI\u00c7\u00d5ES DE ESTOQUE - ATI OMNI<\/p>\n<p>AR-15 PISTOLA -ATI GOMX556P4 OMNI HYBRID MAXX<\/p>\n<p>ATI OMNI HYBRID MAXX RIA P3P RIFLE- GOMX556MP3P<\/p>\n<p>RIACHO URSO AR15 RIFLE .223 WYLDE- CR223WCM41618P-15M3CC<\/p>\n<p>BARRETT REC7 DI FIGHTER CARBINE 5,56- BAR18967<\/p>\n<ul class=\"b_vList b_divsec\">\n<li data-priority=\"\"><strong>ar personalizado<\/strong>\u00a0espingardas para venda<\/li>\n<li data-priority=\"\"><strong>fuzil de assalto<\/strong>\u00a0para venda\u00a0<strong>perto de mim<\/strong><\/li>\n<li data-priority=\"\">ar15\u00a0<strong>completo<\/strong>\u00a0espingardas para venda<\/li>\n<li data-priority=\"\"><strong>colt ar15a4 rifle<\/strong>\u00a0para venda<\/li>\n<li data-priority=\"\"><strong>ar<\/strong>\u00a0espingardas para venda\u00a0<strong>barato<\/strong><\/li>\n<li data-priority=\"\"><strong>bushmaster ar 15<\/strong>\u00a0para venda<\/li>\n<li data-priority=\"\"><strong>cabelas bushmaster ar 15<\/strong>\u00a0venda<\/li>\n<li data-priority=\"\">ar15&#8242;<strong>s<\/strong>\u00a0para venda\u00a0<strong>menos de 600 em estoque<\/strong><\/li>\n<\/ul>","protected":false},"excerpt":{"rendered":"<p>AR15 RIFLES AR-15-Rifles-for-Sale, A espingarda AR-15 \u00e9 uma espingarda semi-autom\u00e1tica leve baseada no design militar Colt AR-15 ou M16. Em 1956, a ArmaLite projetou uma espingarda de assalto leve para uso militar e a designou como ArmaLite Rifle-15, ou AR-15. Surgiu um mercado com muitos fabricantes produzindo sua pr\u00f3pria vers\u00e3o do design AR-15 para uso comercial [...].<\/p>","protected":false},"featured_media":3131,"template":"","meta":{"_acf_changed":false,"_joinchat":[]},"product_brand":[],"product_cat":[166],"product_tag":[],"class_list":{"0":"post-3130","1":"product","2":"type-product","3":"status-publish","4":"has-post-thumbnail","6":"product_cat-rifles","8":"first","9":"instock","10":"featured","11":"shipping-taxable","12":"purchasable","13":"product-type-simple"},"acf":[],"yoast_head":"<!-- This site is optimized with the Yoast SEO plugin v26.3 - https:\/\/yoast.com\/wordpress\/plugins\/seo\/ -->\n<title>AR-15-Rifles-for-Sale, Shop AR-15 Rifles online, ar15 complete rifles<\/title>\n<meta name=\"description\" content=\"AR-15-Rifles-for-Sale, AR-15 style rifles and AR-15 Pistols have become one of the most beloved and most vilified firearms in the USA\" \/>\n<meta name=\"robots\" content=\"index, follow, max-snippet:-1, max-image-preview:large, max-video-preview:-1\" \/>\n<link rel=\"canonical\" href=\"https:\/\/www.gunmeplug.com\/pt\/produto\/ar-15-rifles-for-sale\/\" \/>\n<meta property=\"og:locale\" content=\"pt_BR\" \/>\n<meta property=\"og:type\" content=\"article\" \/>\n<meta property=\"og:title\" content=\"AR-15-Rifles-for-Sale, Shop AR-15 Rifles online, ar15 complete rifles\" \/>\n<meta property=\"og:description\" content=\"AR-15-Rifles-for-Sale, AR-15 style rifles and AR-15 Pistols have become one of the most beloved and most vilified firearms in the USA\" \/>\n<meta property=\"og:url\" content=\"https:\/\/www.gunmeplug.com\/pt\/produto\/ar-15-rifles-for-sale\/\" \/>\n<meta property=\"og:site_name\" content=\"Buy gun online USA\" \/>\n<meta property=\"article:modified_time\" content=\"2025-08-23T03:24:27+00:00\" \/>\n<meta property=\"og:image\" content=\"https:\/\/www.gunmeplug.com\/wp-content\/uploads\/2021\/04\/smith-wesson-m-p15-sport-ii-5-56-nato-223rem-16-rifle-30-1-10305.jpg\" \/>\n\t<meta property=\"og:image:width\" content=\"600\" \/>\n\t<meta property=\"og:image:height\" content=\"600\" \/>\n\t<meta property=\"og:image:type\" content=\"image\/jpeg\" \/>\n<meta name=\"twitter:card\" content=\"summary_large_image\" \/>\n<meta name=\"twitter:label1\" content=\"Est. tempo de leitura\" \/>\n\t<meta name=\"twitter:data1\" content=\"2 minutos\" \/>\n<script type=\"application\/ld+json\" class=\"yoast-schema-graph\">{\"@context\":\"https:\/\/schema.org\",\"@graph\":[{\"@type\":\"WebPage\",\"@id\":\"https:\/\/www.gunmeplug.com\/it\/prodotto\/fucili-ar-15-in-vendita\/\",\"url\":\"https:\/\/www.gunmeplug.com\/it\/prodotto\/fucili-ar-15-in-vendita\/\",\"name\":\"AR-15-Rifles-for-Sale, Shop AR-15 Rifles online, ar15 complete rifles\",\"isPartOf\":{\"@id\":\"https:\/\/www.gunmeplug.com\/#website\"},\"primaryImageOfPage\":{\"@id\":\"https:\/\/www.gunmeplug.com\/it\/prodotto\/fucili-ar-15-in-vendita\/#primaryimage\"},\"image\":{\"@id\":\"https:\/\/www.gunmeplug.com\/it\/prodotto\/fucili-ar-15-in-vendita\/#primaryimage\"},\"thumbnailUrl\":\"https:\/\/www.gunmeplug.com\/wp-content\/uploads\/2021\/04\/smith-wesson-m-p15-sport-ii-5-56-nato-223rem-16-rifle-30-1-10305.jpg\",\"datePublished\":\"2021-04-06T09:22:51+00:00\",\"dateModified\":\"2025-08-23T03:24:27+00:00\",\"description\":\"AR-15-Rifles-for-Sale, AR-15 style rifles and AR-15 Pistols have become one of the most beloved and most vilified firearms in the USA\",\"breadcrumb\":{\"@id\":\"https:\/\/www.gunmeplug.com\/it\/prodotto\/fucili-ar-15-in-vendita\/#breadcrumb\"},\"inLanguage\":\"pt-BR\",\"potentialAction\":[{\"@type\":\"ReadAction\",\"target\":[\"https:\/\/www.gunmeplug.com\/it\/prodotto\/fucili-ar-15-in-vendita\/\"]}]},{\"@type\":\"ImageObject\",\"inLanguage\":\"pt-BR\",\"@id\":\"https:\/\/www.gunmeplug.com\/it\/prodotto\/fucili-ar-15-in-vendita\/#primaryimage\",\"url\":\"https:\/\/www.gunmeplug.com\/wp-content\/uploads\/2021\/04\/smith-wesson-m-p15-sport-ii-5-56-nato-223rem-16-rifle-30-1-10305.jpg\",\"contentUrl\":\"https:\/\/www.gunmeplug.com\/wp-content\/uploads\/2021\/04\/smith-wesson-m-p15-sport-ii-5-56-nato-223rem-16-rifle-30-1-10305.jpg\",\"width\":600,\"height\":600,\"caption\":\"AR-15-Rifles-for-Sale\"},{\"@type\":\"BreadcrumbList\",\"@id\":\"https:\/\/www.gunmeplug.com\/it\/prodotto\/fucili-ar-15-in-vendita\/#breadcrumb\",\"itemListElement\":[{\"@type\":\"ListItem\",\"position\":1,\"name\":\"Home\",\"item\":\"https:\/\/www.gunmeplug.com\/es\/\"},{\"@type\":\"ListItem\",\"position\":2,\"name\":\"Shop\",\"item\":\"https:\/\/www.gunmeplug.com\/es\/shop\/\"},{\"@type\":\"ListItem\",\"position\":3,\"name\":\"Smith &#038; Wesson M&#038;P15 Sport II M-LOK .223\/5.56 AR-15 Rifle 10305 30+1 16&#8243;\"}]},{\"@type\":\"WebSite\",\"@id\":\"https:\/\/www.gunmeplug.com\/#website\",\"url\":\"https:\/\/www.gunmeplug.com\/\",\"name\":\"Buy gun online USA\",\"description\":\"FireArms for sale online \",\"potentialAction\":[{\"@type\":\"SearchAction\",\"target\":{\"@type\":\"EntryPoint\",\"urlTemplate\":\"https:\/\/www.gunmeplug.com\/?s={search_term_string}\"},\"query-input\":{\"@type\":\"PropertyValueSpecification\",\"valueRequired\":true,\"valueName\":\"search_term_string\"}}],\"inLanguage\":\"pt-BR\"}]}<\/script>\n<!-- \/ Yoast SEO plugin. -->","yoast_head_json":{"title":"AR-15-Rifles-for-Sale, Loja AR-15-Rifles online, ar15 espingardas completas","description":"AR-15-Rifles-for-Sale, espingardas estilo AR-15 e pistolas AR-15 se tornaram uma das armas de fogo mais amadas e vilipendiadas dos EUA","robots":{"index":"index","follow":"follow","max-snippet":"max-snippet:-1","max-image-preview":"max-image-preview:large","max-video-preview":"max-video-preview:-1"},"canonical":"https:\/\/www.gunmeplug.com\/pt\/produto\/ar-15-rifles-for-sale\/","og_locale":"pt_BR","og_type":"article","og_title":"AR-15-Rifles-for-Sale, Shop AR-15 Rifles online, ar15 complete rifles","og_description":"AR-15-Rifles-for-Sale, AR-15 style rifles and AR-15 Pistols have become one of the most beloved and most vilified firearms in the USA","og_url":"https:\/\/www.gunmeplug.com\/pt\/produto\/ar-15-rifles-for-sale\/","og_site_name":"Buy gun online USA","article_modified_time":"2025-08-23T03:24:27+00:00","og_image":[{"width":600,"height":600,"url":"https:\/\/www.gunmeplug.com\/wp-content\/uploads\/2021\/04\/smith-wesson-m-p15-sport-ii-5-56-nato-223rem-16-rifle-30-1-10305.jpg","type":"image\/jpeg"}],"twitter_card":"summary_large_image","twitter_misc":{"Est. tempo de leitura":"2 minutos"},"schema":{"@context":"https:\/\/schema.org","@graph":[{"@type":"WebPage","@id":"https:\/\/www.gunmeplug.com\/it\/prodotto\/fucili-ar-15-in-vendita\/","url":"https:\/\/www.gunmeplug.com\/it\/prodotto\/fucili-ar-15-in-vendita\/","name":"AR-15-Rifles-for-Sale, Loja AR-15-Rifles online, ar15 espingardas completas","isPartOf":{"@id":"https:\/\/www.gunmeplug.com\/#website"},"primaryImageOfPage":{"@id":"https:\/\/www.gunmeplug.com\/it\/prodotto\/fucili-ar-15-in-vendita\/#primaryimage"},"image":{"@id":"https:\/\/www.gunmeplug.com\/it\/prodotto\/fucili-ar-15-in-vendita\/#primaryimage"},"thumbnailUrl":"https:\/\/www.gunmeplug.com\/wp-content\/uploads\/2021\/04\/smith-wesson-m-p15-sport-ii-5-56-nato-223rem-16-rifle-30-1-10305.jpg","datePublished":"2021-04-06T09:22:51+00:00","dateModified":"2025-08-23T03:24:27+00:00","description":"AR-15-Rifles-for-Sale, espingardas estilo AR-15 e pistolas AR-15 se tornaram uma das armas de fogo mais amadas e vilipendiadas dos EUA","breadcrumb":{"@id":"https:\/\/www.gunmeplug.com\/it\/prodotto\/fucili-ar-15-in-vendita\/#breadcrumb"},"inLanguage":"pt-BR","potentialAction":[{"@type":"ReadAction","target":["https:\/\/www.gunmeplug.com\/it\/prodotto\/fucili-ar-15-in-vendita\/"]}]},{"@type":"ImageObject","inLanguage":"pt-BR","@id":"https:\/\/www.gunmeplug.com\/it\/prodotto\/fucili-ar-15-in-vendita\/#primaryimage","url":"https:\/\/www.gunmeplug.com\/wp-content\/uploads\/2021\/04\/smith-wesson-m-p15-sport-ii-5-56-nato-223rem-16-rifle-30-1-10305.jpg","contentUrl":"https:\/\/www.gunmeplug.com\/wp-content\/uploads\/2021\/04\/smith-wesson-m-p15-sport-ii-5-56-nato-223rem-16-rifle-30-1-10305.jpg","width":600,"height":600,"caption":"AR-15-Rifles-for-Sale"},{"@type":"BreadcrumbList","@id":"https:\/\/www.gunmeplug.com\/it\/prodotto\/fucili-ar-15-in-vendita\/#breadcrumb","itemListElement":[{"@type":"ListItem","position":1,"name":"Home","item":"https:\/\/www.gunmeplug.com\/es\/"},{"@type":"ListItem","position":2,"name":"Shop","item":"https:\/\/www.gunmeplug.com\/es\/shop\/"},{"@type":"ListItem","position":3,"name":"Smith &#038; Wesson M&#038;P15 Sport II M-LOK .223\/5.56 AR-15 Rifle 10305 30+1 16&#8243;"}]},{"@type":"WebSite","@id":"https:\/\/www.gunmeplug.com\/#website","url":"https:\/\/www.gunmeplug.com\/","name":"Comprar arma on-line EUA","description":"FireArms para venda online","potentialAction":[{"@type":"SearchAction","target":{"@type":"EntryPoint","urlTemplate":"https:\/\/www.gunmeplug.com\/?s={search_term_string}"},"query-input":{"@type":"PropertyValueSpecification","valueRequired":true,"valueName":"search_term_string"}}],"inLanguage":"pt-BR"}]}},"_links":{"self":[{"href":"https:\/\/www.gunmeplug.com\/pt\/wp-json\/wp\/v2\/product\/3130","targetHints":{"allow":["GET"]}}],"collection":[{"href":"https:\/\/www.gunmeplug.com\/pt\/wp-json\/wp\/v2\/product"}],"about":[{"href":"https:\/\/www.gunmeplug.com\/pt\/wp-json\/wp\/v2\/types\/product"}],"wp:featuredmedia":[{"embeddable":true,"href":"https:\/\/www.gunmeplug.com\/pt\/wp-json\/wp\/v2\/media\/3131"}],"wp:attachment":[{"href":"https:\/\/www.gunmeplug.com\/pt\/wp-json\/wp\/v2\/media?parent=3130"}],"wp:term":[{"taxonomy":"product_brand","embeddable":true,"href":"https:\/\/www.gunmeplug.com\/pt\/wp-json\/wp\/v2\/product_brand?post=3130"},{"taxonomy":"product_cat","embeddable":true,"href":"https:\/\/www.gunmeplug.com\/pt\/wp-json\/wp\/v2\/product_cat?post=3130"},{"taxonomy":"product_tag","embeddable":true,"href":"https:\/\/www.gunmeplug.com\/pt\/wp-json\/wp\/v2\/product_tag?post=3130"}],"curies":[{"name":"wp","href":"https:\/\/api.w.org\/{rel}","templated":true}]}}