{"id":3128,"date":"2021-04-06T09:20:26","date_gmt":"2021-04-06T09:20:26","guid":{"rendered":"https:\/\/www.gunmeplug.com\/?post_type=product&#038;p=3128"},"modified":"2025-07-14T03:35:24","modified_gmt":"2025-07-14T03:35:24","slug":"century-arms-ras47-7-62x39mm-ak-47-semi-automatic-30rd-16-5-rifle-ri2403n","status":"publish","type":"product","link":"https:\/\/www.gunmeplug.com\/pt\/produto\/century-arms-ras47-7-62x39mm-ak-47-semi-automatic-30rd-16-5-rifle-ri2403n\/","title":{"rendered":"Century Arms RAS47 7.62X39mm AK-47 Semi-Automatic 30rd 16.5&#8243; Rifle RI2403N"},"content":{"rendered":"<h1>Rifle Century Arms RAS47 AK<\/h1>\n<p>O Padr\u00e3o do Ex\u00e9rcito Vermelho da Century Arms (RAS47) \u00e9 <a href=\"https:\/\/www.gunmeplug.com\/pt\/produto\/century-arms-ras47-7-62x39mm-ak-47-semi-automatic-30rd-16-5-rifle-ri2403n\/\">1<\/a>00% American-made featuring a 16&#8243; Chrome-moly 4150 nitrate treated barrel and is the first AK side scope rail mount to offer a return to zero capability. Offers four times clamping improvement over traditional side scope <a href=\"https:\/\/en.wikipedia.org\/wiki\/Gun#Military\">trilho<\/a> monta e melhora a aquisi\u00e7\u00e3o de vis\u00e3o para tiros de acompanhamento.<\/p>\n<div class=\"product-primary-details-wrapper\">\n<div id=\"accordion\">\n<div id=\"product-details-wrapper\" class=\"collapse in\" aria-labelledby=\"productDetails\">\n<div class=\"product-description\">\n<p>O Century Arms RAS47 \u00e9 um rifle estilo AK de design americano fabricado 100% nos Estados Unidos. Compartimentado em 7,62x39mm, o RAS47 vem com um carregador de 30 tiros, embora aceite todos os carregadores AK padr\u00e3o. A montagem em trilho de mira lateral RAS47s AK \u00e9 quatro vezes mais confi\u00e1vel que as montagens laterais tradicionais. Equipado com o cabo de pistola Magpul MOE AK e protetor de m\u00e3o, o RAS47 \u00e9 confi\u00e1vel e f\u00e1cil de usar.<\/p>\n<p>Rifle semiautom\u00e1tico estilo AK-47<br \/>\ncapacidade de 30 voltas<br \/>\nMontagem em trilho de escopo lateral AK<br \/>\nReceptor e barril de a\u00e7o<br \/>\nPunho de pistola e protetor de m\u00e3o Magpul MOE AK<\/p>\n<h6>DESCRI\u00c7\u00c3O DO VENDEDOR<\/h6>\n<p>O Century Arms RAS47 \u00e9 um rifle semiautom\u00e1tico com c\u00e2mara de 7,62x39mm com capacidade para 30 tiros mais um. Este rifle estilo AK-47 compat\u00edvel com a Calif\u00f3rnia tem um cano rosqueado de a\u00e7o cromoly de 16,5 polegadas adornado com miras de rifle abertas padr\u00e3o. Os m\u00f3veis de pol\u00edmero preto incluem um cabo de pistola em \u00e2ngulo texturizado e forro forrado para garantir que os usu\u00e1rios tenham uma pegada segura. Este pacote vem com quatro revistas de 30 cartuchos.<\/p>\n<h6>MODIFICA\u00c7\u00d5ES<\/h6>\n<p>4-30 RD MAGS<\/p>\n<table>\n<tbody>\n<tr>\n<td>UPC<\/td>\n<td>GDC0000001984<\/td>\n<\/tr>\n<tr>\n<td>Caliber<\/td>\n<td>7.62X39MM<\/td>\n<\/tr>\n<tr>\n<td>A\u00e7\u00e3o<\/td>\n<td>N\u00c3O ESPECIFICADO<\/td>\n<\/tr>\n<tr>\n<td>Capacidade<\/td>\n<td>30 RODADAS<\/td>\n<\/tr>\n<tr>\n<td>Comprimento do cano<\/td>\n<td>16,5 BARRAIS<\/td>\n<\/tr>\n<tr>\n<td>Peso<\/td>\n<td>8.4<\/td>\n<\/tr>\n<\/tbody>\n<\/table>\n<\/div>\n<\/div>\n<\/div>\n<\/div>\n<div class=\"related-products-wrapper\">\n<div class=\"cross-sell-pdp\">\n<div class=\"cross-sell-carousel-item-container slick-initialized slick-slider\"><\/div>\n<\/div>\n<\/div>","protected":false},"excerpt":{"rendered":"<p>Century Arms RAS47 AK Rifle The Century Arms Red Army Standard (RAS47) is 100% American-made featuring a 16&#8243; Chrome-moly 4150 nitrate treated barrel and is the first AK side scope rail mount to offer a return to zero capability. Offers four times clamping improvement over traditional side scope rail mounts and improves sight acquisition for [&hellip;]<\/p>","protected":false},"featured_media":3129,"template":"","meta":{"_acf_changed":false,"_joinchat":[]},"product_brand":[],"product_cat":[166],"product_tag":[],"class_list":{"0":"post-3128","1":"product","2":"type-product","3":"status-publish","4":"has-post-thumbnail","6":"product_cat-rifles","8":"first","9":"instock","10":"sale","11":"shipping-taxable","12":"purchasable","13":"product-type-simple"},"acf":[],"yoast_head":"<!-- This site is optimized with the Yoast SEO plugin v26.3 - https:\/\/yoast.com\/wordpress\/plugins\/seo\/ -->\n<title>Century Arms RAS47 AK Rifle , Century Arms Ras47 - For Sale<\/title>\n<meta name=\"description\" content=\"Century Arms RAS47 AK Rifle, Find Century Arms RAS-47 For Sale for sale at gunmeplug the best online firearms and outdoor gear site.\" \/>\n<meta name=\"robots\" content=\"index, follow, max-snippet:-1, max-image-preview:large, max-video-preview:-1\" \/>\n<link rel=\"canonical\" href=\"https:\/\/www.gunmeplug.com\/pt\/produto\/century-arms-ras47-7-62x39mm-ak-47-semi-automatic-30rd-16-5-rifle-ri2403n\/\" \/>\n<meta property=\"og:locale\" content=\"pt_BR\" \/>\n<meta property=\"og:type\" content=\"article\" \/>\n<meta property=\"og:title\" content=\"Century Arms RAS47 AK Rifle , Century Arms Ras47 - For Sale\" \/>\n<meta property=\"og:description\" content=\"Century Arms RAS47 AK Rifle, Find Century Arms RAS-47 For Sale for sale at gunmeplug the best online firearms and outdoor gear site.\" \/>\n<meta property=\"og:url\" content=\"https:\/\/www.gunmeplug.com\/pt\/produto\/century-arms-ras47-7-62x39mm-ak-47-semi-automatic-30rd-16-5-rifle-ri2403n\/\" \/>\n<meta property=\"og:site_name\" content=\"Buy gun online USA\" \/>\n<meta property=\"article:modified_time\" content=\"2025-07-14T03:35:24+00:00\" \/>\n<meta property=\"og:image\" content=\"https:\/\/www.gunmeplug.com\/wp-content\/uploads\/2021\/04\/century-arms-ras47-7-62x39-ak-47-semi-automatic-rifle-ri2403n.jpg\" \/>\n\t<meta property=\"og:image:width\" content=\"600\" \/>\n\t<meta property=\"og:image:height\" content=\"600\" \/>\n\t<meta property=\"og:image:type\" content=\"image\/jpeg\" \/>\n<meta name=\"twitter:card\" content=\"summary_large_image\" \/>\n<meta name=\"twitter:label1\" content=\"Est. tempo de leitura\" \/>\n\t<meta name=\"twitter:data1\" content=\"2 minutos\" \/>\n<script type=\"application\/ld+json\" class=\"yoast-schema-graph\">{\"@context\":\"https:\/\/schema.org\",\"@graph\":[{\"@type\":\"WebPage\",\"@id\":\"https:\/\/www.gunmeplug.com\/nl\/product\/century-arms-ras47-7-62x39mm-ak-47-semi-automatic-30rd-16-5-rifle-ri2403n\/\",\"url\":\"https:\/\/www.gunmeplug.com\/nl\/product\/century-arms-ras47-7-62x39mm-ak-47-semi-automatic-30rd-16-5-rifle-ri2403n\/\",\"name\":\"Century Arms RAS47 AK Rifle , Century Arms Ras47 - For Sale\",\"isPartOf\":{\"@id\":\"https:\/\/www.gunmeplug.com\/#website\"},\"primaryImageOfPage\":{\"@id\":\"https:\/\/www.gunmeplug.com\/nl\/product\/century-arms-ras47-7-62x39mm-ak-47-semi-automatic-30rd-16-5-rifle-ri2403n\/#primaryimage\"},\"image\":{\"@id\":\"https:\/\/www.gunmeplug.com\/nl\/product\/century-arms-ras47-7-62x39mm-ak-47-semi-automatic-30rd-16-5-rifle-ri2403n\/#primaryimage\"},\"thumbnailUrl\":\"https:\/\/www.gunmeplug.com\/wp-content\/uploads\/2021\/04\/century-arms-ras47-7-62x39-ak-47-semi-automatic-rifle-ri2403n.jpg\",\"datePublished\":\"2021-04-06T09:20:26+00:00\",\"dateModified\":\"2025-07-14T03:35:24+00:00\",\"description\":\"Century Arms RAS47 AK Rifle, Find Century Arms RAS-47 For Sale for sale at gunmeplug the best online firearms and outdoor gear site.\",\"breadcrumb\":{\"@id\":\"https:\/\/www.gunmeplug.com\/nl\/product\/century-arms-ras47-7-62x39mm-ak-47-semi-automatic-30rd-16-5-rifle-ri2403n\/#breadcrumb\"},\"inLanguage\":\"pt-BR\",\"potentialAction\":[{\"@type\":\"ReadAction\",\"target\":[\"https:\/\/www.gunmeplug.com\/nl\/product\/century-arms-ras47-7-62x39mm-ak-47-semi-automatic-30rd-16-5-rifle-ri2403n\/\"]}]},{\"@type\":\"ImageObject\",\"inLanguage\":\"pt-BR\",\"@id\":\"https:\/\/www.gunmeplug.com\/nl\/product\/century-arms-ras47-7-62x39mm-ak-47-semi-automatic-30rd-16-5-rifle-ri2403n\/#primaryimage\",\"url\":\"https:\/\/www.gunmeplug.com\/wp-content\/uploads\/2021\/04\/century-arms-ras47-7-62x39-ak-47-semi-automatic-rifle-ri2403n.jpg\",\"contentUrl\":\"https:\/\/www.gunmeplug.com\/wp-content\/uploads\/2021\/04\/century-arms-ras47-7-62x39-ak-47-semi-automatic-rifle-ri2403n.jpg\",\"width\":600,\"height\":600,\"caption\":\"Century Arms RAS47 AK Rifle\"},{\"@type\":\"BreadcrumbList\",\"@id\":\"https:\/\/www.gunmeplug.com\/nl\/product\/century-arms-ras47-7-62x39mm-ak-47-semi-automatic-30rd-16-5-rifle-ri2403n\/#breadcrumb\",\"itemListElement\":[{\"@type\":\"ListItem\",\"position\":1,\"name\":\"Home\",\"item\":\"https:\/\/www.gunmeplug.com\/es\/\"},{\"@type\":\"ListItem\",\"position\":2,\"name\":\"Shop\",\"item\":\"https:\/\/www.gunmeplug.com\/es\/shop\/\"},{\"@type\":\"ListItem\",\"position\":3,\"name\":\"Century Arms RAS47 7.62X39mm AK-47 Semi-Automatic 30rd 16.5&#8243; Rifle RI2403N\"}]},{\"@type\":\"WebSite\",\"@id\":\"https:\/\/www.gunmeplug.com\/#website\",\"url\":\"https:\/\/www.gunmeplug.com\/\",\"name\":\"Buy gun online USA\",\"description\":\"FireArms for sale online \",\"potentialAction\":[{\"@type\":\"SearchAction\",\"target\":{\"@type\":\"EntryPoint\",\"urlTemplate\":\"https:\/\/www.gunmeplug.com\/?s={search_term_string}\"},\"query-input\":{\"@type\":\"PropertyValueSpecification\",\"valueRequired\":true,\"valueName\":\"search_term_string\"}}],\"inLanguage\":\"pt-BR\"}]}<\/script>\n<!-- \/ Yoast SEO plugin. -->","yoast_head_json":{"title":"Century Arms RAS47 AK Rifle , Century Arms Ras47 - Para venda","description":"Century Arms RAS47 AK Rifle, encontre Century Arms RAS-47 \u00e0 venda no gunmeplug, o melhor site on-line de armas de fogo e equipamentos para atividades ao ar livre.","robots":{"index":"index","follow":"follow","max-snippet":"max-snippet:-1","max-image-preview":"max-image-preview:large","max-video-preview":"max-video-preview:-1"},"canonical":"https:\/\/www.gunmeplug.com\/pt\/produto\/century-arms-ras47-7-62x39mm-ak-47-semi-automatic-30rd-16-5-rifle-ri2403n\/","og_locale":"pt_BR","og_type":"article","og_title":"Century Arms RAS47 AK Rifle , Century Arms Ras47 - For Sale","og_description":"Century Arms RAS47 AK Rifle, Find Century Arms RAS-47 For Sale for sale at gunmeplug the best online firearms and outdoor gear site.","og_url":"https:\/\/www.gunmeplug.com\/pt\/produto\/century-arms-ras47-7-62x39mm-ak-47-semi-automatic-30rd-16-5-rifle-ri2403n\/","og_site_name":"Buy gun online USA","article_modified_time":"2025-07-14T03:35:24+00:00","og_image":[{"width":600,"height":600,"url":"https:\/\/www.gunmeplug.com\/wp-content\/uploads\/2021\/04\/century-arms-ras47-7-62x39-ak-47-semi-automatic-rifle-ri2403n.jpg","type":"image\/jpeg"}],"twitter_card":"summary_large_image","twitter_misc":{"Est. tempo de leitura":"2 minutos"},"schema":{"@context":"https:\/\/schema.org","@graph":[{"@type":"WebPage","@id":"https:\/\/www.gunmeplug.com\/nl\/product\/century-arms-ras47-7-62x39mm-ak-47-semi-automatic-30rd-16-5-rifle-ri2403n\/","url":"https:\/\/www.gunmeplug.com\/nl\/product\/century-arms-ras47-7-62x39mm-ak-47-semi-automatic-30rd-16-5-rifle-ri2403n\/","name":"Century Arms RAS47 AK Rifle , Century Arms Ras47 - Para venda","isPartOf":{"@id":"https:\/\/www.gunmeplug.com\/#website"},"primaryImageOfPage":{"@id":"https:\/\/www.gunmeplug.com\/nl\/product\/century-arms-ras47-7-62x39mm-ak-47-semi-automatic-30rd-16-5-rifle-ri2403n\/#primaryimage"},"image":{"@id":"https:\/\/www.gunmeplug.com\/nl\/product\/century-arms-ras47-7-62x39mm-ak-47-semi-automatic-30rd-16-5-rifle-ri2403n\/#primaryimage"},"thumbnailUrl":"https:\/\/www.gunmeplug.com\/wp-content\/uploads\/2021\/04\/century-arms-ras47-7-62x39-ak-47-semi-automatic-rifle-ri2403n.jpg","datePublished":"2021-04-06T09:20:26+00:00","dateModified":"2025-07-14T03:35:24+00:00","description":"Century Arms RAS47 AK Rifle, encontre Century Arms RAS-47 \u00e0 venda no gunmeplug, o melhor site on-line de armas de fogo e equipamentos para atividades ao ar livre.","breadcrumb":{"@id":"https:\/\/www.gunmeplug.com\/nl\/product\/century-arms-ras47-7-62x39mm-ak-47-semi-automatic-30rd-16-5-rifle-ri2403n\/#breadcrumb"},"inLanguage":"pt-BR","potentialAction":[{"@type":"ReadAction","target":["https:\/\/www.gunmeplug.com\/nl\/product\/century-arms-ras47-7-62x39mm-ak-47-semi-automatic-30rd-16-5-rifle-ri2403n\/"]}]},{"@type":"ImageObject","inLanguage":"pt-BR","@id":"https:\/\/www.gunmeplug.com\/nl\/product\/century-arms-ras47-7-62x39mm-ak-47-semi-automatic-30rd-16-5-rifle-ri2403n\/#primaryimage","url":"https:\/\/www.gunmeplug.com\/wp-content\/uploads\/2021\/04\/century-arms-ras47-7-62x39-ak-47-semi-automatic-rifle-ri2403n.jpg","contentUrl":"https:\/\/www.gunmeplug.com\/wp-content\/uploads\/2021\/04\/century-arms-ras47-7-62x39-ak-47-semi-automatic-rifle-ri2403n.jpg","width":600,"height":600,"caption":"Century Arms RAS47 AK Rifle"},{"@type":"BreadcrumbList","@id":"https:\/\/www.gunmeplug.com\/nl\/product\/century-arms-ras47-7-62x39mm-ak-47-semi-automatic-30rd-16-5-rifle-ri2403n\/#breadcrumb","itemListElement":[{"@type":"ListItem","position":1,"name":"Home","item":"https:\/\/www.gunmeplug.com\/es\/"},{"@type":"ListItem","position":2,"name":"Shop","item":"https:\/\/www.gunmeplug.com\/es\/shop\/"},{"@type":"ListItem","position":3,"name":"Century Arms RAS47 7.62X39mm AK-47 Semi-Automatic 30rd 16.5&#8243; Rifle RI2403N"}]},{"@type":"WebSite","@id":"https:\/\/www.gunmeplug.com\/#website","url":"https:\/\/www.gunmeplug.com\/","name":"Comprar arma on-line EUA","description":"FireArms para venda online","potentialAction":[{"@type":"SearchAction","target":{"@type":"EntryPoint","urlTemplate":"https:\/\/www.gunmeplug.com\/?s={search_term_string}"},"query-input":{"@type":"PropertyValueSpecification","valueRequired":true,"valueName":"search_term_string"}}],"inLanguage":"pt-BR"}]}},"_links":{"self":[{"href":"https:\/\/www.gunmeplug.com\/pt\/wp-json\/wp\/v2\/product\/3128","targetHints":{"allow":["GET"]}}],"collection":[{"href":"https:\/\/www.gunmeplug.com\/pt\/wp-json\/wp\/v2\/product"}],"about":[{"href":"https:\/\/www.gunmeplug.com\/pt\/wp-json\/wp\/v2\/types\/product"}],"wp:featuredmedia":[{"embeddable":true,"href":"https:\/\/www.gunmeplug.com\/pt\/wp-json\/wp\/v2\/media\/3129"}],"wp:attachment":[{"href":"https:\/\/www.gunmeplug.com\/pt\/wp-json\/wp\/v2\/media?parent=3128"}],"wp:term":[{"taxonomy":"product_brand","embeddable":true,"href":"https:\/\/www.gunmeplug.com\/pt\/wp-json\/wp\/v2\/product_brand?post=3128"},{"taxonomy":"product_cat","embeddable":true,"href":"https:\/\/www.gunmeplug.com\/pt\/wp-json\/wp\/v2\/product_cat?post=3128"},{"taxonomy":"product_tag","embeddable":true,"href":"https:\/\/www.gunmeplug.com\/pt\/wp-json\/wp\/v2\/product_tag?post=3128"}],"curies":[{"name":"wp","href":"https:\/\/api.w.org\/{rel}","templated":true}]}}