{"id":3114,"date":"2021-04-06T08:29:42","date_gmt":"2021-04-06T08:29:42","guid":{"rendered":"https:\/\/www.gunmeplug.com\/?post_type=product&#038;p=3114"},"modified":"2025-03-07T13:19:02","modified_gmt":"2025-03-07T13:19:02","slug":"ruger-lcr-38-especial-subcompact-revolver-5401","status":"publish","type":"product","link":"https:\/\/www.gunmeplug.com\/pt\/produto\/ruger-lcr-38-especial-subcompact-revolver-5401\/","title":{"rendered":"Ruger LCR .38 Revolver especial Subcompact 5401"},"content":{"rendered":"<h1>Ruger LCR .38 Revolver especial Subcompact 5401<\/h1>\n<p>Buy Ruger LCR For Sale Online, Packed with the latest technological advances and features required by today&#8217;s most demanding shooters, the Ruger LCR is the evolution of the revolver. The Ruger\u00ae LCR\u00ae is a lightweight, small-frame <a href=\"https:\/\/www.gunmeplug.com\/pt\/produto\/ruger-lcr-38-especial-subcompact-revolver-5401\/\">rev\u00f3lver<\/a> com um gatilho excepcionalmente suave e um recuo altamente manej\u00e1vel.<\/p>\n<h2>Descri\u00e7\u00e3o<\/h2>\n<p>What\u2019s in the Box<\/p>\n<p>Ruger LCR Revolver<br \/>\nFechadura de pistola<br \/>\n(2) Chaves de Fechadura<br \/>\nCarca\u00e7a gasta<br \/>\nFerramenta de Remo\u00e7\u00e3o e Ajuste a Laser<br \/>\nOwners Manual, Packed with the latest technological advances and features required by today\u2019s most demanding shooters, the Ruger LCR is the evolution of the revolver. The Ruger LCR is a lightweight, small-frame revolver with a uniquely <a href=\"https:\/\/en.wikipedia.org\/wiki\/Gun#Military\">smooth<\/a> gatilho e recuo altamente manej\u00e1vel.<\/p>\n<p>O cilindro de a\u00e7o inoxid\u00e1vel de alta resist\u00eancia \u00e9 extensivamente estriado (reduzindo o peso) e apresenta uma liga de \u00edons Acabamento em preto diamantado para excelente durabilidade. A estrutura monol\u00edtica, que suporta o cilindro e o barril, \u00e9 feita de alum\u00ednio de grau aeroespacial, s\u00e9rie 7000.<\/p>\n<p>Especifica\u00e7\u00f5es do LaserMax Laser<\/p>\n<p>Peso: 0,5 oz.<br \/>\nComprimento de onda: 650 nm (Vermelho)<br \/>\nPot\u00eancia de sa\u00edda: 5mW<br \/>\nBateria: 1\/3 N Lithium (1) inclu\u00eddo<br \/>\nVida \u00fatil da bateria: Mais de 5 horas<br \/>\nAjuste: F\u00e1brica alinhada a 10 jardas, ajust\u00e1vel pelo usu\u00e1rio para ventos e eleva\u00e7\u00f5es<br \/>\nGarantia: 5 anos, Comprar Ruger LCR para venda online<\/p>\n<p>&nbsp;<\/p>\n<p>Especifica\u00e7\u00f5es das armas de fogo, Fabricante: Ruger<br \/>\nN\u00famero de cat\u00e1logo: LCR-22<br \/>\nN\u00famero do modelo: 5416<br \/>\nCalibre: 22 LR<br \/>\nTerminar: Revestimento Dura Matte Black Synergistic<br \/>\nGrip: Hogue Tamer Monogrip<br \/>\nVis\u00e3o frontal: Rampa com pino substitu\u00edvel<br \/>\nVis\u00e3o Traseira: U-Notch Integral<br \/>\nAcabamento cil\u00edndrico: Ionbond Diamondblack<br \/>\nComprimento do cano: 1.875 pol<br \/>\nComprimento total: 6,50 pol.<br \/>\nAltura: 4,50 em<br \/>\nLargura: 1,28 pol.<br \/>\nPeso: 14,90 oz.<br \/>\nCapacidade: 8<br \/>\nTorcida: 1:16 RH<br \/>\nRanhuras: 6<br \/>\nCaracter\u00edsticas: LaserMax Centerfire Laser<\/p>","protected":false},"excerpt":{"rendered":"<p>Especifica\u00e7\u00f5es de armas de fogo,Fabricante: Ruger<br \/>\nN\u00famero de cat\u00e1logo: LCR-22<br \/>\nN\u00famero do modelo: 5416<br \/>\nCalibre: 22 LR<br \/>\nTerminar: Revestimento Dura Matte Black Synergistic<br \/>\nGrip: Hogue Tamer Monogrip<br \/>\nVis\u00e3o frontal: Rampa com pino substitu\u00edvel<br \/>\nVis\u00e3o Traseira: U-Notch Integral<br \/>\nAcabamento cil\u00edndrico: Ionbond Diamondblack<br \/>\nComprimento do cano: 1.875 pol<br \/>\nComprimento total: 6,50 pol.<br \/>\nAltura: 4,50 em<br \/>\nLargura: 1,28 pol.<br \/>\nPeso: 14,90 oz.<br \/>\nCapacidade: 8<br \/>\nTorcida: 1:16 RH<br \/>\nRanhuras: 6<br \/>\nCaracter\u00edsticas: LaserMax Centerfire Laser<\/p>","protected":false},"featured_media":3116,"template":"","meta":{"_acf_changed":false,"_joinchat":[]},"product_brand":[],"product_cat":[130],"product_tag":[249,259,254,256,250,253,255,258,251,257,252],"class_list":{"0":"post-3114","1":"product","2":"type-product","3":"status-publish","4":"has-post-thumbnail","6":"product_cat-handguns","7":"product_tag-buy-guns-online-and-ammo","8":"product_tag-buy-guns-online-prudent","9":"product_tag-buy-ruger-22-pistols-revolvers","10":"product_tag-buy-ruger-22-semi-automatic-pistols","11":"product_tag-buy-ruger-9mm-pistols","12":"product_tag-buy-ruger-l-c-r-pistols","13":"product_tag-buy-ruger-lcr-pistols","14":"product_tag-purchase-ruger-pistols-online","15":"product_tag-ruger-22-pistols","16":"product_tag-ruger-sr-22-pistols-for-sale","17":"product_tag-ruger-22-target-pistols","19":"first","20":"instock","21":"sale","22":"featured","23":"shipping-taxable","24":"purchasable","25":"product-type-simple"},"acf":[],"yoast_head":"<!-- This site is optimized with the Yoast SEO plugin v26.3 - https:\/\/yoast.com\/wordpress\/plugins\/seo\/ -->\n<title>Buy Ruger LCR For Sale Online, Ruger lcr for sale @Gunmeplug.com<\/title>\n<meta name=\"description\" content=\"Buy Ruger LCR For Sale Online, Ruger LCR (Lightweight Carry Revolver) $459.99 \u2013 $522.99. Check out the BLACK FRIDAY PRICE\" \/>\n<meta name=\"robots\" content=\"index, follow, max-snippet:-1, max-image-preview:large, max-video-preview:-1\" \/>\n<link rel=\"canonical\" href=\"https:\/\/www.gunmeplug.com\/pt\/produto\/ruger-lcr-38-especial-subcompact-revolver-5401\/\" \/>\n<meta property=\"og:locale\" content=\"pt_BR\" \/>\n<meta property=\"og:type\" content=\"article\" \/>\n<meta property=\"og:title\" content=\"Buy Ruger LCR For Sale Online, Ruger lcr for sale @Gunmeplug.com\" \/>\n<meta property=\"og:description\" content=\"Buy Ruger LCR For Sale Online, Ruger LCR (Lightweight Carry Revolver) $459.99 \u2013 $522.99. Check out the BLACK FRIDAY PRICE\" \/>\n<meta property=\"og:url\" content=\"https:\/\/www.gunmeplug.com\/pt\/produto\/ruger-lcr-38-especial-subcompact-revolver-5401\/\" \/>\n<meta property=\"og:site_name\" content=\"Buy gun online USA\" \/>\n<meta property=\"article:modified_time\" content=\"2025-03-07T13:19:02+00:00\" \/>\n<meta property=\"og:image\" content=\"https:\/\/www.gunmeplug.com\/wp-content\/uploads\/2021\/04\/ruger-lcr-38-special-subcompact-revolver-5401.jpg\" \/>\n\t<meta property=\"og:image:width\" content=\"600\" \/>\n\t<meta property=\"og:image:height\" content=\"600\" \/>\n\t<meta property=\"og:image:type\" content=\"image\/jpeg\" \/>\n<meta name=\"twitter:card\" content=\"summary_large_image\" \/>\n<meta name=\"twitter:label1\" content=\"Est. tempo de leitura\" \/>\n\t<meta name=\"twitter:data1\" content=\"2 minutos\" \/>\n<script type=\"application\/ld+json\" class=\"yoast-schema-graph\">{\"@context\":\"https:\/\/schema.org\",\"@graph\":[{\"@type\":\"WebPage\",\"@id\":\"https:\/\/www.gunmeplug.com\/vi\/san-pham-2\/ruger-lcr-38-special-subcompact-revolver-5401\/\",\"url\":\"https:\/\/www.gunmeplug.com\/vi\/san-pham-2\/ruger-lcr-38-special-subcompact-revolver-5401\/\",\"name\":\"Buy Ruger LCR For Sale Online, Ruger lcr for sale @Gunmeplug.com\",\"isPartOf\":{\"@id\":\"https:\/\/www.gunmeplug.com\/#website\"},\"primaryImageOfPage\":{\"@id\":\"https:\/\/www.gunmeplug.com\/vi\/san-pham-2\/ruger-lcr-38-special-subcompact-revolver-5401\/#primaryimage\"},\"image\":{\"@id\":\"https:\/\/www.gunmeplug.com\/vi\/san-pham-2\/ruger-lcr-38-special-subcompact-revolver-5401\/#primaryimage\"},\"thumbnailUrl\":\"https:\/\/www.gunmeplug.com\/wp-content\/uploads\/2021\/04\/ruger-lcr-38-special-subcompact-revolver-5401.jpg\",\"datePublished\":\"2021-04-06T08:29:42+00:00\",\"dateModified\":\"2025-03-07T13:19:02+00:00\",\"description\":\"Buy Ruger LCR For Sale Online, Ruger LCR (Lightweight Carry Revolver) $459.99 \u2013 $522.99. Check out the BLACK FRIDAY PRICE\",\"breadcrumb\":{\"@id\":\"https:\/\/www.gunmeplug.com\/vi\/san-pham-2\/ruger-lcr-38-special-subcompact-revolver-5401\/#breadcrumb\"},\"inLanguage\":\"pt-BR\",\"potentialAction\":[{\"@type\":\"ReadAction\",\"target\":[\"https:\/\/www.gunmeplug.com\/vi\/san-pham-2\/ruger-lcr-38-special-subcompact-revolver-5401\/\"]}]},{\"@type\":\"ImageObject\",\"inLanguage\":\"pt-BR\",\"@id\":\"https:\/\/www.gunmeplug.com\/vi\/san-pham-2\/ruger-lcr-38-special-subcompact-revolver-5401\/#primaryimage\",\"url\":\"https:\/\/www.gunmeplug.com\/wp-content\/uploads\/2021\/04\/ruger-lcr-38-special-subcompact-revolver-5401.jpg\",\"contentUrl\":\"https:\/\/www.gunmeplug.com\/wp-content\/uploads\/2021\/04\/ruger-lcr-38-special-subcompact-revolver-5401.jpg\",\"width\":600,\"height\":600,\"caption\":\"Buy Ruger LCR For Sale Online\"},{\"@type\":\"BreadcrumbList\",\"@id\":\"https:\/\/www.gunmeplug.com\/vi\/san-pham-2\/ruger-lcr-38-special-subcompact-revolver-5401\/#breadcrumb\",\"itemListElement\":[{\"@type\":\"ListItem\",\"position\":1,\"name\":\"Home\",\"item\":\"https:\/\/www.gunmeplug.com\/es\/\"},{\"@type\":\"ListItem\",\"position\":2,\"name\":\"Shop\",\"item\":\"https:\/\/www.gunmeplug.com\/es\/shop\/\"},{\"@type\":\"ListItem\",\"position\":3,\"name\":\"Ruger LCR .38 Special Subcompact Revolver 5401\"}]},{\"@type\":\"WebSite\",\"@id\":\"https:\/\/www.gunmeplug.com\/#website\",\"url\":\"https:\/\/www.gunmeplug.com\/\",\"name\":\"Buy gun online USA\",\"description\":\"FireArms for sale online \",\"potentialAction\":[{\"@type\":\"SearchAction\",\"target\":{\"@type\":\"EntryPoint\",\"urlTemplate\":\"https:\/\/www.gunmeplug.com\/?s={search_term_string}\"},\"query-input\":{\"@type\":\"PropertyValueSpecification\",\"valueRequired\":true,\"valueName\":\"search_term_string\"}}],\"inLanguage\":\"pt-BR\"}]}<\/script>\n<!-- \/ Yoast SEO plugin. -->","yoast_head_json":{"title":"Comprar Ruger LCR para venda on-line, Ruger lcr para venda @Gunmeplug.com","description":"Buy Ruger LCR For Sale Online, Ruger LCR (Lightweight Carry Revolver) $459.99 \u2013 $522.99. Check out the BLACK FRIDAY PRICE","robots":{"index":"index","follow":"follow","max-snippet":"max-snippet:-1","max-image-preview":"max-image-preview:large","max-video-preview":"max-video-preview:-1"},"canonical":"https:\/\/www.gunmeplug.com\/pt\/produto\/ruger-lcr-38-especial-subcompact-revolver-5401\/","og_locale":"pt_BR","og_type":"article","og_title":"Buy Ruger LCR For Sale Online, Ruger lcr for sale @Gunmeplug.com","og_description":"Buy Ruger LCR For Sale Online, Ruger LCR (Lightweight Carry Revolver) $459.99 \u2013 $522.99. Check out the BLACK FRIDAY PRICE","og_url":"https:\/\/www.gunmeplug.com\/pt\/produto\/ruger-lcr-38-especial-subcompact-revolver-5401\/","og_site_name":"Buy gun online USA","article_modified_time":"2025-03-07T13:19:02+00:00","og_image":[{"width":600,"height":600,"url":"https:\/\/www.gunmeplug.com\/wp-content\/uploads\/2021\/04\/ruger-lcr-38-special-subcompact-revolver-5401.jpg","type":"image\/jpeg"}],"twitter_card":"summary_large_image","twitter_misc":{"Est. tempo de leitura":"2 minutos"},"schema":{"@context":"https:\/\/schema.org","@graph":[{"@type":"WebPage","@id":"https:\/\/www.gunmeplug.com\/vi\/san-pham-2\/ruger-lcr-38-special-subcompact-revolver-5401\/","url":"https:\/\/www.gunmeplug.com\/vi\/san-pham-2\/ruger-lcr-38-special-subcompact-revolver-5401\/","name":"Comprar Ruger LCR para venda on-line, Ruger lcr para venda @Gunmeplug.com","isPartOf":{"@id":"https:\/\/www.gunmeplug.com\/#website"},"primaryImageOfPage":{"@id":"https:\/\/www.gunmeplug.com\/vi\/san-pham-2\/ruger-lcr-38-special-subcompact-revolver-5401\/#primaryimage"},"image":{"@id":"https:\/\/www.gunmeplug.com\/vi\/san-pham-2\/ruger-lcr-38-special-subcompact-revolver-5401\/#primaryimage"},"thumbnailUrl":"https:\/\/www.gunmeplug.com\/wp-content\/uploads\/2021\/04\/ruger-lcr-38-special-subcompact-revolver-5401.jpg","datePublished":"2021-04-06T08:29:42+00:00","dateModified":"2025-03-07T13:19:02+00:00","description":"Buy Ruger LCR For Sale Online, Ruger LCR (Lightweight Carry Revolver) $459.99 \u2013 $522.99. Check out the BLACK FRIDAY PRICE","breadcrumb":{"@id":"https:\/\/www.gunmeplug.com\/vi\/san-pham-2\/ruger-lcr-38-special-subcompact-revolver-5401\/#breadcrumb"},"inLanguage":"pt-BR","potentialAction":[{"@type":"ReadAction","target":["https:\/\/www.gunmeplug.com\/vi\/san-pham-2\/ruger-lcr-38-special-subcompact-revolver-5401\/"]}]},{"@type":"ImageObject","inLanguage":"pt-BR","@id":"https:\/\/www.gunmeplug.com\/vi\/san-pham-2\/ruger-lcr-38-special-subcompact-revolver-5401\/#primaryimage","url":"https:\/\/www.gunmeplug.com\/wp-content\/uploads\/2021\/04\/ruger-lcr-38-special-subcompact-revolver-5401.jpg","contentUrl":"https:\/\/www.gunmeplug.com\/wp-content\/uploads\/2021\/04\/ruger-lcr-38-special-subcompact-revolver-5401.jpg","width":600,"height":600,"caption":"Buy Ruger LCR For Sale Online"},{"@type":"BreadcrumbList","@id":"https:\/\/www.gunmeplug.com\/vi\/san-pham-2\/ruger-lcr-38-special-subcompact-revolver-5401\/#breadcrumb","itemListElement":[{"@type":"ListItem","position":1,"name":"Home","item":"https:\/\/www.gunmeplug.com\/es\/"},{"@type":"ListItem","position":2,"name":"Shop","item":"https:\/\/www.gunmeplug.com\/es\/shop\/"},{"@type":"ListItem","position":3,"name":"Ruger LCR .38 Special Subcompact Revolver 5401"}]},{"@type":"WebSite","@id":"https:\/\/www.gunmeplug.com\/#website","url":"https:\/\/www.gunmeplug.com\/","name":"Comprar arma on-line EUA","description":"FireArms para venda online","potentialAction":[{"@type":"SearchAction","target":{"@type":"EntryPoint","urlTemplate":"https:\/\/www.gunmeplug.com\/?s={search_term_string}"},"query-input":{"@type":"PropertyValueSpecification","valueRequired":true,"valueName":"search_term_string"}}],"inLanguage":"pt-BR"}]}},"_links":{"self":[{"href":"https:\/\/www.gunmeplug.com\/pt\/wp-json\/wp\/v2\/product\/3114","targetHints":{"allow":["GET"]}}],"collection":[{"href":"https:\/\/www.gunmeplug.com\/pt\/wp-json\/wp\/v2\/product"}],"about":[{"href":"https:\/\/www.gunmeplug.com\/pt\/wp-json\/wp\/v2\/types\/product"}],"wp:featuredmedia":[{"embeddable":true,"href":"https:\/\/www.gunmeplug.com\/pt\/wp-json\/wp\/v2\/media\/3116"}],"wp:attachment":[{"href":"https:\/\/www.gunmeplug.com\/pt\/wp-json\/wp\/v2\/media?parent=3114"}],"wp:term":[{"taxonomy":"product_brand","embeddable":true,"href":"https:\/\/www.gunmeplug.com\/pt\/wp-json\/wp\/v2\/product_brand?post=3114"},{"taxonomy":"product_cat","embeddable":true,"href":"https:\/\/www.gunmeplug.com\/pt\/wp-json\/wp\/v2\/product_cat?post=3114"},{"taxonomy":"product_tag","embeddable":true,"href":"https:\/\/www.gunmeplug.com\/pt\/wp-json\/wp\/v2\/product_tag?post=3114"}],"curies":[{"name":"wp","href":"https:\/\/api.w.org\/{rel}","templated":true}]}}