{"id":3917,"date":"2024-11-23T13:30:52","date_gmt":"2024-11-23T13:30:52","guid":{"rendered":"https:\/\/www.gunmeplug.com\/?page_id=3917"},"modified":"2024-11-23T13:39:15","modified_gmt":"2024-11-23T13:39:15","slug":"certificado-de-licenca-de-porte-de-arma-2","status":"publish","type":"page","link":"https:\/\/www.gunmeplug.com\/pt\/certificado-de-licenca-de-porte-de-arma-2\/","title":{"rendered":"Licen\u00e7a\/certificado de arma"},"content":{"rendered":"<div class=\"entry-content\">\n<h2><strong>Solicite sua licen\u00e7a de arma ou certificado de arma de fogo on-line com o GunMePlug<\/strong><\/h2>\n<p>Procurando <strong>solicitar uma licen\u00e7a de porte de arma<\/strong> ou se perguntando <strong>como obter uma licen\u00e7a de porte de arma<\/strong>? Em <strong>GunMePlug<\/strong>Somos especializados em <strong>solicita\u00e7\u00f5es de licen\u00e7as de armas de fogo<\/strong>, simplificando para os clientes em todo o mundo <strong>Pa\u00edses de l\u00edngua espanhola<\/strong> como <strong>Espanha<\/strong>, <strong>Equador<\/strong>, <strong>M\u00e9xico<\/strong>e <strong>Argentina<\/strong>e globalmente, incluindo <strong>os Estados Unidos<\/strong>, <strong>Canad\u00e1<\/strong>, <strong>Pa\u00edses Baixos<\/strong>, <strong>It\u00e1lia<\/strong>, <strong>Finl\u00e2ndia<\/strong>e <strong>Su\u00ed\u00e7a<\/strong>. Se voc\u00ea precisa de um <strong>renova\u00e7\u00e3o da licen\u00e7a de porte de arma<\/strong>, ajuda com <strong>certificados de armas de fogo para venda<\/strong>ou orienta\u00e7\u00e3o sobre o <strong>processo de registro de licen\u00e7a de armas<\/strong>, we\u2019re here to ensure <strong>aprova\u00e7\u00f5es r\u00e1pidas de licen\u00e7as de armas<\/strong> e total conformidade com os <strong>crit\u00e9rios de elegibilidade para licen\u00e7a de porte de arma<\/strong> em sua regi\u00e3o<a href=\"https:\/\/www.gunmeplug.com\/pt\/categoria-do-produto\/handguns\/?customize_changeset_uuid=201d7490-f44e-4543-a95d-bb79b147a755&amp;customize_autosaved=on&amp;customize_messenger_channel=preview-4\">.<\/a><\/p>\n<h3><strong>Servi\u00e7os de licenciamento de armas para pa\u00edses de l\u00edngua espanhola<\/strong><\/h3>\n<h4><strong>Espanha<\/strong><\/h4>\n<p>Para compradores na Espanha, as licen\u00e7as de armas de fogo s\u00e3o necess\u00e1rias para <strong>ca\u00e7a<\/strong>, <strong>tiro ao alvo<\/strong>e <strong>autodefesa<\/strong>. O GunMePlug oferece suporte para o <strong>processo de registro de licen\u00e7a de armas<\/strong>, garantindo que voc\u00ea atenda a todos os requisitos <strong>crit\u00e9rios de elegibilidade para licen\u00e7a de porte de arma<\/strong> e gui\u00e1-lo atrav\u00e9s de <strong>como renovar certificados de armas de fogo<\/strong> quando necess\u00e1rio<a class=\"customize-unpreviewable\" href=\"https:\/\/factoryson.com\/product-category\/caluanie\/\">.<\/a><\/p>\n<h4><strong>Equador<\/strong><\/h4>\n<p>No Equador, os candidatos precisam de um <strong>licen\u00e7a de porte de arma para autodefesa<\/strong> ou prote\u00e7\u00e3o pessoal, exigindo avalia\u00e7\u00f5es psicol\u00f3gicas e verifica\u00e7\u00f5es de antecedentes. O GunMePlug garante uma <strong>processo seguro de licen\u00e7a de arma de fogo<\/strong> e ajuda voc\u00ea a alcan\u00e7ar <strong>aprova\u00e7\u00f5es r\u00e1pidas de licen\u00e7as de armas<\/strong> tanto para novas solicita\u00e7\u00f5es quanto para renova\u00e7\u00f5es.<\/p>\n<h4><strong>M\u00e9xico<\/strong><\/h4>\n<p>O M\u00e9xico imp\u00f5e normas r\u00edgidas para <strong>certificados de arma de fogo para ca\u00e7a<\/strong> e <strong>licen\u00e7as de prote\u00e7\u00e3o pessoal<\/strong>. O GunMePlug simplifica o processo de <strong>solicita\u00e7\u00e3o de licen\u00e7a de arma de fogo<\/strong> processo, fornecendo suporte para <strong>renova\u00e7\u00e3o da licen\u00e7a de porte de arma<\/strong> e verifica\u00e7\u00e3o de documentos.<\/p>\n<h4><strong>Argentina<\/strong><\/h4>\n<p>A Argentina exige o registro no RENAR (Registro Nacional de Armas) para <strong>licen\u00e7as de armas para ca\u00e7a<\/strong> e <strong>tiro esportivo<\/strong>. O GunMePlug facilita a <strong>processo de verifica\u00e7\u00e3o da licen\u00e7a de porte de arma<\/strong>ajudando-o a cumprir as leis locais e a concluir seu projeto. <strong>solicita\u00e7\u00e3o de certificado de arma de fogo<\/strong> com facilidade.<\/p>\n<h3><strong>Por que escolher o GunMePlug para sua licen\u00e7a de arma de fogo?<\/strong><\/h3>\n<p>Na GunMePlug, trabalhamos com <strong>fornecedores confi\u00e1veis de certificados de armas de fogo<\/strong> e oferecer um <strong>processo seguro de licen\u00e7a de arma de fogo<\/strong> para clientes em todo o mundo. Nossos servi\u00e7os incluem assist\u00eancia com <strong>solicita\u00e7\u00f5es on-line de certificados de armas de fogo<\/strong> para um processamento r\u00e1pido e confi\u00e1vel, suporte para <strong>como renovar certificados de armas de fogo<\/strong>, garantindo conformidade e renova\u00e7\u00f5es r\u00e1pidas, transparentes <strong>taxas de solicita\u00e7\u00e3o de licen\u00e7a de porte de arma<\/strong>Para que voc\u00ea sempre saiba o que esperar, e orienta\u00e7\u00e3o atrav\u00e9s do <strong>processo de verifica\u00e7\u00e3o da licen\u00e7a de porte de arma<\/strong> para licen\u00e7as novas e existentes.<\/p>\n<h3><strong>Como iniciar sua inscri\u00e7\u00e3o<\/strong><\/h3>\n<p>Para come\u00e7ar sua <strong>solicita\u00e7\u00e3o de licen\u00e7a de arma de fogo<\/strong>, preencha nosso <strong>Solicita\u00e7\u00e3o de certificado de arma de fogo on-line<\/strong> form and provide the required details. We\u2019ll assist you in meeting the specific <strong>crit\u00e9rios de elegibilidade para licen\u00e7a de porte de arma<\/strong> for your country. Whether you\u2019re applying for a <strong>licen\u00e7a de porte de arma na Espanha<\/strong>, a <strong>Licen\u00e7a de autodefesa no Equador<\/strong>ou um <strong>licen\u00e7a de ca\u00e7a na Argentina<\/strong>O GunMePlug est\u00e1 aqui para garantir o sucesso.<\/p>\n<h3><strong>Inicie sua solicita\u00e7\u00e3o de licen\u00e7a de porte de arma hoje mesmo<\/strong><\/h3>\n<p>Don\u2019t let complex regulations and paperwork slow you down. At GunMePlug, we prioritize efficiency, reliability, and compliance for firearm licensing in <strong>Pa\u00edses de l\u00edngua espanhola<\/strong> como <strong>Espanha<\/strong>, <strong>Equador<\/strong>, <strong>M\u00e9xico<\/strong>e <strong>Argentina<\/strong>e tamb\u00e9m globalmente. Comece sua <strong>processo de registro de licen\u00e7a de armas<\/strong> hoje e experimente <strong>aprova\u00e7\u00f5es r\u00e1pidas de licen\u00e7as de armas<\/strong> com o GunMePlug. D\u00ea o primeiro passo agora e confie em n\u00f3s para todas as suas necessidades de certificados de armas de fogo!<\/p>\n<\/div>","protected":false},"excerpt":{"rendered":"<p>Apply for Your Gun License or Firearm Certificate Online with GunMePlug Looking to apply for a gun license or wondering how to get a gun license? At GunMePlug, we specialize in firearm license applications, making it simple for clients across Spanish-speaking countries like Spain, Ecuador, Mexico, and Argentina, as well as globally, including the United [&hellip;]<\/p>","protected":false},"author":1,"featured_media":3915,"parent":0,"menu_order":0,"comment_status":"closed","ping_status":"closed","template":"","meta":{"_acf_changed":false,"_joinchat":[],"footnotes":""},"class_list":["post-3917","page","type-page","status-publish","has-post-thumbnail","hentry"],"acf":[],"yoast_head":"<!-- This site is optimized with the Yoast SEO plugin v26.3 - https:\/\/yoast.com\/wordpress\/plugins\/seo\/ -->\n<title>Apply for Your Gun License or Firearm Certificate | GunMePlug<\/title>\n<meta name=\"description\" content=\"Simplify your gun license application with GunMePlug. Get fast approvals, renewals, and firearm certificates for self-defense, hunting, or sports shooting. Apply today!\" \/>\n<meta name=\"robots\" content=\"index, follow, max-snippet:-1, max-image-preview:large, max-video-preview:-1\" \/>\n<link rel=\"canonical\" href=\"https:\/\/www.gunmeplug.com\/pt\/certificado-de-licenca-de-porte-de-arma-2\/\" \/>\n<meta property=\"og:locale\" content=\"pt_BR\" \/>\n<meta property=\"og:type\" content=\"article\" \/>\n<meta property=\"og:title\" content=\"Apply for Your Gun License or Firearm Certificate | GunMePlug\" \/>\n<meta property=\"og:description\" content=\"Simplify your gun license application with GunMePlug. Get fast approvals, renewals, and firearm certificates for self-defense, hunting, or sports shooting. Apply today!\" \/>\n<meta property=\"og:url\" content=\"https:\/\/www.gunmeplug.com\/pt\/certificado-de-licenca-de-porte-de-arma-2\/\" \/>\n<meta property=\"og:site_name\" content=\"Buy gun online USA\" \/>\n<meta property=\"article:modified_time\" content=\"2024-11-23T13:39:15+00:00\" \/>\n<meta property=\"og:image\" content=\"https:\/\/www.gunmeplug.com\/wp-content\/uploads\/2024\/11\/large.png\" \/>\n\t<meta property=\"og:image:width\" content=\"770\" \/>\n\t<meta property=\"og:image:height\" content=\"1024\" \/>\n\t<meta property=\"og:image:type\" content=\"image\/png\" \/>\n<meta name=\"twitter:card\" content=\"summary_large_image\" \/>\n<meta name=\"twitter:label1\" content=\"Est. tempo de leitura\" \/>\n\t<meta name=\"twitter:data1\" content=\"3 minutos\" \/>\n<script type=\"application\/ld+json\" class=\"yoast-schema-graph\">{\"@context\":\"https:\/\/schema.org\",\"@graph\":[{\"@type\":\"WebPage\",\"@id\":\"https:\/\/www.gunmeplug.com\/es\/certificado-de-licencia-de-armas-2\/\",\"url\":\"https:\/\/www.gunmeplug.com\/es\/certificado-de-licencia-de-armas-2\/\",\"name\":\"Apply for Your Gun License or Firearm Certificate | GunMePlug\",\"isPartOf\":{\"@id\":\"https:\/\/www.gunmeplug.com\/#website\"},\"primaryImageOfPage\":{\"@id\":\"https:\/\/www.gunmeplug.com\/es\/certificado-de-licencia-de-armas-2\/#primaryimage\"},\"image\":{\"@id\":\"https:\/\/www.gunmeplug.com\/es\/certificado-de-licencia-de-armas-2\/#primaryimage\"},\"thumbnailUrl\":\"https:\/\/www.gunmeplug.com\/wp-content\/uploads\/2024\/11\/large.png\",\"datePublished\":\"2024-11-23T13:30:52+00:00\",\"dateModified\":\"2024-11-23T13:39:15+00:00\",\"description\":\"Simplify your gun license application with GunMePlug. Get fast approvals, renewals, and firearm certificates for self-defense, hunting, or sports shooting. Apply today!\",\"breadcrumb\":{\"@id\":\"https:\/\/www.gunmeplug.com\/es\/certificado-de-licencia-de-armas-2\/#breadcrumb\"},\"inLanguage\":\"pt-BR\",\"potentialAction\":[{\"@type\":\"ReadAction\",\"target\":[\"https:\/\/www.gunmeplug.com\/es\/certificado-de-licencia-de-armas-2\/\"]}]},{\"@type\":\"ImageObject\",\"inLanguage\":\"pt-BR\",\"@id\":\"https:\/\/www.gunmeplug.com\/es\/certificado-de-licencia-de-armas-2\/#primaryimage\",\"url\":\"https:\/\/www.gunmeplug.com\/wp-content\/uploads\/2024\/11\/large.png\",\"contentUrl\":\"https:\/\/www.gunmeplug.com\/wp-content\/uploads\/2024\/11\/large.png\",\"width\":770,\"height\":1024,\"caption\":\"Gun license application\"},{\"@type\":\"BreadcrumbList\",\"@id\":\"https:\/\/www.gunmeplug.com\/es\/certificado-de-licencia-de-armas-2\/#breadcrumb\",\"itemListElement\":[{\"@type\":\"ListItem\",\"position\":1,\"name\":\"Home\",\"item\":\"https:\/\/www.gunmeplug.com\/es\/\"},{\"@type\":\"ListItem\",\"position\":2,\"name\":\"Gun License\/ Certifficate\"}]},{\"@type\":\"WebSite\",\"@id\":\"https:\/\/www.gunmeplug.com\/#website\",\"url\":\"https:\/\/www.gunmeplug.com\/\",\"name\":\"Buy gun online USA\",\"description\":\"FireArms for sale online \",\"potentialAction\":[{\"@type\":\"SearchAction\",\"target\":{\"@type\":\"EntryPoint\",\"urlTemplate\":\"https:\/\/www.gunmeplug.com\/?s={search_term_string}\"},\"query-input\":{\"@type\":\"PropertyValueSpecification\",\"valueRequired\":true,\"valueName\":\"search_term_string\"}}],\"inLanguage\":\"pt-BR\"}]}<\/script>\n<!-- \/ Yoast SEO plugin. -->","yoast_head_json":{"title":"Solicite sua licen\u00e7a de arma ou certificado de arma de fogo - GunMePlug","description":"Simplifique sua solicita\u00e7\u00e3o de licen\u00e7a de porte de arma com o GunMePlug. Obtenha aprova\u00e7\u00f5es r\u00e1pidas, renova\u00e7\u00f5es e certificados de armas de fogo para autodefesa, ca\u00e7a ou tiro esportivo. Solicite hoje mesmo!","robots":{"index":"index","follow":"follow","max-snippet":"max-snippet:-1","max-image-preview":"max-image-preview:large","max-video-preview":"max-video-preview:-1"},"canonical":"https:\/\/www.gunmeplug.com\/pt\/certificado-de-licenca-de-porte-de-arma-2\/","og_locale":"pt_BR","og_type":"article","og_title":"Apply for Your Gun License or Firearm Certificate | GunMePlug","og_description":"Simplify your gun license application with GunMePlug. Get fast approvals, renewals, and firearm certificates for self-defense, hunting, or sports shooting. Apply today!","og_url":"https:\/\/www.gunmeplug.com\/pt\/certificado-de-licenca-de-porte-de-arma-2\/","og_site_name":"Buy gun online USA","article_modified_time":"2024-11-23T13:39:15+00:00","og_image":[{"width":770,"height":1024,"url":"https:\/\/www.gunmeplug.com\/wp-content\/uploads\/2024\/11\/large.png","type":"image\/png"}],"twitter_card":"summary_large_image","twitter_misc":{"Est. tempo de leitura":"3 minutos"},"schema":{"@context":"https:\/\/schema.org","@graph":[{"@type":"WebPage","@id":"https:\/\/www.gunmeplug.com\/es\/certificado-de-licencia-de-armas-2\/","url":"https:\/\/www.gunmeplug.com\/es\/certificado-de-licencia-de-armas-2\/","name":"Solicite sua licen\u00e7a de arma ou certificado de arma de fogo - GunMePlug","isPartOf":{"@id":"https:\/\/www.gunmeplug.com\/#website"},"primaryImageOfPage":{"@id":"https:\/\/www.gunmeplug.com\/es\/certificado-de-licencia-de-armas-2\/#primaryimage"},"image":{"@id":"https:\/\/www.gunmeplug.com\/es\/certificado-de-licencia-de-armas-2\/#primaryimage"},"thumbnailUrl":"https:\/\/www.gunmeplug.com\/wp-content\/uploads\/2024\/11\/large.png","datePublished":"2024-11-23T13:30:52+00:00","dateModified":"2024-11-23T13:39:15+00:00","description":"Simplifique sua solicita\u00e7\u00e3o de licen\u00e7a de porte de arma com o GunMePlug. Obtenha aprova\u00e7\u00f5es r\u00e1pidas, renova\u00e7\u00f5es e certificados de armas de fogo para autodefesa, ca\u00e7a ou tiro esportivo. Solicite hoje mesmo!","breadcrumb":{"@id":"https:\/\/www.gunmeplug.com\/es\/certificado-de-licencia-de-armas-2\/#breadcrumb"},"inLanguage":"pt-BR","potentialAction":[{"@type":"ReadAction","target":["https:\/\/www.gunmeplug.com\/es\/certificado-de-licencia-de-armas-2\/"]}]},{"@type":"ImageObject","inLanguage":"pt-BR","@id":"https:\/\/www.gunmeplug.com\/es\/certificado-de-licencia-de-armas-2\/#primaryimage","url":"https:\/\/www.gunmeplug.com\/wp-content\/uploads\/2024\/11\/large.png","contentUrl":"https:\/\/www.gunmeplug.com\/wp-content\/uploads\/2024\/11\/large.png","width":770,"height":1024,"caption":"Gun license application"},{"@type":"BreadcrumbList","@id":"https:\/\/www.gunmeplug.com\/es\/certificado-de-licencia-de-armas-2\/#breadcrumb","itemListElement":[{"@type":"ListItem","position":1,"name":"Home","item":"https:\/\/www.gunmeplug.com\/es\/"},{"@type":"ListItem","position":2,"name":"Gun License\/ Certifficate"}]},{"@type":"WebSite","@id":"https:\/\/www.gunmeplug.com\/#website","url":"https:\/\/www.gunmeplug.com\/","name":"Comprar arma on-line EUA","description":"FireArms para venda online","potentialAction":[{"@type":"SearchAction","target":{"@type":"EntryPoint","urlTemplate":"https:\/\/www.gunmeplug.com\/?s={search_term_string}"},"query-input":{"@type":"PropertyValueSpecification","valueRequired":true,"valueName":"search_term_string"}}],"inLanguage":"pt-BR"}]}},"_links":{"self":[{"href":"https:\/\/www.gunmeplug.com\/pt\/wp-json\/wp\/v2\/pages\/3917","targetHints":{"allow":["GET"]}}],"collection":[{"href":"https:\/\/www.gunmeplug.com\/pt\/wp-json\/wp\/v2\/pages"}],"about":[{"href":"https:\/\/www.gunmeplug.com\/pt\/wp-json\/wp\/v2\/types\/page"}],"author":[{"embeddable":true,"href":"https:\/\/www.gunmeplug.com\/pt\/wp-json\/wp\/v2\/users\/1"}],"replies":[{"embeddable":true,"href":"https:\/\/www.gunmeplug.com\/pt\/wp-json\/wp\/v2\/comments?post=3917"}],"version-history":[{"count":3,"href":"https:\/\/www.gunmeplug.com\/pt\/wp-json\/wp\/v2\/pages\/3917\/revisions"}],"predecessor-version":[{"id":3923,"href":"https:\/\/www.gunmeplug.com\/pt\/wp-json\/wp\/v2\/pages\/3917\/revisions\/3923"}],"wp:featuredmedia":[{"embeddable":true,"href":"https:\/\/www.gunmeplug.com\/pt\/wp-json\/wp\/v2\/media\/3915"}],"wp:attachment":[{"href":"https:\/\/www.gunmeplug.com\/pt\/wp-json\/wp\/v2\/media?parent=3917"}],"curies":[{"name":"wp","href":"https:\/\/api.w.org\/{rel}","templated":true}]}}