{"id":3229,"date":"2021-11-05T17:23:33","date_gmt":"2021-11-05T17:23:33","guid":{"rendered":"https:\/\/www.gunmeplug.com\/?page_id=3229"},"modified":"2023-05-03T10:02:34","modified_gmt":"2023-05-03T10:02:34","slug":"refund_returns","status":"publish","type":"page","link":"https:\/\/www.gunmeplug.com\/pt\/refund_returns\/","title":{"rendered":"Pol\u00edtica de Reembolso e Devolu\u00e7\u00e3o"},"content":{"rendered":"<div class=\"vc_row wpb_row vc_row-fluid\"><div class=\"wpb_column vc_column_container vc_col-sm-12\"><div class=\"vc_column-inner\"><div class=\"wpb_wrapper\">\n\t<div class=\"wpb_text_column wpb_content_element\" >\n\t\t<div class=\"wpb_wrapper\">\n\t\t\t<p style=\"text-align: justify;\">Obrigado por escolher Gunmeplug.com para suas necessidades de armas de fogo. Entendemos que \u00e0s vezes podem ser necess\u00e1rias devolu\u00e7\u00f5es\/trocas ou cancelamentos e queremos garantir que o processo seja o mais f\u00e1cil poss\u00edvel.<\/p>\n<p style=\"text-align: justify;\"><strong>Trocas<\/strong>:<\/p>\n<p style=\"text-align: justify;\">Se voc\u00ea recebeu um item danificado ou com defeito, teremos o prazer de troc\u00e1-lo por um novo. Para iniciar uma troca, entre em contato com nossa equipe de atendimento ao cliente em [inserir n\u00famero de telefone ou e-mail] e forne\u00e7a o n\u00famero do pedido e o motivo da troca.<\/p>\n<p style=\"text-align: justify;\">Nossa equipe fornecer\u00e1 a voc\u00ea um N\u00famero de Autoriza\u00e7\u00e3o de Devolu\u00e7\u00e3o (RAN) e instru\u00e7\u00f5es sobre como devolver o item. Assim que recebermos o item devolvido e verificarmos sua condi\u00e7\u00e3o, enviaremos um item de substitui\u00e7\u00e3o sem nenhum custo adicional.<\/p>\n<p style=\"text-align: justify;\">Se voc\u00ea deseja trocar um item por um produto diferente, entre em contato com nossa equipe de atendimento ao cliente para iniciar o processo de devolu\u00e7\u00e3o descrito acima. Assim que recebermos o item devolvido, emitiremos um reembolso no seu m\u00e9todo de pagamento original e voc\u00ea poder\u00e1 fazer um novo pedido para o produto que gostaria de receber.<\/p>\n<p style=\"text-align: justify;\"><strong>Envio<\/strong>:<\/p>\n<p style=\"text-align: justify;\">Todas as devolu\u00e7\u00f5es e trocas est\u00e3o sujeitas a taxas de envio, que ser\u00e3o deduzidas do seu reembolso. Se voc\u00ea recebeu um item danificado ou com defeito, entre em contato com nossa equipe de atendimento ao cliente e cobriremos o custo do frete de devolu\u00e7\u00e3o.<\/p>\n<p style=\"text-align: justify;\">N\u00e3o podemos enviar armas de fogo para P.O. caixas ou endere\u00e7os APO\/FPO. Todas as armas de fogo devem ser enviadas a um revendedor licenciado e o cliente deve garantir que o revendedor esteja disposto a receber e transferir a arma de fogo. Estamos empenhados em fornecer aos nossos clientes armas de fogo de alta qualidade e excelente atendimento ao cliente. Se voc\u00ea tiver alguma d\u00favida ou preocupa\u00e7\u00e3o sobre nossa pol\u00edtica de trocas e devolu\u00e7\u00f5es, n\u00e3o hesite em entrar em contato com nossa equipe de atendimento ao cliente para obter assist\u00eancia.<\/p>\n<p style=\"text-align: justify;\"><strong>Pol\u00edtica de cancelamento:<\/strong><\/p>\n<p style=\"text-align: justify;\">No Gunmeplug.com, entendemos que \u00e0s vezes as circunst\u00e2ncias mudam e voc\u00ea pode precisar cancelar seu pedido. Queremos tornar o processo de cancelamento o mais f\u00e1cil e conveniente poss\u00edvel.<\/p>\n<p style=\"text-align: justify;\">Caso pretenda cancelar a sua encomenda, por favor contacte o nosso servi\u00e7o de apoio ao cliente o mais rapidamente poss\u00edvel atrav\u00e9s do n\u00famero [inserir n\u00famero de telefone ou e-mail] com o n\u00famero da sua encomenda e o motivo do cancelamento. Nossa equipe trabalhar\u00e1 com voc\u00ea para cancelar seu pedido e emitir um reembolso, se aplic\u00e1vel. Observe que alguns pedidos j\u00e1 podem ter sido enviados ou est\u00e3o em processo de envio. Nesses casos, podemos n\u00e3o conseguir cancelar o pedido e voc\u00ea pode precisar devolver o item ap\u00f3s a entrega.<\/p>\n<p style=\"text-align: justify;\"><strong>Reembolsos<\/strong>:<\/p>\n<p style=\"text-align: justify;\">Se voc\u00ea cancelar seu pedido antes de ser enviado, emitiremos um reembolso total para o seu m\u00e9todo de pagamento original. Se o seu pedido j\u00e1 tiver sido enviado, reembolsaremos o custo do(s) item(ns) somente quando recebermos o(s) item(ns) devolvido(s) em sua condi\u00e7\u00e3o original.<\/p>\n<p style=\"text-align: justify;\">Observe que as taxas de envio e manuseio n\u00e3o s\u00e3o reembols\u00e1veis e voc\u00ea ser\u00e1 respons\u00e1vel pelo custo do envio de retorno. Se voc\u00ea recebeu um item danificado ou com defeito, consulte nossa pol\u00edtica de trocas e devolu\u00e7\u00f5es para obter informa\u00e7\u00f5es sobre como devolver o item e receber um reembolso ou troca.<\/p>\n<p style=\"text-align: justify;\">Estamos empenhados em fornecer aos nossos clientes armas de fogo de alta qualidade e excelente atendimento ao cliente. Se voc\u00ea tiver alguma d\u00favida ou preocupa\u00e7\u00e3o sobre nossa pol\u00edtica de cancelamento, n\u00e3o hesite em entrar em contato com nossa equipe de atendimento ao cliente para obter assist\u00eancia.<\/p>\n\n\t\t<\/div>\n\t<\/div>\n<\/div><\/div><\/div><\/div>","protected":false},"excerpt":{"rendered":"Thank you for choosing Gunmeplug.com for your firearm needs. We understand that sometimes returns\/ exchanges or cancellation may be necessary, and we want to ensure the process is as easy as possible. Exchanges: If you received a damaged or defective item, we would gladly exchange it for a new one. To initiate an exchange, please [...]","protected":false},"author":1,"featured_media":0,"parent":0,"menu_order":0,"comment_status":"closed","ping_status":"closed","template":"","meta":{"_acf_changed":false,"_joinchat":[],"footnotes":""},"class_list":["post-3229","page","type-page","status-publish","hentry"],"acf":[],"yoast_head":"<!-- This site is optimized with the Yoast SEO plugin v26.3 - https:\/\/yoast.com\/wordpress\/plugins\/seo\/ -->\n<title>Refund and Returns Policy - Buy gun online USA<\/title>\n<meta name=\"robots\" content=\"index, follow, max-snippet:-1, max-image-preview:large, max-video-preview:-1\" \/>\n<link rel=\"canonical\" href=\"https:\/\/www.gunmeplug.com\/pt\/refund_returns\/\" \/>\n<meta property=\"og:locale\" content=\"pt_BR\" \/>\n<meta property=\"og:type\" content=\"article\" \/>\n<meta property=\"og:title\" content=\"Refund and Returns Policy - Buy gun online USA\" \/>\n<meta property=\"og:url\" content=\"https:\/\/www.gunmeplug.com\/pt\/refund_returns\/\" \/>\n<meta property=\"og:site_name\" content=\"Buy gun online USA\" \/>\n<meta property=\"article:modified_time\" content=\"2023-05-03T10:02:34+00:00\" \/>\n<meta name=\"twitter:card\" content=\"summary_large_image\" \/>\n<meta name=\"twitter:label1\" content=\"Est. tempo de leitura\" \/>\n\t<meta name=\"twitter:data1\" content=\"3 minutos\" \/>\n<script type=\"application\/ld+json\" class=\"yoast-schema-graph\">{\"@context\":\"https:\/\/schema.org\",\"@graph\":[{\"@type\":\"WebPage\",\"@id\":\"https:\/\/www.gunmeplug.com\/refund_returns\/\",\"url\":\"https:\/\/www.gunmeplug.com\/refund_returns\/\",\"name\":\"Refund and Returns Policy - Buy gun online USA\",\"isPartOf\":{\"@id\":\"https:\/\/www.gunmeplug.com\/#website\"},\"datePublished\":\"2021-11-05T17:23:33+00:00\",\"dateModified\":\"2023-05-03T10:02:34+00:00\",\"breadcrumb\":{\"@id\":\"https:\/\/www.gunmeplug.com\/refund_returns\/#breadcrumb\"},\"inLanguage\":\"pt-BR\",\"potentialAction\":[{\"@type\":\"ReadAction\",\"target\":[\"https:\/\/www.gunmeplug.com\/refund_returns\/\"]}]},{\"@type\":\"BreadcrumbList\",\"@id\":\"https:\/\/www.gunmeplug.com\/refund_returns\/#breadcrumb\",\"itemListElement\":[{\"@type\":\"ListItem\",\"position\":1,\"name\":\"Home\",\"item\":\"https:\/\/www.gunmeplug.com\/es\/\"},{\"@type\":\"ListItem\",\"position\":2,\"name\":\"Refund and Returns Policy\"}]},{\"@type\":\"WebSite\",\"@id\":\"https:\/\/www.gunmeplug.com\/#website\",\"url\":\"https:\/\/www.gunmeplug.com\/\",\"name\":\"Buy gun online USA\",\"description\":\"FireArms for sale online \",\"potentialAction\":[{\"@type\":\"SearchAction\",\"target\":{\"@type\":\"EntryPoint\",\"urlTemplate\":\"https:\/\/www.gunmeplug.com\/?s={search_term_string}\"},\"query-input\":{\"@type\":\"PropertyValueSpecification\",\"valueRequired\":true,\"valueName\":\"search_term_string\"}}],\"inLanguage\":\"pt-BR\"}]}<\/script>\n<!-- \/ Yoast SEO plugin. -->","yoast_head_json":{"title":"Pol\u00edtica de reembolso e devolu\u00e7\u00f5es - Buy gun online USA","robots":{"index":"index","follow":"follow","max-snippet":"max-snippet:-1","max-image-preview":"max-image-preview:large","max-video-preview":"max-video-preview:-1"},"canonical":"https:\/\/www.gunmeplug.com\/pt\/refund_returns\/","og_locale":"pt_BR","og_type":"article","og_title":"Refund and Returns Policy - Buy gun online USA","og_url":"https:\/\/www.gunmeplug.com\/pt\/refund_returns\/","og_site_name":"Buy gun online USA","article_modified_time":"2023-05-03T10:02:34+00:00","twitter_card":"summary_large_image","twitter_misc":{"Est. tempo de leitura":"3 minutos"},"schema":{"@context":"https:\/\/schema.org","@graph":[{"@type":"WebPage","@id":"https:\/\/www.gunmeplug.com\/refund_returns\/","url":"https:\/\/www.gunmeplug.com\/refund_returns\/","name":"Pol\u00edtica de reembolso e devolu\u00e7\u00f5es - Buy gun online USA","isPartOf":{"@id":"https:\/\/www.gunmeplug.com\/#website"},"datePublished":"2021-11-05T17:23:33+00:00","dateModified":"2023-05-03T10:02:34+00:00","breadcrumb":{"@id":"https:\/\/www.gunmeplug.com\/refund_returns\/#breadcrumb"},"inLanguage":"pt-BR","potentialAction":[{"@type":"ReadAction","target":["https:\/\/www.gunmeplug.com\/refund_returns\/"]}]},{"@type":"BreadcrumbList","@id":"https:\/\/www.gunmeplug.com\/refund_returns\/#breadcrumb","itemListElement":[{"@type":"ListItem","position":1,"name":"Home","item":"https:\/\/www.gunmeplug.com\/es\/"},{"@type":"ListItem","position":2,"name":"Refund and Returns Policy"}]},{"@type":"WebSite","@id":"https:\/\/www.gunmeplug.com\/#website","url":"https:\/\/www.gunmeplug.com\/","name":"Comprar arma on-line EUA","description":"FireArms para venda online","potentialAction":[{"@type":"SearchAction","target":{"@type":"EntryPoint","urlTemplate":"https:\/\/www.gunmeplug.com\/?s={search_term_string}"},"query-input":{"@type":"PropertyValueSpecification","valueRequired":true,"valueName":"search_term_string"}}],"inLanguage":"pt-BR"}]}},"_links":{"self":[{"href":"https:\/\/www.gunmeplug.com\/pt\/wp-json\/wp\/v2\/pages\/3229","targetHints":{"allow":["GET"]}}],"collection":[{"href":"https:\/\/www.gunmeplug.com\/pt\/wp-json\/wp\/v2\/pages"}],"about":[{"href":"https:\/\/www.gunmeplug.com\/pt\/wp-json\/wp\/v2\/types\/page"}],"author":[{"embeddable":true,"href":"https:\/\/www.gunmeplug.com\/pt\/wp-json\/wp\/v2\/users\/1"}],"replies":[{"embeddable":true,"href":"https:\/\/www.gunmeplug.com\/pt\/wp-json\/wp\/v2\/comments?post=3229"}],"version-history":[{"count":1,"href":"https:\/\/www.gunmeplug.com\/pt\/wp-json\/wp\/v2\/pages\/3229\/revisions"}],"predecessor-version":[{"id":3412,"href":"https:\/\/www.gunmeplug.com\/pt\/wp-json\/wp\/v2\/pages\/3229\/revisions\/3412"}],"wp:attachment":[{"href":"https:\/\/www.gunmeplug.com\/pt\/wp-json\/wp\/v2\/media?parent=3229"}],"curies":[{"name":"wp","href":"https:\/\/api.w.org\/{rel}","templated":true}]}}