{"id":3930,"date":"2024-11-23T15:47:45","date_gmt":"2024-11-23T15:47:45","guid":{"rendered":"https:\/\/www.gunmeplug.com\/?post_type=product&#038;p=3930"},"modified":"2024-11-23T15:57:36","modified_gmt":"2024-11-23T15:57:36","slug":"pozwolenie-na-zakup-broni-palnej","status":"publish","type":"product","link":"https:\/\/www.gunmeplug.com\/pl\/produkt\/pozwolenie-na-zakup-broni-palnej\/","title":{"rendered":"Pozwolenie na zakup broni palnej"},"content":{"rendered":"<h2><strong>Kup lub z\u0142\u00f3\u017c wniosek o pozwolenie na zakup broni palnej online w USA<\/strong><\/h2>\n<p>Patrz\u0105c na <strong>Kup pozwolenie na zakup broni palnej online<\/strong> lub potrzebujesz wskaz\u00f3wek dotycz\u0105cych <strong>proces sk\u0142adania wniosku o pozwolenie na zakup broni palnej<\/strong>? Na <strong>GunMePlug<\/strong>u\u0142atwiamy nawigacj\u0119 nabywcom broni palnej w ca\u0142ych Stanach Zjednoczonych <strong>stanowe przepisy dotycz\u0105ce broni palnej<\/strong> i spotka\u0107 si\u0119 z <strong>wymagania dotycz\u0105ce zakupu broni palnej<\/strong> in their area. Whether you\u2019re applying for the first time, renewing your <strong>pozwolenie na rejestracj\u0119 broni palnej<\/strong>lub szukaj\u0105c informacji na temat <strong>przepisy dotycz\u0105ce posiadania broni<\/strong>zapewniamy szybk\u0105, niezawodn\u0105 i bezpieczn\u0105 obs\u0142ug\u0119. Nasza platforma cieszy si\u0119 zaufaniem w\u0142a\u015bcicieli broni palnej w <strong>stany o wysokim popycie<\/strong> np. <strong>Kalifornia<\/strong>, <strong>Teksas<\/strong>, <strong>Floryda<\/strong>, <strong>Illinois<\/strong>oraz <strong>Gruzja<\/strong>gdzie zgodno\u015b\u0107 z <strong>przepisy dotycz\u0105ce zakupu broni palnej<\/strong> ma kluczowe znaczenie. Koncentruj\u0105c si\u0119 na <strong>Szybkie zatwierdzanie pozwole\u0144 na zakup broni palnej<\/strong>Zapewniamy wszystko, czego potrzebujesz, aby legalnie posiada\u0107 i kupowa\u0107 bro\u0144 paln\u0105.<\/p>\n<h3><strong>Jak uzyska\u0107 pozwolenie na zakup broni palnej<\/strong><\/h3>\n<p>Uzyskanie <strong>pozwolenie na zakup broni palnej<\/strong> involves several steps, depending on your state\u2019s requirements. GunMePlug simplifies this process, guiding you through key steps like the <strong>Proces sprawdzania broni palnej w tle<\/strong> i przes\u0142anie <strong>wniosek o pozwolenie na bro\u0144 online<\/strong>. Ka\u017cdy stan ma unikalne przepisy, wi\u0119c GunMePlug zapewnia, \u017ce wiesz dok\u0142adnie, jaka dokumentacja jest potrzebna, od dowodu to\u017csamo\u015bci po certyfikaty szkoleniowe. W przypadku stan\u00f3w wymagaj\u0105cych rejestracji broni palnej, pomagamy w wype\u0142nieniu nast\u0119puj\u0105cych dokument\u00f3w <strong>pozwolenie na rejestracj\u0119 broni palnej<\/strong> szybko i dok\u0142adnie. Sprawdzenie przesz\u0142o\u015bci jest obowi\u0105zkowym krokiem dla wszystkich kandydat\u00f3w, zapewniaj\u0105c spe\u0142nienie stanowych i federalnych kryteri\u00f3w kwalifikowalno\u015bci. Zapewniamy r\u00f3wnie\u017c przejrzyste ceny, aby pom\u00f3c Ci zrozumie\u0107 <strong>koszt pozwolenia na zakup broni palnej<\/strong>bez ukrytych op\u0142at.<\/p>\n<h3><strong>Kup pozwolenie na zakup broni palnej online<\/strong><\/h3>\n<p>W GunMePlug mo\u017cesz <strong>Kup pozwolenie na zakup broni palnej online<\/strong> z \u0142atwo\u015bci\u0105. Nasze us\u0142ugi s\u0105 dostosowane do zapewnienia bezpiecznej, szybkiej i niezawodnej pomocy. Oferujemy <strong>pozwolenia na zakup broni palnej na sprzeda\u017c<\/strong> at affordable rates, tailored to your state\u2019s requirements. You can complete your <strong>zakup licencji na bro\u0144 paln\u0105 online<\/strong>oszcz\u0119dzaj\u0105c czas i wysi\u0142ek dzi\u0119ki aplikacjom cyfrowym. Przyspieszamy proces, aby zapewni\u0107 <strong>Szybkie zatwierdzanie pozwole\u0144 na zakup broni palnej<\/strong>pomagaj\u0105c unikn\u0105\u0107 niepotrzebnych op\u00f3\u017anie\u0144. Twoje dane osobowe s\u0105 zawsze chronione przez <strong>bezpieczne przetwarzanie pozwole\u0144 na bro\u0144 paln\u0105<\/strong>.<\/p>\n<h3><strong>Stany o wysokim popycie na pozwolenia na zakup broni palnej<\/strong><\/h3>\n<p><strong>Kalifornia<\/strong> jest znana z rygorystycznych przepis\u00f3w dotycz\u0105cych kontroli broni, wymagaj\u0105cych <strong>Certyfikat bezpiecze\u0144stwa broni palnej (FSC)<\/strong> i rygorystyczne kontrole w tle dla wszystkich zakup\u00f3w broni palnej. <strong>Teksas<\/strong> oferuje usprawniony proces zakupu broni palnej z minimalnymi ograniczeniami, co czyni go popularnym wyborem dla posiadaczy broni palnej. <strong>Floryda<\/strong>\u2019s firearm permits are in high demand due to its reciprocity agreements with other states. <strong>Illinois<\/strong> wymaga <strong>Karta identyfikacyjna w\u0142a\u015bciciela broni palnej (FOID)<\/strong> dla wszystkich zakup\u00f3w broni palnej. <strong>Gruzja<\/strong> s\u0142ynie z wydajnego procesu sk\u0142adania wniosk\u00f3w i \u0142agodnych przepis\u00f3w dotycz\u0105cych posiadania broni.<\/p>\n<h3><strong>Dlaczego warto wybra\u0107 GunMePlug dla swojego pozwolenia na zakup broni palnej?<\/strong><\/h3>\n<p>GunMePlug \u0142\u0105czy ci\u0119 z <strong>Zaufani dostawcy pozwole\u0144 na bro\u0144 paln\u0105<\/strong> i zapewnia zgodno\u015b\u0107 ze wszystkimi <strong>stanowe przepisy dotycz\u0105ce broni palnej<\/strong>. Mo\u017cesz bezpiecznie przes\u0142a\u0107 swoje dane w zaciszu w\u0142asnego domu za po\u015brednictwem naszej strony internetowej <strong>wniosek o pozwolenie na bro\u0144 online<\/strong>. Dla os\u00f3b w stanach, w kt\u00f3rych obowi\u0105zuj\u0105 okresy oczekiwania, zapewniamy wskaz\u00f3wki dotycz\u0105ce zarz\u0105dzania <strong>okres oczekiwania na zakup broni<\/strong> skutecznie. Pomagamy r\u00f3wnie\u017c z <strong>odnowienie pozwolenia na bro\u0144<\/strong>, aktualizuj\u0105c swoje dane uwierzytelniaj\u0105ce. Od <strong>sprawdzanie broni palnej w tle<\/strong> do weryfikacji <strong>przepisy dotycz\u0105ce posiadania broni<\/strong>Oferujemy kompleksowe wsparcie w zakresie zgodno\u015bci.<\/p>\n<h3><strong>Cz\u0119sto zadawane pytania (FAQ)<\/strong><\/h3>\n<p><strong>Jak wygl\u0105da proces ubiegania si\u0119 o pozwolenie na zakup broni palnej?<\/strong> Aby z\u0142o\u017cy\u0107 wniosek, nale\u017cy przej\u015b\u0107 weryfikacj\u0119 przesz\u0142o\u015bci, spe\u0142ni\u0107 wymagania dotycz\u0105ce dokumentacji specyficznej dla danego stanu i z\u0142o\u017cy\u0107 wniosek o rejestracj\u0119 broni palnej. GunMePlug upraszcza ten proces.<\/p>\n<p><strong>Czy musz\u0119 mie\u0107 pozwolenie na zakup broni palnej w ka\u017cdym stanie?<\/strong> Nie wszystkie stany wymagaj\u0105 zezwole\u0144, ale wiele z nich, takich jak Kalifornia, Illinois i Nowy Jork, nakazuje ich posiadanie. <strong>pozwolenie na zakup broni palnej<\/strong> lub r\u00f3wnowa\u017cny. GunMePlug zapewnia wskaz\u00f3wki na podstawie lokalizacji u\u017cytkownika.<\/p>\n<p><strong>Ile kosztuje pozwolenie na zakup broni palnej?<\/strong> Koszt r\u00f3\u017cni si\u0119 w zale\u017cno\u015bci od stanu, a op\u0142aty zazwyczaj wahaj\u0105 si\u0119 od $25 do $100. Zapewniamy przejrzyste ceny bez ukrytych op\u0142at.<\/p>\n<p><strong>Czy mog\u0119 ubiega\u0107 si\u0119 o pozwolenie na zakup broni palnej online?<\/strong> Tak, dzi\u0119ki GunMePlug mo\u017cesz uzupe\u0142ni\u0107 swoje <strong>wniosek o pozwolenie na zakup broni palnej<\/strong> online szybko i bezpiecznie.<\/p>\n<p><strong>Jakie dokumenty s\u0105 wymagane do uzyskania pozwolenia na zakup broni palnej?<\/strong> Wi\u0119kszo\u015b\u0107 stan\u00f3w wymaga wa\u017cnego dokumentu to\u017csamo\u015bci, dowodu zamieszkania i uko\u0144czenia kursu bezpiecze\u0144stwa broni palnej. Dodatkowe wymagania mog\u0105 si\u0119 r\u00f3\u017cni\u0107.<\/p>\n<h3><strong>Rozpocznij sk\u0142adanie wniosku o pozwolenie na zakup broni palnej ju\u017c dzi\u015b<\/strong><\/h3>\n<p>Don\u2019t let complex regulations and paperwork delay your firearm purchase. At <strong>GunMePlug<\/strong>, we prioritize efficiency, security, and compliance, ensuring a smooth experience for all applicants. Whether you\u2019re applying for the first time, renewing your permit, or seeking assistance with <strong>stanowe przepisy dotycz\u0105ce broni palnej<\/strong>jeste\u015bmy tutaj, aby pom\u00f3c. Rozpocznij <strong>wniosek o pozwolenie na zakup broni palnej<\/strong> ju\u017c dzi\u015b i zaufaj GunMePlug w zakresie niezawodnych, niedrogich i szybkich us\u0142ug.<\/p>","protected":false},"excerpt":{"rendered":"<p>Buy or Apply for a Firearm Purchase Permit Online in the USA Looking to buy a Firearm Purchase Permit online or need guidance on the firearm purchase permit application process? At GunMePlug, we make it easy for firearm buyers across the USA to navigate state firearm regulations and meet the firearm purchase requirements in their [&hellip;]<\/p>","protected":false},"featured_media":3931,"template":"","meta":{"_acf_changed":false,"_joinchat":[]},"product_brand":[],"product_cat":[333],"product_tag":[368,366,370,354,360,363,369,357,359,367,372,355,365,371,358,361,356,373,364,362],"class_list":{"0":"post-3930","1":"product","2":"type-product","3":"status-publish","4":"has-post-thumbnail","6":"product_cat-gun-license-certifficate","7":"product_tag-affordable-firearm-purchase-permit","8":"product_tag-apply-for-firearm-purchase-permit","9":"product_tag-buy-firearm-permit-online-usa","10":"product_tag-buy-firearm-purchase-permit","11":"product_tag-fast-firearm-purchase-permit-approvals","12":"product_tag-firearm-background-check-process","13":"product_tag-firearm-laws-by-state","14":"product_tag-firearm-permit-application","15":"product_tag-firearm-permit-cost","16":"product_tag-firearm-permit-renewal","17":"product_tag-firearm-purchase-permit-assistance","18":"product_tag-firearm-purchase-permit-for-sale","19":"product_tag-firearm-purchase-requirements","20":"product_tag-firearm-registration-permit","21":"product_tag-how-to-get-a-firearm-purchase-permit","22":"product_tag-online-firearm-permit-application","23":"product_tag-purchase-firearm-license-online","24":"product_tag-reliable-firearm-permit-providers","25":"product_tag-secure-firearm-permit-processing","26":"product_tag-trusted-firearm-permit-providers","28":"first","29":"outofstock","30":"shipping-taxable","31":"product-type-simple"},"acf":[],"yoast_head":"<!-- This site is optimized with the Yoast SEO plugin v26.3 - https:\/\/yoast.com\/wordpress\/plugins\/seo\/ -->\n<title>Buy a Firearm Purchase Permit Online | Fast Approvals<\/title>\n<meta name=\"description\" content=\"Buy a Firearm Purchase Permit online with GunMePlug. Fast approvals, trusted providers, and affordable firearm purchase permits tailored to your state. Apply now!\" \/>\n<meta name=\"robots\" content=\"index, follow, max-snippet:-1, max-image-preview:large, max-video-preview:-1\" \/>\n<link rel=\"canonical\" href=\"https:\/\/www.gunmeplug.com\/pl\/produkt\/pozwolenie-na-zakup-broni-palnej\/\" \/>\n<meta property=\"og:locale\" content=\"pl_PL\" \/>\n<meta property=\"og:type\" content=\"article\" \/>\n<meta property=\"og:title\" content=\"Buy a Firearm Purchase Permit Online | Fast Approvals\" \/>\n<meta property=\"og:description\" content=\"Buy a Firearm Purchase Permit online with GunMePlug. Fast approvals, trusted providers, and affordable firearm purchase permits tailored to your state. Apply now!\" \/>\n<meta property=\"og:url\" content=\"https:\/\/www.gunmeplug.com\/pl\/produkt\/pozwolenie-na-zakup-broni-palnej\/\" \/>\n<meta property=\"og:site_name\" content=\"Buy gun online USA\" \/>\n<meta property=\"article:modified_time\" content=\"2024-11-23T15:57:36+00:00\" \/>\n<meta property=\"og:image\" content=\"https:\/\/www.gunmeplug.com\/wp-content\/uploads\/2024\/11\/Firearm-Purchase.png\" \/>\n\t<meta property=\"og:image:width\" content=\"197\" \/>\n\t<meta property=\"og:image:height\" content=\"255\" \/>\n\t<meta property=\"og:image:type\" content=\"image\/png\" \/>\n<meta name=\"twitter:card\" content=\"summary_large_image\" \/>\n<meta name=\"twitter:label1\" content=\"Szacowany czas czytania\" \/>\n\t<meta name=\"twitter:data1\" content=\"4 minuty\" \/>\n<script type=\"application\/ld+json\" class=\"yoast-schema-graph\">{\"@context\":\"https:\/\/schema.org\",\"@graph\":[{\"@type\":\"WebPage\",\"@id\":\"https:\/\/www.gunmeplug.com\/vi\/san-pham-2\/firearm-purchase-permit\/\",\"url\":\"https:\/\/www.gunmeplug.com\/vi\/san-pham-2\/firearm-purchase-permit\/\",\"name\":\"Buy a Firearm Purchase Permit Online | Fast Approvals\",\"isPartOf\":{\"@id\":\"https:\/\/www.gunmeplug.com\/#website\"},\"primaryImageOfPage\":{\"@id\":\"https:\/\/www.gunmeplug.com\/vi\/san-pham-2\/firearm-purchase-permit\/#primaryimage\"},\"image\":{\"@id\":\"https:\/\/www.gunmeplug.com\/vi\/san-pham-2\/firearm-purchase-permit\/#primaryimage\"},\"thumbnailUrl\":\"https:\/\/www.gunmeplug.com\/wp-content\/uploads\/2024\/11\/Firearm-Purchase.png\",\"datePublished\":\"2024-11-23T15:47:45+00:00\",\"dateModified\":\"2024-11-23T15:57:36+00:00\",\"description\":\"Buy a Firearm Purchase Permit online with GunMePlug. Fast approvals, trusted providers, and affordable firearm purchase permits tailored to your state. Apply now!\",\"breadcrumb\":{\"@id\":\"https:\/\/www.gunmeplug.com\/vi\/san-pham-2\/firearm-purchase-permit\/#breadcrumb\"},\"inLanguage\":\"pl-PL\",\"potentialAction\":[{\"@type\":\"ReadAction\",\"target\":[\"https:\/\/www.gunmeplug.com\/vi\/san-pham-2\/firearm-purchase-permit\/\"]}]},{\"@type\":\"ImageObject\",\"inLanguage\":\"pl-PL\",\"@id\":\"https:\/\/www.gunmeplug.com\/vi\/san-pham-2\/firearm-purchase-permit\/#primaryimage\",\"url\":\"https:\/\/www.gunmeplug.com\/wp-content\/uploads\/2024\/11\/Firearm-Purchase.png\",\"contentUrl\":\"https:\/\/www.gunmeplug.com\/wp-content\/uploads\/2024\/11\/Firearm-Purchase.png\",\"width\":197,\"height\":255,\"caption\":\"Buy Firearm Purchase Permit\"},{\"@type\":\"BreadcrumbList\",\"@id\":\"https:\/\/www.gunmeplug.com\/vi\/san-pham-2\/firearm-purchase-permit\/#breadcrumb\",\"itemListElement\":[{\"@type\":\"ListItem\",\"position\":1,\"name\":\"Home\",\"item\":\"https:\/\/www.gunmeplug.com\/es\/\"},{\"@type\":\"ListItem\",\"position\":2,\"name\":\"Shop\",\"item\":\"https:\/\/www.gunmeplug.com\/es\/shop\/\"},{\"@type\":\"ListItem\",\"position\":3,\"name\":\"Firearm Purchase Permit\"}]},{\"@type\":\"WebSite\",\"@id\":\"https:\/\/www.gunmeplug.com\/#website\",\"url\":\"https:\/\/www.gunmeplug.com\/\",\"name\":\"Buy gun online USA\",\"description\":\"FireArms for sale online \",\"potentialAction\":[{\"@type\":\"SearchAction\",\"target\":{\"@type\":\"EntryPoint\",\"urlTemplate\":\"https:\/\/www.gunmeplug.com\/?s={search_term_string}\"},\"query-input\":{\"@type\":\"PropertyValueSpecification\",\"valueRequired\":true,\"valueName\":\"search_term_string\"}}],\"inLanguage\":\"pl-PL\"}]}<\/script>\n<!-- \/ Yoast SEO plugin. -->","yoast_head_json":{"title":"Kup pozwolenie na zakup broni palnej online | Szybkie zatwierdzenia","description":"Kup pozwolenie na zakup broni palnej online z GunMePlug. Szybkie zatwierdzenia, zaufani dostawcy i przyst\u0119pne cenowo pozwolenia na zakup broni palnej dostosowane do twojego stanu. Z\u0142\u00f3\u017c wniosek teraz!","robots":{"index":"index","follow":"follow","max-snippet":"max-snippet:-1","max-image-preview":"max-image-preview:large","max-video-preview":"max-video-preview:-1"},"canonical":"https:\/\/www.gunmeplug.com\/pl\/produkt\/pozwolenie-na-zakup-broni-palnej\/","og_locale":"pl_PL","og_type":"article","og_title":"Buy a Firearm Purchase Permit Online | Fast Approvals","og_description":"Buy a Firearm Purchase Permit online with GunMePlug. Fast approvals, trusted providers, and affordable firearm purchase permits tailored to your state. Apply now!","og_url":"https:\/\/www.gunmeplug.com\/pl\/produkt\/pozwolenie-na-zakup-broni-palnej\/","og_site_name":"Buy gun online USA","article_modified_time":"2024-11-23T15:57:36+00:00","og_image":[{"width":197,"height":255,"url":"https:\/\/www.gunmeplug.com\/wp-content\/uploads\/2024\/11\/Firearm-Purchase.png","type":"image\/png"}],"twitter_card":"summary_large_image","twitter_misc":{"Szacowany czas czytania":"4 minuty"},"schema":{"@context":"https:\/\/schema.org","@graph":[{"@type":"WebPage","@id":"https:\/\/www.gunmeplug.com\/vi\/san-pham-2\/firearm-purchase-permit\/","url":"https:\/\/www.gunmeplug.com\/vi\/san-pham-2\/firearm-purchase-permit\/","name":"Kup pozwolenie na zakup broni palnej online | Szybkie zatwierdzenia","isPartOf":{"@id":"https:\/\/www.gunmeplug.com\/#website"},"primaryImageOfPage":{"@id":"https:\/\/www.gunmeplug.com\/vi\/san-pham-2\/firearm-purchase-permit\/#primaryimage"},"image":{"@id":"https:\/\/www.gunmeplug.com\/vi\/san-pham-2\/firearm-purchase-permit\/#primaryimage"},"thumbnailUrl":"https:\/\/www.gunmeplug.com\/wp-content\/uploads\/2024\/11\/Firearm-Purchase.png","datePublished":"2024-11-23T15:47:45+00:00","dateModified":"2024-11-23T15:57:36+00:00","description":"Kup pozwolenie na zakup broni palnej online z GunMePlug. Szybkie zatwierdzenia, zaufani dostawcy i przyst\u0119pne cenowo pozwolenia na zakup broni palnej dostosowane do twojego stanu. Z\u0142\u00f3\u017c wniosek teraz!","breadcrumb":{"@id":"https:\/\/www.gunmeplug.com\/vi\/san-pham-2\/firearm-purchase-permit\/#breadcrumb"},"inLanguage":"pl-PL","potentialAction":[{"@type":"ReadAction","target":["https:\/\/www.gunmeplug.com\/vi\/san-pham-2\/firearm-purchase-permit\/"]}]},{"@type":"ImageObject","inLanguage":"pl-PL","@id":"https:\/\/www.gunmeplug.com\/vi\/san-pham-2\/firearm-purchase-permit\/#primaryimage","url":"https:\/\/www.gunmeplug.com\/wp-content\/uploads\/2024\/11\/Firearm-Purchase.png","contentUrl":"https:\/\/www.gunmeplug.com\/wp-content\/uploads\/2024\/11\/Firearm-Purchase.png","width":197,"height":255,"caption":"Buy Firearm Purchase Permit"},{"@type":"BreadcrumbList","@id":"https:\/\/www.gunmeplug.com\/vi\/san-pham-2\/firearm-purchase-permit\/#breadcrumb","itemListElement":[{"@type":"ListItem","position":1,"name":"Home","item":"https:\/\/www.gunmeplug.com\/es\/"},{"@type":"ListItem","position":2,"name":"Shop","item":"https:\/\/www.gunmeplug.com\/es\/shop\/"},{"@type":"ListItem","position":3,"name":"Firearm Purchase Permit"}]},{"@type":"WebSite","@id":"https:\/\/www.gunmeplug.com\/#website","url":"https:\/\/www.gunmeplug.com\/","name":"Kup bro\u0144 online USA","description":"Bro\u0144 palna na sprzeda\u017c online","potentialAction":[{"@type":"SearchAction","target":{"@type":"EntryPoint","urlTemplate":"https:\/\/www.gunmeplug.com\/?s={search_term_string}"},"query-input":{"@type":"PropertyValueSpecification","valueRequired":true,"valueName":"search_term_string"}}],"inLanguage":"pl-PL"}]}},"_links":{"self":[{"href":"https:\/\/www.gunmeplug.com\/pl\/wp-json\/wp\/v2\/product\/3930","targetHints":{"allow":["GET"]}}],"collection":[{"href":"https:\/\/www.gunmeplug.com\/pl\/wp-json\/wp\/v2\/product"}],"about":[{"href":"https:\/\/www.gunmeplug.com\/pl\/wp-json\/wp\/v2\/types\/product"}],"wp:featuredmedia":[{"embeddable":true,"href":"https:\/\/www.gunmeplug.com\/pl\/wp-json\/wp\/v2\/media\/3931"}],"wp:attachment":[{"href":"https:\/\/www.gunmeplug.com\/pl\/wp-json\/wp\/v2\/media?parent=3930"}],"wp:term":[{"taxonomy":"product_brand","embeddable":true,"href":"https:\/\/www.gunmeplug.com\/pl\/wp-json\/wp\/v2\/product_brand?post=3930"},{"taxonomy":"product_cat","embeddable":true,"href":"https:\/\/www.gunmeplug.com\/pl\/wp-json\/wp\/v2\/product_cat?post=3930"},{"taxonomy":"product_tag","embeddable":true,"href":"https:\/\/www.gunmeplug.com\/pl\/wp-json\/wp\/v2\/product_tag?post=3930"}],"curies":[{"name":"wp","href":"https:\/\/api.w.org\/{rel}","templated":true}]}}