{"id":3431,"date":"2023-05-04T08:16:28","date_gmt":"2023-05-04T08:16:28","guid":{"rendered":"https:\/\/www.gunmeplug.com\/?post_type=product&#038;p=3431"},"modified":"2023-05-04T09:43:12","modified_gmt":"2023-05-04T09:43:12","slug":"tulammo-223-rem-55-grain-fmj-steel-case-20-rounds-ta223550","status":"publish","type":"product","link":"https:\/\/www.gunmeplug.com\/pl\/produkt\/tulammo-223-rem-55-grain-fmj-steel-case-20-rounds-ta223550\/","title":{"rendered":"TulAmmo .223 Rem, 55 grain FMJ Steel Case, 20 sztuk TA223550"},"content":{"rendered":"<h3 class=\"tab_content_head\">SZCZEG\u00d3\u0141Y<\/h3>\n<div class=\"product attribute description\">\n<div class=\"value\">\n<p>W terenie, na strzelnicy lub na polowaniu mo\u017cesz zaufa\u0107 TulAmmo, \u017ce zapewni najwy\u017cszy poziom balistyki wewn\u0119trznej, zewn\u0119trznej i ko\u0144cowej, bardziej sp\u00f3jne pr\u0119dko\u015bci i imponuj\u0105c\u0105 energi\u0119 zachowan\u0105 w d\u00f3\u0142 od Twojej ulubionej broni, z niezr\u00f3wnan\u0105 warto\u015bci\u0105 do- wsp\u00f3\u0142czynnik wydajno\u015bci. Wszystkie naboje karabinowe TulAmmo s\u0105 w stalowych obudowach, ocynkowane, niekorozyjne, zagruntowane Berdanem, z fosforanow\u0105 pow\u0142ok\u0105 polimerow\u0105 i o\u0142owianym rdzeniem.<\/p>\n<ul class=\"disc\">\n<li><strong>Kaliber:<\/strong>.223 Remington<\/li>\n<li><strong>Waga\/typ pocisku:<\/strong>55 Grain Full Metal Jacket<\/li>\n<li><strong>Pr\u0119dko\u015b\u0107 wylotowa:<\/strong>3241 fps<\/li>\n<li><strong>Ilo\u015b\u0107:<\/strong>20 sztuk\/pude\u0142ko<\/li>\n<li><strong>Obudowa:<\/strong>Berdan Primed Steel, bez mo\u017cliwo\u015bci prze\u0142adowania<\/li>\n<\/ul>\n<\/div>\n<\/div>","protected":false},"excerpt":{"rendered":"<p>DETAILS In the field, at the range or on the hunt, you can trust TulAmmo to deliver a superior level of internal, external and terminal ballistics, more consistent velocities, and impressive retained energies downrange from your favorite rifle, with an unmatched value-to-performance ratio. All TulAmmo rifle cartridges are steel cased, zinc jacketed, non-corrosive Berdan primed, [&hellip;]<\/p>","protected":false},"featured_media":3437,"template":"","meta":{"_acf_changed":false,"_joinchat":[]},"product_brand":[],"product_cat":[332,330],"product_tag":[],"class_list":{"0":"post-3431","1":"product","2":"type-product","3":"status-publish","4":"has-post-thumbnail","6":"product_cat-accessories","7":"product_cat-bullets","9":"first","10":"instock","11":"shipping-taxable","12":"purchasable","13":"product-type-simple"},"acf":[],"yoast_head":"<!-- This site is optimized with the Yoast SEO plugin v26.3 - https:\/\/yoast.com\/wordpress\/plugins\/seo\/ -->\n<title>TulAmmo .223 Rem, 55 Grain FMJ Steel Case, 20 Rounds TA223550 - Buy gun online USA<\/title>\n<meta name=\"robots\" content=\"index, follow, max-snippet:-1, max-image-preview:large, max-video-preview:-1\" \/>\n<link rel=\"canonical\" href=\"https:\/\/www.gunmeplug.com\/pl\/produkt\/tulammo-223-rem-55-grain-fmj-steel-case-20-rounds-ta223550\/\" \/>\n<meta property=\"og:locale\" content=\"pl_PL\" \/>\n<meta property=\"og:type\" content=\"article\" \/>\n<meta property=\"og:title\" content=\"TulAmmo .223 Rem, 55 Grain FMJ Steel Case, 20 Rounds TA223550 - Buy gun online USA\" \/>\n<meta property=\"og:description\" content=\"DETAILS In the field, at the range or on the hunt, you can trust TulAmmo to deliver a superior level of internal, external and terminal ballistics, more consistent velocities, and impressive retained energies downrange from your favorite rifle, with an unmatched value-to-performance ratio. All TulAmmo rifle cartridges are steel cased, zinc jacketed, non-corrosive Berdan primed, [&hellip;]\" \/>\n<meta property=\"og:url\" content=\"https:\/\/www.gunmeplug.com\/pl\/produkt\/tulammo-223-rem-55-grain-fmj-steel-case-20-rounds-ta223550\/\" \/>\n<meta property=\"og:site_name\" content=\"Buy gun online USA\" \/>\n<meta property=\"article:modified_time\" content=\"2023-05-04T09:43:12+00:00\" \/>\n<meta property=\"og:image\" content=\"https:\/\/www.gunmeplug.com\/wp-content\/uploads\/2023\/05\/TulAmmo-.223-Rem-55-Grain.jpg\" \/>\n\t<meta property=\"og:image:width\" content=\"600\" \/>\n\t<meta property=\"og:image:height\" content=\"600\" \/>\n\t<meta property=\"og:image:type\" content=\"image\/jpeg\" \/>\n<meta name=\"twitter:card\" content=\"summary_large_image\" \/>\n<script type=\"application\/ld+json\" class=\"yoast-schema-graph\">{\"@context\":\"https:\/\/schema.org\",\"@graph\":[{\"@type\":\"WebPage\",\"@id\":\"https:\/\/www.gunmeplug.com\/es\/producto\/tulammo-223-rem-55-grain-fmj-steel-case-20-rounds-ta223550\/\",\"url\":\"https:\/\/www.gunmeplug.com\/es\/producto\/tulammo-223-rem-55-grain-fmj-steel-case-20-rounds-ta223550\/\",\"name\":\"TulAmmo .223 Rem, 55 Grain FMJ Steel Case, 20 Rounds TA223550 - Buy gun online USA\",\"isPartOf\":{\"@id\":\"https:\/\/www.gunmeplug.com\/#website\"},\"primaryImageOfPage\":{\"@id\":\"https:\/\/www.gunmeplug.com\/es\/producto\/tulammo-223-rem-55-grain-fmj-steel-case-20-rounds-ta223550\/#primaryimage\"},\"image\":{\"@id\":\"https:\/\/www.gunmeplug.com\/es\/producto\/tulammo-223-rem-55-grain-fmj-steel-case-20-rounds-ta223550\/#primaryimage\"},\"thumbnailUrl\":\"https:\/\/www.gunmeplug.com\/wp-content\/uploads\/2023\/05\/TulAmmo-.223-Rem-55-Grain.jpg\",\"datePublished\":\"2023-05-04T08:16:28+00:00\",\"dateModified\":\"2023-05-04T09:43:12+00:00\",\"breadcrumb\":{\"@id\":\"https:\/\/www.gunmeplug.com\/es\/producto\/tulammo-223-rem-55-grain-fmj-steel-case-20-rounds-ta223550\/#breadcrumb\"},\"inLanguage\":\"pl-PL\",\"potentialAction\":[{\"@type\":\"ReadAction\",\"target\":[\"https:\/\/www.gunmeplug.com\/es\/producto\/tulammo-223-rem-55-grain-fmj-steel-case-20-rounds-ta223550\/\"]}]},{\"@type\":\"ImageObject\",\"inLanguage\":\"pl-PL\",\"@id\":\"https:\/\/www.gunmeplug.com\/es\/producto\/tulammo-223-rem-55-grain-fmj-steel-case-20-rounds-ta223550\/#primaryimage\",\"url\":\"https:\/\/www.gunmeplug.com\/wp-content\/uploads\/2023\/05\/TulAmmo-.223-Rem-55-Grain.jpg\",\"contentUrl\":\"https:\/\/www.gunmeplug.com\/wp-content\/uploads\/2023\/05\/TulAmmo-.223-Rem-55-Grain.jpg\",\"width\":600,\"height\":600,\"caption\":\"TulAmmo-.223-Rem,-55-Grain\"},{\"@type\":\"BreadcrumbList\",\"@id\":\"https:\/\/www.gunmeplug.com\/es\/producto\/tulammo-223-rem-55-grain-fmj-steel-case-20-rounds-ta223550\/#breadcrumb\",\"itemListElement\":[{\"@type\":\"ListItem\",\"position\":1,\"name\":\"Home\",\"item\":\"https:\/\/www.gunmeplug.com\/es\/\"},{\"@type\":\"ListItem\",\"position\":2,\"name\":\"Shop\",\"item\":\"https:\/\/www.gunmeplug.com\/es\/shop\/\"},{\"@type\":\"ListItem\",\"position\":3,\"name\":\"TulAmmo .223 Rem, 55 Grain FMJ Steel Case, 20 Rounds TA223550\"}]},{\"@type\":\"WebSite\",\"@id\":\"https:\/\/www.gunmeplug.com\/#website\",\"url\":\"https:\/\/www.gunmeplug.com\/\",\"name\":\"Buy gun online USA\",\"description\":\"FireArms for sale online \",\"potentialAction\":[{\"@type\":\"SearchAction\",\"target\":{\"@type\":\"EntryPoint\",\"urlTemplate\":\"https:\/\/www.gunmeplug.com\/?s={search_term_string}\"},\"query-input\":{\"@type\":\"PropertyValueSpecification\",\"valueRequired\":true,\"valueName\":\"search_term_string\"}}],\"inLanguage\":\"pl-PL\"}]}<\/script>\n<!-- \/ Yoast SEO plugin. -->","yoast_head_json":{"title":"TulAmmo .223 Rem, 55 Grain FMJ Steel Case, 20 Rounds TA223550 - Kup bro\u0144 online USA","robots":{"index":"index","follow":"follow","max-snippet":"max-snippet:-1","max-image-preview":"max-image-preview:large","max-video-preview":"max-video-preview:-1"},"canonical":"https:\/\/www.gunmeplug.com\/pl\/produkt\/tulammo-223-rem-55-grain-fmj-steel-case-20-rounds-ta223550\/","og_locale":"pl_PL","og_type":"article","og_title":"TulAmmo .223 Rem, 55 Grain FMJ Steel Case, 20 Rounds TA223550 - Buy gun online USA","og_description":"DETAILS In the field, at the range or on the hunt, you can trust TulAmmo to deliver a superior level of internal, external and terminal ballistics, more consistent velocities, and impressive retained energies downrange from your favorite rifle, with an unmatched value-to-performance ratio. All TulAmmo rifle cartridges are steel cased, zinc jacketed, non-corrosive Berdan primed, [&hellip;]","og_url":"https:\/\/www.gunmeplug.com\/pl\/produkt\/tulammo-223-rem-55-grain-fmj-steel-case-20-rounds-ta223550\/","og_site_name":"Buy gun online USA","article_modified_time":"2023-05-04T09:43:12+00:00","og_image":[{"width":600,"height":600,"url":"https:\/\/www.gunmeplug.com\/wp-content\/uploads\/2023\/05\/TulAmmo-.223-Rem-55-Grain.jpg","type":"image\/jpeg"}],"twitter_card":"summary_large_image","schema":{"@context":"https:\/\/schema.org","@graph":[{"@type":"WebPage","@id":"https:\/\/www.gunmeplug.com\/es\/producto\/tulammo-223-rem-55-grain-fmj-steel-case-20-rounds-ta223550\/","url":"https:\/\/www.gunmeplug.com\/es\/producto\/tulammo-223-rem-55-grain-fmj-steel-case-20-rounds-ta223550\/","name":"TulAmmo .223 Rem, 55 Grain FMJ Steel Case, 20 Rounds TA223550 - Kup bro\u0144 online USA","isPartOf":{"@id":"https:\/\/www.gunmeplug.com\/#website"},"primaryImageOfPage":{"@id":"https:\/\/www.gunmeplug.com\/es\/producto\/tulammo-223-rem-55-grain-fmj-steel-case-20-rounds-ta223550\/#primaryimage"},"image":{"@id":"https:\/\/www.gunmeplug.com\/es\/producto\/tulammo-223-rem-55-grain-fmj-steel-case-20-rounds-ta223550\/#primaryimage"},"thumbnailUrl":"https:\/\/www.gunmeplug.com\/wp-content\/uploads\/2023\/05\/TulAmmo-.223-Rem-55-Grain.jpg","datePublished":"2023-05-04T08:16:28+00:00","dateModified":"2023-05-04T09:43:12+00:00","breadcrumb":{"@id":"https:\/\/www.gunmeplug.com\/es\/producto\/tulammo-223-rem-55-grain-fmj-steel-case-20-rounds-ta223550\/#breadcrumb"},"inLanguage":"pl-PL","potentialAction":[{"@type":"ReadAction","target":["https:\/\/www.gunmeplug.com\/es\/producto\/tulammo-223-rem-55-grain-fmj-steel-case-20-rounds-ta223550\/"]}]},{"@type":"ImageObject","inLanguage":"pl-PL","@id":"https:\/\/www.gunmeplug.com\/es\/producto\/tulammo-223-rem-55-grain-fmj-steel-case-20-rounds-ta223550\/#primaryimage","url":"https:\/\/www.gunmeplug.com\/wp-content\/uploads\/2023\/05\/TulAmmo-.223-Rem-55-Grain.jpg","contentUrl":"https:\/\/www.gunmeplug.com\/wp-content\/uploads\/2023\/05\/TulAmmo-.223-Rem-55-Grain.jpg","width":600,"height":600,"caption":"TulAmmo-.223-Rem,-55-Grain"},{"@type":"BreadcrumbList","@id":"https:\/\/www.gunmeplug.com\/es\/producto\/tulammo-223-rem-55-grain-fmj-steel-case-20-rounds-ta223550\/#breadcrumb","itemListElement":[{"@type":"ListItem","position":1,"name":"Home","item":"https:\/\/www.gunmeplug.com\/es\/"},{"@type":"ListItem","position":2,"name":"Shop","item":"https:\/\/www.gunmeplug.com\/es\/shop\/"},{"@type":"ListItem","position":3,"name":"TulAmmo .223 Rem, 55 Grain FMJ Steel Case, 20 Rounds TA223550"}]},{"@type":"WebSite","@id":"https:\/\/www.gunmeplug.com\/#website","url":"https:\/\/www.gunmeplug.com\/","name":"Kup bro\u0144 online USA","description":"Bro\u0144 palna na sprzeda\u017c online","potentialAction":[{"@type":"SearchAction","target":{"@type":"EntryPoint","urlTemplate":"https:\/\/www.gunmeplug.com\/?s={search_term_string}"},"query-input":{"@type":"PropertyValueSpecification","valueRequired":true,"valueName":"search_term_string"}}],"inLanguage":"pl-PL"}]}},"_links":{"self":[{"href":"https:\/\/www.gunmeplug.com\/pl\/wp-json\/wp\/v2\/product\/3431","targetHints":{"allow":["GET"]}}],"collection":[{"href":"https:\/\/www.gunmeplug.com\/pl\/wp-json\/wp\/v2\/product"}],"about":[{"href":"https:\/\/www.gunmeplug.com\/pl\/wp-json\/wp\/v2\/types\/product"}],"wp:featuredmedia":[{"embeddable":true,"href":"https:\/\/www.gunmeplug.com\/pl\/wp-json\/wp\/v2\/media\/3437"}],"wp:attachment":[{"href":"https:\/\/www.gunmeplug.com\/pl\/wp-json\/wp\/v2\/media?parent=3431"}],"wp:term":[{"taxonomy":"product_brand","embeddable":true,"href":"https:\/\/www.gunmeplug.com\/pl\/wp-json\/wp\/v2\/product_brand?post=3431"},{"taxonomy":"product_cat","embeddable":true,"href":"https:\/\/www.gunmeplug.com\/pl\/wp-json\/wp\/v2\/product_cat?post=3431"},{"taxonomy":"product_tag","embeddable":true,"href":"https:\/\/www.gunmeplug.com\/pl\/wp-json\/wp\/v2\/product_tag?post=3431"}],"curies":[{"name":"wp","href":"https:\/\/api.w.org\/{rel}","templated":true}]}}