{"id":3406,"date":"2023-05-03T09:39:42","date_gmt":"2023-05-03T09:39:42","guid":{"rendered":"https:\/\/www.gunmeplug.com\/?post_type=product&#038;p=3406"},"modified":"2023-05-03T10:20:20","modified_gmt":"2023-05-03T10:20:20","slug":"glock-45-gen5-9mm-pistol-4-0-171rd-pa455s203","status":"publish","type":"product","link":"https:\/\/www.gunmeplug.com\/pl\/produkt\/glock-45-gen5-9mm-pistol-4-0-171rd-pa455s203\/","title":{"rendered":"Glock 45 Gen5 9mm Pistol 4.0&#8243; 17+1RD PA455S203"},"content":{"rendered":"<h3 class=\"tab_content_head\">SZCZEG\u00d3\u0141Y<\/h3>\n<div class=\"product attribute description\">\n<div class=\"value\">\n<p>UWAGA: Ten przedmiot wymaga wyd\u0142u\u017conego czasu realizacji zam\u00f3wienia wynosz\u0105cego 10 dni.<\/p>\n<p>Nowy dodatek do rodziny pistolet\u00f3w GLOCK 9X19, charakteryzuj\u0105cy si\u0119 najnowszymi rozwi\u0105zaniami konstrukcyjnymi i in\u017cynieryjnymi, jakie mo\u017cna znale\u017a\u0107 w pistoletach GLOCK pi\u0105tej generacji. GLOCK 45 \u0142\u0105czy w sobie szybk\u0105 obs\u0142ug\u0119 kompaktowej prowadnicy GLOCK 19 z pe\u0142nowymiarow\u0105 ram\u0105 jako kompaktowy crossover.<\/p>\n<p>D\u00edky crossover designu GLOCK 19X a vynikaj\u00edc\u00ed povrchov\u00e9 \u00faprav\u011b GLOCK v nereflexn\u00ed \u010dern\u00e9 barv\u011b je G45 dokonalou slu\u017eebn\u00ed pistol\u00ed.<\/p>\n<p>Engineered with the GLOCK perfection promise, the G45 features the Safe Action System\u00ae and is backed by torture-testing that has made GLOCK a name synonymous with innovation and reliability.<\/p>\n<p>G45 zawiera elementy 5. generacji pistolet\u00f3w GLOCK, w tym p\u0142ynniejszy spust, ulepszon\u0105 tekstur\u0119 szkieletu zapewniaj\u0105c\u0105 pewn\u0105 obs\u0142ug\u0119, odwracalny zatrzask magazynka, obur\u0119czn\u0105 d\u017awigni\u0119 zatrzymania suwad\u0142a, modu\u0142owy system tylnego paska (MBS) do indywidualnej regulacji oraz niezwykle dok\u0142adn\u0105, dopasowan\u0105 luf\u0119 GLOCK Marksman Barrel (GMB). G45 posiada r\u00f3wnie\u017c przednie z\u0105bki, kt\u00f3re s\u0105 precyzyjnie frezowane przed portem wyrzutowym po obu stronach.<\/p>\n<p><strong>Cechy produktu:<\/strong><\/p>\n<ul class=\"disc\">\n<li>Glock Marksman Barrel<\/li>\n<li>Rozszerzona studnia magnetyczna<\/li>\n<li>Obur\u0119czna d\u017awignia zatrzymania suwaka<\/li>\n<li>Wyko\u0144czenie nDLC na lufie i suwadle<\/li>\n<li>Usuni\u0119cie rowk\u00f3w na palce dla wygody wszystkich rozmiar\u00f3w d\u0142oni<\/li>\n<li>Wymienne paski na plecy dla strzelc\u00f3w o r\u00f3\u017cnych rozmiarach<\/li>\n<li>Odwracalny zatrzask magazynka<\/li>\n<li>Picattiny Rail<\/li>\n<li>Z\u0105bkowana os\u0142ona spustu<\/li>\n<li>Zabezpieczenia obejmuj\u0105: Spust, trzpie\u0144 zap\u0142onowy i zrzut<\/li>\n<li>Zawiera (3) 17-nabojowe magazynki<\/li>\n<li>Waga spustu: 6 funt\u00f3w<\/li>\n<\/ul>\n<\/div>\n<\/div>","protected":false},"excerpt":{"rendered":"<p>DETAILS PLEASE NOTE: This item requires an extended processing time of 10 days. A new addition to the 9X19 family of GLOCK pistols featuring the latest in design and engineering seen in the 5th Generation of GLOCK pistols. The GLOCK 45 combines the fast handling of the GLOCK 19 compact-sized slide with the full-size frame [&hellip;]<\/p>","protected":false},"featured_media":3411,"template":"","meta":{"_acf_changed":false,"_joinchat":[]},"product_brand":[],"product_cat":[136],"product_tag":[],"class_list":{"0":"post-3406","1":"product","2":"type-product","3":"status-publish","4":"has-post-thumbnail","6":"product_cat-glocks-for-sale","8":"first","9":"instock","10":"sale","11":"shipping-taxable","12":"purchasable","13":"product-type-simple"},"acf":[],"yoast_head":"<!-- This site is optimized with the Yoast SEO plugin v26.3 - https:\/\/yoast.com\/wordpress\/plugins\/seo\/ -->\n<title>Glock 45 Gen5 9mm Pistol 4.0&quot; 17+1RD PA455S203 - Buy gun online USA<\/title>\n<meta name=\"robots\" content=\"index, follow, max-snippet:-1, max-image-preview:large, max-video-preview:-1\" \/>\n<link rel=\"canonical\" href=\"https:\/\/www.gunmeplug.com\/pl\/produkt\/glock-45-gen5-9mm-pistol-4-0-171rd-pa455s203\/\" \/>\n<meta property=\"og:locale\" content=\"pl_PL\" \/>\n<meta property=\"og:type\" content=\"article\" \/>\n<meta property=\"og:title\" content=\"Glock 45 Gen5 9mm Pistol 4.0&quot; 17+1RD PA455S203 - Buy gun online USA\" \/>\n<meta property=\"og:description\" content=\"DETAILS PLEASE NOTE: This item requires an extended processing time of 10 days. A new addition to the 9X19 family of GLOCK pistols featuring the latest in design and engineering seen in the 5th Generation of GLOCK pistols. The GLOCK 45 combines the fast handling of the GLOCK 19 compact-sized slide with the full-size frame [&hellip;]\" \/>\n<meta property=\"og:url\" content=\"https:\/\/www.gunmeplug.com\/pl\/produkt\/glock-45-gen5-9mm-pistol-4-0-171rd-pa455s203\/\" \/>\n<meta property=\"og:site_name\" content=\"Buy gun online USA\" \/>\n<meta property=\"article:modified_time\" content=\"2023-05-03T10:20:20+00:00\" \/>\n<meta property=\"og:image\" content=\"https:\/\/www.gunmeplug.com\/wp-content\/uploads\/2023\/05\/Glock-45-Gen5-9mm-Pistol.jpg\" \/>\n\t<meta property=\"og:image:width\" content=\"600\" \/>\n\t<meta property=\"og:image:height\" content=\"600\" \/>\n\t<meta property=\"og:image:type\" content=\"image\/jpeg\" \/>\n<meta name=\"twitter:card\" content=\"summary_large_image\" \/>\n<meta name=\"twitter:label1\" content=\"Szacowany czas czytania\" \/>\n\t<meta name=\"twitter:data1\" content=\"1 minuta\" \/>\n<script type=\"application\/ld+json\" class=\"yoast-schema-graph\">{\"@context\":\"https:\/\/schema.org\",\"@graph\":[{\"@type\":\"WebPage\",\"@id\":\"https:\/\/www.gunmeplug.com\/vi\/san-pham-2\/glock-45-gen5-9mm-pistol-4-0-171rd-pa455s203\/\",\"url\":\"https:\/\/www.gunmeplug.com\/vi\/san-pham-2\/glock-45-gen5-9mm-pistol-4-0-171rd-pa455s203\/\",\"name\":\"Glock 45 Gen5 9mm Pistol 4.0\\\" 17+1RD PA455S203 - Buy gun online USA\",\"isPartOf\":{\"@id\":\"https:\/\/www.gunmeplug.com\/#website\"},\"primaryImageOfPage\":{\"@id\":\"https:\/\/www.gunmeplug.com\/vi\/san-pham-2\/glock-45-gen5-9mm-pistol-4-0-171rd-pa455s203\/#primaryimage\"},\"image\":{\"@id\":\"https:\/\/www.gunmeplug.com\/vi\/san-pham-2\/glock-45-gen5-9mm-pistol-4-0-171rd-pa455s203\/#primaryimage\"},\"thumbnailUrl\":\"https:\/\/www.gunmeplug.com\/wp-content\/uploads\/2023\/05\/Glock-45-Gen5-9mm-Pistol.jpg\",\"datePublished\":\"2023-05-03T09:39:42+00:00\",\"dateModified\":\"2023-05-03T10:20:20+00:00\",\"breadcrumb\":{\"@id\":\"https:\/\/www.gunmeplug.com\/vi\/san-pham-2\/glock-45-gen5-9mm-pistol-4-0-171rd-pa455s203\/#breadcrumb\"},\"inLanguage\":\"pl-PL\",\"potentialAction\":[{\"@type\":\"ReadAction\",\"target\":[\"https:\/\/www.gunmeplug.com\/vi\/san-pham-2\/glock-45-gen5-9mm-pistol-4-0-171rd-pa455s203\/\"]}]},{\"@type\":\"ImageObject\",\"inLanguage\":\"pl-PL\",\"@id\":\"https:\/\/www.gunmeplug.com\/vi\/san-pham-2\/glock-45-gen5-9mm-pistol-4-0-171rd-pa455s203\/#primaryimage\",\"url\":\"https:\/\/www.gunmeplug.com\/wp-content\/uploads\/2023\/05\/Glock-45-Gen5-9mm-Pistol.jpg\",\"contentUrl\":\"https:\/\/www.gunmeplug.com\/wp-content\/uploads\/2023\/05\/Glock-45-Gen5-9mm-Pistol.jpg\",\"width\":600,\"height\":600,\"caption\":\"Glock-45-Gen5-9mm-Pistol\"},{\"@type\":\"BreadcrumbList\",\"@id\":\"https:\/\/www.gunmeplug.com\/vi\/san-pham-2\/glock-45-gen5-9mm-pistol-4-0-171rd-pa455s203\/#breadcrumb\",\"itemListElement\":[{\"@type\":\"ListItem\",\"position\":1,\"name\":\"Home\",\"item\":\"https:\/\/www.gunmeplug.com\/es\/\"},{\"@type\":\"ListItem\",\"position\":2,\"name\":\"Shop\",\"item\":\"https:\/\/www.gunmeplug.com\/es\/shop\/\"},{\"@type\":\"ListItem\",\"position\":3,\"name\":\"Glock 45 Gen5 9mm Pistol 4.0&#8243; 17+1RD PA455S203\"}]},{\"@type\":\"WebSite\",\"@id\":\"https:\/\/www.gunmeplug.com\/#website\",\"url\":\"https:\/\/www.gunmeplug.com\/\",\"name\":\"Buy gun online USA\",\"description\":\"FireArms for sale online \",\"potentialAction\":[{\"@type\":\"SearchAction\",\"target\":{\"@type\":\"EntryPoint\",\"urlTemplate\":\"https:\/\/www.gunmeplug.com\/?s={search_term_string}\"},\"query-input\":{\"@type\":\"PropertyValueSpecification\",\"valueRequired\":true,\"valueName\":\"search_term_string\"}}],\"inLanguage\":\"pl-PL\"}]}<\/script>\n<!-- \/ Yoast SEO plugin. -->","yoast_head_json":{"title":"Glock 45 Gen5 9mm Pistol 4.0\" 17+1RD PA455S203 - Kup pistolet online USA","robots":{"index":"index","follow":"follow","max-snippet":"max-snippet:-1","max-image-preview":"max-image-preview:large","max-video-preview":"max-video-preview:-1"},"canonical":"https:\/\/www.gunmeplug.com\/pl\/produkt\/glock-45-gen5-9mm-pistol-4-0-171rd-pa455s203\/","og_locale":"pl_PL","og_type":"article","og_title":"Glock 45 Gen5 9mm Pistol 4.0\" 17+1RD PA455S203 - Buy gun online USA","og_description":"DETAILS PLEASE NOTE: This item requires an extended processing time of 10 days. A new addition to the 9X19 family of GLOCK pistols featuring the latest in design and engineering seen in the 5th Generation of GLOCK pistols. The GLOCK 45 combines the fast handling of the GLOCK 19 compact-sized slide with the full-size frame [&hellip;]","og_url":"https:\/\/www.gunmeplug.com\/pl\/produkt\/glock-45-gen5-9mm-pistol-4-0-171rd-pa455s203\/","og_site_name":"Buy gun online USA","article_modified_time":"2023-05-03T10:20:20+00:00","og_image":[{"width":600,"height":600,"url":"https:\/\/www.gunmeplug.com\/wp-content\/uploads\/2023\/05\/Glock-45-Gen5-9mm-Pistol.jpg","type":"image\/jpeg"}],"twitter_card":"summary_large_image","twitter_misc":{"Szacowany czas czytania":"1 minuta"},"schema":{"@context":"https:\/\/schema.org","@graph":[{"@type":"WebPage","@id":"https:\/\/www.gunmeplug.com\/vi\/san-pham-2\/glock-45-gen5-9mm-pistol-4-0-171rd-pa455s203\/","url":"https:\/\/www.gunmeplug.com\/vi\/san-pham-2\/glock-45-gen5-9mm-pistol-4-0-171rd-pa455s203\/","name":"Glock 45 Gen5 9mm Pistol 4.0\" 17+1RD PA455S203 - Kup pistolet online USA","isPartOf":{"@id":"https:\/\/www.gunmeplug.com\/#website"},"primaryImageOfPage":{"@id":"https:\/\/www.gunmeplug.com\/vi\/san-pham-2\/glock-45-gen5-9mm-pistol-4-0-171rd-pa455s203\/#primaryimage"},"image":{"@id":"https:\/\/www.gunmeplug.com\/vi\/san-pham-2\/glock-45-gen5-9mm-pistol-4-0-171rd-pa455s203\/#primaryimage"},"thumbnailUrl":"https:\/\/www.gunmeplug.com\/wp-content\/uploads\/2023\/05\/Glock-45-Gen5-9mm-Pistol.jpg","datePublished":"2023-05-03T09:39:42+00:00","dateModified":"2023-05-03T10:20:20+00:00","breadcrumb":{"@id":"https:\/\/www.gunmeplug.com\/vi\/san-pham-2\/glock-45-gen5-9mm-pistol-4-0-171rd-pa455s203\/#breadcrumb"},"inLanguage":"pl-PL","potentialAction":[{"@type":"ReadAction","target":["https:\/\/www.gunmeplug.com\/vi\/san-pham-2\/glock-45-gen5-9mm-pistol-4-0-171rd-pa455s203\/"]}]},{"@type":"ImageObject","inLanguage":"pl-PL","@id":"https:\/\/www.gunmeplug.com\/vi\/san-pham-2\/glock-45-gen5-9mm-pistol-4-0-171rd-pa455s203\/#primaryimage","url":"https:\/\/www.gunmeplug.com\/wp-content\/uploads\/2023\/05\/Glock-45-Gen5-9mm-Pistol.jpg","contentUrl":"https:\/\/www.gunmeplug.com\/wp-content\/uploads\/2023\/05\/Glock-45-Gen5-9mm-Pistol.jpg","width":600,"height":600,"caption":"Glock-45-Gen5-9mm-Pistol"},{"@type":"BreadcrumbList","@id":"https:\/\/www.gunmeplug.com\/vi\/san-pham-2\/glock-45-gen5-9mm-pistol-4-0-171rd-pa455s203\/#breadcrumb","itemListElement":[{"@type":"ListItem","position":1,"name":"Home","item":"https:\/\/www.gunmeplug.com\/es\/"},{"@type":"ListItem","position":2,"name":"Shop","item":"https:\/\/www.gunmeplug.com\/es\/shop\/"},{"@type":"ListItem","position":3,"name":"Glock 45 Gen5 9mm Pistol 4.0&#8243; 17+1RD PA455S203"}]},{"@type":"WebSite","@id":"https:\/\/www.gunmeplug.com\/#website","url":"https:\/\/www.gunmeplug.com\/","name":"Kup bro\u0144 online USA","description":"Bro\u0144 palna na sprzeda\u017c online","potentialAction":[{"@type":"SearchAction","target":{"@type":"EntryPoint","urlTemplate":"https:\/\/www.gunmeplug.com\/?s={search_term_string}"},"query-input":{"@type":"PropertyValueSpecification","valueRequired":true,"valueName":"search_term_string"}}],"inLanguage":"pl-PL"}]}},"_links":{"self":[{"href":"https:\/\/www.gunmeplug.com\/pl\/wp-json\/wp\/v2\/product\/3406","targetHints":{"allow":["GET"]}}],"collection":[{"href":"https:\/\/www.gunmeplug.com\/pl\/wp-json\/wp\/v2\/product"}],"about":[{"href":"https:\/\/www.gunmeplug.com\/pl\/wp-json\/wp\/v2\/types\/product"}],"wp:featuredmedia":[{"embeddable":true,"href":"https:\/\/www.gunmeplug.com\/pl\/wp-json\/wp\/v2\/media\/3411"}],"wp:attachment":[{"href":"https:\/\/www.gunmeplug.com\/pl\/wp-json\/wp\/v2\/media?parent=3406"}],"wp:term":[{"taxonomy":"product_brand","embeddable":true,"href":"https:\/\/www.gunmeplug.com\/pl\/wp-json\/wp\/v2\/product_brand?post=3406"},{"taxonomy":"product_cat","embeddable":true,"href":"https:\/\/www.gunmeplug.com\/pl\/wp-json\/wp\/v2\/product_cat?post=3406"},{"taxonomy":"product_tag","embeddable":true,"href":"https:\/\/www.gunmeplug.com\/pl\/wp-json\/wp\/v2\/product_tag?post=3406"}],"curies":[{"name":"wp","href":"https:\/\/api.w.org\/{rel}","templated":true}]}}