{"id":3393,"date":"2023-05-03T09:33:52","date_gmt":"2023-05-03T09:33:52","guid":{"rendered":"https:\/\/www.gunmeplug.com\/?post_type=product&#038;p=3393"},"modified":"2023-05-03T10:16:40","modified_gmt":"2023-05-03T10:16:40","slug":"rossi-rs22-22-lr-semi-automatic-10rd-18-rifle-rs22l1811","status":"publish","type":"product","link":"https:\/\/www.gunmeplug.com\/pl\/produkt\/rossi-rs22-22-lr-semi-automatic-10rd-18-rifle-rs22l1811\/","title":{"rendered":"Rossi RS22 .22 LR Semi-Automatic 10rd 18&#8243; Rifle RS22L1811"},"content":{"rendered":"<h3 class=\"tab_content_head\">SZCZEG\u00d3\u0141Y<\/h3>\n<div class=\"product attribute description\">\n<div class=\"value\">\n<p>UWAGA: Ten przedmiot wymaga wyd\u0142u\u017conego czasu realizacji zam\u00f3wienia wynosz\u0105cego 10 dni.<\/p>\n<p>Legendary rimfire performance: classic platforms combined premium manufacturing with today\u2019s small-bore renaissance is a bold line of Rossi semi-auto rimfire rifles.<br \/>\nZbudowane na wytrzyma\u0142ej i ergonomicznej platformie z polimerow\u0105 kolb\u0105, karabiny te \u0142\u0105cz\u0105 lufy typu free-float i wyj\u0105tkow\u0105 wydajno\u015b\u0107 spustu do strzelania do celu i ma\u0142ej zwierzyny w kalibrach od 17 HMR, 22 LR i do 22 WMR.<\/p>\n<p><strong>Cechy produktu:<\/strong><\/p>\n<ul class=\"disc\">\n<li>M\u0142otkowy system odpalania; lufa swobodnego p\u0142ywania, jask\u00f3\u0142czy ogon 3\/8 do monta\u017cu pistolet\u00f3w samopowtarzalnych<\/li>\n<\/ul>\n<\/div>\n<\/div>","protected":false},"excerpt":{"rendered":"<p>DETAILS PLEASE NOTE: This item requires an extended processing time of 10 days. Legendary rimfire performance: classic platforms combined premium manufacturing with today\u2019s small-bore renaissance is a bold line of Rossi semi-auto rimfire rifles. Built on a rugged and ergonomic polymer stock platform, these rifles combine free-float barrels and exceptional trigger performance for target shooting [&hellip;]<\/p>","protected":false},"featured_media":3398,"template":"","meta":{"_acf_changed":false,"_joinchat":[]},"product_brand":[],"product_cat":[166],"product_tag":[],"class_list":{"0":"post-3393","1":"product","2":"type-product","3":"status-publish","4":"has-post-thumbnail","6":"product_cat-rifles","8":"first","9":"instock","10":"sale","11":"shipping-taxable","12":"purchasable","13":"product-type-simple"},"acf":[],"yoast_head":"<!-- This site is optimized with the Yoast SEO plugin v26.3 - https:\/\/yoast.com\/wordpress\/plugins\/seo\/ -->\n<title>Rossi RS22 .22 LR Semi-Automatic 10rd 18&quot; Rifle RS22L1811 - Buy gun online USA<\/title>\n<meta name=\"robots\" content=\"index, follow, max-snippet:-1, max-image-preview:large, max-video-preview:-1\" \/>\n<link rel=\"canonical\" href=\"https:\/\/www.gunmeplug.com\/pl\/produkt\/rossi-rs22-22-lr-semi-automatic-10rd-18-rifle-rs22l1811\/\" \/>\n<meta property=\"og:locale\" content=\"pl_PL\" \/>\n<meta property=\"og:type\" content=\"article\" \/>\n<meta property=\"og:title\" content=\"Rossi RS22 .22 LR Semi-Automatic 10rd 18&quot; Rifle RS22L1811 - Buy gun online USA\" \/>\n<meta property=\"og:description\" content=\"DETAILS PLEASE NOTE: This item requires an extended processing time of 10 days. Legendary rimfire performance: classic platforms combined premium manufacturing with today\u2019s small-bore renaissance is a bold line of Rossi semi-auto rimfire rifles. Built on a rugged and ergonomic polymer stock platform, these rifles combine free-float barrels and exceptional trigger performance for target shooting [&hellip;]\" \/>\n<meta property=\"og:url\" content=\"https:\/\/www.gunmeplug.com\/pl\/produkt\/rossi-rs22-22-lr-semi-automatic-10rd-18-rifle-rs22l1811\/\" \/>\n<meta property=\"og:site_name\" content=\"Buy gun online USA\" \/>\n<meta property=\"article:modified_time\" content=\"2023-05-03T10:16:40+00:00\" \/>\n<meta property=\"og:image\" content=\"https:\/\/www.gunmeplug.com\/wp-content\/uploads\/2023\/05\/Rossi-RS22-.22-LR.jpg\" \/>\n\t<meta property=\"og:image:width\" content=\"600\" \/>\n\t<meta property=\"og:image:height\" content=\"600\" \/>\n\t<meta property=\"og:image:type\" content=\"image\/jpeg\" \/>\n<meta name=\"twitter:card\" content=\"summary_large_image\" \/>\n<script type=\"application\/ld+json\" class=\"yoast-schema-graph\">{\"@context\":\"https:\/\/schema.org\",\"@graph\":[{\"@type\":\"WebPage\",\"@id\":\"https:\/\/www.gunmeplug.com\/es\/producto\/rossi-rs22-22-lr-semi-automatic-10rd-18-rifle-rs22l1811\/\",\"url\":\"https:\/\/www.gunmeplug.com\/es\/producto\/rossi-rs22-22-lr-semi-automatic-10rd-18-rifle-rs22l1811\/\",\"name\":\"Rossi RS22 .22 LR Semi-Automatic 10rd 18\\\" Rifle RS22L1811 - Buy gun online USA\",\"isPartOf\":{\"@id\":\"https:\/\/www.gunmeplug.com\/#website\"},\"primaryImageOfPage\":{\"@id\":\"https:\/\/www.gunmeplug.com\/es\/producto\/rossi-rs22-22-lr-semi-automatic-10rd-18-rifle-rs22l1811\/#primaryimage\"},\"image\":{\"@id\":\"https:\/\/www.gunmeplug.com\/es\/producto\/rossi-rs22-22-lr-semi-automatic-10rd-18-rifle-rs22l1811\/#primaryimage\"},\"thumbnailUrl\":\"https:\/\/www.gunmeplug.com\/wp-content\/uploads\/2023\/05\/Rossi-RS22-.22-LR.jpg\",\"datePublished\":\"2023-05-03T09:33:52+00:00\",\"dateModified\":\"2023-05-03T10:16:40+00:00\",\"breadcrumb\":{\"@id\":\"https:\/\/www.gunmeplug.com\/es\/producto\/rossi-rs22-22-lr-semi-automatic-10rd-18-rifle-rs22l1811\/#breadcrumb\"},\"inLanguage\":\"pl-PL\",\"potentialAction\":[{\"@type\":\"ReadAction\",\"target\":[\"https:\/\/www.gunmeplug.com\/es\/producto\/rossi-rs22-22-lr-semi-automatic-10rd-18-rifle-rs22l1811\/\"]}]},{\"@type\":\"ImageObject\",\"inLanguage\":\"pl-PL\",\"@id\":\"https:\/\/www.gunmeplug.com\/es\/producto\/rossi-rs22-22-lr-semi-automatic-10rd-18-rifle-rs22l1811\/#primaryimage\",\"url\":\"https:\/\/www.gunmeplug.com\/wp-content\/uploads\/2023\/05\/Rossi-RS22-.22-LR.jpg\",\"contentUrl\":\"https:\/\/www.gunmeplug.com\/wp-content\/uploads\/2023\/05\/Rossi-RS22-.22-LR.jpg\",\"width\":600,\"height\":600,\"caption\":\"Rossi-RS22-.22-LR\"},{\"@type\":\"BreadcrumbList\",\"@id\":\"https:\/\/www.gunmeplug.com\/es\/producto\/rossi-rs22-22-lr-semi-automatic-10rd-18-rifle-rs22l1811\/#breadcrumb\",\"itemListElement\":[{\"@type\":\"ListItem\",\"position\":1,\"name\":\"Home\",\"item\":\"https:\/\/www.gunmeplug.com\/es\/\"},{\"@type\":\"ListItem\",\"position\":2,\"name\":\"Shop\",\"item\":\"https:\/\/www.gunmeplug.com\/es\/shop\/\"},{\"@type\":\"ListItem\",\"position\":3,\"name\":\"Rossi RS22 .22 LR Semi-Automatic 10rd 18&#8243; Rifle RS22L1811\"}]},{\"@type\":\"WebSite\",\"@id\":\"https:\/\/www.gunmeplug.com\/#website\",\"url\":\"https:\/\/www.gunmeplug.com\/\",\"name\":\"Buy gun online USA\",\"description\":\"FireArms for sale online \",\"potentialAction\":[{\"@type\":\"SearchAction\",\"target\":{\"@type\":\"EntryPoint\",\"urlTemplate\":\"https:\/\/www.gunmeplug.com\/?s={search_term_string}\"},\"query-input\":{\"@type\":\"PropertyValueSpecification\",\"valueRequired\":true,\"valueName\":\"search_term_string\"}}],\"inLanguage\":\"pl-PL\"}]}<\/script>\n<!-- \/ Yoast SEO plugin. -->","yoast_head_json":{"title":"Rossi RS22 .22 LR Semi-Automatic 10rd 18\" Rifle RS22L1811 - Kup bro\u0144 online USA","robots":{"index":"index","follow":"follow","max-snippet":"max-snippet:-1","max-image-preview":"max-image-preview:large","max-video-preview":"max-video-preview:-1"},"canonical":"https:\/\/www.gunmeplug.com\/pl\/produkt\/rossi-rs22-22-lr-semi-automatic-10rd-18-rifle-rs22l1811\/","og_locale":"pl_PL","og_type":"article","og_title":"Rossi RS22 .22 LR Semi-Automatic 10rd 18\" Rifle RS22L1811 - Buy gun online USA","og_description":"DETAILS PLEASE NOTE: This item requires an extended processing time of 10 days. Legendary rimfire performance: classic platforms combined premium manufacturing with today\u2019s small-bore renaissance is a bold line of Rossi semi-auto rimfire rifles. Built on a rugged and ergonomic polymer stock platform, these rifles combine free-float barrels and exceptional trigger performance for target shooting [&hellip;]","og_url":"https:\/\/www.gunmeplug.com\/pl\/produkt\/rossi-rs22-22-lr-semi-automatic-10rd-18-rifle-rs22l1811\/","og_site_name":"Buy gun online USA","article_modified_time":"2023-05-03T10:16:40+00:00","og_image":[{"width":600,"height":600,"url":"https:\/\/www.gunmeplug.com\/wp-content\/uploads\/2023\/05\/Rossi-RS22-.22-LR.jpg","type":"image\/jpeg"}],"twitter_card":"summary_large_image","schema":{"@context":"https:\/\/schema.org","@graph":[{"@type":"WebPage","@id":"https:\/\/www.gunmeplug.com\/es\/producto\/rossi-rs22-22-lr-semi-automatic-10rd-18-rifle-rs22l1811\/","url":"https:\/\/www.gunmeplug.com\/es\/producto\/rossi-rs22-22-lr-semi-automatic-10rd-18-rifle-rs22l1811\/","name":"Rossi RS22 .22 LR Semi-Automatic 10rd 18\" Rifle RS22L1811 - Kup bro\u0144 online USA","isPartOf":{"@id":"https:\/\/www.gunmeplug.com\/#website"},"primaryImageOfPage":{"@id":"https:\/\/www.gunmeplug.com\/es\/producto\/rossi-rs22-22-lr-semi-automatic-10rd-18-rifle-rs22l1811\/#primaryimage"},"image":{"@id":"https:\/\/www.gunmeplug.com\/es\/producto\/rossi-rs22-22-lr-semi-automatic-10rd-18-rifle-rs22l1811\/#primaryimage"},"thumbnailUrl":"https:\/\/www.gunmeplug.com\/wp-content\/uploads\/2023\/05\/Rossi-RS22-.22-LR.jpg","datePublished":"2023-05-03T09:33:52+00:00","dateModified":"2023-05-03T10:16:40+00:00","breadcrumb":{"@id":"https:\/\/www.gunmeplug.com\/es\/producto\/rossi-rs22-22-lr-semi-automatic-10rd-18-rifle-rs22l1811\/#breadcrumb"},"inLanguage":"pl-PL","potentialAction":[{"@type":"ReadAction","target":["https:\/\/www.gunmeplug.com\/es\/producto\/rossi-rs22-22-lr-semi-automatic-10rd-18-rifle-rs22l1811\/"]}]},{"@type":"ImageObject","inLanguage":"pl-PL","@id":"https:\/\/www.gunmeplug.com\/es\/producto\/rossi-rs22-22-lr-semi-automatic-10rd-18-rifle-rs22l1811\/#primaryimage","url":"https:\/\/www.gunmeplug.com\/wp-content\/uploads\/2023\/05\/Rossi-RS22-.22-LR.jpg","contentUrl":"https:\/\/www.gunmeplug.com\/wp-content\/uploads\/2023\/05\/Rossi-RS22-.22-LR.jpg","width":600,"height":600,"caption":"Rossi-RS22-.22-LR"},{"@type":"BreadcrumbList","@id":"https:\/\/www.gunmeplug.com\/es\/producto\/rossi-rs22-22-lr-semi-automatic-10rd-18-rifle-rs22l1811\/#breadcrumb","itemListElement":[{"@type":"ListItem","position":1,"name":"Home","item":"https:\/\/www.gunmeplug.com\/es\/"},{"@type":"ListItem","position":2,"name":"Shop","item":"https:\/\/www.gunmeplug.com\/es\/shop\/"},{"@type":"ListItem","position":3,"name":"Rossi RS22 .22 LR Semi-Automatic 10rd 18&#8243; Rifle RS22L1811"}]},{"@type":"WebSite","@id":"https:\/\/www.gunmeplug.com\/#website","url":"https:\/\/www.gunmeplug.com\/","name":"Kup bro\u0144 online USA","description":"Bro\u0144 palna na sprzeda\u017c online","potentialAction":[{"@type":"SearchAction","target":{"@type":"EntryPoint","urlTemplate":"https:\/\/www.gunmeplug.com\/?s={search_term_string}"},"query-input":{"@type":"PropertyValueSpecification","valueRequired":true,"valueName":"search_term_string"}}],"inLanguage":"pl-PL"}]}},"_links":{"self":[{"href":"https:\/\/www.gunmeplug.com\/pl\/wp-json\/wp\/v2\/product\/3393","targetHints":{"allow":["GET"]}}],"collection":[{"href":"https:\/\/www.gunmeplug.com\/pl\/wp-json\/wp\/v2\/product"}],"about":[{"href":"https:\/\/www.gunmeplug.com\/pl\/wp-json\/wp\/v2\/types\/product"}],"wp:featuredmedia":[{"embeddable":true,"href":"https:\/\/www.gunmeplug.com\/pl\/wp-json\/wp\/v2\/media\/3398"}],"wp:attachment":[{"href":"https:\/\/www.gunmeplug.com\/pl\/wp-json\/wp\/v2\/media?parent=3393"}],"wp:term":[{"taxonomy":"product_brand","embeddable":true,"href":"https:\/\/www.gunmeplug.com\/pl\/wp-json\/wp\/v2\/product_brand?post=3393"},{"taxonomy":"product_cat","embeddable":true,"href":"https:\/\/www.gunmeplug.com\/pl\/wp-json\/wp\/v2\/product_cat?post=3393"},{"taxonomy":"product_tag","embeddable":true,"href":"https:\/\/www.gunmeplug.com\/pl\/wp-json\/wp\/v2\/product_tag?post=3393"}],"curies":[{"name":"wp","href":"https:\/\/api.w.org\/{rel}","templated":true}]}}