{"id":3380,"date":"2023-05-03T09:18:51","date_gmt":"2023-05-03T09:18:51","guid":{"rendered":"https:\/\/www.gunmeplug.com\/?post_type=product&#038;p=3380"},"modified":"2023-05-03T10:13:18","modified_gmt":"2023-05-03T10:13:18","slug":"smith-wesson-mp9-shield-ez-9mm-pistol-w-safety-3-6-81rd-12436","status":"publish","type":"product","link":"https:\/\/www.gunmeplug.com\/pl\/produkt\/smith-wesson-mp9-shield-ez-9mm-pistol-w-safety-3-6-81rd-12436\/","title":{"rendered":"Smith &#038; Wesson M&#038;P9 Shield EZ 9mm Pistol w\/ Safety 3.6&#8243; 8+1RD 12436"},"content":{"rendered":"<h3 class=\"tab_content_head\">SZCZEG\u00d3\u0141Y<\/h3>\n<div class=\"product attribute description\">\n<div class=\"value\">\n<p>Built for personal and home protection, the new M&amp;P9 Shield EZ pistol is the latest addition to the M&amp;P M2.0\u2122 family and features an 8+1 round capacity and a 3.675\u201d barrel. The M&amp;P9 Shield EZ pistol ships with two 8 round magazines that feature a load assist tab for quick, easy loading, as well as a picatinny-style equipment rail to accommodate accessories. The pistol also features an optimal M&amp;P pistol 18-degree grip angle for a natural point of aim, white-dot front and adjustable white-dot rear sights, and a light, crisp trigger.<\/p>\n<p><strong>Cechy produktu:<\/strong><\/p>\n<ul class=\"disc\">\n<li>\u0141atwy do przesuwania suwak<\/li>\n<li>Wyra\u017any, lekki spust z wyczuwalnym i s\u0142yszalnym resetem<\/li>\n<li>Bezpiecze\u0144stwo uchwytu<\/li>\n<li>Regulacja nawiewu, tylny celownik z bia\u0142\u0105 kropk\u0105<\/li>\n<li>Demonta\u017c bez poci\u0105gni\u0119cia za spust<\/li>\n<li>Tekstura uchwytu zoptymalizowana pod k\u0105tem rozmiaru i odrzutu<\/li>\n<li>Dotykowy wska\u017anik za\u0142adowanej komory (TLCI)<\/li>\n<li>Szyna Picatinny<\/li>\n<li>Idealny rozmiar na szafk\u0119 nocn\u0105, do noszenia lub na dzie\u0144 na strzelnicy<\/li>\n<li>Odwracalny zwalniacz magazynka<\/li>\n<li>Optimal 18\u00ba grip angle for natural point of aim<\/li>\n<li>Armornite\u00ae \u2013 Durable, Corrosion Resistant Finish<\/li>\n<li>Zawiera (2) 8-dzia\u0142kowe, \u0142atwe do przechowywania magazynki<\/li>\n<li>Ci\u0119\u017car spustu: 5,5 funta<\/li>\n<\/ul>\n<\/div>\n<\/div>","protected":false},"excerpt":{"rendered":"<p>DETAILS Built for personal and home protection, the new M&amp;P9 Shield EZ pistol is the latest addition to the M&amp;P M2.0\u2122 family and features an 8+1 round capacity and a 3.675\u201d barrel. The M&amp;P9 Shield EZ pistol ships with two 8 round magazines that feature a load assist tab for quick, easy loading, as well [&hellip;]<\/p>","protected":false},"featured_media":3387,"template":"","meta":{"_acf_changed":false,"_joinchat":[]},"product_brand":[],"product_cat":[130],"product_tag":[],"class_list":{"0":"post-3380","1":"product","2":"type-product","3":"status-publish","4":"has-post-thumbnail","6":"product_cat-handguns","8":"first","9":"instock","10":"sale","11":"shipping-taxable","12":"purchasable","13":"product-type-simple"},"acf":[],"yoast_head":"<!-- This site is optimized with the Yoast SEO plugin v26.3 - https:\/\/yoast.com\/wordpress\/plugins\/seo\/ -->\n<title>Smith &amp; Wesson M&amp;P9 Shield EZ 9mm Pistol w\/ Safety 3.6&quot; 8+1RD 12436 - Buy gun online USA<\/title>\n<meta name=\"robots\" content=\"index, follow, max-snippet:-1, max-image-preview:large, max-video-preview:-1\" \/>\n<link rel=\"canonical\" href=\"https:\/\/www.gunmeplug.com\/pl\/produkt\/smith-wesson-mp9-shield-ez-9mm-pistol-w-safety-3-6-81rd-12436\/\" \/>\n<meta property=\"og:locale\" content=\"pl_PL\" \/>\n<meta property=\"og:type\" content=\"article\" \/>\n<meta property=\"og:title\" content=\"Smith &amp; Wesson M&amp;P9 Shield EZ 9mm Pistol w\/ Safety 3.6&quot; 8+1RD 12436 - Buy gun online USA\" \/>\n<meta property=\"og:description\" content=\"DETAILS Built for personal and home protection, the new M&amp;P9 Shield EZ pistol is the latest addition to the M&amp;P M2.0\u2122 family and features an 8+1 round capacity and a 3.675\u201d barrel. The M&amp;P9 Shield EZ pistol ships with two 8 round magazines that feature a load assist tab for quick, easy loading, as well [&hellip;]\" \/>\n<meta property=\"og:url\" content=\"https:\/\/www.gunmeplug.com\/pl\/produkt\/smith-wesson-mp9-shield-ez-9mm-pistol-w-safety-3-6-81rd-12436\/\" \/>\n<meta property=\"og:site_name\" content=\"Buy gun online USA\" \/>\n<meta property=\"article:modified_time\" content=\"2023-05-03T10:13:18+00:00\" \/>\n<meta property=\"og:image\" content=\"https:\/\/www.gunmeplug.com\/wp-content\/uploads\/2023\/05\/Smith-Wesson-MP9-Shield-EZ-1.jpg\" \/>\n\t<meta property=\"og:image:width\" content=\"600\" \/>\n\t<meta property=\"og:image:height\" content=\"600\" \/>\n\t<meta property=\"og:image:type\" content=\"image\/jpeg\" \/>\n<meta name=\"twitter:card\" content=\"summary_large_image\" \/>\n<meta name=\"twitter:label1\" content=\"Szacowany czas czytania\" \/>\n\t<meta name=\"twitter:data1\" content=\"1 minuta\" \/>\n<script type=\"application\/ld+json\" class=\"yoast-schema-graph\">{\"@context\":\"https:\/\/schema.org\",\"@graph\":[{\"@type\":\"WebPage\",\"@id\":\"https:\/\/www.gunmeplug.com\/hu\/termek\/smith-wesson-mp9-shield-ez-9mm-pistol-w-safety-3-6-81rd-12436\/\",\"url\":\"https:\/\/www.gunmeplug.com\/hu\/termek\/smith-wesson-mp9-shield-ez-9mm-pistol-w-safety-3-6-81rd-12436\/\",\"name\":\"Smith & Wesson M&P9 Shield EZ 9mm Pistol w\/ Safety 3.6\\\" 8+1RD 12436 - Buy gun online USA\",\"isPartOf\":{\"@id\":\"https:\/\/www.gunmeplug.com\/#website\"},\"primaryImageOfPage\":{\"@id\":\"https:\/\/www.gunmeplug.com\/hu\/termek\/smith-wesson-mp9-shield-ez-9mm-pistol-w-safety-3-6-81rd-12436\/#primaryimage\"},\"image\":{\"@id\":\"https:\/\/www.gunmeplug.com\/hu\/termek\/smith-wesson-mp9-shield-ez-9mm-pistol-w-safety-3-6-81rd-12436\/#primaryimage\"},\"thumbnailUrl\":\"https:\/\/www.gunmeplug.com\/wp-content\/uploads\/2023\/05\/Smith-Wesson-MP9-Shield-EZ-1.jpg\",\"datePublished\":\"2023-05-03T09:18:51+00:00\",\"dateModified\":\"2023-05-03T10:13:18+00:00\",\"breadcrumb\":{\"@id\":\"https:\/\/www.gunmeplug.com\/hu\/termek\/smith-wesson-mp9-shield-ez-9mm-pistol-w-safety-3-6-81rd-12436\/#breadcrumb\"},\"inLanguage\":\"pl-PL\",\"potentialAction\":[{\"@type\":\"ReadAction\",\"target\":[\"https:\/\/www.gunmeplug.com\/hu\/termek\/smith-wesson-mp9-shield-ez-9mm-pistol-w-safety-3-6-81rd-12436\/\"]}]},{\"@type\":\"ImageObject\",\"inLanguage\":\"pl-PL\",\"@id\":\"https:\/\/www.gunmeplug.com\/hu\/termek\/smith-wesson-mp9-shield-ez-9mm-pistol-w-safety-3-6-81rd-12436\/#primaryimage\",\"url\":\"https:\/\/www.gunmeplug.com\/wp-content\/uploads\/2023\/05\/Smith-Wesson-MP9-Shield-EZ-1.jpg\",\"contentUrl\":\"https:\/\/www.gunmeplug.com\/wp-content\/uploads\/2023\/05\/Smith-Wesson-MP9-Shield-EZ-1.jpg\",\"width\":600,\"height\":600,\"caption\":\"Smith-&-Wesson-M&P9-Shield-EZ\"},{\"@type\":\"BreadcrumbList\",\"@id\":\"https:\/\/www.gunmeplug.com\/hu\/termek\/smith-wesson-mp9-shield-ez-9mm-pistol-w-safety-3-6-81rd-12436\/#breadcrumb\",\"itemListElement\":[{\"@type\":\"ListItem\",\"position\":1,\"name\":\"Home\",\"item\":\"https:\/\/www.gunmeplug.com\/es\/\"},{\"@type\":\"ListItem\",\"position\":2,\"name\":\"Shop\",\"item\":\"https:\/\/www.gunmeplug.com\/es\/shop\/\"},{\"@type\":\"ListItem\",\"position\":3,\"name\":\"Smith &#038; Wesson M&#038;P9 Shield EZ 9mm Pistol w\/ Safety 3.6&#8243; 8+1RD 12436\"}]},{\"@type\":\"WebSite\",\"@id\":\"https:\/\/www.gunmeplug.com\/#website\",\"url\":\"https:\/\/www.gunmeplug.com\/\",\"name\":\"Buy gun online USA\",\"description\":\"FireArms for sale online \",\"potentialAction\":[{\"@type\":\"SearchAction\",\"target\":{\"@type\":\"EntryPoint\",\"urlTemplate\":\"https:\/\/www.gunmeplug.com\/?s={search_term_string}\"},\"query-input\":{\"@type\":\"PropertyValueSpecification\",\"valueRequired\":true,\"valueName\":\"search_term_string\"}}],\"inLanguage\":\"pl-PL\"}]}<\/script>\n<!-- \/ Yoast SEO plugin. -->","yoast_head_json":{"title":"Smith &amp; Wesson M&amp;P9 Shield EZ 9mm Pistol w\/ Safety 3.6\" 8+1RD 12436 - Kup bro\u0144 online USA","robots":{"index":"index","follow":"follow","max-snippet":"max-snippet:-1","max-image-preview":"max-image-preview:large","max-video-preview":"max-video-preview:-1"},"canonical":"https:\/\/www.gunmeplug.com\/pl\/produkt\/smith-wesson-mp9-shield-ez-9mm-pistol-w-safety-3-6-81rd-12436\/","og_locale":"pl_PL","og_type":"article","og_title":"Smith & Wesson M&P9 Shield EZ 9mm Pistol w\/ Safety 3.6\" 8+1RD 12436 - Buy gun online USA","og_description":"DETAILS Built for personal and home protection, the new M&amp;P9 Shield EZ pistol is the latest addition to the M&amp;P M2.0\u2122 family and features an 8+1 round capacity and a 3.675\u201d barrel. The M&amp;P9 Shield EZ pistol ships with two 8 round magazines that feature a load assist tab for quick, easy loading, as well [&hellip;]","og_url":"https:\/\/www.gunmeplug.com\/pl\/produkt\/smith-wesson-mp9-shield-ez-9mm-pistol-w-safety-3-6-81rd-12436\/","og_site_name":"Buy gun online USA","article_modified_time":"2023-05-03T10:13:18+00:00","og_image":[{"width":600,"height":600,"url":"https:\/\/www.gunmeplug.com\/wp-content\/uploads\/2023\/05\/Smith-Wesson-MP9-Shield-EZ-1.jpg","type":"image\/jpeg"}],"twitter_card":"summary_large_image","twitter_misc":{"Szacowany czas czytania":"1 minuta"},"schema":{"@context":"https:\/\/schema.org","@graph":[{"@type":"WebPage","@id":"https:\/\/www.gunmeplug.com\/hu\/termek\/smith-wesson-mp9-shield-ez-9mm-pistol-w-safety-3-6-81rd-12436\/","url":"https:\/\/www.gunmeplug.com\/hu\/termek\/smith-wesson-mp9-shield-ez-9mm-pistol-w-safety-3-6-81rd-12436\/","name":"Smith &amp; Wesson M&amp;P9 Shield EZ 9mm Pistol w\/ Safety 3.6\" 8+1RD 12436 - Kup bro\u0144 online USA","isPartOf":{"@id":"https:\/\/www.gunmeplug.com\/#website"},"primaryImageOfPage":{"@id":"https:\/\/www.gunmeplug.com\/hu\/termek\/smith-wesson-mp9-shield-ez-9mm-pistol-w-safety-3-6-81rd-12436\/#primaryimage"},"image":{"@id":"https:\/\/www.gunmeplug.com\/hu\/termek\/smith-wesson-mp9-shield-ez-9mm-pistol-w-safety-3-6-81rd-12436\/#primaryimage"},"thumbnailUrl":"https:\/\/www.gunmeplug.com\/wp-content\/uploads\/2023\/05\/Smith-Wesson-MP9-Shield-EZ-1.jpg","datePublished":"2023-05-03T09:18:51+00:00","dateModified":"2023-05-03T10:13:18+00:00","breadcrumb":{"@id":"https:\/\/www.gunmeplug.com\/hu\/termek\/smith-wesson-mp9-shield-ez-9mm-pistol-w-safety-3-6-81rd-12436\/#breadcrumb"},"inLanguage":"pl-PL","potentialAction":[{"@type":"ReadAction","target":["https:\/\/www.gunmeplug.com\/hu\/termek\/smith-wesson-mp9-shield-ez-9mm-pistol-w-safety-3-6-81rd-12436\/"]}]},{"@type":"ImageObject","inLanguage":"pl-PL","@id":"https:\/\/www.gunmeplug.com\/hu\/termek\/smith-wesson-mp9-shield-ez-9mm-pistol-w-safety-3-6-81rd-12436\/#primaryimage","url":"https:\/\/www.gunmeplug.com\/wp-content\/uploads\/2023\/05\/Smith-Wesson-MP9-Shield-EZ-1.jpg","contentUrl":"https:\/\/www.gunmeplug.com\/wp-content\/uploads\/2023\/05\/Smith-Wesson-MP9-Shield-EZ-1.jpg","width":600,"height":600,"caption":"Smith-&-Wesson-M&P9-Shield-EZ"},{"@type":"BreadcrumbList","@id":"https:\/\/www.gunmeplug.com\/hu\/termek\/smith-wesson-mp9-shield-ez-9mm-pistol-w-safety-3-6-81rd-12436\/#breadcrumb","itemListElement":[{"@type":"ListItem","position":1,"name":"Home","item":"https:\/\/www.gunmeplug.com\/es\/"},{"@type":"ListItem","position":2,"name":"Shop","item":"https:\/\/www.gunmeplug.com\/es\/shop\/"},{"@type":"ListItem","position":3,"name":"Smith &#038; Wesson M&#038;P9 Shield EZ 9mm Pistol w\/ Safety 3.6&#8243; 8+1RD 12436"}]},{"@type":"WebSite","@id":"https:\/\/www.gunmeplug.com\/#website","url":"https:\/\/www.gunmeplug.com\/","name":"Kup bro\u0144 online USA","description":"Bro\u0144 palna na sprzeda\u017c online","potentialAction":[{"@type":"SearchAction","target":{"@type":"EntryPoint","urlTemplate":"https:\/\/www.gunmeplug.com\/?s={search_term_string}"},"query-input":{"@type":"PropertyValueSpecification","valueRequired":true,"valueName":"search_term_string"}}],"inLanguage":"pl-PL"}]}},"_links":{"self":[{"href":"https:\/\/www.gunmeplug.com\/pl\/wp-json\/wp\/v2\/product\/3380","targetHints":{"allow":["GET"]}}],"collection":[{"href":"https:\/\/www.gunmeplug.com\/pl\/wp-json\/wp\/v2\/product"}],"about":[{"href":"https:\/\/www.gunmeplug.com\/pl\/wp-json\/wp\/v2\/types\/product"}],"wp:featuredmedia":[{"embeddable":true,"href":"https:\/\/www.gunmeplug.com\/pl\/wp-json\/wp\/v2\/media\/3387"}],"wp:attachment":[{"href":"https:\/\/www.gunmeplug.com\/pl\/wp-json\/wp\/v2\/media?parent=3380"}],"wp:term":[{"taxonomy":"product_brand","embeddable":true,"href":"https:\/\/www.gunmeplug.com\/pl\/wp-json\/wp\/v2\/product_brand?post=3380"},{"taxonomy":"product_cat","embeddable":true,"href":"https:\/\/www.gunmeplug.com\/pl\/wp-json\/wp\/v2\/product_cat?post=3380"},{"taxonomy":"product_tag","embeddable":true,"href":"https:\/\/www.gunmeplug.com\/pl\/wp-json\/wp\/v2\/product_tag?post=3380"}],"curies":[{"name":"wp","href":"https:\/\/api.w.org\/{rel}","templated":true}]}}