{"id":3130,"date":"2021-04-06T09:22:51","date_gmt":"2021-04-06T09:22:51","guid":{"rendered":"https:\/\/www.gunmeplug.com\/?post_type=product&#038;p=3130"},"modified":"2025-08-23T03:24:27","modified_gmt":"2025-08-23T03:24:27","slug":"ar-15-karabiny-na-sprzedaz","status":"publish","type":"product","link":"https:\/\/www.gunmeplug.com\/pl\/produkt\/ar-15-karabiny-na-sprzedaz\/","title":{"rendered":"Smith &#038; Wesson M&#038;P15 Sport II M-LOK .223\/5.56 AR-15 Rifle 10305 30+1 16&#8243;"},"content":{"rendered":"<p><strong>AR15 RIFLES<\/strong><br \/>\nAR-15-Rifles-for-Sale, Karabin AR-15 to lekki karabin p\u00f3\u0142automatyczny oparty na konstrukcji wojskowej Colt AR-15 lub M16. W 1956 roku firma ArmaLite zaprojektowa\u0142a lekki karabin szturmowy do zastosowa\u0144 wojskowych i nazwa\u0142a go ArmaLite Rifle-15, czyli AR-15. Powsta\u0142 rynek, na kt\u00f3rym wielu producent\u00f3w produkowa\u0142o swoje w\u0142asne wersje karabinu AR-15. <a href=\"https:\/\/www.gunmeplug.com\/pl\/\">AR-15<\/a> design for commercial sale. They are referred to as modern sporting rifle by the National Shooting Sports Foundation. AR-15 style rifles and AR-15 Pistols have become one of the most beloved and most vilified firearms in the United States. The rifle has been promoted as &#8220;America&#8217;s rifle&#8221; by the National Rifle Association. Atlantic Firearms offers a wide variety of AR15 Rifles for sale. You may also want to check out the AR15 Pistols with Arm Brace.<\/p>\n<p>Karabin Smith &amp; Wesson M&amp;P15 Sport II jest teraz wyposa\u017cony w elementy wyposa\u017cenia Magpul MOE M-LOK, kt\u00f3re zmniejszaj\u0105 wag\u0119 i zwi\u0119kszaj\u0105 wra\u017cenia podczas strzelania. Karabiny M&amp;P15 to idealne nowoczesne karabiny sportowe. Karabiny M&amp;P15, stworzone do wielu zastosowa\u0144 w r\u00f3\u017cnych warunkach, s\u0105 tak wszechstronne, jak i niezawodne. Zaprojektowane z my\u015bl\u0105 o szerokiej gamie zastosowa\u0144 rekreacyjnych, karabinach AR-15 na sprzeda\u017c, strzelectwie sportowym i zastosowaniach profesjonalnych, karabiny M&amp;P15 s\u0105 \u0142atwe do wyposa\u017cenia, ale trudne do z\u0142o\u017cenia. Karabiny M&amp;P15 s\u0105 lekkie i wytrzyma\u0142e, stanowi\u0105c najlepsze po\u0142\u0105czenie funkcji i formy.<\/p>\n<p>AR-15 - karabiny na sprzeda\u017c<\/p>\n<p>AR-15 80% DOLNY KUTY ODBIORNIK<\/p>\n<p>AR15 KARABIN ANDERSON MANUFACTURING -B2-K850-AA00 -712038922260<\/p>\n<p>KOMPLETNA DOLNA CZ\u0118\u015a\u0106 KARABINU AR15 Z 6-CIO POZYCYJNYM MAGAZYNKIEM -ATI OMNI<\/p>\n<p>AR-15 PISTOLET -ATI GOMX556P4 OMNI HYBRID MAXX<\/p>\n<p>KARABIN ATI OMNI HYBRID MAXX RIA P3P - GOMX556MP3P<\/p>\n<p>BEAR CREEK AR15 KARABIN .223 WYLDE- CR223WCM41618P-15M3CC<\/p>\n<p>BARRETT REC7 DI FIGHTER CARBINE 5.56- BAR18967<\/p>\n<ul class=\"b_vList b_divsec\">\n<li data-priority=\"\"><strong>niestandardowe ar<\/strong>\u00a0karabiny na sprzeda\u017c<\/li>\n<li data-priority=\"\"><strong>karabin szturmowy<\/strong>\u00a0na sprzeda\u017c\u00a0<strong>blisko mnie<\/strong><\/li>\n<li data-priority=\"\">ar15\u00a0<strong>kompletny<\/strong>\u00a0karabiny na sprzeda\u017c<\/li>\n<li data-priority=\"\"><strong>karabin colt ar15a4<\/strong>\u00a0na sprzeda\u017c<\/li>\n<li data-priority=\"\"><strong>ar<\/strong>\u00a0karabiny na sprzeda\u017c\u00a0<strong>tanio<\/strong><\/li>\n<li data-priority=\"\"><strong>bushmaster ar 15<\/strong>\u00a0na sprzeda\u017c<\/li>\n<li data-priority=\"\"><strong>cabelas bushmaster ar 15<\/strong>\u00a0sprzeda\u017c<\/li>\n<li data-priority=\"\">ar15&#8242;<strong>s<\/strong>\u00a0na sprzeda\u017c\u00a0<strong>poni\u017cej 600 w magazynie<\/strong><\/li>\n<\/ul>","protected":false},"excerpt":{"rendered":"<p>AR15 RIFLES AR-15-Rifles-for-Sale, Karabin AR-15 to lekki p\u00f3\u0142automatyczny karabin oparty na konstrukcji wojskowej Colt AR-15 lub M16. W 1956 roku firma ArmaLite zaprojektowa\u0142a lekki karabin szturmowy do u\u017cytku wojskowego i nazwa\u0142a go ArmaLite Rifle-15, czyli AR-15. Powsta\u0142 rynek, na kt\u00f3rym wielu producent\u00f3w produkowa\u0142o w\u0142asne wersje konstrukcji AR-15 na potrzeby komercyjne [...]<\/p>","protected":false},"featured_media":3131,"template":"","meta":{"_acf_changed":false,"_joinchat":[]},"product_brand":[],"product_cat":[166],"product_tag":[],"class_list":{"0":"post-3130","1":"product","2":"type-product","3":"status-publish","4":"has-post-thumbnail","6":"product_cat-rifles","8":"first","9":"instock","10":"featured","11":"shipping-taxable","12":"purchasable","13":"product-type-simple"},"acf":[],"yoast_head":"<!-- This site is optimized with the Yoast SEO plugin v26.3 - https:\/\/yoast.com\/wordpress\/plugins\/seo\/ -->\n<title>AR-15-Rifles-for-Sale, Shop AR-15 Rifles online, ar15 complete rifles<\/title>\n<meta name=\"description\" content=\"AR-15-Rifles-for-Sale, AR-15 style rifles and AR-15 Pistols have become one of the most beloved and most vilified firearms in the USA\" \/>\n<meta name=\"robots\" content=\"index, follow, max-snippet:-1, max-image-preview:large, max-video-preview:-1\" \/>\n<link rel=\"canonical\" href=\"https:\/\/www.gunmeplug.com\/pl\/produkt\/ar-15-karabiny-na-sprzedaz\/\" \/>\n<meta property=\"og:locale\" content=\"pl_PL\" \/>\n<meta property=\"og:type\" content=\"article\" \/>\n<meta property=\"og:title\" content=\"AR-15-Rifles-for-Sale, Shop AR-15 Rifles online, ar15 complete rifles\" \/>\n<meta property=\"og:description\" content=\"AR-15-Rifles-for-Sale, AR-15 style rifles and AR-15 Pistols have become one of the most beloved and most vilified firearms in the USA\" \/>\n<meta property=\"og:url\" content=\"https:\/\/www.gunmeplug.com\/pl\/produkt\/ar-15-karabiny-na-sprzedaz\/\" \/>\n<meta property=\"og:site_name\" content=\"Buy gun online USA\" \/>\n<meta property=\"article:modified_time\" content=\"2025-08-23T03:24:27+00:00\" \/>\n<meta property=\"og:image\" content=\"https:\/\/www.gunmeplug.com\/wp-content\/uploads\/2021\/04\/smith-wesson-m-p15-sport-ii-5-56-nato-223rem-16-rifle-30-1-10305.jpg\" \/>\n\t<meta property=\"og:image:width\" content=\"600\" \/>\n\t<meta property=\"og:image:height\" content=\"600\" \/>\n\t<meta property=\"og:image:type\" content=\"image\/jpeg\" \/>\n<meta name=\"twitter:card\" content=\"summary_large_image\" \/>\n<meta name=\"twitter:label1\" content=\"Szacowany czas czytania\" \/>\n\t<meta name=\"twitter:data1\" content=\"2 minuty\" \/>\n<script type=\"application\/ld+json\" class=\"yoast-schema-graph\">{\"@context\":\"https:\/\/schema.org\",\"@graph\":[{\"@type\":\"WebPage\",\"@id\":\"https:\/\/www.gunmeplug.com\/it\/prodotto\/fucili-ar-15-in-vendita\/\",\"url\":\"https:\/\/www.gunmeplug.com\/it\/prodotto\/fucili-ar-15-in-vendita\/\",\"name\":\"AR-15-Rifles-for-Sale, Shop AR-15 Rifles online, ar15 complete rifles\",\"isPartOf\":{\"@id\":\"https:\/\/www.gunmeplug.com\/#website\"},\"primaryImageOfPage\":{\"@id\":\"https:\/\/www.gunmeplug.com\/it\/prodotto\/fucili-ar-15-in-vendita\/#primaryimage\"},\"image\":{\"@id\":\"https:\/\/www.gunmeplug.com\/it\/prodotto\/fucili-ar-15-in-vendita\/#primaryimage\"},\"thumbnailUrl\":\"https:\/\/www.gunmeplug.com\/wp-content\/uploads\/2021\/04\/smith-wesson-m-p15-sport-ii-5-56-nato-223rem-16-rifle-30-1-10305.jpg\",\"datePublished\":\"2021-04-06T09:22:51+00:00\",\"dateModified\":\"2025-08-23T03:24:27+00:00\",\"description\":\"AR-15-Rifles-for-Sale, AR-15 style rifles and AR-15 Pistols have become one of the most beloved and most vilified firearms in the USA\",\"breadcrumb\":{\"@id\":\"https:\/\/www.gunmeplug.com\/it\/prodotto\/fucili-ar-15-in-vendita\/#breadcrumb\"},\"inLanguage\":\"pl-PL\",\"potentialAction\":[{\"@type\":\"ReadAction\",\"target\":[\"https:\/\/www.gunmeplug.com\/it\/prodotto\/fucili-ar-15-in-vendita\/\"]}]},{\"@type\":\"ImageObject\",\"inLanguage\":\"pl-PL\",\"@id\":\"https:\/\/www.gunmeplug.com\/it\/prodotto\/fucili-ar-15-in-vendita\/#primaryimage\",\"url\":\"https:\/\/www.gunmeplug.com\/wp-content\/uploads\/2021\/04\/smith-wesson-m-p15-sport-ii-5-56-nato-223rem-16-rifle-30-1-10305.jpg\",\"contentUrl\":\"https:\/\/www.gunmeplug.com\/wp-content\/uploads\/2021\/04\/smith-wesson-m-p15-sport-ii-5-56-nato-223rem-16-rifle-30-1-10305.jpg\",\"width\":600,\"height\":600,\"caption\":\"AR-15-Rifles-for-Sale\"},{\"@type\":\"BreadcrumbList\",\"@id\":\"https:\/\/www.gunmeplug.com\/it\/prodotto\/fucili-ar-15-in-vendita\/#breadcrumb\",\"itemListElement\":[{\"@type\":\"ListItem\",\"position\":1,\"name\":\"Home\",\"item\":\"https:\/\/www.gunmeplug.com\/es\/\"},{\"@type\":\"ListItem\",\"position\":2,\"name\":\"Shop\",\"item\":\"https:\/\/www.gunmeplug.com\/es\/shop\/\"},{\"@type\":\"ListItem\",\"position\":3,\"name\":\"Smith &#038; Wesson M&#038;P15 Sport II M-LOK .223\/5.56 AR-15 Rifle 10305 30+1 16&#8243;\"}]},{\"@type\":\"WebSite\",\"@id\":\"https:\/\/www.gunmeplug.com\/#website\",\"url\":\"https:\/\/www.gunmeplug.com\/\",\"name\":\"Buy gun online USA\",\"description\":\"FireArms for sale online \",\"potentialAction\":[{\"@type\":\"SearchAction\",\"target\":{\"@type\":\"EntryPoint\",\"urlTemplate\":\"https:\/\/www.gunmeplug.com\/?s={search_term_string}\"},\"query-input\":{\"@type\":\"PropertyValueSpecification\",\"valueRequired\":true,\"valueName\":\"search_term_string\"}}],\"inLanguage\":\"pl-PL\"}]}<\/script>\n<!-- \/ Yoast SEO plugin. -->","yoast_head_json":{"title":"AR-15 - karabiny na sprzeda\u017c, Sklep AR-15 - karabiny online, ar15 - kompletne karabiny","description":"AR-15-Rifles-for-Sale, karabiny AR-15 i pistolety AR-15 sta\u0142y si\u0119 jedn\u0105 z najbardziej lubianych i najbardziej szkalowanych broni palnej w USA.","robots":{"index":"index","follow":"follow","max-snippet":"max-snippet:-1","max-image-preview":"max-image-preview:large","max-video-preview":"max-video-preview:-1"},"canonical":"https:\/\/www.gunmeplug.com\/pl\/produkt\/ar-15-karabiny-na-sprzedaz\/","og_locale":"pl_PL","og_type":"article","og_title":"AR-15-Rifles-for-Sale, Shop AR-15 Rifles online, ar15 complete rifles","og_description":"AR-15-Rifles-for-Sale, AR-15 style rifles and AR-15 Pistols have become one of the most beloved and most vilified firearms in the USA","og_url":"https:\/\/www.gunmeplug.com\/pl\/produkt\/ar-15-karabiny-na-sprzedaz\/","og_site_name":"Buy gun online USA","article_modified_time":"2025-08-23T03:24:27+00:00","og_image":[{"width":600,"height":600,"url":"https:\/\/www.gunmeplug.com\/wp-content\/uploads\/2021\/04\/smith-wesson-m-p15-sport-ii-5-56-nato-223rem-16-rifle-30-1-10305.jpg","type":"image\/jpeg"}],"twitter_card":"summary_large_image","twitter_misc":{"Szacowany czas czytania":"2 minuty"},"schema":{"@context":"https:\/\/schema.org","@graph":[{"@type":"WebPage","@id":"https:\/\/www.gunmeplug.com\/it\/prodotto\/fucili-ar-15-in-vendita\/","url":"https:\/\/www.gunmeplug.com\/it\/prodotto\/fucili-ar-15-in-vendita\/","name":"AR-15 - karabiny na sprzeda\u017c, Sklep AR-15 - karabiny online, ar15 - kompletne karabiny","isPartOf":{"@id":"https:\/\/www.gunmeplug.com\/#website"},"primaryImageOfPage":{"@id":"https:\/\/www.gunmeplug.com\/it\/prodotto\/fucili-ar-15-in-vendita\/#primaryimage"},"image":{"@id":"https:\/\/www.gunmeplug.com\/it\/prodotto\/fucili-ar-15-in-vendita\/#primaryimage"},"thumbnailUrl":"https:\/\/www.gunmeplug.com\/wp-content\/uploads\/2021\/04\/smith-wesson-m-p15-sport-ii-5-56-nato-223rem-16-rifle-30-1-10305.jpg","datePublished":"2021-04-06T09:22:51+00:00","dateModified":"2025-08-23T03:24:27+00:00","description":"AR-15-Rifles-for-Sale, karabiny AR-15 i pistolety AR-15 sta\u0142y si\u0119 jedn\u0105 z najbardziej lubianych i najbardziej szkalowanych broni palnej w USA.","breadcrumb":{"@id":"https:\/\/www.gunmeplug.com\/it\/prodotto\/fucili-ar-15-in-vendita\/#breadcrumb"},"inLanguage":"pl-PL","potentialAction":[{"@type":"ReadAction","target":["https:\/\/www.gunmeplug.com\/it\/prodotto\/fucili-ar-15-in-vendita\/"]}]},{"@type":"ImageObject","inLanguage":"pl-PL","@id":"https:\/\/www.gunmeplug.com\/it\/prodotto\/fucili-ar-15-in-vendita\/#primaryimage","url":"https:\/\/www.gunmeplug.com\/wp-content\/uploads\/2021\/04\/smith-wesson-m-p15-sport-ii-5-56-nato-223rem-16-rifle-30-1-10305.jpg","contentUrl":"https:\/\/www.gunmeplug.com\/wp-content\/uploads\/2021\/04\/smith-wesson-m-p15-sport-ii-5-56-nato-223rem-16-rifle-30-1-10305.jpg","width":600,"height":600,"caption":"AR-15-Rifles-for-Sale"},{"@type":"BreadcrumbList","@id":"https:\/\/www.gunmeplug.com\/it\/prodotto\/fucili-ar-15-in-vendita\/#breadcrumb","itemListElement":[{"@type":"ListItem","position":1,"name":"Home","item":"https:\/\/www.gunmeplug.com\/es\/"},{"@type":"ListItem","position":2,"name":"Shop","item":"https:\/\/www.gunmeplug.com\/es\/shop\/"},{"@type":"ListItem","position":3,"name":"Smith &#038; Wesson M&#038;P15 Sport II M-LOK .223\/5.56 AR-15 Rifle 10305 30+1 16&#8243;"}]},{"@type":"WebSite","@id":"https:\/\/www.gunmeplug.com\/#website","url":"https:\/\/www.gunmeplug.com\/","name":"Kup bro\u0144 online USA","description":"Bro\u0144 palna na sprzeda\u017c online","potentialAction":[{"@type":"SearchAction","target":{"@type":"EntryPoint","urlTemplate":"https:\/\/www.gunmeplug.com\/?s={search_term_string}"},"query-input":{"@type":"PropertyValueSpecification","valueRequired":true,"valueName":"search_term_string"}}],"inLanguage":"pl-PL"}]}},"_links":{"self":[{"href":"https:\/\/www.gunmeplug.com\/pl\/wp-json\/wp\/v2\/product\/3130","targetHints":{"allow":["GET"]}}],"collection":[{"href":"https:\/\/www.gunmeplug.com\/pl\/wp-json\/wp\/v2\/product"}],"about":[{"href":"https:\/\/www.gunmeplug.com\/pl\/wp-json\/wp\/v2\/types\/product"}],"wp:featuredmedia":[{"embeddable":true,"href":"https:\/\/www.gunmeplug.com\/pl\/wp-json\/wp\/v2\/media\/3131"}],"wp:attachment":[{"href":"https:\/\/www.gunmeplug.com\/pl\/wp-json\/wp\/v2\/media?parent=3130"}],"wp:term":[{"taxonomy":"product_brand","embeddable":true,"href":"https:\/\/www.gunmeplug.com\/pl\/wp-json\/wp\/v2\/product_brand?post=3130"},{"taxonomy":"product_cat","embeddable":true,"href":"https:\/\/www.gunmeplug.com\/pl\/wp-json\/wp\/v2\/product_cat?post=3130"},{"taxonomy":"product_tag","embeddable":true,"href":"https:\/\/www.gunmeplug.com\/pl\/wp-json\/wp\/v2\/product_tag?post=3130"}],"curies":[{"name":"wp","href":"https:\/\/api.w.org\/{rel}","templated":true}]}}