{"id":3128,"date":"2021-04-06T09:20:26","date_gmt":"2021-04-06T09:20:26","guid":{"rendered":"https:\/\/www.gunmeplug.com\/?post_type=product&#038;p=3128"},"modified":"2025-07-14T03:35:24","modified_gmt":"2025-07-14T03:35:24","slug":"century-arms-ras47-7-62x39mm-ak-47-semi-automatic-30rd-16-5-rifle-ri2403n","status":"publish","type":"product","link":"https:\/\/www.gunmeplug.com\/pl\/produkt\/century-arms-ras47-7-62x39mm-ak-47-semi-automatic-30rd-16-5-rifle-ri2403n\/","title":{"rendered":"Century Arms RAS47 7.62X39mm AK-47 Semi-Automatic 30rd 16.5&#8243; Rifle RI2403N"},"content":{"rendered":"<h1>Karabin Century Arms RAS47 AK<\/h1>\n<p>Bro\u0144 Century Arms Red Army Standard (RAS47) jest <a href=\"https:\/\/www.gunmeplug.com\/pl\/produkt\/century-arms-ras47-7-62x39mm-ak-47-semi-automatic-30rd-16-5-rifle-ri2403n\/\">1<\/a>00% American-made featuring a 16&#8243; Chrome-moly 4150 nitrate treated barrel and is the first AK side scope rail mount to offer a return to zero capability. Offers four times clamping improvement over traditional side scope <a href=\"https:\/\/en.wikipedia.org\/wiki\/Gun#Military\">kolej<\/a> mocowanie i poprawia celno\u015b\u0107 przy strza\u0142ach nast\u0119pczych.<\/p>\n<div class=\"product-primary-details-wrapper\">\n<div id=\"accordion\">\n<div id=\"product-details-wrapper\" class=\"collapse in\" aria-labelledby=\"productDetails\">\n<div class=\"product-description\">\n<p>Century Arms RAS47 to zaprojektowany przez Amerykan\u00f3w karabin w stylu AK, wyprodukowany w 100% w Stanach Zjednoczonych. Strzelba RAS47 jest wyposa\u017cona w 30-nabojowy magazynek, ale mo\u017cna do niej stosowa\u0107 wszystkie standardowe magazynki AK. Mocowanie lunety na bocznej szynie AK w RAS47 jest cztery razy bardziej niezawodne ni\u017c tradycyjne mocowania boczne. Wyposa\u017cony w chwyt pistoletowy i chwyty Magpul MOE AK, RAS47 jest zar\u00f3wno niezawodny, jak i \u0142atwy w u\u017cyciu.<\/p>\n<p>Karabin p\u00f3\u0142automatyczny typu AK-47<br \/>\nPojemno\u015b\u0107 30 naboi<br \/>\nMocowanie do szyny lunety z boku AK<br \/>\nStalowy zbiornik i lufa<br \/>\nUchwyt pistoletowy i handguard Magpul MOE AK<\/p>\n<h6>OPIS SPRZEDAWCY<\/h6>\n<p>Century Arms RAS47 to p\u00f3\u0142automatyczny karabin wyborowy w kalibrze 7.62x39mm o pojemno\u015bci 30 naboj\u00f3w. Ten zgodny z przepisami kalifornijskimi karabin w stylu AK-47 posiada 16,5-calow\u0105 gwintowan\u0105 luf\u0119 ze stali chromolowej, ozdobion\u0105 standardowymi, otwartymi przyrz\u0105dami celowniczymi. Czarne polimerowe elementy wyposa\u017cenia zawieraj\u0105 teksturowany, sko\u015bny chwyt pistoletowy i wy\u0142o\u017cony ok\u0142adzin\u0105 prz\u00f3d, aby zapewni\u0107 u\u017cytkownikom pewny chwyt. W zestawie znajduj\u0105 si\u0119 cztery 30-nabojowe magazynki.<\/p>\n<h6>MODYFIKACJE<\/h6>\n<p>4-30 RD MAGS<\/p>\n<table>\n<tbody>\n<tr>\n<td>UPC<\/td>\n<td>GDC0000001984<\/td>\n<\/tr>\n<tr>\n<td>Kaliber<\/td>\n<td>7,62X39MM<\/td>\n<\/tr>\n<tr>\n<td>Dzia\u0142anie<\/td>\n<td>NIE OKRE\u015aLONO<\/td>\n<\/tr>\n<tr>\n<td>Pojemno\u015b\u0107<\/td>\n<td>30 RUND<\/td>\n<\/tr>\n<tr>\n<td>D\u0142ugo\u015b\u0107 lufy<\/td>\n<td>16,5 BECZKI<\/td>\n<\/tr>\n<tr>\n<td>Waga<\/td>\n<td>8.4<\/td>\n<\/tr>\n<\/tbody>\n<\/table>\n<\/div>\n<\/div>\n<\/div>\n<\/div>\n<div class=\"related-products-wrapper\">\n<div class=\"cross-sell-pdp\">\n<div class=\"cross-sell-carousel-item-container slick-initialized slick-slider\"><\/div>\n<\/div>\n<\/div>","protected":false},"excerpt":{"rendered":"<p>Century Arms RAS47 AK Rifle The Century Arms Red Army Standard (RAS47) is 100% American-made featuring a 16&#8243; Chrome-moly 4150 nitrate treated barrel and is the first AK side scope rail mount to offer a return to zero capability. Offers four times clamping improvement over traditional side scope rail mounts and improves sight acquisition for [&hellip;]<\/p>","protected":false},"featured_media":3129,"template":"","meta":{"_acf_changed":false,"_joinchat":[]},"product_brand":[],"product_cat":[166],"product_tag":[],"class_list":{"0":"post-3128","1":"product","2":"type-product","3":"status-publish","4":"has-post-thumbnail","6":"product_cat-rifles","8":"first","9":"instock","10":"sale","11":"shipping-taxable","12":"purchasable","13":"product-type-simple"},"acf":[],"yoast_head":"<!-- This site is optimized with the Yoast SEO plugin v26.3 - https:\/\/yoast.com\/wordpress\/plugins\/seo\/ -->\n<title>Century Arms RAS47 AK Rifle , Century Arms Ras47 - For Sale<\/title>\n<meta name=\"description\" content=\"Century Arms RAS47 AK Rifle, Find Century Arms RAS-47 For Sale for sale at gunmeplug the best online firearms and outdoor gear site.\" \/>\n<meta name=\"robots\" content=\"index, follow, max-snippet:-1, max-image-preview:large, max-video-preview:-1\" \/>\n<link rel=\"canonical\" href=\"https:\/\/www.gunmeplug.com\/pl\/produkt\/century-arms-ras47-7-62x39mm-ak-47-semi-automatic-30rd-16-5-rifle-ri2403n\/\" \/>\n<meta property=\"og:locale\" content=\"pl_PL\" \/>\n<meta property=\"og:type\" content=\"article\" \/>\n<meta property=\"og:title\" content=\"Century Arms RAS47 AK Rifle , Century Arms Ras47 - For Sale\" \/>\n<meta property=\"og:description\" content=\"Century Arms RAS47 AK Rifle, Find Century Arms RAS-47 For Sale for sale at gunmeplug the best online firearms and outdoor gear site.\" \/>\n<meta property=\"og:url\" content=\"https:\/\/www.gunmeplug.com\/pl\/produkt\/century-arms-ras47-7-62x39mm-ak-47-semi-automatic-30rd-16-5-rifle-ri2403n\/\" \/>\n<meta property=\"og:site_name\" content=\"Buy gun online USA\" \/>\n<meta property=\"article:modified_time\" content=\"2025-07-14T03:35:24+00:00\" \/>\n<meta property=\"og:image\" content=\"https:\/\/www.gunmeplug.com\/wp-content\/uploads\/2021\/04\/century-arms-ras47-7-62x39-ak-47-semi-automatic-rifle-ri2403n.jpg\" \/>\n\t<meta property=\"og:image:width\" content=\"600\" \/>\n\t<meta property=\"og:image:height\" content=\"600\" \/>\n\t<meta property=\"og:image:type\" content=\"image\/jpeg\" \/>\n<meta name=\"twitter:card\" content=\"summary_large_image\" \/>\n<meta name=\"twitter:label1\" content=\"Szacowany czas czytania\" \/>\n\t<meta name=\"twitter:data1\" content=\"2 minuty\" \/>\n<script type=\"application\/ld+json\" class=\"yoast-schema-graph\">{\"@context\":\"https:\/\/schema.org\",\"@graph\":[{\"@type\":\"WebPage\",\"@id\":\"https:\/\/www.gunmeplug.com\/nl\/product\/century-arms-ras47-7-62x39mm-ak-47-semi-automatic-30rd-16-5-rifle-ri2403n\/\",\"url\":\"https:\/\/www.gunmeplug.com\/nl\/product\/century-arms-ras47-7-62x39mm-ak-47-semi-automatic-30rd-16-5-rifle-ri2403n\/\",\"name\":\"Century Arms RAS47 AK Rifle , Century Arms Ras47 - For Sale\",\"isPartOf\":{\"@id\":\"https:\/\/www.gunmeplug.com\/#website\"},\"primaryImageOfPage\":{\"@id\":\"https:\/\/www.gunmeplug.com\/nl\/product\/century-arms-ras47-7-62x39mm-ak-47-semi-automatic-30rd-16-5-rifle-ri2403n\/#primaryimage\"},\"image\":{\"@id\":\"https:\/\/www.gunmeplug.com\/nl\/product\/century-arms-ras47-7-62x39mm-ak-47-semi-automatic-30rd-16-5-rifle-ri2403n\/#primaryimage\"},\"thumbnailUrl\":\"https:\/\/www.gunmeplug.com\/wp-content\/uploads\/2021\/04\/century-arms-ras47-7-62x39-ak-47-semi-automatic-rifle-ri2403n.jpg\",\"datePublished\":\"2021-04-06T09:20:26+00:00\",\"dateModified\":\"2025-07-14T03:35:24+00:00\",\"description\":\"Century Arms RAS47 AK Rifle, Find Century Arms RAS-47 For Sale for sale at gunmeplug the best online firearms and outdoor gear site.\",\"breadcrumb\":{\"@id\":\"https:\/\/www.gunmeplug.com\/nl\/product\/century-arms-ras47-7-62x39mm-ak-47-semi-automatic-30rd-16-5-rifle-ri2403n\/#breadcrumb\"},\"inLanguage\":\"pl-PL\",\"potentialAction\":[{\"@type\":\"ReadAction\",\"target\":[\"https:\/\/www.gunmeplug.com\/nl\/product\/century-arms-ras47-7-62x39mm-ak-47-semi-automatic-30rd-16-5-rifle-ri2403n\/\"]}]},{\"@type\":\"ImageObject\",\"inLanguage\":\"pl-PL\",\"@id\":\"https:\/\/www.gunmeplug.com\/nl\/product\/century-arms-ras47-7-62x39mm-ak-47-semi-automatic-30rd-16-5-rifle-ri2403n\/#primaryimage\",\"url\":\"https:\/\/www.gunmeplug.com\/wp-content\/uploads\/2021\/04\/century-arms-ras47-7-62x39-ak-47-semi-automatic-rifle-ri2403n.jpg\",\"contentUrl\":\"https:\/\/www.gunmeplug.com\/wp-content\/uploads\/2021\/04\/century-arms-ras47-7-62x39-ak-47-semi-automatic-rifle-ri2403n.jpg\",\"width\":600,\"height\":600,\"caption\":\"Century Arms RAS47 AK Rifle\"},{\"@type\":\"BreadcrumbList\",\"@id\":\"https:\/\/www.gunmeplug.com\/nl\/product\/century-arms-ras47-7-62x39mm-ak-47-semi-automatic-30rd-16-5-rifle-ri2403n\/#breadcrumb\",\"itemListElement\":[{\"@type\":\"ListItem\",\"position\":1,\"name\":\"Home\",\"item\":\"https:\/\/www.gunmeplug.com\/es\/\"},{\"@type\":\"ListItem\",\"position\":2,\"name\":\"Shop\",\"item\":\"https:\/\/www.gunmeplug.com\/es\/shop\/\"},{\"@type\":\"ListItem\",\"position\":3,\"name\":\"Century Arms RAS47 7.62X39mm AK-47 Semi-Automatic 30rd 16.5&#8243; Rifle RI2403N\"}]},{\"@type\":\"WebSite\",\"@id\":\"https:\/\/www.gunmeplug.com\/#website\",\"url\":\"https:\/\/www.gunmeplug.com\/\",\"name\":\"Buy gun online USA\",\"description\":\"FireArms for sale online \",\"potentialAction\":[{\"@type\":\"SearchAction\",\"target\":{\"@type\":\"EntryPoint\",\"urlTemplate\":\"https:\/\/www.gunmeplug.com\/?s={search_term_string}\"},\"query-input\":{\"@type\":\"PropertyValueSpecification\",\"valueRequired\":true,\"valueName\":\"search_term_string\"}}],\"inLanguage\":\"pl-PL\"}]}<\/script>\n<!-- \/ Yoast SEO plugin. -->","yoast_head_json":{"title":"Century Arms RAS47 Karabin AK , Century Arms Ras47 - Sprzeda\u017c","description":"Century Arms RAS47 AK Rifle, Znajd\u017a Century Arms RAS-47 na sprzeda\u017c w gunmeplug, najlepszym sklepie online z broni\u0105 paln\u0105 i sprz\u0119tem sportowym.","robots":{"index":"index","follow":"follow","max-snippet":"max-snippet:-1","max-image-preview":"max-image-preview:large","max-video-preview":"max-video-preview:-1"},"canonical":"https:\/\/www.gunmeplug.com\/pl\/produkt\/century-arms-ras47-7-62x39mm-ak-47-semi-automatic-30rd-16-5-rifle-ri2403n\/","og_locale":"pl_PL","og_type":"article","og_title":"Century Arms RAS47 AK Rifle , Century Arms Ras47 - For Sale","og_description":"Century Arms RAS47 AK Rifle, Find Century Arms RAS-47 For Sale for sale at gunmeplug the best online firearms and outdoor gear site.","og_url":"https:\/\/www.gunmeplug.com\/pl\/produkt\/century-arms-ras47-7-62x39mm-ak-47-semi-automatic-30rd-16-5-rifle-ri2403n\/","og_site_name":"Buy gun online USA","article_modified_time":"2025-07-14T03:35:24+00:00","og_image":[{"width":600,"height":600,"url":"https:\/\/www.gunmeplug.com\/wp-content\/uploads\/2021\/04\/century-arms-ras47-7-62x39-ak-47-semi-automatic-rifle-ri2403n.jpg","type":"image\/jpeg"}],"twitter_card":"summary_large_image","twitter_misc":{"Szacowany czas czytania":"2 minuty"},"schema":{"@context":"https:\/\/schema.org","@graph":[{"@type":"WebPage","@id":"https:\/\/www.gunmeplug.com\/nl\/product\/century-arms-ras47-7-62x39mm-ak-47-semi-automatic-30rd-16-5-rifle-ri2403n\/","url":"https:\/\/www.gunmeplug.com\/nl\/product\/century-arms-ras47-7-62x39mm-ak-47-semi-automatic-30rd-16-5-rifle-ri2403n\/","name":"Century Arms RAS47 Karabin AK , Century Arms Ras47 - Sprzeda\u017c","isPartOf":{"@id":"https:\/\/www.gunmeplug.com\/#website"},"primaryImageOfPage":{"@id":"https:\/\/www.gunmeplug.com\/nl\/product\/century-arms-ras47-7-62x39mm-ak-47-semi-automatic-30rd-16-5-rifle-ri2403n\/#primaryimage"},"image":{"@id":"https:\/\/www.gunmeplug.com\/nl\/product\/century-arms-ras47-7-62x39mm-ak-47-semi-automatic-30rd-16-5-rifle-ri2403n\/#primaryimage"},"thumbnailUrl":"https:\/\/www.gunmeplug.com\/wp-content\/uploads\/2021\/04\/century-arms-ras47-7-62x39-ak-47-semi-automatic-rifle-ri2403n.jpg","datePublished":"2021-04-06T09:20:26+00:00","dateModified":"2025-07-14T03:35:24+00:00","description":"Century Arms RAS47 AK Rifle, Znajd\u017a Century Arms RAS-47 na sprzeda\u017c w gunmeplug, najlepszym sklepie online z broni\u0105 paln\u0105 i sprz\u0119tem sportowym.","breadcrumb":{"@id":"https:\/\/www.gunmeplug.com\/nl\/product\/century-arms-ras47-7-62x39mm-ak-47-semi-automatic-30rd-16-5-rifle-ri2403n\/#breadcrumb"},"inLanguage":"pl-PL","potentialAction":[{"@type":"ReadAction","target":["https:\/\/www.gunmeplug.com\/nl\/product\/century-arms-ras47-7-62x39mm-ak-47-semi-automatic-30rd-16-5-rifle-ri2403n\/"]}]},{"@type":"ImageObject","inLanguage":"pl-PL","@id":"https:\/\/www.gunmeplug.com\/nl\/product\/century-arms-ras47-7-62x39mm-ak-47-semi-automatic-30rd-16-5-rifle-ri2403n\/#primaryimage","url":"https:\/\/www.gunmeplug.com\/wp-content\/uploads\/2021\/04\/century-arms-ras47-7-62x39-ak-47-semi-automatic-rifle-ri2403n.jpg","contentUrl":"https:\/\/www.gunmeplug.com\/wp-content\/uploads\/2021\/04\/century-arms-ras47-7-62x39-ak-47-semi-automatic-rifle-ri2403n.jpg","width":600,"height":600,"caption":"Century Arms RAS47 AK Rifle"},{"@type":"BreadcrumbList","@id":"https:\/\/www.gunmeplug.com\/nl\/product\/century-arms-ras47-7-62x39mm-ak-47-semi-automatic-30rd-16-5-rifle-ri2403n\/#breadcrumb","itemListElement":[{"@type":"ListItem","position":1,"name":"Home","item":"https:\/\/www.gunmeplug.com\/es\/"},{"@type":"ListItem","position":2,"name":"Shop","item":"https:\/\/www.gunmeplug.com\/es\/shop\/"},{"@type":"ListItem","position":3,"name":"Century Arms RAS47 7.62X39mm AK-47 Semi-Automatic 30rd 16.5&#8243; Rifle RI2403N"}]},{"@type":"WebSite","@id":"https:\/\/www.gunmeplug.com\/#website","url":"https:\/\/www.gunmeplug.com\/","name":"Kup bro\u0144 online USA","description":"Bro\u0144 palna na sprzeda\u017c online","potentialAction":[{"@type":"SearchAction","target":{"@type":"EntryPoint","urlTemplate":"https:\/\/www.gunmeplug.com\/?s={search_term_string}"},"query-input":{"@type":"PropertyValueSpecification","valueRequired":true,"valueName":"search_term_string"}}],"inLanguage":"pl-PL"}]}},"_links":{"self":[{"href":"https:\/\/www.gunmeplug.com\/pl\/wp-json\/wp\/v2\/product\/3128","targetHints":{"allow":["GET"]}}],"collection":[{"href":"https:\/\/www.gunmeplug.com\/pl\/wp-json\/wp\/v2\/product"}],"about":[{"href":"https:\/\/www.gunmeplug.com\/pl\/wp-json\/wp\/v2\/types\/product"}],"wp:featuredmedia":[{"embeddable":true,"href":"https:\/\/www.gunmeplug.com\/pl\/wp-json\/wp\/v2\/media\/3129"}],"wp:attachment":[{"href":"https:\/\/www.gunmeplug.com\/pl\/wp-json\/wp\/v2\/media?parent=3128"}],"wp:term":[{"taxonomy":"product_brand","embeddable":true,"href":"https:\/\/www.gunmeplug.com\/pl\/wp-json\/wp\/v2\/product_brand?post=3128"},{"taxonomy":"product_cat","embeddable":true,"href":"https:\/\/www.gunmeplug.com\/pl\/wp-json\/wp\/v2\/product_cat?post=3128"},{"taxonomy":"product_tag","embeddable":true,"href":"https:\/\/www.gunmeplug.com\/pl\/wp-json\/wp\/v2\/product_tag?post=3128"}],"curies":[{"name":"wp","href":"https:\/\/api.w.org\/{rel}","templated":true}]}}