{"id":3109,"date":"2021-04-06T08:24:01","date_gmt":"2021-04-06T08:24:01","guid":{"rendered":"https:\/\/www.gunmeplug.com\/?post_type=product&#038;p=3109"},"modified":"2025-08-23T08:06:38","modified_gmt":"2025-08-23T08:06:38","slug":"glock-19m-9mm","status":"publish","type":"product","link":"https:\/\/www.gunmeplug.com\/pl\/produkt\/glock-19m-9mm\/","title":{"rendered":"Glock 19M (9mm)"},"content":{"rendered":"<div id=\"description\" class=\"data item content\">\n<div class=\"product attribute description\">\n<div class=\"value\">\n<div data-content-type=\"row\" data-appearance=\"contained\" data-element=\"main\">\n<div data-enable-parallax=\"0\" data-parallax-speed=\"0.5\" data-background-images=\"{}\" data-video-fallback-src=\"\" data-element=\"inner\">\n<div data-content-type=\"text\" data-appearance=\"default\" data-element=\"main\">\n<h1>Glock 19M (9mm)<\/h1>\n<p>Na sprzeda\u017c Glock 19M (9mm), z szeregiem ulepsze\u0144 wymaganych przez organy \u015bcigania i strzelc\u00f3w, <a href=\"https:\/\/www.gunmeplug.com\/pl\/\">Glock<\/a> 19 Gen5 Striker fired 9mm handgun continues the Glock legacy of reliability and excellence. The first thing you&#8217;ll notice is that the Gen4&#8217;s finger grooves have been removed in order to accommodate a wider range of hand sizes. The grip&#8217;s base is also somewhat broader to enable a flared mag well for faster, more consistent reloading. This FS variant has front serrations for easier slide operation. The installation of a second slide stop\/release on the other side of the handgun, in addition to the reversible magazine release, makes the firearm more operable \u00a0for left handed shooters. Perhaps the greatest improvement to the Glock 19 Gen5 is the Glock Marksman barrel which features an enhanced version of the proven polygonal rifling previously used Ans a new crown resulting in improved accuracy. Some <a href=\"https:\/\/en.wikipedia.org\/wiki\/Gun#Military\">inne<\/a> notable improvements are a new nDLC coating for a more durable finish, and an enlarged floor plate for a better grip on magazines. Of course it&#8217;s a Glock so reliability and the proven Safe Action System are already built in. From sights to slides and grip frames to triggers, every part of your Glock 19 can be tuned to your specific requirements. Reliability, safety, accuracy, and adaptability &#8211; this is &#8220;Glock Perfection&#8221;.<\/p>\n<h4>CECHY<\/h4>\n<ul>\n<li>Ulepszony zamek z przednimi z\u0105bkami, trwa\u0142\u0105 pow\u0142ok\u0105 nDLC i wska\u017anikiem za\u0142adowania komory.<\/li>\n<li>Lufa Glock Marksman ma ulepszone wielok\u0105tne gwintowanie i koron\u0119 dla lepszej celno\u015bci.<\/li>\n<li>Rozkloszowany i \u015bci\u0119ty Maxwell dla szybszego prze\u0142adowania magazynka.<\/li>\n<li>Verbeterde Safe Action-trigger met soepeler trekken, scherpere pauze en kortere reset.<\/li>\n<li>(3) W zestawie 15 okr\u0105g\u0142ych magazynk\u00f3w.<\/li>\n<\/ul>\n<h4>SPECYFIKACJE<\/h4>\n<ul class=\"padding-l\">\n<li>Caliber:\u00a09mm<\/li>\n<li>Barrel Length: 4.02&#8243;<\/li>\n<li>Pojemno\u015b\u0107 magazynka: 15<\/li>\n<li>Waga bez magazynka: 21,52 uncji.<\/li>\n<li>Overall Length: 7.28&#8243;<\/li>\n<li>Slide Length: 6.85&#8243;<\/li>\n<li>Width: 1.34&#8243;<\/li>\n<li>Slide Width: 1&#8243;<\/li>\n<li>Height (including magazine): 5.04&#8243;<\/li>\n<li>Sight Radius: 6.02&#8243;<\/li>\n<li>Poci\u0105gni\u0119cie spustu: 5,5-6 funt\u00f3w<\/li>\n<\/ul>\n<h4>WHAT&#8217;S IN THE BOX<\/h4>\n<ul>\n<li>Pistolet Glock 19 Gen 5<\/li>\n<li>(3) Czasopisma<\/li>\n<li>(2) Wymienne paski z ty\u0142u<\/li>\n<li>Szybko \u0142aduj\u0105cy<\/li>\n<li>Zestaw do czyszczenia pistoletu<\/li>\n<li>Narz\u0119dzie do demonta\u017cu paska tylnego (MBS)<\/li>\n<li>Blokada kabla<\/li>\n<li>Twarda obudowa<\/li>\n<li>Instrukcja obs\u0142ugi w\u0142a\u015bcicieli<\/li>\n<\/ul>\n<\/div>\n<\/div>\n<\/div>\n<\/div>\n<\/div>\n<\/div>\n<div id=\"additional\" class=\"content-title\">WI\u0118CEJ INFORMACJI<\/div>\n<div id=\"additional\" class=\"data item content\">\n<div class=\"additional-attributes-wrapper table-wrapper\">\n<table id=\"product-attribute-specs-table\" class=\"data table additional-attributes\">\n<caption class=\"table-caption\">Wi\u0119cej informacji<\/caption>\n<tbody>\n<tr>\n<th class=\"col label\" scope=\"row\">Nazwa produktu<\/th>\n<td class=\"col data\" data-th=\"Product Name\">Glock 19 Gen5 9mm 4.02&#8243; Barrel 15+1<\/td>\n<\/tr>\n<tr>\n<th class=\"col label\" scope=\"row\">Marka<\/th>\n<td class=\"col data\" data-th=\"Brand\">Glock<\/td>\n<\/tr>\n<tr>\n<th class=\"col label\" scope=\"row\">Kaliber<\/th>\n<td class=\"col data\" data-th=\"Caliber\">9 mm<\/td>\n<\/tr>\n<tr>\n<th class=\"col label\" scope=\"row\">Dzia\u0142anie<\/th>\n<td class=\"col data\" data-th=\"Action\">Striker Fire<\/td>\n<\/tr>\n<tr>\n<th class=\"col label\" scope=\"row\">Beczka<\/th>\n<td class=\"col data\" data-th=\"Barrel\">3.00&#8243; &#8211; 5.99&#8243;<\/td>\n<\/tr>\n<\/tbody>\n<\/table>\n<\/div>\n<\/div>","protected":false},"excerpt":{"rendered":"<p>Glock 19M (9mm) Glock 19M (9mm) for sale, With a number of advancements demanded by law enforcement and the shooting public, the Glock 19 Gen5 Striker fired 9mm handgun continues the Glock legacy of reliability and excellence. The first thing you&#8217;ll notice is that the Gen4&#8217;s finger grooves have been removed in order to accommodate [&hellip;]<\/p>","protected":false},"featured_media":3110,"template":"","meta":{"_acf_changed":false,"_joinchat":[]},"product_brand":[],"product_cat":[136,130],"product_tag":[273,271,274,275,267,270,265,268,266,269,272,276],"class_list":{"0":"post-3109","1":"product","2":"type-product","3":"status-publish","4":"has-post-thumbnail","6":"product_cat-glocks-for-sale","7":"product_cat-handguns","8":"product_tag-9-mm-glock-prices","9":"product_tag-9mm-glock-canada","10":"product_tag-9mm-glocks-for-sale-cheap","11":"product_tag-glock-48-9mm-for-sale","12":"product_tag-glock-9mm-for-sale","13":"product_tag-glock-9mm-guns-for-sale","14":"product_tag-glock-9mm-models-prices","15":"product_tag-glock-9mm-pistols-for-sale","16":"product_tag-glock-9mm-price-list","17":"product_tag-used-glock-9mm-for-sale","18":"product_tag-used-glock-police-trade-ins","19":"product_tag-used-police-glocks-for-sale","21":"first","22":"instock","23":"sale","24":"featured","25":"shipping-taxable","26":"purchasable","27":"product-type-simple"},"acf":[],"yoast_head":"<!-- This site is optimized with the Yoast SEO plugin v26.3 - https:\/\/yoast.com\/wordpress\/plugins\/seo\/ -->\n<title>Glock 19M (9mm) for sale - Buy gun online USA<\/title>\n<meta name=\"description\" content=\"Glock 19M (9mm) for sale, Glock 17 Gen5 9mm Full-Size Pistol with Front Serrations (10-Round Model) $629.99 $549.99. In Stock. Brand\" \/>\n<meta name=\"robots\" content=\"index, follow, max-snippet:-1, max-image-preview:large, max-video-preview:-1\" \/>\n<link rel=\"canonical\" href=\"https:\/\/www.gunmeplug.com\/pl\/produkt\/glock-19m-9mm\/\" \/>\n<meta property=\"og:locale\" content=\"pl_PL\" \/>\n<meta property=\"og:type\" content=\"article\" \/>\n<meta property=\"og:title\" content=\"Glock 19M (9mm) for sale - Buy gun online USA\" \/>\n<meta property=\"og:description\" content=\"Glock 19M (9mm) for sale, Glock 17 Gen5 9mm Full-Size Pistol with Front Serrations (10-Round Model) $629.99 $549.99. In Stock. Brand\" \/>\n<meta property=\"og:url\" content=\"https:\/\/www.gunmeplug.com\/pl\/produkt\/glock-19m-9mm\/\" \/>\n<meta property=\"og:site_name\" content=\"Buy gun online USA\" \/>\n<meta property=\"article:modified_time\" content=\"2025-08-23T08:06:38+00:00\" \/>\n<meta property=\"og:image\" content=\"https:\/\/www.gunmeplug.com\/wp-content\/uploads\/2021\/04\/glock-19m-9mm.jpg\" \/>\n\t<meta property=\"og:image:width\" content=\"600\" \/>\n\t<meta property=\"og:image:height\" content=\"600\" \/>\n\t<meta property=\"og:image:type\" content=\"image\/jpeg\" \/>\n<meta name=\"twitter:card\" content=\"summary_large_image\" \/>\n<meta name=\"twitter:label1\" content=\"Szacowany czas czytania\" \/>\n\t<meta name=\"twitter:data1\" content=\"2 minuty\" \/>\n<script type=\"application\/ld+json\" class=\"yoast-schema-graph\">{\"@context\":\"https:\/\/schema.org\",\"@graph\":[{\"@type\":\"WebPage\",\"@id\":\"https:\/\/www.gunmeplug.com\/product\/glock-19m-9mm\/\",\"url\":\"https:\/\/www.gunmeplug.com\/product\/glock-19m-9mm\/\",\"name\":\"Glock 19M (9mm) for sale - Buy gun online USA\",\"isPartOf\":{\"@id\":\"https:\/\/www.gunmeplug.com\/#website\"},\"primaryImageOfPage\":{\"@id\":\"https:\/\/www.gunmeplug.com\/product\/glock-19m-9mm\/#primaryimage\"},\"image\":{\"@id\":\"https:\/\/www.gunmeplug.com\/product\/glock-19m-9mm\/#primaryimage\"},\"thumbnailUrl\":\"https:\/\/www.gunmeplug.com\/wp-content\/uploads\/2021\/04\/glock-19m-9mm.jpg\",\"datePublished\":\"2021-04-06T08:24:01+00:00\",\"dateModified\":\"2025-08-23T08:06:38+00:00\",\"description\":\"Glock 19M (9mm) for sale, Glock 17 Gen5 9mm Full-Size Pistol with Front Serrations (10-Round Model) $629.99 $549.99. In Stock. Brand\",\"breadcrumb\":{\"@id\":\"https:\/\/www.gunmeplug.com\/product\/glock-19m-9mm\/#breadcrumb\"},\"inLanguage\":\"pl-PL\",\"potentialAction\":[{\"@type\":\"ReadAction\",\"target\":[\"https:\/\/www.gunmeplug.com\/product\/glock-19m-9mm\/\"]}]},{\"@type\":\"ImageObject\",\"inLanguage\":\"pl-PL\",\"@id\":\"https:\/\/www.gunmeplug.com\/product\/glock-19m-9mm\/#primaryimage\",\"url\":\"https:\/\/www.gunmeplug.com\/wp-content\/uploads\/2021\/04\/glock-19m-9mm.jpg\",\"contentUrl\":\"https:\/\/www.gunmeplug.com\/wp-content\/uploads\/2021\/04\/glock-19m-9mm.jpg\",\"width\":600,\"height\":600,\"caption\":\"Glock 19M (9mm) for sale\"},{\"@type\":\"BreadcrumbList\",\"@id\":\"https:\/\/www.gunmeplug.com\/product\/glock-19m-9mm\/#breadcrumb\",\"itemListElement\":[{\"@type\":\"ListItem\",\"position\":1,\"name\":\"Home\",\"item\":\"https:\/\/www.gunmeplug.com\/es\/\"},{\"@type\":\"ListItem\",\"position\":2,\"name\":\"Shop\",\"item\":\"https:\/\/www.gunmeplug.com\/es\/shop\/\"},{\"@type\":\"ListItem\",\"position\":3,\"name\":\"Glock 19M (9mm)\"}]},{\"@type\":\"WebSite\",\"@id\":\"https:\/\/www.gunmeplug.com\/#website\",\"url\":\"https:\/\/www.gunmeplug.com\/\",\"name\":\"Buy gun online USA\",\"description\":\"FireArms for sale online \",\"potentialAction\":[{\"@type\":\"SearchAction\",\"target\":{\"@type\":\"EntryPoint\",\"urlTemplate\":\"https:\/\/www.gunmeplug.com\/?s={search_term_string}\"},\"query-input\":{\"@type\":\"PropertyValueSpecification\",\"valueRequired\":true,\"valueName\":\"search_term_string\"}}],\"inLanguage\":\"pl-PL\"}]}<\/script>\n<!-- \/ Yoast SEO plugin. -->","yoast_head_json":{"title":"Glock 19M (9mm) na sprzeda\u017c - Kup bro\u0144 online USA","description":"Glock 19M (9mm) na sprzeda\u017c, Glock 17 Gen5 9mm Full-Size Pistol with Front Serrations (10-Round Model) $629.99 $549.99. W magazynie. Marka","robots":{"index":"index","follow":"follow","max-snippet":"max-snippet:-1","max-image-preview":"max-image-preview:large","max-video-preview":"max-video-preview:-1"},"canonical":"https:\/\/www.gunmeplug.com\/pl\/produkt\/glock-19m-9mm\/","og_locale":"pl_PL","og_type":"article","og_title":"Glock 19M (9mm) for sale - Buy gun online USA","og_description":"Glock 19M (9mm) for sale, Glock 17 Gen5 9mm Full-Size Pistol with Front Serrations (10-Round Model) $629.99 $549.99. In Stock. Brand","og_url":"https:\/\/www.gunmeplug.com\/pl\/produkt\/glock-19m-9mm\/","og_site_name":"Buy gun online USA","article_modified_time":"2025-08-23T08:06:38+00:00","og_image":[{"width":600,"height":600,"url":"https:\/\/www.gunmeplug.com\/wp-content\/uploads\/2021\/04\/glock-19m-9mm.jpg","type":"image\/jpeg"}],"twitter_card":"summary_large_image","twitter_misc":{"Szacowany czas czytania":"2 minuty"},"schema":{"@context":"https:\/\/schema.org","@graph":[{"@type":"WebPage","@id":"https:\/\/www.gunmeplug.com\/product\/glock-19m-9mm\/","url":"https:\/\/www.gunmeplug.com\/product\/glock-19m-9mm\/","name":"Glock 19M (9mm) na sprzeda\u017c - Kup bro\u0144 online USA","isPartOf":{"@id":"https:\/\/www.gunmeplug.com\/#website"},"primaryImageOfPage":{"@id":"https:\/\/www.gunmeplug.com\/product\/glock-19m-9mm\/#primaryimage"},"image":{"@id":"https:\/\/www.gunmeplug.com\/product\/glock-19m-9mm\/#primaryimage"},"thumbnailUrl":"https:\/\/www.gunmeplug.com\/wp-content\/uploads\/2021\/04\/glock-19m-9mm.jpg","datePublished":"2021-04-06T08:24:01+00:00","dateModified":"2025-08-23T08:06:38+00:00","description":"Glock 19M (9mm) na sprzeda\u017c, Glock 17 Gen5 9mm Full-Size Pistol with Front Serrations (10-Round Model) $629.99 $549.99. W magazynie. Marka","breadcrumb":{"@id":"https:\/\/www.gunmeplug.com\/product\/glock-19m-9mm\/#breadcrumb"},"inLanguage":"pl-PL","potentialAction":[{"@type":"ReadAction","target":["https:\/\/www.gunmeplug.com\/product\/glock-19m-9mm\/"]}]},{"@type":"ImageObject","inLanguage":"pl-PL","@id":"https:\/\/www.gunmeplug.com\/product\/glock-19m-9mm\/#primaryimage","url":"https:\/\/www.gunmeplug.com\/wp-content\/uploads\/2021\/04\/glock-19m-9mm.jpg","contentUrl":"https:\/\/www.gunmeplug.com\/wp-content\/uploads\/2021\/04\/glock-19m-9mm.jpg","width":600,"height":600,"caption":"Glock 19M (9mm) for sale"},{"@type":"BreadcrumbList","@id":"https:\/\/www.gunmeplug.com\/product\/glock-19m-9mm\/#breadcrumb","itemListElement":[{"@type":"ListItem","position":1,"name":"Home","item":"https:\/\/www.gunmeplug.com\/es\/"},{"@type":"ListItem","position":2,"name":"Shop","item":"https:\/\/www.gunmeplug.com\/es\/shop\/"},{"@type":"ListItem","position":3,"name":"Glock 19M (9mm)"}]},{"@type":"WebSite","@id":"https:\/\/www.gunmeplug.com\/#website","url":"https:\/\/www.gunmeplug.com\/","name":"Kup bro\u0144 online USA","description":"Bro\u0144 palna na sprzeda\u017c online","potentialAction":[{"@type":"SearchAction","target":{"@type":"EntryPoint","urlTemplate":"https:\/\/www.gunmeplug.com\/?s={search_term_string}"},"query-input":{"@type":"PropertyValueSpecification","valueRequired":true,"valueName":"search_term_string"}}],"inLanguage":"pl-PL"}]}},"_links":{"self":[{"href":"https:\/\/www.gunmeplug.com\/pl\/wp-json\/wp\/v2\/product\/3109","targetHints":{"allow":["GET"]}}],"collection":[{"href":"https:\/\/www.gunmeplug.com\/pl\/wp-json\/wp\/v2\/product"}],"about":[{"href":"https:\/\/www.gunmeplug.com\/pl\/wp-json\/wp\/v2\/types\/product"}],"wp:featuredmedia":[{"embeddable":true,"href":"https:\/\/www.gunmeplug.com\/pl\/wp-json\/wp\/v2\/media\/3110"}],"wp:attachment":[{"href":"https:\/\/www.gunmeplug.com\/pl\/wp-json\/wp\/v2\/media?parent=3109"}],"wp:term":[{"taxonomy":"product_brand","embeddable":true,"href":"https:\/\/www.gunmeplug.com\/pl\/wp-json\/wp\/v2\/product_brand?post=3109"},{"taxonomy":"product_cat","embeddable":true,"href":"https:\/\/www.gunmeplug.com\/pl\/wp-json\/wp\/v2\/product_cat?post=3109"},{"taxonomy":"product_tag","embeddable":true,"href":"https:\/\/www.gunmeplug.com\/pl\/wp-json\/wp\/v2\/product_tag?post=3109"}],"curies":[{"name":"wp","href":"https:\/\/api.w.org\/{rel}","templated":true}]}}