{"id":3917,"date":"2024-11-23T13:30:52","date_gmt":"2024-11-23T13:30:52","guid":{"rendered":"https:\/\/www.gunmeplug.com\/?page_id=3917"},"modified":"2024-11-23T13:39:15","modified_gmt":"2024-11-23T13:39:15","slug":"certyfikat-pozwolenia-na-bron-2","status":"publish","type":"page","link":"https:\/\/www.gunmeplug.com\/pl\/certyfikat-pozwolenia-na-bron-2\/","title":{"rendered":"Licencja\/certyfikat na bro\u0144"},"content":{"rendered":"<div class=\"entry-content\">\n<h2><strong>Z\u0142\u00f3\u017c wniosek o licencj\u0119 na bro\u0144 lub certyfikat broni palnej online za pomoc\u0105 GunMePlug<\/strong><\/h2>\n<p>Patrz\u0105c na <strong>z\u0142o\u017cy\u0107 wniosek o pozwolenie na bro\u0144<\/strong> lub zastanawiaj\u0105c si\u0119 <strong>Jak uzyska\u0107 pozwolenie na bro\u0144<\/strong>? Na <strong>GunMePlug<\/strong>specjalizujemy si\u0119 w <strong>wnioski o pozwolenie na bro\u0144 paln\u0105<\/strong>u\u0142atwiaj\u0105c klientom z ca\u0142ego \u015bwiata <strong>Kraje hiszpa\u0144skoj\u0119zyczne<\/strong> jak <strong>Hiszpania<\/strong>, <strong>Ekwador<\/strong>, <strong>Meksyk<\/strong>oraz <strong>Argentyna<\/strong>a tak\u017ce globalnie, w tym <strong>Stany Zjednoczone<\/strong>, <strong>Kanada<\/strong>, <strong>Holandia<\/strong>, <strong>W\u0142ochy<\/strong>, <strong>Finlandia<\/strong>oraz <strong>Szwajcaria<\/strong>. Niezale\u017cnie od tego, czy potrzebujesz <strong>odnowienie pozwolenia na bro\u0144<\/strong>pomoc w <strong>\u015bwiadectwa broni palnej na sprzeda\u017c<\/strong>lub wskaz\u00f3wki dotycz\u0105ce <strong>proces rejestracji pozwolenia na bro\u0144<\/strong>, we\u2019re here to ensure <strong>Szybkie zatwierdzanie pozwole\u0144 na bro\u0144<\/strong> i pe\u0142n\u0105 zgodno\u015b\u0107 z <strong>kryteria kwalifikowalno\u015bci do pozwolenia na bro\u0144<\/strong> w Twoim regionie<a href=\"https:\/\/www.gunmeplug.com\/pl\/kategoria-produktu\/pistolety\/?customize_changeset_uuid=201d7490-f44e-4543-a95d-bb79b147a755&amp;customize_autosaved=on&amp;customize_messenger_channel=preview-4\">.<\/a><\/p>\n<h3><strong>Us\u0142ugi licencji na bro\u0144 dla kraj\u00f3w hiszpa\u0144skoj\u0119zycznych<\/strong><\/h3>\n<h4><strong>Hiszpania<\/strong><\/h4>\n<p>W przypadku nabywc\u00f3w w Hiszpanii, pozwolenia na bro\u0144 paln\u0105 s\u0105 wymagane dla <strong>polowanie<\/strong>, <strong>strzelanie do celu<\/strong>oraz <strong>samoobrona<\/strong>. GunMePlug oferuje wsparcie dla <strong>proces rejestracji pozwolenia na bro\u0144<\/strong>zapewniaj\u0105c spe\u0142nienie wszystkich <strong>kryteria kwalifikowalno\u015bci do pozwolenia na bro\u0144<\/strong> i prowadz\u0105c ci\u0119 przez <strong>jak odnowi\u0107 \u015bwiadectwa broni palnej<\/strong> w razie potrzeby<a class=\"customize-unpreviewable\" href=\"https:\/\/factoryson.com\/product-category\/caluanie\/\">.<\/a><\/p>\n<h4><strong>Ekwador<\/strong><\/h4>\n<p>W Ekwadorze wnioskodawcy potrzebuj\u0105 <strong>licencja na bro\u0144 do samoobrony<\/strong> lub ochrony osobistej, wymagaj\u0105ce oceny psychologicznej i sprawdzenia przesz\u0142o\u015bci. GunMePlug zapewnia <strong>bezpieczny proces licencjonowania broni palnej<\/strong> i pomaga osi\u0105gn\u0105\u0107 <strong>Szybkie zatwierdzanie pozwole\u0144 na bro\u0144<\/strong> zar\u00f3wno dla nowych aplikacji, jak i odnowie\u0144.<\/p>\n<h4><strong>Meksyk<\/strong><\/h4>\n<p>Meksyk egzekwuje surowe przepisy dotycz\u0105ce <strong>\u015bwiadectwa broni palnej do cel\u00f3w \u0142owieckich<\/strong> oraz <strong>zezwolenia na ochron\u0119 osobist\u0105<\/strong>. GunMePlug usprawnia <strong>wniosek o pozwolenie na bro\u0144 paln\u0105<\/strong> proces, zapewniaj\u0105c wsparcie dla <strong>odnowienie pozwolenia na bro\u0144<\/strong> i weryfikacja dokument\u00f3w.<\/p>\n<h4><strong>Argentyna<\/strong><\/h4>\n<p>Argentyna nakazuje rejestracj\u0119 w RENAR (Registro Nacional de Armas) dla <strong>licencje na bro\u0144 do polowa\u0144<\/strong> oraz <strong>strzelectwo sportowe<\/strong>. GunMePlug u\u0142atwia <strong>Proces weryfikacji pozwolenia na bro\u0144<\/strong>pomagaj\u0105c w zachowaniu zgodno\u015bci z lokalnymi przepisami i uko\u0144czeniu <strong>wniosek o wydanie \u015bwiadectwa broni palnej<\/strong> z \u0142atwo\u015bci\u0105.<\/p>\n<h3><strong>Dlaczego warto wybra\u0107 GunMePlug dla swojej licencji na bro\u0144 paln\u0105?<\/strong><\/h3>\n<p>W GunMePlug wsp\u00f3\u0142pracujemy z <strong>Zaufani dostawcy certyfikat\u00f3w broni palnej<\/strong> i oferuj\u0105 <strong>bezpieczny proces licencjonowania broni palnej<\/strong> dla klient\u00f3w na ca\u0142ym \u015bwiecie. Nasze us\u0142ugi obejmuj\u0105 pomoc w zakresie <strong>Wnioski o wydanie \u015bwiadectwa broni palnej online<\/strong> dla szybkiego i niezawodnego przetwarzania, wsparcie dla <strong>jak odnowi\u0107 \u015bwiadectwa broni palnej<\/strong>zapewniaj\u0105c zgodno\u015b\u0107 i szybkie odnawianie, przejrzysto\u015b\u0107 <strong>op\u0142aty za z\u0142o\u017cenie wniosku o pozwolenie na bro\u0144<\/strong>dzi\u0119ki czemu zawsze wiesz, czego si\u0119 spodziewa\u0107, a tak\u017ce wskaz\u00f3wki dotycz\u0105ce <strong>Proces weryfikacji pozwolenia na bro\u0144<\/strong> zar\u00f3wno dla nowych, jak i istniej\u0105cych licencji.<\/p>\n<h3><strong>Jak rozpocz\u0105\u0107 aplikacj\u0119<\/strong><\/h3>\n<p>Aby rozpocz\u0105\u0107 <strong>wniosek o pozwolenie na bro\u0144 paln\u0105<\/strong>wype\u0142nij nasz <strong>Wniosek o wydanie \u015bwiadectwa broni palnej online<\/strong> form and provide the required details. We\u2019ll assist you in meeting the specific <strong>kryteria kwalifikowalno\u015bci do pozwolenia na bro\u0144<\/strong> for your country. Whether you\u2019re applying for a <strong>pozwolenie na bro\u0144 w Hiszpanii<\/strong>, a <strong>zezwolenie na samoobron\u0119 w Ekwadorze<\/strong>lub <strong>licencja na polowanie w Argentynie<\/strong>GunMePlug jest tutaj, aby zapewni\u0107 sukces.<\/p>\n<h3><strong>Rozpocznij sk\u0142adanie wniosku o licencj\u0119 na bro\u0144 ju\u017c dzi\u015b<\/strong><\/h3>\n<p>Don\u2019t let complex regulations and paperwork slow you down. At GunMePlug, we prioritize efficiency, reliability, and compliance for firearm licensing in <strong>Kraje hiszpa\u0144skoj\u0119zyczne<\/strong> jak <strong>Hiszpania<\/strong>, <strong>Ekwador<\/strong>, <strong>Meksyk<\/strong>oraz <strong>Argentyna<\/strong>a tak\u017ce globalnie. Rozpocznij <strong>proces rejestracji pozwolenia na bro\u0144<\/strong> dzisiaj i do\u015bwiadczy\u0107 <strong>Szybkie zatwierdzanie pozwole\u0144 na bro\u0144<\/strong> z GunMePlug. Zr\u00f3b pierwszy krok ju\u017c teraz i zaufaj nam we wszystkich kwestiach zwi\u0105zanych z certyfikatami broni palnej!<\/p>\n<\/div>","protected":false},"excerpt":{"rendered":"<p>Apply for Your Gun License or Firearm Certificate Online with GunMePlug Looking to apply for a gun license or wondering how to get a gun license? At GunMePlug, we specialize in firearm license applications, making it simple for clients across Spanish-speaking countries like Spain, Ecuador, Mexico, and Argentina, as well as globally, including the United [&hellip;]<\/p>","protected":false},"author":1,"featured_media":3915,"parent":0,"menu_order":0,"comment_status":"closed","ping_status":"closed","template":"","meta":{"_acf_changed":false,"_joinchat":[],"footnotes":""},"class_list":["post-3917","page","type-page","status-publish","has-post-thumbnail","hentry"],"acf":[],"yoast_head":"<!-- This site is optimized with the Yoast SEO plugin v26.3 - https:\/\/yoast.com\/wordpress\/plugins\/seo\/ -->\n<title>Apply for Your Gun License or Firearm Certificate | GunMePlug<\/title>\n<meta name=\"description\" content=\"Simplify your gun license application with GunMePlug. Get fast approvals, renewals, and firearm certificates for self-defense, hunting, or sports shooting. Apply today!\" \/>\n<meta name=\"robots\" content=\"index, follow, max-snippet:-1, max-image-preview:large, max-video-preview:-1\" \/>\n<link rel=\"canonical\" href=\"https:\/\/www.gunmeplug.com\/pl\/certyfikat-pozwolenia-na-bron-2\/\" \/>\n<meta property=\"og:locale\" content=\"pl_PL\" \/>\n<meta property=\"og:type\" content=\"article\" \/>\n<meta property=\"og:title\" content=\"Apply for Your Gun License or Firearm Certificate | GunMePlug\" \/>\n<meta property=\"og:description\" content=\"Simplify your gun license application with GunMePlug. Get fast approvals, renewals, and firearm certificates for self-defense, hunting, or sports shooting. Apply today!\" \/>\n<meta property=\"og:url\" content=\"https:\/\/www.gunmeplug.com\/pl\/certyfikat-pozwolenia-na-bron-2\/\" \/>\n<meta property=\"og:site_name\" content=\"Buy gun online USA\" \/>\n<meta property=\"article:modified_time\" content=\"2024-11-23T13:39:15+00:00\" \/>\n<meta property=\"og:image\" content=\"https:\/\/www.gunmeplug.com\/wp-content\/uploads\/2024\/11\/large.png\" \/>\n\t<meta property=\"og:image:width\" content=\"770\" \/>\n\t<meta property=\"og:image:height\" content=\"1024\" \/>\n\t<meta property=\"og:image:type\" content=\"image\/png\" \/>\n<meta name=\"twitter:card\" content=\"summary_large_image\" \/>\n<meta name=\"twitter:label1\" content=\"Szacowany czas czytania\" \/>\n\t<meta name=\"twitter:data1\" content=\"3 minuty\" \/>\n<script type=\"application\/ld+json\" class=\"yoast-schema-graph\">{\"@context\":\"https:\/\/schema.org\",\"@graph\":[{\"@type\":\"WebPage\",\"@id\":\"https:\/\/www.gunmeplug.com\/es\/certificado-de-licencia-de-armas-2\/\",\"url\":\"https:\/\/www.gunmeplug.com\/es\/certificado-de-licencia-de-armas-2\/\",\"name\":\"Apply for Your Gun License or Firearm Certificate | GunMePlug\",\"isPartOf\":{\"@id\":\"https:\/\/www.gunmeplug.com\/#website\"},\"primaryImageOfPage\":{\"@id\":\"https:\/\/www.gunmeplug.com\/es\/certificado-de-licencia-de-armas-2\/#primaryimage\"},\"image\":{\"@id\":\"https:\/\/www.gunmeplug.com\/es\/certificado-de-licencia-de-armas-2\/#primaryimage\"},\"thumbnailUrl\":\"https:\/\/www.gunmeplug.com\/wp-content\/uploads\/2024\/11\/large.png\",\"datePublished\":\"2024-11-23T13:30:52+00:00\",\"dateModified\":\"2024-11-23T13:39:15+00:00\",\"description\":\"Simplify your gun license application with GunMePlug. Get fast approvals, renewals, and firearm certificates for self-defense, hunting, or sports shooting. Apply today!\",\"breadcrumb\":{\"@id\":\"https:\/\/www.gunmeplug.com\/es\/certificado-de-licencia-de-armas-2\/#breadcrumb\"},\"inLanguage\":\"pl-PL\",\"potentialAction\":[{\"@type\":\"ReadAction\",\"target\":[\"https:\/\/www.gunmeplug.com\/es\/certificado-de-licencia-de-armas-2\/\"]}]},{\"@type\":\"ImageObject\",\"inLanguage\":\"pl-PL\",\"@id\":\"https:\/\/www.gunmeplug.com\/es\/certificado-de-licencia-de-armas-2\/#primaryimage\",\"url\":\"https:\/\/www.gunmeplug.com\/wp-content\/uploads\/2024\/11\/large.png\",\"contentUrl\":\"https:\/\/www.gunmeplug.com\/wp-content\/uploads\/2024\/11\/large.png\",\"width\":770,\"height\":1024,\"caption\":\"Gun license application\"},{\"@type\":\"BreadcrumbList\",\"@id\":\"https:\/\/www.gunmeplug.com\/es\/certificado-de-licencia-de-armas-2\/#breadcrumb\",\"itemListElement\":[{\"@type\":\"ListItem\",\"position\":1,\"name\":\"Home\",\"item\":\"https:\/\/www.gunmeplug.com\/es\/\"},{\"@type\":\"ListItem\",\"position\":2,\"name\":\"Gun License\/ Certifficate\"}]},{\"@type\":\"WebSite\",\"@id\":\"https:\/\/www.gunmeplug.com\/#website\",\"url\":\"https:\/\/www.gunmeplug.com\/\",\"name\":\"Buy gun online USA\",\"description\":\"FireArms for sale online \",\"potentialAction\":[{\"@type\":\"SearchAction\",\"target\":{\"@type\":\"EntryPoint\",\"urlTemplate\":\"https:\/\/www.gunmeplug.com\/?s={search_term_string}\"},\"query-input\":{\"@type\":\"PropertyValueSpecification\",\"valueRequired\":true,\"valueName\":\"search_term_string\"}}],\"inLanguage\":\"pl-PL\"}]}<\/script>\n<!-- \/ Yoast SEO plugin. -->","yoast_head_json":{"title":"Z\u0142\u00f3\u017c wniosek o licencj\u0119 na bro\u0144 lub certyfikat broni palnej | GunMePlug","description":"Upro\u015b\u0107 sw\u00f3j wniosek o pozwolenie na bro\u0144 dzi\u0119ki GunMePlug. Uzyskaj szybkie zatwierdzenia, odnowienia i certyfikaty broni palnej do samoobrony, polowania lub strzelania sportowego. Z\u0142\u00f3\u017c wniosek ju\u017c dzi\u015b!","robots":{"index":"index","follow":"follow","max-snippet":"max-snippet:-1","max-image-preview":"max-image-preview:large","max-video-preview":"max-video-preview:-1"},"canonical":"https:\/\/www.gunmeplug.com\/pl\/certyfikat-pozwolenia-na-bron-2\/","og_locale":"pl_PL","og_type":"article","og_title":"Apply for Your Gun License or Firearm Certificate | GunMePlug","og_description":"Simplify your gun license application with GunMePlug. Get fast approvals, renewals, and firearm certificates for self-defense, hunting, or sports shooting. Apply today!","og_url":"https:\/\/www.gunmeplug.com\/pl\/certyfikat-pozwolenia-na-bron-2\/","og_site_name":"Buy gun online USA","article_modified_time":"2024-11-23T13:39:15+00:00","og_image":[{"width":770,"height":1024,"url":"https:\/\/www.gunmeplug.com\/wp-content\/uploads\/2024\/11\/large.png","type":"image\/png"}],"twitter_card":"summary_large_image","twitter_misc":{"Szacowany czas czytania":"3 minuty"},"schema":{"@context":"https:\/\/schema.org","@graph":[{"@type":"WebPage","@id":"https:\/\/www.gunmeplug.com\/es\/certificado-de-licencia-de-armas-2\/","url":"https:\/\/www.gunmeplug.com\/es\/certificado-de-licencia-de-armas-2\/","name":"Z\u0142\u00f3\u017c wniosek o licencj\u0119 na bro\u0144 lub certyfikat broni palnej | GunMePlug","isPartOf":{"@id":"https:\/\/www.gunmeplug.com\/#website"},"primaryImageOfPage":{"@id":"https:\/\/www.gunmeplug.com\/es\/certificado-de-licencia-de-armas-2\/#primaryimage"},"image":{"@id":"https:\/\/www.gunmeplug.com\/es\/certificado-de-licencia-de-armas-2\/#primaryimage"},"thumbnailUrl":"https:\/\/www.gunmeplug.com\/wp-content\/uploads\/2024\/11\/large.png","datePublished":"2024-11-23T13:30:52+00:00","dateModified":"2024-11-23T13:39:15+00:00","description":"Upro\u015b\u0107 sw\u00f3j wniosek o pozwolenie na bro\u0144 dzi\u0119ki GunMePlug. Uzyskaj szybkie zatwierdzenia, odnowienia i certyfikaty broni palnej do samoobrony, polowania lub strzelania sportowego. Z\u0142\u00f3\u017c wniosek ju\u017c dzi\u015b!","breadcrumb":{"@id":"https:\/\/www.gunmeplug.com\/es\/certificado-de-licencia-de-armas-2\/#breadcrumb"},"inLanguage":"pl-PL","potentialAction":[{"@type":"ReadAction","target":["https:\/\/www.gunmeplug.com\/es\/certificado-de-licencia-de-armas-2\/"]}]},{"@type":"ImageObject","inLanguage":"pl-PL","@id":"https:\/\/www.gunmeplug.com\/es\/certificado-de-licencia-de-armas-2\/#primaryimage","url":"https:\/\/www.gunmeplug.com\/wp-content\/uploads\/2024\/11\/large.png","contentUrl":"https:\/\/www.gunmeplug.com\/wp-content\/uploads\/2024\/11\/large.png","width":770,"height":1024,"caption":"Gun license application"},{"@type":"BreadcrumbList","@id":"https:\/\/www.gunmeplug.com\/es\/certificado-de-licencia-de-armas-2\/#breadcrumb","itemListElement":[{"@type":"ListItem","position":1,"name":"Home","item":"https:\/\/www.gunmeplug.com\/es\/"},{"@type":"ListItem","position":2,"name":"Gun License\/ Certifficate"}]},{"@type":"WebSite","@id":"https:\/\/www.gunmeplug.com\/#website","url":"https:\/\/www.gunmeplug.com\/","name":"Kup bro\u0144 online USA","description":"Bro\u0144 palna na sprzeda\u017c online","potentialAction":[{"@type":"SearchAction","target":{"@type":"EntryPoint","urlTemplate":"https:\/\/www.gunmeplug.com\/?s={search_term_string}"},"query-input":{"@type":"PropertyValueSpecification","valueRequired":true,"valueName":"search_term_string"}}],"inLanguage":"pl-PL"}]}},"_links":{"self":[{"href":"https:\/\/www.gunmeplug.com\/pl\/wp-json\/wp\/v2\/pages\/3917","targetHints":{"allow":["GET"]}}],"collection":[{"href":"https:\/\/www.gunmeplug.com\/pl\/wp-json\/wp\/v2\/pages"}],"about":[{"href":"https:\/\/www.gunmeplug.com\/pl\/wp-json\/wp\/v2\/types\/page"}],"author":[{"embeddable":true,"href":"https:\/\/www.gunmeplug.com\/pl\/wp-json\/wp\/v2\/users\/1"}],"replies":[{"embeddable":true,"href":"https:\/\/www.gunmeplug.com\/pl\/wp-json\/wp\/v2\/comments?post=3917"}],"version-history":[{"count":3,"href":"https:\/\/www.gunmeplug.com\/pl\/wp-json\/wp\/v2\/pages\/3917\/revisions"}],"predecessor-version":[{"id":3923,"href":"https:\/\/www.gunmeplug.com\/pl\/wp-json\/wp\/v2\/pages\/3917\/revisions\/3923"}],"wp:featuredmedia":[{"embeddable":true,"href":"https:\/\/www.gunmeplug.com\/pl\/wp-json\/wp\/v2\/media\/3915"}],"wp:attachment":[{"href":"https:\/\/www.gunmeplug.com\/pl\/wp-json\/wp\/v2\/media?parent=3917"}],"curies":[{"name":"wp","href":"https:\/\/api.w.org\/{rel}","templated":true}]}}