{"id":3243,"date":"2022-03-09T10:55:06","date_gmt":"2022-03-09T10:55:06","guid":{"rendered":"https:\/\/www.gunmeplug.com\/?page_id=3243"},"modified":"2022-03-09T10:55:06","modified_gmt":"2022-03-09T10:55:06","slug":"jak-kupic-bron-online","status":"publish","type":"page","link":"https:\/\/www.gunmeplug.com\/pl\/jak-kupic-bron-online\/","title":{"rendered":"Jak kupi\u0107 bro\u0144 online"},"content":{"rendered":"<div class=\"vc_row wpb_row vc_row-fluid\"><div class=\"wpb_column vc_column_container vc_col-sm-12\"><div class=\"vc_column-inner\"><div class=\"wpb_wrapper\">\n\t<div class=\"wpb_text_column wpb_content_element\" >\n\t\t<div class=\"wpb_wrapper\">\n\t\t\t<p style=\"text-align: justify;\">Mo\u017cesz <a href=\"https:\/\/www.gunmeplug.com\/pl\/\"><strong>buy\u00a0gun online<\/strong><\/a> tak jak mo\u017cna kupi\u0107 wszystko inne. G\u0142\u00f3wn\u0105 r\u00f3\u017cnic\u0105 jest to, \u017ce bro\u0144 nie mo\u017ce by\u0107 wysy\u0142ana bezpo\u015brednio do nabywcy. Aby otrzyma\u0107 bro\u0144, musi istnie\u0107 certyfikowany sprzedawca broni. Wybierz dealera broni w swoim regionie jako adres wysy\u0142ki podczas procesu p\u0142atno\u015bci.<\/p>\n<p style=\"text-align: justify;\">Bro\u0144 zostanie wys\u0142ana przez nas do wybranego sprzedawcy. Przed odebraniem nowej broni w sklepie z broni\u0105 nale\u017cy wype\u0142ni\u0107 formularz 4473 i przej\u015b\u0107 weryfikacj\u0119 FBI. Przeniesienie broni jest cz\u0119sto bezp\u0142atne w wi\u0119kszo\u015bci sklep\u00f3w z broni\u0105. Przeniesienie broni od sprzedawcy do klienta zajmuje zazwyczaj oko\u0142o 10-15 minut.<\/p>\n<p style=\"text-align: justify;\">Po zako\u0144czeniu procedury transferu w niekt\u00f3rych miejscach rozpoczyna si\u0119 czas oczekiwania. Gdy tylko proces transferu zostanie zako\u0144czony, nabywcy w innych stanach mog\u0105 przej\u0105\u0107 bro\u0144 na w\u0142asno\u015b\u0107.<\/p>\n<h3 style=\"text-align: justify;\">Kroki sk\u0142adania zam\u00f3wienia<\/h3>\n<ol style=\"text-align: justify;\">\n<li>Dodaj pistolet (<strong><a href=\"https:\/\/www.gunmeplug.com\/pl\/kategoria-produktu\/pistolety\/\">Pistolet<\/a>, <a href=\"https:\/\/www.gunmeplug.com\/pl\/kategoria-produktu\/karabiny\/\">Karabin<\/a>, <a href=\"https:\/\/www.gunmeplug.com\/pl\/kategoria-produktu\/glocki-na-sprzedaz\/\">Glock<\/a><\/strong>) you want to your cart after you&#8217;ve found it.<\/li>\n<li>Przejd\u017a do strony koszyka i kliknij przycisk \"Do kasy\", aby sfinalizowa\u0107 zakup.<\/li>\n<li>Je\u015bli nie posiadasz nazwy u\u017cytkownika i has\u0142a, mo\u017cesz wymeldowa\u0107 si\u0119 jako go\u015b\u0107.<\/li>\n<li>Kontynuuj, wprowadzaj\u0105c dane adresu rozliczeniowego.<\/li>\n<li>Wprowad\u017a sw\u00f3j kod pocztowy i promie\u0144 wyszukiwania FFL, a nast\u0119pnie kliknij Wyszukaj.<\/li>\n<li>Click Continue once you&#8217;ve selected the FFL dealer who will receive and process your weapon.<\/li>\n<li>Kontynuuj, wybieraj\u0105c metod\u0119 wysy\u0142ki.<\/li>\n<li>Click Continue once you&#8217;ve entered your payment information.<\/li>\n<li>Click the &#8220;<strong><a href=\"https:\/\/www.gunmeplug.com\/pl\/shop\/\">Z\u0142\u00f3\u017c zam\u00f3wienie<\/a><\/strong>&#8221; tab after checking your order.<\/li>\n<\/ol>\n<p style=\"text-align: justify;\">To wszystko! Wiadomo\u015b\u0107 e-mail z potwierdzeniem zostanie wys\u0142ana natychmiast po z\u0142o\u017ceniu zam\u00f3wienia. Wiadomo\u015b\u0107 e-mail z informacjami o \u015bledzeniu przesy\u0142ki zostanie wys\u0142ana po wys\u0142aniu produktu.<\/p>\n<p><strong>Dzi\u0119kujemy za zakupy w Gunmeplug!<\/strong><\/p>\n<p>Je\u015bli masz pytania lub potrzebujesz pomocy, skontaktuj si\u0119 z nami pod adresem info@gunmeplug.com.<\/p>\n\n\t\t<\/div>\n\t<\/div>\n<\/div><\/div><\/div><\/div>","protected":false},"excerpt":{"rendered":"You can buy\u00a0gun online just like you can buy anything else. The major difference is that arms cannot be shipped directly to the purchaser. There must be a certified guns dealer to receive weapons. Select a gun dealer in your region as your shipping address during the checkout process. Your firearm will be sent to [...]","protected":false},"author":1,"featured_media":0,"parent":0,"menu_order":0,"comment_status":"closed","ping_status":"closed","template":"","meta":{"_acf_changed":false,"_joinchat":[],"footnotes":""},"class_list":["post-3243","page","type-page","status-publish","hentry"],"acf":[],"yoast_head":"<!-- This site is optimized with the Yoast SEO plugin v26.3 - https:\/\/yoast.com\/wordpress\/plugins\/seo\/ -->\n<title>How to Buy A Gun Online - Buy gun online USA<\/title>\n<meta name=\"robots\" content=\"index, follow, max-snippet:-1, max-image-preview:large, max-video-preview:-1\" \/>\n<link rel=\"canonical\" href=\"https:\/\/www.gunmeplug.com\/pl\/jak-kupic-bron-online\/\" \/>\n<meta property=\"og:locale\" content=\"pl_PL\" \/>\n<meta property=\"og:type\" content=\"article\" \/>\n<meta property=\"og:title\" content=\"How to Buy A Gun Online - Buy gun online USA\" \/>\n<meta property=\"og:url\" content=\"https:\/\/www.gunmeplug.com\/pl\/jak-kupic-bron-online\/\" \/>\n<meta property=\"og:site_name\" content=\"Buy gun online USA\" \/>\n<meta name=\"twitter:card\" content=\"summary_large_image\" \/>\n<meta name=\"twitter:label1\" content=\"Szacowany czas czytania\" \/>\n\t<meta name=\"twitter:data1\" content=\"2 minuty\" \/>\n<script type=\"application\/ld+json\" class=\"yoast-schema-graph\">{\"@context\":\"https:\/\/schema.org\",\"@graph\":[{\"@type\":\"WebPage\",\"@id\":\"https:\/\/www.gunmeplug.com\/how-to-buy-a-gun-online\/\",\"url\":\"https:\/\/www.gunmeplug.com\/how-to-buy-a-gun-online\/\",\"name\":\"How to Buy A Gun Online - Buy gun online USA\",\"isPartOf\":{\"@id\":\"https:\/\/www.gunmeplug.com\/#website\"},\"datePublished\":\"2022-03-09T10:55:06+00:00\",\"breadcrumb\":{\"@id\":\"https:\/\/www.gunmeplug.com\/how-to-buy-a-gun-online\/#breadcrumb\"},\"inLanguage\":\"pl-PL\",\"potentialAction\":[{\"@type\":\"ReadAction\",\"target\":[\"https:\/\/www.gunmeplug.com\/how-to-buy-a-gun-online\/\"]}]},{\"@type\":\"BreadcrumbList\",\"@id\":\"https:\/\/www.gunmeplug.com\/how-to-buy-a-gun-online\/#breadcrumb\",\"itemListElement\":[{\"@type\":\"ListItem\",\"position\":1,\"name\":\"Home\",\"item\":\"https:\/\/www.gunmeplug.com\/es\/\"},{\"@type\":\"ListItem\",\"position\":2,\"name\":\"How to Buy A Gun Online\"}]},{\"@type\":\"WebSite\",\"@id\":\"https:\/\/www.gunmeplug.com\/#website\",\"url\":\"https:\/\/www.gunmeplug.com\/\",\"name\":\"Buy gun online USA\",\"description\":\"FireArms for sale online \",\"potentialAction\":[{\"@type\":\"SearchAction\",\"target\":{\"@type\":\"EntryPoint\",\"urlTemplate\":\"https:\/\/www.gunmeplug.com\/?s={search_term_string}\"},\"query-input\":{\"@type\":\"PropertyValueSpecification\",\"valueRequired\":true,\"valueName\":\"search_term_string\"}}],\"inLanguage\":\"pl-PL\"}]}<\/script>\n<!-- \/ Yoast SEO plugin. -->","yoast_head_json":{"title":"Jak kupi\u0107 bro\u0144 online - Kup bro\u0144 online w USA","robots":{"index":"index","follow":"follow","max-snippet":"max-snippet:-1","max-image-preview":"max-image-preview:large","max-video-preview":"max-video-preview:-1"},"canonical":"https:\/\/www.gunmeplug.com\/pl\/jak-kupic-bron-online\/","og_locale":"pl_PL","og_type":"article","og_title":"How to Buy A Gun Online - Buy gun online USA","og_url":"https:\/\/www.gunmeplug.com\/pl\/jak-kupic-bron-online\/","og_site_name":"Buy gun online USA","twitter_card":"summary_large_image","twitter_misc":{"Szacowany czas czytania":"2 minuty"},"schema":{"@context":"https:\/\/schema.org","@graph":[{"@type":"WebPage","@id":"https:\/\/www.gunmeplug.com\/how-to-buy-a-gun-online\/","url":"https:\/\/www.gunmeplug.com\/how-to-buy-a-gun-online\/","name":"Jak kupi\u0107 bro\u0144 online - Kup bro\u0144 online w USA","isPartOf":{"@id":"https:\/\/www.gunmeplug.com\/#website"},"datePublished":"2022-03-09T10:55:06+00:00","breadcrumb":{"@id":"https:\/\/www.gunmeplug.com\/how-to-buy-a-gun-online\/#breadcrumb"},"inLanguage":"pl-PL","potentialAction":[{"@type":"ReadAction","target":["https:\/\/www.gunmeplug.com\/how-to-buy-a-gun-online\/"]}]},{"@type":"BreadcrumbList","@id":"https:\/\/www.gunmeplug.com\/how-to-buy-a-gun-online\/#breadcrumb","itemListElement":[{"@type":"ListItem","position":1,"name":"Home","item":"https:\/\/www.gunmeplug.com\/es\/"},{"@type":"ListItem","position":2,"name":"How to Buy A Gun Online"}]},{"@type":"WebSite","@id":"https:\/\/www.gunmeplug.com\/#website","url":"https:\/\/www.gunmeplug.com\/","name":"Kup bro\u0144 online USA","description":"Bro\u0144 palna na sprzeda\u017c online","potentialAction":[{"@type":"SearchAction","target":{"@type":"EntryPoint","urlTemplate":"https:\/\/www.gunmeplug.com\/?s={search_term_string}"},"query-input":{"@type":"PropertyValueSpecification","valueRequired":true,"valueName":"search_term_string"}}],"inLanguage":"pl-PL"}]}},"_links":{"self":[{"href":"https:\/\/www.gunmeplug.com\/pl\/wp-json\/wp\/v2\/pages\/3243","targetHints":{"allow":["GET"]}}],"collection":[{"href":"https:\/\/www.gunmeplug.com\/pl\/wp-json\/wp\/v2\/pages"}],"about":[{"href":"https:\/\/www.gunmeplug.com\/pl\/wp-json\/wp\/v2\/types\/page"}],"author":[{"embeddable":true,"href":"https:\/\/www.gunmeplug.com\/pl\/wp-json\/wp\/v2\/users\/1"}],"replies":[{"embeddable":true,"href":"https:\/\/www.gunmeplug.com\/pl\/wp-json\/wp\/v2\/comments?post=3243"}],"version-history":[{"count":2,"href":"https:\/\/www.gunmeplug.com\/pl\/wp-json\/wp\/v2\/pages\/3243\/revisions"}],"predecessor-version":[{"id":3245,"href":"https:\/\/www.gunmeplug.com\/pl\/wp-json\/wp\/v2\/pages\/3243\/revisions\/3245"}],"wp:attachment":[{"href":"https:\/\/www.gunmeplug.com\/pl\/wp-json\/wp\/v2\/media?parent=3243"}],"curies":[{"name":"wp","href":"https:\/\/api.w.org\/{rel}","templated":true}]}}