{"id":3936,"date":"2024-11-23T16:18:48","date_gmt":"2024-11-23T16:18:48","guid":{"rendered":"https:\/\/www.gunmeplug.com\/?post_type=product&#038;p=3936"},"modified":"2024-11-23T16:21:07","modified_gmt":"2024-11-23T16:21:07","slug":"licenza-di-possesso-e-acquisizione-pal","status":"publish","type":"product","link":"https:\/\/www.gunmeplug.com\/it\/prodotto\/licenza-di-possesso-e-acquisizione-pal\/","title":{"rendered":"Licenza di possesso e acquisizione (PAL)"},"content":{"rendered":"<h2><strong>Acquistare o richiedere una licenza di possesso e acquisizione (PAL) online in Canada<\/strong><\/h2>\n<p>Guardando a <strong>acquistare un <a href=\"https:\/\/www.gunmeplug.com\/it\/certificato-di-porto-darmi-2\/\">Licenza di possesso e acquisizione<\/a> (PAL)<\/strong> o avete bisogno di aiuto per navigare nel sito <strong>Procedura di candidatura PAL<\/strong>? A <strong>GunMePlug<\/strong>Siamo specializzati nell'assistenza ai canadesi per quanto riguarda la loro <strong>Domande di licenza PAL<\/strong>, ensuring compliance with federal firearm regulations. Whether you\u2019re applying for the first time, renewing your <strong>Licenza PAL<\/strong>o di cercare una guida su <strong>come ottenere una licenza PAL<\/strong>rendiamo il processo semplice, sicuro e affidabile.<a href=\"https:\/\/factoryson.com\/product\/caluanie-muelear-oxidize-1l\/\">.<\/a><\/p>\n<p>Con <strong>Approvazioni rapide delle licenze PAL<\/strong>prezzi trasparenti e <strong>fornitori di licenze PAL di fiducia<\/strong>GunMePlug \u00e8 la scelta migliore per i canadesi che desiderano possedere o acquistare armi da fuoco legalmente. I nostri servizi coprono tutto, da <strong>Requisiti PAL<\/strong> a <strong>corsi di sicurezza sulle armi da fuoco<\/strong> necessari per completare la domanda.<\/p>\n<h3><strong>Come ottenere una licenza di possesso e acquisizione (PAL)<\/strong><\/h3>\n<p>Ottenere un <strong>Licenza PAL<\/strong> involves meeting Canada\u2019s firearm ownership requirements, which include:<\/p>\n<ul>\n<li><strong>Requisiti PAL in Canada<\/strong>: \u00c8 necessario avere almeno 18 anni, completare un corso di sicurezza sulle armi da fuoco e superare un controllo dei precedenti.<\/li>\n<li><strong>Corso di sicurezza sulle armi da fuoco per PAL<\/strong>: \u00c8 obbligatorio per tutti i richiedenti PAL e garantisce un utilizzo e una conservazione sicuri delle armi da fuoco.<\/li>\n<li><strong>Richiesta di licenza PAL<\/strong>: Presentare la domanda all'RCMP con i documenti richiesti e la tassa. GunMePlug vi aiuta in ogni fase di questa procedura.<\/li>\n<li><strong>Possesso e acquisizione Costo della licenza<\/strong>: Forniamo dettagli trasparenti sulle tariffe per garantire che non ci siano sorprese.<\/li>\n<\/ul>\n<h3><strong>Acquistare una licenza di possesso e acquisizione (PAL) online<\/strong><\/h3>\n<p>Con GunMePlug \u00e8 possibile <strong>acquistare una licenza di possesso e acquisizione online<\/strong> in modo rapido e sicuro. Offriamo:<\/p>\n<ul>\n<li><strong>Licenze PAL in vendita<\/strong>: Soluzioni di licenza convenienti e personalizzate per le vostre esigenze di possesso di armi da fuoco.<\/li>\n<li><strong>Approvazioni rapide delle licenze PAL<\/strong>: Accelerate la vostra domanda con una guida e un'assistenza professionale.<\/li>\n<li><strong>Elaborazione sicura della licenza PAL<\/strong>: La sicurezza dei vostri dati personali \u00e8 la nostra priorit\u00e0.<\/li>\n<li><strong>Rinnovo della licenza PAL online<\/strong>: Semplificate il processo di rinnovo con l'assistenza dei nostri esperti.<\/li>\n<\/ul>\n<h3><strong>Perch\u00e9 scegliere GunMePlug per la vostra licenza PAL?<\/strong><\/h3>\n<p>GunMePlug vi connette con <strong>fornitori di licenze PAL di fiducia<\/strong> to ensure your application is fast, secure, and compliant with Canadian laws. Whether you\u2019re applying for a new PAL or need to <strong>rinnovare la licenza PAL<\/strong>Offriamo un'assistenza completa in ogni fase del processo. La nostra piattaforma fornisce anche risorse per <strong>corsi di sicurezza sulle armi da fuoco<\/strong>aiutandovi a soddisfare i criteri di idoneit\u00e0 in modo efficiente.<\/p>\n<h3><strong>Domande frequenti (FAQ)<\/strong><\/h3>\n<p><strong>Che cos'\u00e8 una licenza di possesso e acquisizione (PAL)?<\/strong><br \/>\nIl PAL \u00e8 una licenza obbligatoria per il possesso o l'acquisto di armi da fuoco in Canada. Certifica che avete soddisfatto tutti i requisiti legali per il possesso di armi da fuoco.<\/p>\n<p><strong>Quanto costa una licenza PAL?<\/strong><br \/>\nIl costo varia a seconda del tipo di armi da fuoco che si intende possedere, in genere va da $60 a $80. GunMePlug offre prezzi trasparenti per tutti i servizi.<\/p>\n<p><strong>Posso richiedere una licenza PAL online?<\/strong><br \/>\nS\u00ec, GunMePlug offre una soluzione semplificata <strong>Applicazione PAL online<\/strong> per rendere pi\u00f9 facile e veloce la presentazione della domanda.<\/p>\n<p><strong>Quali documenti sono necessari per una licenza PAL?<\/strong><br \/>\nPer completare la domanda \u00e8 necessario dimostrare la propria et\u00e0, aver completato un corso di sicurezza sulle armi da fuoco e un documento d'identit\u00e0 valido.<\/p>\n<p><strong>Quanto tempo ci vuole per ottenere una licenza PAL?<\/strong><br \/>\nI tempi di elaborazione variano, ma GunMePlug aiuta ad accelerare le approvazioni garantendo che tutta la documentazione sia accurata e completa.<\/p>\n<h3><strong>Iniziare oggi la richiesta di licenza di possesso e acquisizione<\/strong><\/h3>\n<p>Don\u2019t let complicated regulations and paperwork delay your ability to own firearms in Canada. At <strong>GunMePlug<\/strong>assicuriamo un processo fluido, veloce e sicuro per il vostro <strong>Richiesta di licenza PAL<\/strong>. Whether you\u2019re applying for a new license or renewing an existing one, we provide reliable support tailored to your needs. Start your <strong>Richiesta di licenza PAL<\/strong> oggi con GunMePlug e godete di approvazioni rapide e di un'assistenza esperta.<\/p>","protected":false},"excerpt":{"rendered":"<p>Buy or Apply for a Possession and Acquisition License (PAL) Online in Canada Looking to buy a Possession and Acquisition License (PAL) or need help navigating the PAL application process? At GunMePlug, we specialize in assisting Canadians with their PAL license applications, ensuring compliance with federal firearm regulations. Whether you\u2019re applying for the first time, [&hellip;]<\/p>","protected":false},"featured_media":3937,"template":"","meta":{"_acf_changed":false,"_joinchat":[]},"product_brand":[],"product_cat":[333],"product_tag":[385,390,374,387,379,389,377,381,392,378,388,383,382,375,391,376,393,386,384,380],"class_list":{"0":"post-3936","1":"product","2":"type-product","3":"status-publish","4":"has-post-thumbnail","6":"product_cat-gun-license-certifficate","7":"product_tag-affordable-pal-license","8":"product_tag-apply-for-pal-license-canada","9":"product_tag-buy-possession-and-acquisition-license","10":"product_tag-canada-firearm-ownership-license","11":"product_tag-fast-pal-license-approvals","12":"product_tag-firearm-safety-course-for-pal","13":"product_tag-how-to-get-a-pal-license","14":"product_tag-online-pal-application","15":"product_tag-pal-gun-license-canada","16":"product_tag-pal-license-application","17":"product_tag-pal-license-eligibility","18":"product_tag-pal-requirements-in-canada","19":"product_tag-possession-and-acquisition-license-cost","20":"product_tag-possession-and-acquisition-license-for-sale","21":"product_tag-possession-and-acquisition-permit-assistance","22":"product_tag-purchase-pal-license-online","23":"product_tag-reliable-pal-license-providers","24":"product_tag-renew-pal-license-online","25":"product_tag-secure-pal-license-processing","26":"product_tag-trusted-pal-license-providers","28":"first","29":"instock","30":"shipping-taxable","31":"product-type-simple"},"acf":[],"yoast_head":"<!-- This site is optimized with the Yoast SEO plugin v26.3 - https:\/\/yoast.com\/wordpress\/plugins\/seo\/ -->\n<title>Buy Possession and Acquisition License (PAL) | Fast Approvals<\/title>\n<meta name=\"description\" content=\"Buy Possession and Acquisition License (PAL) online with GunMePlug. Secure PAL applications, fast approvals, and trusted providers in Canada. Apply now!\" \/>\n<meta name=\"robots\" content=\"index, follow, max-snippet:-1, max-image-preview:large, max-video-preview:-1\" \/>\n<link rel=\"canonical\" href=\"https:\/\/www.gunmeplug.com\/it\/prodotto\/licenza-di-possesso-e-acquisizione-pal\/\" \/>\n<meta property=\"og:locale\" content=\"it_IT\" \/>\n<meta property=\"og:type\" content=\"article\" \/>\n<meta property=\"og:title\" content=\"Buy Possession and Acquisition License (PAL) | Fast Approvals\" \/>\n<meta property=\"og:description\" content=\"Buy Possession and Acquisition License (PAL) online with GunMePlug. Secure PAL applications, fast approvals, and trusted providers in Canada. Apply now!\" \/>\n<meta property=\"og:url\" content=\"https:\/\/www.gunmeplug.com\/it\/prodotto\/licenza-di-possesso-e-acquisizione-pal\/\" \/>\n<meta property=\"og:site_name\" content=\"Buy gun online USA\" \/>\n<meta property=\"article:modified_time\" content=\"2024-11-23T16:21:07+00:00\" \/>\n<meta property=\"og:image\" content=\"https:\/\/www.gunmeplug.com\/wp-content\/uploads\/2024\/11\/Possession-and-Acquisition-License-PAL.jpg\" \/>\n\t<meta property=\"og:image:width\" content=\"283\" \/>\n\t<meta property=\"og:image:height\" content=\"178\" \/>\n\t<meta property=\"og:image:type\" content=\"image\/jpeg\" \/>\n<meta name=\"twitter:card\" content=\"summary_large_image\" \/>\n<meta name=\"twitter:label1\" content=\"Tempo di lettura stimato\" \/>\n\t<meta name=\"twitter:data1\" content=\"3 minuti\" \/>\n<script type=\"application\/ld+json\" class=\"yoast-schema-graph\">{\"@context\":\"https:\/\/schema.org\",\"@graph\":[{\"@type\":\"WebPage\",\"@id\":\"https:\/\/www.gunmeplug.com\/vi\/san-pham-2\/possession-and-acquisition-license-pal\/\",\"url\":\"https:\/\/www.gunmeplug.com\/vi\/san-pham-2\/possession-and-acquisition-license-pal\/\",\"name\":\"Buy Possession and Acquisition License (PAL) | Fast Approvals\",\"isPartOf\":{\"@id\":\"https:\/\/www.gunmeplug.com\/#website\"},\"primaryImageOfPage\":{\"@id\":\"https:\/\/www.gunmeplug.com\/vi\/san-pham-2\/possession-and-acquisition-license-pal\/#primaryimage\"},\"image\":{\"@id\":\"https:\/\/www.gunmeplug.com\/vi\/san-pham-2\/possession-and-acquisition-license-pal\/#primaryimage\"},\"thumbnailUrl\":\"https:\/\/www.gunmeplug.com\/wp-content\/uploads\/2024\/11\/Possession-and-Acquisition-License-PAL.jpg\",\"datePublished\":\"2024-11-23T16:18:48+00:00\",\"dateModified\":\"2024-11-23T16:21:07+00:00\",\"description\":\"Buy Possession and Acquisition License (PAL) online with GunMePlug. Secure PAL applications, fast approvals, and trusted providers in Canada. Apply now!\",\"breadcrumb\":{\"@id\":\"https:\/\/www.gunmeplug.com\/vi\/san-pham-2\/possession-and-acquisition-license-pal\/#breadcrumb\"},\"inLanguage\":\"it-IT\",\"potentialAction\":[{\"@type\":\"ReadAction\",\"target\":[\"https:\/\/www.gunmeplug.com\/vi\/san-pham-2\/possession-and-acquisition-license-pal\/\"]}]},{\"@type\":\"ImageObject\",\"inLanguage\":\"it-IT\",\"@id\":\"https:\/\/www.gunmeplug.com\/vi\/san-pham-2\/possession-and-acquisition-license-pal\/#primaryimage\",\"url\":\"https:\/\/www.gunmeplug.com\/wp-content\/uploads\/2024\/11\/Possession-and-Acquisition-License-PAL.jpg\",\"contentUrl\":\"https:\/\/www.gunmeplug.com\/wp-content\/uploads\/2024\/11\/Possession-and-Acquisition-License-PAL.jpg\",\"width\":283,\"height\":178,\"caption\":\"Buy Possession and Acquisition License\"},{\"@type\":\"BreadcrumbList\",\"@id\":\"https:\/\/www.gunmeplug.com\/vi\/san-pham-2\/possession-and-acquisition-license-pal\/#breadcrumb\",\"itemListElement\":[{\"@type\":\"ListItem\",\"position\":1,\"name\":\"Home\",\"item\":\"https:\/\/www.gunmeplug.com\/es\/\"},{\"@type\":\"ListItem\",\"position\":2,\"name\":\"Shop\",\"item\":\"https:\/\/www.gunmeplug.com\/es\/shop\/\"},{\"@type\":\"ListItem\",\"position\":3,\"name\":\"Possession and Acquisition License (PAL)\"}]},{\"@type\":\"WebSite\",\"@id\":\"https:\/\/www.gunmeplug.com\/#website\",\"url\":\"https:\/\/www.gunmeplug.com\/\",\"name\":\"Buy gun online USA\",\"description\":\"FireArms for sale online \",\"potentialAction\":[{\"@type\":\"SearchAction\",\"target\":{\"@type\":\"EntryPoint\",\"urlTemplate\":\"https:\/\/www.gunmeplug.com\/?s={search_term_string}\"},\"query-input\":{\"@type\":\"PropertyValueSpecification\",\"valueRequired\":true,\"valueName\":\"search_term_string\"}}],\"inLanguage\":\"it-IT\"}]}<\/script>\n<!-- \/ Yoast SEO plugin. -->","yoast_head_json":{"title":"Acquistare la Licenza di possesso e acquisizione (PAL) | Approvazioni rapide","description":"Acquista la licenza di possesso e acquisizione (PAL) online con GunMePlug. Applicazioni PAL sicure, approvazioni rapide e fornitori di fiducia in Canada. Fate domanda ora!","robots":{"index":"index","follow":"follow","max-snippet":"max-snippet:-1","max-image-preview":"max-image-preview:large","max-video-preview":"max-video-preview:-1"},"canonical":"https:\/\/www.gunmeplug.com\/it\/prodotto\/licenza-di-possesso-e-acquisizione-pal\/","og_locale":"it_IT","og_type":"article","og_title":"Buy Possession and Acquisition License (PAL) | Fast Approvals","og_description":"Buy Possession and Acquisition License (PAL) online with GunMePlug. Secure PAL applications, fast approvals, and trusted providers in Canada. Apply now!","og_url":"https:\/\/www.gunmeplug.com\/it\/prodotto\/licenza-di-possesso-e-acquisizione-pal\/","og_site_name":"Buy gun online USA","article_modified_time":"2024-11-23T16:21:07+00:00","og_image":[{"width":283,"height":178,"url":"https:\/\/www.gunmeplug.com\/wp-content\/uploads\/2024\/11\/Possession-and-Acquisition-License-PAL.jpg","type":"image\/jpeg"}],"twitter_card":"summary_large_image","twitter_misc":{"Tempo di lettura stimato":"3 minuti"},"schema":{"@context":"https:\/\/schema.org","@graph":[{"@type":"WebPage","@id":"https:\/\/www.gunmeplug.com\/vi\/san-pham-2\/possession-and-acquisition-license-pal\/","url":"https:\/\/www.gunmeplug.com\/vi\/san-pham-2\/possession-and-acquisition-license-pal\/","name":"Acquistare la Licenza di possesso e acquisizione (PAL) | Approvazioni rapide","isPartOf":{"@id":"https:\/\/www.gunmeplug.com\/#website"},"primaryImageOfPage":{"@id":"https:\/\/www.gunmeplug.com\/vi\/san-pham-2\/possession-and-acquisition-license-pal\/#primaryimage"},"image":{"@id":"https:\/\/www.gunmeplug.com\/vi\/san-pham-2\/possession-and-acquisition-license-pal\/#primaryimage"},"thumbnailUrl":"https:\/\/www.gunmeplug.com\/wp-content\/uploads\/2024\/11\/Possession-and-Acquisition-License-PAL.jpg","datePublished":"2024-11-23T16:18:48+00:00","dateModified":"2024-11-23T16:21:07+00:00","description":"Acquista la licenza di possesso e acquisizione (PAL) online con GunMePlug. Applicazioni PAL sicure, approvazioni rapide e fornitori di fiducia in Canada. Fate domanda ora!","breadcrumb":{"@id":"https:\/\/www.gunmeplug.com\/vi\/san-pham-2\/possession-and-acquisition-license-pal\/#breadcrumb"},"inLanguage":"it-IT","potentialAction":[{"@type":"ReadAction","target":["https:\/\/www.gunmeplug.com\/vi\/san-pham-2\/possession-and-acquisition-license-pal\/"]}]},{"@type":"ImageObject","inLanguage":"it-IT","@id":"https:\/\/www.gunmeplug.com\/vi\/san-pham-2\/possession-and-acquisition-license-pal\/#primaryimage","url":"https:\/\/www.gunmeplug.com\/wp-content\/uploads\/2024\/11\/Possession-and-Acquisition-License-PAL.jpg","contentUrl":"https:\/\/www.gunmeplug.com\/wp-content\/uploads\/2024\/11\/Possession-and-Acquisition-License-PAL.jpg","width":283,"height":178,"caption":"Buy Possession and Acquisition License"},{"@type":"BreadcrumbList","@id":"https:\/\/www.gunmeplug.com\/vi\/san-pham-2\/possession-and-acquisition-license-pal\/#breadcrumb","itemListElement":[{"@type":"ListItem","position":1,"name":"Home","item":"https:\/\/www.gunmeplug.com\/es\/"},{"@type":"ListItem","position":2,"name":"Shop","item":"https:\/\/www.gunmeplug.com\/es\/shop\/"},{"@type":"ListItem","position":3,"name":"Possession and Acquisition License (PAL)"}]},{"@type":"WebSite","@id":"https:\/\/www.gunmeplug.com\/#website","url":"https:\/\/www.gunmeplug.com\/","name":"Comprare pistola online USA","description":"Armi da fuoco in vendita online","potentialAction":[{"@type":"SearchAction","target":{"@type":"EntryPoint","urlTemplate":"https:\/\/www.gunmeplug.com\/?s={search_term_string}"},"query-input":{"@type":"PropertyValueSpecification","valueRequired":true,"valueName":"search_term_string"}}],"inLanguage":"it-IT"}]}},"_links":{"self":[{"href":"https:\/\/www.gunmeplug.com\/it\/wp-json\/wp\/v2\/product\/3936","targetHints":{"allow":["GET"]}}],"collection":[{"href":"https:\/\/www.gunmeplug.com\/it\/wp-json\/wp\/v2\/product"}],"about":[{"href":"https:\/\/www.gunmeplug.com\/it\/wp-json\/wp\/v2\/types\/product"}],"wp:featuredmedia":[{"embeddable":true,"href":"https:\/\/www.gunmeplug.com\/it\/wp-json\/wp\/v2\/media\/3937"}],"wp:attachment":[{"href":"https:\/\/www.gunmeplug.com\/it\/wp-json\/wp\/v2\/media?parent=3936"}],"wp:term":[{"taxonomy":"product_brand","embeddable":true,"href":"https:\/\/www.gunmeplug.com\/it\/wp-json\/wp\/v2\/product_brand?post=3936"},{"taxonomy":"product_cat","embeddable":true,"href":"https:\/\/www.gunmeplug.com\/it\/wp-json\/wp\/v2\/product_cat?post=3936"},{"taxonomy":"product_tag","embeddable":true,"href":"https:\/\/www.gunmeplug.com\/it\/wp-json\/wp\/v2\/product_tag?post=3936"}],"curies":[{"name":"wp","href":"https:\/\/api.w.org\/{rel}","templated":true}]}}