{"id":3152,"date":"2021-04-08T06:30:30","date_gmt":"2021-04-08T06:30:30","guid":{"rendered":"https:\/\/www.gunmeplug.com\/?post_type=product&#038;p=3152"},"modified":"2025-06-08T03:02:25","modified_gmt":"2025-06-08T03:02:25","slug":"henry-big-boy-x-model-44-mag-44-special-lever-action-4rd-17-4-rifle-h012x","status":"publish","type":"product","link":"https:\/\/www.gunmeplug.com\/it\/prodotto\/henry-big-boy-x-model-44-mag-44-special-lever-action-4rd-17-4-rifle-h012x\/","title":{"rendered":"Henry Big Boy X Model .44 Mag\/.44 Special Lever Action 7rd 17.4&#8243; Rifle H012X"},"content":{"rendered":"<h1><strong>Combina le prestazioni moderne con il classico lignaggio dell'azione a leva<\/strong><\/h1>\n<p>Henry modello x 44 mag in vendita , Il Big Boy X-Model \u00e8 dotato di un lungo elenco di prestazioni elevate. <a href=\"https:\/\/www.gunmeplug.com\/it\/prodotto\/fucili-ar-15-in-vendita\/\">caratteristiche<\/a> e molto spazio per altri. Il mobile sintetico di lunga durata presenta punti di montaggio integrati per la fionda, un robusto calciolo in gomma e slot per accessori Picatinny e M-Lok per installare l'attrezzatura necessaria per il lavoro. Le mire a fibra ottica anteriori e posteriori sulla canna lunga sono molto visibili e l'estremit\u00e0 della canna \u00e8 filettata (passo di filettatura 5\/824) per accogliere un soppressore o un altro dispositivo di volata. Le filettature della canna sono protette da una protezione per filettature avvitata.<\/p>\n<p>For easy unloading, the Big Boy X Model has a 7-round removable tube magazine, and the inclusion of a side loading gate allows the magazine to be filled off without removing the tube or suppressor. The Big Boy X Model is one rifle capable of many different jobs, whether it&#8217;s geared up to be your bedside protector, truck gun, deer rifle, or Saturday range day show-off piece.<\/p>\n<h2>Henry Repeating Arms X Model online su Gunmeplug.com<\/h2>\n<p>Il Lever X Model.45-70 della Henry Repeating Arms Company unisce la praticit\u00e0 della tecnologia delle armi a ripetizione a leva, che risale a quasi 160 anni fa, ai moderni mobili in polimero, alle mire in fibra ottica, agli slot M-LOK e a una guida MIL-STD-1913 Picatinny. Il tutto sostituendo il noce americano lucido e l'ottone lucente con il nero opaco del modello Henry x 44 mag in vendita.<\/p>\n<p>The.45-70 X Model can hold four rounds. It has a thick blued steel barrel that is 19.8 inches long with a 1:20 twist rate and a 5\/8\u201dx24 TPI thread on the front. It has a 14&#8243; draw length, a 38.6&#8243; overall length, and weighs 7.4 pounds.<\/p>\n<p>Questa pistola si rif\u00e0 alla Guerra Civile Americana e al selvaggio West, ma ha l'operativit\u00e0 affidabile e fluida della tecnologia moderna. Un mirino a coda di rondine in fibra ottica si trova su una rampa del cannone. La sua controparte in fibra ottica nella parte posteriore \u00e8 completamente regolabile per l'elevazione e l'angolazione e si trova su una rampa per un'ulteriore elevazione. L'arma \u00e8 forata e filettata per l'installazione di un mirino a sfera.<a href=\"https:\/\/en.wikipedia.org\/wiki\/Gun#Military\">copiature<\/a> e viene fornito con un attacco per cannocchiale Weaver 63B.<\/p>\n<p>La carcassa \u00e8 in acciaio azzurrato, l'astina e il calcio sono in polimero sintetico nero opaco e il calciolo \u00e8 in gomma nera piena. Per garantire una presa eccellente, l'astina \u00e8 stata realizzata in modo intelligente con un piacevole rigonfiamento. \u00c8 dotato di uno slot M-LOK su entrambi i lati e di una rotaia Picatinny a 4 slot sotto la parte anteriore.<\/p>","protected":false},"excerpt":{"rendered":"<p>Combinando prestazioni moderne con il classico lignaggio dell'azione a leva Henry model x 44 mag for sale , Il Big Boy X-Model \u00e8 dotato di una lunga lista di caratteristiche ad alte prestazioni e di molto spazio per altre. Il mobile sintetico di lunga durata presenta punti di montaggio integrati per la fionda, un robusto calciolo in gomma e slot per accessori Picatinny e M-Lok per [...]<\/p>","protected":false},"featured_media":3154,"template":"","meta":{"_acf_changed":false,"_joinchat":[]},"product_brand":[],"product_cat":[166],"product_tag":[216,225,222,221,219,224,218,215,210,220,213,217,214,223,211,212],"class_list":{"0":"post-3152","1":"product","2":"type-product","3":"status-publish","4":"has-post-thumbnail","6":"product_cat-rifles","7":"product_tag-henry-357-rifles-for-sale","8":"product_tag-henry-big-boy-x-accessories","9":"product_tag-henry-big-boy-x-in-stock","10":"product_tag-henry-big-boy-x-model-for-sale","11":"product_tag-henry-big-boy-x-model-357","12":"product_tag-henry-big-boy-x-model-357-review","13":"product_tag-henry-big-boy-x-model-45-colt-for-sale","14":"product_tag-henry-model-x-357-in-stock","15":"product_tag-henry-model-x-44-mag-for-sale","16":"product_tag-henry-model-x-for-sale-near-me","17":"product_tag-henry-x-44-magnum-rifle","18":"product_tag-henry-x-model-357-for-sale","19":"product_tag-henry-x-model-44-mag","20":"product_tag-henry-x-model-44-mag-review","21":"product_tag-henry-x-rifle-in-stock","22":"product_tag-henry-x-series-rifles-for-sale","24":"first","25":"instock","26":"sale","27":"shipping-taxable","28":"purchasable","29":"product-type-simple"},"acf":[],"yoast_head":"<!-- This site is optimized with the Yoast SEO plugin v26.3 - https:\/\/yoast.com\/wordpress\/plugins\/seo\/ -->\n<title>Henry model x 44 mag for sale | Big Boy X Model | Henry Repeating Arms<\/title>\n<meta name=\"description\" content=\"Henry model x 44 mag for sale, Henry Big Boy X Model .44 Mag Lever-Action Rifle, 17.4\u2033 Threaded Barrel, Black Synthetic Stock \u2013 Henry H012X\" \/>\n<meta name=\"robots\" content=\"index, follow, max-snippet:-1, max-image-preview:large, max-video-preview:-1\" \/>\n<link rel=\"canonical\" href=\"https:\/\/www.gunmeplug.com\/it\/prodotto\/henry-big-boy-x-model-44-mag-44-special-lever-action-4rd-17-4-rifle-h012x\/\" \/>\n<meta property=\"og:locale\" content=\"it_IT\" \/>\n<meta property=\"og:type\" content=\"article\" \/>\n<meta property=\"og:title\" content=\"Henry model x 44 mag for sale | Big Boy X Model | Henry Repeating Arms\" \/>\n<meta property=\"og:description\" content=\"Henry model x 44 mag for sale, Henry Big Boy X Model .44 Mag Lever-Action Rifle, 17.4\u2033 Threaded Barrel, Black Synthetic Stock \u2013 Henry H012X\" \/>\n<meta property=\"og:url\" content=\"https:\/\/www.gunmeplug.com\/it\/prodotto\/henry-big-boy-x-model-44-mag-44-special-lever-action-4rd-17-4-rifle-h012x\/\" \/>\n<meta property=\"og:site_name\" content=\"Buy gun online USA\" \/>\n<meta property=\"article:modified_time\" content=\"2025-06-08T03:02:25+00:00\" \/>\n<meta property=\"og:image\" content=\"https:\/\/www.gunmeplug.com\/wp-content\/uploads\/2021\/04\/henry-big-boy-x-model-44-mag-44-special-lever-action-4rd-17-4-rifle-h012x.jpg\" \/>\n\t<meta property=\"og:image:width\" content=\"600\" \/>\n\t<meta property=\"og:image:height\" content=\"600\" \/>\n\t<meta property=\"og:image:type\" content=\"image\/jpeg\" \/>\n<meta name=\"twitter:card\" content=\"summary_large_image\" \/>\n<meta name=\"twitter:label1\" content=\"Tempo di lettura stimato\" \/>\n\t<meta name=\"twitter:data1\" content=\"2 minuti\" \/>\n<script type=\"application\/ld+json\" class=\"yoast-schema-graph\">{\"@context\":\"https:\/\/schema.org\",\"@graph\":[{\"@type\":\"WebPage\",\"@id\":\"https:\/\/www.gunmeplug.com\/hu\/termek\/henry-big-boy-x-model-44-mag-44-special-lever-action-4rd-17-4-rifle-h012x\/\",\"url\":\"https:\/\/www.gunmeplug.com\/hu\/termek\/henry-big-boy-x-model-44-mag-44-special-lever-action-4rd-17-4-rifle-h012x\/\",\"name\":\"Henry model x 44 mag for sale | Big Boy X Model | Henry Repeating Arms\",\"isPartOf\":{\"@id\":\"https:\/\/www.gunmeplug.com\/#website\"},\"primaryImageOfPage\":{\"@id\":\"https:\/\/www.gunmeplug.com\/hu\/termek\/henry-big-boy-x-model-44-mag-44-special-lever-action-4rd-17-4-rifle-h012x\/#primaryimage\"},\"image\":{\"@id\":\"https:\/\/www.gunmeplug.com\/hu\/termek\/henry-big-boy-x-model-44-mag-44-special-lever-action-4rd-17-4-rifle-h012x\/#primaryimage\"},\"thumbnailUrl\":\"https:\/\/www.gunmeplug.com\/wp-content\/uploads\/2021\/04\/henry-big-boy-x-model-44-mag-44-special-lever-action-4rd-17-4-rifle-h012x.jpg\",\"datePublished\":\"2021-04-08T06:30:30+00:00\",\"dateModified\":\"2025-06-08T03:02:25+00:00\",\"description\":\"Henry model x 44 mag for sale, Henry Big Boy X Model .44 Mag Lever-Action Rifle, 17.4\u2033 Threaded Barrel, Black Synthetic Stock \u2013 Henry H012X\",\"breadcrumb\":{\"@id\":\"https:\/\/www.gunmeplug.com\/hu\/termek\/henry-big-boy-x-model-44-mag-44-special-lever-action-4rd-17-4-rifle-h012x\/#breadcrumb\"},\"inLanguage\":\"it-IT\",\"potentialAction\":[{\"@type\":\"ReadAction\",\"target\":[\"https:\/\/www.gunmeplug.com\/hu\/termek\/henry-big-boy-x-model-44-mag-44-special-lever-action-4rd-17-4-rifle-h012x\/\"]}]},{\"@type\":\"ImageObject\",\"inLanguage\":\"it-IT\",\"@id\":\"https:\/\/www.gunmeplug.com\/hu\/termek\/henry-big-boy-x-model-44-mag-44-special-lever-action-4rd-17-4-rifle-h012x\/#primaryimage\",\"url\":\"https:\/\/www.gunmeplug.com\/wp-content\/uploads\/2021\/04\/henry-big-boy-x-model-44-mag-44-special-lever-action-4rd-17-4-rifle-h012x.jpg\",\"contentUrl\":\"https:\/\/www.gunmeplug.com\/wp-content\/uploads\/2021\/04\/henry-big-boy-x-model-44-mag-44-special-lever-action-4rd-17-4-rifle-h012x.jpg\",\"width\":600,\"height\":600,\"caption\":\"Henry model x 44 mag for sale\"},{\"@type\":\"BreadcrumbList\",\"@id\":\"https:\/\/www.gunmeplug.com\/hu\/termek\/henry-big-boy-x-model-44-mag-44-special-lever-action-4rd-17-4-rifle-h012x\/#breadcrumb\",\"itemListElement\":[{\"@type\":\"ListItem\",\"position\":1,\"name\":\"Home\",\"item\":\"https:\/\/www.gunmeplug.com\/es\/\"},{\"@type\":\"ListItem\",\"position\":2,\"name\":\"Shop\",\"item\":\"https:\/\/www.gunmeplug.com\/es\/shop\/\"},{\"@type\":\"ListItem\",\"position\":3,\"name\":\"Henry Big Boy X Model .44 Mag\/.44 Special Lever Action 7rd 17.4&#8243; Rifle H012X\"}]},{\"@type\":\"WebSite\",\"@id\":\"https:\/\/www.gunmeplug.com\/#website\",\"url\":\"https:\/\/www.gunmeplug.com\/\",\"name\":\"Buy gun online USA\",\"description\":\"FireArms for sale online \",\"potentialAction\":[{\"@type\":\"SearchAction\",\"target\":{\"@type\":\"EntryPoint\",\"urlTemplate\":\"https:\/\/www.gunmeplug.com\/?s={search_term_string}\"},\"query-input\":{\"@type\":\"PropertyValueSpecification\",\"valueRequired\":true,\"valueName\":\"search_term_string\"}}],\"inLanguage\":\"it-IT\"}]}<\/script>\n<!-- \/ Yoast SEO plugin. -->","yoast_head_json":{"title":"Henry modello x 44 mag in vendita | Big Boy X Model | Henry Repeating Arms","description":"Henry model x 44 mag for sale, Henry Big Boy X Model .44 Mag Lever-Action Rifle, 17.4\u2033 Threaded Barrel, Black Synthetic Stock \u2013 Henry H012X","robots":{"index":"index","follow":"follow","max-snippet":"max-snippet:-1","max-image-preview":"max-image-preview:large","max-video-preview":"max-video-preview:-1"},"canonical":"https:\/\/www.gunmeplug.com\/it\/prodotto\/henry-big-boy-x-model-44-mag-44-special-lever-action-4rd-17-4-rifle-h012x\/","og_locale":"it_IT","og_type":"article","og_title":"Henry model x 44 mag for sale | Big Boy X Model | Henry Repeating Arms","og_description":"Henry model x 44 mag for sale, Henry Big Boy X Model .44 Mag Lever-Action Rifle, 17.4\u2033 Threaded Barrel, Black Synthetic Stock \u2013 Henry H012X","og_url":"https:\/\/www.gunmeplug.com\/it\/prodotto\/henry-big-boy-x-model-44-mag-44-special-lever-action-4rd-17-4-rifle-h012x\/","og_site_name":"Buy gun online USA","article_modified_time":"2025-06-08T03:02:25+00:00","og_image":[{"width":600,"height":600,"url":"https:\/\/www.gunmeplug.com\/wp-content\/uploads\/2021\/04\/henry-big-boy-x-model-44-mag-44-special-lever-action-4rd-17-4-rifle-h012x.jpg","type":"image\/jpeg"}],"twitter_card":"summary_large_image","twitter_misc":{"Tempo di lettura stimato":"2 minuti"},"schema":{"@context":"https:\/\/schema.org","@graph":[{"@type":"WebPage","@id":"https:\/\/www.gunmeplug.com\/hu\/termek\/henry-big-boy-x-model-44-mag-44-special-lever-action-4rd-17-4-rifle-h012x\/","url":"https:\/\/www.gunmeplug.com\/hu\/termek\/henry-big-boy-x-model-44-mag-44-special-lever-action-4rd-17-4-rifle-h012x\/","name":"Henry modello x 44 mag in vendita | Big Boy X Model | Henry Repeating Arms","isPartOf":{"@id":"https:\/\/www.gunmeplug.com\/#website"},"primaryImageOfPage":{"@id":"https:\/\/www.gunmeplug.com\/hu\/termek\/henry-big-boy-x-model-44-mag-44-special-lever-action-4rd-17-4-rifle-h012x\/#primaryimage"},"image":{"@id":"https:\/\/www.gunmeplug.com\/hu\/termek\/henry-big-boy-x-model-44-mag-44-special-lever-action-4rd-17-4-rifle-h012x\/#primaryimage"},"thumbnailUrl":"https:\/\/www.gunmeplug.com\/wp-content\/uploads\/2021\/04\/henry-big-boy-x-model-44-mag-44-special-lever-action-4rd-17-4-rifle-h012x.jpg","datePublished":"2021-04-08T06:30:30+00:00","dateModified":"2025-06-08T03:02:25+00:00","description":"Henry model x 44 mag for sale, Henry Big Boy X Model .44 Mag Lever-Action Rifle, 17.4\u2033 Threaded Barrel, Black Synthetic Stock \u2013 Henry H012X","breadcrumb":{"@id":"https:\/\/www.gunmeplug.com\/hu\/termek\/henry-big-boy-x-model-44-mag-44-special-lever-action-4rd-17-4-rifle-h012x\/#breadcrumb"},"inLanguage":"it-IT","potentialAction":[{"@type":"ReadAction","target":["https:\/\/www.gunmeplug.com\/hu\/termek\/henry-big-boy-x-model-44-mag-44-special-lever-action-4rd-17-4-rifle-h012x\/"]}]},{"@type":"ImageObject","inLanguage":"it-IT","@id":"https:\/\/www.gunmeplug.com\/hu\/termek\/henry-big-boy-x-model-44-mag-44-special-lever-action-4rd-17-4-rifle-h012x\/#primaryimage","url":"https:\/\/www.gunmeplug.com\/wp-content\/uploads\/2021\/04\/henry-big-boy-x-model-44-mag-44-special-lever-action-4rd-17-4-rifle-h012x.jpg","contentUrl":"https:\/\/www.gunmeplug.com\/wp-content\/uploads\/2021\/04\/henry-big-boy-x-model-44-mag-44-special-lever-action-4rd-17-4-rifle-h012x.jpg","width":600,"height":600,"caption":"Henry model x 44 mag for sale"},{"@type":"BreadcrumbList","@id":"https:\/\/www.gunmeplug.com\/hu\/termek\/henry-big-boy-x-model-44-mag-44-special-lever-action-4rd-17-4-rifle-h012x\/#breadcrumb","itemListElement":[{"@type":"ListItem","position":1,"name":"Home","item":"https:\/\/www.gunmeplug.com\/es\/"},{"@type":"ListItem","position":2,"name":"Shop","item":"https:\/\/www.gunmeplug.com\/es\/shop\/"},{"@type":"ListItem","position":3,"name":"Henry Big Boy X Model .44 Mag\/.44 Special Lever Action 7rd 17.4&#8243; Rifle H012X"}]},{"@type":"WebSite","@id":"https:\/\/www.gunmeplug.com\/#website","url":"https:\/\/www.gunmeplug.com\/","name":"Comprare pistola online USA","description":"Armi da fuoco in vendita online","potentialAction":[{"@type":"SearchAction","target":{"@type":"EntryPoint","urlTemplate":"https:\/\/www.gunmeplug.com\/?s={search_term_string}"},"query-input":{"@type":"PropertyValueSpecification","valueRequired":true,"valueName":"search_term_string"}}],"inLanguage":"it-IT"}]}},"_links":{"self":[{"href":"https:\/\/www.gunmeplug.com\/it\/wp-json\/wp\/v2\/product\/3152","targetHints":{"allow":["GET"]}}],"collection":[{"href":"https:\/\/www.gunmeplug.com\/it\/wp-json\/wp\/v2\/product"}],"about":[{"href":"https:\/\/www.gunmeplug.com\/it\/wp-json\/wp\/v2\/types\/product"}],"wp:featuredmedia":[{"embeddable":true,"href":"https:\/\/www.gunmeplug.com\/it\/wp-json\/wp\/v2\/media\/3154"}],"wp:attachment":[{"href":"https:\/\/www.gunmeplug.com\/it\/wp-json\/wp\/v2\/media?parent=3152"}],"wp:term":[{"taxonomy":"product_brand","embeddable":true,"href":"https:\/\/www.gunmeplug.com\/it\/wp-json\/wp\/v2\/product_brand?post=3152"},{"taxonomy":"product_cat","embeddable":true,"href":"https:\/\/www.gunmeplug.com\/it\/wp-json\/wp\/v2\/product_cat?post=3152"},{"taxonomy":"product_tag","embeddable":true,"href":"https:\/\/www.gunmeplug.com\/it\/wp-json\/wp\/v2\/product_tag?post=3152"}],"curies":[{"name":"wp","href":"https:\/\/api.w.org\/{rel}","templated":true}]}}