{"id":3092,"date":"2021-04-05T13:04:10","date_gmt":"2021-04-05T13:04:10","guid":{"rendered":"https:\/\/www.gunmeplug.com\/?page_id=3092"},"modified":"2021-04-05T13:17:12","modified_gmt":"2021-04-05T13:17:12","slug":"su-di-noi","status":"publish","type":"page","link":"https:\/\/www.gunmeplug.com\/it\/su-di-noi\/","title":{"rendered":"Chi siamo"},"content":{"rendered":"<div class=\"vc_row wpb_row vc_row-fluid\"><div class=\"wpb_column vc_column_container vc_col-sm-4\"><div class=\"vc_column-inner\"><div class=\"wpb_wrapper\"><div class=\"vc_icon_element vc_icon_element-outer vc_icon_element-align-center\"><div class=\"vc_icon_element-inner vc_icon_element-color-blue vc_icon_element-size-lg vc_icon_element-style- vc_icon_element-background-color-grey\" ><span class=\"vc_icon_element-icon fas fa-dolly\" ><\/span><\/div><\/div><h4 style=\"font-size: 20px;text-align: center\" class=\"vc_custom_heading\" >SPEDIZIONE SICURA<\/h4>\n\t<div class=\"wpb_text_column wpb_content_element\" >\n\t\t<div class=\"wpb_wrapper\">\n\t\t\t<p style=\"text-align: center;\">Proteggere la vostra privacy e sicurezza \u00e8 la nostra massima priorit\u00e0<\/p>\n\n\t\t<\/div>\n\t<\/div>\n<\/div><\/div><\/div><div class=\"wpb_column vc_column_container vc_col-sm-4\"><div class=\"vc_column-inner\"><div class=\"wpb_wrapper\"><div class=\"vc_icon_element vc_icon_element-outer vc_icon_element-align-center\"><div class=\"vc_icon_element-inner vc_icon_element-color-blue vc_icon_element-size-lg vc_icon_element-style- vc_icon_element-background-color-grey\" ><span class=\"vc_icon_element-icon fas fa-store-alt\" ><\/span><\/div><\/div><h4 style=\"font-size: 20px;text-align: center\" class=\"vc_custom_heading\" >ACQUISTA CON FIDUCIA<\/h4>\n\t<div class=\"wpb_text_column wpb_content_element\" >\n\t\t<div class=\"wpb_wrapper\">\n\t\t\t<p style=\"text-align: center;\">Accettazione di pagamenti tramite Google pay, apple pay, bitcoin ecc.<\/p>\n\n\t\t<\/div>\n\t<\/div>\n<\/div><\/div><\/div><div class=\"wpb_column vc_column_container vc_col-sm-4\"><div class=\"vc_column-inner\"><div class=\"wpb_wrapper\"><div class=\"vc_icon_element vc_icon_element-outer vc_icon_element-align-center\"><div class=\"vc_icon_element-inner vc_icon_element-color-blue vc_icon_element-size-lg vc_icon_element-style- vc_icon_element-background-color-grey\" ><span class=\"vc_icon_element-icon fas fa-hand-holding-usd\" ><\/span><\/div><\/div><h4 style=\"font-size: 20px;text-align: center\" class=\"vc_custom_heading\" >GARANZIA DI RIMBORSO<\/h4>\n\t<div class=\"wpb_text_column wpb_content_element\" >\n\t\t<div class=\"wpb_wrapper\">\n\t\t\t<p style=\"text-align: center;\">Dare 100% garanzia di rimborso per tutte le pistole<\/p>\n\n\t\t<\/div>\n\t<\/div>\n<\/div><\/div><\/div><\/div><div class=\"vc_row wpb_row vc_row-fluid\"><div class=\"wpb_column vc_column_container vc_col-sm-12\"><div class=\"vc_column-inner\"><div class=\"wpb_wrapper\">\n<div class=\"vc-zigzag-wrapper vc-zigzag-align-center\"><div class=\"vc-zigzag-inner\" style=\"width: 100%;min-height: 14px;background: 0 repeat-x url(&#039;data:image\/svg+xml;utf-8,%3C%3Fxml%20version%3D%221.0%22%20encoding%3D%22utf-8%22%3F%3E%3C%21DOCTYPE%20svg%20PUBLIC%20%22-%2F%2FW3C%2F%2FDTD%20SVG%201.1%2F%2FEN%22%20%22http%3A%2F%2Fwww.w3.org%2FGraphics%2FSVG%2F1.1%2FDTD%2Fsvg11.dtd%22%3E%3Csvg%20width%3D%2214px%22%20height%3D%2212px%22%20viewBox%3D%220%200%2018%2015%22%20version%3D%221.1%22%20xmlns%3D%22http%3A%2F%2Fwww.w3.org%2F2000%2Fsvg%22%20xmlns%3Axlink%3D%22http%3A%2F%2Fwww.w3.org%2F1999%2Fxlink%22%3E%3Cpolygon%20id%3D%22Combined-Shape%22%20fill%3D%22%23ebebeb%22%20points%3D%228.98762301%200%200%209.12771969%200%2014.519983%209%205.40479869%2018%2014.519983%2018%209.12771969%22%3E%3C%2Fpolygon%3E%3C%2Fsvg%3E&#039;);\"><\/div><\/div><div class=\"vc_empty_space\"   style=\"height: 32px\"><span class=\"vc_empty_space_inner\"><\/span><\/div><\/div><\/div><\/div><\/div><div class=\"vc_row wpb_row vc_row-fluid\"><div class=\"wpb_column vc_column_container vc_col-sm-12\"><div class=\"vc_column-inner\"><div class=\"wpb_wrapper\">\n\t<div class=\"wpb_text_column wpb_content_element\" >\n\t\t<div class=\"wpb_wrapper\">\n\t\t\t<p style=\"text-align: center;\">Uno dei primi venditori online di armi da fuoco e una delle principali forze del mercato, Gunmeplug \u00e8 stato fondato nel 1997 da 3 appassionati tiratori. Abbiamo visto (e vediamo ancora) la necessit\u00e0 di fornire l'accesso alle migliori e pi\u00f9 recenti attrezzature ai migliori prezzi a chiunque abbia accesso a un computer o a un telefono.<\/p>\n<p style=\"text-align: center;\">La nostra attenzione alle armi da fuoco e all'attrezzatura da tiro ci permette di acquistare in grandi quantit\u00e0 e di trasferire i risparmi a voi. Tutti coloro che lavorano a Impact, dai proprietari agli addetti alle spedizioni, sono prima di tutto tiratori. Amiamo assolutamente quello che facciamo!<\/p>\n<p style=\"text-align: center;\">Un team dedicato esamina e aggiunge nuovi articoli quando le prestazioni sono conformi a quanto pubblicizzato. Se il feedback indica che un prodotto non \u00e8 all'altezza delle aspettative, lo ritiriamo.<\/p>\n<p style=\"text-align: center;\">We pioneered the \u2018Lifetime Guarantee\u2019 for any new gun we sell, and continue to stand behind every firearm- providing an extra level of confidence, and another reason to consider purchasing with us.<\/p>\n<p style=\"text-align: center;\">Impact Guns also matches prices- if you find the item you want elsewhere at a lower price, just let us know, we\u2019ll try our best to \u2018meet it or beat it\u2019.<\/p>\n<p style=\"text-align: center;\">Gunmeplug Performance, LLC \u00e8 stata creata nel 1983 da Duvall Magill per facilitare la gestione di una rete internazionale di distribuzione al dettaglio e all'ingrosso multimarca con vendite a catalogo sia cartacee che online che coprono un ampio spettro di settori.<\/p>\n<p style=\"text-align: center;\">Acquistando su Gunmeplug.com potete aspettarvi il pi\u00f9 alto livello di qualit\u00e0 e servizio disponibile. Il nostro impegno per l'eccellenza si basa sui pi\u00f9 alti standard di servizio al cliente. Offriamo i migliori prodotti sul mercato, supportati dai professionisti pi\u00f9 competenti del settore. Siamo in costante crescita e siamo felici di avere la fiducia e la fedelt\u00e0 dei nostri clienti.<\/p>\n\n\t\t<\/div>\n\t<\/div>\n<\/div><\/div><\/div><\/div><div class=\"vc_row wpb_row vc_row-fluid\"><div class=\"wpb_column vc_column_container vc_col-sm-12\"><div class=\"vc_column-inner\"><div class=\"wpb_wrapper\">\n\t<div  class=\"wpb_single_image wpb_content_element vc_align_center\">\n\t\t\n\t\t<figure class=\"wpb_wrapper vc_figure\">\n\t\t\t<div class=\"vc_single_image-wrapper vc_box_rounded  vc_box_border_grey\"><img loading=\"lazy\" decoding=\"async\" width=\"1024\" height=\"683\" src=\"https:\/\/www.gunmeplug.com\/wp-content\/uploads\/2021\/04\/about-us.jpg\" class=\"vc_single_image-img attachment-full\" alt=\"Pistole in vendita USA\" srcset=\"https:\/\/www.gunmeplug.com\/wp-content\/uploads\/2021\/04\/about-us.jpg 1024w, https:\/\/www.gunmeplug.com\/wp-content\/uploads\/2021\/04\/about-us-600x400.jpg 600w, https:\/\/www.gunmeplug.com\/wp-content\/uploads\/2021\/04\/about-us-300x200.jpg 300w, https:\/\/www.gunmeplug.com\/wp-content\/uploads\/2021\/04\/about-us-768x512.jpg 768w, https:\/\/www.gunmeplug.com\/wp-content\/uploads\/2021\/04\/about-us-1000x667.jpg 1000w\" sizes=\"auto, (max-width: 1024px) 100vw, 1024px\" \/><\/div>\n\t\t<\/figure>\n\t<\/div>\n<\/div><\/div><\/div><\/div>","protected":false},"excerpt":{"rendered":"SECURE SHIPPING Protecting Your Privacy and Security Is Our Top Priority SHOP WITH CONFIDENCE Accepting Payment By Google pay, apple pay, bitcoin etc. MONEY BACK GUARANTEE Giving 100% money-back guarantee for all the guns One of the first online firearms sellers and a major force in the market, Gunmeplug was founded in 1997 by 3 [...]","protected":false},"author":1,"featured_media":0,"parent":0,"menu_order":0,"comment_status":"closed","ping_status":"closed","template":"","meta":{"_acf_changed":false,"_joinchat":[],"footnotes":""},"class_list":["post-3092","page","type-page","status-publish","hentry"],"acf":[],"yoast_head":"<!-- This site is optimized with the Yoast SEO plugin v26.3 - https:\/\/yoast.com\/wordpress\/plugins\/seo\/ -->\n<title>About Us - Buy gun online USA<\/title>\n<meta name=\"robots\" content=\"index, follow, max-snippet:-1, max-image-preview:large, max-video-preview:-1\" \/>\n<link rel=\"canonical\" href=\"https:\/\/www.gunmeplug.com\/it\/su-di-noi\/\" \/>\n<meta property=\"og:locale\" content=\"it_IT\" \/>\n<meta property=\"og:type\" content=\"article\" \/>\n<meta property=\"og:title\" content=\"About Us - Buy gun online USA\" \/>\n<meta property=\"og:url\" content=\"https:\/\/www.gunmeplug.com\/it\/su-di-noi\/\" \/>\n<meta property=\"og:site_name\" content=\"Buy gun online USA\" \/>\n<meta property=\"article:modified_time\" content=\"2021-04-05T13:17:12+00:00\" \/>\n<meta name=\"twitter:card\" content=\"summary_large_image\" \/>\n<meta name=\"twitter:label1\" content=\"Tempo di lettura stimato\" \/>\n\t<meta name=\"twitter:data1\" content=\"2 minuti\" \/>\n<script type=\"application\/ld+json\" class=\"yoast-schema-graph\">{\"@context\":\"https:\/\/schema.org\",\"@graph\":[{\"@type\":\"WebPage\",\"@id\":\"https:\/\/www.gunmeplug.com\/about-us\/\",\"url\":\"https:\/\/www.gunmeplug.com\/about-us\/\",\"name\":\"About Us - Buy gun online USA\",\"isPartOf\":{\"@id\":\"https:\/\/www.gunmeplug.com\/#website\"},\"datePublished\":\"2021-04-05T13:04:10+00:00\",\"dateModified\":\"2021-04-05T13:17:12+00:00\",\"breadcrumb\":{\"@id\":\"https:\/\/www.gunmeplug.com\/about-us\/#breadcrumb\"},\"inLanguage\":\"it-IT\",\"potentialAction\":[{\"@type\":\"ReadAction\",\"target\":[\"https:\/\/www.gunmeplug.com\/about-us\/\"]}]},{\"@type\":\"BreadcrumbList\",\"@id\":\"https:\/\/www.gunmeplug.com\/about-us\/#breadcrumb\",\"itemListElement\":[{\"@type\":\"ListItem\",\"position\":1,\"name\":\"Home\",\"item\":\"https:\/\/www.gunmeplug.com\/es\/\"},{\"@type\":\"ListItem\",\"position\":2,\"name\":\"About Us\"}]},{\"@type\":\"WebSite\",\"@id\":\"https:\/\/www.gunmeplug.com\/#website\",\"url\":\"https:\/\/www.gunmeplug.com\/\",\"name\":\"Buy gun online USA\",\"description\":\"FireArms for sale online \",\"potentialAction\":[{\"@type\":\"SearchAction\",\"target\":{\"@type\":\"EntryPoint\",\"urlTemplate\":\"https:\/\/www.gunmeplug.com\/?s={search_term_string}\"},\"query-input\":{\"@type\":\"PropertyValueSpecification\",\"valueRequired\":true,\"valueName\":\"search_term_string\"}}],\"inLanguage\":\"it-IT\"}]}<\/script>\n<!-- \/ Yoast SEO plugin. -->","yoast_head_json":{"title":"Chi siamo - Comprare armi online USA","robots":{"index":"index","follow":"follow","max-snippet":"max-snippet:-1","max-image-preview":"max-image-preview:large","max-video-preview":"max-video-preview:-1"},"canonical":"https:\/\/www.gunmeplug.com\/it\/su-di-noi\/","og_locale":"it_IT","og_type":"article","og_title":"About Us - Buy gun online USA","og_url":"https:\/\/www.gunmeplug.com\/it\/su-di-noi\/","og_site_name":"Buy gun online USA","article_modified_time":"2021-04-05T13:17:12+00:00","twitter_card":"summary_large_image","twitter_misc":{"Tempo di lettura stimato":"2 minuti"},"schema":{"@context":"https:\/\/schema.org","@graph":[{"@type":"WebPage","@id":"https:\/\/www.gunmeplug.com\/about-us\/","url":"https:\/\/www.gunmeplug.com\/about-us\/","name":"Chi siamo - Comprare armi online USA","isPartOf":{"@id":"https:\/\/www.gunmeplug.com\/#website"},"datePublished":"2021-04-05T13:04:10+00:00","dateModified":"2021-04-05T13:17:12+00:00","breadcrumb":{"@id":"https:\/\/www.gunmeplug.com\/about-us\/#breadcrumb"},"inLanguage":"it-IT","potentialAction":[{"@type":"ReadAction","target":["https:\/\/www.gunmeplug.com\/about-us\/"]}]},{"@type":"BreadcrumbList","@id":"https:\/\/www.gunmeplug.com\/about-us\/#breadcrumb","itemListElement":[{"@type":"ListItem","position":1,"name":"Home","item":"https:\/\/www.gunmeplug.com\/es\/"},{"@type":"ListItem","position":2,"name":"About Us"}]},{"@type":"WebSite","@id":"https:\/\/www.gunmeplug.com\/#website","url":"https:\/\/www.gunmeplug.com\/","name":"Comprare pistola online USA","description":"Armi da fuoco in vendita online","potentialAction":[{"@type":"SearchAction","target":{"@type":"EntryPoint","urlTemplate":"https:\/\/www.gunmeplug.com\/?s={search_term_string}"},"query-input":{"@type":"PropertyValueSpecification","valueRequired":true,"valueName":"search_term_string"}}],"inLanguage":"it-IT"}]}},"_links":{"self":[{"href":"https:\/\/www.gunmeplug.com\/it\/wp-json\/wp\/v2\/pages\/3092","targetHints":{"allow":["GET"]}}],"collection":[{"href":"https:\/\/www.gunmeplug.com\/it\/wp-json\/wp\/v2\/pages"}],"about":[{"href":"https:\/\/www.gunmeplug.com\/it\/wp-json\/wp\/v2\/types\/page"}],"author":[{"embeddable":true,"href":"https:\/\/www.gunmeplug.com\/it\/wp-json\/wp\/v2\/users\/1"}],"replies":[{"embeddable":true,"href":"https:\/\/www.gunmeplug.com\/it\/wp-json\/wp\/v2\/comments?post=3092"}],"version-history":[{"count":5,"href":"https:\/\/www.gunmeplug.com\/it\/wp-json\/wp\/v2\/pages\/3092\/revisions"}],"predecessor-version":[{"id":3099,"href":"https:\/\/www.gunmeplug.com\/it\/wp-json\/wp\/v2\/pages\/3092\/revisions\/3099"}],"wp:attachment":[{"href":"https:\/\/www.gunmeplug.com\/it\/wp-json\/wp\/v2\/media?parent=3092"}],"curies":[{"name":"wp","href":"https:\/\/api.w.org\/{rel}","templated":true}]}}