{"id":3924,"date":"2024-11-23T13:52:21","date_gmt":"2024-11-23T13:52:21","guid":{"rendered":"https:\/\/www.gunmeplug.com\/?post_type=product&#038;p=3924"},"modified":"2024-11-23T15:21:47","modified_gmt":"2024-11-23T15:21:47","slug":"rejtett-hordozasi-engedely-ccw","status":"publish","type":"product","link":"https:\/\/www.gunmeplug.com\/hu\/termek\/rejtett-hordozasi-engedely-ccw\/","title":{"rendered":"Rejtett fegyvervisel\u00e9si enged\u00e9ly (CCW)"},"content":{"rendered":"<h2><strong>Jelentkezzen vagy v\u00e1s\u00e1roljon online Concealed Carry enged\u00e9lyt (CCW) az Egyes\u00fclt \u00c1llamokban<\/strong><\/h2>\n<p>Szeretn\u00e9, hogy <strong>Online Concealed Carry enged\u00e9lyt v\u00e1s\u00e1rolhatsz<\/strong> vagy azon t\u0171n\u0151dve <strong>hogyan szerezhetek Concealed Carry enged\u00e9lyt<\/strong>? A  c\u00edmen. <strong>GunMePlug<\/strong>, arra szakosodtunk, hogy seg\u00edts\u00fcnk az USA lakosainak eligazodni a <strong>CCW enged\u00e9lyk\u00e9relmi elj\u00e1r\u00e1s<\/strong> with ease. Whether you\u2019re applying for the first time, need a <strong>CCW enged\u00e9ly meg\u00faj\u00edt\u00e1sa<\/strong>, vagy keresnek <strong>Concealed Carry Tanfolyamok az \u00d6n k\u00f6zel\u00e9ben<\/strong>, we\u2019re here to make the process fast and hassle-free<a href=\"https:\/\/www.gunmeplug.com\/hu\/termekkategoria\/kezifegyverek\/\">.<\/a><\/p>\n<p>Platformunk hozz\u00e1f\u00e9r\u00e9st biztos\u00edt a k\u00f6vetkez\u0151kh\u00f6z <strong>megb\u00edzhat\u00f3 CCW enged\u00e9ly szolg\u00e1ltat\u00f3k<\/strong>, az \u00e1llam-specifikus szab\u00e1lyoz\u00e1soknak val\u00f3 megfelel\u00e9s biztos\u00edt\u00e1sa az olyan nagy kereslet\u0171 \u00e1llamokban, mint a <strong>Texas<\/strong>, <strong>Florida<\/strong>, <strong>Utah<\/strong>, <strong>Arizona<\/strong>, \u00e9s <strong>Virginia<\/strong>. L\u00e9p\u00e9sr\u0151l-l\u00e9p\u00e9sre \u00fatmutat\u00e1ssal \u00e9s <strong>gyors Concealed Carry enged\u00e9lyek j\u00f3v\u00e1hagy\u00e1sa<\/strong>, mi vagyunk a legjobb v\u00e1laszt\u00e1s minden CCW ig\u00e9nyeinek kiel\u00e9g\u00edt\u00e9s\u00e9re.<a href=\"https:\/\/factoryson.com\/product\/20l-caluanie-muelear-oxidize\/\">.<\/a><\/p>\n<h3><strong>Hogyan szerezzen egy Concealed Carry enged\u00e9lyt?<\/strong><\/h3>\n<p>A <strong>Concealed Carry enged\u00e9ly<\/strong> a megfelel\u0151 er\u0151forr\u00e1sokkal egyszer\u0171 lehet. Ak\u00e1r seg\u00edts\u00e9gre van sz\u00fcks\u00e9ge egy <strong>CCW h\u00e1tt\u00e9rellen\u0151rz\u00e9si folyamat<\/strong>, meg\u00e1llap\u00edtva <strong>online CCW tanfolyamok<\/strong>, vagy a <strong>Concealed Carry t\u00f6rv\u00e9nyek \u00e1llamonk\u00e9nt<\/strong>, <strong>GunMePlug<\/strong> biztos\u00edtja, hogy minden k\u00f6vetelm\u00e9nynek megfeleljen.<\/p>\n<ul>\n<li><strong>CCW enged\u00e9ly k\u00f6vetelm\u00e9nyek<\/strong>: Minden \u00e1llamban egyedi szab\u00e1lyok vonatkoznak a rejtett l\u0151fegyverek visel\u00e9s\u00e9re. R\u00e9szletes, az \u00d6n \u00e1llam\u00e1ra szabott utas\u00edt\u00e1sokat adunk.<\/li>\n<li><strong>Reciprocity t\u00e9rk\u00e9p a rejtett hordoz\u00e1sr\u00f3l<\/strong>: Tudja meg, mely \u00e1llamok ismerik el az enged\u00e9ly\u00e9t, \u00e9s biztos\u00edtsa a megfelel\u0151s\u00e9get utaz\u00e1s k\u00f6zben.<\/li>\n<li><strong>Concealed Carry enged\u00e9ly k\u00f6lts\u00e9ge<\/strong>: Megfizethet\u0151 lehet\u0151s\u00e9gek \u00e9s \u00e1tl\u00e1that\u00f3 \u00e1rk\u00e9pz\u00e9s az \u00d6n <strong>CCW enged\u00e9ly ir\u00e1nti k\u00e9relem<\/strong>.<\/li>\n<\/ul>\n<h3><strong>V\u00e1s\u00e1roljon online egy rejtett hordoz\u00e1si enged\u00e9lyt<\/strong><\/h3>\n<p>A GunMePlugn\u00e1l <strong>a rejtett visel\u00e9si enged\u00e9ly megv\u00e1s\u00e1rl\u00e1sa<\/strong> gyorsan \u00e9s biztons\u00e1gosan. Szolg\u00e1ltat\u00e1saink k\u00f6z\u00e9 tartozik:<\/p>\n<ul>\n<li><strong>Concealed Carry enged\u00e9ly elad\u00f3<\/strong>: Hozz\u00e1f\u00e9r\u00e9s megfizethet\u0151 CCW lehet\u0151s\u00e9gekhez.<\/li>\n<li><strong>Online CCW k\u00e9pz\u00e9s v\u00e1s\u00e1rl\u00e1sa<\/strong>: El\u00e9g\u00edtse ki a k\u00e9pz\u00e9si k\u00f6vetelm\u00e9nyeket hiteles\u00edtett online tanfolyamokkal.<\/li>\n<li><strong>Fast-Track Concealed Carry Permit (Gyors\u00edtott elj\u00e1r\u00e1s)<\/strong>: Gyors\u00edtsa fel a jelentkez\u00e9si folyamatot professzion\u00e1lis seg\u00edts\u00e9ggel.<\/li>\n<\/ul>\n<h3><strong>A CCW-enged\u00e9lyek ir\u00e1nt nagy keresletet mutat\u00f3 \u00e1llamok<\/strong><\/h3>\n<ul>\n<li><strong>Texas<\/strong>: Az er\u0151s fegyvertart\u00e1si kult\u00far\u00e1j\u00e1r\u00f3l ismert Texasban nagy a kereslet a fegyverek ir\u00e1nt. <strong>CCW enged\u00e9lyek<\/strong>.<\/li>\n<li><strong>Florida<\/strong>: A sz\u00e1mos \u00e1llamban megk\u00f6t\u00f6tt viszonoss\u00e1gi meg\u00e1llapod\u00e1soknak k\u00f6sz\u00f6nhet\u0151en Florida az egyik legjobb v\u00e1laszt\u00e1s a jogos\u00edtv\u00e1ny megszerz\u00e9s\u00e9hez. <strong>Fegyveres visel\u00e9si enged\u00e9ly<\/strong>.<\/li>\n<li><strong>Utah<\/strong>: The Utah <strong>Fegyveres visel\u00e9si enged\u00e9ly<\/strong> m\u00e1s \u00e1llamokban val\u00f3 sz\u00e9les k\u00f6r\u0171 elfogadotts\u00e1ga miatt n\u00e9pszer\u0171.<\/li>\n<li><strong>Arizona<\/strong>: Egyszer\u0171 k\u00f6vetelm\u00e9nyeket \u00e9s az enged\u00e9lyek sz\u00e9les k\u00f6r\u0171 elismer\u00e9s\u00e9t k\u00edn\u00e1lja.<\/li>\n<li><strong>Virginia<\/strong>: Ismert a <strong>gyors Concealed Carry enged\u00e9lyek j\u00f3v\u00e1hagy\u00e1sa<\/strong> \u00e9s a m\u00e1s \u00e1llamokkal val\u00f3 viszonoss\u00e1g.<\/li>\n<\/ul>\n<h3><strong>Mi\u00e9rt v\u00e1lassza a GunMePlugot?<\/strong><\/h3>\n<p>A GunMePlug \u00f6sszekapcsolja \u00d6nt <strong>megb\u00edzhat\u00f3 szolg\u00e1ltat\u00f3k CCW enged\u00e9lyek\u00e9rt<\/strong>, felaj\u00e1nlva:<\/p>\n<ul>\n<li><strong>Online CCW tanfolyamok<\/strong>: Satisfy your state\u2019s training requirements from the comfort of your home.<\/li>\n<li><strong>Biztons\u00e1gos rejtett hordoz\u00e1si enged\u00e9lyez\u00e9si folyamat<\/strong>: Minden p\u00e1ly\u00e1z\u00f3 sz\u00e1m\u00e1ra a biztons\u00e1got \u00e9s a megfelel\u0151s\u00e9get helyezz\u00fck el\u0151t\u00e9rbe.<\/li>\n<li><strong>CCW viszonoss\u00e1g \u00e9s ir\u00e1nymutat\u00e1s<\/strong>: Tudja meg, hol \u00e9rv\u00e9nyes az enged\u00e9lye, \u00e9s hogyan teljes\u00edtheti a meg\u00faj\u00edt\u00e1si k\u00f6vetelm\u00e9nyeket.<\/li>\n<\/ul>\n<h3><strong>Kezdje el a CCW alkalmaz\u00e1st ma<\/strong><\/h3>\n<p>Don\u2019t wait to secure your <strong>Fegyveres visel\u00e9si enged\u00e9ly<\/strong>. Whether you\u2019re applying for the first time, renewing your license, or looking for <strong>Concealed Carry Tanfolyamok az \u00d6n k\u00f6zel\u00e9ben<\/strong>, <strong>GunMePlug<\/strong> itt van, hogy seg\u00edtsen. Jelentkezzen most \u00e9s \u00e9lvezze <strong>gyors j\u00f3v\u00e1hagy\u00e1sok<\/strong>, biztons\u00e1gos feldolgoz\u00e1s \u00e9s nyugalom. B\u00edzzon a <strong>GunMePlug<\/strong> minden <strong>CCW enged\u00e9ly<\/strong> az USA-szerte.<\/p>","protected":false},"excerpt":{"rendered":"<p>Apply or Buy a Concealed Carry Permit (CCW) Online in the USA Are you looking to buy a Concealed Carry Permit online or wondering how to get a Concealed Carry Permit? At GunMePlug, we specialize in helping residents across the USA navigate the CCW permit application process with ease. Whether you\u2019re applying for the first [&hellip;]<\/p>","protected":false},"featured_media":3926,"template":"","meta":{"_acf_changed":false,"_joinchat":[]},"product_brand":[],"product_cat":[136,333],"product_tag":[349,346,353,334,352,343,350,338,341,337,348,342,345,335,339,347,340,336,351,344],"class_list":{"0":"post-3924","1":"product","2":"type-product","3":"status-publish","4":"has-post-thumbnail","6":"product_cat-glocks-for-sale","7":"product_cat-gun-license-certifficate","8":"product_tag-affordable-concealed-carry-permit","9":"product_tag-apply-for-concealed-carry-permit","10":"product_tag-buy-concealed-carry-license-in-usa","11":"product_tag-buy-concealed-carry-permit","12":"product_tag-ccw-application-assistance","13":"product_tag-ccw-background-check-process","14":"product_tag-ccw-license-requirements","15":"product_tag-ccw-permit-renewal","16":"product_tag-ccw-reciprocity-map","17":"product_tag-concealed-carry-classes-near-me","18":"product_tag-concealed-carry-laws-by-state","19":"product_tag-concealed-carry-license-process","20":"product_tag-concealed-carry-permit-cost","21":"product_tag-concealed-carry-permit-for-sale","22":"product_tag-fast-concealed-carry-permit-approvals","23":"product_tag-how-to-get-a-concealed-carry-permit","24":"product_tag-online-ccw-training-courses","25":"product_tag-purchase-ccw-license-online","26":"product_tag-secure-concealed-carry-permit-processing","27":"product_tag-trusted-ccw-permit-providers","29":"first","30":"instock","31":"shipping-taxable","32":"product-type-simple"},"acf":[],"yoast_head":"<!-- This site is optimized with the Yoast SEO plugin v26.3 - https:\/\/yoast.com\/wordpress\/plugins\/seo\/ -->\n<title>Buy a Concealed Carry Permit Online | Fast CCW Approvals<\/title>\n<meta name=\"description\" content=\"Buy a Concealed Carry Permit online with GunMePlug. Fast CCW approvals, trusted providers, and affordable concealed carry licenses for all USA states. Apply now!\" \/>\n<meta name=\"robots\" content=\"index, follow, max-snippet:-1, max-image-preview:large, max-video-preview:-1\" \/>\n<link rel=\"canonical\" href=\"https:\/\/www.gunmeplug.com\/hu\/termek\/rejtett-hordozasi-engedely-ccw\/\" \/>\n<meta property=\"og:locale\" content=\"hu_HU\" \/>\n<meta property=\"og:type\" content=\"article\" \/>\n<meta property=\"og:title\" content=\"Buy a Concealed Carry Permit Online | Fast CCW Approvals\" \/>\n<meta property=\"og:description\" content=\"Buy a Concealed Carry Permit online with GunMePlug. Fast CCW approvals, trusted providers, and affordable concealed carry licenses for all USA states. Apply now!\" \/>\n<meta property=\"og:url\" content=\"https:\/\/www.gunmeplug.com\/hu\/termek\/rejtett-hordozasi-engedely-ccw\/\" \/>\n<meta property=\"og:site_name\" content=\"Buy gun online USA\" \/>\n<meta property=\"article:modified_time\" content=\"2024-11-23T15:21:47+00:00\" \/>\n<meta property=\"og:image\" content=\"https:\/\/www.gunmeplug.com\/wp-content\/uploads\/2024\/11\/north-carolina-county-ccw-card-paper-300x158-1.webp\" \/>\n\t<meta property=\"og:image:width\" content=\"300\" \/>\n\t<meta property=\"og:image:height\" content=\"158\" \/>\n\t<meta property=\"og:image:type\" content=\"image\/webp\" \/>\n<meta name=\"twitter:card\" content=\"summary_large_image\" \/>\n<meta name=\"twitter:label1\" content=\"Becs\u00fclt olvas\u00e1si id\u0151\" \/>\n\t<meta name=\"twitter:data1\" content=\"3 perc\" \/>\n<script type=\"application\/ld+json\" class=\"yoast-schema-graph\">{\"@context\":\"https:\/\/schema.org\",\"@graph\":[{\"@type\":\"WebPage\",\"@id\":\"https:\/\/www.gunmeplug.com\/es\/producto\/permiso-de-tenencia-oculta-ccw\/\",\"url\":\"https:\/\/www.gunmeplug.com\/es\/producto\/permiso-de-tenencia-oculta-ccw\/\",\"name\":\"Buy a Concealed Carry Permit Online | Fast CCW Approvals\",\"isPartOf\":{\"@id\":\"https:\/\/www.gunmeplug.com\/#website\"},\"primaryImageOfPage\":{\"@id\":\"https:\/\/www.gunmeplug.com\/es\/producto\/permiso-de-tenencia-oculta-ccw\/#primaryimage\"},\"image\":{\"@id\":\"https:\/\/www.gunmeplug.com\/es\/producto\/permiso-de-tenencia-oculta-ccw\/#primaryimage\"},\"thumbnailUrl\":\"https:\/\/www.gunmeplug.com\/wp-content\/uploads\/2024\/11\/north-carolina-county-ccw-card-paper-300x158-1.webp\",\"datePublished\":\"2024-11-23T13:52:21+00:00\",\"dateModified\":\"2024-11-23T15:21:47+00:00\",\"description\":\"Buy a Concealed Carry Permit online with GunMePlug. Fast CCW approvals, trusted providers, and affordable concealed carry licenses for all USA states. Apply now!\",\"breadcrumb\":{\"@id\":\"https:\/\/www.gunmeplug.com\/es\/producto\/permiso-de-tenencia-oculta-ccw\/#breadcrumb\"},\"inLanguage\":\"hu\",\"potentialAction\":[{\"@type\":\"ReadAction\",\"target\":[\"https:\/\/www.gunmeplug.com\/es\/producto\/permiso-de-tenencia-oculta-ccw\/\"]}]},{\"@type\":\"ImageObject\",\"inLanguage\":\"hu\",\"@id\":\"https:\/\/www.gunmeplug.com\/es\/producto\/permiso-de-tenencia-oculta-ccw\/#primaryimage\",\"url\":\"https:\/\/www.gunmeplug.com\/wp-content\/uploads\/2024\/11\/north-carolina-county-ccw-card-paper-300x158-1.webp\",\"contentUrl\":\"https:\/\/www.gunmeplug.com\/wp-content\/uploads\/2024\/11\/north-carolina-county-ccw-card-paper-300x158-1.webp\",\"width\":300,\"height\":158,\"caption\":\"Buy Concealed Carry Permit\"},{\"@type\":\"BreadcrumbList\",\"@id\":\"https:\/\/www.gunmeplug.com\/es\/producto\/permiso-de-tenencia-oculta-ccw\/#breadcrumb\",\"itemListElement\":[{\"@type\":\"ListItem\",\"position\":1,\"name\":\"Home\",\"item\":\"https:\/\/www.gunmeplug.com\/es\/\"},{\"@type\":\"ListItem\",\"position\":2,\"name\":\"Shop\",\"item\":\"https:\/\/www.gunmeplug.com\/es\/shop\/\"},{\"@type\":\"ListItem\",\"position\":3,\"name\":\"Concealed Carry Permit (CCW)\"}]},{\"@type\":\"WebSite\",\"@id\":\"https:\/\/www.gunmeplug.com\/#website\",\"url\":\"https:\/\/www.gunmeplug.com\/\",\"name\":\"Buy gun online USA\",\"description\":\"FireArms for sale online \",\"potentialAction\":[{\"@type\":\"SearchAction\",\"target\":{\"@type\":\"EntryPoint\",\"urlTemplate\":\"https:\/\/www.gunmeplug.com\/?s={search_term_string}\"},\"query-input\":{\"@type\":\"PropertyValueSpecification\",\"valueRequired\":true,\"valueName\":\"search_term_string\"}}],\"inLanguage\":\"hu\"}]}<\/script>\n<!-- \/ Yoast SEO plugin. -->","yoast_head_json":{"title":"V\u00e1s\u00e1roljon egy rejtett hordoz\u00e1si enged\u00e9lyt online | Gyors CCW j\u00f3v\u00e1hagy\u00e1sok","description":"V\u00e1s\u00e1roljon online Concealed Carry enged\u00e9lyt a GunMePlug seg\u00edts\u00e9g\u00e9vel. Gyors CCW j\u00f3v\u00e1hagy\u00e1sok, megb\u00edzhat\u00f3 szolg\u00e1ltat\u00f3k \u00e9s megfizethet\u0151 rejtett hordoz\u00e1si enged\u00e9lyek az USA \u00f6sszes \u00e1llam\u00e1ban. Jelentkezzen most!","robots":{"index":"index","follow":"follow","max-snippet":"max-snippet:-1","max-image-preview":"max-image-preview:large","max-video-preview":"max-video-preview:-1"},"canonical":"https:\/\/www.gunmeplug.com\/hu\/termek\/rejtett-hordozasi-engedely-ccw\/","og_locale":"hu_HU","og_type":"article","og_title":"Buy a Concealed Carry Permit Online | Fast CCW Approvals","og_description":"Buy a Concealed Carry Permit online with GunMePlug. Fast CCW approvals, trusted providers, and affordable concealed carry licenses for all USA states. Apply now!","og_url":"https:\/\/www.gunmeplug.com\/hu\/termek\/rejtett-hordozasi-engedely-ccw\/","og_site_name":"Buy gun online USA","article_modified_time":"2024-11-23T15:21:47+00:00","og_image":[{"width":300,"height":158,"url":"https:\/\/www.gunmeplug.com\/wp-content\/uploads\/2024\/11\/north-carolina-county-ccw-card-paper-300x158-1.webp","type":"image\/webp"}],"twitter_card":"summary_large_image","twitter_misc":{"Becs\u00fclt olvas\u00e1si id\u0151":"3 perc"},"schema":{"@context":"https:\/\/schema.org","@graph":[{"@type":"WebPage","@id":"https:\/\/www.gunmeplug.com\/es\/producto\/permiso-de-tenencia-oculta-ccw\/","url":"https:\/\/www.gunmeplug.com\/es\/producto\/permiso-de-tenencia-oculta-ccw\/","name":"V\u00e1s\u00e1roljon egy rejtett hordoz\u00e1si enged\u00e9lyt online | Gyors CCW j\u00f3v\u00e1hagy\u00e1sok","isPartOf":{"@id":"https:\/\/www.gunmeplug.com\/#website"},"primaryImageOfPage":{"@id":"https:\/\/www.gunmeplug.com\/es\/producto\/permiso-de-tenencia-oculta-ccw\/#primaryimage"},"image":{"@id":"https:\/\/www.gunmeplug.com\/es\/producto\/permiso-de-tenencia-oculta-ccw\/#primaryimage"},"thumbnailUrl":"https:\/\/www.gunmeplug.com\/wp-content\/uploads\/2024\/11\/north-carolina-county-ccw-card-paper-300x158-1.webp","datePublished":"2024-11-23T13:52:21+00:00","dateModified":"2024-11-23T15:21:47+00:00","description":"V\u00e1s\u00e1roljon online Concealed Carry enged\u00e9lyt a GunMePlug seg\u00edts\u00e9g\u00e9vel. Gyors CCW j\u00f3v\u00e1hagy\u00e1sok, megb\u00edzhat\u00f3 szolg\u00e1ltat\u00f3k \u00e9s megfizethet\u0151 rejtett hordoz\u00e1si enged\u00e9lyek az USA \u00f6sszes \u00e1llam\u00e1ban. Jelentkezzen most!","breadcrumb":{"@id":"https:\/\/www.gunmeplug.com\/es\/producto\/permiso-de-tenencia-oculta-ccw\/#breadcrumb"},"inLanguage":"hu","potentialAction":[{"@type":"ReadAction","target":["https:\/\/www.gunmeplug.com\/es\/producto\/permiso-de-tenencia-oculta-ccw\/"]}]},{"@type":"ImageObject","inLanguage":"hu","@id":"https:\/\/www.gunmeplug.com\/es\/producto\/permiso-de-tenencia-oculta-ccw\/#primaryimage","url":"https:\/\/www.gunmeplug.com\/wp-content\/uploads\/2024\/11\/north-carolina-county-ccw-card-paper-300x158-1.webp","contentUrl":"https:\/\/www.gunmeplug.com\/wp-content\/uploads\/2024\/11\/north-carolina-county-ccw-card-paper-300x158-1.webp","width":300,"height":158,"caption":"Buy Concealed Carry Permit"},{"@type":"BreadcrumbList","@id":"https:\/\/www.gunmeplug.com\/es\/producto\/permiso-de-tenencia-oculta-ccw\/#breadcrumb","itemListElement":[{"@type":"ListItem","position":1,"name":"Home","item":"https:\/\/www.gunmeplug.com\/es\/"},{"@type":"ListItem","position":2,"name":"Shop","item":"https:\/\/www.gunmeplug.com\/es\/shop\/"},{"@type":"ListItem","position":3,"name":"Concealed Carry Permit (CCW)"}]},{"@type":"WebSite","@id":"https:\/\/www.gunmeplug.com\/#website","url":"https:\/\/www.gunmeplug.com\/","name":"Fegyverv\u00e1s\u00e1rl\u00e1s online USA","description":"Online elad\u00f3 t\u0171zfegyverek","potentialAction":[{"@type":"SearchAction","target":{"@type":"EntryPoint","urlTemplate":"https:\/\/www.gunmeplug.com\/?s={search_term_string}"},"query-input":{"@type":"PropertyValueSpecification","valueRequired":true,"valueName":"search_term_string"}}],"inLanguage":"hu"}]}},"_links":{"self":[{"href":"https:\/\/www.gunmeplug.com\/hu\/wp-json\/wp\/v2\/product\/3924","targetHints":{"allow":["GET"]}}],"collection":[{"href":"https:\/\/www.gunmeplug.com\/hu\/wp-json\/wp\/v2\/product"}],"about":[{"href":"https:\/\/www.gunmeplug.com\/hu\/wp-json\/wp\/v2\/types\/product"}],"wp:featuredmedia":[{"embeddable":true,"href":"https:\/\/www.gunmeplug.com\/hu\/wp-json\/wp\/v2\/media\/3926"}],"wp:attachment":[{"href":"https:\/\/www.gunmeplug.com\/hu\/wp-json\/wp\/v2\/media?parent=3924"}],"wp:term":[{"taxonomy":"product_brand","embeddable":true,"href":"https:\/\/www.gunmeplug.com\/hu\/wp-json\/wp\/v2\/product_brand?post=3924"},{"taxonomy":"product_cat","embeddable":true,"href":"https:\/\/www.gunmeplug.com\/hu\/wp-json\/wp\/v2\/product_cat?post=3924"},{"taxonomy":"product_tag","embeddable":true,"href":"https:\/\/www.gunmeplug.com\/hu\/wp-json\/wp\/v2\/product_tag?post=3924"}],"curies":[{"name":"wp","href":"https:\/\/api.w.org\/{rel}","templated":true}]}}