{"id":3441,"date":"2023-05-04T08:31:48","date_gmt":"2023-05-04T08:31:48","guid":{"rendered":"https:\/\/www.gunmeplug.com\/?post_type=product&#038;p=3441"},"modified":"2023-05-04T09:40:57","modified_gmt":"2023-05-04T09:40:57","slug":"magpul-pmag-m2-moe-223-5-56-30-round-magazine-mag571-blk","status":"publish","type":"product","link":"https:\/\/www.gunmeplug.com\/hu\/termek\/magpul-pmag-m2-moe-223-5-56-30-round-magazine-mag571-blk\/","title":{"rendered":"Magpul PMAG M2 MOE .223\/5.56 30 t\u00e1r MAG571-BLK"},"content":{"rendered":"<h3 class=\"tab_content_head\">R\u00c9SZLETEK<\/h3>\n<div class=\"product attribute description\">\n<div class=\"value\">\n<p>The PMAG 30 AR\/M4 GEN M2 MOE is a 30-round 5.56&#215;45 NATO (.223 Remington) AR15\/M4 compatible magazine that offers a cost competitive upgrade from the aluminum USGI.<\/p>\n<p>\u00dct\u00e9s\u00e1ll\u00f3 polimer konstrukci\u00f3val, k\u00f6nnyen sz\u00e9tszedhet\u0151 kialak\u00edt\u00e1ssal, kisz\u00e9lesed\u0151 padl\u00f3lemezzel a pozit\u00edv t\u00e1rkih\u00faz\u00e1shoz, rugalmas rozsdamentes ac\u00e9l rug\u00f3val a korr\u00f3zi\u00f3\u00e1ll\u00f3s\u00e1g\u00e9rt, valamint d\u0151l\u00e9sg\u00e1tl\u00f3, \u00f6nken\u0151 k\u00f6vet\u0151vel a nagyobb megb\u00edzhat\u00f3s\u00e1g \u00e9rdek\u00e9ben.<\/p>\n<h3>Jellemz\u0151k:<\/h3>\n<ul class=\"disc\">\n<li>Colt-spec AR15\/M4 l\u0151fegyverekhez optimaliz\u00e1lva<\/li>\n<li>\u00dct\u00e9s- \u00e9s \u00fct\u00e9s\u00e1ll\u00f3 polimer szerkezet<\/li>\n<li>\u00c1lland\u00f3 g\u00f6rb\u00fclet\u0171 bels\u0151 geometria a sima adagol\u00e1s\u00e9rt<\/li>\n<li>Billen\u00e9sg\u00e1tl\u00f3, \u00f6nken\u0151 nyomk\u00f6vet\u0151 a nagyobb megb\u00edzhat\u00f3s\u00e1g \u00e9rdek\u00e9ben<\/li>\n<li>USGI-spec rozsdamentes ac\u00e9l rug\u00f3 a korr\u00f3zi\u00f3\u00e1ll\u00f3s\u00e1g \u00e9s a terepi kompatibilit\u00e1s \u00e9rdek\u00e9ben<\/li>\n<li>Textur\u00e1lt fog\u00f3fel\u00fclet \u00e9s kisz\u00e9lesed\u0151 padl\u00f3lemez a magazin kezel\u00e9s\u00e9hez \u00e9s a k\u00f6nny\u0171 sz\u00e9tszerel\u00e9shez<\/li>\n<\/ul>\n<\/div>\n<\/div>","protected":false},"excerpt":{"rendered":"<p>DETAILS The PMAG 30 AR\/M4 GEN M2 MOE is a 30-round 5.56&#215;45 NATO (.223 Remington) AR15\/M4 compatible magazine that offers a cost competitive upgrade from the aluminum USGI. It features an impact resistant polymer construction, easy to disassemble design with a flared floorplate for positive magazine extraction, resilient stainless steel spring for corrosion resistance, and [&hellip;]<\/p>","protected":false},"featured_media":3446,"template":"","meta":{"_acf_changed":false,"_joinchat":[]},"product_brand":[],"product_cat":[332,331],"product_tag":[],"class_list":{"0":"post-3441","1":"product","2":"type-product","3":"status-publish","4":"has-post-thumbnail","6":"product_cat-accessories","7":"product_cat-magazines","9":"first","10":"instock","11":"shipping-taxable","12":"purchasable","13":"product-type-simple"},"acf":[],"yoast_head":"<!-- This site is optimized with the Yoast SEO plugin v26.3 - https:\/\/yoast.com\/wordpress\/plugins\/seo\/ -->\n<title>Magpul PMAG M2 MOE .223\/5.56 30 Round Magazine MAG571-BLK - Buy gun online USA<\/title>\n<meta name=\"robots\" content=\"index, follow, max-snippet:-1, max-image-preview:large, max-video-preview:-1\" \/>\n<link rel=\"canonical\" href=\"https:\/\/www.gunmeplug.com\/hu\/termek\/magpul-pmag-m2-moe-223-5-56-30-round-magazine-mag571-blk\/\" \/>\n<meta property=\"og:locale\" content=\"hu_HU\" \/>\n<meta property=\"og:type\" content=\"article\" \/>\n<meta property=\"og:title\" content=\"Magpul PMAG M2 MOE .223\/5.56 30 Round Magazine MAG571-BLK - Buy gun online USA\" \/>\n<meta property=\"og:description\" content=\"DETAILS The PMAG 30 AR\/M4 GEN M2 MOE is a 30-round 5.56&#215;45 NATO (.223 Remington) AR15\/M4 compatible magazine that offers a cost competitive upgrade from the aluminum USGI. It features an impact resistant polymer construction, easy to disassemble design with a flared floorplate for positive magazine extraction, resilient stainless steel spring for corrosion resistance, and [&hellip;]\" \/>\n<meta property=\"og:url\" content=\"https:\/\/www.gunmeplug.com\/hu\/termek\/magpul-pmag-m2-moe-223-5-56-30-round-magazine-mag571-blk\/\" \/>\n<meta property=\"og:site_name\" content=\"Buy gun online USA\" \/>\n<meta property=\"article:modified_time\" content=\"2023-05-04T09:40:57+00:00\" \/>\n<meta property=\"og:image\" content=\"https:\/\/www.gunmeplug.com\/wp-content\/uploads\/2023\/05\/Magpul-PMAG-M2-MOE.jpg\" \/>\n\t<meta property=\"og:image:width\" content=\"600\" \/>\n\t<meta property=\"og:image:height\" content=\"600\" \/>\n\t<meta property=\"og:image:type\" content=\"image\/jpeg\" \/>\n<meta name=\"twitter:card\" content=\"summary_large_image\" \/>\n<meta name=\"twitter:label1\" content=\"Becs\u00fclt olvas\u00e1si id\u0151\" \/>\n\t<meta name=\"twitter:data1\" content=\"1 perc\" \/>\n<script type=\"application\/ld+json\" class=\"yoast-schema-graph\">{\"@context\":\"https:\/\/schema.org\",\"@graph\":[{\"@type\":\"WebPage\",\"@id\":\"https:\/\/www.gunmeplug.com\/es\/producto\/magpul-pmag-m2-moe-223-5-56-30-round-magazine-mag571-blk\/\",\"url\":\"https:\/\/www.gunmeplug.com\/es\/producto\/magpul-pmag-m2-moe-223-5-56-30-round-magazine-mag571-blk\/\",\"name\":\"Magpul PMAG M2 MOE .223\/5.56 30 Round Magazine MAG571-BLK - Buy gun online USA\",\"isPartOf\":{\"@id\":\"https:\/\/www.gunmeplug.com\/#website\"},\"primaryImageOfPage\":{\"@id\":\"https:\/\/www.gunmeplug.com\/es\/producto\/magpul-pmag-m2-moe-223-5-56-30-round-magazine-mag571-blk\/#primaryimage\"},\"image\":{\"@id\":\"https:\/\/www.gunmeplug.com\/es\/producto\/magpul-pmag-m2-moe-223-5-56-30-round-magazine-mag571-blk\/#primaryimage\"},\"thumbnailUrl\":\"https:\/\/www.gunmeplug.com\/wp-content\/uploads\/2023\/05\/Magpul-PMAG-M2-MOE.jpg\",\"datePublished\":\"2023-05-04T08:31:48+00:00\",\"dateModified\":\"2023-05-04T09:40:57+00:00\",\"breadcrumb\":{\"@id\":\"https:\/\/www.gunmeplug.com\/es\/producto\/magpul-pmag-m2-moe-223-5-56-30-round-magazine-mag571-blk\/#breadcrumb\"},\"inLanguage\":\"hu\",\"potentialAction\":[{\"@type\":\"ReadAction\",\"target\":[\"https:\/\/www.gunmeplug.com\/es\/producto\/magpul-pmag-m2-moe-223-5-56-30-round-magazine-mag571-blk\/\"]}]},{\"@type\":\"ImageObject\",\"inLanguage\":\"hu\",\"@id\":\"https:\/\/www.gunmeplug.com\/es\/producto\/magpul-pmag-m2-moe-223-5-56-30-round-magazine-mag571-blk\/#primaryimage\",\"url\":\"https:\/\/www.gunmeplug.com\/wp-content\/uploads\/2023\/05\/Magpul-PMAG-M2-MOE.jpg\",\"contentUrl\":\"https:\/\/www.gunmeplug.com\/wp-content\/uploads\/2023\/05\/Magpul-PMAG-M2-MOE.jpg\",\"width\":600,\"height\":600,\"caption\":\"Magpul-PMAG-M2-MOE\"},{\"@type\":\"BreadcrumbList\",\"@id\":\"https:\/\/www.gunmeplug.com\/es\/producto\/magpul-pmag-m2-moe-223-5-56-30-round-magazine-mag571-blk\/#breadcrumb\",\"itemListElement\":[{\"@type\":\"ListItem\",\"position\":1,\"name\":\"Home\",\"item\":\"https:\/\/www.gunmeplug.com\/es\/\"},{\"@type\":\"ListItem\",\"position\":2,\"name\":\"Shop\",\"item\":\"https:\/\/www.gunmeplug.com\/es\/shop\/\"},{\"@type\":\"ListItem\",\"position\":3,\"name\":\"Magpul PMAG M2 MOE .223\/5.56 30 Round Magazine MAG571-BLK\"}]},{\"@type\":\"WebSite\",\"@id\":\"https:\/\/www.gunmeplug.com\/#website\",\"url\":\"https:\/\/www.gunmeplug.com\/\",\"name\":\"Buy gun online USA\",\"description\":\"FireArms for sale online \",\"potentialAction\":[{\"@type\":\"SearchAction\",\"target\":{\"@type\":\"EntryPoint\",\"urlTemplate\":\"https:\/\/www.gunmeplug.com\/?s={search_term_string}\"},\"query-input\":{\"@type\":\"PropertyValueSpecification\",\"valueRequired\":true,\"valueName\":\"search_term_string\"}}],\"inLanguage\":\"hu\"}]}<\/script>\n<!-- \/ Yoast SEO plugin. -->","yoast_head_json":{"title":"Magpul PMAG M2 MOE .223\/5.56 30 k\u00f6bm\u00e9teres t\u00e1r MAG571-BLK - Fegyver online v\u00e1s\u00e1rl\u00e1s USA-ban","robots":{"index":"index","follow":"follow","max-snippet":"max-snippet:-1","max-image-preview":"max-image-preview:large","max-video-preview":"max-video-preview:-1"},"canonical":"https:\/\/www.gunmeplug.com\/hu\/termek\/magpul-pmag-m2-moe-223-5-56-30-round-magazine-mag571-blk\/","og_locale":"hu_HU","og_type":"article","og_title":"Magpul PMAG M2 MOE .223\/5.56 30 Round Magazine MAG571-BLK - Buy gun online USA","og_description":"DETAILS The PMAG 30 AR\/M4 GEN M2 MOE is a 30-round 5.56&#215;45 NATO (.223 Remington) AR15\/M4 compatible magazine that offers a cost competitive upgrade from the aluminum USGI. It features an impact resistant polymer construction, easy to disassemble design with a flared floorplate for positive magazine extraction, resilient stainless steel spring for corrosion resistance, and [&hellip;]","og_url":"https:\/\/www.gunmeplug.com\/hu\/termek\/magpul-pmag-m2-moe-223-5-56-30-round-magazine-mag571-blk\/","og_site_name":"Buy gun online USA","article_modified_time":"2023-05-04T09:40:57+00:00","og_image":[{"width":600,"height":600,"url":"https:\/\/www.gunmeplug.com\/wp-content\/uploads\/2023\/05\/Magpul-PMAG-M2-MOE.jpg","type":"image\/jpeg"}],"twitter_card":"summary_large_image","twitter_misc":{"Becs\u00fclt olvas\u00e1si id\u0151":"1 perc"},"schema":{"@context":"https:\/\/schema.org","@graph":[{"@type":"WebPage","@id":"https:\/\/www.gunmeplug.com\/es\/producto\/magpul-pmag-m2-moe-223-5-56-30-round-magazine-mag571-blk\/","url":"https:\/\/www.gunmeplug.com\/es\/producto\/magpul-pmag-m2-moe-223-5-56-30-round-magazine-mag571-blk\/","name":"Magpul PMAG M2 MOE .223\/5.56 30 k\u00f6bm\u00e9teres t\u00e1r MAG571-BLK - Fegyver online v\u00e1s\u00e1rl\u00e1s USA-ban","isPartOf":{"@id":"https:\/\/www.gunmeplug.com\/#website"},"primaryImageOfPage":{"@id":"https:\/\/www.gunmeplug.com\/es\/producto\/magpul-pmag-m2-moe-223-5-56-30-round-magazine-mag571-blk\/#primaryimage"},"image":{"@id":"https:\/\/www.gunmeplug.com\/es\/producto\/magpul-pmag-m2-moe-223-5-56-30-round-magazine-mag571-blk\/#primaryimage"},"thumbnailUrl":"https:\/\/www.gunmeplug.com\/wp-content\/uploads\/2023\/05\/Magpul-PMAG-M2-MOE.jpg","datePublished":"2023-05-04T08:31:48+00:00","dateModified":"2023-05-04T09:40:57+00:00","breadcrumb":{"@id":"https:\/\/www.gunmeplug.com\/es\/producto\/magpul-pmag-m2-moe-223-5-56-30-round-magazine-mag571-blk\/#breadcrumb"},"inLanguage":"hu","potentialAction":[{"@type":"ReadAction","target":["https:\/\/www.gunmeplug.com\/es\/producto\/magpul-pmag-m2-moe-223-5-56-30-round-magazine-mag571-blk\/"]}]},{"@type":"ImageObject","inLanguage":"hu","@id":"https:\/\/www.gunmeplug.com\/es\/producto\/magpul-pmag-m2-moe-223-5-56-30-round-magazine-mag571-blk\/#primaryimage","url":"https:\/\/www.gunmeplug.com\/wp-content\/uploads\/2023\/05\/Magpul-PMAG-M2-MOE.jpg","contentUrl":"https:\/\/www.gunmeplug.com\/wp-content\/uploads\/2023\/05\/Magpul-PMAG-M2-MOE.jpg","width":600,"height":600,"caption":"Magpul-PMAG-M2-MOE"},{"@type":"BreadcrumbList","@id":"https:\/\/www.gunmeplug.com\/es\/producto\/magpul-pmag-m2-moe-223-5-56-30-round-magazine-mag571-blk\/#breadcrumb","itemListElement":[{"@type":"ListItem","position":1,"name":"Home","item":"https:\/\/www.gunmeplug.com\/es\/"},{"@type":"ListItem","position":2,"name":"Shop","item":"https:\/\/www.gunmeplug.com\/es\/shop\/"},{"@type":"ListItem","position":3,"name":"Magpul PMAG M2 MOE .223\/5.56 30 Round Magazine MAG571-BLK"}]},{"@type":"WebSite","@id":"https:\/\/www.gunmeplug.com\/#website","url":"https:\/\/www.gunmeplug.com\/","name":"Fegyverv\u00e1s\u00e1rl\u00e1s online USA","description":"Online elad\u00f3 t\u0171zfegyverek","potentialAction":[{"@type":"SearchAction","target":{"@type":"EntryPoint","urlTemplate":"https:\/\/www.gunmeplug.com\/?s={search_term_string}"},"query-input":{"@type":"PropertyValueSpecification","valueRequired":true,"valueName":"search_term_string"}}],"inLanguage":"hu"}]}},"_links":{"self":[{"href":"https:\/\/www.gunmeplug.com\/hu\/wp-json\/wp\/v2\/product\/3441","targetHints":{"allow":["GET"]}}],"collection":[{"href":"https:\/\/www.gunmeplug.com\/hu\/wp-json\/wp\/v2\/product"}],"about":[{"href":"https:\/\/www.gunmeplug.com\/hu\/wp-json\/wp\/v2\/types\/product"}],"wp:featuredmedia":[{"embeddable":true,"href":"https:\/\/www.gunmeplug.com\/hu\/wp-json\/wp\/v2\/media\/3446"}],"wp:attachment":[{"href":"https:\/\/www.gunmeplug.com\/hu\/wp-json\/wp\/v2\/media?parent=3441"}],"wp:term":[{"taxonomy":"product_brand","embeddable":true,"href":"https:\/\/www.gunmeplug.com\/hu\/wp-json\/wp\/v2\/product_brand?post=3441"},{"taxonomy":"product_cat","embeddable":true,"href":"https:\/\/www.gunmeplug.com\/hu\/wp-json\/wp\/v2\/product_cat?post=3441"},{"taxonomy":"product_tag","embeddable":true,"href":"https:\/\/www.gunmeplug.com\/hu\/wp-json\/wp\/v2\/product_tag?post=3441"}],"curies":[{"name":"wp","href":"https:\/\/api.w.org\/{rel}","templated":true}]}}