{"id":3392,"date":"2023-05-03T09:33:44","date_gmt":"2023-05-03T09:33:44","guid":{"rendered":"https:\/\/www.gunmeplug.com\/?post_type=product&#038;p=3392"},"modified":"2023-05-03T10:16:18","modified_gmt":"2023-05-03T10:16:18","slug":"ruger-ar-556-223-5-56-ar-15-30rd-16-1-rifle-8500","status":"publish","type":"product","link":"https:\/\/www.gunmeplug.com\/hu\/termek\/ruger-ar-556-223-5-56-ar-15-30rd-16-1-rifle-8500\/","title":{"rendered":"Ruger AR-556 .223\/5.56 AR-15 30rd 16.1&#8243; Rifle 8500"},"content":{"rendered":"<h3 class=\"tab_content_head\">R\u00c9SZLETEK<\/h3>\n<div class=\"product attribute description\">\n<div class=\"value\">\n<p>Ruger&#8217;s AR-556 semi-automatic rifle is made from froged aerospace-grade 7075-T6 aluminum. The hard coat anodized, flattop upper receiver includes a forward assist, dust cover and brass deflector, while the handguards are made from heat-resistant glass-filled nylon. It has a carbine-length, milled gas block with multiple attachment points for a QD socket, bayonet lug, and sling. Serrations on the angled face of the gas block provides a low-glare surface. The Rapid Deploy folding rear sight provides windage adjustability and the front sight post is elevation adjustable, and includes a front sight tool. The A2-style F-height allows co-witness with many optics. It also has a bolt machined from 9310 alloy steel, single-stage trigger, chrome-plated bolt carrier with a matte black oxide finish on the exterior, and patent pending barrel nut and Delta ring for one person handguard removal and installation. This model has a black six-position buttstock and handguard, and a Magpul PMAG.<\/p>\n<h3>Jellemz\u0151k:<\/h3>\n<ul class=\"disc\">\n<li>Post Front Sight and Ruger\u00ae Rapid Deploy Folding Rear Sight<\/li>\n<li>16.10&#8221;, Medium Contour, Cold Hammer-Forged Barrel with Ruger\u00ae Flash Suppressor<\/li>\n<li>Ergonomikus pisztolymarkolat meghosszabb\u00edtott ravaszny\u00falv\u00e1ny a pontosabb ravaszvez\u00e9rl\u00e9s \u00e9rdek\u00e9ben<\/li>\n<li>Flattop Upper Receiver Features a Forward\u00a0 Assist, Dust Cover and Brass De\ufb02ector<\/li>\n<li>A maratott g\u00e1zblokk t\u00f6bb r\u00f6gz\u00edt\u00e9si ponttal rendelkezik, bele\u00e9rtve a QD foglalatot \u00e9s a bajonettcsapot, sz\u00e1mos heveder \u00e9s tartoz\u00e9k r\u00f6gz\u00edt\u00e9si lehet\u0151s\u00e9ghez<\/li>\n<\/ul>\n<\/div>\n<\/div>","protected":false},"excerpt":{"rendered":"<p>DETAILS Ruger&#8217;s AR-556 semi-automatic rifle is made from froged aerospace-grade 7075-T6 aluminum. The hard coat anodized, flattop upper receiver includes a forward assist, dust cover and brass deflector, while the handguards are made from heat-resistant glass-filled nylon. It has a carbine-length, milled gas block with multiple attachment points for a QD socket, bayonet lug, and [&hellip;]<\/p>","protected":false},"featured_media":3397,"template":"","meta":{"_acf_changed":false,"_joinchat":[]},"product_brand":[],"product_cat":[166],"product_tag":[],"class_list":{"0":"post-3392","1":"product","2":"type-product","3":"status-publish","4":"has-post-thumbnail","6":"product_cat-rifles","8":"first","9":"instock","10":"sale","11":"shipping-taxable","12":"purchasable","13":"product-type-simple"},"acf":[],"yoast_head":"<!-- This site is optimized with the Yoast SEO plugin v26.3 - https:\/\/yoast.com\/wordpress\/plugins\/seo\/ -->\n<title>Ruger AR-556 .223\/5.56 AR-15 30rd 16.1&quot; Rifle 8500 - Buy gun online USA<\/title>\n<meta name=\"robots\" content=\"index, follow, max-snippet:-1, max-image-preview:large, max-video-preview:-1\" \/>\n<link rel=\"canonical\" href=\"https:\/\/www.gunmeplug.com\/hu\/termek\/ruger-ar-556-223-5-56-ar-15-30rd-16-1-rifle-8500\/\" \/>\n<meta property=\"og:locale\" content=\"hu_HU\" \/>\n<meta property=\"og:type\" content=\"article\" \/>\n<meta property=\"og:title\" content=\"Ruger AR-556 .223\/5.56 AR-15 30rd 16.1&quot; Rifle 8500 - Buy gun online USA\" \/>\n<meta property=\"og:description\" content=\"DETAILS Ruger&#8217;s AR-556 semi-automatic rifle is made from froged aerospace-grade 7075-T6 aluminum. The hard coat anodized, flattop upper receiver includes a forward assist, dust cover and brass deflector, while the handguards are made from heat-resistant glass-filled nylon. It has a carbine-length, milled gas block with multiple attachment points for a QD socket, bayonet lug, and [&hellip;]\" \/>\n<meta property=\"og:url\" content=\"https:\/\/www.gunmeplug.com\/hu\/termek\/ruger-ar-556-223-5-56-ar-15-30rd-16-1-rifle-8500\/\" \/>\n<meta property=\"og:site_name\" content=\"Buy gun online USA\" \/>\n<meta property=\"article:modified_time\" content=\"2023-05-03T10:16:18+00:00\" \/>\n<meta property=\"og:image\" content=\"https:\/\/www.gunmeplug.com\/wp-content\/uploads\/2023\/05\/Ruger-AR-556-.22.jpg\" \/>\n\t<meta property=\"og:image:width\" content=\"600\" \/>\n\t<meta property=\"og:image:height\" content=\"600\" \/>\n\t<meta property=\"og:image:type\" content=\"image\/jpeg\" \/>\n<meta name=\"twitter:card\" content=\"summary_large_image\" \/>\n<meta name=\"twitter:label1\" content=\"Becs\u00fclt olvas\u00e1si id\u0151\" \/>\n\t<meta name=\"twitter:data1\" content=\"1 perc\" \/>\n<script type=\"application\/ld+json\" class=\"yoast-schema-graph\">{\"@context\":\"https:\/\/schema.org\",\"@graph\":[{\"@type\":\"WebPage\",\"@id\":\"https:\/\/www.gunmeplug.com\/vi\/san-pham-2\/ruger-ar-556-223-5-56-ar-15-30rd-16-1-rifle-8500\/\",\"url\":\"https:\/\/www.gunmeplug.com\/vi\/san-pham-2\/ruger-ar-556-223-5-56-ar-15-30rd-16-1-rifle-8500\/\",\"name\":\"Ruger AR-556 .223\/5.56 AR-15 30rd 16.1\\\" Rifle 8500 - Buy gun online USA\",\"isPartOf\":{\"@id\":\"https:\/\/www.gunmeplug.com\/#website\"},\"primaryImageOfPage\":{\"@id\":\"https:\/\/www.gunmeplug.com\/vi\/san-pham-2\/ruger-ar-556-223-5-56-ar-15-30rd-16-1-rifle-8500\/#primaryimage\"},\"image\":{\"@id\":\"https:\/\/www.gunmeplug.com\/vi\/san-pham-2\/ruger-ar-556-223-5-56-ar-15-30rd-16-1-rifle-8500\/#primaryimage\"},\"thumbnailUrl\":\"https:\/\/www.gunmeplug.com\/wp-content\/uploads\/2023\/05\/Ruger-AR-556-.22.jpg\",\"datePublished\":\"2023-05-03T09:33:44+00:00\",\"dateModified\":\"2023-05-03T10:16:18+00:00\",\"breadcrumb\":{\"@id\":\"https:\/\/www.gunmeplug.com\/vi\/san-pham-2\/ruger-ar-556-223-5-56-ar-15-30rd-16-1-rifle-8500\/#breadcrumb\"},\"inLanguage\":\"hu\",\"potentialAction\":[{\"@type\":\"ReadAction\",\"target\":[\"https:\/\/www.gunmeplug.com\/vi\/san-pham-2\/ruger-ar-556-223-5-56-ar-15-30rd-16-1-rifle-8500\/\"]}]},{\"@type\":\"ImageObject\",\"inLanguage\":\"hu\",\"@id\":\"https:\/\/www.gunmeplug.com\/vi\/san-pham-2\/ruger-ar-556-223-5-56-ar-15-30rd-16-1-rifle-8500\/#primaryimage\",\"url\":\"https:\/\/www.gunmeplug.com\/wp-content\/uploads\/2023\/05\/Ruger-AR-556-.22.jpg\",\"contentUrl\":\"https:\/\/www.gunmeplug.com\/wp-content\/uploads\/2023\/05\/Ruger-AR-556-.22.jpg\",\"width\":600,\"height\":600,\"caption\":\"Ruger-AR-556-.22\"},{\"@type\":\"BreadcrumbList\",\"@id\":\"https:\/\/www.gunmeplug.com\/vi\/san-pham-2\/ruger-ar-556-223-5-56-ar-15-30rd-16-1-rifle-8500\/#breadcrumb\",\"itemListElement\":[{\"@type\":\"ListItem\",\"position\":1,\"name\":\"Home\",\"item\":\"https:\/\/www.gunmeplug.com\/es\/\"},{\"@type\":\"ListItem\",\"position\":2,\"name\":\"Shop\",\"item\":\"https:\/\/www.gunmeplug.com\/es\/shop\/\"},{\"@type\":\"ListItem\",\"position\":3,\"name\":\"Ruger AR-556 .223\/5.56 AR-15 30rd 16.1&#8243; Rifle 8500\"}]},{\"@type\":\"WebSite\",\"@id\":\"https:\/\/www.gunmeplug.com\/#website\",\"url\":\"https:\/\/www.gunmeplug.com\/\",\"name\":\"Buy gun online USA\",\"description\":\"FireArms for sale online \",\"potentialAction\":[{\"@type\":\"SearchAction\",\"target\":{\"@type\":\"EntryPoint\",\"urlTemplate\":\"https:\/\/www.gunmeplug.com\/?s={search_term_string}\"},\"query-input\":{\"@type\":\"PropertyValueSpecification\",\"valueRequired\":true,\"valueName\":\"search_term_string\"}}],\"inLanguage\":\"hu\"}]}<\/script>\n<!-- \/ Yoast SEO plugin. -->","yoast_head_json":{"title":"Ruger AR-556 .223\/5.56 AR-15 30rd 16.1\" Rifle 8500 - Fegyver v\u00e1s\u00e1rl\u00e1s online USA-ban","robots":{"index":"index","follow":"follow","max-snippet":"max-snippet:-1","max-image-preview":"max-image-preview:large","max-video-preview":"max-video-preview:-1"},"canonical":"https:\/\/www.gunmeplug.com\/hu\/termek\/ruger-ar-556-223-5-56-ar-15-30rd-16-1-rifle-8500\/","og_locale":"hu_HU","og_type":"article","og_title":"Ruger AR-556 .223\/5.56 AR-15 30rd 16.1\" Rifle 8500 - Buy gun online USA","og_description":"DETAILS Ruger&#8217;s AR-556 semi-automatic rifle is made from froged aerospace-grade 7075-T6 aluminum. The hard coat anodized, flattop upper receiver includes a forward assist, dust cover and brass deflector, while the handguards are made from heat-resistant glass-filled nylon. It has a carbine-length, milled gas block with multiple attachment points for a QD socket, bayonet lug, and [&hellip;]","og_url":"https:\/\/www.gunmeplug.com\/hu\/termek\/ruger-ar-556-223-5-56-ar-15-30rd-16-1-rifle-8500\/","og_site_name":"Buy gun online USA","article_modified_time":"2023-05-03T10:16:18+00:00","og_image":[{"width":600,"height":600,"url":"https:\/\/www.gunmeplug.com\/wp-content\/uploads\/2023\/05\/Ruger-AR-556-.22.jpg","type":"image\/jpeg"}],"twitter_card":"summary_large_image","twitter_misc":{"Becs\u00fclt olvas\u00e1si id\u0151":"1 perc"},"schema":{"@context":"https:\/\/schema.org","@graph":[{"@type":"WebPage","@id":"https:\/\/www.gunmeplug.com\/vi\/san-pham-2\/ruger-ar-556-223-5-56-ar-15-30rd-16-1-rifle-8500\/","url":"https:\/\/www.gunmeplug.com\/vi\/san-pham-2\/ruger-ar-556-223-5-56-ar-15-30rd-16-1-rifle-8500\/","name":"Ruger AR-556 .223\/5.56 AR-15 30rd 16.1\" Rifle 8500 - Fegyver v\u00e1s\u00e1rl\u00e1s online USA-ban","isPartOf":{"@id":"https:\/\/www.gunmeplug.com\/#website"},"primaryImageOfPage":{"@id":"https:\/\/www.gunmeplug.com\/vi\/san-pham-2\/ruger-ar-556-223-5-56-ar-15-30rd-16-1-rifle-8500\/#primaryimage"},"image":{"@id":"https:\/\/www.gunmeplug.com\/vi\/san-pham-2\/ruger-ar-556-223-5-56-ar-15-30rd-16-1-rifle-8500\/#primaryimage"},"thumbnailUrl":"https:\/\/www.gunmeplug.com\/wp-content\/uploads\/2023\/05\/Ruger-AR-556-.22.jpg","datePublished":"2023-05-03T09:33:44+00:00","dateModified":"2023-05-03T10:16:18+00:00","breadcrumb":{"@id":"https:\/\/www.gunmeplug.com\/vi\/san-pham-2\/ruger-ar-556-223-5-56-ar-15-30rd-16-1-rifle-8500\/#breadcrumb"},"inLanguage":"hu","potentialAction":[{"@type":"ReadAction","target":["https:\/\/www.gunmeplug.com\/vi\/san-pham-2\/ruger-ar-556-223-5-56-ar-15-30rd-16-1-rifle-8500\/"]}]},{"@type":"ImageObject","inLanguage":"hu","@id":"https:\/\/www.gunmeplug.com\/vi\/san-pham-2\/ruger-ar-556-223-5-56-ar-15-30rd-16-1-rifle-8500\/#primaryimage","url":"https:\/\/www.gunmeplug.com\/wp-content\/uploads\/2023\/05\/Ruger-AR-556-.22.jpg","contentUrl":"https:\/\/www.gunmeplug.com\/wp-content\/uploads\/2023\/05\/Ruger-AR-556-.22.jpg","width":600,"height":600,"caption":"Ruger-AR-556-.22"},{"@type":"BreadcrumbList","@id":"https:\/\/www.gunmeplug.com\/vi\/san-pham-2\/ruger-ar-556-223-5-56-ar-15-30rd-16-1-rifle-8500\/#breadcrumb","itemListElement":[{"@type":"ListItem","position":1,"name":"Home","item":"https:\/\/www.gunmeplug.com\/es\/"},{"@type":"ListItem","position":2,"name":"Shop","item":"https:\/\/www.gunmeplug.com\/es\/shop\/"},{"@type":"ListItem","position":3,"name":"Ruger AR-556 .223\/5.56 AR-15 30rd 16.1&#8243; Rifle 8500"}]},{"@type":"WebSite","@id":"https:\/\/www.gunmeplug.com\/#website","url":"https:\/\/www.gunmeplug.com\/","name":"Fegyverv\u00e1s\u00e1rl\u00e1s online USA","description":"Online elad\u00f3 t\u0171zfegyverek","potentialAction":[{"@type":"SearchAction","target":{"@type":"EntryPoint","urlTemplate":"https:\/\/www.gunmeplug.com\/?s={search_term_string}"},"query-input":{"@type":"PropertyValueSpecification","valueRequired":true,"valueName":"search_term_string"}}],"inLanguage":"hu"}]}},"_links":{"self":[{"href":"https:\/\/www.gunmeplug.com\/hu\/wp-json\/wp\/v2\/product\/3392","targetHints":{"allow":["GET"]}}],"collection":[{"href":"https:\/\/www.gunmeplug.com\/hu\/wp-json\/wp\/v2\/product"}],"about":[{"href":"https:\/\/www.gunmeplug.com\/hu\/wp-json\/wp\/v2\/types\/product"}],"wp:featuredmedia":[{"embeddable":true,"href":"https:\/\/www.gunmeplug.com\/hu\/wp-json\/wp\/v2\/media\/3397"}],"wp:attachment":[{"href":"https:\/\/www.gunmeplug.com\/hu\/wp-json\/wp\/v2\/media?parent=3392"}],"wp:term":[{"taxonomy":"product_brand","embeddable":true,"href":"https:\/\/www.gunmeplug.com\/hu\/wp-json\/wp\/v2\/product_brand?post=3392"},{"taxonomy":"product_cat","embeddable":true,"href":"https:\/\/www.gunmeplug.com\/hu\/wp-json\/wp\/v2\/product_cat?post=3392"},{"taxonomy":"product_tag","embeddable":true,"href":"https:\/\/www.gunmeplug.com\/hu\/wp-json\/wp\/v2\/product_tag?post=3392"}],"curies":[{"name":"wp","href":"https:\/\/api.w.org\/{rel}","templated":true}]}}