{"id":3382,"date":"2023-05-03T09:18:58","date_gmt":"2023-05-03T09:18:58","guid":{"rendered":"https:\/\/www.gunmeplug.com\/?post_type=product&#038;p=3382"},"modified":"2023-05-03T10:14:02","modified_gmt":"2023-05-03T10:14:02","slug":"heritage-rough-rider-small-bore-22-lr-single-action-revolver-rr22b4","status":"publish","type":"product","link":"https:\/\/www.gunmeplug.com\/hu\/termek\/heritage-rough-rider-small-bore-22-lr-single-action-revolver-rr22b4\/","title":{"rendered":"Heritage Rough Rider Small Bore .22 LR Single Action revolver RR22B4"},"content":{"rendered":"<h3 class=\"tab_content_head\">R\u00c9SZLETEK<\/h3>\n<div class=\"product attribute description\">\n<div class=\"value\">\n<p>IL, HI vagy MN NEM ELAD\u00d3.<\/p>\n<p>Born of the traditions of the Old West, the Rough Rider maintains much of the look and feel of the legendary Single Action Army revolver, only in a scaled down version. Chambered for the .22LR\u00a0cartridge, the Rough Rider is manufactured using state-of-the-art precision machinery that assures its accuracy and reliability. The cylinder lock-up is tight and the perfect timing of the action makes for a handgun that will put its shots where you want &#8217;em.<\/p>\n<p>A megmunk\u00e1lt cs\u0151 mikromenettel van ell\u00e1tva, \u00e9s a keretbe van beillesztve az optim\u00e1lis hord\u00f3\/hengerr\u00e9s \u00e9rdek\u00e9ben, hogy maxim\u00e1lis l\u0151szerteljes\u00edtm\u00e9nyt ny\u00fajtson. A visszar\u00fag\u00e1s-pajzsba szerelt kalap\u00e1csblokk extra v\u00e9delmet ny\u00fajt, \u00e9s egy piros pont jelz\u0151vel rendelkezik, amely jelzi, ha a fegyver k\u00e9szen \u00e1ll a bevet\u00e9sre. Az \u00faj, autentikusabb megjelen\u00e9s\u0171 lapos oldal\u00fa kalap\u00e1cs \u00faj egzotikus cocobolo markolattal p\u00e1ros\u00edtva teszi a Rough Ridert funkcion\u00e1liss\u00e1 \u00e9s j\u00f3k\u00e9p\u0171v\u00e9. M\u00e1s markolatanyagok is el\u00e9rhet\u0151k, valamint a kivitelez\u00e9si lehet\u0151s\u00e9gek k\u00f6z\u00e9 tartozik a vonz\u00f3 \u00e9s tart\u00f3s Smooth Silver Satin. Amikor a Rough Riderr\u0151l van sz\u00f3, nincsenek parancsikonok!<\/p>\n<p>Ide\u00e1lis vad\u00e1szathoz, plinkinghez vagy western-akci\u00f3 l\u00f6v\u00f6ld\u00f6z\u00e9shez, legyen a Rough Rider az \u00d6n v\u00e1laszt\u00e1sa egy \u00faj peremt\u00fczel\u0151 revolverben.<\/p>\n<h3>Jellemz\u0151k:<\/h3>\n<ul class=\"disc\">\n<li>A Rifling Twist hossza: 1 fordul\u00e1s 14 h\u00fcvelyk RH-ban<\/li>\n<li>Hord\u00f3 anyaga: 1215 ac\u00e9l<\/li>\n<li>Keret anyaga: alum\u00ednium \u00f6tv\u00f6zet<\/li>\n<li>Hengerek anyaga: 12L14 ac\u00e9l<\/li>\n<li>Cocobolo markolat<\/li>\n<\/ul>\n<\/div>\n<\/div>","protected":false},"excerpt":{"rendered":"<p>DETAILS NOT FOR SALE IN IL, HI or MN. Born of the traditions of the Old West, the Rough Rider maintains much of the look and feel of the legendary Single Action Army revolver, only in a scaled down version. Chambered for the .22LR\u00a0cartridge, the Rough Rider is manufactured using state-of-the-art precision machinery that assures [&hellip;]<\/p>","protected":false},"featured_media":3389,"template":"","meta":{"_acf_changed":false,"_joinchat":[]},"product_brand":[],"product_cat":[130],"product_tag":[],"class_list":{"0":"post-3382","1":"product","2":"type-product","3":"status-publish","4":"has-post-thumbnail","6":"product_cat-handguns","8":"first","9":"instock","10":"sale","11":"shipping-taxable","12":"purchasable","13":"product-type-simple"},"acf":[],"yoast_head":"<!-- This site is optimized with the Yoast SEO plugin v26.3 - https:\/\/yoast.com\/wordpress\/plugins\/seo\/ -->\n<title>Heritage Rough Rider Small Bore .22 LR Single Action Revolver RR22B4 - Buy gun online USA<\/title>\n<meta name=\"robots\" content=\"index, follow, max-snippet:-1, max-image-preview:large, max-video-preview:-1\" \/>\n<link rel=\"canonical\" href=\"https:\/\/www.gunmeplug.com\/hu\/termek\/heritage-rough-rider-small-bore-22-lr-single-action-revolver-rr22b4\/\" \/>\n<meta property=\"og:locale\" content=\"hu_HU\" \/>\n<meta property=\"og:type\" content=\"article\" \/>\n<meta property=\"og:title\" content=\"Heritage Rough Rider Small Bore .22 LR Single Action Revolver RR22B4 - Buy gun online USA\" \/>\n<meta property=\"og:description\" content=\"DETAILS NOT FOR SALE IN IL, HI or MN. Born of the traditions of the Old West, the Rough Rider maintains much of the look and feel of the legendary Single Action Army revolver, only in a scaled down version. Chambered for the .22LR\u00a0cartridge, the Rough Rider is manufactured using state-of-the-art precision machinery that assures [&hellip;]\" \/>\n<meta property=\"og:url\" content=\"https:\/\/www.gunmeplug.com\/hu\/termek\/heritage-rough-rider-small-bore-22-lr-single-action-revolver-rr22b4\/\" \/>\n<meta property=\"og:site_name\" content=\"Buy gun online USA\" \/>\n<meta property=\"article:modified_time\" content=\"2023-05-03T10:14:02+00:00\" \/>\n<meta property=\"og:image\" content=\"https:\/\/www.gunmeplug.com\/wp-content\/uploads\/2023\/05\/Heritage-Rough-Rider-Small-Bore-.22-1.jpg\" \/>\n\t<meta property=\"og:image:width\" content=\"600\" \/>\n\t<meta property=\"og:image:height\" content=\"600\" \/>\n\t<meta property=\"og:image:type\" content=\"image\/jpeg\" \/>\n<meta name=\"twitter:card\" content=\"summary_large_image\" \/>\n<meta name=\"twitter:label1\" content=\"Becs\u00fclt olvas\u00e1si id\u0151\" \/>\n\t<meta name=\"twitter:data1\" content=\"1 perc\" \/>\n<script type=\"application\/ld+json\" class=\"yoast-schema-graph\">{\"@context\":\"https:\/\/schema.org\",\"@graph\":[{\"@type\":\"WebPage\",\"@id\":\"https:\/\/www.gunmeplug.com\/pt\/produto\/heritage-rough-rider-small-bore-22-lr-single-action-revolver-rr22b4\/\",\"url\":\"https:\/\/www.gunmeplug.com\/pt\/produto\/heritage-rough-rider-small-bore-22-lr-single-action-revolver-rr22b4\/\",\"name\":\"Heritage Rough Rider Small Bore .22 LR Single Action Revolver RR22B4 - Buy gun online USA\",\"isPartOf\":{\"@id\":\"https:\/\/www.gunmeplug.com\/#website\"},\"primaryImageOfPage\":{\"@id\":\"https:\/\/www.gunmeplug.com\/pt\/produto\/heritage-rough-rider-small-bore-22-lr-single-action-revolver-rr22b4\/#primaryimage\"},\"image\":{\"@id\":\"https:\/\/www.gunmeplug.com\/pt\/produto\/heritage-rough-rider-small-bore-22-lr-single-action-revolver-rr22b4\/#primaryimage\"},\"thumbnailUrl\":\"https:\/\/www.gunmeplug.com\/wp-content\/uploads\/2023\/05\/Heritage-Rough-Rider-Small-Bore-.22-1.jpg\",\"datePublished\":\"2023-05-03T09:18:58+00:00\",\"dateModified\":\"2023-05-03T10:14:02+00:00\",\"breadcrumb\":{\"@id\":\"https:\/\/www.gunmeplug.com\/pt\/produto\/heritage-rough-rider-small-bore-22-lr-single-action-revolver-rr22b4\/#breadcrumb\"},\"inLanguage\":\"hu\",\"potentialAction\":[{\"@type\":\"ReadAction\",\"target\":[\"https:\/\/www.gunmeplug.com\/pt\/produto\/heritage-rough-rider-small-bore-22-lr-single-action-revolver-rr22b4\/\"]}]},{\"@type\":\"ImageObject\",\"inLanguage\":\"hu\",\"@id\":\"https:\/\/www.gunmeplug.com\/pt\/produto\/heritage-rough-rider-small-bore-22-lr-single-action-revolver-rr22b4\/#primaryimage\",\"url\":\"https:\/\/www.gunmeplug.com\/wp-content\/uploads\/2023\/05\/Heritage-Rough-Rider-Small-Bore-.22-1.jpg\",\"contentUrl\":\"https:\/\/www.gunmeplug.com\/wp-content\/uploads\/2023\/05\/Heritage-Rough-Rider-Small-Bore-.22-1.jpg\",\"width\":600,\"height\":600,\"caption\":\"Heritage-Rough-Rider-Small-Bore-.22\"},{\"@type\":\"BreadcrumbList\",\"@id\":\"https:\/\/www.gunmeplug.com\/pt\/produto\/heritage-rough-rider-small-bore-22-lr-single-action-revolver-rr22b4\/#breadcrumb\",\"itemListElement\":[{\"@type\":\"ListItem\",\"position\":1,\"name\":\"Home\",\"item\":\"https:\/\/www.gunmeplug.com\/es\/\"},{\"@type\":\"ListItem\",\"position\":2,\"name\":\"Shop\",\"item\":\"https:\/\/www.gunmeplug.com\/es\/shop\/\"},{\"@type\":\"ListItem\",\"position\":3,\"name\":\"Heritage Rough Rider Small Bore .22 LR Single Action Revolver RR22B4\"}]},{\"@type\":\"WebSite\",\"@id\":\"https:\/\/www.gunmeplug.com\/#website\",\"url\":\"https:\/\/www.gunmeplug.com\/\",\"name\":\"Buy gun online USA\",\"description\":\"FireArms for sale online \",\"potentialAction\":[{\"@type\":\"SearchAction\",\"target\":{\"@type\":\"EntryPoint\",\"urlTemplate\":\"https:\/\/www.gunmeplug.com\/?s={search_term_string}\"},\"query-input\":{\"@type\":\"PropertyValueSpecification\",\"valueRequired\":true,\"valueName\":\"search_term_string\"}}],\"inLanguage\":\"hu\"}]}<\/script>\n<!-- \/ Yoast SEO plugin. -->","yoast_head_json":{"title":"Heritage Rough Rider Small Bore .22 LR Single Action Revolver RR22B4 - Fegyver online v\u00e1s\u00e1rl\u00e1s USA-ban","robots":{"index":"index","follow":"follow","max-snippet":"max-snippet:-1","max-image-preview":"max-image-preview:large","max-video-preview":"max-video-preview:-1"},"canonical":"https:\/\/www.gunmeplug.com\/hu\/termek\/heritage-rough-rider-small-bore-22-lr-single-action-revolver-rr22b4\/","og_locale":"hu_HU","og_type":"article","og_title":"Heritage Rough Rider Small Bore .22 LR Single Action Revolver RR22B4 - Buy gun online USA","og_description":"DETAILS NOT FOR SALE IN IL, HI or MN. Born of the traditions of the Old West, the Rough Rider maintains much of the look and feel of the legendary Single Action Army revolver, only in a scaled down version. Chambered for the .22LR\u00a0cartridge, the Rough Rider is manufactured using state-of-the-art precision machinery that assures [&hellip;]","og_url":"https:\/\/www.gunmeplug.com\/hu\/termek\/heritage-rough-rider-small-bore-22-lr-single-action-revolver-rr22b4\/","og_site_name":"Buy gun online USA","article_modified_time":"2023-05-03T10:14:02+00:00","og_image":[{"width":600,"height":600,"url":"https:\/\/www.gunmeplug.com\/wp-content\/uploads\/2023\/05\/Heritage-Rough-Rider-Small-Bore-.22-1.jpg","type":"image\/jpeg"}],"twitter_card":"summary_large_image","twitter_misc":{"Becs\u00fclt olvas\u00e1si id\u0151":"1 perc"},"schema":{"@context":"https:\/\/schema.org","@graph":[{"@type":"WebPage","@id":"https:\/\/www.gunmeplug.com\/pt\/produto\/heritage-rough-rider-small-bore-22-lr-single-action-revolver-rr22b4\/","url":"https:\/\/www.gunmeplug.com\/pt\/produto\/heritage-rough-rider-small-bore-22-lr-single-action-revolver-rr22b4\/","name":"Heritage Rough Rider Small Bore .22 LR Single Action Revolver RR22B4 - Fegyver online v\u00e1s\u00e1rl\u00e1s USA-ban","isPartOf":{"@id":"https:\/\/www.gunmeplug.com\/#website"},"primaryImageOfPage":{"@id":"https:\/\/www.gunmeplug.com\/pt\/produto\/heritage-rough-rider-small-bore-22-lr-single-action-revolver-rr22b4\/#primaryimage"},"image":{"@id":"https:\/\/www.gunmeplug.com\/pt\/produto\/heritage-rough-rider-small-bore-22-lr-single-action-revolver-rr22b4\/#primaryimage"},"thumbnailUrl":"https:\/\/www.gunmeplug.com\/wp-content\/uploads\/2023\/05\/Heritage-Rough-Rider-Small-Bore-.22-1.jpg","datePublished":"2023-05-03T09:18:58+00:00","dateModified":"2023-05-03T10:14:02+00:00","breadcrumb":{"@id":"https:\/\/www.gunmeplug.com\/pt\/produto\/heritage-rough-rider-small-bore-22-lr-single-action-revolver-rr22b4\/#breadcrumb"},"inLanguage":"hu","potentialAction":[{"@type":"ReadAction","target":["https:\/\/www.gunmeplug.com\/pt\/produto\/heritage-rough-rider-small-bore-22-lr-single-action-revolver-rr22b4\/"]}]},{"@type":"ImageObject","inLanguage":"hu","@id":"https:\/\/www.gunmeplug.com\/pt\/produto\/heritage-rough-rider-small-bore-22-lr-single-action-revolver-rr22b4\/#primaryimage","url":"https:\/\/www.gunmeplug.com\/wp-content\/uploads\/2023\/05\/Heritage-Rough-Rider-Small-Bore-.22-1.jpg","contentUrl":"https:\/\/www.gunmeplug.com\/wp-content\/uploads\/2023\/05\/Heritage-Rough-Rider-Small-Bore-.22-1.jpg","width":600,"height":600,"caption":"Heritage-Rough-Rider-Small-Bore-.22"},{"@type":"BreadcrumbList","@id":"https:\/\/www.gunmeplug.com\/pt\/produto\/heritage-rough-rider-small-bore-22-lr-single-action-revolver-rr22b4\/#breadcrumb","itemListElement":[{"@type":"ListItem","position":1,"name":"Home","item":"https:\/\/www.gunmeplug.com\/es\/"},{"@type":"ListItem","position":2,"name":"Shop","item":"https:\/\/www.gunmeplug.com\/es\/shop\/"},{"@type":"ListItem","position":3,"name":"Heritage Rough Rider Small Bore .22 LR Single Action Revolver RR22B4"}]},{"@type":"WebSite","@id":"https:\/\/www.gunmeplug.com\/#website","url":"https:\/\/www.gunmeplug.com\/","name":"Fegyverv\u00e1s\u00e1rl\u00e1s online USA","description":"Online elad\u00f3 t\u0171zfegyverek","potentialAction":[{"@type":"SearchAction","target":{"@type":"EntryPoint","urlTemplate":"https:\/\/www.gunmeplug.com\/?s={search_term_string}"},"query-input":{"@type":"PropertyValueSpecification","valueRequired":true,"valueName":"search_term_string"}}],"inLanguage":"hu"}]}},"_links":{"self":[{"href":"https:\/\/www.gunmeplug.com\/hu\/wp-json\/wp\/v2\/product\/3382","targetHints":{"allow":["GET"]}}],"collection":[{"href":"https:\/\/www.gunmeplug.com\/hu\/wp-json\/wp\/v2\/product"}],"about":[{"href":"https:\/\/www.gunmeplug.com\/hu\/wp-json\/wp\/v2\/types\/product"}],"wp:featuredmedia":[{"embeddable":true,"href":"https:\/\/www.gunmeplug.com\/hu\/wp-json\/wp\/v2\/media\/3389"}],"wp:attachment":[{"href":"https:\/\/www.gunmeplug.com\/hu\/wp-json\/wp\/v2\/media?parent=3382"}],"wp:term":[{"taxonomy":"product_brand","embeddable":true,"href":"https:\/\/www.gunmeplug.com\/hu\/wp-json\/wp\/v2\/product_brand?post=3382"},{"taxonomy":"product_cat","embeddable":true,"href":"https:\/\/www.gunmeplug.com\/hu\/wp-json\/wp\/v2\/product_cat?post=3382"},{"taxonomy":"product_tag","embeddable":true,"href":"https:\/\/www.gunmeplug.com\/hu\/wp-json\/wp\/v2\/product_tag?post=3382"}],"curies":[{"name":"wp","href":"https:\/\/api.w.org\/{rel}","templated":true}]}}